{"id":3430,"date":"2016-07-18T10:23:37","date_gmt":"2016-07-18T10:23:37","guid":{"rendered":"https:\/\/www.lopezgil.com\/lip-remodeling-barcelona\/"},"modified":"2019-12-10T12:20:32","modified_gmt":"2019-12-10T12:20:32","slug":"remodelage-labiale-barcelona","status":"publish","type":"page","link":"https:\/\/www.lopezgil.com\/fr\/traitements\/rajeunissement-facial-et-resurfacing-barcelona\/remodelage-labiale-barcelona\/","title":{"rendered":"Remodelage labiale"},"content":{"rendered":"<div id=\"fb-root\"><\/div>\n<p style=\"text-align: justify;\">[vc_row][vc_column][vc_row_inner][vc_column_inner]<script type=\"text\/javascript\">jQuery(function() { _initLayerSlider( '#layerslider_89_1tzhepb56u6j5', {sliderVersion: '', responsiveUnder: 0, layersContainer: 0, hideUnder: 0, hideOver: 100000, pauseOnHover: 1, skin: 'v5', sliderFadeInDuration: 350, useSrcset: true, skinsPath: 'https:\/\/www.lopezgil.com\/wp-content\/plugins\/LayerSlider\/assets\/static\/layerslider\/skins\/', type: 'responsive', showCircleTimer: false, performanceMode: true}); });<\/script><div id=\"layerslider_89_1tzhepb56u6j5\" class=\"ls-wp-container fitvidsignore\" style=\"width:600px;height:200px;margin:0 auto;margin-bottom: 0px;\"><div class=\"ls-slide\" data-ls=\"duration:4000;\"><img loading=\"lazy\" decoding=\"async\" width=\"600\" height=\"200\" src=\"https:\/\/www.lopezgil.com\/wp-content\/uploads\/drlopezgil-dermatologia-barcelona-600x200-remodelacion-labial-volumen-labios-rejuvenecimiento-tratamientos-estetica.jpg\" class=\"ls-bg\" alt=\"dr-lopez-gil-dermatologia-barcelona-remodelacion-labial-volumen-labios-rejuvenecimiento-tratamientos-estetica-clinica-dermatologo\" srcset=\"https:\/\/www.lopezgil.com\/wp-content\/uploads\/drlopezgil-dermatologia-barcelona-600x200-remodelacion-labial-volumen-labios-rejuvenecimiento-tratamientos-estetica.jpg 600w, https:\/\/www.lopezgil.com\/wp-content\/uploads\/drlopezgil-dermatologia-barcelona-600x200-remodelacion-labial-volumen-labios-rejuvenecimiento-tratamientos-estetica-300x100.jpg 300w\" sizes=\"auto, (max-width: 600px) 100vw, 600px\" \/><\/div><\/div>[\/vc_column_inner][\/vc_row_inner][\/vc_column][\/vc_row][vc_row][vc_column width=&#8221;3\/4&#8243; css=&#8221;.vc_custom_1473066092346{margin-top: 0px !important;}&#8221;][vc_column_text css=&#8221;.vc_custom_1473066053815{margin-top: 0px !important;}&#8221;]\n<p style=\"text-align: justify;\">Au fil du temps, nos l\u00e8vres ont tendance \u00e0 devenir plus minces ou de pr\u00e9senter des imperfections\/asym\u00e9tries. Il est, \u00e0 ce moment, quand il est recommand\u00e9 appliquer des infiltrations d&#8217;acide hyaluronique par un sp\u00e9cialiste pour r\u00e9cup\u00e9rer le volume des l\u00e8vres et \u00e9liminer les imperfections sans rompre l&#8217;harmonie de la l\u00e8vre et l&#8217;aspect caract\u00e9ristique de leur peau.<\/p>\n<h2 style=\"text-align: justify;\"><span style=\"color: #75c9d3;\"><strong>Traitement<\/strong><\/span><\/h2>\n<p style=\"text-align: justify;\">Le grand avantage des infiltrations d&#8217;acide hyaluronique par rapport \u00e0 d&#8217;autres techniques est que nous obtenons des r\u00e9sultats tr\u00e8s naturels et satisfaisants, avec un effet temporaire.<\/p>\n<p style=\"text-align: justify;\">Le but de cette proc\u00e9dure est d&#8217;am\u00e9liorer et de remplir les l\u00e8vres pour obtenir une augmentation de la structure des l\u00e8vres, ainsi que des l\u00e8vres plus charnues et avec relief et une hydratation permanente.<\/p>\n<p style=\"text-align: justify;\">La proc\u00e9dure d&#8217;infiltration de l&#8217;acide hyaluronique est effectu\u00e9e par un sp\u00e9cialiste par micro-injections et sa dur\u00e9e est habituellement de 15 minutes. Nous recommandons d&#8217;appliquer une anesth\u00e9sie topique (30 minutes avant le traitement) ou une anesth\u00e9sie \u00e0 bloc nerveux du tronc pour minimiser tout malaise possible pour le patient.<\/p>\n<p style=\"text-align: justify;\">Les r\u00e9sultats sont visibles au bout de 3-4 semaines de la premi\u00e8re application et la dur\u00e9e de l&#8217;effet est comprise entre 6 et 9 mois. Habituellement, deux sessions sont requises dans 15 jours, bien que si la l\u00e8vre est naturellement tr\u00e8s fine, apr\u00e8s la premi\u00e8re session, le changement est d\u00e9j\u00e0 \u00e9vident.<\/p>\n<p class=\"p1\" style=\"text-align: justify;\"><span class=\"s1\">Pour plus d\u2019informations: cliquez\u00a0<a href=\"https:\/\/www.lopezgil.com\/fr\/dermatologie-esthetique-barcelona\/volume-des-levres\/\"><span class=\"s2\">ici<\/span><\/a><\/span><\/p>\n","protected":false},"excerpt":{"rendered":"<p>[vc_row][vc_column][vc_row_inner][vc_column_inner][\/vc_column_inner][\/vc_row_inner][\/vc_column][\/vc_row][vc_row][vc_column width=&#8221;3\/4&#8243; css=&#8221;.vc_custom_1473066092346{margin-top: 0px !important;}&#8221;][vc_column_text css=&#8221;.vc_custom_1473066053815{margin-top: 0px !important;}&#8221;] Au fil du temps, nos l\u00e8vres ont tendance \u00e0 devenir plus minces ou de pr\u00e9senter des imperfections\/asym\u00e9tries. Il est, \u00e0 ce moment, quand il est recommand\u00e9 appliquer des infiltrations d&#8217;acide hyaluronique par un sp\u00e9cialiste pour r\u00e9cup\u00e9rer le volume des l\u00e8vres et \u00e9liminer les imperfections sans rompre l&#8217;harmonie [&hellip;]<\/p>\n","protected":false},"author":5,"featured_media":0,"parent":3434,"menu_order":0,"comment_status":"closed","ping_status":"closed","template":"soulmedic\/tpl-feature.php","meta":{"footnotes":""},"class_list":["post-3430","page","type-page","status-publish","hentry"],"yoast_head":"<!-- This site is optimized with the Yoast SEO plugin v19.12 - https:\/\/yoast.com\/wordpress\/plugins\/seo\/ -->\n<title>Remodelage labiale | Dr. Lopez Gil | Clinique esth\u00e9tique Teknon Barcelona<\/title>\n<meta name=\"description\" content=\"Clinique esth\u00e9tique dermatologique avec la technologie la plus avanc\u00e9e en mati\u00e8re d&#039;augmentation et de remodelage des l\u00e8vres. Clinique Teknon, Barcelone.\" \/>\n<meta name=\"robots\" content=\"index, follow, max-snippet:-1, max-image-preview:large, max-video-preview:-1\" \/>\n<link rel=\"canonical\" href=\"https:\/\/www.lopezgil.com\/fr\/traitements\/rajeunissement-facial-et-resurfacing-barcelona\/remodelage-labiale-barcelona\/\" \/>\n<meta property=\"og:locale\" content=\"fr_FR\" \/>\n<meta property=\"og:type\" content=\"article\" \/>\n<meta property=\"og:title\" content=\"Remodelage labiale | Dr. Lopez Gil | Clinique esth\u00e9tique Teknon Barcelona\" \/>\n<meta property=\"og:description\" content=\"Clinique esth\u00e9tique dermatologique avec la technologie la plus avanc\u00e9e en mati\u00e8re d&#039;augmentation et de remodelage des l\u00e8vres. Clinique Teknon, Barcelone.\" \/>\n<meta property=\"og:url\" content=\"https:\/\/www.lopezgil.com\/fr\/traitements\/rajeunissement-facial-et-resurfacing-barcelona\/remodelage-labiale-barcelona\/\" \/>\n<meta property=\"og:site_name\" content=\"Dr. Lopez Gil\" \/>\n<meta property=\"article:modified_time\" content=\"2019-12-10T12:20:32+00:00\" \/>\n<meta name=\"twitter:card\" content=\"summary_large_image\" \/>\n<meta name=\"twitter:label1\" content=\"Est. reading time\" \/>\n\t<meta name=\"twitter:data1\" content=\"1 minute\" \/>\n<script type=\"application\/ld+json\" class=\"yoast-schema-graph\">{\"@context\":\"https:\/\/schema.org\",\"@graph\":[{\"@type\":\"WebPage\",\"@id\":\"https:\/\/www.lopezgil.com\/fr\/traitements\/rajeunissement-facial-et-resurfacing-barcelona\/remodelage-labiale-barcelona\/\",\"url\":\"https:\/\/www.lopezgil.com\/fr\/traitements\/rajeunissement-facial-et-resurfacing-barcelona\/remodelage-labiale-barcelona\/\",\"name\":\"Remodelage labiale | Dr. Lopez Gil | Clinique esth\u00e9tique Teknon Barcelona\",\"isPartOf\":{\"@id\":\"https:\/\/www.lopezgil.com\/ca\/#website\"},\"datePublished\":\"2016-07-18T10:23:37+00:00\",\"dateModified\":\"2019-12-10T12:20:32+00:00\",\"description\":\"Clinique esth\u00e9tique dermatologique avec la technologie la plus avanc\u00e9e en mati\u00e8re d'augmentation et de remodelage des l\u00e8vres. Clinique Teknon, Barcelone.\",\"breadcrumb\":{\"@id\":\"https:\/\/www.lopezgil.com\/fr\/traitements\/rajeunissement-facial-et-resurfacing-barcelona\/remodelage-labiale-barcelona\/#breadcrumb\"},\"inLanguage\":\"fr-FR\",\"potentialAction\":[{\"@type\":\"ReadAction\",\"target\":[\"https:\/\/www.lopezgil.com\/fr\/traitements\/rajeunissement-facial-et-resurfacing-barcelona\/remodelage-labiale-barcelona\/\"]}]},{\"@type\":\"BreadcrumbList\",\"@id\":\"https:\/\/www.lopezgil.com\/fr\/traitements\/rajeunissement-facial-et-resurfacing-barcelona\/remodelage-labiale-barcelona\/#breadcrumb\",\"itemListElement\":[{\"@type\":\"ListItem\",\"position\":1,\"name\":\"Portada\",\"item\":\"https:\/\/www.lopezgil.com\/fr\/\"},{\"@type\":\"ListItem\",\"position\":2,\"name\":\"Traitements\",\"item\":\"https:\/\/www.lopezgil.com\/fr\/traitements\/\"},{\"@type\":\"ListItem\",\"position\":3,\"name\":\"Rajeunissement facial et resurfacing\",\"item\":\"https:\/\/www.lopezgil.com\/fr\/traitements\/rajeunissement-facial-et-resurfacing-barcelona\/\"},{\"@type\":\"ListItem\",\"position\":4,\"name\":\"Remodelage labiale\"}]},{\"@type\":\"WebSite\",\"@id\":\"https:\/\/www.lopezgil.com\/ca\/#website\",\"url\":\"https:\/\/www.lopezgil.com\/ca\/\",\"name\":\"Dr. Lopez Gil\",\"description\":\"Dermat\u00f3logo Barcelona\",\"potentialAction\":[{\"@type\":\"SearchAction\",\"target\":{\"@type\":\"EntryPoint\",\"urlTemplate\":\"https:\/\/www.lopezgil.com\/ca\/?s={search_term_string}\"},\"query-input\":\"required name=search_term_string\"}],\"inLanguage\":\"fr-FR\"}]}<\/script>\n<!-- \/ Yoast SEO plugin. -->","yoast_head_json":{"title":"Remodelage labiale | Dr. Lopez Gil | Clinique esth\u00e9tique Teknon Barcelona","description":"Clinique esth\u00e9tique dermatologique avec la technologie la plus avanc\u00e9e en mati\u00e8re d'augmentation et de remodelage des l\u00e8vres. Clinique Teknon, Barcelone.","robots":{"index":"index","follow":"follow","max-snippet":"max-snippet:-1","max-image-preview":"max-image-preview:large","max-video-preview":"max-video-preview:-1"},"canonical":"https:\/\/www.lopezgil.com\/fr\/traitements\/rajeunissement-facial-et-resurfacing-barcelona\/remodelage-labiale-barcelona\/","og_locale":"fr_FR","og_type":"article","og_title":"Remodelage labiale | Dr. Lopez Gil | Clinique esth\u00e9tique Teknon Barcelona","og_description":"Clinique esth\u00e9tique dermatologique avec la technologie la plus avanc\u00e9e en mati\u00e8re d'augmentation et de remodelage des l\u00e8vres. Clinique Teknon, Barcelone.","og_url":"https:\/\/www.lopezgil.com\/fr\/traitements\/rajeunissement-facial-et-resurfacing-barcelona\/remodelage-labiale-barcelona\/","og_site_name":"Dr. Lopez Gil","article_modified_time":"2019-12-10T12:20:32+00:00","twitter_card":"summary_large_image","twitter_misc":{"Est. reading time":"1 minute"},"schema":{"@context":"https:\/\/schema.org","@graph":[{"@type":"WebPage","@id":"https:\/\/www.lopezgil.com\/fr\/traitements\/rajeunissement-facial-et-resurfacing-barcelona\/remodelage-labiale-barcelona\/","url":"https:\/\/www.lopezgil.com\/fr\/traitements\/rajeunissement-facial-et-resurfacing-barcelona\/remodelage-labiale-barcelona\/","name":"Remodelage labiale | Dr. Lopez Gil | Clinique esth\u00e9tique Teknon Barcelona","isPartOf":{"@id":"https:\/\/www.lopezgil.com\/ca\/#website"},"datePublished":"2016-07-18T10:23:37+00:00","dateModified":"2019-12-10T12:20:32+00:00","description":"Clinique esth\u00e9tique dermatologique avec la technologie la plus avanc\u00e9e en mati\u00e8re d'augmentation et de remodelage des l\u00e8vres. Clinique Teknon, Barcelone.","breadcrumb":{"@id":"https:\/\/www.lopezgil.com\/fr\/traitements\/rajeunissement-facial-et-resurfacing-barcelona\/remodelage-labiale-barcelona\/#breadcrumb"},"inLanguage":"fr-FR","potentialAction":[{"@type":"ReadAction","target":["https:\/\/www.lopezgil.com\/fr\/traitements\/rajeunissement-facial-et-resurfacing-barcelona\/remodelage-labiale-barcelona\/"]}]},{"@type":"BreadcrumbList","@id":"https:\/\/www.lopezgil.com\/fr\/traitements\/rajeunissement-facial-et-resurfacing-barcelona\/remodelage-labiale-barcelona\/#breadcrumb","itemListElement":[{"@type":"ListItem","position":1,"name":"Portada","item":"https:\/\/www.lopezgil.com\/fr\/"},{"@type":"ListItem","position":2,"name":"Traitements","item":"https:\/\/www.lopezgil.com\/fr\/traitements\/"},{"@type":"ListItem","position":3,"name":"Rajeunissement facial et resurfacing","item":"https:\/\/www.lopezgil.com\/fr\/traitements\/rajeunissement-facial-et-resurfacing-barcelona\/"},{"@type":"ListItem","position":4,"name":"Remodelage labiale"}]},{"@type":"WebSite","@id":"https:\/\/www.lopezgil.com\/ca\/#website","url":"https:\/\/www.lopezgil.com\/ca\/","name":"Dr. Lopez Gil","description":"Dermat\u00f3logo Barcelona","potentialAction":[{"@type":"SearchAction","target":{"@type":"EntryPoint","urlTemplate":"https:\/\/www.lopezgil.com\/ca\/?s={search_term_string}"},"query-input":"required name=search_term_string"}],"inLanguage":"fr-FR"}]}},"_links":{"self":[{"href":"https:\/\/www.lopezgil.com\/fr\/wp-json\/wp\/v2\/pages\/3430","targetHints":{"allow":["GET"]}}],"collection":[{"href":"https:\/\/www.lopezgil.com\/fr\/wp-json\/wp\/v2\/pages"}],"about":[{"href":"https:\/\/www.lopezgil.com\/fr\/wp-json\/wp\/v2\/types\/page"}],"author":[{"embeddable":true,"href":"https:\/\/www.lopezgil.com\/fr\/wp-json\/wp\/v2\/users\/5"}],"replies":[{"embeddable":true,"href":"https:\/\/www.lopezgil.com\/fr\/wp-json\/wp\/v2\/comments?post=3430"}],"version-history":[{"count":3,"href":"https:\/\/www.lopezgil.com\/fr\/wp-json\/wp\/v2\/pages\/3430\/revisions"}],"predecessor-version":[{"id":3433,"href":"https:\/\/www.lopezgil.com\/fr\/wp-json\/wp\/v2\/pages\/3430\/revisions\/3433"}],"up":[{"embeddable":true,"href":"https:\/\/www.lopezgil.com\/fr\/wp-json\/wp\/v2\/pages\/3434"}],"wp:attachment":[{"href":"https:\/\/www.lopezgil.com\/fr\/wp-json\/wp\/v2\/media?parent=3430"}],"curies":[{"name":"wp","href":"https:\/\/api.w.org\/{rel}","templated":true}]}}