{"id":3426,"date":"2016-07-18T10:20:45","date_gmt":"2016-07-18T10:20:45","guid":{"rendered":"https:\/\/www.lopezgil.com\/facial-rejuvenation-barcelona\/"},"modified":"2019-12-09T14:55:51","modified_gmt":"2019-12-09T14:55:51","slug":"rajeunissement-facial-barcelona","status":"publish","type":"page","link":"https:\/\/www.lopezgil.com\/fr\/traitements\/rajeunissement-facial-et-resurfacing-barcelona\/rajeunissement-facial-barcelona\/","title":{"rendered":"Rajeunissement facial"},"content":{"rendered":"<div id=\"fb-root\"><\/div>\n<p style=\"text-align: justify;\">[vc_row][vc_column][vc_row_inner][vc_column_inner]<script type=\"text\/javascript\">jQuery(function() { _initLayerSlider( '#layerslider_92_1oiat9ju5axe7', {sliderVersion: '', responsiveUnder: 0, layersContainer: 0, hideUnder: 0, hideOver: 100000, pauseOnHover: 1, skin: 'v5', sliderFadeInDuration: 350, useSrcset: true, skinsPath: 'https:\/\/www.lopezgil.com\/wp-content\/plugins\/LayerSlider\/assets\/static\/layerslider\/skins\/', type: 'responsive', showCircleTimer: false, performanceMode: true}); });<\/script><div id=\"layerslider_92_1oiat9ju5axe7\" class=\"ls-wp-container fitvidsignore\" style=\"width:600px;height:200px;margin:0 auto;margin-bottom: 0px;\"><div class=\"ls-slide\" data-ls=\"duration:4000;\"><img loading=\"lazy\" decoding=\"async\" width=\"600\" height=\"200\" src=\"https:\/\/www.lopezgil.com\/wp-content\/uploads\/drlopezgil-dermatologia-barcelona-600x200-fotorrejuvenecimiento-resurfacing-rejuvenecimiento-tratamientos-estetica.jpg\" class=\"ls-bg\" alt=\"dr-lopez-gil-dermatologia-barcelona-600x200-fotorrejuvenecimiento-resurfacing-rejuvenecimiento-tratamientos-estetica-clinica\" srcset=\"https:\/\/www.lopezgil.com\/wp-content\/uploads\/drlopezgil-dermatologia-barcelona-600x200-fotorrejuvenecimiento-resurfacing-rejuvenecimiento-tratamientos-estetica.jpg 600w, https:\/\/www.lopezgil.com\/wp-content\/uploads\/drlopezgil-dermatologia-barcelona-600x200-fotorrejuvenecimiento-resurfacing-rejuvenecimiento-tratamientos-estetica-300x100.jpg 300w\" sizes=\"auto, (max-width: 600px) 100vw, 600px\" \/><\/div><\/div>[\/vc_column_inner][\/vc_row_inner][\/vc_column][\/vc_row][vc_row][vc_column width=&#8221;3\/4&#8243; css=&#8221;.vc_custom_1473066092346{margin-top: 0px !important;}&#8221;][vc_column_text css=&#8221;.vc_custom_1473066053815{margin-top: 0px !important;}&#8221;]\n<p style=\"text-align: justify;\">Le traitement id\u00e9al du rajeunissement du visage pour \u00e9liminer les taches solaires ou les lentigos, les fines lignes d&#8217;expression, les rides et les cicatrices est le resurfa\u00e7age avec le laser de CO2 Fractionn\u00e9 ablatif ou le laser Erbium fractionn\u00e9 non ablatif.<\/p>\n<h2 style=\"text-align: justify;\"><span style=\"color: #75c9d3;\"><strong>Traitement<\/strong><\/span><\/h2>\n<p style=\"text-align: justify;\"><u>Resurfacing avec laser CO2<\/u><\/p>\n<p style=\"text-align: justify;\">Il consiste \u00e0 effectuer un peeling profond avec le laser pour r\u00e9g\u00e9n\u00e9rer compl\u00e8tement la peau trait\u00e9e et, avec une seule technique, \u00e9liminer tous les signes de vieillissement. C&#8217;est pour cette raison qu&#8217;il s&#8217;agit d&#8217;un traitement esth\u00e9tique tr\u00e8s efficace et complet qui, normalement, avec une seule session est suffisant. Les effets sont per\u00e7us une semaine apr\u00e8s le traitement, m\u00eame s&#8217;ils s&#8217;am\u00e9liorent jusqu&#8217;\u00e0 six mois.<\/p>\n<p class=\"p1\" style=\"text-align: justify;\"><span class=\"s1\">Pour plus d\u2019informations: cliquez\u00a0<a href=\"https:\/\/www.lopezgil.com\/fr\/dermatologie-esthetique-barcelona\/rajeunissement-facial-et-resurfacing-barcelona\/\"><span class=\"s2\">ici<\/span><\/a><\/span><\/p>\n<p style=\"text-align: justify;\"><u>Rajeunissement facial avec laser \u00e0 l&#8217;Erbium Fractionn\u00e9<\/u><\/p>\n<p style=\"text-align: justify;\">Il s&#8217;agit de favoriser la stimulation de la formation de collag\u00e8ne par l&#8217;application de la chaleur au derme.<\/p>\n<p style=\"text-align: justify;\">C&#8217;est une m\u00e9thode rapide, sans danger et sans effets visibles qui minimise les rides et la pigmentation, ainsi que les pores.<\/p>\n<p class=\"p1\" style=\"text-align: justify;\"><span class=\"s1\">Pour plus d\u2019informations: cliquez\u00a0<a href=\"https:\/\/www.lopezgil.com\/fr\/dermatologie-esthetique-barcelona\/rajeunissement-facial-et-resurfacing-barcelona\/\"><span class=\"s2\">ici<\/span><\/a><\/span><\/p>\n","protected":false},"excerpt":{"rendered":"<p>[vc_row][vc_column][vc_row_inner][vc_column_inner][\/vc_column_inner][\/vc_row_inner][\/vc_column][\/vc_row][vc_row][vc_column width=&#8221;3\/4&#8243; css=&#8221;.vc_custom_1473066092346{margin-top: 0px !important;}&#8221;][vc_column_text css=&#8221;.vc_custom_1473066053815{margin-top: 0px !important;}&#8221;] Le traitement id\u00e9al du rajeunissement du visage pour \u00e9liminer les taches solaires ou les lentigos, les fines lignes d&#8217;expression, les rides et les cicatrices est le resurfa\u00e7age avec le laser de CO2 Fractionn\u00e9 ablatif ou le laser Erbium fractionn\u00e9 non ablatif. Traitement Resurfacing avec laser CO2 Il [&hellip;]<\/p>\n","protected":false},"author":5,"featured_media":0,"parent":3434,"menu_order":0,"comment_status":"closed","ping_status":"closed","template":"soulmedic\/tpl-feature.php","meta":{"footnotes":""},"class_list":["post-3426","page","type-page","status-publish","hentry"],"yoast_head":"<!-- This site is optimized with the Yoast SEO plugin v19.12 - https:\/\/yoast.com\/wordpress\/plugins\/seo\/ -->\n<title>Rajeunissement facial | Dr. Lopez Gil | Clinique anti-\u00e2ge Teknon Barcelona<\/title>\n<meta name=\"description\" content=\"R\u00e9sultats de la premi\u00e8re session. Votre clinique de photorajeunissement du visage \u00e0 Barcelone, avec laser Erbio Fractional. Il r\u00e9duit les rides.\" \/>\n<meta name=\"robots\" content=\"index, follow, max-snippet:-1, max-image-preview:large, max-video-preview:-1\" \/>\n<link rel=\"canonical\" href=\"https:\/\/www.lopezgil.com\/fr\/traitements\/rajeunissement-facial-et-resurfacing-barcelona\/rajeunissement-facial-barcelona\/\" \/>\n<meta property=\"og:locale\" content=\"fr_FR\" \/>\n<meta property=\"og:type\" content=\"article\" \/>\n<meta property=\"og:title\" content=\"Rajeunissement facial | Dr. Lopez Gil | Clinique anti-\u00e2ge Teknon Barcelona\" \/>\n<meta property=\"og:description\" content=\"R\u00e9sultats de la premi\u00e8re session. Votre clinique de photorajeunissement du visage \u00e0 Barcelone, avec laser Erbio Fractional. Il r\u00e9duit les rides.\" \/>\n<meta property=\"og:url\" content=\"https:\/\/www.lopezgil.com\/fr\/traitements\/rajeunissement-facial-et-resurfacing-barcelona\/rajeunissement-facial-barcelona\/\" \/>\n<meta property=\"og:site_name\" content=\"Dr. Lopez Gil\" \/>\n<meta property=\"article:modified_time\" content=\"2019-12-09T14:55:51+00:00\" \/>\n<meta name=\"twitter:card\" content=\"summary_large_image\" \/>\n<meta name=\"twitter:label1\" content=\"Est. reading time\" \/>\n\t<meta name=\"twitter:data1\" content=\"1 minute\" \/>\n<script type=\"application\/ld+json\" class=\"yoast-schema-graph\">{\"@context\":\"https:\/\/schema.org\",\"@graph\":[{\"@type\":\"WebPage\",\"@id\":\"https:\/\/www.lopezgil.com\/fr\/traitements\/rajeunissement-facial-et-resurfacing-barcelona\/rajeunissement-facial-barcelona\/\",\"url\":\"https:\/\/www.lopezgil.com\/fr\/traitements\/rajeunissement-facial-et-resurfacing-barcelona\/rajeunissement-facial-barcelona\/\",\"name\":\"Rajeunissement facial | Dr. Lopez Gil | Clinique anti-\u00e2ge Teknon Barcelona\",\"isPartOf\":{\"@id\":\"https:\/\/www.lopezgil.com\/ca\/#website\"},\"datePublished\":\"2016-07-18T10:20:45+00:00\",\"dateModified\":\"2019-12-09T14:55:51+00:00\",\"description\":\"R\u00e9sultats de la premi\u00e8re session. Votre clinique de photorajeunissement du visage \u00e0 Barcelone, avec laser Erbio Fractional. Il r\u00e9duit les rides.\",\"breadcrumb\":{\"@id\":\"https:\/\/www.lopezgil.com\/fr\/traitements\/rajeunissement-facial-et-resurfacing-barcelona\/rajeunissement-facial-barcelona\/#breadcrumb\"},\"inLanguage\":\"fr-FR\",\"potentialAction\":[{\"@type\":\"ReadAction\",\"target\":[\"https:\/\/www.lopezgil.com\/fr\/traitements\/rajeunissement-facial-et-resurfacing-barcelona\/rajeunissement-facial-barcelona\/\"]}]},{\"@type\":\"BreadcrumbList\",\"@id\":\"https:\/\/www.lopezgil.com\/fr\/traitements\/rajeunissement-facial-et-resurfacing-barcelona\/rajeunissement-facial-barcelona\/#breadcrumb\",\"itemListElement\":[{\"@type\":\"ListItem\",\"position\":1,\"name\":\"Portada\",\"item\":\"https:\/\/www.lopezgil.com\/fr\/\"},{\"@type\":\"ListItem\",\"position\":2,\"name\":\"Traitements\",\"item\":\"https:\/\/www.lopezgil.com\/fr\/traitements\/\"},{\"@type\":\"ListItem\",\"position\":3,\"name\":\"Rajeunissement facial et resurfacing\",\"item\":\"https:\/\/www.lopezgil.com\/fr\/traitements\/rajeunissement-facial-et-resurfacing-barcelona\/\"},{\"@type\":\"ListItem\",\"position\":4,\"name\":\"Rajeunissement facial\"}]},{\"@type\":\"WebSite\",\"@id\":\"https:\/\/www.lopezgil.com\/ca\/#website\",\"url\":\"https:\/\/www.lopezgil.com\/ca\/\",\"name\":\"Dr. Lopez Gil\",\"description\":\"Dermat\u00f3logo Barcelona\",\"potentialAction\":[{\"@type\":\"SearchAction\",\"target\":{\"@type\":\"EntryPoint\",\"urlTemplate\":\"https:\/\/www.lopezgil.com\/ca\/?s={search_term_string}\"},\"query-input\":\"required name=search_term_string\"}],\"inLanguage\":\"fr-FR\"}]}<\/script>\n<!-- \/ Yoast SEO plugin. -->","yoast_head_json":{"title":"Rajeunissement facial | Dr. Lopez Gil | Clinique anti-\u00e2ge Teknon Barcelona","description":"R\u00e9sultats de la premi\u00e8re session. Votre clinique de photorajeunissement du visage \u00e0 Barcelone, avec laser Erbio Fractional. Il r\u00e9duit les rides.","robots":{"index":"index","follow":"follow","max-snippet":"max-snippet:-1","max-image-preview":"max-image-preview:large","max-video-preview":"max-video-preview:-1"},"canonical":"https:\/\/www.lopezgil.com\/fr\/traitements\/rajeunissement-facial-et-resurfacing-barcelona\/rajeunissement-facial-barcelona\/","og_locale":"fr_FR","og_type":"article","og_title":"Rajeunissement facial | Dr. Lopez Gil | Clinique anti-\u00e2ge Teknon Barcelona","og_description":"R\u00e9sultats de la premi\u00e8re session. Votre clinique de photorajeunissement du visage \u00e0 Barcelone, avec laser Erbio Fractional. Il r\u00e9duit les rides.","og_url":"https:\/\/www.lopezgil.com\/fr\/traitements\/rajeunissement-facial-et-resurfacing-barcelona\/rajeunissement-facial-barcelona\/","og_site_name":"Dr. Lopez Gil","article_modified_time":"2019-12-09T14:55:51+00:00","twitter_card":"summary_large_image","twitter_misc":{"Est. reading time":"1 minute"},"schema":{"@context":"https:\/\/schema.org","@graph":[{"@type":"WebPage","@id":"https:\/\/www.lopezgil.com\/fr\/traitements\/rajeunissement-facial-et-resurfacing-barcelona\/rajeunissement-facial-barcelona\/","url":"https:\/\/www.lopezgil.com\/fr\/traitements\/rajeunissement-facial-et-resurfacing-barcelona\/rajeunissement-facial-barcelona\/","name":"Rajeunissement facial | Dr. Lopez Gil | Clinique anti-\u00e2ge Teknon Barcelona","isPartOf":{"@id":"https:\/\/www.lopezgil.com\/ca\/#website"},"datePublished":"2016-07-18T10:20:45+00:00","dateModified":"2019-12-09T14:55:51+00:00","description":"R\u00e9sultats de la premi\u00e8re session. Votre clinique de photorajeunissement du visage \u00e0 Barcelone, avec laser Erbio Fractional. Il r\u00e9duit les rides.","breadcrumb":{"@id":"https:\/\/www.lopezgil.com\/fr\/traitements\/rajeunissement-facial-et-resurfacing-barcelona\/rajeunissement-facial-barcelona\/#breadcrumb"},"inLanguage":"fr-FR","potentialAction":[{"@type":"ReadAction","target":["https:\/\/www.lopezgil.com\/fr\/traitements\/rajeunissement-facial-et-resurfacing-barcelona\/rajeunissement-facial-barcelona\/"]}]},{"@type":"BreadcrumbList","@id":"https:\/\/www.lopezgil.com\/fr\/traitements\/rajeunissement-facial-et-resurfacing-barcelona\/rajeunissement-facial-barcelona\/#breadcrumb","itemListElement":[{"@type":"ListItem","position":1,"name":"Portada","item":"https:\/\/www.lopezgil.com\/fr\/"},{"@type":"ListItem","position":2,"name":"Traitements","item":"https:\/\/www.lopezgil.com\/fr\/traitements\/"},{"@type":"ListItem","position":3,"name":"Rajeunissement facial et resurfacing","item":"https:\/\/www.lopezgil.com\/fr\/traitements\/rajeunissement-facial-et-resurfacing-barcelona\/"},{"@type":"ListItem","position":4,"name":"Rajeunissement facial"}]},{"@type":"WebSite","@id":"https:\/\/www.lopezgil.com\/ca\/#website","url":"https:\/\/www.lopezgil.com\/ca\/","name":"Dr. Lopez Gil","description":"Dermat\u00f3logo Barcelona","potentialAction":[{"@type":"SearchAction","target":{"@type":"EntryPoint","urlTemplate":"https:\/\/www.lopezgil.com\/ca\/?s={search_term_string}"},"query-input":"required name=search_term_string"}],"inLanguage":"fr-FR"}]}},"_links":{"self":[{"href":"https:\/\/www.lopezgil.com\/fr\/wp-json\/wp\/v2\/pages\/3426","targetHints":{"allow":["GET"]}}],"collection":[{"href":"https:\/\/www.lopezgil.com\/fr\/wp-json\/wp\/v2\/pages"}],"about":[{"href":"https:\/\/www.lopezgil.com\/fr\/wp-json\/wp\/v2\/types\/page"}],"author":[{"embeddable":true,"href":"https:\/\/www.lopezgil.com\/fr\/wp-json\/wp\/v2\/users\/5"}],"replies":[{"embeddable":true,"href":"https:\/\/www.lopezgil.com\/fr\/wp-json\/wp\/v2\/comments?post=3426"}],"version-history":[{"count":4,"href":"https:\/\/www.lopezgil.com\/fr\/wp-json\/wp\/v2\/pages\/3426\/revisions"}],"predecessor-version":[{"id":3427,"href":"https:\/\/www.lopezgil.com\/fr\/wp-json\/wp\/v2\/pages\/3426\/revisions\/3427"}],"up":[{"embeddable":true,"href":"https:\/\/www.lopezgil.com\/fr\/wp-json\/wp\/v2\/pages\/3434"}],"wp:attachment":[{"href":"https:\/\/www.lopezgil.com\/fr\/wp-json\/wp\/v2\/media?parent=3426"}],"curies":[{"name":"wp","href":"https:\/\/api.w.org\/{rel}","templated":true}]}}