{"id":3424,"date":"2016-07-18T10:24:20","date_gmt":"2016-07-18T10:24:20","guid":{"rendered":"https:\/\/www.lopezgil.com\/plasma-rich-on-platelets-prp-barcelona\/"},"modified":"2019-12-10T11:56:59","modified_gmt":"2019-12-10T11:56:59","slug":"plasma-riche-en-plaquettes-prp-barcelona","status":"publish","type":"page","link":"https:\/\/www.lopezgil.com\/fr\/traitements\/rajeunissement-facial-et-resurfacing-barcelona\/plasma-riche-en-plaquettes-prp-barcelona\/","title":{"rendered":"Plasma riche en plaquettes (prp)"},"content":{"rendered":"<div id=\"fb-root\"><\/div>\n<p style=\"text-align: justify;\">[vc_row][vc_column][vc_row_inner][vc_column_inner]<script type=\"text\/javascript\">jQuery(function() { _initLayerSlider( '#layerslider_91_1fxng08d4nb9q', {sliderVersion: '', responsiveUnder: 0, layersContainer: 0, hideUnder: 0, hideOver: 100000, pauseOnHover: 1, skin: 'v5', sliderFadeInDuration: 350, useSrcset: true, skinsPath: 'https:\/\/www.lopezgil.com\/wp-content\/plugins\/LayerSlider\/assets\/static\/layerslider\/skins\/', type: 'responsive', showCircleTimer: false, performanceMode: true}); });<\/script><div id=\"layerslider_91_1fxng08d4nb9q\" class=\"ls-wp-container fitvidsignore\" style=\"width:600px;height:200px;margin:0 auto;margin-bottom: 0px;\"><div class=\"ls-slide\" data-ls=\"duration:4000;\"><img loading=\"lazy\" decoding=\"async\" width=\"600\" height=\"200\" src=\"https:\/\/www.lopezgil.com\/wp-content\/uploads\/drlopezgil-dermatologia-barcelona-600x200-prp-plasma-rico-plaquetas-infiltraciones-rejuvenecimiento-tratamientos-estetica.jpg\" class=\"ls-bg\" alt=\"dr-lopez-gil-dermatologia-barcelona-600x200-prp-plasma-rico-plaquetas-infiltraciones-rejuvenecimiento-tratamientos-estetica-clinica\" srcset=\"https:\/\/www.lopezgil.com\/wp-content\/uploads\/drlopezgil-dermatologia-barcelona-600x200-prp-plasma-rico-plaquetas-infiltraciones-rejuvenecimiento-tratamientos-estetica.jpg 600w, https:\/\/www.lopezgil.com\/wp-content\/uploads\/drlopezgil-dermatologia-barcelona-600x200-prp-plasma-rico-plaquetas-infiltraciones-rejuvenecimiento-tratamientos-estetica-300x100.jpg 300w\" sizes=\"auto, (max-width: 600px) 100vw, 600px\" \/><\/div><\/div>[\/vc_column_inner][\/vc_row_inner][\/vc_column][\/vc_row][vc_row][vc_column width=&#8221;3\/4&#8243; css=&#8221;.vc_custom_1473066092346{margin-top: 0px !important;}&#8221;][vc_column_text css=&#8221;.vc_custom_1473066053815{margin-top: 0px !important;}&#8221;]\n<p style=\"text-align: justify;\">Il y a de nombreux patients avec une peau tr\u00e8s sensible et r\u00e9active, soit qu&#8217;ils ont subi une longue convalescence, soit qu&#8217;ils veulent am\u00e9liorer l&#8217;apparence de leur peau sans utiliser de produits synth\u00e9tiques qui nous demandent quelle option ils ont. Dans ces cas, nous recommandons toujours le plasma riche en plaquettes ou PRP.<\/p>\n<p style=\"text-align: justify;\">Il est un traitement naturel et physiologique qui utilise les propres prot\u00e9ines du corps pour emp\u00eacher le vieillissement de la peau tout en am\u00e9liorant son apparence, augmente sa fermet\u00e9 et son \u00e9clat et am\u00e9liore l&#8217;\u00e9lasticit\u00e9 cutan\u00e9. Il est \u00e9galement utilis\u00e9 pour supprimer ou am\u00e9liorer les l\u00e9sions d&#8217;acn\u00e9 ou des cicatrices faciales. Pour \u00eatre un produit obtenu \u00e0 partir du patient, il n&#8217;y a aucun risque d&#8217;allergies ou d&#8217;intol\u00e9rances.<\/p>\n<h2 style=\"text-align: justify;\"><span style=\"color: #75c9d3;\"><strong>Traitement<\/strong><\/span><\/h2>\n<p style=\"text-align: justify;\">Il consiste \u00e0 pr\u00e9lever du sang du patient, la centrifuger, l&#8217;activer et obtenir le plasma riche en plaquettes. Une fois obtenu, nous l&#8217;infiltrons par microinjections dans la face, obtenant un effet r\u00e9parateur de la peau.<\/p>\n<p style=\"text-align: justify;\">Le plasma enrichi, par \u00eatre un stimulant de la production de collag\u00e8ne, d&#8217;\u00e9lastine et de tissu \u00e9pidermique, les effets apparaissent avec le passage des jours et l&#8217;effet maximal est de 20 \u00e0 30 jours apr\u00e8s le traitement. Il est conseill\u00e9 d&#8217;effectuer entre 2 et 3 sessions pour obtenir les r\u00e9sultats escompt\u00e9s puis effectuer une session de maintenance par an.<\/p>\n<p style=\"text-align: justify;\">Dans les jours qui suivent, nous vous recommandons d&#8217;appliquer arnica pour \u00e9viter de petites contusions dans les zones d&#8217;injection et d&#8217;\u00e9viter la lumi\u00e8re du soleil directe.<\/p>\n","protected":false},"excerpt":{"rendered":"<p>[vc_row][vc_column][vc_row_inner][vc_column_inner][\/vc_column_inner][\/vc_row_inner][\/vc_column][\/vc_row][vc_row][vc_column width=&#8221;3\/4&#8243; css=&#8221;.vc_custom_1473066092346{margin-top: 0px !important;}&#8221;][vc_column_text css=&#8221;.vc_custom_1473066053815{margin-top: 0px !important;}&#8221;] Il y a de nombreux patients avec une peau tr\u00e8s sensible et r\u00e9active, soit qu&#8217;ils ont subi une longue convalescence, soit qu&#8217;ils veulent am\u00e9liorer l&#8217;apparence de leur peau sans utiliser de produits synth\u00e9tiques qui nous demandent quelle option ils ont. Dans ces cas, nous recommandons toujours le [&hellip;]<\/p>\n","protected":false},"author":5,"featured_media":0,"parent":3434,"menu_order":0,"comment_status":"closed","ping_status":"closed","template":"soulmedic\/tpl-feature.php","meta":{"footnotes":""},"class_list":["post-3424","page","type-page","status-publish","hentry"],"yoast_head":"<!-- This site is optimized with the Yoast SEO plugin v19.12 - https:\/\/yoast.com\/wordpress\/plugins\/seo\/ -->\n<title>Plasma riche en plaquettes (prp) | Dr. Lopez Gil | Clinique Anti-\u00e2ge Teknon<\/title>\n<meta name=\"description\" content=\"Plasma riche en plaquettes ou PRP, r\u00e9duisez vos rides. R\u00e9sultats de la premi\u00e8re session. Votre clinique anti-\u00e2ge faciale \u00e0 Barcelone. Demandez nous!\" \/>\n<meta name=\"robots\" content=\"index, follow, max-snippet:-1, max-image-preview:large, max-video-preview:-1\" \/>\n<link rel=\"canonical\" href=\"https:\/\/www.lopezgil.com\/fr\/traitements\/rajeunissement-facial-et-resurfacing-barcelona\/plasma-riche-en-plaquettes-prp-barcelona\/\" \/>\n<meta property=\"og:locale\" content=\"fr_FR\" \/>\n<meta property=\"og:type\" content=\"article\" \/>\n<meta property=\"og:title\" content=\"Plasma riche en plaquettes (prp) | Dr. Lopez Gil | Clinique Anti-\u00e2ge Teknon\" \/>\n<meta property=\"og:description\" content=\"Plasma riche en plaquettes ou PRP, r\u00e9duisez vos rides. R\u00e9sultats de la premi\u00e8re session. Votre clinique anti-\u00e2ge faciale \u00e0 Barcelone. Demandez nous!\" \/>\n<meta property=\"og:url\" content=\"https:\/\/www.lopezgil.com\/fr\/traitements\/rajeunissement-facial-et-resurfacing-barcelona\/plasma-riche-en-plaquettes-prp-barcelona\/\" \/>\n<meta property=\"og:site_name\" content=\"Dr. Lopez Gil\" \/>\n<meta property=\"article:modified_time\" content=\"2019-12-10T11:56:59+00:00\" \/>\n<meta name=\"twitter:card\" content=\"summary_large_image\" \/>\n<meta name=\"twitter:label1\" content=\"Est. reading time\" \/>\n\t<meta name=\"twitter:data1\" content=\"1 minute\" \/>\n<script type=\"application\/ld+json\" class=\"yoast-schema-graph\">{\"@context\":\"https:\/\/schema.org\",\"@graph\":[{\"@type\":\"WebPage\",\"@id\":\"https:\/\/www.lopezgil.com\/fr\/traitements\/rajeunissement-facial-et-resurfacing-barcelona\/plasma-riche-en-plaquettes-prp-barcelona\/\",\"url\":\"https:\/\/www.lopezgil.com\/fr\/traitements\/rajeunissement-facial-et-resurfacing-barcelona\/plasma-riche-en-plaquettes-prp-barcelona\/\",\"name\":\"Plasma riche en plaquettes (prp) | Dr. Lopez Gil | Clinique Anti-\u00e2ge Teknon\",\"isPartOf\":{\"@id\":\"https:\/\/www.lopezgil.com\/ca\/#website\"},\"datePublished\":\"2016-07-18T10:24:20+00:00\",\"dateModified\":\"2019-12-10T11:56:59+00:00\",\"description\":\"Plasma riche en plaquettes ou PRP, r\u00e9duisez vos rides. R\u00e9sultats de la premi\u00e8re session. Votre clinique anti-\u00e2ge faciale \u00e0 Barcelone. Demandez nous!\",\"breadcrumb\":{\"@id\":\"https:\/\/www.lopezgil.com\/fr\/traitements\/rajeunissement-facial-et-resurfacing-barcelona\/plasma-riche-en-plaquettes-prp-barcelona\/#breadcrumb\"},\"inLanguage\":\"fr-FR\",\"potentialAction\":[{\"@type\":\"ReadAction\",\"target\":[\"https:\/\/www.lopezgil.com\/fr\/traitements\/rajeunissement-facial-et-resurfacing-barcelona\/plasma-riche-en-plaquettes-prp-barcelona\/\"]}]},{\"@type\":\"BreadcrumbList\",\"@id\":\"https:\/\/www.lopezgil.com\/fr\/traitements\/rajeunissement-facial-et-resurfacing-barcelona\/plasma-riche-en-plaquettes-prp-barcelona\/#breadcrumb\",\"itemListElement\":[{\"@type\":\"ListItem\",\"position\":1,\"name\":\"Portada\",\"item\":\"https:\/\/www.lopezgil.com\/fr\/\"},{\"@type\":\"ListItem\",\"position\":2,\"name\":\"Traitements\",\"item\":\"https:\/\/www.lopezgil.com\/fr\/traitements\/\"},{\"@type\":\"ListItem\",\"position\":3,\"name\":\"Rajeunissement facial et resurfacing\",\"item\":\"https:\/\/www.lopezgil.com\/fr\/traitements\/rajeunissement-facial-et-resurfacing-barcelona\/\"},{\"@type\":\"ListItem\",\"position\":4,\"name\":\"Plasma riche en plaquettes (prp)\"}]},{\"@type\":\"WebSite\",\"@id\":\"https:\/\/www.lopezgil.com\/ca\/#website\",\"url\":\"https:\/\/www.lopezgil.com\/ca\/\",\"name\":\"Dr. Lopez Gil\",\"description\":\"Dermat\u00f3logo Barcelona\",\"potentialAction\":[{\"@type\":\"SearchAction\",\"target\":{\"@type\":\"EntryPoint\",\"urlTemplate\":\"https:\/\/www.lopezgil.com\/ca\/?s={search_term_string}\"},\"query-input\":\"required name=search_term_string\"}],\"inLanguage\":\"fr-FR\"}]}<\/script>\n<!-- \/ Yoast SEO plugin. -->","yoast_head_json":{"title":"Plasma riche en plaquettes (prp) | Dr. Lopez Gil | Clinique Anti-\u00e2ge Teknon","description":"Plasma riche en plaquettes ou PRP, r\u00e9duisez vos rides. R\u00e9sultats de la premi\u00e8re session. Votre clinique anti-\u00e2ge faciale \u00e0 Barcelone. Demandez nous!","robots":{"index":"index","follow":"follow","max-snippet":"max-snippet:-1","max-image-preview":"max-image-preview:large","max-video-preview":"max-video-preview:-1"},"canonical":"https:\/\/www.lopezgil.com\/fr\/traitements\/rajeunissement-facial-et-resurfacing-barcelona\/plasma-riche-en-plaquettes-prp-barcelona\/","og_locale":"fr_FR","og_type":"article","og_title":"Plasma riche en plaquettes (prp) | Dr. Lopez Gil | Clinique Anti-\u00e2ge Teknon","og_description":"Plasma riche en plaquettes ou PRP, r\u00e9duisez vos rides. R\u00e9sultats de la premi\u00e8re session. Votre clinique anti-\u00e2ge faciale \u00e0 Barcelone. Demandez nous!","og_url":"https:\/\/www.lopezgil.com\/fr\/traitements\/rajeunissement-facial-et-resurfacing-barcelona\/plasma-riche-en-plaquettes-prp-barcelona\/","og_site_name":"Dr. Lopez Gil","article_modified_time":"2019-12-10T11:56:59+00:00","twitter_card":"summary_large_image","twitter_misc":{"Est. reading time":"1 minute"},"schema":{"@context":"https:\/\/schema.org","@graph":[{"@type":"WebPage","@id":"https:\/\/www.lopezgil.com\/fr\/traitements\/rajeunissement-facial-et-resurfacing-barcelona\/plasma-riche-en-plaquettes-prp-barcelona\/","url":"https:\/\/www.lopezgil.com\/fr\/traitements\/rajeunissement-facial-et-resurfacing-barcelona\/plasma-riche-en-plaquettes-prp-barcelona\/","name":"Plasma riche en plaquettes (prp) | Dr. Lopez Gil | Clinique Anti-\u00e2ge Teknon","isPartOf":{"@id":"https:\/\/www.lopezgil.com\/ca\/#website"},"datePublished":"2016-07-18T10:24:20+00:00","dateModified":"2019-12-10T11:56:59+00:00","description":"Plasma riche en plaquettes ou PRP, r\u00e9duisez vos rides. R\u00e9sultats de la premi\u00e8re session. Votre clinique anti-\u00e2ge faciale \u00e0 Barcelone. Demandez nous!","breadcrumb":{"@id":"https:\/\/www.lopezgil.com\/fr\/traitements\/rajeunissement-facial-et-resurfacing-barcelona\/plasma-riche-en-plaquettes-prp-barcelona\/#breadcrumb"},"inLanguage":"fr-FR","potentialAction":[{"@type":"ReadAction","target":["https:\/\/www.lopezgil.com\/fr\/traitements\/rajeunissement-facial-et-resurfacing-barcelona\/plasma-riche-en-plaquettes-prp-barcelona\/"]}]},{"@type":"BreadcrumbList","@id":"https:\/\/www.lopezgil.com\/fr\/traitements\/rajeunissement-facial-et-resurfacing-barcelona\/plasma-riche-en-plaquettes-prp-barcelona\/#breadcrumb","itemListElement":[{"@type":"ListItem","position":1,"name":"Portada","item":"https:\/\/www.lopezgil.com\/fr\/"},{"@type":"ListItem","position":2,"name":"Traitements","item":"https:\/\/www.lopezgil.com\/fr\/traitements\/"},{"@type":"ListItem","position":3,"name":"Rajeunissement facial et resurfacing","item":"https:\/\/www.lopezgil.com\/fr\/traitements\/rajeunissement-facial-et-resurfacing-barcelona\/"},{"@type":"ListItem","position":4,"name":"Plasma riche en plaquettes (prp)"}]},{"@type":"WebSite","@id":"https:\/\/www.lopezgil.com\/ca\/#website","url":"https:\/\/www.lopezgil.com\/ca\/","name":"Dr. Lopez Gil","description":"Dermat\u00f3logo Barcelona","potentialAction":[{"@type":"SearchAction","target":{"@type":"EntryPoint","urlTemplate":"https:\/\/www.lopezgil.com\/ca\/?s={search_term_string}"},"query-input":"required name=search_term_string"}],"inLanguage":"fr-FR"}]}},"_links":{"self":[{"href":"https:\/\/www.lopezgil.com\/fr\/wp-json\/wp\/v2\/pages\/3424","targetHints":{"allow":["GET"]}}],"collection":[{"href":"https:\/\/www.lopezgil.com\/fr\/wp-json\/wp\/v2\/pages"}],"about":[{"href":"https:\/\/www.lopezgil.com\/fr\/wp-json\/wp\/v2\/types\/page"}],"author":[{"embeddable":true,"href":"https:\/\/www.lopezgil.com\/fr\/wp-json\/wp\/v2\/users\/5"}],"replies":[{"embeddable":true,"href":"https:\/\/www.lopezgil.com\/fr\/wp-json\/wp\/v2\/comments?post=3424"}],"version-history":[{"count":1,"href":"https:\/\/www.lopezgil.com\/fr\/wp-json\/wp\/v2\/pages\/3424\/revisions"}],"predecessor-version":[{"id":3425,"href":"https:\/\/www.lopezgil.com\/fr\/wp-json\/wp\/v2\/pages\/3424\/revisions\/3425"}],"up":[{"embeddable":true,"href":"https:\/\/www.lopezgil.com\/fr\/wp-json\/wp\/v2\/pages\/3434"}],"wp:attachment":[{"href":"https:\/\/www.lopezgil.com\/fr\/wp-json\/wp\/v2\/media?parent=3424"}],"curies":[{"name":"wp","href":"https:\/\/api.w.org\/{rel}","templated":true}]}}