{"id":3421,"date":"2016-07-18T10:24:37","date_gmt":"2016-07-18T10:24:37","guid":{"rendered":"https:\/\/www.lopezgil.com\/medical-peeling-barcelona\/"},"modified":"2019-12-10T11:08:55","modified_gmt":"2019-12-10T11:08:55","slug":"peeling-medical-barcelona","status":"publish","type":"page","link":"https:\/\/www.lopezgil.com\/fr\/traitements\/rajeunissement-facial-et-resurfacing-barcelona\/peeling-medical-barcelona\/","title":{"rendered":"Peeling m\u00e9dical"},"content":{"rendered":"<div id=\"fb-root\"><\/div>\n<p style=\"text-align: justify;\">[vc_row][vc_column][vc_row_inner][vc_column_inner]<script type=\"text\/javascript\">jQuery(function() { _initLayerSlider( '#layerslider_90_ffjwydoq49cn', {sliderVersion: '', responsiveUnder: 0, layersContainer: 0, hideUnder: 0, hideOver: 100000, pauseOnHover: 1, skin: 'v5', sliderFadeInDuration: 350, useSrcset: true, skinsPath: 'https:\/\/www.lopezgil.com\/wp-content\/plugins\/LayerSlider\/assets\/static\/layerslider\/skins\/', type: 'responsive', showCircleTimer: false, performanceMode: true}); });<\/script><div id=\"layerslider_90_ffjwydoq49cn\" class=\"ls-wp-container fitvidsignore\" style=\"width:600px;height:200px;margin:0 auto;margin-bottom: 0px;\"><div class=\"ls-slide\" data-ls=\"duration:4000;\"><img loading=\"lazy\" decoding=\"async\" width=\"600\" height=\"200\" src=\"https:\/\/www.lopezgil.com\/wp-content\/uploads\/drlopezgil-dermatologia-barcelona-600x200-peeling-quimico-rejuvenecimiento-tratamientos-estetica.jpg\" class=\"ls-bg\" alt=\"dr-lopez-gil-dermatologia-barcelona-600x200-peeling-quimico-rejuvenecimiento-tratamientos-estetica-clinica\" srcset=\"https:\/\/www.lopezgil.com\/wp-content\/uploads\/drlopezgil-dermatologia-barcelona-600x200-peeling-quimico-rejuvenecimiento-tratamientos-estetica.jpg 600w, https:\/\/www.lopezgil.com\/wp-content\/uploads\/drlopezgil-dermatologia-barcelona-600x200-peeling-quimico-rejuvenecimiento-tratamientos-estetica-300x100.jpg 300w\" sizes=\"auto, (max-width: 600px) 100vw, 600px\" \/><\/div><\/div>[\/vc_column_inner][\/vc_row_inner][\/vc_column][\/vc_row][vc_row][vc_column width=&#8221;3\/4&#8243; css=&#8221;.vc_custom_1473066092346{margin-top: 0px !important;}&#8221;][vc_column_text css=&#8221;.vc_custom_1473066053815{margin-top: 0px !important;}&#8221;]\n<p style=\"text-align: justify;\">Les peelings chimiques et physiques sont l&#8217;une des proc\u00e9dures esth\u00e9tiques les plus populaires, car elles sont tr\u00e8s simples \u00e0 appliquer, ont un profil de s\u00e9curit\u00e9 tr\u00e8s \u00e9lev\u00e9 et offrent un r\u00e9sultat\/risque\/avantage tr\u00e8s satisfaisant. La combinaison ou non avec d&#8217;autres proc\u00e9dures permettra le d\u00e9veloppement d&#8217;un programme personnalis\u00e9 de rajeunissement pour le patient.<\/p>\n<h2 style=\"text-align: justify;\"><span style=\"color: #75c9d3;\"><strong>Traitement<\/strong><\/span><\/h2>\n<p style=\"text-align: justify;\">Un <strong>peeling chimique<\/strong> consiste en l&#8217;application d&#8217;une solution acide sur la peau, qui est autoris\u00e9e \u00e0 agir et est ensuite neutralis\u00e9e ou retir\u00e9e. L&#8217;acide \u00e9limine les couches les plus superficielles de la peau et leur permet de se renouveler dans les jours qui suivent la proc\u00e9dure, ce qui rend l&#8217;apparence de la peau plus tendue et brillante.<\/p>\n<p style=\"text-align: justify;\">Si on l&#8217;effectu\u00e9 p\u00e9riodiquement, il est possible d&#8217;am\u00e9liorer progressivement la taille des pores, les taches, l&#8217;acn\u00e9 et les rides d&#8217;expression plus minces. Avec une seule session, vous remarquerez un effet flash qui peut \u00eatre tr\u00e8s utile pour pr\u00e9parer la peau pour un \u00e9v\u00e9nement.<\/p>\n<p style=\"text-align: justify;\"><u>TYPES:<\/u><\/p>\n<ul style=\"text-align: justify;\">\n<li><u>Acide trichloroac\u00e9tique ou TCA (15% -30%)<\/u>: sp\u00e9cialement con\u00e7u pour minimiser les effets du passage du temps ainsi que pour traiter les marques d&#8217;acn\u00e9.<\/li>\n<li><u>Acide glycolique (40-75%)<\/u>: indiqu\u00e9 pour minimiser le photovieillissement de la peau.<\/li>\n<li><u>Acide salicylique (30%)<\/u>: tr\u00e8s utile pour le traitement de l&#8217;acn\u00e9 active et de ses cicatrices.<\/li>\n<\/ul>\n<p style=\"text-align: justify;\">Le grand avantage de ce traitement est qu&#8217;il ne forme pas de cro\u00fbtes et permet de maintenir le rythme de vie normal apr\u00e8s la proc\u00e9dure. Il est tr\u00e8s important d&#8217;\u00eatre constant avec l&#8217;\u00e9cran solaire une fois que le peeling a \u00e9t\u00e9 r\u00e9alis\u00e9 pour prot\u00e9ger la peau.<\/p>\n<p style=\"text-align: justify;\">Actuellement, on utilise \u00e9galement des <strong>peelings physiques<\/strong>, au moyen du laser \u00e0 l&#8217;Erbium Fractionn\u00e9 non ablatif ou du laser \u00e0 CO2 Fractionn\u00e9 ablatif. Ces dispositifs permettent de r\u00e9aliser une r\u00e9novation des couches les plus superficielles de la peau gr\u00e2ce au chauffage de l&#8217;eau des tissus. L&#8217;effet est plus rapide que dans les peelings chimiques.<\/p>\n<p class=\"p1\" style=\"text-align: justify;\"><span class=\"s1\">Pour plus d\u2019informations: cliquez\u00a0<a href=\"https:\/\/www.lopezgil.com\/fr\/dermatologie-esthetique-barcelona\/rajeunissement-facial-et-resurfacing-barcelona\/\"><span class=\"s2\">ici<\/span><\/a><\/span><\/p>\n","protected":false},"excerpt":{"rendered":"<p>[vc_row][vc_column][vc_row_inner][vc_column_inner][\/vc_column_inner][\/vc_row_inner][\/vc_column][\/vc_row][vc_row][vc_column width=&#8221;3\/4&#8243; css=&#8221;.vc_custom_1473066092346{margin-top: 0px !important;}&#8221;][vc_column_text css=&#8221;.vc_custom_1473066053815{margin-top: 0px !important;}&#8221;] Les peelings chimiques et physiques sont l&#8217;une des proc\u00e9dures esth\u00e9tiques les plus populaires, car elles sont tr\u00e8s simples \u00e0 appliquer, ont un profil de s\u00e9curit\u00e9 tr\u00e8s \u00e9lev\u00e9 et offrent un r\u00e9sultat\/risque\/avantage tr\u00e8s satisfaisant. La combinaison ou non avec d&#8217;autres proc\u00e9dures permettra le d\u00e9veloppement d&#8217;un programme personnalis\u00e9 de [&hellip;]<\/p>\n","protected":false},"author":5,"featured_media":0,"parent":3434,"menu_order":0,"comment_status":"closed","ping_status":"closed","template":"soulmedic\/tpl-feature.php","meta":{"footnotes":""},"class_list":["post-3421","page","type-page","status-publish","hentry"],"yoast_head":"<!-- This site is optimized with the Yoast SEO plugin v19.12 - https:\/\/yoast.com\/wordpress\/plugins\/seo\/ -->\n<title>Peeling m\u00e9dical | Dr. Lopez Gil | Clinique Teknon, Barcelone<\/title>\n<meta name=\"description\" content=\"Peeling chimique. R\u00e9duit les rides et \u00e9limine les taches sur la peau. Clinique esth\u00e9tique dermatologique avec la technologie la plus avanc\u00e9e.\" \/>\n<meta name=\"robots\" content=\"index, follow, max-snippet:-1, max-image-preview:large, max-video-preview:-1\" \/>\n<link rel=\"canonical\" href=\"https:\/\/www.lopezgil.com\/fr\/traitements\/rajeunissement-facial-et-resurfacing-barcelona\/peeling-medical-barcelona\/\" \/>\n<meta property=\"og:locale\" content=\"fr_FR\" \/>\n<meta property=\"og:type\" content=\"article\" \/>\n<meta property=\"og:title\" content=\"Peeling m\u00e9dical | Dr. Lopez Gil | Clinique Teknon, Barcelone\" \/>\n<meta property=\"og:description\" content=\"Peeling chimique. R\u00e9duit les rides et \u00e9limine les taches sur la peau. Clinique esth\u00e9tique dermatologique avec la technologie la plus avanc\u00e9e.\" \/>\n<meta property=\"og:url\" content=\"https:\/\/www.lopezgil.com\/fr\/traitements\/rajeunissement-facial-et-resurfacing-barcelona\/peeling-medical-barcelona\/\" \/>\n<meta property=\"og:site_name\" content=\"Dr. Lopez Gil\" \/>\n<meta property=\"article:modified_time\" content=\"2019-12-10T11:08:55+00:00\" \/>\n<meta name=\"twitter:card\" content=\"summary_large_image\" \/>\n<meta name=\"twitter:label1\" content=\"Est. reading time\" \/>\n\t<meta name=\"twitter:data1\" content=\"2 minutes\" \/>\n<script type=\"application\/ld+json\" class=\"yoast-schema-graph\">{\"@context\":\"https:\/\/schema.org\",\"@graph\":[{\"@type\":\"WebPage\",\"@id\":\"https:\/\/www.lopezgil.com\/fr\/traitements\/rajeunissement-facial-et-resurfacing-barcelona\/peeling-medical-barcelona\/\",\"url\":\"https:\/\/www.lopezgil.com\/fr\/traitements\/rajeunissement-facial-et-resurfacing-barcelona\/peeling-medical-barcelona\/\",\"name\":\"Peeling m\u00e9dical | Dr. Lopez Gil | Clinique Teknon, Barcelone\",\"isPartOf\":{\"@id\":\"https:\/\/www.lopezgil.com\/ca\/#website\"},\"datePublished\":\"2016-07-18T10:24:37+00:00\",\"dateModified\":\"2019-12-10T11:08:55+00:00\",\"description\":\"Peeling chimique. R\u00e9duit les rides et \u00e9limine les taches sur la peau. Clinique esth\u00e9tique dermatologique avec la technologie la plus avanc\u00e9e.\",\"breadcrumb\":{\"@id\":\"https:\/\/www.lopezgil.com\/fr\/traitements\/rajeunissement-facial-et-resurfacing-barcelona\/peeling-medical-barcelona\/#breadcrumb\"},\"inLanguage\":\"fr-FR\",\"potentialAction\":[{\"@type\":\"ReadAction\",\"target\":[\"https:\/\/www.lopezgil.com\/fr\/traitements\/rajeunissement-facial-et-resurfacing-barcelona\/peeling-medical-barcelona\/\"]}]},{\"@type\":\"BreadcrumbList\",\"@id\":\"https:\/\/www.lopezgil.com\/fr\/traitements\/rajeunissement-facial-et-resurfacing-barcelona\/peeling-medical-barcelona\/#breadcrumb\",\"itemListElement\":[{\"@type\":\"ListItem\",\"position\":1,\"name\":\"Portada\",\"item\":\"https:\/\/www.lopezgil.com\/fr\/\"},{\"@type\":\"ListItem\",\"position\":2,\"name\":\"Traitements\",\"item\":\"https:\/\/www.lopezgil.com\/fr\/traitements\/\"},{\"@type\":\"ListItem\",\"position\":3,\"name\":\"Rajeunissement facial et resurfacing\",\"item\":\"https:\/\/www.lopezgil.com\/fr\/traitements\/rajeunissement-facial-et-resurfacing-barcelona\/\"},{\"@type\":\"ListItem\",\"position\":4,\"name\":\"Peeling m\u00e9dical\"}]},{\"@type\":\"WebSite\",\"@id\":\"https:\/\/www.lopezgil.com\/ca\/#website\",\"url\":\"https:\/\/www.lopezgil.com\/ca\/\",\"name\":\"Dr. Lopez Gil\",\"description\":\"Dermat\u00f3logo Barcelona\",\"potentialAction\":[{\"@type\":\"SearchAction\",\"target\":{\"@type\":\"EntryPoint\",\"urlTemplate\":\"https:\/\/www.lopezgil.com\/ca\/?s={search_term_string}\"},\"query-input\":\"required name=search_term_string\"}],\"inLanguage\":\"fr-FR\"}]}<\/script>\n<!-- \/ Yoast SEO plugin. -->","yoast_head_json":{"title":"Peeling m\u00e9dical | Dr. Lopez Gil | Clinique Teknon, Barcelone","description":"Peeling chimique. R\u00e9duit les rides et \u00e9limine les taches sur la peau. Clinique esth\u00e9tique dermatologique avec la technologie la plus avanc\u00e9e.","robots":{"index":"index","follow":"follow","max-snippet":"max-snippet:-1","max-image-preview":"max-image-preview:large","max-video-preview":"max-video-preview:-1"},"canonical":"https:\/\/www.lopezgil.com\/fr\/traitements\/rajeunissement-facial-et-resurfacing-barcelona\/peeling-medical-barcelona\/","og_locale":"fr_FR","og_type":"article","og_title":"Peeling m\u00e9dical | Dr. Lopez Gil | Clinique Teknon, Barcelone","og_description":"Peeling chimique. R\u00e9duit les rides et \u00e9limine les taches sur la peau. Clinique esth\u00e9tique dermatologique avec la technologie la plus avanc\u00e9e.","og_url":"https:\/\/www.lopezgil.com\/fr\/traitements\/rajeunissement-facial-et-resurfacing-barcelona\/peeling-medical-barcelona\/","og_site_name":"Dr. Lopez Gil","article_modified_time":"2019-12-10T11:08:55+00:00","twitter_card":"summary_large_image","twitter_misc":{"Est. reading time":"2 minutes"},"schema":{"@context":"https:\/\/schema.org","@graph":[{"@type":"WebPage","@id":"https:\/\/www.lopezgil.com\/fr\/traitements\/rajeunissement-facial-et-resurfacing-barcelona\/peeling-medical-barcelona\/","url":"https:\/\/www.lopezgil.com\/fr\/traitements\/rajeunissement-facial-et-resurfacing-barcelona\/peeling-medical-barcelona\/","name":"Peeling m\u00e9dical | Dr. Lopez Gil | Clinique Teknon, Barcelone","isPartOf":{"@id":"https:\/\/www.lopezgil.com\/ca\/#website"},"datePublished":"2016-07-18T10:24:37+00:00","dateModified":"2019-12-10T11:08:55+00:00","description":"Peeling chimique. R\u00e9duit les rides et \u00e9limine les taches sur la peau. Clinique esth\u00e9tique dermatologique avec la technologie la plus avanc\u00e9e.","breadcrumb":{"@id":"https:\/\/www.lopezgil.com\/fr\/traitements\/rajeunissement-facial-et-resurfacing-barcelona\/peeling-medical-barcelona\/#breadcrumb"},"inLanguage":"fr-FR","potentialAction":[{"@type":"ReadAction","target":["https:\/\/www.lopezgil.com\/fr\/traitements\/rajeunissement-facial-et-resurfacing-barcelona\/peeling-medical-barcelona\/"]}]},{"@type":"BreadcrumbList","@id":"https:\/\/www.lopezgil.com\/fr\/traitements\/rajeunissement-facial-et-resurfacing-barcelona\/peeling-medical-barcelona\/#breadcrumb","itemListElement":[{"@type":"ListItem","position":1,"name":"Portada","item":"https:\/\/www.lopezgil.com\/fr\/"},{"@type":"ListItem","position":2,"name":"Traitements","item":"https:\/\/www.lopezgil.com\/fr\/traitements\/"},{"@type":"ListItem","position":3,"name":"Rajeunissement facial et resurfacing","item":"https:\/\/www.lopezgil.com\/fr\/traitements\/rajeunissement-facial-et-resurfacing-barcelona\/"},{"@type":"ListItem","position":4,"name":"Peeling m\u00e9dical"}]},{"@type":"WebSite","@id":"https:\/\/www.lopezgil.com\/ca\/#website","url":"https:\/\/www.lopezgil.com\/ca\/","name":"Dr. Lopez Gil","description":"Dermat\u00f3logo Barcelona","potentialAction":[{"@type":"SearchAction","target":{"@type":"EntryPoint","urlTemplate":"https:\/\/www.lopezgil.com\/ca\/?s={search_term_string}"},"query-input":"required name=search_term_string"}],"inLanguage":"fr-FR"}]}},"_links":{"self":[{"href":"https:\/\/www.lopezgil.com\/fr\/wp-json\/wp\/v2\/pages\/3421","targetHints":{"allow":["GET"]}}],"collection":[{"href":"https:\/\/www.lopezgil.com\/fr\/wp-json\/wp\/v2\/pages"}],"about":[{"href":"https:\/\/www.lopezgil.com\/fr\/wp-json\/wp\/v2\/types\/page"}],"author":[{"embeddable":true,"href":"https:\/\/www.lopezgil.com\/fr\/wp-json\/wp\/v2\/users\/5"}],"replies":[{"embeddable":true,"href":"https:\/\/www.lopezgil.com\/fr\/wp-json\/wp\/v2\/comments?post=3421"}],"version-history":[{"count":2,"href":"https:\/\/www.lopezgil.com\/fr\/wp-json\/wp\/v2\/pages\/3421\/revisions"}],"predecessor-version":[{"id":3423,"href":"https:\/\/www.lopezgil.com\/fr\/wp-json\/wp\/v2\/pages\/3421\/revisions\/3423"}],"up":[{"embeddable":true,"href":"https:\/\/www.lopezgil.com\/fr\/wp-json\/wp\/v2\/pages\/3434"}],"wp:attachment":[{"href":"https:\/\/www.lopezgil.com\/fr\/wp-json\/wp\/v2\/media?parent=3421"}],"curies":[{"name":"wp","href":"https:\/\/api.w.org\/{rel}","templated":true}]}}