{"id":3416,"date":"2016-07-18T10:24:56","date_gmt":"2016-07-18T10:24:56","guid":{"rendered":"https:\/\/www.lopezgil.com\/botulinal-toxin-infiltrations-barcelona\/"},"modified":"2019-12-10T12:34:04","modified_gmt":"2019-12-10T12:34:04","slug":"infiltrations-de-la-toxine-botulinique-barcelona","status":"publish","type":"page","link":"https:\/\/www.lopezgil.com\/fr\/traitements\/rajeunissement-facial-et-resurfacing-barcelona\/infiltrations-de-la-toxine-botulinique-barcelona\/","title":{"rendered":"Infiltrations de la toxine botulinique"},"content":{"rendered":"<div id=\"fb-root\"><\/div>\n<p style=\"text-align: justify;\">[vc_row][vc_column][vc_row_inner][vc_column_inner]<script type=\"text\/javascript\">jQuery(function() { _initLayerSlider( '#layerslider_87_p7u55ystsdh7', {sliderVersion: '', responsiveUnder: 0, layersContainer: 0, hideUnder: 0, hideOver: 100000, pauseOnHover: 1, skin: 'v5', sliderFadeInDuration: 350, useSrcset: true, skinsPath: 'https:\/\/www.lopezgil.com\/wp-content\/plugins\/LayerSlider\/assets\/static\/layerslider\/skins\/', type: 'responsive', showCircleTimer: false, performanceMode: true}); });<\/script><div id=\"layerslider_87_p7u55ystsdh7\" class=\"ls-wp-container fitvidsignore\" style=\"width:600px;height:200px;margin:0 auto;margin-bottom: 0px;\"><div class=\"ls-slide\" data-ls=\"duration:4000;\"><img loading=\"lazy\" decoding=\"async\" width=\"600\" height=\"200\" src=\"https:\/\/www.lopezgil.com\/wp-content\/uploads\/drlopezgil-dermatologia-barcelona-600x200-toxina-botulinica-botox-infiltraciones-rejuvenecimiento-tratamientos-estetica.jpg\" class=\"ls-bg\" alt=\"dr-lopez-gil-dermatologia-barcelona-toxina-botulinica-botox-infiltraciones-rejuvenecimiento-tratamientos-estetica-clinica-dermatologo\" srcset=\"https:\/\/www.lopezgil.com\/wp-content\/uploads\/drlopezgil-dermatologia-barcelona-600x200-toxina-botulinica-botox-infiltraciones-rejuvenecimiento-tratamientos-estetica.jpg 600w, https:\/\/www.lopezgil.com\/wp-content\/uploads\/drlopezgil-dermatologia-barcelona-600x200-toxina-botulinica-botox-infiltraciones-rejuvenecimiento-tratamientos-estetica-300x100.jpg 300w\" sizes=\"auto, (max-width: 600px) 100vw, 600px\" \/><\/div><\/div>[\/vc_column_inner][\/vc_row_inner][\/vc_column][\/vc_row][vc_row][vc_column width=&#8221;3\/4&#8243; css=&#8221;.vc_custom_1473066092346{margin-top: 0px !important;}&#8221;][vc_column_text css=&#8221;.vc_custom_1473066053815{margin-top: 0px !important;}&#8221;]\n<p style=\"text-align: justify;\">Le traitement par la toxine botulique aide \u00e0 \u00e9liminer les rides ou les lignes d&#8217;expression dynamiques dans la moiti\u00e9 sup\u00e9rieure du visage, rajeunissant le visage du patient sans perdre l&#8217;expression naturelle ou faciale lors de la relaxation des muscles trait\u00e9s.<\/p>\n<h2 style=\"text-align: justify;\"><span style=\"color: #75c9d3;\"><strong>Treatment<\/strong><\/span><\/h2>\n<p style=\"text-align: justify;\">La toxine botulinique est une prot\u00e9ine naturelle purifi\u00e9e dont l&#8217;objectif est d&#8217;obtenir une relaxation temporaire des muscles faciaux trait\u00e9s dans le but d&#8217;obtenir une peau lisse qui continue \u00e0 exprimer les \u00e9motions.<\/p>\n<p style=\"text-align: justify;\">Les zones habituellement trait\u00e9es sont:<\/p>\n<ul style=\"text-align: justify;\">\n<li>Rides des sourcils<\/li>\n<li>Rides sur le front<\/li>\n<li>Rides des l\u00e8vres et commissures de la bouche \u00e0 la descente<\/li>\n<li>Rides p\u00e9ribuccales<\/li>\n<li>Rides p\u00e9riorbiculaires<\/li>\n<li>Rides verticales du cou<\/li>\n<\/ul>\n<p style=\"text-align: justify;\">C&#8217;est une proc\u00e9dure qui ne n\u00e9cessite pas d&#8217;anesth\u00e9sie et est tr\u00e8s s\u00fbre car elle est utilis\u00e9e en petites quantit\u00e9s. Cela affecte uniquement le muscle trait\u00e9, de sorte que le reste de la musculature n&#8217;est pas modifi\u00e9. Apr\u00e8s la proc\u00e9dure, une l\u00e9g\u00e8re rougeur peut appara\u00eetre dans les zones trait\u00e9es.<\/p>\n<p style=\"text-align: justify;\">Ce n&#8217;est pas un traitement instantan\u00e9, comme les r\u00e9sultats commencent \u00e0 s&#8217;appr\u00e9cier depuis le troisi\u00e8me jour et tout s&#8217;harmonise \u00e0 partir d&#8217;une semaine. \u00c0 15 jours de traitement, une deuxi\u00e8me session est toujours r\u00e9alis\u00e9e pour retoucher les petites imperfections qui peuvent survenir ou \u00e9galer les asym\u00e9tries minimales.<\/p>\n<p style=\"text-align: justify;\">Les effets durent habituellement environ 6 mois, en fonction de la mobilit\u00e9 des muscles trait\u00e9s et sont r\u00e9versibles.<\/p>\n<h2 style=\"text-align: justify;\"><span style=\"color: #75c9d3;\"><strong>Recommandations post-traitement<\/strong><\/span><\/h2>\n<ul style=\"text-align: justify;\">\n<li>Masser la zone trait\u00e9e les 24 heures suivantes<\/li>\n<li>Aller \u00e0 la piscine ou au sauna<\/li>\n<li>Se coucher face cach\u00e9e<\/li>\n<li>Effectuer une activit\u00e9 physique impliquant des mouvements avec la t\u00eate vers le bas<\/li>\n<\/ul>\n<p class=\"p1\" style=\"text-align: justify;\"><span class=\"s1\">Pour plus d\u2019informations: cliquez\u00a0<a href=\"https:\/\/www.lopezgil.com\/fr\/dermatologie-esthetique-barcelona\/les-rides-et-les-lignes-dexpression\/\"><span class=\"s2\">ici<\/span><\/a><\/span><\/p>\n","protected":false},"excerpt":{"rendered":"<p>[vc_row][vc_column][vc_row_inner][vc_column_inner][\/vc_column_inner][\/vc_row_inner][\/vc_column][\/vc_row][vc_row][vc_column width=&#8221;3\/4&#8243; css=&#8221;.vc_custom_1473066092346{margin-top: 0px !important;}&#8221;][vc_column_text css=&#8221;.vc_custom_1473066053815{margin-top: 0px !important;}&#8221;] Le traitement par la toxine botulique aide \u00e0 \u00e9liminer les rides ou les lignes d&#8217;expression dynamiques dans la moiti\u00e9 sup\u00e9rieure du visage, rajeunissant le visage du patient sans perdre l&#8217;expression naturelle ou faciale lors de la relaxation des muscles trait\u00e9s. Treatment La toxine botulinique est une prot\u00e9ine [&hellip;]<\/p>\n","protected":false},"author":5,"featured_media":0,"parent":3434,"menu_order":0,"comment_status":"closed","ping_status":"closed","template":"soulmedic\/tpl-feature.php","meta":{"footnotes":""},"class_list":["post-3416","page","type-page","status-publish","hentry"],"yoast_head":"<!-- This site is optimized with the Yoast SEO plugin v19.12 - https:\/\/yoast.com\/wordpress\/plugins\/seo\/ -->\n<title>Infiltrations toxine botulinique | Dr. Lopez Gil|Clinique Esth\u00e9tique Barcelona<\/title>\n<meta name=\"description\" content=\"R\u00e9duisez vos rides avec des infiltrations de botulique ou de toxine botulique. Clinique esth\u00e9tique dermatologique avec la technologie la plus avanc\u00e9e.\" \/>\n<meta name=\"robots\" content=\"index, follow, max-snippet:-1, max-image-preview:large, max-video-preview:-1\" \/>\n<link rel=\"canonical\" href=\"https:\/\/www.lopezgil.com\/fr\/traitements\/rajeunissement-facial-et-resurfacing-barcelona\/infiltrations-de-la-toxine-botulinique-barcelona\/\" \/>\n<meta property=\"og:locale\" content=\"fr_FR\" \/>\n<meta property=\"og:type\" content=\"article\" \/>\n<meta property=\"og:title\" content=\"Infiltrations toxine botulinique | Dr. Lopez Gil|Clinique Esth\u00e9tique Barcelona\" \/>\n<meta property=\"og:description\" content=\"R\u00e9duisez vos rides avec des infiltrations de botulique ou de toxine botulique. Clinique esth\u00e9tique dermatologique avec la technologie la plus avanc\u00e9e.\" \/>\n<meta property=\"og:url\" content=\"https:\/\/www.lopezgil.com\/fr\/traitements\/rajeunissement-facial-et-resurfacing-barcelona\/infiltrations-de-la-toxine-botulinique-barcelona\/\" \/>\n<meta property=\"og:site_name\" content=\"Dr. Lopez Gil\" \/>\n<meta property=\"article:modified_time\" content=\"2019-12-10T12:34:04+00:00\" \/>\n<meta name=\"twitter:card\" content=\"summary_large_image\" \/>\n<meta name=\"twitter:label1\" content=\"Est. reading time\" \/>\n\t<meta name=\"twitter:data1\" content=\"2 minutes\" \/>\n<script type=\"application\/ld+json\" class=\"yoast-schema-graph\">{\"@context\":\"https:\/\/schema.org\",\"@graph\":[{\"@type\":\"WebPage\",\"@id\":\"https:\/\/www.lopezgil.com\/fr\/traitements\/rajeunissement-facial-et-resurfacing-barcelona\/infiltrations-de-la-toxine-botulinique-barcelona\/\",\"url\":\"https:\/\/www.lopezgil.com\/fr\/traitements\/rajeunissement-facial-et-resurfacing-barcelona\/infiltrations-de-la-toxine-botulinique-barcelona\/\",\"name\":\"Infiltrations toxine botulinique | Dr. Lopez Gil|Clinique Esth\u00e9tique Barcelona\",\"isPartOf\":{\"@id\":\"https:\/\/www.lopezgil.com\/ca\/#website\"},\"datePublished\":\"2016-07-18T10:24:56+00:00\",\"dateModified\":\"2019-12-10T12:34:04+00:00\",\"description\":\"R\u00e9duisez vos rides avec des infiltrations de botulique ou de toxine botulique. Clinique esth\u00e9tique dermatologique avec la technologie la plus avanc\u00e9e.\",\"breadcrumb\":{\"@id\":\"https:\/\/www.lopezgil.com\/fr\/traitements\/rajeunissement-facial-et-resurfacing-barcelona\/infiltrations-de-la-toxine-botulinique-barcelona\/#breadcrumb\"},\"inLanguage\":\"fr-FR\",\"potentialAction\":[{\"@type\":\"ReadAction\",\"target\":[\"https:\/\/www.lopezgil.com\/fr\/traitements\/rajeunissement-facial-et-resurfacing-barcelona\/infiltrations-de-la-toxine-botulinique-barcelona\/\"]}]},{\"@type\":\"BreadcrumbList\",\"@id\":\"https:\/\/www.lopezgil.com\/fr\/traitements\/rajeunissement-facial-et-resurfacing-barcelona\/infiltrations-de-la-toxine-botulinique-barcelona\/#breadcrumb\",\"itemListElement\":[{\"@type\":\"ListItem\",\"position\":1,\"name\":\"Portada\",\"item\":\"https:\/\/www.lopezgil.com\/fr\/\"},{\"@type\":\"ListItem\",\"position\":2,\"name\":\"Traitements\",\"item\":\"https:\/\/www.lopezgil.com\/fr\/traitements\/\"},{\"@type\":\"ListItem\",\"position\":3,\"name\":\"Rajeunissement facial et resurfacing\",\"item\":\"https:\/\/www.lopezgil.com\/fr\/traitements\/rajeunissement-facial-et-resurfacing-barcelona\/\"},{\"@type\":\"ListItem\",\"position\":4,\"name\":\"Infiltrations de la toxine botulinique\"}]},{\"@type\":\"WebSite\",\"@id\":\"https:\/\/www.lopezgil.com\/ca\/#website\",\"url\":\"https:\/\/www.lopezgil.com\/ca\/\",\"name\":\"Dr. Lopez Gil\",\"description\":\"Dermat\u00f3logo Barcelona\",\"potentialAction\":[{\"@type\":\"SearchAction\",\"target\":{\"@type\":\"EntryPoint\",\"urlTemplate\":\"https:\/\/www.lopezgil.com\/ca\/?s={search_term_string}\"},\"query-input\":\"required name=search_term_string\"}],\"inLanguage\":\"fr-FR\"}]}<\/script>\n<!-- \/ Yoast SEO plugin. -->","yoast_head_json":{"title":"Infiltrations toxine botulinique | Dr. Lopez Gil|Clinique Esth\u00e9tique Barcelona","description":"R\u00e9duisez vos rides avec des infiltrations de botulique ou de toxine botulique. Clinique esth\u00e9tique dermatologique avec la technologie la plus avanc\u00e9e.","robots":{"index":"index","follow":"follow","max-snippet":"max-snippet:-1","max-image-preview":"max-image-preview:large","max-video-preview":"max-video-preview:-1"},"canonical":"https:\/\/www.lopezgil.com\/fr\/traitements\/rajeunissement-facial-et-resurfacing-barcelona\/infiltrations-de-la-toxine-botulinique-barcelona\/","og_locale":"fr_FR","og_type":"article","og_title":"Infiltrations toxine botulinique | Dr. Lopez Gil|Clinique Esth\u00e9tique Barcelona","og_description":"R\u00e9duisez vos rides avec des infiltrations de botulique ou de toxine botulique. Clinique esth\u00e9tique dermatologique avec la technologie la plus avanc\u00e9e.","og_url":"https:\/\/www.lopezgil.com\/fr\/traitements\/rajeunissement-facial-et-resurfacing-barcelona\/infiltrations-de-la-toxine-botulinique-barcelona\/","og_site_name":"Dr. Lopez Gil","article_modified_time":"2019-12-10T12:34:04+00:00","twitter_card":"summary_large_image","twitter_misc":{"Est. reading time":"2 minutes"},"schema":{"@context":"https:\/\/schema.org","@graph":[{"@type":"WebPage","@id":"https:\/\/www.lopezgil.com\/fr\/traitements\/rajeunissement-facial-et-resurfacing-barcelona\/infiltrations-de-la-toxine-botulinique-barcelona\/","url":"https:\/\/www.lopezgil.com\/fr\/traitements\/rajeunissement-facial-et-resurfacing-barcelona\/infiltrations-de-la-toxine-botulinique-barcelona\/","name":"Infiltrations toxine botulinique | Dr. Lopez Gil|Clinique Esth\u00e9tique Barcelona","isPartOf":{"@id":"https:\/\/www.lopezgil.com\/ca\/#website"},"datePublished":"2016-07-18T10:24:56+00:00","dateModified":"2019-12-10T12:34:04+00:00","description":"R\u00e9duisez vos rides avec des infiltrations de botulique ou de toxine botulique. Clinique esth\u00e9tique dermatologique avec la technologie la plus avanc\u00e9e.","breadcrumb":{"@id":"https:\/\/www.lopezgil.com\/fr\/traitements\/rajeunissement-facial-et-resurfacing-barcelona\/infiltrations-de-la-toxine-botulinique-barcelona\/#breadcrumb"},"inLanguage":"fr-FR","potentialAction":[{"@type":"ReadAction","target":["https:\/\/www.lopezgil.com\/fr\/traitements\/rajeunissement-facial-et-resurfacing-barcelona\/infiltrations-de-la-toxine-botulinique-barcelona\/"]}]},{"@type":"BreadcrumbList","@id":"https:\/\/www.lopezgil.com\/fr\/traitements\/rajeunissement-facial-et-resurfacing-barcelona\/infiltrations-de-la-toxine-botulinique-barcelona\/#breadcrumb","itemListElement":[{"@type":"ListItem","position":1,"name":"Portada","item":"https:\/\/www.lopezgil.com\/fr\/"},{"@type":"ListItem","position":2,"name":"Traitements","item":"https:\/\/www.lopezgil.com\/fr\/traitements\/"},{"@type":"ListItem","position":3,"name":"Rajeunissement facial et resurfacing","item":"https:\/\/www.lopezgil.com\/fr\/traitements\/rajeunissement-facial-et-resurfacing-barcelona\/"},{"@type":"ListItem","position":4,"name":"Infiltrations de la toxine botulinique"}]},{"@type":"WebSite","@id":"https:\/\/www.lopezgil.com\/ca\/#website","url":"https:\/\/www.lopezgil.com\/ca\/","name":"Dr. Lopez Gil","description":"Dermat\u00f3logo Barcelona","potentialAction":[{"@type":"SearchAction","target":{"@type":"EntryPoint","urlTemplate":"https:\/\/www.lopezgil.com\/ca\/?s={search_term_string}"},"query-input":"required name=search_term_string"}],"inLanguage":"fr-FR"}]}},"_links":{"self":[{"href":"https:\/\/www.lopezgil.com\/fr\/wp-json\/wp\/v2\/pages\/3416","targetHints":{"allow":["GET"]}}],"collection":[{"href":"https:\/\/www.lopezgil.com\/fr\/wp-json\/wp\/v2\/pages"}],"about":[{"href":"https:\/\/www.lopezgil.com\/fr\/wp-json\/wp\/v2\/types\/page"}],"author":[{"embeddable":true,"href":"https:\/\/www.lopezgil.com\/fr\/wp-json\/wp\/v2\/users\/5"}],"replies":[{"embeddable":true,"href":"https:\/\/www.lopezgil.com\/fr\/wp-json\/wp\/v2\/comments?post=3416"}],"version-history":[{"count":2,"href":"https:\/\/www.lopezgil.com\/fr\/wp-json\/wp\/v2\/pages\/3416\/revisions"}],"predecessor-version":[{"id":3418,"href":"https:\/\/www.lopezgil.com\/fr\/wp-json\/wp\/v2\/pages\/3416\/revisions\/3418"}],"up":[{"embeddable":true,"href":"https:\/\/www.lopezgil.com\/fr\/wp-json\/wp\/v2\/pages\/3434"}],"wp:attachment":[{"href":"https:\/\/www.lopezgil.com\/fr\/wp-json\/wp\/v2\/media?parent=3416"}],"curies":[{"name":"wp","href":"https:\/\/api.w.org\/{rel}","templated":true}]}}