{"id":3413,"date":"2016-07-18T10:21:43","date_gmt":"2016-07-18T10:21:43","guid":{"rendered":"https:\/\/www.lopezgil.com\/hyaluronic-acid-infiltrations-barcelona\/"},"modified":"2019-12-09T15:03:41","modified_gmt":"2019-12-09T15:03:41","slug":"infiltrations-dacide-hyaluronique-barcelona","status":"publish","type":"page","link":"https:\/\/www.lopezgil.com\/fr\/traitements\/rajeunissement-facial-et-resurfacing-barcelona\/infiltrations-dacide-hyaluronique-barcelona\/","title":{"rendered":"Infiltrations d&#8217;acide hyaluronique"},"content":{"rendered":"<div id=\"fb-root\"><\/div>\n<p style=\"text-align: justify;\">[vc_row][vc_column][vc_row_inner][vc_column_inner]<script type=\"text\/javascript\">jQuery(function() { _initLayerSlider( '#layerslider_93_1mfm82wml3qk2', {sliderVersion: '', responsiveUnder: 0, layersContainer: 0, hideUnder: 0, hideOver: 100000, pauseOnHover: 1, skin: 'v5', sliderFadeInDuration: 350, useSrcset: true, skinsPath: 'https:\/\/www.lopezgil.com\/wp-content\/plugins\/LayerSlider\/assets\/static\/layerslider\/skins\/', type: 'responsive', showCircleTimer: false, performanceMode: true}); });<\/script><div id=\"layerslider_93_1mfm82wml3qk2\" class=\"ls-wp-container fitvidsignore\" style=\"width:600px;height:200px;margin:0 auto;margin-bottom: 0px;\"><div class=\"ls-slide\" data-ls=\"duration:4000;\"><img loading=\"lazy\" decoding=\"async\" width=\"600\" height=\"200\" src=\"https:\/\/www.lopezgil.com\/wp-content\/uploads\/drlopezgil-dermatologia-barcelona-600x200-acido-hialuronico-infiltraciones-rejuvenecimiento-tratamientos-estetica.jpg\" class=\"ls-bg\" alt=\"dr-lopez-gil-dermatologia-barcelona-600x200-acido-hialuronico-infiltraciones-rejuvenecimiento-tratamientos-estetica-clinica\" srcset=\"https:\/\/www.lopezgil.com\/wp-content\/uploads\/drlopezgil-dermatologia-barcelona-600x200-acido-hialuronico-infiltraciones-rejuvenecimiento-tratamientos-estetica.jpg 600w, https:\/\/www.lopezgil.com\/wp-content\/uploads\/drlopezgil-dermatologia-barcelona-600x200-acido-hialuronico-infiltraciones-rejuvenecimiento-tratamientos-estetica-300x100.jpg 300w\" sizes=\"auto, (max-width: 600px) 100vw, 600px\" \/><\/div><\/div>[\/vc_column_inner][\/vc_row_inner][\/vc_column][\/vc_row][vc_row][vc_column width=&#8221;3\/4&#8243; css=&#8221;.vc_custom_1473066092346{margin-top: 0px !important;}&#8221;][vc_column_text css=&#8221;.vc_custom_1473066053815{margin-top: 0px !important;}&#8221;]\n<p style=\"text-align: justify;\">Avec le passage du temps, apparaissent les signes basiques du vieillissement cutan\u00e9 tels que les lignes d&#8217;expression, les rides, l&#8217;affaissement, la perte de volume et les l\u00e8vres (voir le <a href=\"https:\/\/www.lopezgil.com\/fr\/dermatologie-esthetique-barcelona\/volume-des-levres\/\">remodelage des l\u00e8vres<\/a>) et les pommettes.<\/p>\n<p style=\"text-align: justify;\">Les comblements faciaux permettent de restaurer l&#8217;harmonie esth\u00e9tique du visage de mani\u00e8re rapide, minimalement invasive, simple et sans inconfort pour le patient.<\/p>\n<h2 style=\"text-align: justify;\"><span style=\"color: #75c9d3;\"><strong>Traitement<\/strong><\/span><\/h2>\n<p style=\"text-align: justify;\">Les infiltrations avec l&#8217;acide hyaluronique sont effectu\u00e9es par des piq\u00fbres avec une aiguille tr\u00e8s fine au niveau intra ou sous-dermique selon la profondeur des rides. Elles sont d\u00e9pos\u00e9es sur la base de la ride afin de r\u00e9tablir le volume et obtenir ainsi lisser la surface et l&#8217;\u00e9liminer.<\/p>\n<p style=\"text-align: justify;\">L&#8217;avantage de l&#8217;acide hyaluronique est qu&#8217;il contribue au volume \u00e0 travers l&#8217;espace occup\u00e9 par le m\u00eame gel et par sa capacit\u00e9 \u00e0 absorber et retenir l&#8217;eau, ainsi qu&#8217;\u00e0 sa capacit\u00e9 \u00e0 stimuler la production de nouveau collag\u00e8ne, offrant ainsi de la douceur, une apparence plus rajeunie et plus saine.<\/p>\n<p style=\"text-align: justify;\">Les effets des infiltrations sont imm\u00e9diats et m\u00eame comme \u00e7a les effets s&#8217;am\u00e9liorent au fil du temps car est quand r\u00e9ellement il se produit l&#8217;augmentation de l&#8217;\u00e9paisseur du derme et la stimulation de la prolif\u00e9ration des fibroblastes.<\/p>\n<p style=\"text-align: justify;\">Dure habituellement entre 9-12 mois en fonction de l&#8217;\u00e2ge, de la zone inject\u00e9e, la qualit\u00e9 de la peau et le mode de vie.<\/p>\n<p style=\"text-align: justify;\">Nous vous recommandons, pendant 24-48 heures apr\u00e8s le traitement, \u00e9viter gesticulations excessives et toute manipulation de la zone ou la masser.<\/p>\n<p style=\"text-align: justify;\">Comme effet secondaire, un petit h\u00e9matome, un gonflement ou une l\u00e9g\u00e8re rougeur peut appara\u00eetre dans la zone inject\u00e9e qui peut \u00eatre camoufl\u00e9e avec du maquillage.<\/p>\n<p class=\"p1\" style=\"text-align: justify;\"><span class=\"s1\">Pour plus d\u2019informations: cliquez\u00a0<a href=\"https:\/\/www.lopezgil.com\/fr\/dermatologie-esthetique-barcelona\/les-rides-et-les-lignes-dexpression\/\"><span class=\"s2\">ici<\/span><\/a><\/span><\/p>\n","protected":false},"excerpt":{"rendered":"<p>[vc_row][vc_column][vc_row_inner][vc_column_inner][\/vc_column_inner][\/vc_row_inner][\/vc_column][\/vc_row][vc_row][vc_column width=&#8221;3\/4&#8243; css=&#8221;.vc_custom_1473066092346{margin-top: 0px !important;}&#8221;][vc_column_text css=&#8221;.vc_custom_1473066053815{margin-top: 0px !important;}&#8221;] Avec le passage du temps, apparaissent les signes basiques du vieillissement cutan\u00e9 tels que les lignes d&#8217;expression, les rides, l&#8217;affaissement, la perte de volume et les l\u00e8vres (voir le remodelage des l\u00e8vres) et les pommettes. Les comblements faciaux permettent de restaurer l&#8217;harmonie esth\u00e9tique du visage de mani\u00e8re [&hellip;]<\/p>\n","protected":false},"author":5,"featured_media":0,"parent":3434,"menu_order":0,"comment_status":"closed","ping_status":"closed","template":"soulmedic\/tpl-feature.php","meta":{"footnotes":""},"class_list":["post-3413","page","type-page","status-publish","hentry"],"yoast_head":"<!-- This site is optimized with the Yoast SEO plugin v19.12 - https:\/\/yoast.com\/wordpress\/plugins\/seo\/ -->\n<title>Infiltrations d&#039;acide hyaluronique |Dr. Lopez Gil|Clinique anti-\u00e2ge Barcelona<\/title>\n<meta name=\"description\" content=\"Infiltration d&#039;acide hyaluronique. R\u00e9sultats de la premi\u00e8re session. Votre clinique anti-\u00e2ge faciale \u00e0 Barcelone. Diminuez vos rides. Demandez nous!\" \/>\n<meta name=\"robots\" content=\"index, follow, max-snippet:-1, max-image-preview:large, max-video-preview:-1\" \/>\n<link rel=\"canonical\" href=\"https:\/\/www.lopezgil.com\/fr\/traitements\/rajeunissement-facial-et-resurfacing-barcelona\/infiltrations-dacide-hyaluronique-barcelona\/\" \/>\n<meta property=\"og:locale\" content=\"fr_FR\" \/>\n<meta property=\"og:type\" content=\"article\" \/>\n<meta property=\"og:title\" content=\"Infiltrations d&#039;acide hyaluronique |Dr. Lopez Gil|Clinique anti-\u00e2ge Barcelona\" \/>\n<meta property=\"og:description\" content=\"Infiltration d&#039;acide hyaluronique. R\u00e9sultats de la premi\u00e8re session. Votre clinique anti-\u00e2ge faciale \u00e0 Barcelone. Diminuez vos rides. Demandez nous!\" \/>\n<meta property=\"og:url\" content=\"https:\/\/www.lopezgil.com\/fr\/traitements\/rajeunissement-facial-et-resurfacing-barcelona\/infiltrations-dacide-hyaluronique-barcelona\/\" \/>\n<meta property=\"og:site_name\" content=\"Dr. Lopez Gil\" \/>\n<meta property=\"article:modified_time\" content=\"2019-12-09T15:03:41+00:00\" \/>\n<meta name=\"twitter:card\" content=\"summary_large_image\" \/>\n<meta name=\"twitter:label1\" content=\"Est. reading time\" \/>\n\t<meta name=\"twitter:data1\" content=\"2 minutes\" \/>\n<script type=\"application\/ld+json\" class=\"yoast-schema-graph\">{\"@context\":\"https:\/\/schema.org\",\"@graph\":[{\"@type\":\"WebPage\",\"@id\":\"https:\/\/www.lopezgil.com\/fr\/traitements\/rajeunissement-facial-et-resurfacing-barcelona\/infiltrations-dacide-hyaluronique-barcelona\/\",\"url\":\"https:\/\/www.lopezgil.com\/fr\/traitements\/rajeunissement-facial-et-resurfacing-barcelona\/infiltrations-dacide-hyaluronique-barcelona\/\",\"name\":\"Infiltrations d'acide hyaluronique |Dr. Lopez Gil|Clinique anti-\u00e2ge Barcelona\",\"isPartOf\":{\"@id\":\"https:\/\/www.lopezgil.com\/ca\/#website\"},\"datePublished\":\"2016-07-18T10:21:43+00:00\",\"dateModified\":\"2019-12-09T15:03:41+00:00\",\"description\":\"Infiltration d'acide hyaluronique. R\u00e9sultats de la premi\u00e8re session. Votre clinique anti-\u00e2ge faciale \u00e0 Barcelone. Diminuez vos rides. Demandez nous!\",\"breadcrumb\":{\"@id\":\"https:\/\/www.lopezgil.com\/fr\/traitements\/rajeunissement-facial-et-resurfacing-barcelona\/infiltrations-dacide-hyaluronique-barcelona\/#breadcrumb\"},\"inLanguage\":\"fr-FR\",\"potentialAction\":[{\"@type\":\"ReadAction\",\"target\":[\"https:\/\/www.lopezgil.com\/fr\/traitements\/rajeunissement-facial-et-resurfacing-barcelona\/infiltrations-dacide-hyaluronique-barcelona\/\"]}]},{\"@type\":\"BreadcrumbList\",\"@id\":\"https:\/\/www.lopezgil.com\/fr\/traitements\/rajeunissement-facial-et-resurfacing-barcelona\/infiltrations-dacide-hyaluronique-barcelona\/#breadcrumb\",\"itemListElement\":[{\"@type\":\"ListItem\",\"position\":1,\"name\":\"Portada\",\"item\":\"https:\/\/www.lopezgil.com\/fr\/\"},{\"@type\":\"ListItem\",\"position\":2,\"name\":\"Traitements\",\"item\":\"https:\/\/www.lopezgil.com\/fr\/traitements\/\"},{\"@type\":\"ListItem\",\"position\":3,\"name\":\"Rajeunissement facial et resurfacing\",\"item\":\"https:\/\/www.lopezgil.com\/fr\/traitements\/rajeunissement-facial-et-resurfacing-barcelona\/\"},{\"@type\":\"ListItem\",\"position\":4,\"name\":\"Infiltrations d&#8217;acide hyaluronique\"}]},{\"@type\":\"WebSite\",\"@id\":\"https:\/\/www.lopezgil.com\/ca\/#website\",\"url\":\"https:\/\/www.lopezgil.com\/ca\/\",\"name\":\"Dr. Lopez Gil\",\"description\":\"Dermat\u00f3logo Barcelona\",\"potentialAction\":[{\"@type\":\"SearchAction\",\"target\":{\"@type\":\"EntryPoint\",\"urlTemplate\":\"https:\/\/www.lopezgil.com\/ca\/?s={search_term_string}\"},\"query-input\":\"required name=search_term_string\"}],\"inLanguage\":\"fr-FR\"}]}<\/script>\n<!-- \/ Yoast SEO plugin. -->","yoast_head_json":{"title":"Infiltrations d'acide hyaluronique |Dr. Lopez Gil|Clinique anti-\u00e2ge Barcelona","description":"Infiltration d'acide hyaluronique. R\u00e9sultats de la premi\u00e8re session. Votre clinique anti-\u00e2ge faciale \u00e0 Barcelone. Diminuez vos rides. Demandez nous!","robots":{"index":"index","follow":"follow","max-snippet":"max-snippet:-1","max-image-preview":"max-image-preview:large","max-video-preview":"max-video-preview:-1"},"canonical":"https:\/\/www.lopezgil.com\/fr\/traitements\/rajeunissement-facial-et-resurfacing-barcelona\/infiltrations-dacide-hyaluronique-barcelona\/","og_locale":"fr_FR","og_type":"article","og_title":"Infiltrations d'acide hyaluronique |Dr. Lopez Gil|Clinique anti-\u00e2ge Barcelona","og_description":"Infiltration d'acide hyaluronique. R\u00e9sultats de la premi\u00e8re session. Votre clinique anti-\u00e2ge faciale \u00e0 Barcelone. Diminuez vos rides. Demandez nous!","og_url":"https:\/\/www.lopezgil.com\/fr\/traitements\/rajeunissement-facial-et-resurfacing-barcelona\/infiltrations-dacide-hyaluronique-barcelona\/","og_site_name":"Dr. Lopez Gil","article_modified_time":"2019-12-09T15:03:41+00:00","twitter_card":"summary_large_image","twitter_misc":{"Est. reading time":"2 minutes"},"schema":{"@context":"https:\/\/schema.org","@graph":[{"@type":"WebPage","@id":"https:\/\/www.lopezgil.com\/fr\/traitements\/rajeunissement-facial-et-resurfacing-barcelona\/infiltrations-dacide-hyaluronique-barcelona\/","url":"https:\/\/www.lopezgil.com\/fr\/traitements\/rajeunissement-facial-et-resurfacing-barcelona\/infiltrations-dacide-hyaluronique-barcelona\/","name":"Infiltrations d'acide hyaluronique |Dr. Lopez Gil|Clinique anti-\u00e2ge Barcelona","isPartOf":{"@id":"https:\/\/www.lopezgil.com\/ca\/#website"},"datePublished":"2016-07-18T10:21:43+00:00","dateModified":"2019-12-09T15:03:41+00:00","description":"Infiltration d'acide hyaluronique. R\u00e9sultats de la premi\u00e8re session. Votre clinique anti-\u00e2ge faciale \u00e0 Barcelone. Diminuez vos rides. Demandez nous!","breadcrumb":{"@id":"https:\/\/www.lopezgil.com\/fr\/traitements\/rajeunissement-facial-et-resurfacing-barcelona\/infiltrations-dacide-hyaluronique-barcelona\/#breadcrumb"},"inLanguage":"fr-FR","potentialAction":[{"@type":"ReadAction","target":["https:\/\/www.lopezgil.com\/fr\/traitements\/rajeunissement-facial-et-resurfacing-barcelona\/infiltrations-dacide-hyaluronique-barcelona\/"]}]},{"@type":"BreadcrumbList","@id":"https:\/\/www.lopezgil.com\/fr\/traitements\/rajeunissement-facial-et-resurfacing-barcelona\/infiltrations-dacide-hyaluronique-barcelona\/#breadcrumb","itemListElement":[{"@type":"ListItem","position":1,"name":"Portada","item":"https:\/\/www.lopezgil.com\/fr\/"},{"@type":"ListItem","position":2,"name":"Traitements","item":"https:\/\/www.lopezgil.com\/fr\/traitements\/"},{"@type":"ListItem","position":3,"name":"Rajeunissement facial et resurfacing","item":"https:\/\/www.lopezgil.com\/fr\/traitements\/rajeunissement-facial-et-resurfacing-barcelona\/"},{"@type":"ListItem","position":4,"name":"Infiltrations d&#8217;acide hyaluronique"}]},{"@type":"WebSite","@id":"https:\/\/www.lopezgil.com\/ca\/#website","url":"https:\/\/www.lopezgil.com\/ca\/","name":"Dr. Lopez Gil","description":"Dermat\u00f3logo Barcelona","potentialAction":[{"@type":"SearchAction","target":{"@type":"EntryPoint","urlTemplate":"https:\/\/www.lopezgil.com\/ca\/?s={search_term_string}"},"query-input":"required name=search_term_string"}],"inLanguage":"fr-FR"}]}},"_links":{"self":[{"href":"https:\/\/www.lopezgil.com\/fr\/wp-json\/wp\/v2\/pages\/3413","targetHints":{"allow":["GET"]}}],"collection":[{"href":"https:\/\/www.lopezgil.com\/fr\/wp-json\/wp\/v2\/pages"}],"about":[{"href":"https:\/\/www.lopezgil.com\/fr\/wp-json\/wp\/v2\/types\/page"}],"author":[{"embeddable":true,"href":"https:\/\/www.lopezgil.com\/fr\/wp-json\/wp\/v2\/users\/5"}],"replies":[{"embeddable":true,"href":"https:\/\/www.lopezgil.com\/fr\/wp-json\/wp\/v2\/comments?post=3413"}],"version-history":[{"count":3,"href":"https:\/\/www.lopezgil.com\/fr\/wp-json\/wp\/v2\/pages\/3413\/revisions"}],"predecessor-version":[{"id":4972,"href":"https:\/\/www.lopezgil.com\/fr\/wp-json\/wp\/v2\/pages\/3413\/revisions\/4972"}],"up":[{"embeddable":true,"href":"https:\/\/www.lopezgil.com\/fr\/wp-json\/wp\/v2\/pages\/3434"}],"wp:attachment":[{"href":"https:\/\/www.lopezgil.com\/fr\/wp-json\/wp\/v2\/media?parent=3413"}],"curies":[{"name":"wp","href":"https:\/\/api.w.org\/{rel}","templated":true}]}}