{"id":3407,"date":"2016-07-18T10:31:14","date_gmt":"2016-07-18T10:31:14","guid":{"rendered":"https:\/\/www.lopezgil.com\/topical-oral-treatments\/"},"modified":"2019-12-10T16:24:59","modified_gmt":"2019-12-10T16:24:59","slug":"traitements-topiquesoraux","status":"publish","type":"page","link":"https:\/\/www.lopezgil.com\/fr\/traitements\/traitements-capillaires-barcelona\/traitements-topiquesoraux\/","title":{"rendered":"Traitements topiques\/oraux"},"content":{"rendered":"<div id=\"fb-root\"><\/div>\n<p style=\"text-align: justify;\">[vc_row][vc_column][vc_row_inner][vc_column_inner]<script type=\"text\/javascript\">jQuery(function() { _initLayerSlider( '#layerslider_95_gq85px54pp3m', {sliderVersion: '', responsiveUnder: 0, layersContainer: 0, hideUnder: 0, hideOver: 100000, pauseOnHover: 1, skin: 'v5', sliderFadeInDuration: 350, useSrcset: true, skinsPath: 'https:\/\/www.lopezgil.com\/wp-content\/plugins\/LayerSlider\/assets\/static\/layerslider\/skins\/', type: 'responsive', showCircleTimer: false, performanceMode: true}); });<\/script><div id=\"layerslider_95_gq85px54pp3m\" class=\"ls-wp-container fitvidsignore\" style=\"width:600px;height:200px;margin:0 auto;margin-bottom: 0px;\"><div class=\"ls-slide\" data-ls=\"duration:4000;\"><img loading=\"lazy\" decoding=\"async\" width=\"600\" height=\"200\" src=\"https:\/\/www.lopezgil.com\/wp-content\/uploads\/drlopezgil-dermatologia-barcelona-600x200-oral-topico-tratamiento-capilar-1.jpg\" class=\"ls-bg\" alt=\"minoxidil-finasteride-dr-lopez-gil-dermatologia-barcelona-600x200-tratamiento-alopecial-oral-topico-capilar-clinica-dermatologo\" srcset=\"https:\/\/www.lopezgil.com\/wp-content\/uploads\/drlopezgil-dermatologia-barcelona-600x200-oral-topico-tratamiento-capilar-1.jpg 600w, https:\/\/www.lopezgil.com\/wp-content\/uploads\/drlopezgil-dermatologia-barcelona-600x200-oral-topico-tratamiento-capilar-1-300x100.jpg 300w\" sizes=\"auto, (max-width: 600px) 100vw, 600px\" \/><\/div><\/div>[\/vc_column_inner][\/vc_row_inner][\/vc_column][\/vc_row][vc_row][vc_column width=&#8221;3\/4&#8243; css=&#8221;.vc_custom_1473066092346{margin-top: 0px !important;}&#8221;][vc_column_text css=&#8221;.vc_custom_1473066053815{margin-top: 0px !important;}&#8221;]\n<p style=\"text-align: justify;\">Pendant de nombreuses ann\u00e9es, il existe des normes pour le traitement topique et oral de la perte de cheveux et de la calvitie:<\/p>\n<ul style=\"text-align: justify;\">\n<li><u>Minoxydil<\/u>: est une substance vasodilatatrice qui a commenc\u00e9 \u00e0 \u00eatre utilis\u00e9e dans le traitement de l&#8217;hypertension et que, occasionnellement, on a vu que produit, comme un effet secondaire, l&#8217;augmentation des cheveux chez les chauves.<\/li>\n<\/ul>\n<p style=\"text-align: justify;\">Il est souvent utilis\u00e9 seul ou en association avec d&#8217;autres substances actives pour stimuler la croissance des cheveux et ralentir la calvitie. Il est plus efficace chez les personnes de moins de 40 ans dont la perte de cheveux est r\u00e9cente.<\/p>\n<ul>\n<li style=\"text-align: justify;\"><u>Finast\u00e9ride<\/u>: is a drug that is used for the treatment of prostate hypertrophy and has a very satisfactory result for stopping or delaying androgenetic alopecia. Les jeunes hommes qui prennent le m\u00e9dicament dans les premi\u00e8res ann\u00e9es de la perte de cheveux \u00e9vitent de devenir chauve comme leurs pr\u00e9d\u00e9cesseurs.<\/li>\n<\/ul>\n","protected":false},"excerpt":{"rendered":"<p>[vc_row][vc_column][vc_row_inner][vc_column_inner][\/vc_column_inner][\/vc_row_inner][\/vc_column][\/vc_row][vc_row][vc_column width=&#8221;3\/4&#8243; css=&#8221;.vc_custom_1473066092346{margin-top: 0px !important;}&#8221;][vc_column_text css=&#8221;.vc_custom_1473066053815{margin-top: 0px !important;}&#8221;] Pendant de nombreuses ann\u00e9es, il existe des normes pour le traitement topique et oral de la perte de cheveux et de la calvitie: Minoxydil: est une substance vasodilatatrice qui a commenc\u00e9 \u00e0 \u00eatre utilis\u00e9e dans le traitement de l&#8217;hypertension et que, occasionnellement, on a vu que produit, [&hellip;]<\/p>\n","protected":false},"author":5,"featured_media":0,"parent":3409,"menu_order":0,"comment_status":"closed","ping_status":"closed","template":"soulmedic\/tpl-feature.php","meta":{"footnotes":""},"class_list":["post-3407","page","type-page","status-publish","hentry"],"yoast_head":"<!-- This site is optimized with the Yoast SEO plugin v19.12 - https:\/\/yoast.com\/wordpress\/plugins\/seo\/ -->\n<title>Traitements topiques\/oraux | Dr. Lopez Gil | Clinique alop\u00e9cie Barcelone<\/title>\n<meta name=\"description\" content=\"Traitements pour arr\u00eater l&#039;alop\u00e9cie: Minoxidil et Finasteride.Traitements personnalis\u00e9s avec la technologie la plus avanc\u00e9e dans notre clinique Teknon.\" \/>\n<meta name=\"robots\" content=\"index, follow, max-snippet:-1, max-image-preview:large, max-video-preview:-1\" \/>\n<link rel=\"canonical\" href=\"https:\/\/www.lopezgil.com\/fr\/traitements\/traitements-capillaires-barcelona\/traitements-topiquesoraux\/\" \/>\n<meta property=\"og:locale\" content=\"fr_FR\" \/>\n<meta property=\"og:type\" content=\"article\" \/>\n<meta property=\"og:title\" content=\"Traitements topiques\/oraux | Dr. Lopez Gil | Clinique alop\u00e9cie Barcelone\" \/>\n<meta property=\"og:description\" content=\"Traitements pour arr\u00eater l&#039;alop\u00e9cie: Minoxidil et Finasteride.Traitements personnalis\u00e9s avec la technologie la plus avanc\u00e9e dans notre clinique Teknon.\" \/>\n<meta property=\"og:url\" content=\"https:\/\/www.lopezgil.com\/fr\/traitements\/traitements-capillaires-barcelona\/traitements-topiquesoraux\/\" \/>\n<meta property=\"og:site_name\" content=\"Dr. Lopez Gil\" \/>\n<meta property=\"article:modified_time\" content=\"2019-12-10T16:24:59+00:00\" \/>\n<meta name=\"twitter:card\" content=\"summary_large_image\" \/>\n<meta name=\"twitter:label1\" content=\"Est. reading time\" \/>\n\t<meta name=\"twitter:data1\" content=\"1 minute\" \/>\n<script type=\"application\/ld+json\" class=\"yoast-schema-graph\">{\"@context\":\"https:\/\/schema.org\",\"@graph\":[{\"@type\":\"WebPage\",\"@id\":\"https:\/\/www.lopezgil.com\/fr\/traitements\/traitements-capillaires-barcelona\/traitements-topiquesoraux\/\",\"url\":\"https:\/\/www.lopezgil.com\/fr\/traitements\/traitements-capillaires-barcelona\/traitements-topiquesoraux\/\",\"name\":\"Traitements topiques\/oraux | Dr. Lopez Gil | Clinique alop\u00e9cie Barcelone\",\"isPartOf\":{\"@id\":\"https:\/\/www.lopezgil.com\/ca\/#website\"},\"datePublished\":\"2016-07-18T10:31:14+00:00\",\"dateModified\":\"2019-12-10T16:24:59+00:00\",\"description\":\"Traitements pour arr\u00eater l'alop\u00e9cie: Minoxidil et Finasteride.Traitements personnalis\u00e9s avec la technologie la plus avanc\u00e9e dans notre clinique Teknon.\",\"breadcrumb\":{\"@id\":\"https:\/\/www.lopezgil.com\/fr\/traitements\/traitements-capillaires-barcelona\/traitements-topiquesoraux\/#breadcrumb\"},\"inLanguage\":\"fr-FR\",\"potentialAction\":[{\"@type\":\"ReadAction\",\"target\":[\"https:\/\/www.lopezgil.com\/fr\/traitements\/traitements-capillaires-barcelona\/traitements-topiquesoraux\/\"]}]},{\"@type\":\"BreadcrumbList\",\"@id\":\"https:\/\/www.lopezgil.com\/fr\/traitements\/traitements-capillaires-barcelona\/traitements-topiquesoraux\/#breadcrumb\",\"itemListElement\":[{\"@type\":\"ListItem\",\"position\":1,\"name\":\"Portada\",\"item\":\"https:\/\/www.lopezgil.com\/fr\/\"},{\"@type\":\"ListItem\",\"position\":2,\"name\":\"Traitements\",\"item\":\"https:\/\/www.lopezgil.com\/fr\/traitements\/\"},{\"@type\":\"ListItem\",\"position\":3,\"name\":\"Traitements capillaires\",\"item\":\"https:\/\/www.lopezgil.com\/fr\/traitements\/traitements-capillaires-barcelona\/\"},{\"@type\":\"ListItem\",\"position\":4,\"name\":\"Traitements topiques\/oraux\"}]},{\"@type\":\"WebSite\",\"@id\":\"https:\/\/www.lopezgil.com\/ca\/#website\",\"url\":\"https:\/\/www.lopezgil.com\/ca\/\",\"name\":\"Dr. Lopez Gil\",\"description\":\"Dermat\u00f3logo Barcelona\",\"potentialAction\":[{\"@type\":\"SearchAction\",\"target\":{\"@type\":\"EntryPoint\",\"urlTemplate\":\"https:\/\/www.lopezgil.com\/ca\/?s={search_term_string}\"},\"query-input\":\"required name=search_term_string\"}],\"inLanguage\":\"fr-FR\"}]}<\/script>\n<!-- \/ Yoast SEO plugin. -->","yoast_head_json":{"title":"Traitements topiques\/oraux | Dr. Lopez Gil | Clinique alop\u00e9cie Barcelone","description":"Traitements pour arr\u00eater l'alop\u00e9cie: Minoxidil et Finasteride.Traitements personnalis\u00e9s avec la technologie la plus avanc\u00e9e dans notre clinique Teknon.","robots":{"index":"index","follow":"follow","max-snippet":"max-snippet:-1","max-image-preview":"max-image-preview:large","max-video-preview":"max-video-preview:-1"},"canonical":"https:\/\/www.lopezgil.com\/fr\/traitements\/traitements-capillaires-barcelona\/traitements-topiquesoraux\/","og_locale":"fr_FR","og_type":"article","og_title":"Traitements topiques\/oraux | Dr. Lopez Gil | Clinique alop\u00e9cie Barcelone","og_description":"Traitements pour arr\u00eater l'alop\u00e9cie: Minoxidil et Finasteride.Traitements personnalis\u00e9s avec la technologie la plus avanc\u00e9e dans notre clinique Teknon.","og_url":"https:\/\/www.lopezgil.com\/fr\/traitements\/traitements-capillaires-barcelona\/traitements-topiquesoraux\/","og_site_name":"Dr. Lopez Gil","article_modified_time":"2019-12-10T16:24:59+00:00","twitter_card":"summary_large_image","twitter_misc":{"Est. reading time":"1 minute"},"schema":{"@context":"https:\/\/schema.org","@graph":[{"@type":"WebPage","@id":"https:\/\/www.lopezgil.com\/fr\/traitements\/traitements-capillaires-barcelona\/traitements-topiquesoraux\/","url":"https:\/\/www.lopezgil.com\/fr\/traitements\/traitements-capillaires-barcelona\/traitements-topiquesoraux\/","name":"Traitements topiques\/oraux | Dr. Lopez Gil | Clinique alop\u00e9cie Barcelone","isPartOf":{"@id":"https:\/\/www.lopezgil.com\/ca\/#website"},"datePublished":"2016-07-18T10:31:14+00:00","dateModified":"2019-12-10T16:24:59+00:00","description":"Traitements pour arr\u00eater l'alop\u00e9cie: Minoxidil et Finasteride.Traitements personnalis\u00e9s avec la technologie la plus avanc\u00e9e dans notre clinique Teknon.","breadcrumb":{"@id":"https:\/\/www.lopezgil.com\/fr\/traitements\/traitements-capillaires-barcelona\/traitements-topiquesoraux\/#breadcrumb"},"inLanguage":"fr-FR","potentialAction":[{"@type":"ReadAction","target":["https:\/\/www.lopezgil.com\/fr\/traitements\/traitements-capillaires-barcelona\/traitements-topiquesoraux\/"]}]},{"@type":"BreadcrumbList","@id":"https:\/\/www.lopezgil.com\/fr\/traitements\/traitements-capillaires-barcelona\/traitements-topiquesoraux\/#breadcrumb","itemListElement":[{"@type":"ListItem","position":1,"name":"Portada","item":"https:\/\/www.lopezgil.com\/fr\/"},{"@type":"ListItem","position":2,"name":"Traitements","item":"https:\/\/www.lopezgil.com\/fr\/traitements\/"},{"@type":"ListItem","position":3,"name":"Traitements capillaires","item":"https:\/\/www.lopezgil.com\/fr\/traitements\/traitements-capillaires-barcelona\/"},{"@type":"ListItem","position":4,"name":"Traitements topiques\/oraux"}]},{"@type":"WebSite","@id":"https:\/\/www.lopezgil.com\/ca\/#website","url":"https:\/\/www.lopezgil.com\/ca\/","name":"Dr. Lopez Gil","description":"Dermat\u00f3logo Barcelona","potentialAction":[{"@type":"SearchAction","target":{"@type":"EntryPoint","urlTemplate":"https:\/\/www.lopezgil.com\/ca\/?s={search_term_string}"},"query-input":"required name=search_term_string"}],"inLanguage":"fr-FR"}]}},"_links":{"self":[{"href":"https:\/\/www.lopezgil.com\/fr\/wp-json\/wp\/v2\/pages\/3407","targetHints":{"allow":["GET"]}}],"collection":[{"href":"https:\/\/www.lopezgil.com\/fr\/wp-json\/wp\/v2\/pages"}],"about":[{"href":"https:\/\/www.lopezgil.com\/fr\/wp-json\/wp\/v2\/types\/page"}],"author":[{"embeddable":true,"href":"https:\/\/www.lopezgil.com\/fr\/wp-json\/wp\/v2\/users\/5"}],"replies":[{"embeddable":true,"href":"https:\/\/www.lopezgil.com\/fr\/wp-json\/wp\/v2\/comments?post=3407"}],"version-history":[{"count":1,"href":"https:\/\/www.lopezgil.com\/fr\/wp-json\/wp\/v2\/pages\/3407\/revisions"}],"predecessor-version":[{"id":3408,"href":"https:\/\/www.lopezgil.com\/fr\/wp-json\/wp\/v2\/pages\/3407\/revisions\/3408"}],"up":[{"embeddable":true,"href":"https:\/\/www.lopezgil.com\/fr\/wp-json\/wp\/v2\/pages\/3409"}],"wp:attachment":[{"href":"https:\/\/www.lopezgil.com\/fr\/wp-json\/wp\/v2\/media?parent=3407"}],"curies":[{"name":"wp","href":"https:\/\/api.w.org\/{rel}","templated":true}]}}