{"id":3405,"date":"2017-09-15T21:00:51","date_gmt":"2017-09-15T21:00:51","guid":{"rendered":"https:\/\/www.lopezgil.com\/plasma-rich-on-platelets-for-alopecia\/"},"modified":"2019-12-10T16:15:38","modified_gmt":"2019-12-10T16:15:38","slug":"plasma-riche-en-plaquettes-pour-lalopecie-barcelona","status":"publish","type":"page","link":"https:\/\/www.lopezgil.com\/fr\/traitements\/traitements-capillaires-barcelona\/plasma-riche-en-plaquettes-pour-lalopecie-barcelona\/","title":{"rendered":"Plasma riche en plaquettes pour l&#8217;alopecie"},"content":{"rendered":"<div id=\"fb-root\"><\/div>\n<p style=\"text-align: justify;\">[vc_row][vc_column][vc_row_inner][vc_column_inner]<script type=\"text\/javascript\">jQuery(function() { _initLayerSlider( '#layerslider_81_1foyipy777opw', {sliderVersion: '', responsiveUnder: 0, layersContainer: 0, hideUnder: 0, hideOver: 100000, pauseOnHover: 1, skin: 'v5', sliderFadeInDuration: 350, useSrcset: true, skinsPath: 'https:\/\/www.lopezgil.com\/wp-content\/plugins\/LayerSlider\/assets\/static\/layerslider\/skins\/', type: 'responsive', showCircleTimer: false, performanceMode: true}); });<\/script><div id=\"layerslider_81_1foyipy777opw\" class=\"ls-wp-container fitvidsignore\" style=\"width:600px;height:200px;margin:0 auto;margin-bottom: 0px;\"><div class=\"ls-slide\" data-ls=\"duration:4000;\"><img loading=\"lazy\" decoding=\"async\" width=\"600\" height=\"200\" src=\"https:\/\/www.lopezgil.com\/wp-content\/uploads\/drlopezgil-dermatologia-barcelona-600x200-prp-tratamiento-capilar.jpg\" class=\"ls-bg\" alt=\"drlopezgil-dermatologia-barcelona-600x200-prp-tratamiento-capilar\" srcset=\"https:\/\/www.lopezgil.com\/wp-content\/uploads\/drlopezgil-dermatologia-barcelona-600x200-prp-tratamiento-capilar.jpg 600w, https:\/\/www.lopezgil.com\/wp-content\/uploads\/drlopezgil-dermatologia-barcelona-600x200-prp-tratamiento-capilar-300x100.jpg 300w\" sizes=\"auto, (max-width: 600px) 100vw, 600px\" \/><\/div><\/div>[\/vc_column_inner][\/vc_row_inner][\/vc_column][\/vc_row][vc_row][vc_column width=&#8221;3\/4&#8243; css=&#8221;.vc_custom_1473066092346{margin-top: 0px !important;}&#8221;][vc_column_text css=&#8221;.vc_custom_1473066053815{margin-top: 0px !important;}&#8221;]\n<p style=\"text-align: justify;\">Aujourd&#8217;hui, la calvitie inqui\u00e8te et affecte beaucoup de personnes, en particulier l&#8217;alop\u00e9cie androg\u00e9nique, qui appara\u00eet pour des raisons h\u00e9r\u00e9ditaires. \u00c0 l&#8217;heure actuelle, la th\u00e9rapie plasma plasmatique plaquettaire attire l&#8217;attention de nombreux praticiens et patients pour son efficacit\u00e9, sa simplicit\u00e9 et sa s\u00e9curit\u00e9 pour pr\u00e9venir la perte de cheveux et l&#8217;alop\u00e9cie.<\/p>\n<h2 style=\"text-align: justify;\"><span style=\"color: #75c9d3;\"><strong>Traitement<\/strong><\/span><\/h2>\n<p style=\"text-align: justify;\">Le plasma riche en plaquettes consiste \u00e0 extraire du sang du patient et \u00e0 s\u00e9parer le plasma riche en plaquettes du reste par un proc\u00e9d\u00e9 de centrifugation et sa combinaison subs\u00e9quente avec un compos\u00e9 activateur. Ensuite, au moyen de micro-injections, le plasma est inject\u00e9 dans ces zones peu peupl\u00e9es du cuir chevelu sans douleur.<\/p>\n<p style=\"text-align: justify;\">Ce traitement est principalement utilis\u00e9 pour arr\u00eater et inverser l&#8217;amincissement des follicules capillaires, qui causent la perte de cheveux, ainsi que pour stimuler la restauration et la vascularisation de la m\u00eame chose apr\u00e8s une transplantation capillaire dans la zone r\u00e9ceptrice.<\/p>\n<p style=\"text-align: justify;\">Les meilleurs candidats pour profiter de ce type de traitement pour \u00e9viter la perte de cheveux sont:<\/p>\n<ul style=\"text-align: justify;\">\n<li>Patients avec peu de cheveux.<\/li>\n<li>Patients atteints d&#8217;alop\u00e9cie androg\u00e9n\u00e9tique.<\/li>\n<li>Femmes avec alop\u00e9cie \u00e0 motif masculin.<\/li>\n<\/ul>\n<p style=\"text-align: justify;\">Le fait que les facteurs de croissance des plaquettes soient obtenus \u00e0 partir du sang du patient lui-m\u00eame est un excellent avantage puisqu&#8217;on \u00e9limine les risques associ\u00e9s, comme des allergies possibles, une hypersensibilit\u00e9 ou d&#8217;autres r\u00e9actions.<\/p>\n<p style=\"text-align: justify;\">Il y a aussi beaucoup de gens qui pr\u00e9f\u00e8rent ce type de traitement en raison de ses qualit\u00e9s naturelles, car aucun produit chimique n&#8217;est utilis\u00e9, donc c&#8217;est un processus totalement s\u00e9curis\u00e9.<\/p>\n<p style=\"text-align: justify;\">Les r\u00e9sultats du traitement peuvent \u00eatre variables en fonction de l&#8217;origine de la perte de cheveux et sont progressifs, obtenant des changements \u00e9vidents apr\u00e8s les 3-4 premi\u00e8res s\u00e9ances. On a besoin g\u00e9n\u00e9ralement de 4 \u00e0 8 sessions pour obtenir les meilleurs r\u00e9sultats.<\/p>\n","protected":false},"excerpt":{"rendered":"<p>[vc_row][vc_column][vc_row_inner][vc_column_inner][\/vc_column_inner][\/vc_row_inner][\/vc_column][\/vc_row][vc_row][vc_column width=&#8221;3\/4&#8243; css=&#8221;.vc_custom_1473066092346{margin-top: 0px !important;}&#8221;][vc_column_text css=&#8221;.vc_custom_1473066053815{margin-top: 0px !important;}&#8221;] Aujourd&#8217;hui, la calvitie inqui\u00e8te et affecte beaucoup de personnes, en particulier l&#8217;alop\u00e9cie androg\u00e9nique, qui appara\u00eet pour des raisons h\u00e9r\u00e9ditaires. \u00c0 l&#8217;heure actuelle, la th\u00e9rapie plasma plasmatique plaquettaire attire l&#8217;attention de nombreux praticiens et patients pour son efficacit\u00e9, sa simplicit\u00e9 et sa s\u00e9curit\u00e9 pour pr\u00e9venir la perte de [&hellip;]<\/p>\n","protected":false},"author":5,"featured_media":0,"parent":3409,"menu_order":0,"comment_status":"closed","ping_status":"closed","template":"soulmedic\/tpl-feature.php","meta":{"footnotes":""},"class_list":["post-3405","page","type-page","status-publish","hentry"],"yoast_head":"<!-- This site is optimized with the Yoast SEO plugin v19.12 - https:\/\/yoast.com\/wordpress\/plugins\/seo\/ -->\n<title>Plasma riche en plaquettes l&#039;alopecie|Dr. Lopez Gil|Clinique Teknon<\/title>\n<meta name=\"description\" content=\"Traitement pour arr\u00eater l&#039;alop\u00e9cie avec un plasma riche en plaquettes pour l&#039;alop\u00e9cie \u00e0 Barcelone. La technologie la plus avanc\u00e9e dans le traitement de la calvitie et de l&#039;alop\u00e9cie.\" \/>\n<meta name=\"robots\" content=\"index, follow, max-snippet:-1, max-image-preview:large, max-video-preview:-1\" \/>\n<link rel=\"canonical\" href=\"https:\/\/www.lopezgil.com\/fr\/traitements\/traitements-capillaires-barcelona\/plasma-riche-en-plaquettes-pour-lalopecie-barcelona\/\" \/>\n<meta property=\"og:locale\" content=\"fr_FR\" \/>\n<meta property=\"og:type\" content=\"article\" \/>\n<meta property=\"og:title\" content=\"Plasma riche en plaquettes l&#039;alopecie|Dr. Lopez Gil|Clinique Teknon\" \/>\n<meta property=\"og:description\" content=\"Traitement pour arr\u00eater l&#039;alop\u00e9cie avec un plasma riche en plaquettes pour l&#039;alop\u00e9cie \u00e0 Barcelone. La technologie la plus avanc\u00e9e dans le traitement de la calvitie et de l&#039;alop\u00e9cie.\" \/>\n<meta property=\"og:url\" content=\"https:\/\/www.lopezgil.com\/fr\/traitements\/traitements-capillaires-barcelona\/plasma-riche-en-plaquettes-pour-lalopecie-barcelona\/\" \/>\n<meta property=\"og:site_name\" content=\"Dr. Lopez Gil\" \/>\n<meta property=\"article:modified_time\" content=\"2019-12-10T16:15:38+00:00\" \/>\n<meta name=\"twitter:card\" content=\"summary_large_image\" \/>\n<meta name=\"twitter:label1\" content=\"Est. reading time\" \/>\n\t<meta name=\"twitter:data1\" content=\"2 minutes\" \/>\n<script type=\"application\/ld+json\" class=\"yoast-schema-graph\">{\"@context\":\"https:\/\/schema.org\",\"@graph\":[{\"@type\":\"WebPage\",\"@id\":\"https:\/\/www.lopezgil.com\/fr\/traitements\/traitements-capillaires-barcelona\/plasma-riche-en-plaquettes-pour-lalopecie-barcelona\/\",\"url\":\"https:\/\/www.lopezgil.com\/fr\/traitements\/traitements-capillaires-barcelona\/plasma-riche-en-plaquettes-pour-lalopecie-barcelona\/\",\"name\":\"Plasma riche en plaquettes l'alopecie|Dr. Lopez Gil|Clinique Teknon\",\"isPartOf\":{\"@id\":\"https:\/\/www.lopezgil.com\/ca\/#website\"},\"datePublished\":\"2017-09-15T21:00:51+00:00\",\"dateModified\":\"2019-12-10T16:15:38+00:00\",\"description\":\"Traitement pour arr\u00eater l'alop\u00e9cie avec un plasma riche en plaquettes pour l'alop\u00e9cie \u00e0 Barcelone. La technologie la plus avanc\u00e9e dans le traitement de la calvitie et de l'alop\u00e9cie.\",\"breadcrumb\":{\"@id\":\"https:\/\/www.lopezgil.com\/fr\/traitements\/traitements-capillaires-barcelona\/plasma-riche-en-plaquettes-pour-lalopecie-barcelona\/#breadcrumb\"},\"inLanguage\":\"fr-FR\",\"potentialAction\":[{\"@type\":\"ReadAction\",\"target\":[\"https:\/\/www.lopezgil.com\/fr\/traitements\/traitements-capillaires-barcelona\/plasma-riche-en-plaquettes-pour-lalopecie-barcelona\/\"]}]},{\"@type\":\"BreadcrumbList\",\"@id\":\"https:\/\/www.lopezgil.com\/fr\/traitements\/traitements-capillaires-barcelona\/plasma-riche-en-plaquettes-pour-lalopecie-barcelona\/#breadcrumb\",\"itemListElement\":[{\"@type\":\"ListItem\",\"position\":1,\"name\":\"Portada\",\"item\":\"https:\/\/www.lopezgil.com\/fr\/\"},{\"@type\":\"ListItem\",\"position\":2,\"name\":\"Traitements\",\"item\":\"https:\/\/www.lopezgil.com\/fr\/traitements\/\"},{\"@type\":\"ListItem\",\"position\":3,\"name\":\"Traitements capillaires\",\"item\":\"https:\/\/www.lopezgil.com\/fr\/traitements\/traitements-capillaires-barcelona\/\"},{\"@type\":\"ListItem\",\"position\":4,\"name\":\"Plasma riche en plaquettes pour l&#8217;alopecie\"}]},{\"@type\":\"WebSite\",\"@id\":\"https:\/\/www.lopezgil.com\/ca\/#website\",\"url\":\"https:\/\/www.lopezgil.com\/ca\/\",\"name\":\"Dr. Lopez Gil\",\"description\":\"Dermat\u00f3logo Barcelona\",\"potentialAction\":[{\"@type\":\"SearchAction\",\"target\":{\"@type\":\"EntryPoint\",\"urlTemplate\":\"https:\/\/www.lopezgil.com\/ca\/?s={search_term_string}\"},\"query-input\":\"required name=search_term_string\"}],\"inLanguage\":\"fr-FR\"}]}<\/script>\n<!-- \/ Yoast SEO plugin. -->","yoast_head_json":{"title":"Plasma riche en plaquettes l'alopecie|Dr. Lopez Gil|Clinique Teknon","description":"Traitement pour arr\u00eater l'alop\u00e9cie avec un plasma riche en plaquettes pour l'alop\u00e9cie \u00e0 Barcelone. La technologie la plus avanc\u00e9e dans le traitement de la calvitie et de l'alop\u00e9cie.","robots":{"index":"index","follow":"follow","max-snippet":"max-snippet:-1","max-image-preview":"max-image-preview:large","max-video-preview":"max-video-preview:-1"},"canonical":"https:\/\/www.lopezgil.com\/fr\/traitements\/traitements-capillaires-barcelona\/plasma-riche-en-plaquettes-pour-lalopecie-barcelona\/","og_locale":"fr_FR","og_type":"article","og_title":"Plasma riche en plaquettes l'alopecie|Dr. Lopez Gil|Clinique Teknon","og_description":"Traitement pour arr\u00eater l'alop\u00e9cie avec un plasma riche en plaquettes pour l'alop\u00e9cie \u00e0 Barcelone. La technologie la plus avanc\u00e9e dans le traitement de la calvitie et de l'alop\u00e9cie.","og_url":"https:\/\/www.lopezgil.com\/fr\/traitements\/traitements-capillaires-barcelona\/plasma-riche-en-plaquettes-pour-lalopecie-barcelona\/","og_site_name":"Dr. Lopez Gil","article_modified_time":"2019-12-10T16:15:38+00:00","twitter_card":"summary_large_image","twitter_misc":{"Est. reading time":"2 minutes"},"schema":{"@context":"https:\/\/schema.org","@graph":[{"@type":"WebPage","@id":"https:\/\/www.lopezgil.com\/fr\/traitements\/traitements-capillaires-barcelona\/plasma-riche-en-plaquettes-pour-lalopecie-barcelona\/","url":"https:\/\/www.lopezgil.com\/fr\/traitements\/traitements-capillaires-barcelona\/plasma-riche-en-plaquettes-pour-lalopecie-barcelona\/","name":"Plasma riche en plaquettes l'alopecie|Dr. Lopez Gil|Clinique Teknon","isPartOf":{"@id":"https:\/\/www.lopezgil.com\/ca\/#website"},"datePublished":"2017-09-15T21:00:51+00:00","dateModified":"2019-12-10T16:15:38+00:00","description":"Traitement pour arr\u00eater l'alop\u00e9cie avec un plasma riche en plaquettes pour l'alop\u00e9cie \u00e0 Barcelone. La technologie la plus avanc\u00e9e dans le traitement de la calvitie et de l'alop\u00e9cie.","breadcrumb":{"@id":"https:\/\/www.lopezgil.com\/fr\/traitements\/traitements-capillaires-barcelona\/plasma-riche-en-plaquettes-pour-lalopecie-barcelona\/#breadcrumb"},"inLanguage":"fr-FR","potentialAction":[{"@type":"ReadAction","target":["https:\/\/www.lopezgil.com\/fr\/traitements\/traitements-capillaires-barcelona\/plasma-riche-en-plaquettes-pour-lalopecie-barcelona\/"]}]},{"@type":"BreadcrumbList","@id":"https:\/\/www.lopezgil.com\/fr\/traitements\/traitements-capillaires-barcelona\/plasma-riche-en-plaquettes-pour-lalopecie-barcelona\/#breadcrumb","itemListElement":[{"@type":"ListItem","position":1,"name":"Portada","item":"https:\/\/www.lopezgil.com\/fr\/"},{"@type":"ListItem","position":2,"name":"Traitements","item":"https:\/\/www.lopezgil.com\/fr\/traitements\/"},{"@type":"ListItem","position":3,"name":"Traitements capillaires","item":"https:\/\/www.lopezgil.com\/fr\/traitements\/traitements-capillaires-barcelona\/"},{"@type":"ListItem","position":4,"name":"Plasma riche en plaquettes pour l&#8217;alopecie"}]},{"@type":"WebSite","@id":"https:\/\/www.lopezgil.com\/ca\/#website","url":"https:\/\/www.lopezgil.com\/ca\/","name":"Dr. Lopez Gil","description":"Dermat\u00f3logo Barcelona","potentialAction":[{"@type":"SearchAction","target":{"@type":"EntryPoint","urlTemplate":"https:\/\/www.lopezgil.com\/ca\/?s={search_term_string}"},"query-input":"required name=search_term_string"}],"inLanguage":"fr-FR"}]}},"_links":{"self":[{"href":"https:\/\/www.lopezgil.com\/fr\/wp-json\/wp\/v2\/pages\/3405","targetHints":{"allow":["GET"]}}],"collection":[{"href":"https:\/\/www.lopezgil.com\/fr\/wp-json\/wp\/v2\/pages"}],"about":[{"href":"https:\/\/www.lopezgil.com\/fr\/wp-json\/wp\/v2\/types\/page"}],"author":[{"embeddable":true,"href":"https:\/\/www.lopezgil.com\/fr\/wp-json\/wp\/v2\/users\/5"}],"replies":[{"embeddable":true,"href":"https:\/\/www.lopezgil.com\/fr\/wp-json\/wp\/v2\/comments?post=3405"}],"version-history":[{"count":2,"href":"https:\/\/www.lopezgil.com\/fr\/wp-json\/wp\/v2\/pages\/3405\/revisions"}],"predecessor-version":[{"id":5027,"href":"https:\/\/www.lopezgil.com\/fr\/wp-json\/wp\/v2\/pages\/3405\/revisions\/5027"}],"up":[{"embeddable":true,"href":"https:\/\/www.lopezgil.com\/fr\/wp-json\/wp\/v2\/pages\/3409"}],"wp:attachment":[{"href":"https:\/\/www.lopezgil.com\/fr\/wp-json\/wp\/v2\/media?parent=3405"}],"curies":[{"name":"wp","href":"https:\/\/api.w.org\/{rel}","templated":true}]}}