{"id":3402,"date":"2016-07-18T10:31:49","date_gmt":"2016-07-18T10:31:49","guid":{"rendered":"https:\/\/www.lopezgil.com\/icapillary-mesotherapy-barcelona\/"},"modified":"2019-12-10T16:09:38","modified_gmt":"2019-12-10T16:09:38","slug":"injections-intracapillaires-mesotherapie-barcelona","status":"publish","type":"page","link":"https:\/\/www.lopezgil.com\/fr\/traitements\/traitements-capillaires-barcelona\/injections-intracapillaires-mesotherapie-barcelona\/","title":{"rendered":"Injections intracapillaires &#8211; m\u00e9soth\u00e9rapie"},"content":{"rendered":"<div id=\"fb-root\"><\/div>\n<p style=\"text-align: justify;\">[vc_row][vc_column][vc_row_inner][vc_column_inner]<script type=\"text\/javascript\">jQuery(function() { _initLayerSlider( '#layerslider_83_krz7epre6qqa', {sliderVersion: '', responsiveUnder: 0, layersContainer: 0, hideUnder: 0, hideOver: 100000, pauseOnHover: 1, skin: 'v5', sliderFadeInDuration: 350, useSrcset: true, skinsPath: 'https:\/\/www.lopezgil.com\/wp-content\/plugins\/LayerSlider\/assets\/static\/layerslider\/skins\/', type: 'responsive', showCircleTimer: false, performanceMode: true}); });<\/script><div id=\"layerslider_83_krz7epre6qqa\" class=\"ls-wp-container fitvidsignore\" style=\"width:600px;height:200px;margin:0 auto;margin-bottom: 0px;\"><div class=\"ls-slide\" data-ls=\"duration:4000;\"><img loading=\"lazy\" decoding=\"async\" width=\"600\" height=\"200\" src=\"https:\/\/www.lopezgil.com\/wp-content\/uploads\/drlopezgil-dermatologia-barcelona-600x200-inyecciones-multivitaminas-capilar.jpg\" class=\"ls-bg\" alt=\"drlopezgil-dermatologia-barcelona-600x200-inyecciones-multivitaminas-capilar\" srcset=\"https:\/\/www.lopezgil.com\/wp-content\/uploads\/drlopezgil-dermatologia-barcelona-600x200-inyecciones-multivitaminas-capilar.jpg 600w, https:\/\/www.lopezgil.com\/wp-content\/uploads\/drlopezgil-dermatologia-barcelona-600x200-inyecciones-multivitaminas-capilar-300x100.jpg 300w\" sizes=\"auto, (max-width: 600px) 100vw, 600px\" \/><\/div><\/div>[\/vc_column_inner][\/vc_row_inner][\/vc_column][\/vc_row][vc_row][vc_column width=&#8221;3\/4&#8243; css=&#8221;.vc_custom_1473066092346{margin-top: 0px !important;}&#8221;][vc_column_text css=&#8221;.vc_custom_1473066053815{margin-top: 0px !important;}&#8221;]\n<p style=\"text-align: justify;\">La m\u00e9soth\u00e9rapie capillaire est l&#8217;un des traitements les plus utilis\u00e9s pour traiter la perte de cheveux ou favoriser sa r\u00e9cup\u00e9ration et la croissance.<\/p>\n<h2 style=\"text-align: justify;\"><span style=\"color: #75c9d3;\"><strong>Traitement d&#8217;alop\u00e9cie d&#8217;infiltration intracapillaires &#8211; m\u00e9soth\u00e9rapie \u00e0 Barcelone<\/strong><\/span><\/h2>\n<p style=\"text-align: justify;\">Il consiste \u00e0 injecter par petites aiguilles une combinaison de substances proactives contenant une faible concentration d&#8217;acide hyaluronique comme base plus des substances anti-inflammatoires qui am\u00e9liorent le syst\u00e8me circulatoire.<\/p>\n<p style=\"text-align: justify;\">Le grand avantage de la m\u00e9soth\u00e9rapie capillaire est que, en contenant l&#8217;acide hyaluronique comme base, elle am\u00e9liore le tissu autour de la racine ou du follicule pileux et favorise l&#8217;effet de d\u00e9p\u00f4t. En d&#8217;autres termes, les substances inject\u00e9es restent dans le follicule plus longtemps, de sorte que l&#8217;effet est plus durable que si la base \u00e9tait de l&#8217;eau ou de la solution saline (cas d&#8217;infiltration capillaire).<\/p>\n<p style=\"text-align: justify;\">Il est recommand\u00e9 d&#8217;effectuer un traitement pendant une ann\u00e9e pour obtenir des r\u00e9sultats satisfaisants. Les s\u00e9ances se d\u00e9roulent tous les mois dans le cas de vouloir arr\u00eater la perte de cheveux et tous les 2-3 mois dans le cas o\u00f9 l&#8217;objectif est de favoriser la r\u00e9cup\u00e9ration et la croissance des cheveux.<\/p>\n","protected":false},"excerpt":{"rendered":"<p>[vc_row][vc_column][vc_row_inner][vc_column_inner][\/vc_column_inner][\/vc_row_inner][\/vc_column][\/vc_row][vc_row][vc_column width=&#8221;3\/4&#8243; css=&#8221;.vc_custom_1473066092346{margin-top: 0px !important;}&#8221;][vc_column_text css=&#8221;.vc_custom_1473066053815{margin-top: 0px !important;}&#8221;] La m\u00e9soth\u00e9rapie capillaire est l&#8217;un des traitements les plus utilis\u00e9s pour traiter la perte de cheveux ou favoriser sa r\u00e9cup\u00e9ration et la croissance. Traitement d&#8217;alop\u00e9cie d&#8217;infiltration intracapillaires &#8211; m\u00e9soth\u00e9rapie \u00e0 Barcelone Il consiste \u00e0 injecter par petites aiguilles une combinaison de substances proactives contenant une faible concentration [&hellip;]<\/p>\n","protected":false},"author":5,"featured_media":0,"parent":3409,"menu_order":0,"comment_status":"closed","ping_status":"closed","template":"soulmedic\/tpl-feature.php","meta":{"footnotes":""},"class_list":["post-3402","page","type-page","status-publish","hentry"],"yoast_head":"<!-- This site is optimized with the Yoast SEO plugin v19.12 - https:\/\/yoast.com\/wordpress\/plugins\/seo\/ -->\n<title>Injections intracapillaires | Dr. Lopez Gil | Clinique alop\u00e9cie Barcelone<\/title>\n<meta name=\"description\" content=\"Le traitement arr\u00eate l&#039;alop\u00e9cie avec des injections de cheveux multivitamines. La technologie la plus avanc\u00e9e dans le traitement de la calvitie et de l&#039;alop\u00e9cie.\" \/>\n<meta name=\"robots\" content=\"index, follow, max-snippet:-1, max-image-preview:large, max-video-preview:-1\" \/>\n<link rel=\"canonical\" href=\"https:\/\/www.lopezgil.com\/fr\/traitements\/traitements-capillaires-barcelona\/injections-intracapillaires-mesotherapie-barcelona\/\" \/>\n<meta property=\"og:locale\" content=\"fr_FR\" \/>\n<meta property=\"og:type\" content=\"article\" \/>\n<meta property=\"og:title\" content=\"Injections intracapillaires | Dr. Lopez Gil | Clinique alop\u00e9cie Barcelone\" \/>\n<meta property=\"og:description\" content=\"Le traitement arr\u00eate l&#039;alop\u00e9cie avec des injections de cheveux multivitamines. La technologie la plus avanc\u00e9e dans le traitement de la calvitie et de l&#039;alop\u00e9cie.\" \/>\n<meta property=\"og:url\" content=\"https:\/\/www.lopezgil.com\/fr\/traitements\/traitements-capillaires-barcelona\/injections-intracapillaires-mesotherapie-barcelona\/\" \/>\n<meta property=\"og:site_name\" content=\"Dr. Lopez Gil\" \/>\n<meta property=\"article:modified_time\" content=\"2019-12-10T16:09:38+00:00\" \/>\n<meta name=\"twitter:card\" content=\"summary_large_image\" \/>\n<meta name=\"twitter:label1\" content=\"Est. reading time\" \/>\n\t<meta name=\"twitter:data1\" content=\"1 minute\" \/>\n<script type=\"application\/ld+json\" class=\"yoast-schema-graph\">{\"@context\":\"https:\/\/schema.org\",\"@graph\":[{\"@type\":\"WebPage\",\"@id\":\"https:\/\/www.lopezgil.com\/fr\/traitements\/traitements-capillaires-barcelona\/injections-intracapillaires-mesotherapie-barcelona\/\",\"url\":\"https:\/\/www.lopezgil.com\/fr\/traitements\/traitements-capillaires-barcelona\/injections-intracapillaires-mesotherapie-barcelona\/\",\"name\":\"Injections intracapillaires | Dr. Lopez Gil | Clinique alop\u00e9cie Barcelone\",\"isPartOf\":{\"@id\":\"https:\/\/www.lopezgil.com\/ca\/#website\"},\"datePublished\":\"2016-07-18T10:31:49+00:00\",\"dateModified\":\"2019-12-10T16:09:38+00:00\",\"description\":\"Le traitement arr\u00eate l'alop\u00e9cie avec des injections de cheveux multivitamines. La technologie la plus avanc\u00e9e dans le traitement de la calvitie et de l'alop\u00e9cie.\",\"breadcrumb\":{\"@id\":\"https:\/\/www.lopezgil.com\/fr\/traitements\/traitements-capillaires-barcelona\/injections-intracapillaires-mesotherapie-barcelona\/#breadcrumb\"},\"inLanguage\":\"fr-FR\",\"potentialAction\":[{\"@type\":\"ReadAction\",\"target\":[\"https:\/\/www.lopezgil.com\/fr\/traitements\/traitements-capillaires-barcelona\/injections-intracapillaires-mesotherapie-barcelona\/\"]}]},{\"@type\":\"BreadcrumbList\",\"@id\":\"https:\/\/www.lopezgil.com\/fr\/traitements\/traitements-capillaires-barcelona\/injections-intracapillaires-mesotherapie-barcelona\/#breadcrumb\",\"itemListElement\":[{\"@type\":\"ListItem\",\"position\":1,\"name\":\"Portada\",\"item\":\"https:\/\/www.lopezgil.com\/fr\/\"},{\"@type\":\"ListItem\",\"position\":2,\"name\":\"Traitements\",\"item\":\"https:\/\/www.lopezgil.com\/fr\/traitements\/\"},{\"@type\":\"ListItem\",\"position\":3,\"name\":\"Traitements capillaires\",\"item\":\"https:\/\/www.lopezgil.com\/fr\/traitements\/traitements-capillaires-barcelona\/\"},{\"@type\":\"ListItem\",\"position\":4,\"name\":\"Injections intracapillaires &#8211; m\u00e9soth\u00e9rapie\"}]},{\"@type\":\"WebSite\",\"@id\":\"https:\/\/www.lopezgil.com\/ca\/#website\",\"url\":\"https:\/\/www.lopezgil.com\/ca\/\",\"name\":\"Dr. Lopez Gil\",\"description\":\"Dermat\u00f3logo Barcelona\",\"potentialAction\":[{\"@type\":\"SearchAction\",\"target\":{\"@type\":\"EntryPoint\",\"urlTemplate\":\"https:\/\/www.lopezgil.com\/ca\/?s={search_term_string}\"},\"query-input\":\"required name=search_term_string\"}],\"inLanguage\":\"fr-FR\"}]}<\/script>\n<!-- \/ Yoast SEO plugin. -->","yoast_head_json":{"title":"Injections intracapillaires | Dr. Lopez Gil | Clinique alop\u00e9cie Barcelone","description":"Le traitement arr\u00eate l'alop\u00e9cie avec des injections de cheveux multivitamines. La technologie la plus avanc\u00e9e dans le traitement de la calvitie et de l'alop\u00e9cie.","robots":{"index":"index","follow":"follow","max-snippet":"max-snippet:-1","max-image-preview":"max-image-preview:large","max-video-preview":"max-video-preview:-1"},"canonical":"https:\/\/www.lopezgil.com\/fr\/traitements\/traitements-capillaires-barcelona\/injections-intracapillaires-mesotherapie-barcelona\/","og_locale":"fr_FR","og_type":"article","og_title":"Injections intracapillaires | Dr. Lopez Gil | Clinique alop\u00e9cie Barcelone","og_description":"Le traitement arr\u00eate l'alop\u00e9cie avec des injections de cheveux multivitamines. La technologie la plus avanc\u00e9e dans le traitement de la calvitie et de l'alop\u00e9cie.","og_url":"https:\/\/www.lopezgil.com\/fr\/traitements\/traitements-capillaires-barcelona\/injections-intracapillaires-mesotherapie-barcelona\/","og_site_name":"Dr. Lopez Gil","article_modified_time":"2019-12-10T16:09:38+00:00","twitter_card":"summary_large_image","twitter_misc":{"Est. reading time":"1 minute"},"schema":{"@context":"https:\/\/schema.org","@graph":[{"@type":"WebPage","@id":"https:\/\/www.lopezgil.com\/fr\/traitements\/traitements-capillaires-barcelona\/injections-intracapillaires-mesotherapie-barcelona\/","url":"https:\/\/www.lopezgil.com\/fr\/traitements\/traitements-capillaires-barcelona\/injections-intracapillaires-mesotherapie-barcelona\/","name":"Injections intracapillaires | Dr. Lopez Gil | Clinique alop\u00e9cie Barcelone","isPartOf":{"@id":"https:\/\/www.lopezgil.com\/ca\/#website"},"datePublished":"2016-07-18T10:31:49+00:00","dateModified":"2019-12-10T16:09:38+00:00","description":"Le traitement arr\u00eate l'alop\u00e9cie avec des injections de cheveux multivitamines. La technologie la plus avanc\u00e9e dans le traitement de la calvitie et de l'alop\u00e9cie.","breadcrumb":{"@id":"https:\/\/www.lopezgil.com\/fr\/traitements\/traitements-capillaires-barcelona\/injections-intracapillaires-mesotherapie-barcelona\/#breadcrumb"},"inLanguage":"fr-FR","potentialAction":[{"@type":"ReadAction","target":["https:\/\/www.lopezgil.com\/fr\/traitements\/traitements-capillaires-barcelona\/injections-intracapillaires-mesotherapie-barcelona\/"]}]},{"@type":"BreadcrumbList","@id":"https:\/\/www.lopezgil.com\/fr\/traitements\/traitements-capillaires-barcelona\/injections-intracapillaires-mesotherapie-barcelona\/#breadcrumb","itemListElement":[{"@type":"ListItem","position":1,"name":"Portada","item":"https:\/\/www.lopezgil.com\/fr\/"},{"@type":"ListItem","position":2,"name":"Traitements","item":"https:\/\/www.lopezgil.com\/fr\/traitements\/"},{"@type":"ListItem","position":3,"name":"Traitements capillaires","item":"https:\/\/www.lopezgil.com\/fr\/traitements\/traitements-capillaires-barcelona\/"},{"@type":"ListItem","position":4,"name":"Injections intracapillaires &#8211; m\u00e9soth\u00e9rapie"}]},{"@type":"WebSite","@id":"https:\/\/www.lopezgil.com\/ca\/#website","url":"https:\/\/www.lopezgil.com\/ca\/","name":"Dr. Lopez Gil","description":"Dermat\u00f3logo Barcelona","potentialAction":[{"@type":"SearchAction","target":{"@type":"EntryPoint","urlTemplate":"https:\/\/www.lopezgil.com\/ca\/?s={search_term_string}"},"query-input":"required name=search_term_string"}],"inLanguage":"fr-FR"}]}},"_links":{"self":[{"href":"https:\/\/www.lopezgil.com\/fr\/wp-json\/wp\/v2\/pages\/3402","targetHints":{"allow":["GET"]}}],"collection":[{"href":"https:\/\/www.lopezgil.com\/fr\/wp-json\/wp\/v2\/pages"}],"about":[{"href":"https:\/\/www.lopezgil.com\/fr\/wp-json\/wp\/v2\/types\/page"}],"author":[{"embeddable":true,"href":"https:\/\/www.lopezgil.com\/fr\/wp-json\/wp\/v2\/users\/5"}],"replies":[{"embeddable":true,"href":"https:\/\/www.lopezgil.com\/fr\/wp-json\/wp\/v2\/comments?post=3402"}],"version-history":[{"count":3,"href":"https:\/\/www.lopezgil.com\/fr\/wp-json\/wp\/v2\/pages\/3402\/revisions"}],"predecessor-version":[{"id":5024,"href":"https:\/\/www.lopezgil.com\/fr\/wp-json\/wp\/v2\/pages\/3402\/revisions\/5024"}],"up":[{"embeddable":true,"href":"https:\/\/www.lopezgil.com\/fr\/wp-json\/wp\/v2\/pages\/3409"}],"wp:attachment":[{"href":"https:\/\/www.lopezgil.com\/fr\/wp-json\/wp\/v2\/media?parent=3402"}],"curies":[{"name":"wp","href":"https:\/\/api.w.org\/{rel}","templated":true}]}}