{"id":3400,"date":"2016-07-18T10:31:33","date_gmt":"2016-07-18T10:31:33","guid":{"rendered":"https:\/\/www.lopezgil.com\/capillary-infiltration-barcelona\/"},"modified":"2019-12-10T15:55:40","modified_gmt":"2019-12-10T15:55:40","slug":"infiltration-capillaire-barcelona","status":"publish","type":"page","link":"https:\/\/www.lopezgil.com\/fr\/traitements\/traitements-capillaires-barcelona\/infiltration-capillaire-barcelona\/","title":{"rendered":"Infiltration capillaire"},"content":{"rendered":"<div id=\"fb-root\"><\/div>\n<p style=\"text-align: justify;\">[vc_row][vc_column][vc_row_inner][vc_column_inner]<script type=\"text\/javascript\">jQuery(function() { _initLayerSlider( '#layerslider_79_1tzw2itnv4ox', {sliderVersion: '', responsiveUnder: 0, layersContainer: 0, hideUnder: 0, hideOver: 100000, pauseOnHover: 1, skin: 'v5', sliderFadeInDuration: 350, useSrcset: true, skinsPath: 'https:\/\/www.lopezgil.com\/wp-content\/plugins\/LayerSlider\/assets\/static\/layerslider\/skins\/', type: 'responsive', showCircleTimer: false, performanceMode: true}); });<\/script><div id=\"layerslider_79_1tzw2itnv4ox\" class=\"ls-wp-container fitvidsignore\" style=\"width:600px;height:200px;margin:0 auto;margin-bottom: 0px;\"><div class=\"ls-slide\" data-ls=\"duration:4000;\"><img loading=\"lazy\" decoding=\"async\" width=\"600\" height=\"200\" src=\"https:\/\/www.lopezgil.com\/wp-content\/uploads\/drlopezgil-dermatologia-barcelona-600x200-infiltraciones-capilares-tratamiento-capilar.jpg\" class=\"ls-bg\" alt=\"drlopezgil-dermatologia-barcelona-600x200-infiltraciones-capilares-tratamiento-capilar\" srcset=\"https:\/\/www.lopezgil.com\/wp-content\/uploads\/drlopezgil-dermatologia-barcelona-600x200-infiltraciones-capilares-tratamiento-capilar.jpg 600w, https:\/\/www.lopezgil.com\/wp-content\/uploads\/drlopezgil-dermatologia-barcelona-600x200-infiltraciones-capilares-tratamiento-capilar-300x100.jpg 300w\" sizes=\"auto, (max-width: 600px) 100vw, 600px\" \/><\/div><\/div>[\/vc_column_inner][\/vc_row_inner][\/vc_column][\/vc_row][vc_row][vc_column width=&#8221;3\/4&#8243; css=&#8221;.vc_custom_1473066092346{margin-top: 0px !important;}&#8221;][vc_column_text css=&#8221;.vc_custom_1473066053815{margin-top: 0px !important;}&#8221;]\n<p style=\"text-align: justify;\">Les infiltrations capillaires se caract\u00e9risent par \u00eatre l&#8217;un des traitements les plus efficaces pour freiner la perte de cheveux et favoriser l&#8217;apparition de nouveaux cheveux dans les zones les plus pauvres chez les hommes et les femmes.<\/p>\n<h2 style=\"text-align: justify;\"><span style=\"color: #75c9d3;\"><strong>Traitement avec infiltrations capillaires \u00e0 Barcelone<\/strong><\/span><\/h2>\n<p style=\"text-align: justify;\">Les infiltrations consistent \u00e0 appliquer une combinaison de produits actifs d&#8217;absorption difficile en tant que vitamines, acides amin\u00e9s et certains min\u00e9raux directement dans le follicule \u00e0 travers un syst\u00e8me pneumatique. De cette fa\u00e7on, il est possible de revitaliser les follicules et d&#8217;augmenter l&#8217;\u00e9paisseur et le volume des cheveux.<\/p>\n<p style=\"text-align: justify;\">Le grand avantage de ce traitement est qu&#8217;il ne produit pas de douleur car dans la combinaison infiltr\u00e9e, il y a une anesth\u00e9sie incorpor\u00e9e et ne produit aucun effet secondaire.<\/p>\n<p style=\"text-align: justify;\">Les sessions doivent \u00eatre tenues mensuellement ou trimestriellement selon le cas. Habituellement, il est n\u00e9cessaire de pr\u00e9voir 7 \u00e0 12 s\u00e9ances au cours de 1 \u00e0 2 ans, compl\u00e9tant toujours avec des traitements pharmaceutiques.<\/p>\n","protected":false},"excerpt":{"rendered":"<p>[vc_row][vc_column][vc_row_inner][vc_column_inner][\/vc_column_inner][\/vc_row_inner][\/vc_column][\/vc_row][vc_row][vc_column width=&#8221;3\/4&#8243; css=&#8221;.vc_custom_1473066092346{margin-top: 0px !important;}&#8221;][vc_column_text css=&#8221;.vc_custom_1473066053815{margin-top: 0px !important;}&#8221;] Les infiltrations capillaires se caract\u00e9risent par \u00eatre l&#8217;un des traitements les plus efficaces pour freiner la perte de cheveux et favoriser l&#8217;apparition de nouveaux cheveux dans les zones les plus pauvres chez les hommes et les femmes. Traitement avec infiltrations capillaires \u00e0 Barcelone Les infiltrations consistent \u00e0 [&hellip;]<\/p>\n","protected":false},"author":5,"featured_media":0,"parent":3409,"menu_order":0,"comment_status":"closed","ping_status":"closed","template":"soulmedic\/tpl-feature.php","meta":{"footnotes":""},"class_list":["post-3400","page","type-page","status-publish","hentry"],"yoast_head":"<!-- This site is optimized with the Yoast SEO plugin v19.12 - https:\/\/yoast.com\/wordpress\/plugins\/seo\/ -->\n<title>Infiltration capillaire | Dr. Lopez Gil | Clinique d&#039;alop\u00e9cie Teknon Barcelona<\/title>\n<meta name=\"description\" content=\"Traitement avec infiltrations capillaires \u00e0 Barcelone. La technologie la plus avanc\u00e9e dans le traitement et le freinage de la calvitie \u00e0 Barcelone.\" \/>\n<meta name=\"robots\" content=\"index, follow, max-snippet:-1, max-image-preview:large, max-video-preview:-1\" \/>\n<link rel=\"canonical\" href=\"https:\/\/www.lopezgil.com\/fr\/traitements\/traitements-capillaires-barcelona\/infiltration-capillaire-barcelona\/\" \/>\n<meta property=\"og:locale\" content=\"fr_FR\" \/>\n<meta property=\"og:type\" content=\"article\" \/>\n<meta property=\"og:title\" content=\"Infiltration capillaire | Dr. Lopez Gil | Clinique d&#039;alop\u00e9cie Teknon Barcelona\" \/>\n<meta property=\"og:description\" content=\"Traitement avec infiltrations capillaires \u00e0 Barcelone. La technologie la plus avanc\u00e9e dans le traitement et le freinage de la calvitie \u00e0 Barcelone.\" \/>\n<meta property=\"og:url\" content=\"https:\/\/www.lopezgil.com\/fr\/traitements\/traitements-capillaires-barcelona\/infiltration-capillaire-barcelona\/\" \/>\n<meta property=\"og:site_name\" content=\"Dr. Lopez Gil\" \/>\n<meta property=\"article:modified_time\" content=\"2019-12-10T15:55:40+00:00\" \/>\n<meta name=\"twitter:card\" content=\"summary_large_image\" \/>\n<meta name=\"twitter:label1\" content=\"Est. reading time\" \/>\n\t<meta name=\"twitter:data1\" content=\"1 minute\" \/>\n<script type=\"application\/ld+json\" class=\"yoast-schema-graph\">{\"@context\":\"https:\/\/schema.org\",\"@graph\":[{\"@type\":\"WebPage\",\"@id\":\"https:\/\/www.lopezgil.com\/fr\/traitements\/traitements-capillaires-barcelona\/infiltration-capillaire-barcelona\/\",\"url\":\"https:\/\/www.lopezgil.com\/fr\/traitements\/traitements-capillaires-barcelona\/infiltration-capillaire-barcelona\/\",\"name\":\"Infiltration capillaire | Dr. Lopez Gil | Clinique d'alop\u00e9cie Teknon Barcelona\",\"isPartOf\":{\"@id\":\"https:\/\/www.lopezgil.com\/ca\/#website\"},\"datePublished\":\"2016-07-18T10:31:33+00:00\",\"dateModified\":\"2019-12-10T15:55:40+00:00\",\"description\":\"Traitement avec infiltrations capillaires \u00e0 Barcelone. La technologie la plus avanc\u00e9e dans le traitement et le freinage de la calvitie \u00e0 Barcelone.\",\"breadcrumb\":{\"@id\":\"https:\/\/www.lopezgil.com\/fr\/traitements\/traitements-capillaires-barcelona\/infiltration-capillaire-barcelona\/#breadcrumb\"},\"inLanguage\":\"fr-FR\",\"potentialAction\":[{\"@type\":\"ReadAction\",\"target\":[\"https:\/\/www.lopezgil.com\/fr\/traitements\/traitements-capillaires-barcelona\/infiltration-capillaire-barcelona\/\"]}]},{\"@type\":\"BreadcrumbList\",\"@id\":\"https:\/\/www.lopezgil.com\/fr\/traitements\/traitements-capillaires-barcelona\/infiltration-capillaire-barcelona\/#breadcrumb\",\"itemListElement\":[{\"@type\":\"ListItem\",\"position\":1,\"name\":\"Portada\",\"item\":\"https:\/\/www.lopezgil.com\/fr\/\"},{\"@type\":\"ListItem\",\"position\":2,\"name\":\"Traitements\",\"item\":\"https:\/\/www.lopezgil.com\/fr\/traitements\/\"},{\"@type\":\"ListItem\",\"position\":3,\"name\":\"Traitements capillaires\",\"item\":\"https:\/\/www.lopezgil.com\/fr\/traitements\/traitements-capillaires-barcelona\/\"},{\"@type\":\"ListItem\",\"position\":4,\"name\":\"Infiltration capillaire\"}]},{\"@type\":\"WebSite\",\"@id\":\"https:\/\/www.lopezgil.com\/ca\/#website\",\"url\":\"https:\/\/www.lopezgil.com\/ca\/\",\"name\":\"Dr. Lopez Gil\",\"description\":\"Dermat\u00f3logo Barcelona\",\"potentialAction\":[{\"@type\":\"SearchAction\",\"target\":{\"@type\":\"EntryPoint\",\"urlTemplate\":\"https:\/\/www.lopezgil.com\/ca\/?s={search_term_string}\"},\"query-input\":\"required name=search_term_string\"}],\"inLanguage\":\"fr-FR\"}]}<\/script>\n<!-- \/ Yoast SEO plugin. -->","yoast_head_json":{"title":"Infiltration capillaire | Dr. Lopez Gil | Clinique d'alop\u00e9cie Teknon Barcelona","description":"Traitement avec infiltrations capillaires \u00e0 Barcelone. La technologie la plus avanc\u00e9e dans le traitement et le freinage de la calvitie \u00e0 Barcelone.","robots":{"index":"index","follow":"follow","max-snippet":"max-snippet:-1","max-image-preview":"max-image-preview:large","max-video-preview":"max-video-preview:-1"},"canonical":"https:\/\/www.lopezgil.com\/fr\/traitements\/traitements-capillaires-barcelona\/infiltration-capillaire-barcelona\/","og_locale":"fr_FR","og_type":"article","og_title":"Infiltration capillaire | Dr. Lopez Gil | Clinique d'alop\u00e9cie Teknon Barcelona","og_description":"Traitement avec infiltrations capillaires \u00e0 Barcelone. La technologie la plus avanc\u00e9e dans le traitement et le freinage de la calvitie \u00e0 Barcelone.","og_url":"https:\/\/www.lopezgil.com\/fr\/traitements\/traitements-capillaires-barcelona\/infiltration-capillaire-barcelona\/","og_site_name":"Dr. Lopez Gil","article_modified_time":"2019-12-10T15:55:40+00:00","twitter_card":"summary_large_image","twitter_misc":{"Est. reading time":"1 minute"},"schema":{"@context":"https:\/\/schema.org","@graph":[{"@type":"WebPage","@id":"https:\/\/www.lopezgil.com\/fr\/traitements\/traitements-capillaires-barcelona\/infiltration-capillaire-barcelona\/","url":"https:\/\/www.lopezgil.com\/fr\/traitements\/traitements-capillaires-barcelona\/infiltration-capillaire-barcelona\/","name":"Infiltration capillaire | Dr. Lopez Gil | Clinique d'alop\u00e9cie Teknon Barcelona","isPartOf":{"@id":"https:\/\/www.lopezgil.com\/ca\/#website"},"datePublished":"2016-07-18T10:31:33+00:00","dateModified":"2019-12-10T15:55:40+00:00","description":"Traitement avec infiltrations capillaires \u00e0 Barcelone. La technologie la plus avanc\u00e9e dans le traitement et le freinage de la calvitie \u00e0 Barcelone.","breadcrumb":{"@id":"https:\/\/www.lopezgil.com\/fr\/traitements\/traitements-capillaires-barcelona\/infiltration-capillaire-barcelona\/#breadcrumb"},"inLanguage":"fr-FR","potentialAction":[{"@type":"ReadAction","target":["https:\/\/www.lopezgil.com\/fr\/traitements\/traitements-capillaires-barcelona\/infiltration-capillaire-barcelona\/"]}]},{"@type":"BreadcrumbList","@id":"https:\/\/www.lopezgil.com\/fr\/traitements\/traitements-capillaires-barcelona\/infiltration-capillaire-barcelona\/#breadcrumb","itemListElement":[{"@type":"ListItem","position":1,"name":"Portada","item":"https:\/\/www.lopezgil.com\/fr\/"},{"@type":"ListItem","position":2,"name":"Traitements","item":"https:\/\/www.lopezgil.com\/fr\/traitements\/"},{"@type":"ListItem","position":3,"name":"Traitements capillaires","item":"https:\/\/www.lopezgil.com\/fr\/traitements\/traitements-capillaires-barcelona\/"},{"@type":"ListItem","position":4,"name":"Infiltration capillaire"}]},{"@type":"WebSite","@id":"https:\/\/www.lopezgil.com\/ca\/#website","url":"https:\/\/www.lopezgil.com\/ca\/","name":"Dr. Lopez Gil","description":"Dermat\u00f3logo Barcelona","potentialAction":[{"@type":"SearchAction","target":{"@type":"EntryPoint","urlTemplate":"https:\/\/www.lopezgil.com\/ca\/?s={search_term_string}"},"query-input":"required name=search_term_string"}],"inLanguage":"fr-FR"}]}},"_links":{"self":[{"href":"https:\/\/www.lopezgil.com\/fr\/wp-json\/wp\/v2\/pages\/3400","targetHints":{"allow":["GET"]}}],"collection":[{"href":"https:\/\/www.lopezgil.com\/fr\/wp-json\/wp\/v2\/pages"}],"about":[{"href":"https:\/\/www.lopezgil.com\/fr\/wp-json\/wp\/v2\/types\/page"}],"author":[{"embeddable":true,"href":"https:\/\/www.lopezgil.com\/fr\/wp-json\/wp\/v2\/users\/5"}],"replies":[{"embeddable":true,"href":"https:\/\/www.lopezgil.com\/fr\/wp-json\/wp\/v2\/comments?post=3400"}],"version-history":[{"count":3,"href":"https:\/\/www.lopezgil.com\/fr\/wp-json\/wp\/v2\/pages\/3400\/revisions"}],"predecessor-version":[{"id":5019,"href":"https:\/\/www.lopezgil.com\/fr\/wp-json\/wp\/v2\/pages\/3400\/revisions\/5019"}],"up":[{"embeddable":true,"href":"https:\/\/www.lopezgil.com\/fr\/wp-json\/wp\/v2\/pages\/3409"}],"wp:attachment":[{"href":"https:\/\/www.lopezgil.com\/fr\/wp-json\/wp\/v2\/media?parent=3400"}],"curies":[{"name":"wp","href":"https:\/\/api.w.org\/{rel}","templated":true}]}}