{"id":3397,"date":"2016-06-16T10:22:06","date_gmt":"2016-06-16T10:22:06","guid":{"rendered":"https:\/\/www.lopezgil.com\/traitements\/excess-of-sweating-barcelona\/"},"modified":"2019-12-10T13:06:59","modified_gmt":"2019-12-10T13:06:59","slug":"transpiration-excessive-barcelona","status":"publish","type":"page","link":"https:\/\/www.lopezgil.com\/fr\/traitements\/transpiration-excessive-barcelona\/","title":{"rendered":"Transpiration excessive"},"content":{"rendered":"<div id=\"fb-root\"><\/div>\n<p style=\"text-align: justify;\">[vc_row][vc_column][vc_row_inner][vc_column_inner]<script type=\"text\/javascript\">jQuery(function() { _initLayerSlider( '#layerslider_96_mt31lgrac9s0', {sliderVersion: '', responsiveUnder: 0, layersContainer: 0, hideUnder: 0, hideOver: 100000, pauseOnHover: 1, skin: 'v5', sliderFadeInDuration: 350, useSrcset: true, skinsPath: 'https:\/\/www.lopezgil.com\/wp-content\/plugins\/LayerSlider\/assets\/static\/layerslider\/skins\/', type: 'responsive', showCircleTimer: false, performanceMode: true}); });<\/script><div id=\"layerslider_96_mt31lgrac9s0\" class=\"ls-wp-container fitvidsignore\" style=\"width:600px;height:200px;margin:0 auto;margin-bottom: 0px;\"><div class=\"ls-slide\" data-ls=\"duration:4000;\"><img loading=\"lazy\" decoding=\"async\" width=\"600\" height=\"200\" src=\"https:\/\/www.lopezgil.com\/wp-content\/uploads\/drlopezgil-dermatologia-barcelona-600x200-exces-sudoracio-tratamientos-general.jpg\" class=\"ls-bg\" alt=\"dr-lopez-gil-dermatologia-barcelona-600x200-exces-exceso-sudoracio-sudoracion-tratamientos-clinia\" srcset=\"https:\/\/www.lopezgil.com\/wp-content\/uploads\/drlopezgil-dermatologia-barcelona-600x200-exces-sudoracio-tratamientos-general.jpg 600w, https:\/\/www.lopezgil.com\/wp-content\/uploads\/drlopezgil-dermatologia-barcelona-600x200-exces-sudoracio-tratamientos-general-300x100.jpg 300w\" sizes=\"auto, (max-width: 600px) 100vw, 600px\" \/><\/div><\/div>[\/vc_column_inner][\/vc_row_inner][\/vc_column][\/vc_row][vc_row][vc_column width=&#8221;3\/4&#8243; css=&#8221;.vc_custom_1473066092346{margin-top: 0px !important;}&#8221;][vc_column_text css=&#8221;.vc_custom_1473066053815{margin-top: 0px !important;}&#8221;]\n<p style=\"text-align: justify;\">Transpiration excessive ou l&#8217;hyperhidrose ou l&#8217;hyperspiration est un exc\u00e8s de transpiration spontan\u00e9e qui peut affecter les hommes et les femmes dans diff\u00e9rentes zones du corps, comme les mains, les pieds et\/ou les aisselles.<\/p>\n<p style=\"text-align: justify;\">C&#8217;est un trouble qui peut entra\u00eener une diminution de l&#8217;estime de soi du patient et augmenter les ins\u00e9curit\u00e9s lors de la r\u00e9alisation des activit\u00e9s quotidiennes ou lors de l&#8217;habillement ou de l&#8217;assiduit\u00e9 d&#8217;\u00e9v\u00e9nements.<\/p>\n<p style=\"text-align: justify;\">L&#8217;hyperhidrose peut \u00eatre consid\u00e9r\u00e9e comme une maladie h\u00e9r\u00e9ditaire puisque 40% des personnes atteintes ont un autre membre de la famille pr\u00e9sentant le m\u00eame trouble.<\/p>\n<h2 style=\"text-align: justify;\"><span style=\"color: #75c9d3;\"><strong>Traitement du transpiration excessive \u00e0 Barcelone<\/strong><\/span><\/h2>\n<p style=\"text-align: justify;\">Selon l&#8217;\u00e9tat et l&#8217;\u00e9volution du trouble, le m\u00e9decin recommandera une ou l&#8217;autre option th\u00e9rapeutique:<\/p>\n<ul>\n<li style=\"text-align: justify;\"><u>Th\u00e9rapies topiques<\/u>: les pr\u00e9parations de chlorure d&#8217;aluminium diminuent la production de sueur, mais les r\u00e9sultats sont m\u00e9diocres.<\/li>\n<li style=\"text-align: justify;\"><u>Toxine botulinique<\/u>: on injecte de la toxine botulinique dans la (les) zone (s) \u00e0 traiter afin de r\u00e9duire le nombre de stimuli et leur intensit\u00e9. Il agit sur la fibre nerveuse et la glande sudoriparante, en diminuant le nombre et l&#8217;amplitude des signaux envoy\u00e9s par le nerf. C&#8217;est une technique tr\u00e8s confortable pour le patient et l&#8217;effet est per\u00e7u dans quelques jours et dure environ un an.<\/li>\n<li style=\"text-align: justify;\">Option chirurgicale: dans les cas o\u00f9 est requise une intervention, on effectue une sympathectomie qui implique de pincer ou de couper le nerf qui est charg\u00e9 de conduire l&#8217;information sur les glandes sudoripares. La chirurgie se fait sous anesth\u00e9sie g\u00e9n\u00e9rale. Cette option est utilis\u00e9e chez les patients dont les traitements d\u00e9crits ci-dessus n&#8217;ont pas fourni la r\u00e9ponse attendue. L&#8217;inconv\u00e9nient de la chirurgie est la possible apparition des connues comme hyperhidroses compensatoires dans d&#8217;autres r\u00e9gions du corps.<\/li>\n<\/ul>\n","protected":false},"excerpt":{"rendered":"<p>[vc_row][vc_column][vc_row_inner][vc_column_inner][\/vc_column_inner][\/vc_row_inner][\/vc_column][\/vc_row][vc_row][vc_column width=&#8221;3\/4&#8243; css=&#8221;.vc_custom_1473066092346{margin-top: 0px !important;}&#8221;][vc_column_text css=&#8221;.vc_custom_1473066053815{margin-top: 0px !important;}&#8221;] Transpiration excessive ou l&#8217;hyperhidrose ou l&#8217;hyperspiration est un exc\u00e8s de transpiration spontan\u00e9e qui peut affecter les hommes et les femmes dans diff\u00e9rentes zones du corps, comme les mains, les pieds et\/ou les aisselles. C&#8217;est un trouble qui peut entra\u00eener une diminution de l&#8217;estime de soi du patient [&hellip;]<\/p>\n","protected":false},"author":5,"featured_media":0,"parent":3392,"menu_order":0,"comment_status":"closed","ping_status":"closed","template":"soulmedic\/tpl-feature.php","meta":{"footnotes":""},"class_list":["post-3397","page","type-page","status-publish","hentry"],"yoast_head":"<!-- This site is optimized with the Yoast SEO plugin v19.12 - https:\/\/yoast.com\/wordpress\/plugins\/seo\/ -->\n<title>Transpiration excessive | Dr. Lopez Gil | Barcelona Dermatologue Clinique<\/title>\n<meta name=\"description\" content=\"Exc\u00e8s de transpiration. Clinique esth\u00e9tique dermatologique avec la technologie la plus avanc\u00e9e. Teknon, Barcelone. Demandez nous!\" \/>\n<meta name=\"robots\" content=\"index, follow, max-snippet:-1, max-image-preview:large, max-video-preview:-1\" \/>\n<link rel=\"canonical\" href=\"https:\/\/www.lopezgil.com\/fr\/traitements\/transpiration-excessive-barcelona\/\" \/>\n<meta property=\"og:locale\" content=\"fr_FR\" \/>\n<meta property=\"og:type\" content=\"article\" \/>\n<meta property=\"og:title\" content=\"Transpiration excessive | Dr. Lopez Gil | Barcelona Dermatologue Clinique\" \/>\n<meta property=\"og:description\" content=\"Exc\u00e8s de transpiration. Clinique esth\u00e9tique dermatologique avec la technologie la plus avanc\u00e9e. Teknon, Barcelone. Demandez nous!\" \/>\n<meta property=\"og:url\" content=\"https:\/\/www.lopezgil.com\/fr\/traitements\/transpiration-excessive-barcelona\/\" \/>\n<meta property=\"og:site_name\" content=\"Dr. Lopez Gil\" \/>\n<meta property=\"article:modified_time\" content=\"2019-12-10T13:06:59+00:00\" \/>\n<meta name=\"twitter:card\" content=\"summary_large_image\" \/>\n<meta name=\"twitter:label1\" content=\"Est. reading time\" \/>\n\t<meta name=\"twitter:data1\" content=\"2 minutes\" \/>\n<script type=\"application\/ld+json\" class=\"yoast-schema-graph\">{\"@context\":\"https:\/\/schema.org\",\"@graph\":[{\"@type\":\"WebPage\",\"@id\":\"https:\/\/www.lopezgil.com\/fr\/traitements\/transpiration-excessive-barcelona\/\",\"url\":\"https:\/\/www.lopezgil.com\/fr\/traitements\/transpiration-excessive-barcelona\/\",\"name\":\"Transpiration excessive | Dr. Lopez Gil | Barcelona Dermatologue Clinique\",\"isPartOf\":{\"@id\":\"https:\/\/www.lopezgil.com\/ca\/#website\"},\"datePublished\":\"2016-06-16T10:22:06+00:00\",\"dateModified\":\"2019-12-10T13:06:59+00:00\",\"description\":\"Exc\u00e8s de transpiration. Clinique esth\u00e9tique dermatologique avec la technologie la plus avanc\u00e9e. Teknon, Barcelone. Demandez nous!\",\"breadcrumb\":{\"@id\":\"https:\/\/www.lopezgil.com\/fr\/traitements\/transpiration-excessive-barcelona\/#breadcrumb\"},\"inLanguage\":\"fr-FR\",\"potentialAction\":[{\"@type\":\"ReadAction\",\"target\":[\"https:\/\/www.lopezgil.com\/fr\/traitements\/transpiration-excessive-barcelona\/\"]}]},{\"@type\":\"BreadcrumbList\",\"@id\":\"https:\/\/www.lopezgil.com\/fr\/traitements\/transpiration-excessive-barcelona\/#breadcrumb\",\"itemListElement\":[{\"@type\":\"ListItem\",\"position\":1,\"name\":\"Portada\",\"item\":\"https:\/\/www.lopezgil.com\/fr\/\"},{\"@type\":\"ListItem\",\"position\":2,\"name\":\"Traitements\",\"item\":\"https:\/\/www.lopezgil.com\/fr\/traitements\/\"},{\"@type\":\"ListItem\",\"position\":3,\"name\":\"Transpiration excessive\"}]},{\"@type\":\"WebSite\",\"@id\":\"https:\/\/www.lopezgil.com\/ca\/#website\",\"url\":\"https:\/\/www.lopezgil.com\/ca\/\",\"name\":\"Dr. Lopez Gil\",\"description\":\"Dermat\u00f3logo Barcelona\",\"potentialAction\":[{\"@type\":\"SearchAction\",\"target\":{\"@type\":\"EntryPoint\",\"urlTemplate\":\"https:\/\/www.lopezgil.com\/ca\/?s={search_term_string}\"},\"query-input\":\"required name=search_term_string\"}],\"inLanguage\":\"fr-FR\"}]}<\/script>\n<!-- \/ Yoast SEO plugin. -->","yoast_head_json":{"title":"Transpiration excessive | Dr. Lopez Gil | Barcelona Dermatologue Clinique","description":"Exc\u00e8s de transpiration. Clinique esth\u00e9tique dermatologique avec la technologie la plus avanc\u00e9e. Teknon, Barcelone. Demandez nous!","robots":{"index":"index","follow":"follow","max-snippet":"max-snippet:-1","max-image-preview":"max-image-preview:large","max-video-preview":"max-video-preview:-1"},"canonical":"https:\/\/www.lopezgil.com\/fr\/traitements\/transpiration-excessive-barcelona\/","og_locale":"fr_FR","og_type":"article","og_title":"Transpiration excessive | Dr. Lopez Gil | Barcelona Dermatologue Clinique","og_description":"Exc\u00e8s de transpiration. Clinique esth\u00e9tique dermatologique avec la technologie la plus avanc\u00e9e. Teknon, Barcelone. Demandez nous!","og_url":"https:\/\/www.lopezgil.com\/fr\/traitements\/transpiration-excessive-barcelona\/","og_site_name":"Dr. Lopez Gil","article_modified_time":"2019-12-10T13:06:59+00:00","twitter_card":"summary_large_image","twitter_misc":{"Est. reading time":"2 minutes"},"schema":{"@context":"https:\/\/schema.org","@graph":[{"@type":"WebPage","@id":"https:\/\/www.lopezgil.com\/fr\/traitements\/transpiration-excessive-barcelona\/","url":"https:\/\/www.lopezgil.com\/fr\/traitements\/transpiration-excessive-barcelona\/","name":"Transpiration excessive | Dr. Lopez Gil | Barcelona Dermatologue Clinique","isPartOf":{"@id":"https:\/\/www.lopezgil.com\/ca\/#website"},"datePublished":"2016-06-16T10:22:06+00:00","dateModified":"2019-12-10T13:06:59+00:00","description":"Exc\u00e8s de transpiration. Clinique esth\u00e9tique dermatologique avec la technologie la plus avanc\u00e9e. Teknon, Barcelone. Demandez nous!","breadcrumb":{"@id":"https:\/\/www.lopezgil.com\/fr\/traitements\/transpiration-excessive-barcelona\/#breadcrumb"},"inLanguage":"fr-FR","potentialAction":[{"@type":"ReadAction","target":["https:\/\/www.lopezgil.com\/fr\/traitements\/transpiration-excessive-barcelona\/"]}]},{"@type":"BreadcrumbList","@id":"https:\/\/www.lopezgil.com\/fr\/traitements\/transpiration-excessive-barcelona\/#breadcrumb","itemListElement":[{"@type":"ListItem","position":1,"name":"Portada","item":"https:\/\/www.lopezgil.com\/fr\/"},{"@type":"ListItem","position":2,"name":"Traitements","item":"https:\/\/www.lopezgil.com\/fr\/traitements\/"},{"@type":"ListItem","position":3,"name":"Transpiration excessive"}]},{"@type":"WebSite","@id":"https:\/\/www.lopezgil.com\/ca\/#website","url":"https:\/\/www.lopezgil.com\/ca\/","name":"Dr. Lopez Gil","description":"Dermat\u00f3logo Barcelona","potentialAction":[{"@type":"SearchAction","target":{"@type":"EntryPoint","urlTemplate":"https:\/\/www.lopezgil.com\/ca\/?s={search_term_string}"},"query-input":"required name=search_term_string"}],"inLanguage":"fr-FR"}]}},"_links":{"self":[{"href":"https:\/\/www.lopezgil.com\/fr\/wp-json\/wp\/v2\/pages\/3397","targetHints":{"allow":["GET"]}}],"collection":[{"href":"https:\/\/www.lopezgil.com\/fr\/wp-json\/wp\/v2\/pages"}],"about":[{"href":"https:\/\/www.lopezgil.com\/fr\/wp-json\/wp\/v2\/types\/page"}],"author":[{"embeddable":true,"href":"https:\/\/www.lopezgil.com\/fr\/wp-json\/wp\/v2\/users\/5"}],"replies":[{"embeddable":true,"href":"https:\/\/www.lopezgil.com\/fr\/wp-json\/wp\/v2\/comments?post=3397"}],"version-history":[{"count":2,"href":"https:\/\/www.lopezgil.com\/fr\/wp-json\/wp\/v2\/pages\/3397\/revisions"}],"predecessor-version":[{"id":5003,"href":"https:\/\/www.lopezgil.com\/fr\/wp-json\/wp\/v2\/pages\/3397\/revisions\/5003"}],"up":[{"embeddable":true,"href":"https:\/\/www.lopezgil.com\/fr\/wp-json\/wp\/v2\/pages\/3392"}],"wp:attachment":[{"href":"https:\/\/www.lopezgil.com\/fr\/wp-json\/wp\/v2\/media?parent=3397"}],"curies":[{"name":"wp","href":"https:\/\/api.w.org\/{rel}","templated":true}]}}