{"id":3390,"date":"2016-06-16T10:21:08","date_gmt":"2016-06-16T10:21:08","guid":{"rendered":"https:\/\/www.lopezgil.com\/photodynamic-therapy-barcelona\/"},"modified":"2019-12-10T12:56:42","modified_gmt":"2019-12-10T12:56:42","slug":"therapie-photodynamique-barcelona","status":"publish","type":"page","link":"https:\/\/www.lopezgil.com\/fr\/traitements\/therapie-photodynamique-barcelona\/","title":{"rendered":"Therapie photodynamique"},"content":{"rendered":"<div id=\"fb-root\"><\/div>\n[vc_row][vc_column][\/vc_column][vc_column_text]<script type=\"text\/javascript\">jQuery(function() { _initLayerSlider( '#layerslider_52_qks5jifz1167', {sliderVersion: '', responsiveUnder: 0, layersContainer: 0, hideUnder: 0, hideOver: 100000, pauseOnHover: 1, skin: 'v5', sliderFadeInDuration: 350, useSrcset: true, skinsPath: 'https:\/\/www.lopezgil.com\/wp-content\/plugins\/LayerSlider\/assets\/static\/layerslider\/skins\/', type: 'responsive', showCircleTimer: false, performanceMode: true}); });<\/script><div id=\"layerslider_52_qks5jifz1167\" class=\"ls-wp-container fitvidsignore\" style=\"width:600px;height:200px;margin:0 auto;margin-bottom: 0px;\"><div class=\"ls-slide\" data-ls=\"duration:4000;\"><img loading=\"lazy\" decoding=\"async\" width=\"600\" height=\"200\" src=\"https:\/\/www.lopezgil.com\/wp-content\/uploads\/drlopezgil_dermatologia_barcelona_600x200_terapia_fotodinamica_tractament_cancer_pell_sense_cirurgia.jpg\" class=\"ls-bg\" alt=\"drlopezgil_dermatologia_barcelona_600x200_terapia_fotodinamica_tractament_cancer_pell_sense_cirurgia\" srcset=\"https:\/\/www.lopezgil.com\/wp-content\/uploads\/drlopezgil_dermatologia_barcelona_600x200_terapia_fotodinamica_tractament_cancer_pell_sense_cirurgia.jpg 600w, https:\/\/www.lopezgil.com\/wp-content\/uploads\/drlopezgil_dermatologia_barcelona_600x200_terapia_fotodinamica_tractament_cancer_pell_sense_cirurgia-300x100.jpg 300w\" sizes=\"auto, (max-width: 600px) 100vw, 600px\" \/><\/div><\/div>[\/vc_column_text][\/vc_row][vc_column][\/vc_column][vc_row][vc_column][vc_row_inner][vc_column_inner][vc_column_text]\n<p style=\"text-align: justify;\">L&#8217;un des grands avantages de la th\u00e9rapie photodynamique (PDT) est qu&#8217;il nous permet de traiter le cancer de la peau \u00e0 un stade pr\u00e9coce, lorsqu&#8217;il n&#8217;a pas encore p\u00e9n\u00e9tr\u00e9, sans intervention chirurgicale et ambulatoire.<\/p>\n<h2 style=\"text-align: justify;\"><span style=\"color: #75c9d3;\"><strong>Traitement<\/strong><\/span><\/h2>\n<p style=\"text-align: justify;\">La Th\u00e9rapie photodynamique est r\u00e9alis\u00e9e dans les locaux de la clinique et nous permet de traiter les l\u00e9sions pr\u00e9-malignes (K\u00e9ratose actinique) et le Carcinome basal cellulaire superficiel d&#8217;une mani\u00e8re simple, confortable, efficace et s\u00fbre sans chirurgie ni anesth\u00e9sie.<\/p>\n<p style=\"text-align: justify;\">Tout d&#8217;abord, la zone \u00e0 traiter est pr\u00e9par\u00e9e avec un grattage, on aplique le m\u00e9dicament topique et la zone est prot\u00e9g\u00e9e avec du papier d&#8217;aluminium pour \u00e9viter l&#8217;exposition au soleil. Tout au long des trois heures que le m\u00e9dicament est autoris\u00e9 \u00e0 agir, il p\u00e9n\u00e8trera s\u00e9lectivement dans les cellules tumorales, ce qui rend la tumeur \u00e0 devenir photosensible \u00e0 la lumi\u00e8re rouge.<\/p>\n<p style=\"text-align: justify;\">Apr\u00e8s le temps d&#8217;action du m\u00e9dicament, on retire le film d&#8217;aluminium et le patient est pr\u00eat \u00e0 effectuer le traitement avec la lampe Photodynamique. Lorsque la lumi\u00e8re rouge entre en contact avec les cellules malignes, \u00e9tant ces photosensibles, elles sont d\u00e9truites en laissant les cellules saines intactes en tout temps.<\/p>\n<p style=\"text-align: justify;\">Normalement, il faut faire deux s\u00e9ances.<\/p>\n[\/vc_column_text][\/vc_column_inner][\/vc_row_inner][vc_row_inner][vc_column_inner width=&#8221;1\/2&#8243;][vc_video link=&#8221;https:\/\/youtu.be\/OaXNzG4ARlI&#8221;][\/vc_column_inner][vc_column_inner width=&#8221;1\/2&#8243;][vc_video link=&#8221;https:\/\/youtu.be\/nkYeJv_txGI&#8221;][\/vc_column_inner][\/vc_row_inner][\/vc_column][\/vc_row][vc_column width=&#8221;3\/4&#8243; css=&#8221;.vc_custom_1473066092346{margin-top: 0px !important;}&#8221;][\/vc_column]\n","protected":false},"excerpt":{"rendered":"<p>[vc_row][vc_column][\/vc_column][vc_column_text][\/vc_column_text][\/vc_row][vc_column][\/vc_column][vc_row][vc_column][vc_row_inner][vc_column_inner][vc_column_text] L&#8217;un des grands avantages de la th\u00e9rapie photodynamique (PDT) est qu&#8217;il nous permet de traiter le cancer de la peau \u00e0 un stade pr\u00e9coce, lorsqu&#8217;il n&#8217;a pas encore p\u00e9n\u00e9tr\u00e9, sans intervention chirurgicale et ambulatoire. Traitement La Th\u00e9rapie photodynamique est r\u00e9alis\u00e9e dans les locaux de la clinique et nous permet de traiter les l\u00e9sions pr\u00e9-malignes [&hellip;]<\/p>\n","protected":false},"author":5,"featured_media":0,"parent":3392,"menu_order":0,"comment_status":"closed","ping_status":"closed","template":"soulmedic\/tpl-feature.php","meta":{"footnotes":""},"class_list":["post-3390","page","type-page","status-publish","hentry"],"yoast_head":"<!-- This site is optimized with the Yoast SEO plugin v19.12 - https:\/\/yoast.com\/wordpress\/plugins\/seo\/ -->\n<title>Therapie photodynamique | Dr. Lopez Gil | Teknon Dermatologue Clinique<\/title>\n<meta name=\"description\" content=\"Th\u00e9rapie photodynamique, traitement du cancer de la peau. Clinique dermatologique avec la technologie la plus avanc\u00e9e dans le traitement du cancer,Barcelona\" \/>\n<meta name=\"robots\" content=\"index, follow, max-snippet:-1, max-image-preview:large, max-video-preview:-1\" \/>\n<link rel=\"canonical\" href=\"https:\/\/www.lopezgil.com\/fr\/traitements\/therapie-photodynamique-barcelona\/\" \/>\n<meta property=\"og:locale\" content=\"fr_FR\" \/>\n<meta property=\"og:type\" content=\"article\" \/>\n<meta property=\"og:title\" content=\"Therapie photodynamique | Dr. Lopez Gil | Teknon Dermatologue Clinique\" \/>\n<meta property=\"og:description\" content=\"Th\u00e9rapie photodynamique, traitement du cancer de la peau. Clinique dermatologique avec la technologie la plus avanc\u00e9e dans le traitement du cancer,Barcelona\" \/>\n<meta property=\"og:url\" content=\"https:\/\/www.lopezgil.com\/fr\/traitements\/therapie-photodynamique-barcelona\/\" \/>\n<meta property=\"og:site_name\" content=\"Dr. Lopez Gil\" \/>\n<meta property=\"article:modified_time\" content=\"2019-12-10T12:56:42+00:00\" \/>\n<meta name=\"twitter:card\" content=\"summary_large_image\" \/>\n<meta name=\"twitter:label1\" content=\"Est. reading time\" \/>\n\t<meta name=\"twitter:data1\" content=\"2 minutes\" \/>\n<script type=\"application\/ld+json\" class=\"yoast-schema-graph\">{\"@context\":\"https:\/\/schema.org\",\"@graph\":[{\"@type\":\"WebPage\",\"@id\":\"https:\/\/www.lopezgil.com\/fr\/traitements\/therapie-photodynamique-barcelona\/\",\"url\":\"https:\/\/www.lopezgil.com\/fr\/traitements\/therapie-photodynamique-barcelona\/\",\"name\":\"Therapie photodynamique | Dr. Lopez Gil | Teknon Dermatologue Clinique\",\"isPartOf\":{\"@id\":\"https:\/\/www.lopezgil.com\/ca\/#website\"},\"datePublished\":\"2016-06-16T10:21:08+00:00\",\"dateModified\":\"2019-12-10T12:56:42+00:00\",\"description\":\"Th\u00e9rapie photodynamique, traitement du cancer de la peau. Clinique dermatologique avec la technologie la plus avanc\u00e9e dans le traitement du cancer,Barcelona\",\"breadcrumb\":{\"@id\":\"https:\/\/www.lopezgil.com\/fr\/traitements\/therapie-photodynamique-barcelona\/#breadcrumb\"},\"inLanguage\":\"fr-FR\",\"potentialAction\":[{\"@type\":\"ReadAction\",\"target\":[\"https:\/\/www.lopezgil.com\/fr\/traitements\/therapie-photodynamique-barcelona\/\"]}]},{\"@type\":\"BreadcrumbList\",\"@id\":\"https:\/\/www.lopezgil.com\/fr\/traitements\/therapie-photodynamique-barcelona\/#breadcrumb\",\"itemListElement\":[{\"@type\":\"ListItem\",\"position\":1,\"name\":\"Portada\",\"item\":\"https:\/\/www.lopezgil.com\/fr\/\"},{\"@type\":\"ListItem\",\"position\":2,\"name\":\"Traitements\",\"item\":\"https:\/\/www.lopezgil.com\/fr\/traitements\/\"},{\"@type\":\"ListItem\",\"position\":3,\"name\":\"Therapie photodynamique\"}]},{\"@type\":\"WebSite\",\"@id\":\"https:\/\/www.lopezgil.com\/ca\/#website\",\"url\":\"https:\/\/www.lopezgil.com\/ca\/\",\"name\":\"Dr. Lopez Gil\",\"description\":\"Dermat\u00f3logo Barcelona\",\"potentialAction\":[{\"@type\":\"SearchAction\",\"target\":{\"@type\":\"EntryPoint\",\"urlTemplate\":\"https:\/\/www.lopezgil.com\/ca\/?s={search_term_string}\"},\"query-input\":\"required name=search_term_string\"}],\"inLanguage\":\"fr-FR\"}]}<\/script>\n<!-- \/ Yoast SEO plugin. -->","yoast_head_json":{"title":"Therapie photodynamique | Dr. Lopez Gil | Teknon Dermatologue Clinique","description":"Th\u00e9rapie photodynamique, traitement du cancer de la peau. Clinique dermatologique avec la technologie la plus avanc\u00e9e dans le traitement du cancer,Barcelona","robots":{"index":"index","follow":"follow","max-snippet":"max-snippet:-1","max-image-preview":"max-image-preview:large","max-video-preview":"max-video-preview:-1"},"canonical":"https:\/\/www.lopezgil.com\/fr\/traitements\/therapie-photodynamique-barcelona\/","og_locale":"fr_FR","og_type":"article","og_title":"Therapie photodynamique | Dr. Lopez Gil | Teknon Dermatologue Clinique","og_description":"Th\u00e9rapie photodynamique, traitement du cancer de la peau. Clinique dermatologique avec la technologie la plus avanc\u00e9e dans le traitement du cancer,Barcelona","og_url":"https:\/\/www.lopezgil.com\/fr\/traitements\/therapie-photodynamique-barcelona\/","og_site_name":"Dr. Lopez Gil","article_modified_time":"2019-12-10T12:56:42+00:00","twitter_card":"summary_large_image","twitter_misc":{"Est. reading time":"2 minutes"},"schema":{"@context":"https:\/\/schema.org","@graph":[{"@type":"WebPage","@id":"https:\/\/www.lopezgil.com\/fr\/traitements\/therapie-photodynamique-barcelona\/","url":"https:\/\/www.lopezgil.com\/fr\/traitements\/therapie-photodynamique-barcelona\/","name":"Therapie photodynamique | Dr. Lopez Gil | Teknon Dermatologue Clinique","isPartOf":{"@id":"https:\/\/www.lopezgil.com\/ca\/#website"},"datePublished":"2016-06-16T10:21:08+00:00","dateModified":"2019-12-10T12:56:42+00:00","description":"Th\u00e9rapie photodynamique, traitement du cancer de la peau. Clinique dermatologique avec la technologie la plus avanc\u00e9e dans le traitement du cancer,Barcelona","breadcrumb":{"@id":"https:\/\/www.lopezgil.com\/fr\/traitements\/therapie-photodynamique-barcelona\/#breadcrumb"},"inLanguage":"fr-FR","potentialAction":[{"@type":"ReadAction","target":["https:\/\/www.lopezgil.com\/fr\/traitements\/therapie-photodynamique-barcelona\/"]}]},{"@type":"BreadcrumbList","@id":"https:\/\/www.lopezgil.com\/fr\/traitements\/therapie-photodynamique-barcelona\/#breadcrumb","itemListElement":[{"@type":"ListItem","position":1,"name":"Portada","item":"https:\/\/www.lopezgil.com\/fr\/"},{"@type":"ListItem","position":2,"name":"Traitements","item":"https:\/\/www.lopezgil.com\/fr\/traitements\/"},{"@type":"ListItem","position":3,"name":"Therapie photodynamique"}]},{"@type":"WebSite","@id":"https:\/\/www.lopezgil.com\/ca\/#website","url":"https:\/\/www.lopezgil.com\/ca\/","name":"Dr. Lopez Gil","description":"Dermat\u00f3logo Barcelona","potentialAction":[{"@type":"SearchAction","target":{"@type":"EntryPoint","urlTemplate":"https:\/\/www.lopezgil.com\/ca\/?s={search_term_string}"},"query-input":"required name=search_term_string"}],"inLanguage":"fr-FR"}]}},"_links":{"self":[{"href":"https:\/\/www.lopezgil.com\/fr\/wp-json\/wp\/v2\/pages\/3390","targetHints":{"allow":["GET"]}}],"collection":[{"href":"https:\/\/www.lopezgil.com\/fr\/wp-json\/wp\/v2\/pages"}],"about":[{"href":"https:\/\/www.lopezgil.com\/fr\/wp-json\/wp\/v2\/types\/page"}],"author":[{"embeddable":true,"href":"https:\/\/www.lopezgil.com\/fr\/wp-json\/wp\/v2\/users\/5"}],"replies":[{"embeddable":true,"href":"https:\/\/www.lopezgil.com\/fr\/wp-json\/wp\/v2\/comments?post=3390"}],"version-history":[{"count":1,"href":"https:\/\/www.lopezgil.com\/fr\/wp-json\/wp\/v2\/pages\/3390\/revisions"}],"predecessor-version":[{"id":3391,"href":"https:\/\/www.lopezgil.com\/fr\/wp-json\/wp\/v2\/pages\/3390\/revisions\/3391"}],"up":[{"embeddable":true,"href":"https:\/\/www.lopezgil.com\/fr\/wp-json\/wp\/v2\/pages\/3392"}],"wp:attachment":[{"href":"https:\/\/www.lopezgil.com\/fr\/wp-json\/wp\/v2\/media?parent=3390"}],"curies":[{"name":"wp","href":"https:\/\/api.w.org\/{rel}","templated":true}]}}