{"id":3386,"date":"2016-06-16T09:57:41","date_gmt":"2016-06-16T09:57:41","guid":{"rendered":"https:\/\/www.lopezgil.com\/therapie-au-laser-barcelona\/stretch-marks\/"},"modified":"2019-12-09T14:24:32","modified_gmt":"2019-12-09T14:24:32","slug":"vergetures","status":"publish","type":"page","link":"https:\/\/www.lopezgil.com\/fr\/therapie-au-laser-barcelona\/vergetures\/","title":{"rendered":"Vergetures"},"content":{"rendered":"<div id=\"fb-root\"><\/div>\n<p style=\"text-align: justify;\">[vc_row][vc_column][vc_row_inner][vc_column_inner]<script type=\"text\/javascript\">jQuery(function() { _initLayerSlider( '#layerslider_62_1u78nay36rd0r', {sliderVersion: '', responsiveUnder: 0, layersContainer: 0, hideUnder: 0, hideOver: 100000, pauseOnHover: 1, skin: 'v5', sliderFadeInDuration: 350, useSrcset: true, skinsPath: 'https:\/\/www.lopezgil.com\/wp-content\/plugins\/LayerSlider\/assets\/static\/layerslider\/skins\/', type: 'responsive', showCircleTimer: false, performanceMode: true}); });<\/script><div id=\"layerslider_62_1u78nay36rd0r\" class=\"ls-wp-container fitvidsignore\" style=\"width:600px;height:200px;margin:0 auto;margin-bottom: 0px;\"><div class=\"ls-slide\" data-ls=\"duration:4000;\"><img loading=\"lazy\" decoding=\"async\" width=\"600\" height=\"200\" src=\"https:\/\/www.lopezgil.com\/wp-content\/uploads\/drlopezgil_dermatologia_barcelona_600x200_estrias_eliminar_piernas_embarazo.jpg\" class=\"ls-bg\" alt=\"tratamiento-eliminar-estrias-dermatologo-cirujano-barcelona-doctor-lopez-gil\" srcset=\"https:\/\/www.lopezgil.com\/wp-content\/uploads\/drlopezgil_dermatologia_barcelona_600x200_estrias_eliminar_piernas_embarazo.jpg 600w, https:\/\/www.lopezgil.com\/wp-content\/uploads\/drlopezgil_dermatologia_barcelona_600x200_estrias_eliminar_piernas_embarazo-300x100.jpg 300w\" sizes=\"auto, (max-width: 600px) 100vw, 600px\" \/><\/div><\/div>[\/vc_column_inner][\/vc_row_inner][\/vc_column][\/vc_row][vc_row][vc_column width=&#8221;3\/4&#8243; css=&#8221;.vc_custom_1473066092346{margin-top: 0px !important;}&#8221;][vc_column_text css=&#8221;.vc_custom_1473066053815{margin-top: 0px !important;}&#8221;]\n<h2 style=\"text-align: justify;\"><span style=\"color: #75c9d3;\"><strong>Qu&#8217;est que c&#8217;est vergetures?<\/strong><\/span><\/h2>\n<p style=\"text-align: justify;\">Les vergetures se produisent en raison de la croissance rapide ou rel\u00e2chement de la peau dans un court laps de temps provoquant la rupture des fibres \u00e9lastiques. En g\u00e9n\u00e9ral, n&#8217;importe quelle partie du corps peut \u00eatre affect\u00e9e \u00e0 l&#8217;exception du visage. M\u00eame si, en g\u00e9n\u00e9ral, elles apparaissent sur l&#8217;abdomen, les fesses, les hanches, les cuisses et les seins.<\/p>\n<h2 style=\"text-align: justify;\"><span style=\"color: #75c9d3;\"><strong>Traitement du vergetures \u00e0 Barcelone<\/strong><\/span><\/h2>\n<p style=\"text-align: justify;\">Dans la phase initiale de la vergeture, elles sont roses et il est quand vous pouvez les faire dispara\u00eetre en appliquant la th\u00e9rapie au laser. Quand, au contraire, elles atteignent la maturit\u00e9 et sont blanches, vous pouvez obtenir une am\u00e9lioration progressive de leur apparence, mais pas les \u00e9liminer compl\u00e8tement. Il est pour cette raison, que nous recommandons toujours de commencer le traitement le plus t\u00f4t possible pour obtenir les meilleurs r\u00e9sultats.<\/p>\n<p style=\"text-align: justify;\">Le traitement de choix est la combinaison de laser fractionnel non ablatif avec le laser ablatif fractionnel, ce qui permet de r\u00e9parer la peau affect\u00e9e en quelques s\u00e9ances.<\/p>\n<ul style=\"text-align: justify;\">\n<li><strong>Laser fractionnel non ablatif:<\/strong> il agit \u00e0 niveau du derme respectant la surface de la peau, en \u00e9vitant les br\u00fblures et cro\u00fbtes possibles. Sa fonction est de chauffer le derme, activer les cellules fabricants de nouvel de tissu et permettre la r\u00e9paration progressive de la vergeture.<\/li>\n<li><strong>Laser ablatif fractionnel:<\/strong> il est un compl\u00e9ment au laser non ablatif, en particulier lorsque les vergetures sont tr\u00e8s profondes et n\u00e9cessitent plus d&#8217;\u00e9nergie pour pouvoir les att\u00e9nuer.<\/li>\n<\/ul>\n<p style=\"text-align: justify;\">En r\u00e8gle g\u00e9n\u00e9rale, sont n\u00e9cessaires entre six \u00e0 huit s\u00e9ances pour traiter ou supprimer d\u00e9finitivement les vergetures de chaque zone.<\/p>\n<p class=\"p1\" style=\"text-align: justify;\"><span class=\"s1\">Pour plus d\u2019informations: cliquez\u00a0<a href=\"https:\/\/www.lopezgil.com\/fr\/dermatologie-esthetique-barcelona\/vergetures\/\"><span class=\"s2\">ici<\/span><\/a><\/span><\/p>\n<h2 style=\"text-align: justify;\"><\/h2>\n","protected":false},"excerpt":{"rendered":"<p>[vc_row][vc_column][vc_row_inner][vc_column_inner][\/vc_column_inner][\/vc_row_inner][\/vc_column][\/vc_row][vc_row][vc_column width=&#8221;3\/4&#8243; css=&#8221;.vc_custom_1473066092346{margin-top: 0px !important;}&#8221;][vc_column_text css=&#8221;.vc_custom_1473066053815{margin-top: 0px !important;}&#8221;] Qu&#8217;est que c&#8217;est vergetures? Les vergetures se produisent en raison de la croissance rapide ou rel\u00e2chement de la peau dans un court laps de temps provoquant la rupture des fibres \u00e9lastiques. En g\u00e9n\u00e9ral, n&#8217;importe quelle partie du corps peut \u00eatre affect\u00e9e \u00e0 l&#8217;exception du visage. M\u00eame si, [&hellip;]<\/p>\n","protected":false},"author":5,"featured_media":0,"parent":3368,"menu_order":0,"comment_status":"closed","ping_status":"closed","template":"soulmedic\/tpl-feature.php","meta":{"footnotes":""},"class_list":["post-3386","page","type-page","status-publish","hentry"],"yoast_head":"<!-- This site is optimized with the Yoast SEO plugin v19.12 - https:\/\/yoast.com\/wordpress\/plugins\/seo\/ -->\n<title>Vergetures | Dr. Lopez Gil | Clinique esth\u00e9tique Teknon Barcelona<\/title>\n<meta name=\"description\" content=\"Clinique esth\u00e9tique dermatologique avec la technologie la plus avanc\u00e9e dans le traitement des vergetures. Clinique Teknon, Barcelone. Demandez nous!\" \/>\n<meta name=\"robots\" content=\"index, follow, max-snippet:-1, max-image-preview:large, max-video-preview:-1\" \/>\n<link rel=\"canonical\" href=\"https:\/\/www.lopezgil.com\/fr\/therapie-au-laser-barcelona\/vergetures\/\" \/>\n<meta property=\"og:locale\" content=\"fr_FR\" \/>\n<meta property=\"og:type\" content=\"article\" \/>\n<meta property=\"og:title\" content=\"Vergetures | Dr. Lopez Gil | Clinique esth\u00e9tique Teknon Barcelona\" \/>\n<meta property=\"og:description\" content=\"Clinique esth\u00e9tique dermatologique avec la technologie la plus avanc\u00e9e dans le traitement des vergetures. Clinique Teknon, Barcelone. Demandez nous!\" \/>\n<meta property=\"og:url\" content=\"https:\/\/www.lopezgil.com\/fr\/therapie-au-laser-barcelona\/vergetures\/\" \/>\n<meta property=\"og:site_name\" content=\"Dr. Lopez Gil\" \/>\n<meta property=\"article:modified_time\" content=\"2019-12-09T14:24:32+00:00\" \/>\n<meta name=\"twitter:card\" content=\"summary_large_image\" \/>\n<meta name=\"twitter:label1\" content=\"Est. reading time\" \/>\n\t<meta name=\"twitter:data1\" content=\"2 minutes\" \/>\n<script type=\"application\/ld+json\" class=\"yoast-schema-graph\">{\"@context\":\"https:\/\/schema.org\",\"@graph\":[{\"@type\":\"WebPage\",\"@id\":\"https:\/\/www.lopezgil.com\/fr\/therapie-au-laser-barcelona\/vergetures\/\",\"url\":\"https:\/\/www.lopezgil.com\/fr\/therapie-au-laser-barcelona\/vergetures\/\",\"name\":\"Vergetures | Dr. Lopez Gil | Clinique esth\u00e9tique Teknon Barcelona\",\"isPartOf\":{\"@id\":\"https:\/\/www.lopezgil.com\/ca\/#website\"},\"datePublished\":\"2016-06-16T09:57:41+00:00\",\"dateModified\":\"2019-12-09T14:24:32+00:00\",\"description\":\"Clinique esth\u00e9tique dermatologique avec la technologie la plus avanc\u00e9e dans le traitement des vergetures. Clinique Teknon, Barcelone. Demandez nous!\",\"breadcrumb\":{\"@id\":\"https:\/\/www.lopezgil.com\/fr\/therapie-au-laser-barcelona\/vergetures\/#breadcrumb\"},\"inLanguage\":\"fr-FR\",\"potentialAction\":[{\"@type\":\"ReadAction\",\"target\":[\"https:\/\/www.lopezgil.com\/fr\/therapie-au-laser-barcelona\/vergetures\/\"]}]},{\"@type\":\"BreadcrumbList\",\"@id\":\"https:\/\/www.lopezgil.com\/fr\/therapie-au-laser-barcelona\/vergetures\/#breadcrumb\",\"itemListElement\":[{\"@type\":\"ListItem\",\"position\":1,\"name\":\"Portada\",\"item\":\"https:\/\/www.lopezgil.com\/fr\/\"},{\"@type\":\"ListItem\",\"position\":2,\"name\":\"Th\u00e9rapie au laser\",\"item\":\"https:\/\/www.lopezgil.com\/fr\/therapie-au-laser-barcelona\/\"},{\"@type\":\"ListItem\",\"position\":3,\"name\":\"Vergetures\"}]},{\"@type\":\"WebSite\",\"@id\":\"https:\/\/www.lopezgil.com\/ca\/#website\",\"url\":\"https:\/\/www.lopezgil.com\/ca\/\",\"name\":\"Dr. Lopez Gil\",\"description\":\"Dermat\u00f3logo Barcelona\",\"potentialAction\":[{\"@type\":\"SearchAction\",\"target\":{\"@type\":\"EntryPoint\",\"urlTemplate\":\"https:\/\/www.lopezgil.com\/ca\/?s={search_term_string}\"},\"query-input\":\"required name=search_term_string\"}],\"inLanguage\":\"fr-FR\"}]}<\/script>\n<!-- \/ Yoast SEO plugin. -->","yoast_head_json":{"title":"Vergetures | Dr. Lopez Gil | Clinique esth\u00e9tique Teknon Barcelona","description":"Clinique esth\u00e9tique dermatologique avec la technologie la plus avanc\u00e9e dans le traitement des vergetures. Clinique Teknon, Barcelone. Demandez nous!","robots":{"index":"index","follow":"follow","max-snippet":"max-snippet:-1","max-image-preview":"max-image-preview:large","max-video-preview":"max-video-preview:-1"},"canonical":"https:\/\/www.lopezgil.com\/fr\/therapie-au-laser-barcelona\/vergetures\/","og_locale":"fr_FR","og_type":"article","og_title":"Vergetures | Dr. Lopez Gil | Clinique esth\u00e9tique Teknon Barcelona","og_description":"Clinique esth\u00e9tique dermatologique avec la technologie la plus avanc\u00e9e dans le traitement des vergetures. Clinique Teknon, Barcelone. Demandez nous!","og_url":"https:\/\/www.lopezgil.com\/fr\/therapie-au-laser-barcelona\/vergetures\/","og_site_name":"Dr. Lopez Gil","article_modified_time":"2019-12-09T14:24:32+00:00","twitter_card":"summary_large_image","twitter_misc":{"Est. reading time":"2 minutes"},"schema":{"@context":"https:\/\/schema.org","@graph":[{"@type":"WebPage","@id":"https:\/\/www.lopezgil.com\/fr\/therapie-au-laser-barcelona\/vergetures\/","url":"https:\/\/www.lopezgil.com\/fr\/therapie-au-laser-barcelona\/vergetures\/","name":"Vergetures | Dr. Lopez Gil | Clinique esth\u00e9tique Teknon Barcelona","isPartOf":{"@id":"https:\/\/www.lopezgil.com\/ca\/#website"},"datePublished":"2016-06-16T09:57:41+00:00","dateModified":"2019-12-09T14:24:32+00:00","description":"Clinique esth\u00e9tique dermatologique avec la technologie la plus avanc\u00e9e dans le traitement des vergetures. Clinique Teknon, Barcelone. Demandez nous!","breadcrumb":{"@id":"https:\/\/www.lopezgil.com\/fr\/therapie-au-laser-barcelona\/vergetures\/#breadcrumb"},"inLanguage":"fr-FR","potentialAction":[{"@type":"ReadAction","target":["https:\/\/www.lopezgil.com\/fr\/therapie-au-laser-barcelona\/vergetures\/"]}]},{"@type":"BreadcrumbList","@id":"https:\/\/www.lopezgil.com\/fr\/therapie-au-laser-barcelona\/vergetures\/#breadcrumb","itemListElement":[{"@type":"ListItem","position":1,"name":"Portada","item":"https:\/\/www.lopezgil.com\/fr\/"},{"@type":"ListItem","position":2,"name":"Th\u00e9rapie au laser","item":"https:\/\/www.lopezgil.com\/fr\/therapie-au-laser-barcelona\/"},{"@type":"ListItem","position":3,"name":"Vergetures"}]},{"@type":"WebSite","@id":"https:\/\/www.lopezgil.com\/ca\/#website","url":"https:\/\/www.lopezgil.com\/ca\/","name":"Dr. Lopez Gil","description":"Dermat\u00f3logo Barcelona","potentialAction":[{"@type":"SearchAction","target":{"@type":"EntryPoint","urlTemplate":"https:\/\/www.lopezgil.com\/ca\/?s={search_term_string}"},"query-input":"required name=search_term_string"}],"inLanguage":"fr-FR"}]}},"_links":{"self":[{"href":"https:\/\/www.lopezgil.com\/fr\/wp-json\/wp\/v2\/pages\/3386","targetHints":{"allow":["GET"]}}],"collection":[{"href":"https:\/\/www.lopezgil.com\/fr\/wp-json\/wp\/v2\/pages"}],"about":[{"href":"https:\/\/www.lopezgil.com\/fr\/wp-json\/wp\/v2\/types\/page"}],"author":[{"embeddable":true,"href":"https:\/\/www.lopezgil.com\/fr\/wp-json\/wp\/v2\/users\/5"}],"replies":[{"embeddable":true,"href":"https:\/\/www.lopezgil.com\/fr\/wp-json\/wp\/v2\/comments?post=3386"}],"version-history":[{"count":3,"href":"https:\/\/www.lopezgil.com\/fr\/wp-json\/wp\/v2\/pages\/3386\/revisions"}],"predecessor-version":[{"id":4962,"href":"https:\/\/www.lopezgil.com\/fr\/wp-json\/wp\/v2\/pages\/3386\/revisions\/4962"}],"up":[{"embeddable":true,"href":"https:\/\/www.lopezgil.com\/fr\/wp-json\/wp\/v2\/pages\/3368"}],"wp:attachment":[{"href":"https:\/\/www.lopezgil.com\/fr\/wp-json\/wp\/v2\/media?parent=3386"}],"curies":[{"name":"wp","href":"https:\/\/api.w.org\/{rel}","templated":true}]}}