{"id":3378,"date":"2016-06-16T10:00:49","date_gmt":"2016-06-16T10:00:49","guid":{"rendered":"https:\/\/www.lopezgil.com\/therapie-au-laser-barcelona\/varicose-veins\/"},"modified":"2019-12-08T20:40:34","modified_gmt":"2019-12-08T20:40:34","slug":"varices","status":"publish","type":"page","link":"https:\/\/www.lopezgil.com\/fr\/therapie-au-laser-barcelona\/varices\/","title":{"rendered":"Varices"},"content":{"rendered":"<div id=\"fb-root\"><\/div>\n<p style=\"text-align: justify;\">[vc_row][vc_column][vc_row_inner][vc_column_inner]<script type=\"text\/javascript\">jQuery(function() { _initLayerSlider( '#layerslider_70_w9zsqrgbtah8', {sliderVersion: '', responsiveUnder: 0, layersContainer: 0, hideUnder: 0, hideOver: 100000, pauseOnHover: 1, skin: 'v5', sliderFadeInDuration: 350, useSrcset: true, skinsPath: 'https:\/\/www.lopezgil.com\/wp-content\/plugins\/LayerSlider\/assets\/static\/layerslider\/skins\/', type: 'responsive', showCircleTimer: false, performanceMode: true}); });<\/script><div id=\"layerslider_70_w9zsqrgbtah8\" class=\"ls-wp-container fitvidsignore\" style=\"width:600px;height:200px;margin:0 auto;margin-bottom: 0px;\"><div class=\"ls-slide\" data-ls=\"duration:4000;\"><img loading=\"lazy\" decoding=\"async\" width=\"600\" height=\"200\" src=\"https:\/\/www.lopezgil.com\/wp-content\/uploads\/drlopezgil-dermatologia-barcelona-600x200-varices-laserterapia.jpg\" class=\"ls-bg\" alt=\"dr-lopez-gil-dermatologia-dermatologo-barcelona-600x200-varices-laserterapia-laser\" srcset=\"https:\/\/www.lopezgil.com\/wp-content\/uploads\/drlopezgil-dermatologia-barcelona-600x200-varices-laserterapia.jpg 600w, https:\/\/www.lopezgil.com\/wp-content\/uploads\/drlopezgil-dermatologia-barcelona-600x200-varices-laserterapia-300x100.jpg 300w\" sizes=\"auto, (max-width: 600px) 100vw, 600px\" \/><\/div><\/div>[\/vc_column_inner][\/vc_row_inner][\/vc_column][\/vc_row][vc_row][vc_column width=&#8221;3\/4&#8243; css=&#8221;.vc_custom_1473066092346{margin-top: 0px !important;}&#8221;][vc_column_text css=&#8221;.vc_custom_1473066053815{margin-top: 0px !important;}&#8221;]\n<h2 style=\"text-align: justify;\"><span style=\"color: #75c9d3;\"><strong><strong><strong>Qu&#8217;est que c&#8217;est?<\/strong><\/strong><\/strong><\/span><\/h2>\n<p style=\"text-align: justify;\">Les varices sont l&#8217;une des consultations m\u00e9dicales les plus fr\u00e9quentes qu\u2019ont les dermatologues. Ils sont des veines gonfl\u00e9es qui apparaissent habituellement dans les membres inf\u00e9rieurs en raison d&#8217;une accumulation anormale de sang, ce qui provoque l&#8217;allongement et la dilatation des veines.<\/p>\n<p style=\"text-align: justify;\">Cette accumulation est due \u00e0 un mauvais fonctionnement des valves qui sont dans les veines qui emp\u00eachent le retour du flux sanguin au pied et favorisent le fait que le sang atteint le c\u0153ur. Si la veine est dilat\u00e9e, ces valves ne peuvent pas effectuer bien sa fonction.<\/p>\n<p style=\"text-align: justify;\">Elles ne repr\u00e9sentent pas de probl\u00e8mes de sant\u00e9, mais sont souvent enlev\u00e9es parce qu&#8217;elles pr\u00e9sentent un malaise esth\u00e9tique.<\/p>\n<h2 style=\"text-align: justify;\"><span style=\"color: #75c9d3;\"><strong>Qui est concern\u00e9?<\/strong><\/span><\/h2>\n<p style=\"text-align: justify;\">Elles affectent environ 25% de la population adulte et sa pr\u00e9valence augmente avec l&#8217;\u00e2ge, en particulier chez les femmes.<\/p>\n<h2 style=\"text-align: justify;\"><span style=\"color: #75c9d3;\"><strong>Causes<\/strong><\/span><\/h2>\n<p style=\"text-align: justify;\">Les facteurs favorisant le risque de d\u00e9velopper des varices sont:<\/p>\n<ul style=\"text-align: justify;\">\n<li>Facteurs g\u00e9n\u00e9tiques<\/li>\n<li>Grossesses<\/li>\n<li>Ob\u00e9sit\u00e9 ou embonpoint<\/li>\n<li>Vie s\u00e9dentaire<\/li>\n<\/ul>\n<h2 style=\"text-align: justify;\"><span style=\"color: #75c9d3;\"><strong>Types<\/strong><\/span><\/h2>\n<p style=\"text-align: justify;\">Nous pouvons trouver:<\/p>\n<ul style=\"text-align: justify;\">\n<li><u>Varices superficielles:<\/u> elles sont les connues comme veines t\u00e9langiectasie ou varicosit\u00e9s. Il est le type le plus commun.<\/li>\n<li><u>Varices tronculaires<\/u>: elles sont les vraies varices. Elles ont diff\u00e9rents degr\u00e9s d&#8217;expansion et elles sont plus ou moins visibles.<\/li>\n<\/ul>\n<h2 style=\"text-align: justify;\"><span style=\"color: #75c9d3;\"><strong>Traitement<\/strong><\/span><\/h2>\n<p style=\"text-align: justify;\">Il est tr\u00e8s important de faire un diagnostic par un sp\u00e9cialiste pour d\u00e9terminer l&#8217;origine de ces dilatations veineuses. Ensuite, la r\u00e9alisation d&#8217;une \u00e9chographie Doppler veineux nous donne des informations sur l&#8217;anatomie varice et les options m\u00e9dicales qui peuvent \u00eatre effectu\u00e9es pour son \u00e9limination.<\/p>\n<p style=\"text-align: justify;\">S&#8217;il y a une communication entre le syst\u00e8me veineux profond et le syst\u00e8me veineux superficiel, la solution habituelle est la chirurgie ou les lasers intraluminaires.<\/p>\n<p style=\"text-align: justify;\">S&#8217;il n&#8217;y a pas de communication, nous pouvons diff\u00e9rencier entre:<\/p>\n<ul style=\"text-align: justify;\">\n<li>Diam\u00e8tre des veines inf\u00e9rieur \u00e0 0,5 cm: laser vasculaire.<\/li>\n<li>Diam\u00e8tre des veines sup\u00e9rieur \u00e0 0,5 cm: des injections de scl\u00e9roth\u00e9rapie.<\/li>\n<\/ul>\n<p style=\"text-align: justify;\"><u>C&#8217;est douloureux?<\/u><\/p>\n<p style=\"text-align: justify;\">Nous \u00e0 la clinique effectuons le traitement avec le laser vasculaire. On peut appliquer de la cr\u00e8me anesth\u00e9siante dans la zone afin de minimiser au maximum tout inconfort pour le patient.<\/p>\n<p style=\"text-align: justify;\"><u>Combien de s\u00e9ances sont n\u00e9cessaires?<\/u><\/p>\n<p style=\"text-align: justify;\">Dans la plupart des cas, ils sont n\u00e9cessaires de 3 \u00e0 4 s\u00e9ances.<\/p>\n<p style=\"text-align: justify;\"><u>Depuis combien de temps est le traitement?<\/u><\/p>\n<p style=\"text-align: justify;\">Il est un traitement tr\u00e8s efficace, car une fois d\u00e9j\u00e0 \u00e9limin\u00e9 ne r\u00e9appara\u00eet pas \u00e0 condition que vous faites de l&#8217;activit\u00e9 physique et vous menez une vie saine<\/p>\n<h2 style=\"text-align: justify;\"><span style=\"color: #75c9d3;\"><strong>Conseils avant le traitement<\/strong><\/span><\/h2>\n<ul style=\"text-align: justify;\">\n<li>Doit effectuer une analyse Eco \u2013 Doppler pour d\u00e9terminer l&#8217;\u00e9tat de l&#8217;arbre vasculaire des membres inf\u00e9rieurs.<\/li>\n<li>S&#8217;il y a une insuffisance l\u00e9g\u00e8re \u00e0 mod\u00e9r\u00e9e dans les extr\u00e9mit\u00e9s faire deux s\u00e9ances d&#8217;acupression avant d&#8217;effectuer la premi\u00e8re session laser.<\/li>\n<\/ul>\n<h2 style=\"text-align: justify;\"><span style=\"color: #75c9d3;\"><strong>Conseils post-traitement<\/strong><\/span><\/h2>\n<ul>\n<li style=\"text-align: justify;\">Utiliser des bas de compression mod\u00e9r\u00e9e.<\/li>\n<li style=\"text-align: justify;\">Maintenir un mode de vie sain.<\/li>\n<li style=\"text-align: justify;\">Effectuer de l&#8217;activit\u00e9 physique.<\/li>\n<li style=\"text-align: justify;\">Ne vous exposez pas au soleil.<\/li>\n<li style=\"text-align: justify;\">S&#8217;il n&#8217;y a pas de probl\u00e8mes majeurs de la veine, on recommande deux sessions de l&#8217;acupressure.<\/li>\n<\/ul>\n","protected":false},"excerpt":{"rendered":"<p>[vc_row][vc_column][vc_row_inner][vc_column_inner][\/vc_column_inner][\/vc_row_inner][\/vc_column][\/vc_row][vc_row][vc_column width=&#8221;3\/4&#8243; css=&#8221;.vc_custom_1473066092346{margin-top: 0px !important;}&#8221;][vc_column_text css=&#8221;.vc_custom_1473066053815{margin-top: 0px !important;}&#8221;] Qu&#8217;est que c&#8217;est? Les varices sont l&#8217;une des consultations m\u00e9dicales les plus fr\u00e9quentes qu\u2019ont les dermatologues. Ils sont des veines gonfl\u00e9es qui apparaissent habituellement dans les membres inf\u00e9rieurs en raison d&#8217;une accumulation anormale de sang, ce qui provoque l&#8217;allongement et la dilatation des veines. Cette accumulation est [&hellip;]<\/p>\n","protected":false},"author":5,"featured_media":0,"parent":3368,"menu_order":0,"comment_status":"closed","ping_status":"closed","template":"soulmedic\/tpl-feature.php","meta":{"footnotes":""},"class_list":["post-3378","page","type-page","status-publish","hentry"],"yoast_head":"<!-- This site is optimized with the Yoast SEO plugin v19.12 - https:\/\/yoast.com\/wordpress\/plugins\/seo\/ -->\n<title>Varices | Dr. Lopez Gil | Clinique Esth\u00e9tique Teknon, Barcelone<\/title>\n<meta name=\"description\" content=\"Sp\u00e9cialiste clinique dans le traitement pour \u00e9liminer les varices sans chirurgie, avec la technologie laser la plus avanc\u00e9e.\" \/>\n<meta name=\"robots\" content=\"index, follow, max-snippet:-1, max-image-preview:large, max-video-preview:-1\" \/>\n<link rel=\"canonical\" href=\"https:\/\/www.lopezgil.com\/fr\/therapie-au-laser-barcelona\/varices\/\" \/>\n<meta property=\"og:locale\" content=\"fr_FR\" \/>\n<meta property=\"og:type\" content=\"article\" \/>\n<meta property=\"og:title\" content=\"Varices | Dr. Lopez Gil | Clinique Esth\u00e9tique Teknon, Barcelone\" \/>\n<meta property=\"og:description\" content=\"Sp\u00e9cialiste clinique dans le traitement pour \u00e9liminer les varices sans chirurgie, avec la technologie laser la plus avanc\u00e9e.\" \/>\n<meta property=\"og:url\" content=\"https:\/\/www.lopezgil.com\/fr\/therapie-au-laser-barcelona\/varices\/\" \/>\n<meta property=\"og:site_name\" content=\"Dr. Lopez Gil\" \/>\n<meta property=\"article:modified_time\" content=\"2019-12-08T20:40:34+00:00\" \/>\n<meta name=\"twitter:card\" content=\"summary_large_image\" \/>\n<meta name=\"twitter:label1\" content=\"Est. reading time\" \/>\n\t<meta name=\"twitter:data1\" content=\"3 minutes\" \/>\n<script type=\"application\/ld+json\" class=\"yoast-schema-graph\">{\"@context\":\"https:\/\/schema.org\",\"@graph\":[{\"@type\":\"WebPage\",\"@id\":\"https:\/\/www.lopezgil.com\/fr\/therapie-au-laser-barcelona\/varices\/\",\"url\":\"https:\/\/www.lopezgil.com\/fr\/therapie-au-laser-barcelona\/varices\/\",\"name\":\"Varices | Dr. Lopez Gil | Clinique Esth\u00e9tique Teknon, Barcelone\",\"isPartOf\":{\"@id\":\"https:\/\/www.lopezgil.com\/ca\/#website\"},\"datePublished\":\"2016-06-16T10:00:49+00:00\",\"dateModified\":\"2019-12-08T20:40:34+00:00\",\"description\":\"Sp\u00e9cialiste clinique dans le traitement pour \u00e9liminer les varices sans chirurgie, avec la technologie laser la plus avanc\u00e9e.\",\"breadcrumb\":{\"@id\":\"https:\/\/www.lopezgil.com\/fr\/therapie-au-laser-barcelona\/varices\/#breadcrumb\"},\"inLanguage\":\"fr-FR\",\"potentialAction\":[{\"@type\":\"ReadAction\",\"target\":[\"https:\/\/www.lopezgil.com\/fr\/therapie-au-laser-barcelona\/varices\/\"]}]},{\"@type\":\"BreadcrumbList\",\"@id\":\"https:\/\/www.lopezgil.com\/fr\/therapie-au-laser-barcelona\/varices\/#breadcrumb\",\"itemListElement\":[{\"@type\":\"ListItem\",\"position\":1,\"name\":\"Portada\",\"item\":\"https:\/\/www.lopezgil.com\/fr\/\"},{\"@type\":\"ListItem\",\"position\":2,\"name\":\"Th\u00e9rapie au laser\",\"item\":\"https:\/\/www.lopezgil.com\/fr\/therapie-au-laser-barcelona\/\"},{\"@type\":\"ListItem\",\"position\":3,\"name\":\"Varices\"}]},{\"@type\":\"WebSite\",\"@id\":\"https:\/\/www.lopezgil.com\/ca\/#website\",\"url\":\"https:\/\/www.lopezgil.com\/ca\/\",\"name\":\"Dr. Lopez Gil\",\"description\":\"Dermat\u00f3logo Barcelona\",\"potentialAction\":[{\"@type\":\"SearchAction\",\"target\":{\"@type\":\"EntryPoint\",\"urlTemplate\":\"https:\/\/www.lopezgil.com\/ca\/?s={search_term_string}\"},\"query-input\":\"required name=search_term_string\"}],\"inLanguage\":\"fr-FR\"}]}<\/script>\n<!-- \/ Yoast SEO plugin. -->","yoast_head_json":{"title":"Varices | Dr. Lopez Gil | Clinique Esth\u00e9tique Teknon, Barcelone","description":"Sp\u00e9cialiste clinique dans le traitement pour \u00e9liminer les varices sans chirurgie, avec la technologie laser la plus avanc\u00e9e.","robots":{"index":"index","follow":"follow","max-snippet":"max-snippet:-1","max-image-preview":"max-image-preview:large","max-video-preview":"max-video-preview:-1"},"canonical":"https:\/\/www.lopezgil.com\/fr\/therapie-au-laser-barcelona\/varices\/","og_locale":"fr_FR","og_type":"article","og_title":"Varices | Dr. Lopez Gil | Clinique Esth\u00e9tique Teknon, Barcelone","og_description":"Sp\u00e9cialiste clinique dans le traitement pour \u00e9liminer les varices sans chirurgie, avec la technologie laser la plus avanc\u00e9e.","og_url":"https:\/\/www.lopezgil.com\/fr\/therapie-au-laser-barcelona\/varices\/","og_site_name":"Dr. Lopez Gil","article_modified_time":"2019-12-08T20:40:34+00:00","twitter_card":"summary_large_image","twitter_misc":{"Est. reading time":"3 minutes"},"schema":{"@context":"https:\/\/schema.org","@graph":[{"@type":"WebPage","@id":"https:\/\/www.lopezgil.com\/fr\/therapie-au-laser-barcelona\/varices\/","url":"https:\/\/www.lopezgil.com\/fr\/therapie-au-laser-barcelona\/varices\/","name":"Varices | Dr. Lopez Gil | Clinique Esth\u00e9tique Teknon, Barcelone","isPartOf":{"@id":"https:\/\/www.lopezgil.com\/ca\/#website"},"datePublished":"2016-06-16T10:00:49+00:00","dateModified":"2019-12-08T20:40:34+00:00","description":"Sp\u00e9cialiste clinique dans le traitement pour \u00e9liminer les varices sans chirurgie, avec la technologie laser la plus avanc\u00e9e.","breadcrumb":{"@id":"https:\/\/www.lopezgil.com\/fr\/therapie-au-laser-barcelona\/varices\/#breadcrumb"},"inLanguage":"fr-FR","potentialAction":[{"@type":"ReadAction","target":["https:\/\/www.lopezgil.com\/fr\/therapie-au-laser-barcelona\/varices\/"]}]},{"@type":"BreadcrumbList","@id":"https:\/\/www.lopezgil.com\/fr\/therapie-au-laser-barcelona\/varices\/#breadcrumb","itemListElement":[{"@type":"ListItem","position":1,"name":"Portada","item":"https:\/\/www.lopezgil.com\/fr\/"},{"@type":"ListItem","position":2,"name":"Th\u00e9rapie au laser","item":"https:\/\/www.lopezgil.com\/fr\/therapie-au-laser-barcelona\/"},{"@type":"ListItem","position":3,"name":"Varices"}]},{"@type":"WebSite","@id":"https:\/\/www.lopezgil.com\/ca\/#website","url":"https:\/\/www.lopezgil.com\/ca\/","name":"Dr. Lopez Gil","description":"Dermat\u00f3logo Barcelona","potentialAction":[{"@type":"SearchAction","target":{"@type":"EntryPoint","urlTemplate":"https:\/\/www.lopezgil.com\/ca\/?s={search_term_string}"},"query-input":"required name=search_term_string"}],"inLanguage":"fr-FR"}]}},"_links":{"self":[{"href":"https:\/\/www.lopezgil.com\/fr\/wp-json\/wp\/v2\/pages\/3378","targetHints":{"allow":["GET"]}}],"collection":[{"href":"https:\/\/www.lopezgil.com\/fr\/wp-json\/wp\/v2\/pages"}],"about":[{"href":"https:\/\/www.lopezgil.com\/fr\/wp-json\/wp\/v2\/types\/page"}],"author":[{"embeddable":true,"href":"https:\/\/www.lopezgil.com\/fr\/wp-json\/wp\/v2\/users\/5"}],"replies":[{"embeddable":true,"href":"https:\/\/www.lopezgil.com\/fr\/wp-json\/wp\/v2\/comments?post=3378"}],"version-history":[{"count":4,"href":"https:\/\/www.lopezgil.com\/fr\/wp-json\/wp\/v2\/pages\/3378\/revisions"}],"predecessor-version":[{"id":3384,"href":"https:\/\/www.lopezgil.com\/fr\/wp-json\/wp\/v2\/pages\/3378\/revisions\/3384"}],"up":[{"embeddable":true,"href":"https:\/\/www.lopezgil.com\/fr\/wp-json\/wp\/v2\/pages\/3368"}],"wp:attachment":[{"href":"https:\/\/www.lopezgil.com\/fr\/wp-json\/wp\/v2\/media?parent=3378"}],"curies":[{"name":"wp","href":"https:\/\/api.w.org\/{rel}","templated":true}]}}