{"id":3368,"date":"2016-06-10T11:25:17","date_gmt":"2016-06-10T11:25:17","guid":{"rendered":"https:\/\/www.lopezgil.com\/laser-therapy-barcelona\/"},"modified":"2017-11-26T21:46:33","modified_gmt":"2017-11-26T21:46:33","slug":"therapie-au-laser-barcelona","status":"publish","type":"page","link":"https:\/\/www.lopezgil.com\/fr\/therapie-au-laser-barcelona\/","title":{"rendered":"Th\u00e9rapie au laser"},"content":{"rendered":"<div id=\"fb-root\"><\/div>\n[vc_row][vc_column][vc_row_inner][vc_column_inner]<script type=\"text\/javascript\">jQuery(function() { _initLayerSlider( '#layerslider_97_1difccm1udkl7', {sliderVersion: '', responsiveUnder: 0, layersContainer: 0, hideUnder: 0, hideOver: 100000, pauseOnHover: 1, skin: 'v5', sliderFadeInDuration: 350, useSrcset: true, skinsPath: 'https:\/\/www.lopezgil.com\/wp-content\/plugins\/LayerSlider\/assets\/static\/layerslider\/skins\/', type: 'responsive', showCircleTimer: false, performanceMode: true}); });<\/script><div id=\"layerslider_97_1difccm1udkl7\" class=\"ls-wp-container fitvidsignore\" style=\"width:600px;height:200px;margin:0 auto;margin-bottom: 0px;\"><div class=\"ls-slide\" data-ls=\"duration:4000;\"><img loading=\"lazy\" decoding=\"async\" width=\"600\" height=\"200\" src=\"https:\/\/www.lopezgil.com\/wp-content\/uploads\/drlopezgil-dermatologia-barcelona-600x200-laserterapia-general.jpg\" class=\"ls-bg\" alt=\"drlopezgil-dermatologia-barcelona-600x200-laserterapia-general\" srcset=\"https:\/\/www.lopezgil.com\/wp-content\/uploads\/drlopezgil-dermatologia-barcelona-600x200-laserterapia-general.jpg 600w, https:\/\/www.lopezgil.com\/wp-content\/uploads\/drlopezgil-dermatologia-barcelona-600x200-laserterapia-general-300x100.jpg 300w\" sizes=\"auto, (max-width: 600px) 100vw, 600px\" \/><\/div><\/div>[\/vc_column_inner][\/vc_row_inner][\/vc_column][\/vc_row][vc_row css=&#8221;.vc_custom_1507057337800{margin-top: 20px !important;}&#8221;][vc_column width=&#8221;2\/3&#8243; css=&#8221;.vc_custom_1473066092346{margin-top: 0px !important;}&#8221;][vc_column_text css=&#8221;.vc_custom_1511731527767{margin-top: 0px !important;}&#8221;]\n<blockquote>\n<h4 style=\"text-align: justify;\"><span style=\"color: #5790bb;\">&#8220;Aujourd&#8217;hui, les progr\u00e8s technologiques jouent un r\u00f4le tr\u00e8s important dans le domaine de la m\u00e9decine. Notre \u00e9quipe dispose des derniers dispositifs laser pour pouvoir traiter de la mani\u00e8re la plus efficace n&#8217;importe quelle anomalie cutan\u00e9e ou signe du passage du temps.&#8221;<\/span><\/h4>\n<\/blockquote>\n<h2><\/h2>\n<h2><span style=\"color: #75c9d3;\">Th\u00e9rapie au laser<\/span><\/h2>\n[\/vc_column_text][vc_column_text][\/vc_column_text][\/vc_column][vc_column width=&#8221;1\/3&#8243;][vc_column_text css=&#8221;.vc_custom_1511731609998{margin-top: -1px !important;margin-bottom: -5px !important;}&#8221;]<div class='dt-sc-colored-box space' ><h5>Nous allons vous aider<\/h5><a href='http:\/\/lopezgil.com\/contact\/?lang=en' target='_blank'  class='dt-sc-button   small ' >Contactez-nous!<\/a><\/div>[\/vc_column_text][\/vc_column][\/vc_row][vc_row][vc_column][vc_separator color=&#8221;turquoise&#8221; border_width=&#8221;2&#8243; css=&#8221;.vc_custom_1473072257408{margin-top: 25px !important;}&#8221;][vc_row_inner][\/vc_row_inner][vc_column_inner][\/vc_column_inner][vc_column_text css=&#8221;.vc_custom_1472644650588{margin-bottom: -15px !important;}&#8221;][\/vc_column_text][\/vc_column][\/vc_row][vc_row css=&#8221;.vc_custom_1473067233961{margin-top: 31px !important;}&#8221;][vc_column width=&#8221;1\/3&#8243;][vc_btn title=&#8221;Cicatrices et chelo\u00efdes&#8221; style=&#8221;outline&#8221; color=&#8221;info&#8221; align=&#8221;center&#8221; css_animation=&#8221;top-to-bottom&#8221; css=&#8221;.vc_custom_1511732985840{margin-top: 0px !important;border-radius: 5px !important;}&#8221; button_block=&#8221;true&#8221; link=&#8221;url:http%3A%2F%2Fwww.lopezgil.com%2Ffr%2Ftherapie-au-laser-barcelona%2Fcicatrices-et-cheloides%2F||&#8221;][vc_btn title=&#8221;Points Rubis&#8221; style=&#8221;outline&#8221; color=&#8221;info&#8221; align=&#8221;center&#8221; css_animation=&#8221;top-to-bottom&#8221; css=&#8221;.vc_custom_1511733031955{border-radius: 5px !important;}&#8221; button_block=&#8221;true&#8221; link=&#8221;url:http%3A%2F%2Fwww.lopezgil.com%2Ffr%2Ftherapie-au-laser-barcelona%2Fpoints-rouges-points-rubis%2F||&#8221;][vc_btn title=&#8221;Varices&#8221; style=&#8221;outline&#8221; color=&#8221;info&#8221; align=&#8221;center&#8221; css_animation=&#8221;top-to-bottom&#8221; css=&#8221;.vc_custom_1511733076995{border-radius: 5px !important;}&#8221; button_block=&#8221;true&#8221; link=&#8221;url:http%3A%2F%2Fwww.lopezgil.com%2Ffr%2Ftherapie-au-laser-barcelona%2Fvarices%2F||&#8221;][\/vc_column][vc_column width=&#8221;1\/3&#8243;][vc_btn title=&#8221;Couperose&#8221; style=&#8221;outline&#8221; color=&#8221;info&#8221; align=&#8221;center&#8221; css=&#8221;.vc_custom_1511733001259{padding-right: 5px !important;padding-left: 5px !important;border-radius: 5px !important;}&#8221; button_block=&#8221;true&#8221; link=&#8221;url:http%3A%2F%2Fwww.lopezgil.com%2Ffr%2Ftherapie-au-laser-barcelona%2Fcouperose%2F||&#8221;][vc_btn title=&#8221;Rajeunissement Facial et Resurfacing&#8221; style=&#8221;outline&#8221; color=&#8221;info&#8221; align=&#8221;center&#8221; css_animation=&#8221;top-to-bottom&#8221; css=&#8221;.vc_custom_1511733047289{padding-right: 5px !important;padding-left: 5px !important;border-radius: 5px !important;}&#8221; button_block=&#8221;true&#8221; link=&#8221;url:http%3A%2F%2Fwww.lopezgil.com%2Ffr%2Ftherapie-au-laser-barcelona%2Frajeunissement-facial-et-resurfacing%2F||&#8221;][vc_btn title=&#8221;Varicosit\u00e9s&#8221; style=&#8221;outline&#8221; color=&#8221;info&#8221; align=&#8221;center&#8221; css_animation=&#8221;top-to-bottom&#8221; css=&#8221;.vc_custom_1511733091605{padding-right: 5px !important;padding-left: 5px !important;border-radius: 5px !important;}&#8221; button_block=&#8221;true&#8221; link=&#8221;url:http%3A%2F%2Fwww.lopezgil.com%2Ffr%2Ftherapie-au-laser-barcelona%2Fvaricosites%2F||&#8221;][\/vc_column][vc_column width=&#8221;1\/3&#8243;][vc_btn title=&#8221;\u00c9pilation Laser&#8221; style=&#8221;outline&#8221; color=&#8221;info&#8221; align=&#8221;center&#8221; css_animation=&#8221;top-to-bottom&#8221; css=&#8221;.vc_custom_1511733015661{margin-top: 0px !important;}&#8221; button_block=&#8221;true&#8221; link=&#8221;url:http%3A%2F%2Fwww.lopezgil.com%2Ffr%2Ftherapie-au-laser-barcelona%2Fepilation-laser-barcelona%2F||&#8221;][vc_btn title=&#8221;Taches ou lentigos solaires&#8221; style=&#8221;outline&#8221; color=&#8221;info&#8221; align=&#8221;center&#8221; css_animation=&#8221;top-to-bottom&#8221; css=&#8221;.vc_custom_1511733061315{border-radius: 5px !important;}&#8221; button_block=&#8221;true&#8221; link=&#8221;url:http%3A%2F%2Fwww.lopezgil.com%2Ffr%2Ftherapie-au-laser-barcelona%2Ftaches-ou-lentigos-solaires%2F||&#8221;][vc_btn title=&#8221;Vergetures&#8221; style=&#8221;outline&#8221; color=&#8221;info&#8221; align=&#8221;center&#8221; css_animation=&#8221;top-to-bottom&#8221; css=&#8221;.vc_custom_1511733104890{border-radius: 5px !important;}&#8221; button_block=&#8221;true&#8221; link=&#8221;url:http%3A%2F%2Fwww.lopezgil.com%2Ffr%2Ftherapie-au-laser-barcelona%2Fvergetures%2F||&#8221;][\/vc_column][\/vc_row][vc_column css=&#8221;.vc_custom_1473066787605{margin-top: 50px !important;}&#8221;][\/vc_column]\n","protected":false},"excerpt":{"rendered":"<p>[vc_row][vc_column][vc_row_inner][vc_column_inner][\/vc_column_inner][\/vc_row_inner][\/vc_column][\/vc_row][vc_row css=&#8221;.vc_custom_1507057337800{margin-top: 20px !important;}&#8221;][vc_column width=&#8221;2\/3&#8243; css=&#8221;.vc_custom_1473066092346{margin-top: 0px !important;}&#8221;][vc_column_text css=&#8221;.vc_custom_1511731527767{margin-top: 0px !important;}&#8221;] &#8220;Aujourd&#8217;hui, les progr\u00e8s technologiques jouent un r\u00f4le tr\u00e8s important dans le domaine de la m\u00e9decine. Notre \u00e9quipe dispose des derniers dispositifs laser pour pouvoir traiter de la mani\u00e8re la plus efficace n&#8217;importe quelle anomalie cutan\u00e9e ou signe du passage du temps.&#8221; Th\u00e9rapie au laser [&hellip;]<\/p>\n","protected":false},"author":5,"featured_media":0,"parent":0,"menu_order":0,"comment_status":"closed","ping_status":"closed","template":"","meta":{"footnotes":""},"class_list":["post-3368","page","type-page","status-publish","hentry"],"yoast_head":"<!-- This site is optimized with the Yoast SEO plugin v19.12 - https:\/\/yoast.com\/wordpress\/plugins\/seo\/ -->\n<title>Th\u00e9rapie au laser | Dr. Lopez Gil<\/title>\n<meta name=\"robots\" content=\"index, follow, max-snippet:-1, max-image-preview:large, max-video-preview:-1\" \/>\n<link rel=\"canonical\" href=\"https:\/\/www.lopezgil.com\/fr\/therapie-au-laser-barcelona\/\" \/>\n<meta property=\"og:locale\" content=\"fr_FR\" \/>\n<meta property=\"og:type\" content=\"article\" \/>\n<meta property=\"og:title\" content=\"Th\u00e9rapie au laser | Dr. Lopez Gil\" \/>\n<meta property=\"og:description\" content=\"[vc_row][vc_column][vc_row_inner][vc_column_inner][\/vc_column_inner][\/vc_row_inner][\/vc_column][\/vc_row][vc_row css=&#8221;.vc_custom_1507057337800{margin-top: 20px !important;}&#8221;][vc_column width=&#8221;2\/3&#8243; css=&#8221;.vc_custom_1473066092346{margin-top: 0px !important;}&#8221;][vc_column_text css=&#8221;.vc_custom_1511731527767{margin-top: 0px !important;}&#8221;] &#8220;Aujourd&#8217;hui, les progr\u00e8s technologiques jouent un r\u00f4le tr\u00e8s important dans le domaine de la m\u00e9decine. Notre \u00e9quipe dispose des derniers dispositifs laser pour pouvoir traiter de la mani\u00e8re la plus efficace n&#8217;importe quelle anomalie cutan\u00e9e ou signe du passage du temps.&#8221; Th\u00e9rapie au laser [&hellip;]\" \/>\n<meta property=\"og:url\" content=\"https:\/\/www.lopezgil.com\/fr\/therapie-au-laser-barcelona\/\" \/>\n<meta property=\"og:site_name\" content=\"Dr. Lopez Gil\" \/>\n<meta property=\"article:modified_time\" content=\"2017-11-26T21:46:33+00:00\" \/>\n<meta name=\"twitter:card\" content=\"summary_large_image\" \/>\n<meta name=\"twitter:label1\" content=\"Est. reading time\" \/>\n\t<meta name=\"twitter:data1\" content=\"3 minutes\" \/>\n<script type=\"application\/ld+json\" class=\"yoast-schema-graph\">{\"@context\":\"https:\/\/schema.org\",\"@graph\":[{\"@type\":\"WebPage\",\"@id\":\"https:\/\/www.lopezgil.com\/fr\/therapie-au-laser-barcelona\/\",\"url\":\"https:\/\/www.lopezgil.com\/fr\/therapie-au-laser-barcelona\/\",\"name\":\"Th\u00e9rapie au laser | Dr. Lopez Gil\",\"isPartOf\":{\"@id\":\"https:\/\/www.lopezgil.com\/#website\"},\"datePublished\":\"2016-06-10T11:25:17+00:00\",\"dateModified\":\"2017-11-26T21:46:33+00:00\",\"breadcrumb\":{\"@id\":\"https:\/\/www.lopezgil.com\/fr\/therapie-au-laser-barcelona\/#breadcrumb\"},\"inLanguage\":\"fr-FR\",\"potentialAction\":[{\"@type\":\"ReadAction\",\"target\":[\"https:\/\/www.lopezgil.com\/fr\/therapie-au-laser-barcelona\/\"]}]},{\"@type\":\"BreadcrumbList\",\"@id\":\"https:\/\/www.lopezgil.com\/fr\/therapie-au-laser-barcelona\/#breadcrumb\",\"itemListElement\":[{\"@type\":\"ListItem\",\"position\":1,\"name\":\"Portada\",\"item\":\"https:\/\/www.lopezgil.com\/fr\/\"},{\"@type\":\"ListItem\",\"position\":2,\"name\":\"Th\u00e9rapie au laser\"}]},{\"@type\":\"WebSite\",\"@id\":\"https:\/\/www.lopezgil.com\/#website\",\"url\":\"https:\/\/www.lopezgil.com\/\",\"name\":\"Dr. Lopez Gil\",\"description\":\"Dermat\u00f3logo Barcelona\",\"potentialAction\":[{\"@type\":\"SearchAction\",\"target\":{\"@type\":\"EntryPoint\",\"urlTemplate\":\"https:\/\/www.lopezgil.com\/?s={search_term_string}\"},\"query-input\":\"required name=search_term_string\"}],\"inLanguage\":\"fr-FR\"}]}<\/script>\n<!-- \/ Yoast SEO plugin. -->","yoast_head_json":{"title":"Th\u00e9rapie au laser | Dr. Lopez Gil","robots":{"index":"index","follow":"follow","max-snippet":"max-snippet:-1","max-image-preview":"max-image-preview:large","max-video-preview":"max-video-preview:-1"},"canonical":"https:\/\/www.lopezgil.com\/fr\/therapie-au-laser-barcelona\/","og_locale":"fr_FR","og_type":"article","og_title":"Th\u00e9rapie au laser | Dr. Lopez Gil","og_description":"[vc_row][vc_column][vc_row_inner][vc_column_inner][\/vc_column_inner][\/vc_row_inner][\/vc_column][\/vc_row][vc_row css=&#8221;.vc_custom_1507057337800{margin-top: 20px !important;}&#8221;][vc_column width=&#8221;2\/3&#8243; css=&#8221;.vc_custom_1473066092346{margin-top: 0px !important;}&#8221;][vc_column_text css=&#8221;.vc_custom_1511731527767{margin-top: 0px !important;}&#8221;] &#8220;Aujourd&#8217;hui, les progr\u00e8s technologiques jouent un r\u00f4le tr\u00e8s important dans le domaine de la m\u00e9decine. Notre \u00e9quipe dispose des derniers dispositifs laser pour pouvoir traiter de la mani\u00e8re la plus efficace n&#8217;importe quelle anomalie cutan\u00e9e ou signe du passage du temps.&#8221; Th\u00e9rapie au laser [&hellip;]","og_url":"https:\/\/www.lopezgil.com\/fr\/therapie-au-laser-barcelona\/","og_site_name":"Dr. Lopez Gil","article_modified_time":"2017-11-26T21:46:33+00:00","twitter_card":"summary_large_image","twitter_misc":{"Est. reading time":"3 minutes"},"schema":{"@context":"https:\/\/schema.org","@graph":[{"@type":"WebPage","@id":"https:\/\/www.lopezgil.com\/fr\/therapie-au-laser-barcelona\/","url":"https:\/\/www.lopezgil.com\/fr\/therapie-au-laser-barcelona\/","name":"Th\u00e9rapie au laser | Dr. Lopez Gil","isPartOf":{"@id":"https:\/\/www.lopezgil.com\/#website"},"datePublished":"2016-06-10T11:25:17+00:00","dateModified":"2017-11-26T21:46:33+00:00","breadcrumb":{"@id":"https:\/\/www.lopezgil.com\/fr\/therapie-au-laser-barcelona\/#breadcrumb"},"inLanguage":"fr-FR","potentialAction":[{"@type":"ReadAction","target":["https:\/\/www.lopezgil.com\/fr\/therapie-au-laser-barcelona\/"]}]},{"@type":"BreadcrumbList","@id":"https:\/\/www.lopezgil.com\/fr\/therapie-au-laser-barcelona\/#breadcrumb","itemListElement":[{"@type":"ListItem","position":1,"name":"Portada","item":"https:\/\/www.lopezgil.com\/fr\/"},{"@type":"ListItem","position":2,"name":"Th\u00e9rapie au laser"}]},{"@type":"WebSite","@id":"https:\/\/www.lopezgil.com\/#website","url":"https:\/\/www.lopezgil.com\/","name":"Dr. Lopez Gil","description":"Dermat\u00f3logo Barcelona","potentialAction":[{"@type":"SearchAction","target":{"@type":"EntryPoint","urlTemplate":"https:\/\/www.lopezgil.com\/?s={search_term_string}"},"query-input":"required name=search_term_string"}],"inLanguage":"fr-FR"}]}},"_links":{"self":[{"href":"https:\/\/www.lopezgil.com\/fr\/wp-json\/wp\/v2\/pages\/3368","targetHints":{"allow":["GET"]}}],"collection":[{"href":"https:\/\/www.lopezgil.com\/fr\/wp-json\/wp\/v2\/pages"}],"about":[{"href":"https:\/\/www.lopezgil.com\/fr\/wp-json\/wp\/v2\/types\/page"}],"author":[{"embeddable":true,"href":"https:\/\/www.lopezgil.com\/fr\/wp-json\/wp\/v2\/users\/5"}],"replies":[{"embeddable":true,"href":"https:\/\/www.lopezgil.com\/fr\/wp-json\/wp\/v2\/comments?post=3368"}],"version-history":[{"count":4,"href":"https:\/\/www.lopezgil.com\/fr\/wp-json\/wp\/v2\/pages\/3368\/revisions"}],"predecessor-version":[{"id":3389,"href":"https:\/\/www.lopezgil.com\/fr\/wp-json\/wp\/v2\/pages\/3368\/revisions\/3389"}],"wp:attachment":[{"href":"https:\/\/www.lopezgil.com\/fr\/wp-json\/wp\/v2\/media?parent=3368"}],"curies":[{"name":"wp","href":"https:\/\/api.w.org\/{rel}","templated":true}]}}