{"id":3365,"date":"2016-06-16T10:00:28","date_gmt":"2016-06-16T10:00:28","guid":{"rendered":"https:\/\/www.lopezgil.com\/red-dots-ruby-dots\/"},"modified":"2019-12-09T14:30:34","modified_gmt":"2019-12-09T14:30:34","slug":"points-rouges-points-rubis","status":"publish","type":"page","link":"https:\/\/www.lopezgil.com\/fr\/therapie-au-laser-barcelona\/points-rouges-points-rubis\/","title":{"rendered":"Points rouges &#8211; points rubis"},"content":{"rendered":"<div id=\"fb-root\"><\/div>\n<p style=\"text-align: justify;\">[vc_row][vc_column][vc_row_inner][vc_column_inner]<script type=\"text\/javascript\">jQuery(function() { _initLayerSlider( '#layerslider_73_bi41fdo8azbt', {sliderVersion: '', responsiveUnder: 0, layersContainer: 0, hideUnder: 0, hideOver: 100000, pauseOnHover: 1, skin: 'v5', sliderFadeInDuration: 350, useSrcset: true, skinsPath: 'https:\/\/www.lopezgil.com\/wp-content\/plugins\/LayerSlider\/assets\/static\/layerslider\/skins\/', type: 'responsive', showCircleTimer: false, performanceMode: true}); });<\/script><div id=\"layerslider_73_bi41fdo8azbt\" class=\"ls-wp-container fitvidsignore\" style=\"width:600px;height:200px;margin:0 auto;margin-bottom: 0px;\"><div class=\"ls-slide\" data-ls=\"duration:4000;\"><img loading=\"lazy\" decoding=\"async\" width=\"600\" height=\"200\" src=\"https:\/\/www.lopezgil.com\/wp-content\/uploads\/drlopezgil_dermatologia_barcelona_600x200_punto_rubi_angioma_capilar.jpg\" class=\"ls-bg\" alt=\"dr-lopez-gil-dermatologo-barcelona-600x200-punto-rubi-angioma-capilar\" srcset=\"https:\/\/www.lopezgil.com\/wp-content\/uploads\/drlopezgil_dermatologia_barcelona_600x200_punto_rubi_angioma_capilar.jpg 600w, https:\/\/www.lopezgil.com\/wp-content\/uploads\/drlopezgil_dermatologia_barcelona_600x200_punto_rubi_angioma_capilar-300x100.jpg 300w\" sizes=\"auto, (max-width: 600px) 100vw, 600px\" \/><\/div><\/div>[\/vc_column_inner][\/vc_row_inner][\/vc_column][\/vc_row][vc_row][vc_column width=&#8221;3\/4&#8243; css=&#8221;.vc_custom_1473066092346{margin-top: 0px !important;}&#8221;][vc_column_text css=&#8221;.vc_custom_1473066053815{margin-top: 0px !important;}&#8221;]\n<h2 style=\"text-align: justify;\"><span style=\"color: #75c9d3;\"><strong>Qu&#8217;est que c&#8217;est?<\/strong><\/span><\/h2>\n<p style=\"text-align: justify;\">Aussi appel\u00e9 angiome capillaire, angiome s\u00e9nile ou de cerise sont des petites dilatations capillaires couleur rouge vif entre 1- 4 mm. Ils apparaissent g\u00e9n\u00e9ralement sur le tronc et les extr\u00e9mit\u00e9s. Ne pas \u00eatre caus\u00e9s par une infection, ils ne sont pas contagieux.<\/p>\n<p style=\"text-align: justify;\">Ils ne repr\u00e9sentent pas aucun probl\u00e8me de sant\u00e9, mais sont souvent enlev\u00e9s parce qu&#8217;elles repr\u00e9sentent une g\u00eane esth\u00e9tique.<\/p>\n<h2 style=\"text-align: justify;\"><span style=\"color: #75c9d3;\"><strong>Qui est concern\u00e9?<\/strong><\/span><\/h2>\n<p style=\"text-align: justify;\">Tous les gens ont souvent des points rubis. Tous les gens ont souvent des points rubis. Elle affecte les hommes et les femmes. En particulier, des 40 &#8211; 45 ans.<\/p>\n<h2 style=\"text-align: justify;\"><span style=\"color: #75c9d3;\"><strong>Causes<\/strong><\/span><\/h2>\n<p style=\"text-align: justify;\">Il n&#8217;y a aucune raison pr\u00e9cise pour laquelle ils apparaissent, bien qu&#8217;il y ait souvent une pr\u00e9disposition g\u00e9n\u00e9tique et peuvent appara\u00eetre par le passage du temps en raison du vieillissement normal de la peau.<\/p>\n<h2 style=\"text-align: justify;\"><span style=\"color: #75c9d3;\"><strong>Traitement<\/strong><\/span><\/h2>\n<p style=\"text-align: justify;\">Pour traiter les points rubis nous recommandons, pour sa commodit\u00e9, efficacit\u00e9 et un risque plus faible de laisser une cicatrice l&#8217;utilisation de la lumi\u00e8re puls\u00e9e et \/ ou laser CO2.<\/p>\n<ul style=\"text-align: justify;\">\n<li><em>Laser Nd<\/em>: YAG: il frappe sur l&#8217;h\u00e9moglobine qu\u2019il y a \u00e0 l&#8217;int\u00e9rieur des vaisseaux qui composent l&#8217;angiome.<\/li>\n<li>Laser CO2: permet enlever avec pr\u00e9cision le tissu redondant.<\/li>\n<\/ul>\n<p style=\"text-align: justify;\"><u>C&#8217;est douloureux?<\/u><\/p>\n<p style=\"text-align: justify;\">On peut appliquer de la cr\u00e8me anesth\u00e9siante dans la zone afin de minimiser au maximum tout inconfort pour le patient.<\/p>\n<p style=\"text-align: justify;\"><u>Combien de s\u00e9ances sont n\u00e9cessaires?<\/u><\/p>\n<p style=\"text-align: justify;\">Dans la plupart des cas, une seule s\u00e9ance c&#8217;est suffisant.<\/p>\n<p style=\"text-align: justify;\"><u>Depuis combien de temps est le traitement?<\/u><\/p>\n<p style=\"text-align: justify;\">Il est un traitement tr\u00e8s efficace, car une fois le point rubis a \u00e9t\u00e9 supprim\u00e9, il n&#8217;appara\u00eet plus.<\/p>\n<h2 style=\"text-align: justify;\"><span style=\"color: #75c9d3;\"><strong>Conseils avant le traitement<\/strong><\/span><\/h2>\n<ul style=\"text-align: justify;\">\n<li>Ne pas prendre anticoagulants les jours pr\u00e9c\u00e9dents.<\/li>\n<\/ul>\n<h2 style=\"text-align: justify;\"><span style=\"color: #75c9d3;\"><strong>Conseils post-traitement<\/strong><\/span><\/h2>\n<ul>\n<li style=\"text-align: justify;\">\u00c9vitez l&#8217;exposition au soleil 7 jours apr\u00e8s le traitement.<\/li>\n<\/ul>\n","protected":false},"excerpt":{"rendered":"<p>[vc_row][vc_column][vc_row_inner][vc_column_inner][\/vc_column_inner][\/vc_row_inner][\/vc_column][\/vc_row][vc_row][vc_column width=&#8221;3\/4&#8243; css=&#8221;.vc_custom_1473066092346{margin-top: 0px !important;}&#8221;][vc_column_text css=&#8221;.vc_custom_1473066053815{margin-top: 0px !important;}&#8221;] Qu&#8217;est que c&#8217;est? Aussi appel\u00e9 angiome capillaire, angiome s\u00e9nile ou de cerise sont des petites dilatations capillaires couleur rouge vif entre 1- 4 mm. Ils apparaissent g\u00e9n\u00e9ralement sur le tronc et les extr\u00e9mit\u00e9s. Ne pas \u00eatre caus\u00e9s par une infection, ils ne sont pas contagieux. Ils ne [&hellip;]<\/p>\n","protected":false},"author":5,"featured_media":0,"parent":3368,"menu_order":0,"comment_status":"closed","ping_status":"closed","template":"soulmedic\/tpl-feature.php","meta":{"footnotes":""},"class_list":["post-3365","page","type-page","status-publish","hentry"],"yoast_head":"<!-- This site is optimized with the Yoast SEO plugin v19.12 - https:\/\/yoast.com\/wordpress\/plugins\/seo\/ -->\n<title>Points rouges - points rubis | Dr. Lopez Gil | Barcelona Dermatologue<\/title>\n<meta name=\"description\" content=\"Traitement laser des points rouges. Clinique esth\u00e9tique dermatologique avec la technologie la plus avanc\u00e9e. Clinique Teknon, Barcelone. Demandez nous!\" \/>\n<meta name=\"robots\" content=\"index, follow, max-snippet:-1, max-image-preview:large, max-video-preview:-1\" \/>\n<link rel=\"canonical\" href=\"https:\/\/www.lopezgil.com\/fr\/therapie-au-laser-barcelona\/points-rouges-points-rubis\/\" \/>\n<meta property=\"og:locale\" content=\"fr_FR\" \/>\n<meta property=\"og:type\" content=\"article\" \/>\n<meta property=\"og:title\" content=\"Points rouges - points rubis | Dr. Lopez Gil | Barcelona Dermatologue\" \/>\n<meta property=\"og:description\" content=\"Traitement laser des points rouges. Clinique esth\u00e9tique dermatologique avec la technologie la plus avanc\u00e9e. Clinique Teknon, Barcelone. Demandez nous!\" \/>\n<meta property=\"og:url\" content=\"https:\/\/www.lopezgil.com\/fr\/therapie-au-laser-barcelona\/points-rouges-points-rubis\/\" \/>\n<meta property=\"og:site_name\" content=\"Dr. Lopez Gil\" \/>\n<meta property=\"article:modified_time\" content=\"2019-12-09T14:30:34+00:00\" \/>\n<meta name=\"twitter:card\" content=\"summary_large_image\" \/>\n<meta name=\"twitter:label1\" content=\"Est. reading time\" \/>\n\t<meta name=\"twitter:data1\" content=\"2 minutes\" \/>\n<script type=\"application\/ld+json\" class=\"yoast-schema-graph\">{\"@context\":\"https:\/\/schema.org\",\"@graph\":[{\"@type\":\"WebPage\",\"@id\":\"https:\/\/www.lopezgil.com\/fr\/therapie-au-laser-barcelona\/points-rouges-points-rubis\/\",\"url\":\"https:\/\/www.lopezgil.com\/fr\/therapie-au-laser-barcelona\/points-rouges-points-rubis\/\",\"name\":\"Points rouges - points rubis | Dr. Lopez Gil | Barcelona Dermatologue\",\"isPartOf\":{\"@id\":\"https:\/\/www.lopezgil.com\/ca\/#website\"},\"datePublished\":\"2016-06-16T10:00:28+00:00\",\"dateModified\":\"2019-12-09T14:30:34+00:00\",\"description\":\"Traitement laser des points rouges. Clinique esth\u00e9tique dermatologique avec la technologie la plus avanc\u00e9e. Clinique Teknon, Barcelone. Demandez nous!\",\"breadcrumb\":{\"@id\":\"https:\/\/www.lopezgil.com\/fr\/therapie-au-laser-barcelona\/points-rouges-points-rubis\/#breadcrumb\"},\"inLanguage\":\"fr-FR\",\"potentialAction\":[{\"@type\":\"ReadAction\",\"target\":[\"https:\/\/www.lopezgil.com\/fr\/therapie-au-laser-barcelona\/points-rouges-points-rubis\/\"]}]},{\"@type\":\"BreadcrumbList\",\"@id\":\"https:\/\/www.lopezgil.com\/fr\/therapie-au-laser-barcelona\/points-rouges-points-rubis\/#breadcrumb\",\"itemListElement\":[{\"@type\":\"ListItem\",\"position\":1,\"name\":\"Portada\",\"item\":\"https:\/\/www.lopezgil.com\/fr\/\"},{\"@type\":\"ListItem\",\"position\":2,\"name\":\"Th\u00e9rapie au laser\",\"item\":\"https:\/\/www.lopezgil.com\/fr\/therapie-au-laser-barcelona\/\"},{\"@type\":\"ListItem\",\"position\":3,\"name\":\"Points rouges &#8211; points rubis\"}]},{\"@type\":\"WebSite\",\"@id\":\"https:\/\/www.lopezgil.com\/ca\/#website\",\"url\":\"https:\/\/www.lopezgil.com\/ca\/\",\"name\":\"Dr. Lopez Gil\",\"description\":\"Dermat\u00f3logo Barcelona\",\"potentialAction\":[{\"@type\":\"SearchAction\",\"target\":{\"@type\":\"EntryPoint\",\"urlTemplate\":\"https:\/\/www.lopezgil.com\/ca\/?s={search_term_string}\"},\"query-input\":\"required name=search_term_string\"}],\"inLanguage\":\"fr-FR\"}]}<\/script>\n<!-- \/ Yoast SEO plugin. -->","yoast_head_json":{"title":"Points rouges - points rubis | Dr. Lopez Gil | Barcelona Dermatologue","description":"Traitement laser des points rouges. Clinique esth\u00e9tique dermatologique avec la technologie la plus avanc\u00e9e. Clinique Teknon, Barcelone. Demandez nous!","robots":{"index":"index","follow":"follow","max-snippet":"max-snippet:-1","max-image-preview":"max-image-preview:large","max-video-preview":"max-video-preview:-1"},"canonical":"https:\/\/www.lopezgil.com\/fr\/therapie-au-laser-barcelona\/points-rouges-points-rubis\/","og_locale":"fr_FR","og_type":"article","og_title":"Points rouges - points rubis | Dr. Lopez Gil | Barcelona Dermatologue","og_description":"Traitement laser des points rouges. Clinique esth\u00e9tique dermatologique avec la technologie la plus avanc\u00e9e. Clinique Teknon, Barcelone. Demandez nous!","og_url":"https:\/\/www.lopezgil.com\/fr\/therapie-au-laser-barcelona\/points-rouges-points-rubis\/","og_site_name":"Dr. Lopez Gil","article_modified_time":"2019-12-09T14:30:34+00:00","twitter_card":"summary_large_image","twitter_misc":{"Est. reading time":"2 minutes"},"schema":{"@context":"https:\/\/schema.org","@graph":[{"@type":"WebPage","@id":"https:\/\/www.lopezgil.com\/fr\/therapie-au-laser-barcelona\/points-rouges-points-rubis\/","url":"https:\/\/www.lopezgil.com\/fr\/therapie-au-laser-barcelona\/points-rouges-points-rubis\/","name":"Points rouges - points rubis | Dr. Lopez Gil | Barcelona Dermatologue","isPartOf":{"@id":"https:\/\/www.lopezgil.com\/ca\/#website"},"datePublished":"2016-06-16T10:00:28+00:00","dateModified":"2019-12-09T14:30:34+00:00","description":"Traitement laser des points rouges. Clinique esth\u00e9tique dermatologique avec la technologie la plus avanc\u00e9e. Clinique Teknon, Barcelone. Demandez nous!","breadcrumb":{"@id":"https:\/\/www.lopezgil.com\/fr\/therapie-au-laser-barcelona\/points-rouges-points-rubis\/#breadcrumb"},"inLanguage":"fr-FR","potentialAction":[{"@type":"ReadAction","target":["https:\/\/www.lopezgil.com\/fr\/therapie-au-laser-barcelona\/points-rouges-points-rubis\/"]}]},{"@type":"BreadcrumbList","@id":"https:\/\/www.lopezgil.com\/fr\/therapie-au-laser-barcelona\/points-rouges-points-rubis\/#breadcrumb","itemListElement":[{"@type":"ListItem","position":1,"name":"Portada","item":"https:\/\/www.lopezgil.com\/fr\/"},{"@type":"ListItem","position":2,"name":"Th\u00e9rapie au laser","item":"https:\/\/www.lopezgil.com\/fr\/therapie-au-laser-barcelona\/"},{"@type":"ListItem","position":3,"name":"Points rouges &#8211; points rubis"}]},{"@type":"WebSite","@id":"https:\/\/www.lopezgil.com\/ca\/#website","url":"https:\/\/www.lopezgil.com\/ca\/","name":"Dr. Lopez Gil","description":"Dermat\u00f3logo Barcelona","potentialAction":[{"@type":"SearchAction","target":{"@type":"EntryPoint","urlTemplate":"https:\/\/www.lopezgil.com\/ca\/?s={search_term_string}"},"query-input":"required name=search_term_string"}],"inLanguage":"fr-FR"}]}},"_links":{"self":[{"href":"https:\/\/www.lopezgil.com\/fr\/wp-json\/wp\/v2\/pages\/3365","targetHints":{"allow":["GET"]}}],"collection":[{"href":"https:\/\/www.lopezgil.com\/fr\/wp-json\/wp\/v2\/pages"}],"about":[{"href":"https:\/\/www.lopezgil.com\/fr\/wp-json\/wp\/v2\/types\/page"}],"author":[{"embeddable":true,"href":"https:\/\/www.lopezgil.com\/fr\/wp-json\/wp\/v2\/users\/5"}],"replies":[{"embeddable":true,"href":"https:\/\/www.lopezgil.com\/fr\/wp-json\/wp\/v2\/comments?post=3365"}],"version-history":[{"count":2,"href":"https:\/\/www.lopezgil.com\/fr\/wp-json\/wp\/v2\/pages\/3365\/revisions"}],"predecessor-version":[{"id":3366,"href":"https:\/\/www.lopezgil.com\/fr\/wp-json\/wp\/v2\/pages\/3365\/revisions\/3366"}],"up":[{"embeddable":true,"href":"https:\/\/www.lopezgil.com\/fr\/wp-json\/wp\/v2\/pages\/3368"}],"wp:attachment":[{"href":"https:\/\/www.lopezgil.com\/fr\/wp-json\/wp\/v2\/media?parent=3365"}],"curies":[{"name":"wp","href":"https:\/\/api.w.org\/{rel}","templated":true}]}}