{"id":3362,"date":"2016-06-16T10:01:44","date_gmt":"2016-06-16T10:01:44","guid":{"rendered":"https:\/\/www.lopezgil.com\/laser-depilation-barcelona\/"},"modified":"2019-12-09T14:06:07","modified_gmt":"2019-12-09T14:06:07","slug":"epilation-laser-barcelona","status":"publish","type":"page","link":"https:\/\/www.lopezgil.com\/fr\/therapie-au-laser-barcelona\/epilation-laser-barcelona\/","title":{"rendered":"Epilation laser"},"content":{"rendered":"<div id=\"fb-root\"><\/div>\n<p style=\"text-align: justify;\">[vc_row][vc_column][vc_row_inner][vc_column_inner]<script type=\"text\/javascript\">jQuery(function() { _initLayerSlider( '#layerslider_63_1iuuxye6jehqw', {sliderVersion: '', responsiveUnder: 0, layersContainer: 0, hideUnder: 0, hideOver: 100000, pauseOnHover: 1, skin: 'v5', sliderFadeInDuration: 350, useSrcset: true, skinsPath: 'https:\/\/www.lopezgil.com\/wp-content\/plugins\/LayerSlider\/assets\/static\/layerslider\/skins\/', type: 'responsive', showCircleTimer: false, performanceMode: true}); });<\/script><div id=\"layerslider_63_1iuuxye6jehqw\" class=\"ls-wp-container fitvidsignore\" style=\"width:600px;height:200px;margin:0 auto;margin-bottom: 0px;\"><div class=\"ls-slide\" data-ls=\"duration:4000;\"><img loading=\"lazy\" decoding=\"async\" width=\"600\" height=\"200\" src=\"https:\/\/www.lopezgil.com\/wp-content\/uploads\/drlopezgil_dermatologia_barcelona_600x200_depil.lacio_definitiva_laser.jpg\" class=\"ls-bg\" alt=\"tratamiento-cuperosis-dermatologo-depilacion-laser-fototerapia-barcelona-doctor-lopez-gil-dermatoleg\" srcset=\"https:\/\/www.lopezgil.com\/wp-content\/uploads\/drlopezgil_dermatologia_barcelona_600x200_depil.lacio_definitiva_laser.jpg 600w, https:\/\/www.lopezgil.com\/wp-content\/uploads\/drlopezgil_dermatologia_barcelona_600x200_depil.lacio_definitiva_laser-300x100.jpg 300w\" sizes=\"auto, (max-width: 600px) 100vw, 600px\" \/><\/div><\/div>[\/vc_column_inner][\/vc_row_inner][\/vc_column][\/vc_row][vc_row][vc_column width=&#8221;3\/4&#8243; css=&#8221;.vc_custom_1473066092346{margin-top: 0px !important;}&#8221;][vc_column_text css=&#8221;.vc_custom_1473066053815{margin-top: 0px !important;}&#8221;]\n<h2 style=\"text-align: justify;\"><span style=\"color: #75c9d3;\"><strong>Qu&#8217;est que c&#8217;est?<\/strong><\/span><\/h2>\n<p style=\"text-align: justify;\">L&#8217;utilisation de dispositifs m\u00e9dicaux laser pour l&#8217;\u00e9pilation est une proc\u00e9dure tr\u00e8s populaire en raison de l&#8217;exp\u00e9rience dans son utilisation et son taux de r\u00e9ussite \u00e9lev\u00e9 par rapport \u00e0 la photo-\u00e9pilation. Il est tr\u00e8s important de le faire dans un centre m\u00e9dical par des sp\u00e9cialistes pour \u00e9viter les br\u00fblures ou les mauvaises pratiques.<\/p>\n<h2 style=\"text-align: justify;\"><span style=\"color: #75c9d3;\"><strong>Traitement<\/strong><\/span><\/h2>\n<p style=\"text-align: justify;\">Avant la premi\u00e8re s\u00e9ance, nous faisons un test de photosensibilisation pour faire en sorte que la peau du patient est adapt\u00e9e \u00e0 ce processus. Ensuite, nous proc\u00e9dons avec le traitement au laser dans la zone ou les zones souhait\u00e9es pour l&#8217;\u00e9limination totale des poils du corps.<\/p>\n<p class=\"p1\" style=\"text-align: justify;\"><span class=\"s1\">Pour plus d\u2019informations: cliquez\u00a0<a href=\"https:\/\/www.lopezgil.com\/fr\/dermatologie-esthetique-barcelona\/epilation-laser\/\"><span class=\"s2\">ici<\/span><\/a><\/span><\/p>\n","protected":false},"excerpt":{"rendered":"<p>[vc_row][vc_column][vc_row_inner][vc_column_inner][\/vc_column_inner][\/vc_row_inner][\/vc_column][\/vc_row][vc_row][vc_column width=&#8221;3\/4&#8243; css=&#8221;.vc_custom_1473066092346{margin-top: 0px !important;}&#8221;][vc_column_text css=&#8221;.vc_custom_1473066053815{margin-top: 0px !important;}&#8221;] Qu&#8217;est que c&#8217;est? L&#8217;utilisation de dispositifs m\u00e9dicaux laser pour l&#8217;\u00e9pilation est une proc\u00e9dure tr\u00e8s populaire en raison de l&#8217;exp\u00e9rience dans son utilisation et son taux de r\u00e9ussite \u00e9lev\u00e9 par rapport \u00e0 la photo-\u00e9pilation. Il est tr\u00e8s important de le faire dans un centre m\u00e9dical par des sp\u00e9cialistes [&hellip;]<\/p>\n","protected":false},"author":5,"featured_media":0,"parent":3368,"menu_order":0,"comment_status":"closed","ping_status":"closed","template":"soulmedic\/tpl-feature.php","meta":{"footnotes":""},"class_list":["post-3362","page","type-page","status-publish","hentry"],"yoast_head":"<!-- This site is optimized with the Yoast SEO plugin v19.12 - https:\/\/yoast.com\/wordpress\/plugins\/seo\/ -->\n<title>Epilation laser | Dr. Lopez Gil | Clinique esth\u00e9tique Teknon Barcelona<\/title>\n<meta name=\"description\" content=\"Clinique esth\u00e9tique dermatologique avec la technologie la plus avanc\u00e9e en mati\u00e8re d&#039;\u00e9pilation au laser. Clinique Teknon, Barcelone. Demandez nous!\" \/>\n<meta name=\"robots\" content=\"index, follow, max-snippet:-1, max-image-preview:large, max-video-preview:-1\" \/>\n<link rel=\"canonical\" href=\"https:\/\/www.lopezgil.com\/fr\/therapie-au-laser-barcelona\/epilation-laser-barcelona\/\" \/>\n<meta property=\"og:locale\" content=\"fr_FR\" \/>\n<meta property=\"og:type\" content=\"article\" \/>\n<meta property=\"og:title\" content=\"Epilation laser | Dr. Lopez Gil | Clinique esth\u00e9tique Teknon Barcelona\" \/>\n<meta property=\"og:description\" content=\"Clinique esth\u00e9tique dermatologique avec la technologie la plus avanc\u00e9e en mati\u00e8re d&#039;\u00e9pilation au laser. Clinique Teknon, Barcelone. Demandez nous!\" \/>\n<meta property=\"og:url\" content=\"https:\/\/www.lopezgil.com\/fr\/therapie-au-laser-barcelona\/epilation-laser-barcelona\/\" \/>\n<meta property=\"og:site_name\" content=\"Dr. Lopez Gil\" \/>\n<meta property=\"article:modified_time\" content=\"2019-12-09T14:06:07+00:00\" \/>\n<meta name=\"twitter:card\" content=\"summary_large_image\" \/>\n<meta name=\"twitter:label1\" content=\"Est. reading time\" \/>\n\t<meta name=\"twitter:data1\" content=\"1 minute\" \/>\n<script type=\"application\/ld+json\" class=\"yoast-schema-graph\">{\"@context\":\"https:\/\/schema.org\",\"@graph\":[{\"@type\":\"WebPage\",\"@id\":\"https:\/\/www.lopezgil.com\/fr\/therapie-au-laser-barcelona\/epilation-laser-barcelona\/\",\"url\":\"https:\/\/www.lopezgil.com\/fr\/therapie-au-laser-barcelona\/epilation-laser-barcelona\/\",\"name\":\"Epilation laser | Dr. Lopez Gil | Clinique esth\u00e9tique Teknon Barcelona\",\"isPartOf\":{\"@id\":\"https:\/\/www.lopezgil.com\/ca\/#website\"},\"datePublished\":\"2016-06-16T10:01:44+00:00\",\"dateModified\":\"2019-12-09T14:06:07+00:00\",\"description\":\"Clinique esth\u00e9tique dermatologique avec la technologie la plus avanc\u00e9e en mati\u00e8re d'\u00e9pilation au laser. Clinique Teknon, Barcelone. Demandez nous!\",\"breadcrumb\":{\"@id\":\"https:\/\/www.lopezgil.com\/fr\/therapie-au-laser-barcelona\/epilation-laser-barcelona\/#breadcrumb\"},\"inLanguage\":\"fr-FR\",\"potentialAction\":[{\"@type\":\"ReadAction\",\"target\":[\"https:\/\/www.lopezgil.com\/fr\/therapie-au-laser-barcelona\/epilation-laser-barcelona\/\"]}]},{\"@type\":\"BreadcrumbList\",\"@id\":\"https:\/\/www.lopezgil.com\/fr\/therapie-au-laser-barcelona\/epilation-laser-barcelona\/#breadcrumb\",\"itemListElement\":[{\"@type\":\"ListItem\",\"position\":1,\"name\":\"Portada\",\"item\":\"https:\/\/www.lopezgil.com\/fr\/\"},{\"@type\":\"ListItem\",\"position\":2,\"name\":\"Th\u00e9rapie au laser\",\"item\":\"https:\/\/www.lopezgil.com\/fr\/therapie-au-laser-barcelona\/\"},{\"@type\":\"ListItem\",\"position\":3,\"name\":\"Epilation laser\"}]},{\"@type\":\"WebSite\",\"@id\":\"https:\/\/www.lopezgil.com\/ca\/#website\",\"url\":\"https:\/\/www.lopezgil.com\/ca\/\",\"name\":\"Dr. Lopez Gil\",\"description\":\"Dermat\u00f3logo Barcelona\",\"potentialAction\":[{\"@type\":\"SearchAction\",\"target\":{\"@type\":\"EntryPoint\",\"urlTemplate\":\"https:\/\/www.lopezgil.com\/ca\/?s={search_term_string}\"},\"query-input\":\"required name=search_term_string\"}],\"inLanguage\":\"fr-FR\"}]}<\/script>\n<!-- \/ Yoast SEO plugin. -->","yoast_head_json":{"title":"Epilation laser | Dr. Lopez Gil | Clinique esth\u00e9tique Teknon Barcelona","description":"Clinique esth\u00e9tique dermatologique avec la technologie la plus avanc\u00e9e en mati\u00e8re d'\u00e9pilation au laser. Clinique Teknon, Barcelone. Demandez nous!","robots":{"index":"index","follow":"follow","max-snippet":"max-snippet:-1","max-image-preview":"max-image-preview:large","max-video-preview":"max-video-preview:-1"},"canonical":"https:\/\/www.lopezgil.com\/fr\/therapie-au-laser-barcelona\/epilation-laser-barcelona\/","og_locale":"fr_FR","og_type":"article","og_title":"Epilation laser | Dr. Lopez Gil | Clinique esth\u00e9tique Teknon Barcelona","og_description":"Clinique esth\u00e9tique dermatologique avec la technologie la plus avanc\u00e9e en mati\u00e8re d'\u00e9pilation au laser. Clinique Teknon, Barcelone. Demandez nous!","og_url":"https:\/\/www.lopezgil.com\/fr\/therapie-au-laser-barcelona\/epilation-laser-barcelona\/","og_site_name":"Dr. Lopez Gil","article_modified_time":"2019-12-09T14:06:07+00:00","twitter_card":"summary_large_image","twitter_misc":{"Est. reading time":"1 minute"},"schema":{"@context":"https:\/\/schema.org","@graph":[{"@type":"WebPage","@id":"https:\/\/www.lopezgil.com\/fr\/therapie-au-laser-barcelona\/epilation-laser-barcelona\/","url":"https:\/\/www.lopezgil.com\/fr\/therapie-au-laser-barcelona\/epilation-laser-barcelona\/","name":"Epilation laser | Dr. Lopez Gil | Clinique esth\u00e9tique Teknon Barcelona","isPartOf":{"@id":"https:\/\/www.lopezgil.com\/ca\/#website"},"datePublished":"2016-06-16T10:01:44+00:00","dateModified":"2019-12-09T14:06:07+00:00","description":"Clinique esth\u00e9tique dermatologique avec la technologie la plus avanc\u00e9e en mati\u00e8re d'\u00e9pilation au laser. Clinique Teknon, Barcelone. Demandez nous!","breadcrumb":{"@id":"https:\/\/www.lopezgil.com\/fr\/therapie-au-laser-barcelona\/epilation-laser-barcelona\/#breadcrumb"},"inLanguage":"fr-FR","potentialAction":[{"@type":"ReadAction","target":["https:\/\/www.lopezgil.com\/fr\/therapie-au-laser-barcelona\/epilation-laser-barcelona\/"]}]},{"@type":"BreadcrumbList","@id":"https:\/\/www.lopezgil.com\/fr\/therapie-au-laser-barcelona\/epilation-laser-barcelona\/#breadcrumb","itemListElement":[{"@type":"ListItem","position":1,"name":"Portada","item":"https:\/\/www.lopezgil.com\/fr\/"},{"@type":"ListItem","position":2,"name":"Th\u00e9rapie au laser","item":"https:\/\/www.lopezgil.com\/fr\/therapie-au-laser-barcelona\/"},{"@type":"ListItem","position":3,"name":"Epilation laser"}]},{"@type":"WebSite","@id":"https:\/\/www.lopezgil.com\/ca\/#website","url":"https:\/\/www.lopezgil.com\/ca\/","name":"Dr. Lopez Gil","description":"Dermat\u00f3logo Barcelona","potentialAction":[{"@type":"SearchAction","target":{"@type":"EntryPoint","urlTemplate":"https:\/\/www.lopezgil.com\/ca\/?s={search_term_string}"},"query-input":"required name=search_term_string"}],"inLanguage":"fr-FR"}]}},"_links":{"self":[{"href":"https:\/\/www.lopezgil.com\/fr\/wp-json\/wp\/v2\/pages\/3362","targetHints":{"allow":["GET"]}}],"collection":[{"href":"https:\/\/www.lopezgil.com\/fr\/wp-json\/wp\/v2\/pages"}],"about":[{"href":"https:\/\/www.lopezgil.com\/fr\/wp-json\/wp\/v2\/types\/page"}],"author":[{"embeddable":true,"href":"https:\/\/www.lopezgil.com\/fr\/wp-json\/wp\/v2\/users\/5"}],"replies":[{"embeddable":true,"href":"https:\/\/www.lopezgil.com\/fr\/wp-json\/wp\/v2\/comments?post=3362"}],"version-history":[{"count":2,"href":"https:\/\/www.lopezgil.com\/fr\/wp-json\/wp\/v2\/pages\/3362\/revisions"}],"predecessor-version":[{"id":3364,"href":"https:\/\/www.lopezgil.com\/fr\/wp-json\/wp\/v2\/pages\/3362\/revisions\/3364"}],"up":[{"embeddable":true,"href":"https:\/\/www.lopezgil.com\/fr\/wp-json\/wp\/v2\/pages\/3368"}],"wp:attachment":[{"href":"https:\/\/www.lopezgil.com\/fr\/wp-json\/wp\/v2\/media?parent=3362"}],"curies":[{"name":"wp","href":"https:\/\/api.w.org\/{rel}","templated":true}]}}