{"id":3359,"date":"2016-06-16T10:00:13","date_gmt":"2016-06-16T10:00:13","guid":{"rendered":"https:\/\/www.lopezgil.com\/couperose\/"},"modified":"2019-12-09T13:47:47","modified_gmt":"2019-12-09T13:47:47","slug":"couperose","status":"publish","type":"page","link":"https:\/\/www.lopezgil.com\/fr\/therapie-au-laser-barcelona\/couperose\/","title":{"rendered":"Couperose"},"content":{"rendered":"<div id=\"fb-root\"><\/div>\n<p style=\"text-align: justify;\">[vc_row][vc_column][vc_row_inner][vc_column_inner]<script type=\"text\/javascript\">jQuery(function() { _initLayerSlider( '#layerslider_75_somvexpiucup', {sliderVersion: '', responsiveUnder: 0, layersContainer: 0, hideUnder: 0, hideOver: 100000, pauseOnHover: 1, skin: 'v5', sliderFadeInDuration: 350, useSrcset: true, skinsPath: 'https:\/\/www.lopezgil.com\/wp-content\/plugins\/LayerSlider\/assets\/static\/layerslider\/skins\/', type: 'responsive', showCircleTimer: false, performanceMode: true}); });<\/script><div id=\"layerslider_75_somvexpiucup\" class=\"ls-wp-container fitvidsignore\" style=\"width:600px;height:200px;margin:0 auto;margin-bottom: 0px;\"><div class=\"ls-slide\" data-ls=\"duration:4000;\"><img loading=\"lazy\" decoding=\"async\" width=\"600\" height=\"200\" src=\"https:\/\/www.lopezgil.com\/wp-content\/uploads\/drlopezgil-dermatologia-barcelona-600x200-cuperosis-laserterapia.jpg\" class=\"ls-bg\" alt=\"dr-lopez-gil-dermatologia-barcelona-600x200-cuperosis-laserterapia-laser\" srcset=\"https:\/\/www.lopezgil.com\/wp-content\/uploads\/drlopezgil-dermatologia-barcelona-600x200-cuperosis-laserterapia.jpg 600w, https:\/\/www.lopezgil.com\/wp-content\/uploads\/drlopezgil-dermatologia-barcelona-600x200-cuperosis-laserterapia-300x100.jpg 300w\" sizes=\"auto, (max-width: 600px) 100vw, 600px\" \/><\/div><\/div>[\/vc_column_inner][\/vc_row_inner][\/vc_column][\/vc_row][vc_row][vc_column width=&#8221;3\/4&#8243; css=&#8221;.vc_custom_1473066092346{margin-top: 0px !important;}&#8221;][vc_column_text css=&#8221;.vc_custom_1473066053815{margin-top: 0px !important;}&#8221;]\n<h2 style=\"text-align: justify;\"><span style=\"color: #75c9d3;\"><strong>Qu&#8217;est que c&#8217;est?<\/strong><\/span><\/h2>\n<p style=\"text-align: justify;\">Elle est une maladie chronique r\u00e9cidivante. Elle se caract\u00e9rise par une rougeur due \u00e0 la dilatation des capillaires qui fournissent le derme des joues, du nez, l&#8217;encolure et du cou. Elle n&#8217;est pas contagieuse.<\/p>\n<h2 style=\"text-align: justify;\"><span style=\"color: #75c9d3;\"><strong>Qui est concern\u00e9?<\/strong><\/span><\/h2>\n<p style=\"text-align: justify;\">Principalement, il affecte les femmes \u00e0 partir de 30 ans et a tendance \u00e0 augmenter avec l&#8217;\u00e2ge. La peau blanche, claire et mince est le plus sensible.<\/p>\n<h2 style=\"text-align: justify;\"><span style=\"color: #75c9d3;\"><strong>Traitement<\/strong><\/span><\/h2>\n<p style=\"text-align: justify;\">Pour obtenir fermer les vaisseaux sanguins dilat\u00e9s d\u2019une fa\u00e7on permanente de sorte que la peau retrouve son apparence normale il recommand\u00e9 entre 3 ou 4 sessions, \u00e0 travers l&#8217;ann\u00e9e, avec le laser vasculaire et un examen annuel.<\/p>\n<p style=\"text-align: justify;\">Les plus utilis\u00e9s sont les suivants:<\/p>\n<ul style=\"text-align: justify;\">\n<li><em><u>Nd: YAG<\/u><\/em>: il est tr\u00e8s efficace, surtout lorsque les vaisseaux sont plus grandes.<\/li>\n<li><em><u>Colorant puls\u00e9<\/u><\/em>: il est caract\u00e9ris\u00e9 par sa haute sp\u00e9cificit\u00e9 pour le traitement de l\u00e9sions vasculaires. Bien que dans certains cas, il provoque l&#8217;apparition de pourpre r\u00e9siduelle en raison de l&#8217;explosion des vaisseaux sanguins.<\/li>\n<li><em><u>Laser KTP<\/u><\/em>: il est caract\u00e9ris\u00e9 par avoir un effet th\u00e9rapeutique similaire \u00e0 le colorant puls\u00e9, mais ne provoque pas pourpre. Bien que cela puisse provoquer un l\u00e9ger gonflement pendant 2-3 jours.<\/li>\n<\/ul>\n<p style=\"text-align: justify;\">Son grand avantage est qu\u2019ils agissent uniquement sur la zone trait\u00e9e, sans endommager la peau environnante et qu&#8217;il est une proc\u00e9dure indolore.<\/p>\n<p class=\"p1\" style=\"text-align: justify;\"><span class=\"s1\">Pour plus d\u2019informations: cliquez\u00a0<a href=\"https:\/\/www.lopezgil.com\/fr\/dermatologie-clinique\/couperose\/\"><span class=\"s2\">ici<\/span><\/a><\/span><\/p>\n<h2 style=\"text-align: justify;\"><\/h2>\n","protected":false},"excerpt":{"rendered":"<p>[vc_row][vc_column][vc_row_inner][vc_column_inner][\/vc_column_inner][\/vc_row_inner][\/vc_column][\/vc_row][vc_row][vc_column width=&#8221;3\/4&#8243; css=&#8221;.vc_custom_1473066092346{margin-top: 0px !important;}&#8221;][vc_column_text css=&#8221;.vc_custom_1473066053815{margin-top: 0px !important;}&#8221;] Qu&#8217;est que c&#8217;est? Elle est une maladie chronique r\u00e9cidivante. Elle se caract\u00e9rise par une rougeur due \u00e0 la dilatation des capillaires qui fournissent le derme des joues, du nez, l&#8217;encolure et du cou. Elle n&#8217;est pas contagieuse. Qui est concern\u00e9? Principalement, il affecte les femmes \u00e0 partir [&hellip;]<\/p>\n","protected":false},"author":5,"featured_media":0,"parent":3368,"menu_order":0,"comment_status":"closed","ping_status":"closed","template":"soulmedic\/tpl-feature.php","meta":{"footnotes":""},"class_list":["post-3359","page","type-page","status-publish","hentry"],"yoast_head":"<!-- This site is optimized with the Yoast SEO plugin v19.12 - https:\/\/yoast.com\/wordpress\/plugins\/seo\/ -->\n<title>Couperose | Dr. Lopez Gil | Teknon Barcelona Dermatologue Clinique<\/title>\n<meta name=\"description\" content=\"Clinique dermatologique sp\u00e9cialis\u00e9e dans le traitement de la cuperose, avec la technologie la plus avanc\u00e9e. Clinique Teknon, Barcelone. Demandez-nous.\" \/>\n<meta name=\"robots\" content=\"index, follow, max-snippet:-1, max-image-preview:large, max-video-preview:-1\" \/>\n<link rel=\"canonical\" href=\"https:\/\/www.lopezgil.com\/fr\/therapie-au-laser-barcelona\/couperose\/\" \/>\n<meta property=\"og:locale\" content=\"fr_FR\" \/>\n<meta property=\"og:type\" content=\"article\" \/>\n<meta property=\"og:title\" content=\"Couperose | Dr. Lopez Gil | Teknon Barcelona Dermatologue Clinique\" \/>\n<meta property=\"og:description\" content=\"Clinique dermatologique sp\u00e9cialis\u00e9e dans le traitement de la cuperose, avec la technologie la plus avanc\u00e9e. Clinique Teknon, Barcelone. Demandez-nous.\" \/>\n<meta property=\"og:url\" content=\"https:\/\/www.lopezgil.com\/fr\/therapie-au-laser-barcelona\/couperose\/\" \/>\n<meta property=\"og:site_name\" content=\"Dr. Lopez Gil\" \/>\n<meta property=\"article:modified_time\" content=\"2019-12-09T13:47:47+00:00\" \/>\n<meta name=\"twitter:card\" content=\"summary_large_image\" \/>\n<meta name=\"twitter:label1\" content=\"Est. reading time\" \/>\n\t<meta name=\"twitter:data1\" content=\"1 minute\" \/>\n<script type=\"application\/ld+json\" class=\"yoast-schema-graph\">{\"@context\":\"https:\/\/schema.org\",\"@graph\":[{\"@type\":\"WebPage\",\"@id\":\"https:\/\/www.lopezgil.com\/fr\/therapie-au-laser-barcelona\/couperose\/\",\"url\":\"https:\/\/www.lopezgil.com\/fr\/therapie-au-laser-barcelona\/couperose\/\",\"name\":\"Couperose | Dr. Lopez Gil | Teknon Barcelona Dermatologue Clinique\",\"isPartOf\":{\"@id\":\"https:\/\/www.lopezgil.com\/ca\/#website\"},\"datePublished\":\"2016-06-16T10:00:13+00:00\",\"dateModified\":\"2019-12-09T13:47:47+00:00\",\"description\":\"Clinique dermatologique sp\u00e9cialis\u00e9e dans le traitement de la cuperose, avec la technologie la plus avanc\u00e9e. Clinique Teknon, Barcelone. Demandez-nous.\",\"breadcrumb\":{\"@id\":\"https:\/\/www.lopezgil.com\/fr\/therapie-au-laser-barcelona\/couperose\/#breadcrumb\"},\"inLanguage\":\"fr-FR\",\"potentialAction\":[{\"@type\":\"ReadAction\",\"target\":[\"https:\/\/www.lopezgil.com\/fr\/therapie-au-laser-barcelona\/couperose\/\"]}]},{\"@type\":\"BreadcrumbList\",\"@id\":\"https:\/\/www.lopezgil.com\/fr\/therapie-au-laser-barcelona\/couperose\/#breadcrumb\",\"itemListElement\":[{\"@type\":\"ListItem\",\"position\":1,\"name\":\"Portada\",\"item\":\"https:\/\/www.lopezgil.com\/fr\/\"},{\"@type\":\"ListItem\",\"position\":2,\"name\":\"Th\u00e9rapie au laser\",\"item\":\"https:\/\/www.lopezgil.com\/fr\/therapie-au-laser-barcelona\/\"},{\"@type\":\"ListItem\",\"position\":3,\"name\":\"Couperose\"}]},{\"@type\":\"WebSite\",\"@id\":\"https:\/\/www.lopezgil.com\/ca\/#website\",\"url\":\"https:\/\/www.lopezgil.com\/ca\/\",\"name\":\"Dr. Lopez Gil\",\"description\":\"Dermat\u00f3logo Barcelona\",\"potentialAction\":[{\"@type\":\"SearchAction\",\"target\":{\"@type\":\"EntryPoint\",\"urlTemplate\":\"https:\/\/www.lopezgil.com\/ca\/?s={search_term_string}\"},\"query-input\":\"required name=search_term_string\"}],\"inLanguage\":\"fr-FR\"}]}<\/script>\n<!-- \/ Yoast SEO plugin. -->","yoast_head_json":{"title":"Couperose | Dr. Lopez Gil | Teknon Barcelona Dermatologue Clinique","description":"Clinique dermatologique sp\u00e9cialis\u00e9e dans le traitement de la cuperose, avec la technologie la plus avanc\u00e9e. Clinique Teknon, Barcelone. Demandez-nous.","robots":{"index":"index","follow":"follow","max-snippet":"max-snippet:-1","max-image-preview":"max-image-preview:large","max-video-preview":"max-video-preview:-1"},"canonical":"https:\/\/www.lopezgil.com\/fr\/therapie-au-laser-barcelona\/couperose\/","og_locale":"fr_FR","og_type":"article","og_title":"Couperose | Dr. Lopez Gil | Teknon Barcelona Dermatologue Clinique","og_description":"Clinique dermatologique sp\u00e9cialis\u00e9e dans le traitement de la cuperose, avec la technologie la plus avanc\u00e9e. Clinique Teknon, Barcelone. Demandez-nous.","og_url":"https:\/\/www.lopezgil.com\/fr\/therapie-au-laser-barcelona\/couperose\/","og_site_name":"Dr. Lopez Gil","article_modified_time":"2019-12-09T13:47:47+00:00","twitter_card":"summary_large_image","twitter_misc":{"Est. reading time":"1 minute"},"schema":{"@context":"https:\/\/schema.org","@graph":[{"@type":"WebPage","@id":"https:\/\/www.lopezgil.com\/fr\/therapie-au-laser-barcelona\/couperose\/","url":"https:\/\/www.lopezgil.com\/fr\/therapie-au-laser-barcelona\/couperose\/","name":"Couperose | Dr. Lopez Gil | Teknon Barcelona Dermatologue Clinique","isPartOf":{"@id":"https:\/\/www.lopezgil.com\/ca\/#website"},"datePublished":"2016-06-16T10:00:13+00:00","dateModified":"2019-12-09T13:47:47+00:00","description":"Clinique dermatologique sp\u00e9cialis\u00e9e dans le traitement de la cuperose, avec la technologie la plus avanc\u00e9e. Clinique Teknon, Barcelone. Demandez-nous.","breadcrumb":{"@id":"https:\/\/www.lopezgil.com\/fr\/therapie-au-laser-barcelona\/couperose\/#breadcrumb"},"inLanguage":"fr-FR","potentialAction":[{"@type":"ReadAction","target":["https:\/\/www.lopezgil.com\/fr\/therapie-au-laser-barcelona\/couperose\/"]}]},{"@type":"BreadcrumbList","@id":"https:\/\/www.lopezgil.com\/fr\/therapie-au-laser-barcelona\/couperose\/#breadcrumb","itemListElement":[{"@type":"ListItem","position":1,"name":"Portada","item":"https:\/\/www.lopezgil.com\/fr\/"},{"@type":"ListItem","position":2,"name":"Th\u00e9rapie au laser","item":"https:\/\/www.lopezgil.com\/fr\/therapie-au-laser-barcelona\/"},{"@type":"ListItem","position":3,"name":"Couperose"}]},{"@type":"WebSite","@id":"https:\/\/www.lopezgil.com\/ca\/#website","url":"https:\/\/www.lopezgil.com\/ca\/","name":"Dr. Lopez Gil","description":"Dermat\u00f3logo Barcelona","potentialAction":[{"@type":"SearchAction","target":{"@type":"EntryPoint","urlTemplate":"https:\/\/www.lopezgil.com\/ca\/?s={search_term_string}"},"query-input":"required name=search_term_string"}],"inLanguage":"fr-FR"}]}},"_links":{"self":[{"href":"https:\/\/www.lopezgil.com\/fr\/wp-json\/wp\/v2\/pages\/3359","targetHints":{"allow":["GET"]}}],"collection":[{"href":"https:\/\/www.lopezgil.com\/fr\/wp-json\/wp\/v2\/pages"}],"about":[{"href":"https:\/\/www.lopezgil.com\/fr\/wp-json\/wp\/v2\/types\/page"}],"author":[{"embeddable":true,"href":"https:\/\/www.lopezgil.com\/fr\/wp-json\/wp\/v2\/users\/5"}],"replies":[{"embeddable":true,"href":"https:\/\/www.lopezgil.com\/fr\/wp-json\/wp\/v2\/comments?post=3359"}],"version-history":[{"count":2,"href":"https:\/\/www.lopezgil.com\/fr\/wp-json\/wp\/v2\/pages\/3359\/revisions"}],"predecessor-version":[{"id":3361,"href":"https:\/\/www.lopezgil.com\/fr\/wp-json\/wp\/v2\/pages\/3359\/revisions\/3361"}],"up":[{"embeddable":true,"href":"https:\/\/www.lopezgil.com\/fr\/wp-json\/wp\/v2\/pages\/3368"}],"wp:attachment":[{"href":"https:\/\/www.lopezgil.com\/fr\/wp-json\/wp\/v2\/media?parent=3359"}],"curies":[{"name":"wp","href":"https:\/\/api.w.org\/{rel}","templated":true}]}}