{"id":3338,"date":"2016-06-16T09:55:32","date_gmt":"2016-06-16T09:55:32","guid":{"rendered":"https:\/\/www.lopezgil.com\/dermatologie-esthetique-barcelona\/upper-lip-wrinkles\/"},"modified":"2019-12-05T23:25:36","modified_gmt":"2019-12-05T23:25:36","slug":"rides-du-plisse-soleil","status":"publish","type":"page","link":"https:\/\/www.lopezgil.com\/fr\/dermatologie-esthetique-barcelona\/rides-du-plisse-soleil\/","title":{"rendered":"Rides du pliss\u00e9 soleil"},"content":{"rendered":"<div id=\"fb-root\"><\/div>\n<p style=\"text-align: justify;\">[vc_row][vc_column][vc_row_inner][vc_column_inner]<script type=\"text\/javascript\">jQuery(function() { _initLayerSlider( '#layerslider_85_os452v5wj11c', {sliderVersion: '', responsiveUnder: 0, layersContainer: 0, hideUnder: 0, hideOver: 100000, pauseOnHover: 1, skin: 'v5', sliderFadeInDuration: 350, useSrcset: true, skinsPath: 'https:\/\/www.lopezgil.com\/wp-content\/plugins\/LayerSlider\/assets\/static\/layerslider\/skins\/', type: 'responsive', showCircleTimer: false, performanceMode: true}); });<\/script><div id=\"layerslider_85_os452v5wj11c\" class=\"ls-wp-container fitvidsignore\" style=\"width:600px;height:200px;margin:0 auto;margin-bottom: 0px;\"><div class=\"ls-slide\" data-ls=\"duration:4000;\"><img loading=\"lazy\" decoding=\"async\" width=\"600\" height=\"200\" src=\"https:\/\/www.lopezgil.com\/wp-content\/uploads\/drlopezgil-dermatologia-barcelona-600x200-codigo-barras-dermatologia-estetica.jpg\" class=\"ls-bg\" alt=\"dr-lopez-gil-dermatologia-barcelona-600x200-codigo-barras-dermatologia-estetica-arrugas-clinica\" srcset=\"https:\/\/www.lopezgil.com\/wp-content\/uploads\/drlopezgil-dermatologia-barcelona-600x200-codigo-barras-dermatologia-estetica.jpg 600w, https:\/\/www.lopezgil.com\/wp-content\/uploads\/drlopezgil-dermatologia-barcelona-600x200-codigo-barras-dermatologia-estetica-300x100.jpg 300w\" sizes=\"auto, (max-width: 600px) 100vw, 600px\" \/><\/div><\/div>[\/vc_column_inner][\/vc_row_inner][\/vc_column][\/vc_row][vc_row][vc_column width=&#8221;3\/4&#8243; css=&#8221;.vc_custom_1473066092346{margin-top: 0px !important;}&#8221;][vc_column_text css=&#8221;.vc_custom_1473066053815{margin-top: 0px !important;}&#8221;]\n<h2 style=\"text-align: justify;\"><span style=\"color: #75c9d3;\"><strong>\u00c0 qui?<\/strong><\/span><\/h2>\n<p id=\"tw-target-text\" class=\"tw-data-text tw-ta tw-text-small\" dir=\"ltr\" style=\"text-align: justify;\" data-placeholder=\"Traducci\u00f3n\"><span lang=\"fr\" tabindex=\"0\">L&#8217;apparition de rides verticales sur la l\u00e8vre sup\u00e9rieure est une question fr\u00e9quente en dermatologie esth\u00e9tique, en particulier chez les femmes \u00e0 partir de 40 ans. Les rides de la l\u00e8vre sup\u00e9rieure apparaissent g\u00e9n\u00e9ralement chez les personnes tr\u00e8s expressives ou qui fument ou ont eu pendant cette habitude.<\/span><\/p>\n<h2 style=\"text-align: justify;\"><span style=\"color: #75c9d3;\"><strong>En quoi consiste?<\/strong><\/span><\/h2>\n<p class=\"p1\" style=\"text-align: justify;\"><span class=\"s1\">Pour le traitement des rides du plisse soleil nous utilisons des infiltrations d&#8217;acide hyaluronique \u00e0 la base des rides pour remplir le volume perdu au cours des ann\u00e9es.Normalement, une seule session est suffisant pour am\u00e9liorer consid\u00e9rablement la zone et faire dispara\u00eetre les rides verticales qui d\u00e9rangent \u00a0de nombreux patients.<\/span><\/p>\n<p class=\"p1\" style=\"text-align: justify;\"><span class=\"s1\">Cependant, parfois, les rides sont tr\u00e8s profondes, et il est alors recommand\u00e9 d&#8217;effectuer trois ou quatre sessions de laser fractionn\u00e9 non ablatif pour flouter les rides restantes et obtenir un meilleur r\u00e9sultat.<\/span><\/p>\n<h2 style=\"text-align: justify;\"><span style=\"color: #75c9d3;\"><strong>C&#8217;est dolorous?<\/strong><\/span><\/h2>\n<p class=\"p1\" style=\"text-align: justify;\"><span class=\"s1\">Comme il applique anesth\u00e9sie, le\/la patient ne ressent aucune g\u00eane ou de douleur.\u00a0Les l\u00e8vres, au cours des 2-3 prochains jours apr\u00e8s la premi\u00e8re injection d&#8217;acide hyaluronique, gonflent, il est recommand\u00e9 de faire le traitement avant quelques vacances ou avant le week-end.<\/span><\/p>\n<h2 style=\"text-align: justify;\"><span style=\"color: #75c9d3;\"><strong>Combien de s\u00e9ances sont n\u00e9cessaires<\/strong><\/span><\/h2>\n<p class=\"p1\" style=\"text-align: justify;\"><span class=\"s1\">En g\u00e9n\u00e9ral, une seule s\u00e9ance est n\u00e9cessaire pour obtenir de bons r\u00e9sultats.<\/span><\/p>\n<p class=\"p1\" style=\"text-align: justify;\"><span class=\"s1\">La dur\u00e9e de l&#8217;effet est entre\u00a08 et 15 mois, bien que cela\u00a0d\u00e9pend\u00a0de la profondeur des rides et de la gesticulation naturelle de la personne.<\/span><\/p>\n<h2 style=\"text-align: justify;\"><span style=\"color: #75c9d3;\"><strong>Conseils de pr\u00e9-traitement\u00a0<\/strong><\/span><\/h2>\n<ul style=\"text-align: justify;\">\n<li>\n<p class=\"p1\"><span class=\"s1\">\u00c9vitez l&#8217;aspirine et les m\u00e9dicaments anti-inflammatoires 10 jours avant.\u00a0Il est conseill\u00e9 de prendre des m\u00e9dicaments anti-herp\u00e8s chez les personnes pr\u00e9dispos\u00e9es \u00e0 les avoir.<\/span><\/p>\n<\/li>\n<\/ul>\n<h2 style=\"text-align: justify;\"><span style=\"color: #75c9d3;\"><strong>Conseils post-traitement<\/strong><\/span><\/h2>\n<ul>\n<li style=\"text-align: justify;\">\n<p class=\"p1\"><span class=\"s1\">\u00a0Compresses froides 2-3 fois par jour le premier jour.<\/span><\/p>\n<\/li>\n<li style=\"text-align: justify;\">\n<p class=\"p1\" style=\"text-align: justify;\"><span class=\"s1\">Hydratez bien la r\u00e9gion<\/span><\/p>\n<\/li>\n<\/ul>\n","protected":false},"excerpt":{"rendered":"<p>[vc_row][vc_column][vc_row_inner][vc_column_inner][\/vc_column_inner][\/vc_row_inner][\/vc_column][\/vc_row][vc_row][vc_column width=&#8221;3\/4&#8243; css=&#8221;.vc_custom_1473066092346{margin-top: 0px !important;}&#8221;][vc_column_text css=&#8221;.vc_custom_1473066053815{margin-top: 0px !important;}&#8221;] \u00c0 qui? L&#8217;apparition de rides verticales sur la l\u00e8vre sup\u00e9rieure est une question fr\u00e9quente en dermatologie esth\u00e9tique, en particulier chez les femmes \u00e0 partir de 40 ans. Les rides de la l\u00e8vre sup\u00e9rieure apparaissent g\u00e9n\u00e9ralement chez les personnes tr\u00e8s expressives ou qui fument ou ont eu pendant [&hellip;]<\/p>\n","protected":false},"author":5,"featured_media":0,"parent":3258,"menu_order":0,"comment_status":"closed","ping_status":"closed","template":"soulmedic\/tpl-feature.php","meta":{"footnotes":""},"class_list":["post-3338","page","type-page","status-publish","hentry"],"yoast_head":"<!-- This site is optimized with the Yoast SEO plugin v19.12 - https:\/\/yoast.com\/wordpress\/plugins\/seo\/ -->\n<title>Rides du pliss\u00e9 soleil | Dr. Lopez Gil | Clinique Teknon Barcelona<\/title>\n<meta name=\"description\" content=\"\u00c0 partir des ann\u00e9es 40, des rides verticales apparaissent g\u00e9n\u00e9ralement sur la l\u00e8vre sup\u00e9rieure, connue sous le nom de code-barres. Les meilleurs traitements\" \/>\n<meta name=\"robots\" content=\"index, follow, max-snippet:-1, max-image-preview:large, max-video-preview:-1\" \/>\n<link rel=\"canonical\" href=\"https:\/\/www.lopezgil.com\/fr\/dermatologie-esthetique-barcelona\/rides-du-plisse-soleil\/\" \/>\n<meta property=\"og:locale\" content=\"fr_FR\" \/>\n<meta property=\"og:type\" content=\"article\" \/>\n<meta property=\"og:title\" content=\"Rides du pliss\u00e9 soleil | Dr. Lopez Gil | Clinique Teknon Barcelona\" \/>\n<meta property=\"og:description\" content=\"\u00c0 partir des ann\u00e9es 40, des rides verticales apparaissent g\u00e9n\u00e9ralement sur la l\u00e8vre sup\u00e9rieure, connue sous le nom de code-barres. Les meilleurs traitements\" \/>\n<meta property=\"og:url\" content=\"https:\/\/www.lopezgil.com\/fr\/dermatologie-esthetique-barcelona\/rides-du-plisse-soleil\/\" \/>\n<meta property=\"og:site_name\" content=\"Dr. Lopez Gil\" \/>\n<meta property=\"article:modified_time\" content=\"2019-12-05T23:25:36+00:00\" \/>\n<meta name=\"twitter:card\" content=\"summary_large_image\" \/>\n<meta name=\"twitter:label1\" content=\"Est. reading time\" \/>\n\t<meta name=\"twitter:data1\" content=\"2 minutes\" \/>\n<script type=\"application\/ld+json\" class=\"yoast-schema-graph\">{\"@context\":\"https:\/\/schema.org\",\"@graph\":[{\"@type\":\"WebPage\",\"@id\":\"https:\/\/www.lopezgil.com\/fr\/dermatologie-esthetique-barcelona\/rides-du-plisse-soleil\/\",\"url\":\"https:\/\/www.lopezgil.com\/fr\/dermatologie-esthetique-barcelona\/rides-du-plisse-soleil\/\",\"name\":\"Rides du pliss\u00e9 soleil | Dr. Lopez Gil | Clinique Teknon Barcelona\",\"isPartOf\":{\"@id\":\"https:\/\/www.lopezgil.com\/ca\/#website\"},\"datePublished\":\"2016-06-16T09:55:32+00:00\",\"dateModified\":\"2019-12-05T23:25:36+00:00\",\"description\":\"\u00c0 partir des ann\u00e9es 40, des rides verticales apparaissent g\u00e9n\u00e9ralement sur la l\u00e8vre sup\u00e9rieure, connue sous le nom de code-barres. Les meilleurs traitements\",\"breadcrumb\":{\"@id\":\"https:\/\/www.lopezgil.com\/fr\/dermatologie-esthetique-barcelona\/rides-du-plisse-soleil\/#breadcrumb\"},\"inLanguage\":\"fr-FR\",\"potentialAction\":[{\"@type\":\"ReadAction\",\"target\":[\"https:\/\/www.lopezgil.com\/fr\/dermatologie-esthetique-barcelona\/rides-du-plisse-soleil\/\"]}]},{\"@type\":\"BreadcrumbList\",\"@id\":\"https:\/\/www.lopezgil.com\/fr\/dermatologie-esthetique-barcelona\/rides-du-plisse-soleil\/#breadcrumb\",\"itemListElement\":[{\"@type\":\"ListItem\",\"position\":1,\"name\":\"Portada\",\"item\":\"https:\/\/www.lopezgil.com\/fr\/\"},{\"@type\":\"ListItem\",\"position\":2,\"name\":\"Dermatologie esth\u00e9tique\",\"item\":\"https:\/\/www.lopezgil.com\/fr\/dermatologie-esthetique-barcelona\/\"},{\"@type\":\"ListItem\",\"position\":3,\"name\":\"Rides du pliss\u00e9 soleil\"}]},{\"@type\":\"WebSite\",\"@id\":\"https:\/\/www.lopezgil.com\/ca\/#website\",\"url\":\"https:\/\/www.lopezgil.com\/ca\/\",\"name\":\"Dr. Lopez Gil\",\"description\":\"Dermat\u00f3logo Barcelona\",\"potentialAction\":[{\"@type\":\"SearchAction\",\"target\":{\"@type\":\"EntryPoint\",\"urlTemplate\":\"https:\/\/www.lopezgil.com\/ca\/?s={search_term_string}\"},\"query-input\":\"required name=search_term_string\"}],\"inLanguage\":\"fr-FR\"}]}<\/script>\n<!-- \/ Yoast SEO plugin. -->","yoast_head_json":{"title":"Rides du pliss\u00e9 soleil | Dr. Lopez Gil | Clinique Teknon Barcelona","description":"\u00c0 partir des ann\u00e9es 40, des rides verticales apparaissent g\u00e9n\u00e9ralement sur la l\u00e8vre sup\u00e9rieure, connue sous le nom de code-barres. Les meilleurs traitements","robots":{"index":"index","follow":"follow","max-snippet":"max-snippet:-1","max-image-preview":"max-image-preview:large","max-video-preview":"max-video-preview:-1"},"canonical":"https:\/\/www.lopezgil.com\/fr\/dermatologie-esthetique-barcelona\/rides-du-plisse-soleil\/","og_locale":"fr_FR","og_type":"article","og_title":"Rides du pliss\u00e9 soleil | Dr. Lopez Gil | Clinique Teknon Barcelona","og_description":"\u00c0 partir des ann\u00e9es 40, des rides verticales apparaissent g\u00e9n\u00e9ralement sur la l\u00e8vre sup\u00e9rieure, connue sous le nom de code-barres. Les meilleurs traitements","og_url":"https:\/\/www.lopezgil.com\/fr\/dermatologie-esthetique-barcelona\/rides-du-plisse-soleil\/","og_site_name":"Dr. Lopez Gil","article_modified_time":"2019-12-05T23:25:36+00:00","twitter_card":"summary_large_image","twitter_misc":{"Est. reading time":"2 minutes"},"schema":{"@context":"https:\/\/schema.org","@graph":[{"@type":"WebPage","@id":"https:\/\/www.lopezgil.com\/fr\/dermatologie-esthetique-barcelona\/rides-du-plisse-soleil\/","url":"https:\/\/www.lopezgil.com\/fr\/dermatologie-esthetique-barcelona\/rides-du-plisse-soleil\/","name":"Rides du pliss\u00e9 soleil | Dr. Lopez Gil | Clinique Teknon Barcelona","isPartOf":{"@id":"https:\/\/www.lopezgil.com\/ca\/#website"},"datePublished":"2016-06-16T09:55:32+00:00","dateModified":"2019-12-05T23:25:36+00:00","description":"\u00c0 partir des ann\u00e9es 40, des rides verticales apparaissent g\u00e9n\u00e9ralement sur la l\u00e8vre sup\u00e9rieure, connue sous le nom de code-barres. Les meilleurs traitements","breadcrumb":{"@id":"https:\/\/www.lopezgil.com\/fr\/dermatologie-esthetique-barcelona\/rides-du-plisse-soleil\/#breadcrumb"},"inLanguage":"fr-FR","potentialAction":[{"@type":"ReadAction","target":["https:\/\/www.lopezgil.com\/fr\/dermatologie-esthetique-barcelona\/rides-du-plisse-soleil\/"]}]},{"@type":"BreadcrumbList","@id":"https:\/\/www.lopezgil.com\/fr\/dermatologie-esthetique-barcelona\/rides-du-plisse-soleil\/#breadcrumb","itemListElement":[{"@type":"ListItem","position":1,"name":"Portada","item":"https:\/\/www.lopezgil.com\/fr\/"},{"@type":"ListItem","position":2,"name":"Dermatologie esth\u00e9tique","item":"https:\/\/www.lopezgil.com\/fr\/dermatologie-esthetique-barcelona\/"},{"@type":"ListItem","position":3,"name":"Rides du pliss\u00e9 soleil"}]},{"@type":"WebSite","@id":"https:\/\/www.lopezgil.com\/ca\/#website","url":"https:\/\/www.lopezgil.com\/ca\/","name":"Dr. Lopez Gil","description":"Dermat\u00f3logo Barcelona","potentialAction":[{"@type":"SearchAction","target":{"@type":"EntryPoint","urlTemplate":"https:\/\/www.lopezgil.com\/ca\/?s={search_term_string}"},"query-input":"required name=search_term_string"}],"inLanguage":"fr-FR"}]}},"_links":{"self":[{"href":"https:\/\/www.lopezgil.com\/fr\/wp-json\/wp\/v2\/pages\/3338","targetHints":{"allow":["GET"]}}],"collection":[{"href":"https:\/\/www.lopezgil.com\/fr\/wp-json\/wp\/v2\/pages"}],"about":[{"href":"https:\/\/www.lopezgil.com\/fr\/wp-json\/wp\/v2\/types\/page"}],"author":[{"embeddable":true,"href":"https:\/\/www.lopezgil.com\/fr\/wp-json\/wp\/v2\/users\/5"}],"replies":[{"embeddable":true,"href":"https:\/\/www.lopezgil.com\/fr\/wp-json\/wp\/v2\/comments?post=3338"}],"version-history":[{"count":4,"href":"https:\/\/www.lopezgil.com\/fr\/wp-json\/wp\/v2\/pages\/3338\/revisions"}],"predecessor-version":[{"id":4512,"href":"https:\/\/www.lopezgil.com\/fr\/wp-json\/wp\/v2\/pages\/3338\/revisions\/4512"}],"up":[{"embeddable":true,"href":"https:\/\/www.lopezgil.com\/fr\/wp-json\/wp\/v2\/pages\/3258"}],"wp:attachment":[{"href":"https:\/\/www.lopezgil.com\/fr\/wp-json\/wp\/v2\/media?parent=3338"}],"curies":[{"name":"wp","href":"https:\/\/api.w.org\/{rel}","templated":true}]}}