{"id":3332,"date":"2016-06-16T09:51:15","date_gmt":"2016-06-16T09:51:15","guid":{"rendered":"https:\/\/www.lopezgil.com\/dermatologie-esthetique-barcelona\/eleminar-arrugas-lineas-expresion\/"},"modified":"2017-11-25T20:01:25","modified_gmt":"2017-11-25T20:01:25","slug":"les-rides-et-les-lignes-dexpression","status":"publish","type":"page","link":"https:\/\/www.lopezgil.com\/fr\/dermatologie-esthetique-barcelona\/les-rides-et-les-lignes-dexpression\/","title":{"rendered":"Les rides et les lignes d&#8217;expression"},"content":{"rendered":"<div id=\"fb-root\"><\/div>\n<p style=\"text-align: justify;\">[vc_row][vc_column][vc_row_inner][vc_column_inner]<script type=\"text\/javascript\">jQuery(function() { _initLayerSlider( '#layerslider_59_m1vg7m0nq2ow', {sliderVersion: '', responsiveUnder: 0, layersContainer: 0, hideUnder: 0, hideOver: 100000, pauseOnHover: 1, skin: 'v5', sliderFadeInDuration: 350, useSrcset: true, skinsPath: 'https:\/\/www.lopezgil.com\/wp-content\/plugins\/LayerSlider\/assets\/static\/layerslider\/skins\/', type: 'responsive', showCircleTimer: false, performanceMode: true}); });<\/script><div id=\"layerslider_59_m1vg7m0nq2ow\" class=\"ls-wp-container fitvidsignore\" style=\"width:600px;height:200px;margin:0 auto;margin-bottom: 0px;\"><div class=\"ls-slide\" data-ls=\"duration:4000;\"><img loading=\"lazy\" decoding=\"async\" width=\"600\" height=\"200\" src=\"https:\/\/www.lopezgil.com\/wp-content\/uploads\/drlopezgil_dermatologia_barcelona_600x200_patas_de_gallo_arrugas_lineas_expresion-1.jpg\" class=\"ls-bg\" alt=\"tratamiento-patas-gallo-arrugas-dermatologo-cirujano-barcelona-doctor-lopez-gil\" srcset=\"https:\/\/www.lopezgil.com\/wp-content\/uploads\/drlopezgil_dermatologia_barcelona_600x200_patas_de_gallo_arrugas_lineas_expresion-1.jpg 600w, https:\/\/www.lopezgil.com\/wp-content\/uploads\/drlopezgil_dermatologia_barcelona_600x200_patas_de_gallo_arrugas_lineas_expresion-1-300x100.jpg 300w\" sizes=\"auto, (max-width: 600px) 100vw, 600px\" \/><\/div><\/div>[\/vc_column_inner][\/vc_row_inner][\/vc_column][\/vc_row][vc_row][vc_column width=&#8221;3\/4&#8243; css=&#8221;.vc_custom_1473066092346{margin-top: 0px !important;}&#8221;][vc_column_text css=&#8221;.vc_custom_1473066053815{margin-top: 0px !important;}&#8221;]\n<h2 style=\"text-align: justify;\"><span style=\"color: #75c9d3;\"><strong>Qu&#8217;est que c&#8217;est?<\/strong><\/span><\/h2>\n<p style=\"text-align: justify;\">Les <strong>rides et le rel\u00e2chement<\/strong> sont la r\u00e9ponse aux signes du vieillissement cutan\u00e9 par perte de l&#8217;\u00e9lasticit\u00e9 et du volume, en particulier par la perte d&#8217;acide hyaluronique dont la mission est d&#8217;absorber l&#8217;eau et fournir de la fermet\u00e9 \u00e0 la peau et, aussi, par une fabrication inf\u00e9rieur de collag\u00e8ne.<\/p>\n<p style=\"text-align: justify;\">Les <strong>lignes d&#8217;expression<\/strong> apparaissent \u00e0 la suite de la contraction excessive des muscles du visage; en g\u00e9n\u00e9ral, ils apparaissent sur les sourcils, le front et autour des yeux et de la bouche.<\/p>\n<h2 style=\"text-align: justify;\"><span style=\"color: #75c9d3;\"><strong>Qui est concern\u00e9?<\/strong><\/span><\/h2>\n<p style=\"text-align: justify;\">Elle affecte tout le monde. Elles apparaissent g\u00e9n\u00e9ralement apr\u00e8s 35-40 ans tant pour les hommes que pour les femmes.<\/p>\n<h2 style=\"text-align: justify;\"><span style=\"color: #75c9d3;\"><strong>Causes<\/strong><\/span><\/h2>\n<p style=\"text-align: justify;\">Elles sont le r\u00e9sultat naturel d&#8217;un processus de vieillissement et apparaissent \u00e0 la suite de l&#8217;expression et des gestes que nous effectuons jour apr\u00e8s jour. Son apparence est pr\u00e9d\u00e9termin\u00e9e par des facteurs g\u00e9n\u00e9tiques, mais peut \u00eatre acc\u00e9l\u00e9r\u00e9 par un exc\u00e8s de soleil, le tabagisme et une mauvaise alimentation.<\/p>\n<h2 style=\"text-align: justify;\"><span style=\"color: #75c9d3;\"><strong>Traitement<\/strong><\/span><\/h2>\n<p style=\"text-align: justify;\"><u>En quoi consiste?<\/u><\/p>\n<p style=\"text-align: justify;\">Pour am\u00e9liorer les signes du vieillissement, l&#8217;acide hyaluronique est appliqu\u00e9e au moyen de micro-injections pour restaurer la turgescence perdue d&#8217;une fa\u00e7on discr\u00e8te et naturelle. Il est appliqu\u00e9 pour am\u00e9liorer les plis nasog\u00e9niens (autour de la bouche), les sourcils, les pommettes et le d\u00e9collet\u00e9.<\/p>\n<p style=\"text-align: justify;\">Pour d\u00e9contracter les muscles, il est conseill\u00e9 d&#8217;appliquer la toxine botulique dans les zones touch\u00e9es, comme le front et les sourcils, en obtenant des r\u00e9sultats visibles, tout en conservant l&#8217;expression naturelle du visage.<\/p>\n<p style=\"text-align: justify;\">Dans certains cas, l&#8217;acide hyaluronique est n\u00e9cessaire lorsque, malgr\u00e9 l&#8217;utilisation de la toxine botulique, les rides ne disparaissent pas compl\u00e8tement. La raison en est que la toxine botulique d\u00e9tend les muscles responsables de plissement, et par cons\u00e9quent, d\u00e9tend la peau qui est au-dessus, mais parce que la personne passe des ann\u00e9es ou des d\u00e9cennies en faisant ce geste, la ride est si profonde qui doit \u00eatre r\u00e9par\u00e9e avec de l&#8217;acide hyaluronique.<\/p>\n<p style=\"text-align: justify;\">Les deux traitements sont enti\u00e8rement compatibles et en effet, est tr\u00e8s souvent de faire les deux, le m\u00eame jour ou sur diff\u00e9rents jours. La combinaison des deux, donne un r\u00e9sultat tr\u00e8s bon ou excellent.<\/p>\n<p style=\"text-align: justify;\"><u>C&#8217;est douloureux?<\/u><\/p>\n<p style=\"text-align: justify;\">Ce traitement n&#8217;est pas douloureux. Cependant, on applique un anesth\u00e9sique topique sur la zone de traitement afin de minimiser tout inconfort pour le patient.<\/p>\n<p style=\"text-align: justify;\"><u>Combien de s\u00e9ances sont n\u00e9cessaires?<\/u><\/p>\n<p style=\"text-align: justify;\">Avec une seule s\u00e9ance les r\u00e9sultats escompt\u00e9s sont atteints. On effectue un examen 15 jours apr\u00e8s la fin du traitement.<\/p>\n<p style=\"text-align: justify;\"><u>Depuis combien de temps est le traitement?<\/u><\/p>\n<p style=\"text-align: justify;\">Elle varie grandement entre les diff\u00e9rents patients. Maintenant, l&#8217;effet dure habituellement entre 9- 12 mois.<\/p>\n<h2 style=\"text-align: justify;\"><span style=\"color: #75c9d3;\"><strong>Conseils precedents au traitement<\/strong><\/span><\/h2>\n<ul style=\"text-align: justify;\">\n<li>\u00c9viter les m\u00e9dicaments effet anticoagulant (aspirine, anti-inflammatoires) 4-5 jours avant.<\/li>\n<li>Il n&#8217;y a pas de probl\u00e8me avec l&#8217;exposition au soleil.<\/li>\n<\/ul>\n<h2 style=\"text-align: justify;\"><span style=\"color: #75c9d3;\"><strong>Conseils post-traitement<\/strong><\/span><\/h2>\n<ul>\n<li style=\"text-align: justify;\">Ne pas manipuler ou frotter la zone trait\u00e9e pendant quelques jours.<\/li>\n<li style=\"text-align: justify;\">Ne faire pas du sport interne dans les prochains jours.<\/li>\n<li style=\"text-align: justify;\">Chez les personnes \u00e0 forte propension \u00e0 des ecchymoses, il est conseill\u00e9 de prendre de l&#8217;arnica 4 jours avant et\/ou appliquer de la cr\u00e8me arnica quatre jours apr\u00e8s le traitement.<\/li>\n<\/ul>\n","protected":false},"excerpt":{"rendered":"<p>[vc_row][vc_column][vc_row_inner][vc_column_inner][\/vc_column_inner][\/vc_row_inner][\/vc_column][\/vc_row][vc_row][vc_column width=&#8221;3\/4&#8243; css=&#8221;.vc_custom_1473066092346{margin-top: 0px !important;}&#8221;][vc_column_text css=&#8221;.vc_custom_1473066053815{margin-top: 0px !important;}&#8221;] Qu&#8217;est que c&#8217;est? Les rides et le rel\u00e2chement sont la r\u00e9ponse aux signes du vieillissement cutan\u00e9 par perte de l&#8217;\u00e9lasticit\u00e9 et du volume, en particulier par la perte d&#8217;acide hyaluronique dont la mission est d&#8217;absorber l&#8217;eau et fournir de la fermet\u00e9 \u00e0 la peau et, aussi, par [&hellip;]<\/p>\n","protected":false},"author":5,"featured_media":0,"parent":3258,"menu_order":0,"comment_status":"closed","ping_status":"closed","template":"tpl-feature.php","meta":{"footnotes":""},"class_list":["post-3332","page","type-page","status-publish","hentry"],"yoast_head":"<!-- This site is optimized with the Yoast SEO plugin v19.12 - https:\/\/yoast.com\/wordpress\/plugins\/seo\/ -->\n<title>Les rides et les lignes d&#039;expression | Dr. Lopez Gil<\/title>\n<meta name=\"robots\" content=\"index, follow, max-snippet:-1, max-image-preview:large, max-video-preview:-1\" \/>\n<link rel=\"canonical\" href=\"https:\/\/www.lopezgil.com\/fr\/dermatologie-esthetique-barcelona\/les-rides-et-les-lignes-dexpression\/\" \/>\n<meta property=\"og:locale\" content=\"fr_FR\" \/>\n<meta property=\"og:type\" content=\"article\" \/>\n<meta property=\"og:title\" content=\"Les rides et les lignes d&#039;expression | Dr. Lopez Gil\" \/>\n<meta property=\"og:description\" content=\"[vc_row][vc_column][vc_row_inner][vc_column_inner][\/vc_column_inner][\/vc_row_inner][\/vc_column][\/vc_row][vc_row][vc_column width=&#8221;3\/4&#8243; css=&#8221;.vc_custom_1473066092346{margin-top: 0px !important;}&#8221;][vc_column_text css=&#8221;.vc_custom_1473066053815{margin-top: 0px !important;}&#8221;] Qu&#8217;est que c&#8217;est? Les rides et le rel\u00e2chement sont la r\u00e9ponse aux signes du vieillissement cutan\u00e9 par perte de l&#8217;\u00e9lasticit\u00e9 et du volume, en particulier par la perte d&#8217;acide hyaluronique dont la mission est d&#8217;absorber l&#8217;eau et fournir de la fermet\u00e9 \u00e0 la peau et, aussi, par [&hellip;]\" \/>\n<meta property=\"og:url\" content=\"https:\/\/www.lopezgil.com\/fr\/dermatologie-esthetique-barcelona\/les-rides-et-les-lignes-dexpression\/\" \/>\n<meta property=\"og:site_name\" content=\"Dr. Lopez Gil\" \/>\n<meta property=\"article:modified_time\" content=\"2017-11-25T20:01:25+00:00\" \/>\n<meta name=\"twitter:card\" content=\"summary_large_image\" \/>\n<meta name=\"twitter:label1\" content=\"Est. reading time\" \/>\n\t<meta name=\"twitter:data1\" content=\"3 minutes\" \/>\n<script type=\"application\/ld+json\" class=\"yoast-schema-graph\">{\"@context\":\"https:\/\/schema.org\",\"@graph\":[{\"@type\":\"WebPage\",\"@id\":\"https:\/\/www.lopezgil.com\/fr\/dermatologie-esthetique-barcelona\/les-rides-et-les-lignes-dexpression\/\",\"url\":\"https:\/\/www.lopezgil.com\/fr\/dermatologie-esthetique-barcelona\/les-rides-et-les-lignes-dexpression\/\",\"name\":\"Les rides et les lignes d'expression | Dr. Lopez Gil\",\"isPartOf\":{\"@id\":\"https:\/\/www.lopezgil.com\/ca\/#website\"},\"datePublished\":\"2016-06-16T09:51:15+00:00\",\"dateModified\":\"2017-11-25T20:01:25+00:00\",\"breadcrumb\":{\"@id\":\"https:\/\/www.lopezgil.com\/fr\/dermatologie-esthetique-barcelona\/les-rides-et-les-lignes-dexpression\/#breadcrumb\"},\"inLanguage\":\"fr-FR\",\"potentialAction\":[{\"@type\":\"ReadAction\",\"target\":[\"https:\/\/www.lopezgil.com\/fr\/dermatologie-esthetique-barcelona\/les-rides-et-les-lignes-dexpression\/\"]}]},{\"@type\":\"BreadcrumbList\",\"@id\":\"https:\/\/www.lopezgil.com\/fr\/dermatologie-esthetique-barcelona\/les-rides-et-les-lignes-dexpression\/#breadcrumb\",\"itemListElement\":[{\"@type\":\"ListItem\",\"position\":1,\"name\":\"Portada\",\"item\":\"https:\/\/www.lopezgil.com\/fr\/\"},{\"@type\":\"ListItem\",\"position\":2,\"name\":\"Dermatologie esth\u00e9tique\",\"item\":\"https:\/\/www.lopezgil.com\/fr\/dermatologie-esthetique-barcelona\/\"},{\"@type\":\"ListItem\",\"position\":3,\"name\":\"Les rides et les lignes d&#8217;expression\"}]},{\"@type\":\"WebSite\",\"@id\":\"https:\/\/www.lopezgil.com\/ca\/#website\",\"url\":\"https:\/\/www.lopezgil.com\/ca\/\",\"name\":\"Dr. Lopez Gil\",\"description\":\"Dermat\u00f3logo Barcelona\",\"potentialAction\":[{\"@type\":\"SearchAction\",\"target\":{\"@type\":\"EntryPoint\",\"urlTemplate\":\"https:\/\/www.lopezgil.com\/ca\/?s={search_term_string}\"},\"query-input\":\"required name=search_term_string\"}],\"inLanguage\":\"fr-FR\"}]}<\/script>\n<!-- \/ Yoast SEO plugin. -->","yoast_head_json":{"title":"Les rides et les lignes d'expression | Dr. Lopez Gil","robots":{"index":"index","follow":"follow","max-snippet":"max-snippet:-1","max-image-preview":"max-image-preview:large","max-video-preview":"max-video-preview:-1"},"canonical":"https:\/\/www.lopezgil.com\/fr\/dermatologie-esthetique-barcelona\/les-rides-et-les-lignes-dexpression\/","og_locale":"fr_FR","og_type":"article","og_title":"Les rides et les lignes d'expression | Dr. Lopez Gil","og_description":"[vc_row][vc_column][vc_row_inner][vc_column_inner][\/vc_column_inner][\/vc_row_inner][\/vc_column][\/vc_row][vc_row][vc_column width=&#8221;3\/4&#8243; css=&#8221;.vc_custom_1473066092346{margin-top: 0px !important;}&#8221;][vc_column_text css=&#8221;.vc_custom_1473066053815{margin-top: 0px !important;}&#8221;] Qu&#8217;est que c&#8217;est? Les rides et le rel\u00e2chement sont la r\u00e9ponse aux signes du vieillissement cutan\u00e9 par perte de l&#8217;\u00e9lasticit\u00e9 et du volume, en particulier par la perte d&#8217;acide hyaluronique dont la mission est d&#8217;absorber l&#8217;eau et fournir de la fermet\u00e9 \u00e0 la peau et, aussi, par [&hellip;]","og_url":"https:\/\/www.lopezgil.com\/fr\/dermatologie-esthetique-barcelona\/les-rides-et-les-lignes-dexpression\/","og_site_name":"Dr. Lopez Gil","article_modified_time":"2017-11-25T20:01:25+00:00","twitter_card":"summary_large_image","twitter_misc":{"Est. reading time":"3 minutes"},"schema":{"@context":"https:\/\/schema.org","@graph":[{"@type":"WebPage","@id":"https:\/\/www.lopezgil.com\/fr\/dermatologie-esthetique-barcelona\/les-rides-et-les-lignes-dexpression\/","url":"https:\/\/www.lopezgil.com\/fr\/dermatologie-esthetique-barcelona\/les-rides-et-les-lignes-dexpression\/","name":"Les rides et les lignes d'expression | Dr. Lopez Gil","isPartOf":{"@id":"https:\/\/www.lopezgil.com\/ca\/#website"},"datePublished":"2016-06-16T09:51:15+00:00","dateModified":"2017-11-25T20:01:25+00:00","breadcrumb":{"@id":"https:\/\/www.lopezgil.com\/fr\/dermatologie-esthetique-barcelona\/les-rides-et-les-lignes-dexpression\/#breadcrumb"},"inLanguage":"fr-FR","potentialAction":[{"@type":"ReadAction","target":["https:\/\/www.lopezgil.com\/fr\/dermatologie-esthetique-barcelona\/les-rides-et-les-lignes-dexpression\/"]}]},{"@type":"BreadcrumbList","@id":"https:\/\/www.lopezgil.com\/fr\/dermatologie-esthetique-barcelona\/les-rides-et-les-lignes-dexpression\/#breadcrumb","itemListElement":[{"@type":"ListItem","position":1,"name":"Portada","item":"https:\/\/www.lopezgil.com\/fr\/"},{"@type":"ListItem","position":2,"name":"Dermatologie esth\u00e9tique","item":"https:\/\/www.lopezgil.com\/fr\/dermatologie-esthetique-barcelona\/"},{"@type":"ListItem","position":3,"name":"Les rides et les lignes d&#8217;expression"}]},{"@type":"WebSite","@id":"https:\/\/www.lopezgil.com\/ca\/#website","url":"https:\/\/www.lopezgil.com\/ca\/","name":"Dr. Lopez Gil","description":"Dermat\u00f3logo Barcelona","potentialAction":[{"@type":"SearchAction","target":{"@type":"EntryPoint","urlTemplate":"https:\/\/www.lopezgil.com\/ca\/?s={search_term_string}"},"query-input":"required name=search_term_string"}],"inLanguage":"fr-FR"}]}},"_links":{"self":[{"href":"https:\/\/www.lopezgil.com\/fr\/wp-json\/wp\/v2\/pages\/3332","targetHints":{"allow":["GET"]}}],"collection":[{"href":"https:\/\/www.lopezgil.com\/fr\/wp-json\/wp\/v2\/pages"}],"about":[{"href":"https:\/\/www.lopezgil.com\/fr\/wp-json\/wp\/v2\/types\/page"}],"author":[{"embeddable":true,"href":"https:\/\/www.lopezgil.com\/fr\/wp-json\/wp\/v2\/users\/5"}],"replies":[{"embeddable":true,"href":"https:\/\/www.lopezgil.com\/fr\/wp-json\/wp\/v2\/comments?post=3332"}],"version-history":[{"count":3,"href":"https:\/\/www.lopezgil.com\/fr\/wp-json\/wp\/v2\/pages\/3332\/revisions"}],"predecessor-version":[{"id":3335,"href":"https:\/\/www.lopezgil.com\/fr\/wp-json\/wp\/v2\/pages\/3332\/revisions\/3335"}],"up":[{"embeddable":true,"href":"https:\/\/www.lopezgil.com\/fr\/wp-json\/wp\/v2\/pages\/3258"}],"wp:attachment":[{"href":"https:\/\/www.lopezgil.com\/fr\/wp-json\/wp\/v2\/media?parent=3332"}],"curies":[{"name":"wp","href":"https:\/\/api.w.org\/{rel}","templated":true}]}}