{"id":3330,"date":"2016-06-16T09:53:34","date_gmt":"2016-06-16T09:53:34","guid":{"rendered":"https:\/\/www.lopezgil.com\/dermatologie-esthetique-barcelona\/rejuvenecimiento-facial-resurfacing\/"},"modified":"2019-12-09T12:49:22","modified_gmt":"2019-12-09T12:49:22","slug":"rajeunissement-facial-et-resurfacing-barcelona","status":"publish","type":"page","link":"https:\/\/www.lopezgil.com\/fr\/dermatologie-esthetique-barcelona\/rajeunissement-facial-et-resurfacing-barcelona\/","title":{"rendered":"Rajeunissement facial et resurfacing"},"content":{"rendered":"<div id=\"fb-root\"><\/div>\n<p style=\"text-align: justify;\">[vc_row][vc_column][vc_row_inner][vc_column_inner]<script type=\"text\/javascript\">jQuery(function() { _initLayerSlider( '#layerslider_67_15etjsg7r0g4', {sliderVersion: '', responsiveUnder: 0, layersContainer: 0, hideUnder: 0, hideOver: 100000, pauseOnHover: 1, skin: 'v5', sliderFadeInDuration: 350, useSrcset: true, skinsPath: 'https:\/\/www.lopezgil.com\/wp-content\/plugins\/LayerSlider\/assets\/static\/layerslider\/skins\/', type: 'responsive', showCircleTimer: false, performanceMode: true}); });<\/script><div id=\"layerslider_67_15etjsg7r0g4\" class=\"ls-wp-container fitvidsignore\" style=\"width:600px;height:200px;margin:0 auto;margin-bottom: 0px;\"><div class=\"ls-slide\" data-ls=\"duration:4000;\"><img loading=\"lazy\" decoding=\"async\" width=\"600\" height=\"200\" src=\"https:\/\/www.lopezgil.com\/wp-content\/uploads\/drlopezgil_dermatologia_barcelona_600x200_rejuvenecimiento_antiaging_tratamientos_estetica.jpg\" class=\"ls-bg\" alt=\"tratamiento-rejuvenecimiento-facial-dermatologo-cirujano-barcelona-doctor-lopez-gil\" srcset=\"https:\/\/www.lopezgil.com\/wp-content\/uploads\/drlopezgil_dermatologia_barcelona_600x200_rejuvenecimiento_antiaging_tratamientos_estetica.jpg 600w, https:\/\/www.lopezgil.com\/wp-content\/uploads\/drlopezgil_dermatologia_barcelona_600x200_rejuvenecimiento_antiaging_tratamientos_estetica-300x100.jpg 300w\" sizes=\"auto, (max-width: 600px) 100vw, 600px\" \/><\/div><\/div>[\/vc_column_inner][\/vc_row_inner][\/vc_column][\/vc_row][vc_row][vc_column width=&#8221;3\/4&#8243; css=&#8221;.vc_custom_1473066092346{margin-top: 0px !important;}&#8221;][vc_column_text css=&#8221;.vc_custom_1473066053815{margin-top: 0px !important;}&#8221;]\n<p style=\"text-align: justify;\">Le passage du temps et l&#8217;accumulation du rayonnement ultraviolet font appara\u00eetre des signes progressifs de dommages dans la peau tels comme les taches, les capillaires, les rides, les ridules et le rel\u00e2chement, ce qui est ce que la dermatologie appelle \u00ab\u00a0dermatoh\u00e9liose \u00bb ou peau endommag\u00e9e par le soleil.<\/p>\n<p style=\"text-align: justify;\">Afin de traiter ces signes du vieillissement du visage, il existe diff\u00e9rentes techniques de laser visant \u00e0 am\u00e9liorer l&#8217;apparence de la peau.<\/p>\n<h2 style=\"text-align: justify;\"><span style=\"color: #75c9d3;\"><strong>Traitement<\/strong><\/span><\/h2>\n<p style=\"text-align: justify;\"><u>En quoi consiste?<\/u><\/p>\n<p style=\"text-align: justify;\">Le <strong>resurfacing <\/strong>est effectu\u00e9 en appliquant le laser CO2 fractionn\u00e9 ablatif, dont l&#8217;effet r\u00e9side dans le renouvellement de l&#8217;ensemble de la peau du visage. Ce renouvellement permet d&#8217;obtenir une am\u00e9lioration de l&#8217;affaissement, le rel\u00e2chement, les rides et enlever les taches solaires et les rouges. Avec cette technique, nous am\u00e9liorons l&#8217;apparence de la peau, la raffermissons et activons la synth\u00e8se du collag\u00e8ne en stimulant les fibroblastes du derme. \u00c0 l&#8217;heure actuelle, il est le traitement anti-vieillisement le plus complet et avec des meilleurs r\u00e9sultats esth\u00e9tiques. Les effets esth\u00e9tiques on les commence \u00e0 percevoir une semaine apr\u00e8s avoir termin\u00e9 le traitement (une fois que les cro\u00fbtes soient tomb\u00e9es des \u00e9rosions), en croissant l&#8217;am\u00e9lioration pour pouvant aller jusqu&#8217;\u00e0 six mois. Les effets obtenus sont de longue dur\u00e9e.<\/p>\n<p style=\"text-align: justify;\">Le <strong>rajeunissement du visage<\/strong> se fait en appliquant le laser de N\u00e9odyme qui obtient la stimulation de la formation de collag\u00e8ne. Avec lui est possible de r\u00e9duire les rides fines et la pigmentation de la peau, am\u00e9liorer la texture de la peau, minimiser les pores et renforcer les tissus affaiss\u00e9s sans formation de cro\u00fbtes ou des blessures.<\/p>\n<p style=\"text-align: justify;\"><u>C&#8217;est douloureux?<\/u><\/p>\n<p style=\"text-align: justify;\">Avant d&#8217;effectuer le <strong>resurfacing<\/strong>, on applique un anesth\u00e9sique topique sur la face afin de minimiser au maximum les petits d\u00e9sagr\u00e9ments que l&#8217;utilisation du laser peut provoquer dans les zones sensibles.<\/p>\n<p style=\"text-align: justify;\">Le <strong>rajeunissement du<\/strong> <strong>visage<\/strong> n\u2019est pas douloureux. La seule sensation ressentie par le patient est la chaleur juste apr\u00e8s le traitement et une rougeur au visage de quelques minutes.<\/p>\n<p style=\"text-align: justify;\"><u>Combien de s\u00e9ances sont n\u00e9cessaires?<\/u><\/p>\n<p style=\"text-align: justify;\">Une seule s\u00e9ance dans les deux techniques est suffisante pour atteindre les r\u00e9sultats escompt\u00e9s.<\/p>\n<h2 style=\"text-align: justify;\"><span style=\"color: #75c9d3;\"><strong>Conseils precedents au traitement<\/strong><\/span><\/h2>\n<ul style=\"text-align: justify;\">\n<li>\u00c9viter l&#8217;exposition prolong\u00e9e au soleil pendant les 7 jours avant le traitement.<\/li>\n<li>Ne pas \u00eatre bronz\u00e9\/e.<\/li>\n<li>N&#8217;avoir pas de blessures ou cicatrices r\u00e9centes.<\/li>\n<li>Ne pas avoir herp\u00e8s.<\/li>\n<li>Dans le cas de resurfacing, prendre un antiviral oral deux jours avant le traitement et deux jours apr\u00e8s.<\/li>\n<\/ul>\n<h2 style=\"text-align: justify;\"><span style=\"color: #75c9d3;\"><strong>Conseils post-traitement<\/strong><\/span><\/h2>\n<ul>\n<li style=\"text-align: justify;\">\u00c9viter l&#8217;exposition prolong\u00e9e au soleil pendant les 7 jours suivants.<\/li>\n<li style=\"text-align: justify;\">Utiliser un \u00e9cran solaire.<\/li>\n<li style=\"text-align: justify;\">Hydrater la peau.<\/li>\n<li style=\"text-align: justify;\">Ne pas \u00e9piler la zone trait\u00e9e avec de cire \u00e9pilatoire.<\/li>\n<li style=\"text-align: justify;\">Ne pas effectuer des s\u00e9ances de rayons UVA.<\/li>\n<li style=\"text-align: justify;\">\u00c9viter les traitements qui \u00e9rodent la peau ou qui l\u2019\u00e9caillent.<\/li>\n<li style=\"text-align: justify;\">Dans le cas de resurfaging est tr\u00e8s important de nettoyer votre visage avec du savon et de l&#8217;eau et appliquer une cr\u00e8me pour que la gu\u00e9rison soit rapide et s\u00fbre, pendant les premiers 3 \u00e0 4 jours. A partir du 5\u00e8me jour, vous pouvez rendre la vie normale et appliquer le maquillage, mais toujours avec un \u00e9cran solaire FPS 50.<\/li>\n<\/ul>\n","protected":false},"excerpt":{"rendered":"<p>[vc_row][vc_column][vc_row_inner][vc_column_inner][\/vc_column_inner][\/vc_row_inner][\/vc_column][\/vc_row][vc_row][vc_column width=&#8221;3\/4&#8243; css=&#8221;.vc_custom_1473066092346{margin-top: 0px !important;}&#8221;][vc_column_text css=&#8221;.vc_custom_1473066053815{margin-top: 0px !important;}&#8221;] Le passage du temps et l&#8217;accumulation du rayonnement ultraviolet font appara\u00eetre des signes progressifs de dommages dans la peau tels comme les taches, les capillaires, les rides, les ridules et le rel\u00e2chement, ce qui est ce que la dermatologie appelle \u00ab\u00a0dermatoh\u00e9liose \u00bb ou peau endommag\u00e9e par le [&hellip;]<\/p>\n","protected":false},"author":5,"featured_media":0,"parent":3258,"menu_order":0,"comment_status":"closed","ping_status":"closed","template":"soulmedic\/tpl-feature.php","meta":{"footnotes":""},"class_list":["post-3330","page","type-page","status-publish","hentry"],"yoast_head":"<!-- This site is optimized with the Yoast SEO plugin v19.12 - https:\/\/yoast.com\/wordpress\/plugins\/seo\/ -->\n<title>Rajeunissement facial et resurfacing | Dr. Lopez Gil | Aesthetic Clinic<\/title>\n<meta name=\"description\" content=\"R\u00e9sultats de la premi\u00e8re session. Votre clinique de rajeunissement et de resurfa\u00e7age du visage \u00e0 Barcelone, technique laser CO2 fractionn\u00e9 et Erbium.\" \/>\n<meta name=\"robots\" content=\"index, follow, max-snippet:-1, max-image-preview:large, max-video-preview:-1\" \/>\n<link rel=\"canonical\" href=\"https:\/\/www.lopezgil.com\/fr\/dermatologie-esthetique-barcelona\/rajeunissement-facial-et-resurfacing-barcelona\/\" \/>\n<meta property=\"og:locale\" content=\"fr_FR\" \/>\n<meta property=\"og:type\" content=\"article\" \/>\n<meta property=\"og:title\" content=\"Rajeunissement facial et resurfacing | Dr. Lopez Gil | Aesthetic Clinic\" \/>\n<meta property=\"og:description\" content=\"R\u00e9sultats de la premi\u00e8re session. Votre clinique de rajeunissement et de resurfa\u00e7age du visage \u00e0 Barcelone, technique laser CO2 fractionn\u00e9 et Erbium.\" \/>\n<meta property=\"og:url\" content=\"https:\/\/www.lopezgil.com\/fr\/dermatologie-esthetique-barcelona\/rajeunissement-facial-et-resurfacing-barcelona\/\" \/>\n<meta property=\"og:site_name\" content=\"Dr. Lopez Gil\" \/>\n<meta property=\"article:modified_time\" content=\"2019-12-09T12:49:22+00:00\" \/>\n<meta name=\"twitter:card\" content=\"summary_large_image\" \/>\n<meta name=\"twitter:label1\" content=\"Est. reading time\" \/>\n\t<meta name=\"twitter:data1\" content=\"3 minutes\" \/>\n<script type=\"application\/ld+json\" class=\"yoast-schema-graph\">{\"@context\":\"https:\/\/schema.org\",\"@graph\":[{\"@type\":\"WebPage\",\"@id\":\"https:\/\/www.lopezgil.com\/fr\/dermatologie-esthetique-barcelona\/rajeunissement-facial-et-resurfacing-barcelona\/\",\"url\":\"https:\/\/www.lopezgil.com\/fr\/dermatologie-esthetique-barcelona\/rajeunissement-facial-et-resurfacing-barcelona\/\",\"name\":\"Rajeunissement facial et resurfacing | Dr. Lopez Gil | Aesthetic Clinic\",\"isPartOf\":{\"@id\":\"https:\/\/www.lopezgil.com\/ca\/#website\"},\"datePublished\":\"2016-06-16T09:53:34+00:00\",\"dateModified\":\"2019-12-09T12:49:22+00:00\",\"description\":\"R\u00e9sultats de la premi\u00e8re session. Votre clinique de rajeunissement et de resurfa\u00e7age du visage \u00e0 Barcelone, technique laser CO2 fractionn\u00e9 et Erbium.\",\"breadcrumb\":{\"@id\":\"https:\/\/www.lopezgil.com\/fr\/dermatologie-esthetique-barcelona\/rajeunissement-facial-et-resurfacing-barcelona\/#breadcrumb\"},\"inLanguage\":\"fr-FR\",\"potentialAction\":[{\"@type\":\"ReadAction\",\"target\":[\"https:\/\/www.lopezgil.com\/fr\/dermatologie-esthetique-barcelona\/rajeunissement-facial-et-resurfacing-barcelona\/\"]}]},{\"@type\":\"BreadcrumbList\",\"@id\":\"https:\/\/www.lopezgil.com\/fr\/dermatologie-esthetique-barcelona\/rajeunissement-facial-et-resurfacing-barcelona\/#breadcrumb\",\"itemListElement\":[{\"@type\":\"ListItem\",\"position\":1,\"name\":\"Portada\",\"item\":\"https:\/\/www.lopezgil.com\/fr\/\"},{\"@type\":\"ListItem\",\"position\":2,\"name\":\"Dermatologie esth\u00e9tique\",\"item\":\"https:\/\/www.lopezgil.com\/fr\/dermatologie-esthetique-barcelona\/\"},{\"@type\":\"ListItem\",\"position\":3,\"name\":\"Rajeunissement facial et resurfacing\"}]},{\"@type\":\"WebSite\",\"@id\":\"https:\/\/www.lopezgil.com\/ca\/#website\",\"url\":\"https:\/\/www.lopezgil.com\/ca\/\",\"name\":\"Dr. Lopez Gil\",\"description\":\"Dermat\u00f3logo Barcelona\",\"potentialAction\":[{\"@type\":\"SearchAction\",\"target\":{\"@type\":\"EntryPoint\",\"urlTemplate\":\"https:\/\/www.lopezgil.com\/ca\/?s={search_term_string}\"},\"query-input\":\"required name=search_term_string\"}],\"inLanguage\":\"fr-FR\"}]}<\/script>\n<!-- \/ Yoast SEO plugin. -->","yoast_head_json":{"title":"Rajeunissement facial et resurfacing | Dr. Lopez Gil | Aesthetic Clinic","description":"R\u00e9sultats de la premi\u00e8re session. Votre clinique de rajeunissement et de resurfa\u00e7age du visage \u00e0 Barcelone, technique laser CO2 fractionn\u00e9 et Erbium.","robots":{"index":"index","follow":"follow","max-snippet":"max-snippet:-1","max-image-preview":"max-image-preview:large","max-video-preview":"max-video-preview:-1"},"canonical":"https:\/\/www.lopezgil.com\/fr\/dermatologie-esthetique-barcelona\/rajeunissement-facial-et-resurfacing-barcelona\/","og_locale":"fr_FR","og_type":"article","og_title":"Rajeunissement facial et resurfacing | Dr. Lopez Gil | Aesthetic Clinic","og_description":"R\u00e9sultats de la premi\u00e8re session. Votre clinique de rajeunissement et de resurfa\u00e7age du visage \u00e0 Barcelone, technique laser CO2 fractionn\u00e9 et Erbium.","og_url":"https:\/\/www.lopezgil.com\/fr\/dermatologie-esthetique-barcelona\/rajeunissement-facial-et-resurfacing-barcelona\/","og_site_name":"Dr. Lopez Gil","article_modified_time":"2019-12-09T12:49:22+00:00","twitter_card":"summary_large_image","twitter_misc":{"Est. reading time":"3 minutes"},"schema":{"@context":"https:\/\/schema.org","@graph":[{"@type":"WebPage","@id":"https:\/\/www.lopezgil.com\/fr\/dermatologie-esthetique-barcelona\/rajeunissement-facial-et-resurfacing-barcelona\/","url":"https:\/\/www.lopezgil.com\/fr\/dermatologie-esthetique-barcelona\/rajeunissement-facial-et-resurfacing-barcelona\/","name":"Rajeunissement facial et resurfacing | Dr. Lopez Gil | Aesthetic Clinic","isPartOf":{"@id":"https:\/\/www.lopezgil.com\/ca\/#website"},"datePublished":"2016-06-16T09:53:34+00:00","dateModified":"2019-12-09T12:49:22+00:00","description":"R\u00e9sultats de la premi\u00e8re session. Votre clinique de rajeunissement et de resurfa\u00e7age du visage \u00e0 Barcelone, technique laser CO2 fractionn\u00e9 et Erbium.","breadcrumb":{"@id":"https:\/\/www.lopezgil.com\/fr\/dermatologie-esthetique-barcelona\/rajeunissement-facial-et-resurfacing-barcelona\/#breadcrumb"},"inLanguage":"fr-FR","potentialAction":[{"@type":"ReadAction","target":["https:\/\/www.lopezgil.com\/fr\/dermatologie-esthetique-barcelona\/rajeunissement-facial-et-resurfacing-barcelona\/"]}]},{"@type":"BreadcrumbList","@id":"https:\/\/www.lopezgil.com\/fr\/dermatologie-esthetique-barcelona\/rajeunissement-facial-et-resurfacing-barcelona\/#breadcrumb","itemListElement":[{"@type":"ListItem","position":1,"name":"Portada","item":"https:\/\/www.lopezgil.com\/fr\/"},{"@type":"ListItem","position":2,"name":"Dermatologie esth\u00e9tique","item":"https:\/\/www.lopezgil.com\/fr\/dermatologie-esthetique-barcelona\/"},{"@type":"ListItem","position":3,"name":"Rajeunissement facial et resurfacing"}]},{"@type":"WebSite","@id":"https:\/\/www.lopezgil.com\/ca\/#website","url":"https:\/\/www.lopezgil.com\/ca\/","name":"Dr. Lopez Gil","description":"Dermat\u00f3logo Barcelona","potentialAction":[{"@type":"SearchAction","target":{"@type":"EntryPoint","urlTemplate":"https:\/\/www.lopezgil.com\/ca\/?s={search_term_string}"},"query-input":"required name=search_term_string"}],"inLanguage":"fr-FR"}]}},"_links":{"self":[{"href":"https:\/\/www.lopezgil.com\/fr\/wp-json\/wp\/v2\/pages\/3330","targetHints":{"allow":["GET"]}}],"collection":[{"href":"https:\/\/www.lopezgil.com\/fr\/wp-json\/wp\/v2\/pages"}],"about":[{"href":"https:\/\/www.lopezgil.com\/fr\/wp-json\/wp\/v2\/types\/page"}],"author":[{"embeddable":true,"href":"https:\/\/www.lopezgil.com\/fr\/wp-json\/wp\/v2\/users\/5"}],"replies":[{"embeddable":true,"href":"https:\/\/www.lopezgil.com\/fr\/wp-json\/wp\/v2\/comments?post=3330"}],"version-history":[{"count":2,"href":"https:\/\/www.lopezgil.com\/fr\/wp-json\/wp\/v2\/pages\/3330\/revisions"}],"predecessor-version":[{"id":3336,"href":"https:\/\/www.lopezgil.com\/fr\/wp-json\/wp\/v2\/pages\/3330\/revisions\/3336"}],"up":[{"embeddable":true,"href":"https:\/\/www.lopezgil.com\/fr\/wp-json\/wp\/v2\/pages\/3258"}],"wp:attachment":[{"href":"https:\/\/www.lopezgil.com\/fr\/wp-json\/wp\/v2\/media?parent=3330"}],"curies":[{"name":"wp","href":"https:\/\/api.w.org\/{rel}","templated":true}]}}