{"id":3319,"date":"2016-06-16T09:53:47","date_gmt":"2016-06-16T09:53:47","guid":{"rendered":"https:\/\/www.lopezgil.com\/dermatologie-esthetique-barcelona\/eye-bags-and-dark-circles\/"},"modified":"2019-12-06T16:57:38","modified_gmt":"2019-12-06T16:57:38","slug":"poches-et-cernes","status":"publish","type":"page","link":"https:\/\/www.lopezgil.com\/fr\/dermatologie-esthetique-barcelona\/poches-et-cernes\/","title":{"rendered":"Poches et cernes"},"content":{"rendered":"<div id=\"fb-root\"><\/div>\n<p style=\"text-align: justify;\">[vc_row][vc_column][vc_row_inner][vc_column_inner]<script type=\"text\/javascript\">jQuery(function() { _initLayerSlider( '#layerslider_64_19hkqs9gqu9wh', {sliderVersion: '', responsiveUnder: 0, layersContainer: 0, hideUnder: 0, hideOver: 100000, pauseOnHover: 1, skin: 'v5', sliderFadeInDuration: 350, useSrcset: true, skinsPath: 'https:\/\/www.lopezgil.com\/wp-content\/plugins\/LayerSlider\/assets\/static\/layerslider\/skins\/', type: 'responsive', showCircleTimer: false, performanceMode: true}); });<\/script><div id=\"layerslider_64_19hkqs9gqu9wh\" class=\"ls-wp-container fitvidsignore\" style=\"width:600px;height:200px;margin:0 auto;margin-bottom: 0px;\"><div class=\"ls-slide\" data-ls=\"duration:4000;\"><img loading=\"lazy\" decoding=\"async\" width=\"600\" height=\"200\" src=\"https:\/\/www.lopezgil.com\/wp-content\/uploads\/drlopezgil_dermatologia_barcelona_600x200_bolsas_ojeras-2.jpg\" class=\"ls-bg\" alt=\"tratamiento-bolsas-ojeras-dermatologo-cirujano-barcelona\" srcset=\"https:\/\/www.lopezgil.com\/wp-content\/uploads\/drlopezgil_dermatologia_barcelona_600x200_bolsas_ojeras-2.jpg 600w, https:\/\/www.lopezgil.com\/wp-content\/uploads\/drlopezgil_dermatologia_barcelona_600x200_bolsas_ojeras-2-300x100.jpg 300w\" sizes=\"auto, (max-width: 600px) 100vw, 600px\" \/><\/div><\/div>[\/vc_column_inner][\/vc_row_inner][\/vc_column][\/vc_row][vc_row][vc_column width=&#8221;3\/4&#8243; css=&#8221;.vc_custom_1473066092346{margin-top: 0px !important;}&#8221;][vc_column_text css=&#8221;.vc_custom_1473066053815{margin-top: 0px !important;}&#8221;]\n<h2 style=\"text-align: justify;\"><span style=\"color: #75c9d3;\"><strong>Que sont poches et cernes?<\/strong><\/span><\/h2>\n<p style=\"text-align: justify;\">Les poches et cernes sont l&#8217;assombrissement de la peau ou tache pourpre qui est cr\u00e9\u00e9 autour ou sous les yeux. Apportent un regard de visage fatigu\u00e9 et\/ou malades et fournissent habituellement des ann\u00e9es suppl\u00e9mentaires.<\/p>\n<p style=\"text-align: justify;\">Les cernes peuvent aller ou non accompagn\u00e9es d&#8217;un exc\u00e8s de liquide et\/ou de la graisse sous la peau, les connus comme sacs.<\/p>\n<h2 style=\"text-align: justify;\"><span style=\"color: #75c9d3;\"><strong>Qui est concern\u00e9?<\/strong><\/span><\/h2>\n<p style=\"text-align: justify;\">Les personnes plus jeunes n&#8217;ont pas ou n&#8217;ont pas g\u00e9n\u00e9ralement &#8220;sacs&#8221;, c&#8217;est-\u00e0-dire, seulement ont g\u00e9n\u00e9ralement des cernes plats ou l\u00e9g\u00e8rement enfonc\u00e9es. Au lieu de cela, les gens entre 50 et 60 ans ont g\u00e9n\u00e9ralement des poches.<\/p>\n<h2 style=\"text-align: justify;\"><span style=\"color: #75c9d3;\"><strong>Causes du poches et cernes<\/strong><\/span><\/h2>\n<p style=\"text-align: justify;\">Elles peuvent \u00eatre provoqu\u00e9s par des causes diverses. Elles peuvent \u00eatre provoqu\u00e9es par des causes diverses. Habituellement, la raison la plus courante est qu&#8217;il y a une fatigue accumul\u00e9e qui aggrave le drainage lymphatique et\/ou vasculaire de la zone et provoque l&#8217;assombrissement par manque de flux sanguin.<\/p>\n<p style=\"text-align: justify;\">Les poches peuvent \u00eatre caus\u00e9es par:<\/p>\n<ul style=\"text-align: justify;\">\n<li>R\u00e9tention hydrique<\/li>\n<li>Alimentation inad\u00e9quate<\/li>\n<li>Manque d&#8217;hydratation<\/li>\n<li>Facteurs h\u00e9r\u00e9ditaires<\/li>\n<\/ul>\n<h2 style=\"text-align: justify;\"><span style=\"color: #75c9d3;\"><strong>Traitement des poches et cernes<\/strong><\/span><\/h2>\n<p style=\"text-align: justify;\">Il n&#8217;est pas strictement n\u00e9cessaire traiter les cernes, car elles n&#8217;ont pas de signification m\u00e9dicale, sauf quand elles apparaissent dans les tr\u00e8s jeunes gens car elles sont tr\u00e8s li\u00e9es avec des probl\u00e8mes respiratoires allergiques.<\/p>\n<p style=\"text-align: justify;\">La plupart des patients veulent \u00e9liminer ces imperfections, car elles donnent aux personnes une allure fatigu\u00e9e et plus d&#8217;ann\u00e9es que vraiment ils ont.<\/p>\n<p style=\"text-align: justify;\"><u>En quoi consiste<\/u>?<\/p>\n<p style=\"text-align: justify;\">Le traitement le plus appropri\u00e9 pour traiter les cernes est d&#8217;am\u00e9liorer la zone avec de petites infiltrations d&#8217;acide hyaluronique juste en dessous de la paupi\u00e8re inf\u00e9rieure pour produire un soul\u00e8vement et un \u00e9tirement de la peau, en favorisant la vascularisation de la zone. L&#8217;effet de remplissage parvient \u00e0 donner volume, donnant \u00e0 la peau plus d&#8217;humidit\u00e9 et par cons\u00e9quent une meilleure apparence.<\/p>\n<p style=\"text-align: justify;\">Tous les traitements de type cosm\u00e9tique tels que les anticernes, s\u00e9rums et cr\u00e8mes am\u00e9liorent la texture et la surface de la peau, mais ne changent pas l&#8217;apparence g\u00e9n\u00e9rale de la r\u00e9gion.<\/p>\n<p style=\"text-align: justify;\"><u>C&#8217;est douloureux?<\/u><\/p>\n<p style=\"text-align: justify;\">Il est un traitement indolore. Le produit lui-m\u00eame porte la lidoca\u00efne, un anesth\u00e9sique local qui diminue la sensation de douleur en injectant le produit.<\/p>\n<p style=\"text-align: justify;\"><u>Combien de s\u00e9ances sont n\u00e9cessaires?<\/u><\/p>\n<p style=\"text-align: justify;\">En r\u00e8gle g\u00e9n\u00e9rale, avec une seule session, vous pouvez obtenir les r\u00e9sultats souhait\u00e9s, cependant, chaque cas doit \u00eatre analys\u00e9 afin de planifier une \u00e9ventuelle r\u00e9vision ou une retouche.<\/p>\n<p style=\"text-align: justify;\"><u>Quand les r\u00e9sultats sont visibles?<\/u><\/p>\n<p style=\"text-align: justify;\">Dans le cas o\u00f9 la\/le patient ne produit pas d&#8217;h\u00e9matome, les r\u00e9sultats sont pratiquement visibles dans les 2-3 jours de traitement une fois que l&#8217;inflammation naturelle a diminu\u00e9 apr\u00e8s l&#8217;injection.<\/p>\n<p style=\"text-align: justify;\"><u>Combien de temps est le traitement?<\/u><\/p>\n<p style=\"text-align: justify;\">Il y a plusieurs facteurs \u00e0 prendre en compte pour d\u00e9terminer la dur\u00e9e estim\u00e9e du traitement, comme l&#8217;\u00e9tat pr\u00e9c\u00e9dent, le type de peau et les soins de la zone. Il dure habituellement entre un an et un an et demi.<\/p>\n<p style=\"text-align: justify;\"><u>Quels types de d\u00e9fauts peuvent \u00eatre trait\u00e9s avec de l&#8217;acide hyaluronique?<\/u><\/p>\n<ul style=\"text-align: justify;\">\n<li>Cernes sous les yeux.<\/li>\n<li>Marques violettes autour des yeux.<\/li>\n<li>Correction des asym\u00e9tries faciales (l&#8217;ovale du visage) et d&#8217;imperfections nasales.<\/li>\n<\/ul>\n<p style=\"text-align: justify;\"><u>Quels types de d\u00e9fauts ne peuvent pas \u00eatre trait\u00e9s avec de l&#8217;acide hyaluronique?<\/u><\/p>\n<ul style=\"text-align: justify;\">\n<li>Poches de graisse sous les yeux.<\/li>\n<li>Cernes en raison d&#8217;une composante g\u00e9n\u00e9tique (pr\u00e9sentant une couleur brun fonc\u00e9 ou noir).<\/li>\n<li>Affaissement paupi\u00e8res sup\u00e9rieures et\/ou inf\u00e9rieures: dans ces cas, la charge d&#8217;acide hyaluronique ne r\u00e9sout pas le rel\u00e2chement, et n\u00e9cessitent g\u00e9n\u00e9ralement une intervention de chirurgie plastique.<\/li>\n<\/ul>\n<p style=\"text-align: justify;\">Il est \u00e0 noter que, dans le cas o\u00f9 les cernes sont accompagn\u00e9s de poches, la solution d&#8217;acide hyaluronique est impossible d\u2019utiliser et il est g\u00e9n\u00e9ralement recommand\u00e9 d\u2019avoir une intervention chirurgicale avec un sp\u00e9cialiste.<\/p>\n<h2 style=\"text-align: justify;\"><span style=\"color: #75c9d3;\"><strong>Conseils precedents au traitement<\/strong><\/span><\/h2>\n<ul style=\"text-align: justify;\">\n<li>\u00c9viter l&#8217;exposition prolong\u00e9e au soleil pendant les 7 jours avant le traitement.<\/li>\n<li>Ne pas \u00eatre bronz\u00e9\/e.<\/li>\n<li>Ne pas avoir de blessures ou de cicatrices r\u00e9centes.<\/li>\n<li>Ne pas prendre anti-inflammatoires 7 jours plus t\u00f4t.<\/li>\n<li>Si la personne a une pr\u00e9disposition g\u00e9n\u00e9tique pour cr\u00e9er des h\u00e9matomes, nous vous recommandons d&#8217;utiliser la cr\u00e8me d&#8217;arnica une semaine avant.<\/li>\n<li>Ne pas avoir l&#8217;herp\u00e8s<\/li>\n<\/ul>\n<h2 style=\"text-align: justify;\"><span style=\"color: #75c9d3;\"><strong>Conseils post-traitement<\/strong><\/span><\/h2>\n<ul>\n<li style=\"text-align: justify;\">Si ecchymose, utiliser des cr\u00e8mes naturelles comme l&#8217;arnica.<\/li>\n<li style=\"text-align: justify;\">\u00c9viter l&#8217;exposition prolong\u00e9e au soleil pendant les 7 jours plus tard.<\/li>\n<li style=\"text-align: justify;\">\u00c9viter les saunas et\/ou similaires.<\/li>\n<li style=\"text-align: justify;\">\u00c9viter de masser la zone vigoureusement.<\/li>\n<li style=\"text-align: justify;\">Utiliser un \u00e9cran solaire<\/li>\n<li style=\"text-align: justify;\">Ne pas faire des s\u00e9ances d&#8217;UVA.<\/li>\n<li style=\"text-align: justify;\">\u00c9viter les traitements qui abrasent la peau ou l&#8217;\u00e9caillent.<\/li>\n<\/ul>\n","protected":false},"excerpt":{"rendered":"<p>[vc_row][vc_column][vc_row_inner][vc_column_inner][\/vc_column_inner][\/vc_row_inner][\/vc_column][\/vc_row][vc_row][vc_column width=&#8221;3\/4&#8243; css=&#8221;.vc_custom_1473066092346{margin-top: 0px !important;}&#8221;][vc_column_text css=&#8221;.vc_custom_1473066053815{margin-top: 0px !important;}&#8221;] Que sont poches et cernes? Les poches et cernes sont l&#8217;assombrissement de la peau ou tache pourpre qui est cr\u00e9\u00e9 autour ou sous les yeux. Apportent un regard de visage fatigu\u00e9 et\/ou malades et fournissent habituellement des ann\u00e9es suppl\u00e9mentaires. Les cernes peuvent aller ou non accompagn\u00e9es d&#8217;un [&hellip;]<\/p>\n","protected":false},"author":5,"featured_media":0,"parent":3258,"menu_order":0,"comment_status":"closed","ping_status":"closed","template":"soulmedic\/tpl-feature.php","meta":{"footnotes":""},"class_list":["post-3319","page","type-page","status-publish","hentry"],"yoast_head":"<!-- This site is optimized with the Yoast SEO plugin v19.12 - https:\/\/yoast.com\/wordpress\/plugins\/seo\/ -->\n<title>Poches et cernes | Dr. Lopez Gil | Cl\u00ednica Teknon Barcelona<\/title>\n<meta name=\"description\" content=\"Tout ce que vous devez savoir pour \u00e9liminer les sacs et les cernes. Ses causes et les meilleurs traitements appliqu\u00e9s par notre \u00e9quipe de m\u00e9decins.\" \/>\n<meta name=\"robots\" content=\"index, follow, max-snippet:-1, max-image-preview:large, max-video-preview:-1\" \/>\n<link rel=\"canonical\" href=\"https:\/\/www.lopezgil.com\/fr\/dermatologie-esthetique-barcelona\/poches-et-cernes\/\" \/>\n<meta property=\"og:locale\" content=\"fr_FR\" \/>\n<meta property=\"og:type\" content=\"article\" \/>\n<meta property=\"og:title\" content=\"Poches et cernes | Dr. Lopez Gil | Cl\u00ednica Teknon Barcelona\" \/>\n<meta property=\"og:description\" content=\"Tout ce que vous devez savoir pour \u00e9liminer les sacs et les cernes. Ses causes et les meilleurs traitements appliqu\u00e9s par notre \u00e9quipe de m\u00e9decins.\" \/>\n<meta property=\"og:url\" content=\"https:\/\/www.lopezgil.com\/fr\/dermatologie-esthetique-barcelona\/poches-et-cernes\/\" \/>\n<meta property=\"og:site_name\" content=\"Dr. Lopez Gil\" \/>\n<meta property=\"article:modified_time\" content=\"2019-12-06T16:57:38+00:00\" \/>\n<meta name=\"twitter:card\" content=\"summary_large_image\" \/>\n<meta name=\"twitter:label1\" content=\"Est. reading time\" \/>\n\t<meta name=\"twitter:data1\" content=\"4 minutes\" \/>\n<script type=\"application\/ld+json\" class=\"yoast-schema-graph\">{\"@context\":\"https:\/\/schema.org\",\"@graph\":[{\"@type\":\"WebPage\",\"@id\":\"https:\/\/www.lopezgil.com\/fr\/dermatologie-esthetique-barcelona\/poches-et-cernes\/\",\"url\":\"https:\/\/www.lopezgil.com\/fr\/dermatologie-esthetique-barcelona\/poches-et-cernes\/\",\"name\":\"Poches et cernes | Dr. Lopez Gil | Cl\u00ednica Teknon Barcelona\",\"isPartOf\":{\"@id\":\"https:\/\/www.lopezgil.com\/ca\/#website\"},\"datePublished\":\"2016-06-16T09:53:47+00:00\",\"dateModified\":\"2019-12-06T16:57:38+00:00\",\"description\":\"Tout ce que vous devez savoir pour \u00e9liminer les sacs et les cernes. Ses causes et les meilleurs traitements appliqu\u00e9s par notre \u00e9quipe de m\u00e9decins.\",\"breadcrumb\":{\"@id\":\"https:\/\/www.lopezgil.com\/fr\/dermatologie-esthetique-barcelona\/poches-et-cernes\/#breadcrumb\"},\"inLanguage\":\"fr-FR\",\"potentialAction\":[{\"@type\":\"ReadAction\",\"target\":[\"https:\/\/www.lopezgil.com\/fr\/dermatologie-esthetique-barcelona\/poches-et-cernes\/\"]}]},{\"@type\":\"BreadcrumbList\",\"@id\":\"https:\/\/www.lopezgil.com\/fr\/dermatologie-esthetique-barcelona\/poches-et-cernes\/#breadcrumb\",\"itemListElement\":[{\"@type\":\"ListItem\",\"position\":1,\"name\":\"Portada\",\"item\":\"https:\/\/www.lopezgil.com\/fr\/\"},{\"@type\":\"ListItem\",\"position\":2,\"name\":\"Dermatologie esth\u00e9tique\",\"item\":\"https:\/\/www.lopezgil.com\/fr\/dermatologie-esthetique-barcelona\/\"},{\"@type\":\"ListItem\",\"position\":3,\"name\":\"Poches et cernes\"}]},{\"@type\":\"WebSite\",\"@id\":\"https:\/\/www.lopezgil.com\/ca\/#website\",\"url\":\"https:\/\/www.lopezgil.com\/ca\/\",\"name\":\"Dr. Lopez Gil\",\"description\":\"Dermat\u00f3logo Barcelona\",\"potentialAction\":[{\"@type\":\"SearchAction\",\"target\":{\"@type\":\"EntryPoint\",\"urlTemplate\":\"https:\/\/www.lopezgil.com\/ca\/?s={search_term_string}\"},\"query-input\":\"required name=search_term_string\"}],\"inLanguage\":\"fr-FR\"}]}<\/script>\n<!-- \/ Yoast SEO plugin. -->","yoast_head_json":{"title":"Poches et cernes | Dr. Lopez Gil | Cl\u00ednica Teknon Barcelona","description":"Tout ce que vous devez savoir pour \u00e9liminer les sacs et les cernes. Ses causes et les meilleurs traitements appliqu\u00e9s par notre \u00e9quipe de m\u00e9decins.","robots":{"index":"index","follow":"follow","max-snippet":"max-snippet:-1","max-image-preview":"max-image-preview:large","max-video-preview":"max-video-preview:-1"},"canonical":"https:\/\/www.lopezgil.com\/fr\/dermatologie-esthetique-barcelona\/poches-et-cernes\/","og_locale":"fr_FR","og_type":"article","og_title":"Poches et cernes | Dr. Lopez Gil | Cl\u00ednica Teknon Barcelona","og_description":"Tout ce que vous devez savoir pour \u00e9liminer les sacs et les cernes. Ses causes et les meilleurs traitements appliqu\u00e9s par notre \u00e9quipe de m\u00e9decins.","og_url":"https:\/\/www.lopezgil.com\/fr\/dermatologie-esthetique-barcelona\/poches-et-cernes\/","og_site_name":"Dr. Lopez Gil","article_modified_time":"2019-12-06T16:57:38+00:00","twitter_card":"summary_large_image","twitter_misc":{"Est. reading time":"4 minutes"},"schema":{"@context":"https:\/\/schema.org","@graph":[{"@type":"WebPage","@id":"https:\/\/www.lopezgil.com\/fr\/dermatologie-esthetique-barcelona\/poches-et-cernes\/","url":"https:\/\/www.lopezgil.com\/fr\/dermatologie-esthetique-barcelona\/poches-et-cernes\/","name":"Poches et cernes | Dr. Lopez Gil | Cl\u00ednica Teknon Barcelona","isPartOf":{"@id":"https:\/\/www.lopezgil.com\/ca\/#website"},"datePublished":"2016-06-16T09:53:47+00:00","dateModified":"2019-12-06T16:57:38+00:00","description":"Tout ce que vous devez savoir pour \u00e9liminer les sacs et les cernes. Ses causes et les meilleurs traitements appliqu\u00e9s par notre \u00e9quipe de m\u00e9decins.","breadcrumb":{"@id":"https:\/\/www.lopezgil.com\/fr\/dermatologie-esthetique-barcelona\/poches-et-cernes\/#breadcrumb"},"inLanguage":"fr-FR","potentialAction":[{"@type":"ReadAction","target":["https:\/\/www.lopezgil.com\/fr\/dermatologie-esthetique-barcelona\/poches-et-cernes\/"]}]},{"@type":"BreadcrumbList","@id":"https:\/\/www.lopezgil.com\/fr\/dermatologie-esthetique-barcelona\/poches-et-cernes\/#breadcrumb","itemListElement":[{"@type":"ListItem","position":1,"name":"Portada","item":"https:\/\/www.lopezgil.com\/fr\/"},{"@type":"ListItem","position":2,"name":"Dermatologie esth\u00e9tique","item":"https:\/\/www.lopezgil.com\/fr\/dermatologie-esthetique-barcelona\/"},{"@type":"ListItem","position":3,"name":"Poches et cernes"}]},{"@type":"WebSite","@id":"https:\/\/www.lopezgil.com\/ca\/#website","url":"https:\/\/www.lopezgil.com\/ca\/","name":"Dr. Lopez Gil","description":"Dermat\u00f3logo Barcelona","potentialAction":[{"@type":"SearchAction","target":{"@type":"EntryPoint","urlTemplate":"https:\/\/www.lopezgil.com\/ca\/?s={search_term_string}"},"query-input":"required name=search_term_string"}],"inLanguage":"fr-FR"}]}},"_links":{"self":[{"href":"https:\/\/www.lopezgil.com\/fr\/wp-json\/wp\/v2\/pages\/3319","targetHints":{"allow":["GET"]}}],"collection":[{"href":"https:\/\/www.lopezgil.com\/fr\/wp-json\/wp\/v2\/pages"}],"about":[{"href":"https:\/\/www.lopezgil.com\/fr\/wp-json\/wp\/v2\/types\/page"}],"author":[{"embeddable":true,"href":"https:\/\/www.lopezgil.com\/fr\/wp-json\/wp\/v2\/users\/5"}],"replies":[{"embeddable":true,"href":"https:\/\/www.lopezgil.com\/fr\/wp-json\/wp\/v2\/comments?post=3319"}],"version-history":[{"count":3,"href":"https:\/\/www.lopezgil.com\/fr\/wp-json\/wp\/v2\/pages\/3319\/revisions"}],"predecessor-version":[{"id":4898,"href":"https:\/\/www.lopezgil.com\/fr\/wp-json\/wp\/v2\/pages\/3319\/revisions\/4898"}],"up":[{"embeddable":true,"href":"https:\/\/www.lopezgil.com\/fr\/wp-json\/wp\/v2\/pages\/3258"}],"wp:attachment":[{"href":"https:\/\/www.lopezgil.com\/fr\/wp-json\/wp\/v2\/media?parent=3319"}],"curies":[{"name":"wp","href":"https:\/\/api.w.org\/{rel}","templated":true}]}}