{"id":3317,"date":"2016-06-16T09:54:31","date_gmt":"2016-06-16T09:54:31","guid":{"rendered":"https:\/\/www.lopezgil.com\/dermatologie-esthetique-barcelona\/spots\/"},"modified":"2019-12-08T21:20:17","modified_gmt":"2019-12-08T21:20:17","slug":"taches","status":"publish","type":"page","link":"https:\/\/www.lopezgil.com\/fr\/dermatologie-esthetique-barcelona\/taches\/","title":{"rendered":"Taches"},"content":{"rendered":"<div id=\"fb-root\"><\/div>\n<p style=\"text-align: justify;\">[vc_row][vc_column][vc_row_inner][vc_column_inner]<script type=\"text\/javascript\">jQuery(function() { _initLayerSlider( '#layerslider_60_xs26q6ygjbgm', {sliderVersion: '', responsiveUnder: 0, layersContainer: 0, hideUnder: 0, hideOver: 100000, pauseOnHover: 1, skin: 'v5', sliderFadeInDuration: 350, useSrcset: true, skinsPath: 'https:\/\/www.lopezgil.com\/wp-content\/plugins\/LayerSlider\/assets\/static\/layerslider\/skins\/', type: 'responsive', showCircleTimer: false, performanceMode: true}); });<\/script><div id=\"layerslider_60_xs26q6ygjbgm\" class=\"ls-wp-container fitvidsignore\" style=\"width:600px;height:200px;margin:0 auto;margin-bottom: 0px;\"><div class=\"ls-slide\" data-ls=\"duration:4000;\"><img loading=\"lazy\" decoding=\"async\" width=\"600\" height=\"200\" src=\"https:\/\/www.lopezgil.com\/wp-content\/uploads\/drlopezgil_dermatologia_barcelona_600x200_manchas_lentigos_manos-1.jpg\" class=\"ls-bg\" alt=\"tratamiento-eliminar-manchas-piel-lentigos-dermatologo-cirujano-barcelona-doctor-lopez-gil\" srcset=\"https:\/\/www.lopezgil.com\/wp-content\/uploads\/drlopezgil_dermatologia_barcelona_600x200_manchas_lentigos_manos-1.jpg 600w, https:\/\/www.lopezgil.com\/wp-content\/uploads\/drlopezgil_dermatologia_barcelona_600x200_manchas_lentigos_manos-1-300x100.jpg 300w\" sizes=\"auto, (max-width: 600px) 100vw, 600px\" \/><\/div><\/div>[\/vc_column_inner][\/vc_row_inner][\/vc_column][\/vc_row][vc_row][vc_column width=&#8221;3\/4&#8243; css=&#8221;.vc_custom_1473066092346{margin-top: 0px !important;}&#8221;][vc_column_text css=&#8221;.vc_custom_1473066053815{margin-top: 0px !important;}&#8221;]\n<h2 style=\"text-align: justify;\"><span style=\"color: #75c9d3;\"><strong>Qu&#8217;est que c&#8217;est?<\/strong><\/span><\/h2>\n<p style=\"text-align: justify;\">Avec le passage du temps et en raison de la lumi\u00e8re du soleil chroniquement accumul\u00e9e apparaissent dans la peau des <strong>taches brunes<\/strong> bien d\u00e9finies sur les zones expos\u00e9es au soleil comme le visage, le cou, les \u00e9paules et \/ ou le dos des mains. Ces taches, appel\u00e9es lentigos ou taches de vieillesse, souvent sont accompagn\u00e9s par un amincissement de la peau et de petits capillaires rouges, ce qui refl\u00e8te une peau photovieillie.<\/p>\n<h2 style=\"text-align: justify;\"><span style=\"color: #75c9d3;\"><strong>Qui est concern\u00e9?<\/strong><\/span><\/h2>\n<p style=\"text-align: justify;\">Elle peut affecter toute personne qu\u2019elle ait des taches brunes dans certaines zones du corps en raison de l&#8217;accumulation solaire.<\/p>\n<h2 style=\"text-align: justify;\"><span style=\"color: #75c9d3;\"><strong>Causes<\/strong><\/span><\/h2>\n<ul style=\"text-align: justify;\">\n<li>Exposition au soleil prolong\u00e9e dans le temps<\/li>\n<li>Aucune utilisation de photoprotection<\/li>\n<li>Certains m\u00e9dicaments<\/li>\n<li>\u00c2ge<\/li>\n<li>Composante g\u00e9n\u00e9tique<\/li>\n<li>Grossesse<\/li>\n<li>Maladies hormonales<\/li>\n<\/ul>\n<h2 style=\"text-align: justify;\"><span style=\"color: #75c9d3;\"><strong>Traitement<\/strong><\/span><\/h2>\n<p style=\"text-align: justify;\"><u>En quoi consiste?<\/u><\/p>\n<p style=\"text-align: justify;\">En enlever la tache ou ton sombre sur lequel on applique le laser, redonnant \u00e0 la peau sa couleur rose. Apr\u00e8s le traitement, la zone trait\u00e9e peut \u00eatre noire\/sombr\u00e9e pendant une semaine; apr\u00e8s quoi, la couleur noire\/ sombr\u00e9e, commence \u00e0 dispara\u00eetre et commence \u00e0 \u00eatre visible la zone am\u00e9lior\u00e9e d&#8217;une couleur rose.<\/p>\n<p style=\"text-align: justify;\">Dans le cas de l&#8217;application suppl\u00e9mentaire du laser C02 fractionn\u00e9, il donne \u00e0 la peau une production accrue de collag\u00e8ne.<\/p>\n<p style=\"text-align: justify;\">Normalement, ce laser est combin\u00e9 avec un autre, le laser fractionnel C02, ce qui permet de travailler d\u00e9finitivement la zone trait\u00e9e sans formation notable de cro\u00fbtes. En outre, l&#8217;utilisation du laser de C02 fractionn\u00e9, aide \u00e0 la production de collag\u00e8ne, ce qui am\u00e9liore l&#8217;apparence de la peau.<\/p>\n<p style=\"text-align: justify;\">Le m\u00e9decin doit d\u00e9cider si croit n\u00e9cessaire d&#8217;utiliser \u00e0 la fois les deux lasers, que ce soit l&#8217;un ou l&#8217;autre, en fonction de la zone \u00e0 traiter et\/ou le type de peau.<\/p>\n<p style=\"text-align: justify;\"><u>C&#8217;est douloureux?<\/u><\/p>\n<p style=\"text-align: justify;\">L&#8217;inconfort du patient est minime et l&#8217;\u00e9limination des taches se produit discr\u00e8tement et sans douleur, il n&#8217;est donc pas n\u00e9cessaire de modifier le rythme de la vie.<\/p>\n<p style=\"text-align: justify;\">D&#8217;une mani\u00e8re g\u00e9n\u00e9rale, l&#8217;utilisation d&#8217;une anesth\u00e9sie topique n&#8217;est pas n\u00e9cessaire.<\/p>\n<p style=\"text-align: justify;\"><u>Quand les r\u00e9sultats sont visibles?<\/u><\/p>\n<p style=\"text-align: justify;\">En g\u00e9n\u00e9ral, au bout de 3 s\u00e9ances, on peut obtenir les r\u00e9sultats souhait\u00e9s. Dans tous les cas, toujours d\u00e9pendra du type de peau et la taille de la zone \u00e0 traiter.<\/p>\n<p style=\"text-align: justify;\"><u>Combien de temps est le traitement?<\/u><\/p>\n<p style=\"text-align: justify;\">Bien que cela d\u00e9pende de la zone (s) (s) \u00e0 traiter, en g\u00e9n\u00e9ral, il n&#8217;a pas une dur\u00e9e de plus de 10 minutes par zone.<\/p>\n<h2 style=\"text-align: justify;\"><span style=\"color: #75c9d3;\"><strong>Conseils precedents au traitement<\/strong><\/span><\/h2>\n<ul style=\"text-align: justify;\">\n<li>Aucune recommandation sp\u00e9cifique avant le traitement.<\/li>\n<\/ul>\n<h2 style=\"text-align: justify;\"><span style=\"color: #75c9d3;\"><strong>Conseils post-traitement<\/strong><\/span><\/h2>\n<ul>\n<li style=\"text-align: justify;\">Utiliser une cr\u00e8me solaire avec une protection compl\u00e8te pendant les mois suivants.<\/li>\n<li style=\"text-align: justify;\">Ne pas utiliser saunas, bains de vapeur, etc.<\/li>\n<li style=\"text-align: justify;\">\u00c9viter l&#8217;exercice intense pendant une semaine.<\/li>\n<li style=\"text-align: justify;\">\u00c9viter les traitements qui abrasent la peau ou la \u00e9caillent.<\/li>\n<li style=\"text-align: justify;\">On peut utiliser un hydratant hypoallerg\u00e9nique et maquillage.<\/li>\n<\/ul>\n","protected":false},"excerpt":{"rendered":"<p>[vc_row][vc_column][vc_row_inner][vc_column_inner][\/vc_column_inner][\/vc_row_inner][\/vc_column][\/vc_row][vc_row][vc_column width=&#8221;3\/4&#8243; css=&#8221;.vc_custom_1473066092346{margin-top: 0px !important;}&#8221;][vc_column_text css=&#8221;.vc_custom_1473066053815{margin-top: 0px !important;}&#8221;] Qu&#8217;est que c&#8217;est? Avec le passage du temps et en raison de la lumi\u00e8re du soleil chroniquement accumul\u00e9e apparaissent dans la peau des taches brunes bien d\u00e9finies sur les zones expos\u00e9es au soleil comme le visage, le cou, les \u00e9paules et \/ ou le dos des mains. [&hellip;]<\/p>\n","protected":false},"author":5,"featured_media":0,"parent":3258,"menu_order":0,"comment_status":"closed","ping_status":"closed","template":"soulmedic\/tpl-feature.php","meta":{"footnotes":""},"class_list":["post-3317","page","type-page","status-publish","hentry"],"yoast_head":"<!-- This site is optimized with the Yoast SEO plugin v19.12 - https:\/\/yoast.com\/wordpress\/plugins\/seo\/ -->\n<title>Taches | Dr. Lopez Gil | Clinique Teknon, Barcelone.<\/title>\n<meta name=\"description\" content=\"Clinicien sp\u00e9cialiste du traitement pour \u00e9liminer les imperfections cutan\u00e9es, avec la technologie laser la plus avanc\u00e9e. Clinique Teknon, Barcelone.\" \/>\n<meta name=\"robots\" content=\"index, follow, max-snippet:-1, max-image-preview:large, max-video-preview:-1\" \/>\n<link rel=\"canonical\" href=\"https:\/\/www.lopezgil.com\/fr\/dermatologie-esthetique-barcelona\/taches\/\" \/>\n<meta property=\"og:locale\" content=\"fr_FR\" \/>\n<meta property=\"og:type\" content=\"article\" \/>\n<meta property=\"og:title\" content=\"Taches | Dr. Lopez Gil | Clinique Teknon, Barcelone.\" \/>\n<meta property=\"og:description\" content=\"Clinicien sp\u00e9cialiste du traitement pour \u00e9liminer les imperfections cutan\u00e9es, avec la technologie laser la plus avanc\u00e9e. Clinique Teknon, Barcelone.\" \/>\n<meta property=\"og:url\" content=\"https:\/\/www.lopezgil.com\/fr\/dermatologie-esthetique-barcelona\/taches\/\" \/>\n<meta property=\"og:site_name\" content=\"Dr. Lopez Gil\" \/>\n<meta property=\"article:modified_time\" content=\"2019-12-08T21:20:17+00:00\" \/>\n<meta name=\"twitter:card\" content=\"summary_large_image\" \/>\n<meta name=\"twitter:label1\" content=\"Est. reading time\" \/>\n\t<meta name=\"twitter:data1\" content=\"3 minutes\" \/>\n<script type=\"application\/ld+json\" class=\"yoast-schema-graph\">{\"@context\":\"https:\/\/schema.org\",\"@graph\":[{\"@type\":\"WebPage\",\"@id\":\"https:\/\/www.lopezgil.com\/fr\/dermatologie-esthetique-barcelona\/taches\/\",\"url\":\"https:\/\/www.lopezgil.com\/fr\/dermatologie-esthetique-barcelona\/taches\/\",\"name\":\"Taches | Dr. Lopez Gil | Clinique Teknon, Barcelone.\",\"isPartOf\":{\"@id\":\"https:\/\/www.lopezgil.com\/ca\/#website\"},\"datePublished\":\"2016-06-16T09:54:31+00:00\",\"dateModified\":\"2019-12-08T21:20:17+00:00\",\"description\":\"Clinicien sp\u00e9cialiste du traitement pour \u00e9liminer les imperfections cutan\u00e9es, avec la technologie laser la plus avanc\u00e9e. Clinique Teknon, Barcelone.\",\"breadcrumb\":{\"@id\":\"https:\/\/www.lopezgil.com\/fr\/dermatologie-esthetique-barcelona\/taches\/#breadcrumb\"},\"inLanguage\":\"fr-FR\",\"potentialAction\":[{\"@type\":\"ReadAction\",\"target\":[\"https:\/\/www.lopezgil.com\/fr\/dermatologie-esthetique-barcelona\/taches\/\"]}]},{\"@type\":\"BreadcrumbList\",\"@id\":\"https:\/\/www.lopezgil.com\/fr\/dermatologie-esthetique-barcelona\/taches\/#breadcrumb\",\"itemListElement\":[{\"@type\":\"ListItem\",\"position\":1,\"name\":\"Portada\",\"item\":\"https:\/\/www.lopezgil.com\/fr\/\"},{\"@type\":\"ListItem\",\"position\":2,\"name\":\"Dermatologie esth\u00e9tique\",\"item\":\"https:\/\/www.lopezgil.com\/fr\/dermatologie-esthetique-barcelona\/\"},{\"@type\":\"ListItem\",\"position\":3,\"name\":\"Taches\"}]},{\"@type\":\"WebSite\",\"@id\":\"https:\/\/www.lopezgil.com\/ca\/#website\",\"url\":\"https:\/\/www.lopezgil.com\/ca\/\",\"name\":\"Dr. Lopez Gil\",\"description\":\"Dermat\u00f3logo Barcelona\",\"potentialAction\":[{\"@type\":\"SearchAction\",\"target\":{\"@type\":\"EntryPoint\",\"urlTemplate\":\"https:\/\/www.lopezgil.com\/ca\/?s={search_term_string}\"},\"query-input\":\"required name=search_term_string\"}],\"inLanguage\":\"fr-FR\"}]}<\/script>\n<!-- \/ Yoast SEO plugin. -->","yoast_head_json":{"title":"Taches | Dr. Lopez Gil | Clinique Teknon, Barcelone.","description":"Clinicien sp\u00e9cialiste du traitement pour \u00e9liminer les imperfections cutan\u00e9es, avec la technologie laser la plus avanc\u00e9e. Clinique Teknon, Barcelone.","robots":{"index":"index","follow":"follow","max-snippet":"max-snippet:-1","max-image-preview":"max-image-preview:large","max-video-preview":"max-video-preview:-1"},"canonical":"https:\/\/www.lopezgil.com\/fr\/dermatologie-esthetique-barcelona\/taches\/","og_locale":"fr_FR","og_type":"article","og_title":"Taches | Dr. Lopez Gil | Clinique Teknon, Barcelone.","og_description":"Clinicien sp\u00e9cialiste du traitement pour \u00e9liminer les imperfections cutan\u00e9es, avec la technologie laser la plus avanc\u00e9e. Clinique Teknon, Barcelone.","og_url":"https:\/\/www.lopezgil.com\/fr\/dermatologie-esthetique-barcelona\/taches\/","og_site_name":"Dr. Lopez Gil","article_modified_time":"2019-12-08T21:20:17+00:00","twitter_card":"summary_large_image","twitter_misc":{"Est. reading time":"3 minutes"},"schema":{"@context":"https:\/\/schema.org","@graph":[{"@type":"WebPage","@id":"https:\/\/www.lopezgil.com\/fr\/dermatologie-esthetique-barcelona\/taches\/","url":"https:\/\/www.lopezgil.com\/fr\/dermatologie-esthetique-barcelona\/taches\/","name":"Taches | Dr. Lopez Gil | Clinique Teknon, Barcelone.","isPartOf":{"@id":"https:\/\/www.lopezgil.com\/ca\/#website"},"datePublished":"2016-06-16T09:54:31+00:00","dateModified":"2019-12-08T21:20:17+00:00","description":"Clinicien sp\u00e9cialiste du traitement pour \u00e9liminer les imperfections cutan\u00e9es, avec la technologie laser la plus avanc\u00e9e. Clinique Teknon, Barcelone.","breadcrumb":{"@id":"https:\/\/www.lopezgil.com\/fr\/dermatologie-esthetique-barcelona\/taches\/#breadcrumb"},"inLanguage":"fr-FR","potentialAction":[{"@type":"ReadAction","target":["https:\/\/www.lopezgil.com\/fr\/dermatologie-esthetique-barcelona\/taches\/"]}]},{"@type":"BreadcrumbList","@id":"https:\/\/www.lopezgil.com\/fr\/dermatologie-esthetique-barcelona\/taches\/#breadcrumb","itemListElement":[{"@type":"ListItem","position":1,"name":"Portada","item":"https:\/\/www.lopezgil.com\/fr\/"},{"@type":"ListItem","position":2,"name":"Dermatologie esth\u00e9tique","item":"https:\/\/www.lopezgil.com\/fr\/dermatologie-esthetique-barcelona\/"},{"@type":"ListItem","position":3,"name":"Taches"}]},{"@type":"WebSite","@id":"https:\/\/www.lopezgil.com\/ca\/#website","url":"https:\/\/www.lopezgil.com\/ca\/","name":"Dr. Lopez Gil","description":"Dermat\u00f3logo Barcelona","potentialAction":[{"@type":"SearchAction","target":{"@type":"EntryPoint","urlTemplate":"https:\/\/www.lopezgil.com\/ca\/?s={search_term_string}"},"query-input":"required name=search_term_string"}],"inLanguage":"fr-FR"}]}},"_links":{"self":[{"href":"https:\/\/www.lopezgil.com\/fr\/wp-json\/wp\/v2\/pages\/3317","targetHints":{"allow":["GET"]}}],"collection":[{"href":"https:\/\/www.lopezgil.com\/fr\/wp-json\/wp\/v2\/pages"}],"about":[{"href":"https:\/\/www.lopezgil.com\/fr\/wp-json\/wp\/v2\/types\/page"}],"author":[{"embeddable":true,"href":"https:\/\/www.lopezgil.com\/fr\/wp-json\/wp\/v2\/users\/5"}],"replies":[{"embeddable":true,"href":"https:\/\/www.lopezgil.com\/fr\/wp-json\/wp\/v2\/comments?post=3317"}],"version-history":[{"count":3,"href":"https:\/\/www.lopezgil.com\/fr\/wp-json\/wp\/v2\/pages\/3317\/revisions"}],"predecessor-version":[{"id":3323,"href":"https:\/\/www.lopezgil.com\/fr\/wp-json\/wp\/v2\/pages\/3317\/revisions\/3323"}],"up":[{"embeddable":true,"href":"https:\/\/www.lopezgil.com\/fr\/wp-json\/wp\/v2\/pages\/3258"}],"wp:attachment":[{"href":"https:\/\/www.lopezgil.com\/fr\/wp-json\/wp\/v2\/media?parent=3317"}],"curies":[{"name":"wp","href":"https:\/\/api.w.org\/{rel}","templated":true}]}}