{"id":3314,"date":"2016-06-16T09:56:23","date_gmt":"2016-06-16T09:56:23","guid":{"rendered":"https:\/\/www.lopezgil.com\/dermatologie-esthetique-barcelona\/vascular-lesions\/"},"modified":"2019-12-08T20:34:24","modified_gmt":"2019-12-08T20:34:24","slug":"lesions-vasculaires","status":"publish","type":"page","link":"https:\/\/www.lopezgil.com\/fr\/dermatologie-esthetique-barcelona\/lesions-vasculaires\/","title":{"rendered":"Lesions vasculaires"},"content":{"rendered":"<div id=\"fb-root\"><\/div>\n<p style=\"text-align: justify;\">[vc_row][vc_column][vc_row_inner][vc_column_inner]<script type=\"text\/javascript\">jQuery(function() { _initLayerSlider( '#layerslider_65_1rtnvdpevdxys', {sliderVersion: '', responsiveUnder: 0, layersContainer: 0, hideUnder: 0, hideOver: 100000, pauseOnHover: 1, skin: 'v5', sliderFadeInDuration: 350, useSrcset: true, skinsPath: 'https:\/\/www.lopezgil.com\/wp-content\/plugins\/LayerSlider\/assets\/static\/layerslider\/skins\/', type: 'responsive', showCircleTimer: false, performanceMode: true}); });<\/script><div id=\"layerslider_65_1rtnvdpevdxys\" class=\"ls-wp-container fitvidsignore\" style=\"width:600px;height:200px;margin:0 auto;margin-bottom: 0px;\"><div class=\"ls-slide\" data-ls=\"duration:4000;\"><img loading=\"lazy\" decoding=\"async\" width=\"600\" height=\"200\" src=\"https:\/\/www.lopezgil.com\/wp-content\/uploads\/drlopezgil_dermatologia_barcelona_600x200_aran\u0303as_vasculares_lesiones_piernas.jpg\" class=\"ls-bg\" alt=\"tratamiento-eliminar-varices-varius-ara\u00f1as-vasculares-dermatologo-cirujano-barcelona-doctor-lopez-gil\" srcset=\"https:\/\/www.lopezgil.com\/wp-content\/uploads\/drlopezgil_dermatologia_barcelona_600x200_aran\u0303as_vasculares_lesiones_piernas.jpg 600w, https:\/\/www.lopezgil.com\/wp-content\/uploads\/drlopezgil_dermatologia_barcelona_600x200_aran\u0303as_vasculares_lesiones_piernas-300x100.jpg 300w\" sizes=\"auto, (max-width: 600px) 100vw, 600px\" \/><\/div><\/div>[\/vc_column_inner][\/vc_row_inner][\/vc_column][\/vc_row][vc_row][vc_column width=&#8221;3\/4&#8243; css=&#8221;.vc_custom_1473066092346{margin-top: 0px !important;}&#8221;][vc_column_text css=&#8221;.vc_custom_1473066053815{margin-top: 0px !important;}&#8221;]\n<h2 style=\"text-align: justify;\"><span style=\"color: #75c9d3;\"><strong>Qu&#8217;est que c&#8217;est?<\/strong><\/span><\/h2>\n<p style=\"text-align: justify;\">Une l\u00e9sion vasculaire est une manifestation cutan\u00e9e qui a son origine dans un vaisseau sanguin, que ce soit normal, aberrant ou pathologique. Les l\u00e9sions vasculaires (taches) se produisent dans toutes les formes et tailles et ont une grande vari\u00e9t\u00e9 de causes. Il existe plusieurs types:<\/p>\n<ul style=\"text-align: justify;\">\n<li>Varices, varicosit\u00e9s et t\u00e9langiectasies<\/li>\n<li>Rosac\u00e9e et couperose<\/li>\n<li>Dommages chroniques dus au soleil<\/li>\n<li>Taches de vin de Porto<\/li>\n<li>Points rubis<\/li>\n<li>H\u00e9mangiomes et angiomes<\/li>\n<\/ul>\n<h2 style=\"text-align: justify;\"><span style=\"color: #75c9d3;\"><strong>Causes<\/strong><\/span><\/h2>\n<p style=\"text-align: justify;\">Certaines l\u00e9sions sont pr\u00e9sentes \u00e0 la naissance, tandis que d&#8217;autres se d\u00e9veloppent avec l&#8217;\u00e2ge comme une manifestation de:<\/p>\n<ul style=\"text-align: justify;\">\n<li>Vieillissement de la peau<\/li>\n<li>Changements hormonaux<\/li>\n<li>R\u00e9sultat de dommages dus au soleil cumulatif<\/li>\n<li>Troubles de la circulation<\/li>\n<li>Maladies de la peau<\/li>\n<\/ul>\n<h2 style=\"text-align: justify;\"><span style=\"color: #75c9d3;\"><strong>Traitement<\/strong><\/span><\/h2>\n<p style=\"text-align: justify;\"><u>En quoi consiste?<\/u><\/p>\n<p style=\"text-align: justify;\">Il n&#8217;y a pas aucune pr\u00e9paration topique pour \u00e9liminer ce type de l\u00e9sions, nous devons donc recourir \u00e0 l&#8217;utilisation du laser ou de la lumi\u00e8re puls\u00e9e pour am\u00e9liorer leur apparence ou pour les \u00e9liminer. Certains lasers et la lumi\u00e8re puls\u00e9e intense filtr\u00e9e impactent s\u00e9lectivement sur le taux d&#8217;h\u00e9moglobine contenue dans le sang des vaisseaux sanguins provoquant l&#8217;effondrement dans leurs parois, les obligeant \u00e0 se fermer, en arrivant \u00e0 faire dispara\u00eetre partiellement ou compl\u00e8tement les petits vaisseaux sanguins.<\/p>\n<p style=\"text-align: justify;\">En fonction du type de l\u00e9sion, il applique l&#8217;un ou l&#8217;autre laser:<\/p>\n<ul style=\"text-align: justify;\">\n<li><u>Lumi\u00e8re puis\u00e9e<\/u>: indiqu\u00e9 pour traiter la couperose.<\/li>\n<li><u>Laser de neodymium YAG<\/u>: \u00e9limine en toute s\u00e9curit\u00e9 et de fa\u00e7on permanente des varices et des l\u00e9sions vasculaires ponctuelles, points rubis, t\u00e9langiectasies y varicosit\u00e9s.<\/li>\n<\/ul>\n<p style=\"text-align: justify;\"><u>C&#8217;est douloureux?<\/u><\/p>\n<p style=\"text-align: justify;\">Le traitement des l\u00e9sions vasculaires n&#8217;a pas \u00e9t\u00e9 caract\u00e9ris\u00e9 en tant que traitement douloureux. Apr\u00e8s la s\u00e9ance, la peau reste rougie sur une p\u00e9riode de deux \u00e0 quatre heures et le patient peut effectuer une vie normale sans plus de pr\u00e9caution que l&#8217;utilisation de cr\u00e8me solaire SFP S50 et des bas de compression pour le cas des varicosit\u00e9s.<\/p>\n<p style=\"text-align: justify;\"><u>Combien de s\u00e9ances sont n\u00e9cessaires?<\/u><\/p>\n<p style=\"text-align: justify;\">La dur\u00e9e des s\u00e9ances d\u00e9pend de la l\u00e9sion. Il faut entre une session pour les points de rubis ou les varicosit\u00e9s des l\u00e8vres jusqu&#8217;\u00e0 un minimum de trois s\u00e9ances s\u00e9par\u00e9es toutes les 4-6 semaines pour l&#8217;\u00e9limination de la couperose ou les varices des jambes.<\/p>\n<h2 style=\"text-align: justify;\"><span style=\"color: #75c9d3;\"><strong>Conseils avant le traitement<\/strong><\/span><\/h2>\n<ul style=\"text-align: justify;\">\n<li>\u00c9viter l&#8217;exposition prolong\u00e9e au soleil pendant les 7 jours avant le traitement.<\/li>\n<li>Ne pas \u00eatre bronz\u00e9\/e<\/li>\n<li>N&#8217;avoir pas de blessures ou cicatrices r\u00e9centes.<\/li>\n<li>Ne prendre pas des anti-inflammatoires 7 jours plus t\u00f4t.<\/li>\n<li>N\u2019avoir pas l\u2019herp\u00e8s.<\/li>\n<\/ul>\n<h2 style=\"text-align: justify;\"><span style=\"color: #75c9d3;\"><strong>Conseils post-traitement <\/strong><\/span><\/h2>\n<ul>\n<li style=\"text-align: justify;\">\u00c9viter l&#8217;exposition prolong\u00e9e au soleil pendant 7 jours.<\/li>\n<li style=\"text-align: justify;\">Utiliser un \u00e9cran solaire.<\/li>\n<li style=\"text-align: justify;\">Ne pas effectuer des s\u00e9ances de rayons UVA.<\/li>\n<li style=\"text-align: justify;\">\u00c9viter les traitements qui \u00e9rodent la peau ou qui l\u2019\u00e9caillent.<\/li>\n<li style=\"text-align: justify;\">Ne pas r\u00e9aliser aucune activit\u00e9 physique imm\u00e9diatement.<\/li>\n<\/ul>\n","protected":false},"excerpt":{"rendered":"<p>[vc_row][vc_column][vc_row_inner][vc_column_inner][\/vc_column_inner][\/vc_row_inner][\/vc_column][\/vc_row][vc_row][vc_column width=&#8221;3\/4&#8243; css=&#8221;.vc_custom_1473066092346{margin-top: 0px !important;}&#8221;][vc_column_text css=&#8221;.vc_custom_1473066053815{margin-top: 0px !important;}&#8221;] Qu&#8217;est que c&#8217;est? Une l\u00e9sion vasculaire est une manifestation cutan\u00e9e qui a son origine dans un vaisseau sanguin, que ce soit normal, aberrant ou pathologique. Les l\u00e9sions vasculaires (taches) se produisent dans toutes les formes et tailles et ont une grande vari\u00e9t\u00e9 de causes. Il existe plusieurs [&hellip;]<\/p>\n","protected":false},"author":5,"featured_media":0,"parent":3258,"menu_order":0,"comment_status":"closed","ping_status":"closed","template":"soulmedic\/tpl-feature.php","meta":{"footnotes":""},"class_list":["post-3314","page","type-page","status-publish","hentry"],"yoast_head":"<!-- This site is optimized with the Yoast SEO plugin v19.12 - https:\/\/yoast.com\/wordpress\/plugins\/seo\/ -->\n<title>Lesions vasculaires | Dr. Lopez Gil | Clinique Teknon, Barcelone<\/title>\n<meta name=\"description\" content=\"Sp\u00e9cialiste clinique dans le traitement pour \u00e9liminer les veines l\u00e9sions sans chirurgie, avec la technologie laser la plus avanc\u00e9e.\" \/>\n<meta name=\"robots\" content=\"index, follow, max-snippet:-1, max-image-preview:large, max-video-preview:-1\" \/>\n<link rel=\"canonical\" href=\"https:\/\/www.lopezgil.com\/fr\/dermatologie-esthetique-barcelona\/lesions-vasculaires\/\" \/>\n<meta property=\"og:locale\" content=\"fr_FR\" \/>\n<meta property=\"og:type\" content=\"article\" \/>\n<meta property=\"og:title\" content=\"Lesions vasculaires | Dr. Lopez Gil | Clinique Teknon, Barcelone\" \/>\n<meta property=\"og:description\" content=\"Sp\u00e9cialiste clinique dans le traitement pour \u00e9liminer les veines l\u00e9sions sans chirurgie, avec la technologie laser la plus avanc\u00e9e.\" \/>\n<meta property=\"og:url\" content=\"https:\/\/www.lopezgil.com\/fr\/dermatologie-esthetique-barcelona\/lesions-vasculaires\/\" \/>\n<meta property=\"og:site_name\" content=\"Dr. Lopez Gil\" \/>\n<meta property=\"article:modified_time\" content=\"2019-12-08T20:34:24+00:00\" \/>\n<meta name=\"twitter:card\" content=\"summary_large_image\" \/>\n<meta name=\"twitter:label1\" content=\"Est. reading time\" \/>\n\t<meta name=\"twitter:data1\" content=\"3 minutes\" \/>\n<script type=\"application\/ld+json\" class=\"yoast-schema-graph\">{\"@context\":\"https:\/\/schema.org\",\"@graph\":[{\"@type\":\"WebPage\",\"@id\":\"https:\/\/www.lopezgil.com\/fr\/dermatologie-esthetique-barcelona\/lesions-vasculaires\/\",\"url\":\"https:\/\/www.lopezgil.com\/fr\/dermatologie-esthetique-barcelona\/lesions-vasculaires\/\",\"name\":\"Lesions vasculaires | Dr. Lopez Gil | Clinique Teknon, Barcelone\",\"isPartOf\":{\"@id\":\"https:\/\/www.lopezgil.com\/ca\/#website\"},\"datePublished\":\"2016-06-16T09:56:23+00:00\",\"dateModified\":\"2019-12-08T20:34:24+00:00\",\"description\":\"Sp\u00e9cialiste clinique dans le traitement pour \u00e9liminer les veines l\u00e9sions sans chirurgie, avec la technologie laser la plus avanc\u00e9e.\",\"breadcrumb\":{\"@id\":\"https:\/\/www.lopezgil.com\/fr\/dermatologie-esthetique-barcelona\/lesions-vasculaires\/#breadcrumb\"},\"inLanguage\":\"fr-FR\",\"potentialAction\":[{\"@type\":\"ReadAction\",\"target\":[\"https:\/\/www.lopezgil.com\/fr\/dermatologie-esthetique-barcelona\/lesions-vasculaires\/\"]}]},{\"@type\":\"BreadcrumbList\",\"@id\":\"https:\/\/www.lopezgil.com\/fr\/dermatologie-esthetique-barcelona\/lesions-vasculaires\/#breadcrumb\",\"itemListElement\":[{\"@type\":\"ListItem\",\"position\":1,\"name\":\"Portada\",\"item\":\"https:\/\/www.lopezgil.com\/fr\/\"},{\"@type\":\"ListItem\",\"position\":2,\"name\":\"Dermatologie esth\u00e9tique\",\"item\":\"https:\/\/www.lopezgil.com\/fr\/dermatologie-esthetique-barcelona\/\"},{\"@type\":\"ListItem\",\"position\":3,\"name\":\"Lesions vasculaires\"}]},{\"@type\":\"WebSite\",\"@id\":\"https:\/\/www.lopezgil.com\/ca\/#website\",\"url\":\"https:\/\/www.lopezgil.com\/ca\/\",\"name\":\"Dr. Lopez Gil\",\"description\":\"Dermat\u00f3logo Barcelona\",\"potentialAction\":[{\"@type\":\"SearchAction\",\"target\":{\"@type\":\"EntryPoint\",\"urlTemplate\":\"https:\/\/www.lopezgil.com\/ca\/?s={search_term_string}\"},\"query-input\":\"required name=search_term_string\"}],\"inLanguage\":\"fr-FR\"}]}<\/script>\n<!-- \/ Yoast SEO plugin. -->","yoast_head_json":{"title":"Lesions vasculaires | Dr. Lopez Gil | Clinique Teknon, Barcelone","description":"Sp\u00e9cialiste clinique dans le traitement pour \u00e9liminer les veines l\u00e9sions sans chirurgie, avec la technologie laser la plus avanc\u00e9e.","robots":{"index":"index","follow":"follow","max-snippet":"max-snippet:-1","max-image-preview":"max-image-preview:large","max-video-preview":"max-video-preview:-1"},"canonical":"https:\/\/www.lopezgil.com\/fr\/dermatologie-esthetique-barcelona\/lesions-vasculaires\/","og_locale":"fr_FR","og_type":"article","og_title":"Lesions vasculaires | Dr. Lopez Gil | Clinique Teknon, Barcelone","og_description":"Sp\u00e9cialiste clinique dans le traitement pour \u00e9liminer les veines l\u00e9sions sans chirurgie, avec la technologie laser la plus avanc\u00e9e.","og_url":"https:\/\/www.lopezgil.com\/fr\/dermatologie-esthetique-barcelona\/lesions-vasculaires\/","og_site_name":"Dr. Lopez Gil","article_modified_time":"2019-12-08T20:34:24+00:00","twitter_card":"summary_large_image","twitter_misc":{"Est. reading time":"3 minutes"},"schema":{"@context":"https:\/\/schema.org","@graph":[{"@type":"WebPage","@id":"https:\/\/www.lopezgil.com\/fr\/dermatologie-esthetique-barcelona\/lesions-vasculaires\/","url":"https:\/\/www.lopezgil.com\/fr\/dermatologie-esthetique-barcelona\/lesions-vasculaires\/","name":"Lesions vasculaires | Dr. Lopez Gil | Clinique Teknon, Barcelone","isPartOf":{"@id":"https:\/\/www.lopezgil.com\/ca\/#website"},"datePublished":"2016-06-16T09:56:23+00:00","dateModified":"2019-12-08T20:34:24+00:00","description":"Sp\u00e9cialiste clinique dans le traitement pour \u00e9liminer les veines l\u00e9sions sans chirurgie, avec la technologie laser la plus avanc\u00e9e.","breadcrumb":{"@id":"https:\/\/www.lopezgil.com\/fr\/dermatologie-esthetique-barcelona\/lesions-vasculaires\/#breadcrumb"},"inLanguage":"fr-FR","potentialAction":[{"@type":"ReadAction","target":["https:\/\/www.lopezgil.com\/fr\/dermatologie-esthetique-barcelona\/lesions-vasculaires\/"]}]},{"@type":"BreadcrumbList","@id":"https:\/\/www.lopezgil.com\/fr\/dermatologie-esthetique-barcelona\/lesions-vasculaires\/#breadcrumb","itemListElement":[{"@type":"ListItem","position":1,"name":"Portada","item":"https:\/\/www.lopezgil.com\/fr\/"},{"@type":"ListItem","position":2,"name":"Dermatologie esth\u00e9tique","item":"https:\/\/www.lopezgil.com\/fr\/dermatologie-esthetique-barcelona\/"},{"@type":"ListItem","position":3,"name":"Lesions vasculaires"}]},{"@type":"WebSite","@id":"https:\/\/www.lopezgil.com\/ca\/#website","url":"https:\/\/www.lopezgil.com\/ca\/","name":"Dr. Lopez Gil","description":"Dermat\u00f3logo Barcelona","potentialAction":[{"@type":"SearchAction","target":{"@type":"EntryPoint","urlTemplate":"https:\/\/www.lopezgil.com\/ca\/?s={search_term_string}"},"query-input":"required name=search_term_string"}],"inLanguage":"fr-FR"}]}},"_links":{"self":[{"href":"https:\/\/www.lopezgil.com\/fr\/wp-json\/wp\/v2\/pages\/3314","targetHints":{"allow":["GET"]}}],"collection":[{"href":"https:\/\/www.lopezgil.com\/fr\/wp-json\/wp\/v2\/pages"}],"about":[{"href":"https:\/\/www.lopezgil.com\/fr\/wp-json\/wp\/v2\/types\/page"}],"author":[{"embeddable":true,"href":"https:\/\/www.lopezgil.com\/fr\/wp-json\/wp\/v2\/users\/5"}],"replies":[{"embeddable":true,"href":"https:\/\/www.lopezgil.com\/fr\/wp-json\/wp\/v2\/comments?post=3314"}],"version-history":[{"count":2,"href":"https:\/\/www.lopezgil.com\/fr\/wp-json\/wp\/v2\/pages\/3314\/revisions"}],"predecessor-version":[{"id":3316,"href":"https:\/\/www.lopezgil.com\/fr\/wp-json\/wp\/v2\/pages\/3314\/revisions\/3316"}],"up":[{"embeddable":true,"href":"https:\/\/www.lopezgil.com\/fr\/wp-json\/wp\/v2\/pages\/3258"}],"wp:attachment":[{"href":"https:\/\/www.lopezgil.com\/fr\/wp-json\/wp\/v2\/media?parent=3314"}],"curies":[{"name":"wp","href":"https:\/\/api.w.org\/{rel}","templated":true}]}}