{"id":3308,"date":"2016-06-16T09:55:13","date_gmt":"2016-06-16T09:55:13","guid":{"rendered":"https:\/\/www.lopezgil.com\/dermatologie-esthetique-barcelona\/scars-and-keloids\/"},"modified":"2018-02-12T20:11:59","modified_gmt":"2018-02-12T20:11:59","slug":"cicatrices-et-cheloides","status":"publish","type":"page","link":"https:\/\/www.lopezgil.com\/fr\/dermatologie-esthetique-barcelona\/cicatrices-et-cheloides\/","title":{"rendered":"Cicatrices et chelo\u00efdes"},"content":{"rendered":"<div id=\"fb-root\"><\/div>\n<p style=\"text-align: justify;\">[vc_row][vc_column][vc_row_inner][vc_column_inner]<script type=\"text\/javascript\">jQuery(function() { _initLayerSlider( '#layerslider_68_151p6fuw3r7dv', {sliderVersion: '', responsiveUnder: 0, layersContainer: 0, hideUnder: 0, hideOver: 100000, pauseOnHover: 1, skin: 'v5', sliderFadeInDuration: 350, useSrcset: true, skinsPath: 'https:\/\/www.lopezgil.com\/wp-content\/plugins\/LayerSlider\/assets\/static\/layerslider\/skins\/', type: 'responsive', showCircleTimer: false, performanceMode: true}); });<\/script><div id=\"layerslider_68_151p6fuw3r7dv\" class=\"ls-wp-container fitvidsignore\" style=\"width:600px;height:200px;margin:0 auto;margin-bottom: 0px;\"><div class=\"ls-slide\" data-ls=\"duration:4000;\"><img loading=\"lazy\" decoding=\"async\" width=\"600\" height=\"200\" src=\"https:\/\/www.lopezgil.com\/wp-content\/uploads\/drlopezgil_dermatologia_barcelona_600x200_queloide_cicatriz_barriga.jpg\" class=\"ls-bg\" alt=\"tratamiento-eliminar-cicatrices-queloides-dermatologo-cirujano-barcelona-doctor-lopez-gil\" srcset=\"https:\/\/www.lopezgil.com\/wp-content\/uploads\/drlopezgil_dermatologia_barcelona_600x200_queloide_cicatriz_barriga.jpg 600w, https:\/\/www.lopezgil.com\/wp-content\/uploads\/drlopezgil_dermatologia_barcelona_600x200_queloide_cicatriz_barriga-300x100.jpg 300w\" sizes=\"auto, (max-width: 600px) 100vw, 600px\" \/><\/div><\/div>[\/vc_column_inner][\/vc_row_inner][\/vc_column][\/vc_row][vc_row][vc_column width=&#8221;3\/4&#8243; css=&#8221;.vc_custom_1473066092346{margin-top: 0px !important;}&#8221;][vc_column_text css=&#8221;.vc_custom_1473066053815{margin-top: 0px !important;}&#8221;]\n<h2 style=\"text-align: justify;\"><span style=\"color: #75c9d3;\"><strong>Qu&#8217;est que c&#8217;est?<\/strong><\/span><\/h2>\n<p style=\"text-align: justify;\">Les <strong>cicatrices <\/strong>sont le r\u00e9sultat de la r\u00e9paration du tissu apr\u00e8s un traumatisme de la peau, comme une blessure, une op\u00e9ration chirurgical, une maladie ou de l&#8217;\u00e9tat de la peau, comme l&#8217;acn\u00e9. Les cicatrices disparaissent habituellement au fil du temps, mais ne disparaissent jamais compl\u00e8tement.<\/p>\n<p style=\"text-align: justify;\">Les <strong>cicatrices hypertrophiques et les ch\u00e9lo\u00efdes<\/strong> sont la r\u00e9ponse du corps \u00e0 une agression ext\u00e9rieure, comme une chirurgie, une br\u00fblure ou un processus inflammatoire d&#8217;acn\u00e9. Les fibres de collag\u00e8ne du derme sont dispos\u00e9es au hasard, en produisant un tissu de qualit\u00e9 m\u00e9diocre qui se caract\u00e9rise pour avoir volume et habituellement \u00eatre ennuyeux.<\/p>\n<p style=\"text-align: justify;\">La <strong>cicatrice hypertrophique<\/strong> a un volume excessif par rapport avec lequel est n\u00e9cessaire pour r\u00e9parer les tissus, mais pas au-del\u00e0 des limites de la plaie. Contrairement aux <strong>ch\u00e9lo\u00efdes<\/strong>, elle d\u00e9passe les limites de cette et provoque souvent de l&#8217;inconfort (douleur, d\u00e9mangeaisons).<\/p>\n<h2 style=\"text-align: justify;\"><span style=\"color: #75c9d3;\"><strong>Treatment<\/strong><\/span><\/h2>\n<p style=\"text-align: justify;\"><u>En quoi consiste?<\/u><\/p>\n<p style=\"text-align: justify;\">Il existe peu de traitements qui d\u00e9montrent s\u00e9curit\u00e9 et efficacit\u00e9 dans le processus d&#8217;am\u00e9lioration des cicatrices; parmi eux, les pansements de silicone, l&#8217;application de l&#8217;azote liquide ou la cryoth\u00e9rapie, des injections locales de corticost\u00e9ro\u00efdes et la th\u00e9rapie au laser.<\/p>\n<p style=\"text-align: justify;\">En ce qui concerne l&#8217;utilisation des lasers (ablatif fractionn\u00e9 et non ablatif fractionn\u00e9), l&#8217;application de chaleur de mani\u00e8re contr\u00f4l\u00e9e permet d&#8217;atteindre des couches plus profondes de la peau, ce qui provoque que le collag\u00e8ne dermique soit ordonn\u00e9 et son apparence am\u00e9liore. Son principal avantage par rapport aux autres traitements est qu&#8217;ils n\u2019\u00e9rodent pas la peau ou ont besoin d&#8217;un processus de r\u00e9cup\u00e9ration.<\/p>\n<p style=\"text-align: justify;\">Avec le laser fractionnaire ablatif on est peut r\u00e9duire l&#8217;\u00e9paisseur et la duret\u00e9 de la cicatrice et avec le laser non ablatif la rougeur de la m\u00eame.<\/p>\n<p style=\"text-align: justify;\">L&#8217;efficacit\u00e9 et l&#8217;efficience du laser ablatif est sup\u00e9rieure \u00e0 celle du non ablatif, mais provoque de petites gales.<\/p>\n<p style=\"text-align: justify;\"><u>C&#8217;est douloureux?<\/u><\/p>\n<p style=\"text-align: justify;\">Avant \u00e0 l&#8217;utilisation du laser on applique de l&#8217;anesth\u00e9sie locale topique pour \u00e9viter de causer inconfort pendant le traitement.<\/p>\n<p style=\"text-align: justify;\"><u>Combien de s\u00e9ances sont n\u00e9cessaires?<\/u><\/p>\n<p style=\"text-align: justify;\">En g\u00e9n\u00e9ral, de six \u00e0 huit sessions seront n\u00e9cessaires qui devront \u00eatre effectues avec une p\u00e9riode de temps entre chaque session un mois.<\/p>\n<h2 style=\"text-align: justify;\"><span style=\"color: #75c9d3;\"><strong>Conseils precedents au traitement<\/strong><\/span><\/h2>\n<ul style=\"text-align: justify;\">\n<li>Bonne hygi\u00e8ne<\/li>\n<li>Le soleil devrait \u00eatre \u00e9vit\u00e9 avant et apr\u00e8s le traitement pour obtenir le r\u00e9sultat final.<\/li>\n<\/ul>\n<h2 style=\"text-align: justify;\"><span style=\"color: #75c9d3;\"><strong>Conseils post-traitement<\/strong><\/span><\/h2>\n<ul>\n<li style=\"text-align: justify;\">Utiliser un \u00e9cran solaire<\/li>\n<li style=\"text-align: justify;\">Utilisez une cr\u00e8me r\u00e9paratrice les premiers jours apr\u00e8s du laser.<\/li>\n<\/ul>\n","protected":false},"excerpt":{"rendered":"<p>[vc_row][vc_column][vc_row_inner][vc_column_inner][\/vc_column_inner][\/vc_row_inner][\/vc_column][\/vc_row][vc_row][vc_column width=&#8221;3\/4&#8243; css=&#8221;.vc_custom_1473066092346{margin-top: 0px !important;}&#8221;][vc_column_text css=&#8221;.vc_custom_1473066053815{margin-top: 0px !important;}&#8221;] Qu&#8217;est que c&#8217;est? Les cicatrices sont le r\u00e9sultat de la r\u00e9paration du tissu apr\u00e8s un traumatisme de la peau, comme une blessure, une op\u00e9ration chirurgical, une maladie ou de l&#8217;\u00e9tat de la peau, comme l&#8217;acn\u00e9. Les cicatrices disparaissent habituellement au fil du temps, mais ne disparaissent jamais [&hellip;]<\/p>\n","protected":false},"author":5,"featured_media":0,"parent":3258,"menu_order":0,"comment_status":"closed","ping_status":"closed","template":"tpl-feature.php","meta":{"footnotes":""},"class_list":["post-3308","page","type-page","status-publish","hentry"],"yoast_head":"<!-- This site is optimized with the Yoast SEO plugin v19.12 - https:\/\/yoast.com\/wordpress\/plugins\/seo\/ -->\n<title>Cicatrices et ch\u00e9lo\u00efdes | Dr. L\u00f3pez Gil | Dermatologue Barcelone<\/title>\n<meta name=\"description\" content=\"Des probl\u00e8mes de cicatrices et de ch\u00e9lo\u00efdes dus \u00e0 la chirurgie, aux br\u00fblures ou \u00e0 l&#039;acn\u00e9? Notre \u00e9quipe de dermatologues experts appliquera le meilleur traitement pour vous. Plus de 10 ans de traitement des patients avec des cicatrices et ch\u00e9lo\u00efdes soutient notre exp\u00e9rience! Demandez votre rendez-vous \u00e0 notre clinique \u00e0 Barcelone.\" \/>\n<meta name=\"robots\" content=\"index, follow, max-snippet:-1, max-image-preview:large, max-video-preview:-1\" \/>\n<link rel=\"canonical\" href=\"https:\/\/www.lopezgil.com\/fr\/dermatologie-esthetique-barcelona\/cicatrices-et-cheloides\/\" \/>\n<meta property=\"og:locale\" content=\"fr_FR\" \/>\n<meta property=\"og:type\" content=\"article\" \/>\n<meta property=\"og:title\" content=\"Cicatrices et ch\u00e9lo\u00efdes | Dr. L\u00f3pez Gil | Dermatologue Barcelone\" \/>\n<meta property=\"og:description\" content=\"Des probl\u00e8mes de cicatrices et de ch\u00e9lo\u00efdes dus \u00e0 la chirurgie, aux br\u00fblures ou \u00e0 l&#039;acn\u00e9? Notre \u00e9quipe de dermatologues experts appliquera le meilleur traitement pour vous. Plus de 10 ans de traitement des patients avec des cicatrices et ch\u00e9lo\u00efdes soutient notre exp\u00e9rience! Demandez votre rendez-vous \u00e0 notre clinique \u00e0 Barcelone.\" \/>\n<meta property=\"og:url\" content=\"https:\/\/www.lopezgil.com\/fr\/dermatologie-esthetique-barcelona\/cicatrices-et-cheloides\/\" \/>\n<meta property=\"og:site_name\" content=\"Dr. Lopez Gil\" \/>\n<meta property=\"article:modified_time\" content=\"2018-02-12T20:11:59+00:00\" \/>\n<meta name=\"twitter:card\" content=\"summary_large_image\" \/>\n<meta name=\"twitter:label1\" content=\"Est. reading time\" \/>\n\t<meta name=\"twitter:data1\" content=\"2 minutes\" \/>\n<script type=\"application\/ld+json\" class=\"yoast-schema-graph\">{\"@context\":\"https:\/\/schema.org\",\"@graph\":[{\"@type\":\"WebPage\",\"@id\":\"https:\/\/www.lopezgil.com\/fr\/dermatologie-esthetique-barcelona\/cicatrices-et-cheloides\/\",\"url\":\"https:\/\/www.lopezgil.com\/fr\/dermatologie-esthetique-barcelona\/cicatrices-et-cheloides\/\",\"name\":\"Cicatrices et ch\u00e9lo\u00efdes | Dr. L\u00f3pez Gil | Dermatologue Barcelone\",\"isPartOf\":{\"@id\":\"https:\/\/www.lopezgil.com\/ca\/#website\"},\"datePublished\":\"2016-06-16T09:55:13+00:00\",\"dateModified\":\"2018-02-12T20:11:59+00:00\",\"description\":\"Des probl\u00e8mes de cicatrices et de ch\u00e9lo\u00efdes dus \u00e0 la chirurgie, aux br\u00fblures ou \u00e0 l'acn\u00e9? Notre \u00e9quipe de dermatologues experts appliquera le meilleur traitement pour vous. Plus de 10 ans de traitement des patients avec des cicatrices et ch\u00e9lo\u00efdes soutient notre exp\u00e9rience! Demandez votre rendez-vous \u00e0 notre clinique \u00e0 Barcelone.\",\"breadcrumb\":{\"@id\":\"https:\/\/www.lopezgil.com\/fr\/dermatologie-esthetique-barcelona\/cicatrices-et-cheloides\/#breadcrumb\"},\"inLanguage\":\"fr-FR\",\"potentialAction\":[{\"@type\":\"ReadAction\",\"target\":[\"https:\/\/www.lopezgil.com\/fr\/dermatologie-esthetique-barcelona\/cicatrices-et-cheloides\/\"]}]},{\"@type\":\"BreadcrumbList\",\"@id\":\"https:\/\/www.lopezgil.com\/fr\/dermatologie-esthetique-barcelona\/cicatrices-et-cheloides\/#breadcrumb\",\"itemListElement\":[{\"@type\":\"ListItem\",\"position\":1,\"name\":\"Portada\",\"item\":\"https:\/\/www.lopezgil.com\/fr\/\"},{\"@type\":\"ListItem\",\"position\":2,\"name\":\"Dermatologie esth\u00e9tique\",\"item\":\"https:\/\/www.lopezgil.com\/fr\/dermatologie-esthetique-barcelona\/\"},{\"@type\":\"ListItem\",\"position\":3,\"name\":\"Cicatrices et chelo\u00efdes\"}]},{\"@type\":\"WebSite\",\"@id\":\"https:\/\/www.lopezgil.com\/ca\/#website\",\"url\":\"https:\/\/www.lopezgil.com\/ca\/\",\"name\":\"Dr. Lopez Gil\",\"description\":\"Dermat\u00f3logo Barcelona\",\"potentialAction\":[{\"@type\":\"SearchAction\",\"target\":{\"@type\":\"EntryPoint\",\"urlTemplate\":\"https:\/\/www.lopezgil.com\/ca\/?s={search_term_string}\"},\"query-input\":\"required name=search_term_string\"}],\"inLanguage\":\"fr-FR\"}]}<\/script>\n<!-- \/ Yoast SEO plugin. -->","yoast_head_json":{"title":"Cicatrices et ch\u00e9lo\u00efdes | Dr. L\u00f3pez Gil | Dermatologue Barcelone","description":"Des probl\u00e8mes de cicatrices et de ch\u00e9lo\u00efdes dus \u00e0 la chirurgie, aux br\u00fblures ou \u00e0 l'acn\u00e9? Notre \u00e9quipe de dermatologues experts appliquera le meilleur traitement pour vous. Plus de 10 ans de traitement des patients avec des cicatrices et ch\u00e9lo\u00efdes soutient notre exp\u00e9rience! Demandez votre rendez-vous \u00e0 notre clinique \u00e0 Barcelone.","robots":{"index":"index","follow":"follow","max-snippet":"max-snippet:-1","max-image-preview":"max-image-preview:large","max-video-preview":"max-video-preview:-1"},"canonical":"https:\/\/www.lopezgil.com\/fr\/dermatologie-esthetique-barcelona\/cicatrices-et-cheloides\/","og_locale":"fr_FR","og_type":"article","og_title":"Cicatrices et ch\u00e9lo\u00efdes | Dr. L\u00f3pez Gil | Dermatologue Barcelone","og_description":"Des probl\u00e8mes de cicatrices et de ch\u00e9lo\u00efdes dus \u00e0 la chirurgie, aux br\u00fblures ou \u00e0 l'acn\u00e9? Notre \u00e9quipe de dermatologues experts appliquera le meilleur traitement pour vous. Plus de 10 ans de traitement des patients avec des cicatrices et ch\u00e9lo\u00efdes soutient notre exp\u00e9rience! Demandez votre rendez-vous \u00e0 notre clinique \u00e0 Barcelone.","og_url":"https:\/\/www.lopezgil.com\/fr\/dermatologie-esthetique-barcelona\/cicatrices-et-cheloides\/","og_site_name":"Dr. Lopez Gil","article_modified_time":"2018-02-12T20:11:59+00:00","twitter_card":"summary_large_image","twitter_misc":{"Est. reading time":"2 minutes"},"schema":{"@context":"https:\/\/schema.org","@graph":[{"@type":"WebPage","@id":"https:\/\/www.lopezgil.com\/fr\/dermatologie-esthetique-barcelona\/cicatrices-et-cheloides\/","url":"https:\/\/www.lopezgil.com\/fr\/dermatologie-esthetique-barcelona\/cicatrices-et-cheloides\/","name":"Cicatrices et ch\u00e9lo\u00efdes | Dr. L\u00f3pez Gil | Dermatologue Barcelone","isPartOf":{"@id":"https:\/\/www.lopezgil.com\/ca\/#website"},"datePublished":"2016-06-16T09:55:13+00:00","dateModified":"2018-02-12T20:11:59+00:00","description":"Des probl\u00e8mes de cicatrices et de ch\u00e9lo\u00efdes dus \u00e0 la chirurgie, aux br\u00fblures ou \u00e0 l'acn\u00e9? Notre \u00e9quipe de dermatologues experts appliquera le meilleur traitement pour vous. Plus de 10 ans de traitement des patients avec des cicatrices et ch\u00e9lo\u00efdes soutient notre exp\u00e9rience! Demandez votre rendez-vous \u00e0 notre clinique \u00e0 Barcelone.","breadcrumb":{"@id":"https:\/\/www.lopezgil.com\/fr\/dermatologie-esthetique-barcelona\/cicatrices-et-cheloides\/#breadcrumb"},"inLanguage":"fr-FR","potentialAction":[{"@type":"ReadAction","target":["https:\/\/www.lopezgil.com\/fr\/dermatologie-esthetique-barcelona\/cicatrices-et-cheloides\/"]}]},{"@type":"BreadcrumbList","@id":"https:\/\/www.lopezgil.com\/fr\/dermatologie-esthetique-barcelona\/cicatrices-et-cheloides\/#breadcrumb","itemListElement":[{"@type":"ListItem","position":1,"name":"Portada","item":"https:\/\/www.lopezgil.com\/fr\/"},{"@type":"ListItem","position":2,"name":"Dermatologie esth\u00e9tique","item":"https:\/\/www.lopezgil.com\/fr\/dermatologie-esthetique-barcelona\/"},{"@type":"ListItem","position":3,"name":"Cicatrices et chelo\u00efdes"}]},{"@type":"WebSite","@id":"https:\/\/www.lopezgil.com\/ca\/#website","url":"https:\/\/www.lopezgil.com\/ca\/","name":"Dr. Lopez Gil","description":"Dermat\u00f3logo Barcelona","potentialAction":[{"@type":"SearchAction","target":{"@type":"EntryPoint","urlTemplate":"https:\/\/www.lopezgil.com\/ca\/?s={search_term_string}"},"query-input":"required name=search_term_string"}],"inLanguage":"fr-FR"}]}},"_links":{"self":[{"href":"https:\/\/www.lopezgil.com\/fr\/wp-json\/wp\/v2\/pages\/3308","targetHints":{"allow":["GET"]}}],"collection":[{"href":"https:\/\/www.lopezgil.com\/fr\/wp-json\/wp\/v2\/pages"}],"about":[{"href":"https:\/\/www.lopezgil.com\/fr\/wp-json\/wp\/v2\/types\/page"}],"author":[{"embeddable":true,"href":"https:\/\/www.lopezgil.com\/fr\/wp-json\/wp\/v2\/users\/5"}],"replies":[{"embeddable":true,"href":"https:\/\/www.lopezgil.com\/fr\/wp-json\/wp\/v2\/comments?post=3308"}],"version-history":[{"count":2,"href":"https:\/\/www.lopezgil.com\/fr\/wp-json\/wp\/v2\/pages\/3308\/revisions"}],"predecessor-version":[{"id":3310,"href":"https:\/\/www.lopezgil.com\/fr\/wp-json\/wp\/v2\/pages\/3308\/revisions\/3310"}],"up":[{"embeddable":true,"href":"https:\/\/www.lopezgil.com\/fr\/wp-json\/wp\/v2\/pages\/3258"}],"wp:attachment":[{"href":"https:\/\/www.lopezgil.com\/fr\/wp-json\/wp\/v2\/media?parent=3308"}],"curies":[{"name":"wp","href":"https:\/\/api.w.org\/{rel}","templated":true}]}}