{"id":3306,"date":"2016-06-16T09:54:59","date_gmt":"2016-06-16T09:54:59","guid":{"rendered":"https:\/\/www.lopezgil.com\/dermatologie-esthetique-barcelona\/couperose-and-rosacea\/"},"modified":"2019-12-06T17:09:45","modified_gmt":"2019-12-06T17:09:45","slug":"couperose-rosacee","status":"publish","type":"page","link":"https:\/\/www.lopezgil.com\/fr\/dermatologie-esthetique-barcelona\/couperose-rosacee\/","title":{"rendered":"Couperose et rosac\u00e9e"},"content":{"rendered":"<div id=\"fb-root\"><\/div>\n<p style=\"text-align: justify;\">[vc_row][vc_column][vc_row_inner][vc_column_inner]<script type=\"text\/javascript\">jQuery(function() { _initLayerSlider( '#layerslider_69_1j5e3pshxfcco', {sliderVersion: '', responsiveUnder: 0, layersContainer: 0, hideUnder: 0, hideOver: 100000, pauseOnHover: 1, skin: 'v5', sliderFadeInDuration: 350, useSrcset: true, skinsPath: 'https:\/\/www.lopezgil.com\/wp-content\/plugins\/LayerSlider\/assets\/static\/layerslider\/skins\/', type: 'responsive', showCircleTimer: false, performanceMode: true}); });<\/script><div id=\"layerslider_69_1j5e3pshxfcco\" class=\"ls-wp-container fitvidsignore\" style=\"width:600px;height:200px;margin:0 auto;margin-bottom: 0px;\"><div class=\"ls-slide\" data-ls=\"duration:4000;\"><img loading=\"lazy\" decoding=\"async\" width=\"600\" height=\"200\" src=\"https:\/\/www.lopezgil.com\/wp-content\/uploads\/drlopezgil-dermatologia-barcelona-600x200-rosacea-cuperosi-dermatologia-estetica.jpg\" class=\"ls-bg\" alt=\"drlopezgil-dermatologia-barcelona-600x200-rosacea-cuperosi-dermatologia-estetica\" srcset=\"https:\/\/www.lopezgil.com\/wp-content\/uploads\/drlopezgil-dermatologia-barcelona-600x200-rosacea-cuperosi-dermatologia-estetica.jpg 600w, https:\/\/www.lopezgil.com\/wp-content\/uploads\/drlopezgil-dermatologia-barcelona-600x200-rosacea-cuperosi-dermatologia-estetica-300x100.jpg 300w\" sizes=\"auto, (max-width: 600px) 100vw, 600px\" \/><\/div><\/div>[\/vc_column_inner][\/vc_row_inner][\/vc_column][\/vc_row][vc_row][vc_column width=&#8221;3\/4&#8243; css=&#8221;.vc_custom_1473066092346{margin-top: 0px !important;}&#8221;][vc_column_text css=&#8221;.vc_custom_1473066053815{margin-top: 0px !important;}&#8221;]\n<h2 style=\"text-align: justify;\"><span style=\"color: #75c9d3;\"><strong>Que sont couperose et rosac\u00e9e?<\/strong><\/span><\/h2>\n<p id=\"tw-target-text\" class=\"tw-data-text tw-ta tw-text-small\" dir=\"ltr\" style=\"text-align: justify;\" data-placeholder=\"Traducci\u00f3n\"><span lang=\"fr\" tabindex=\"0\">La couperose et la rosac\u00e9e sont des affections b\u00e9nignes, chroniques et r\u00e9currentes de la peau. Ils se caract\u00e9risent par: <\/span><\/p>\n<ul style=\"text-align: justify;\">\n<li class=\"tw-data-text tw-ta tw-text-small\" dir=\"ltr\" data-placeholder=\"Traducci\u00f3n\"><span lang=\"fr\" tabindex=\"0\">Couperose: rougeur pr\u00e9sente due \u00e0 la dilatation des capillaires qui irriguent le derme. <\/span><\/li>\n<li class=\"tw-data-text tw-ta tw-text-small\" dir=\"ltr\" data-placeholder=\"Traducci\u00f3n\"><span lang=\"fr\" tabindex=\"0\">Rosac\u00e9e: peut montrer une dilatation des vaisseaux et \/ ou des l\u00e9sions inflammatoires avec des papules et des pustules sur le visage, semblables \u00e0 l&#8217;acn\u00e9.<\/span><\/li>\n<\/ul>\n<h2 style=\"text-align: justify;\"><span style=\"color: #75c9d3;\"><strong>Qui est concern\u00e9?<\/strong><\/span><\/h2>\n<p style=\"text-align: justify;\">Ils peuvent affecter les hommes et les femmes, bien qu&#8217;ils touchent principalement les femmes \u00e0 partir de 30 ans et aient tendance \u00e0 augmenter avec l&#8217;\u00e2ge.<\/p>\n<h2 style=\"text-align: justify;\"><span style=\"color: #75c9d3;\"><strong>Causes du couperose et rosac\u00e9e<\/strong><\/span><\/h2>\n<p style=\"text-align: justify;\">Les facteurs pr\u00e9disposant \u00e0 souffrir de ces affections cutan\u00e9es sont:<\/p>\n<ul style=\"text-align: justify;\">\n<li>Phototypes clairs<\/li>\n<li>\u00c2ge<\/li>\n<li>Facteurs h\u00e9r\u00e9ditaires<\/li>\n<li>Certains m\u00e9dicaments (corticost\u00e9ro\u00efdes hypotenseurs ou topiques).<\/li>\n<li>Facteurs alimentaires (abus de caf\u00e9, d\u2019alcool, de tabac ou d\u2019aliments \u00e9pic\u00e9s).<\/li>\n<li>Situations \u00e9motionnelles intenses, stress, fatigue et nerfs. Situations de temp\u00e9ratures extr\u00eames (exposition au soleil, au vent, au froid).<\/li>\n<li>Pollution de l&#8217;environnement (fum\u00e9e, dioxydes, plomb, tabac &#8230;).<\/li>\n<\/ul>\n<h2 style=\"text-align: justify;\"><span style=\"color: #75c9d3;\"><strong>Traitement du couperose et rosac\u00e9e \u00e0 Barcelona<\/strong><\/span><\/h2>\n<p style=\"text-align: justify;\">Bien que ces affections soient b\u00e9nignes, il est recommand\u00e9 de les traiter en raison de leur inconfort esth\u00e9tique.<\/p>\n<p style=\"text-align: justify;\">Dans le cas de la rosac\u00e9e, nous avons d&#8217;une part des traitements pour traiter la phase inflammatoire, tout comme les antibiotiques, et d&#8217;autre part, le laser vasculaire pour traiter la dilatation des vaisseaux (cup\u00e9rose).<\/p>\n<p style=\"text-align: justify;\">Le laser vasculaire ferme d\u00e9finitivement les veines dilat\u00e9es qui causent la rougeur. Pour parvenir \u00e0 l&#8217;\u00e9limination totale, trois ou quatre sessions sont n\u00e9cessaires tout au long de l&#8217;ann\u00e9e, mais cela d\u00e9pend de chaque cas particulier. La proc\u00e9dure est indolore mais peut entra\u00eener un l\u00e9ger inconfort au cours des deux ou trois jours suivant le traitement.<\/p>\n<p style=\"text-align: justify;\">\n","protected":false},"excerpt":{"rendered":"<p>[vc_row][vc_column][vc_row_inner][vc_column_inner][\/vc_column_inner][\/vc_row_inner][\/vc_column][\/vc_row][vc_row][vc_column width=&#8221;3\/4&#8243; css=&#8221;.vc_custom_1473066092346{margin-top: 0px !important;}&#8221;][vc_column_text css=&#8221;.vc_custom_1473066053815{margin-top: 0px !important;}&#8221;] Que sont couperose et rosac\u00e9e? La couperose et la rosac\u00e9e sont des affections b\u00e9nignes, chroniques et r\u00e9currentes de la peau. Ils se caract\u00e9risent par: Couperose: rougeur pr\u00e9sente due \u00e0 la dilatation des capillaires qui irriguent le derme. Rosac\u00e9e: peut montrer une dilatation des vaisseaux et \/ ou [&hellip;]<\/p>\n","protected":false},"author":5,"featured_media":0,"parent":3258,"menu_order":0,"comment_status":"closed","ping_status":"closed","template":"soulmedic\/tpl-feature.php","meta":{"footnotes":""},"class_list":["post-3306","page","type-page","status-publish","hentry"],"yoast_head":"<!-- This site is optimized with the Yoast SEO plugin v19.12 - https:\/\/yoast.com\/wordpress\/plugins\/seo\/ -->\n<title>Couperose et rosac\u00e9e | Dr. Lopez Gil<\/title>\n<meta name=\"description\" content=\"Notre clinique d&#039;esth\u00e9tique d\u00e9martologique \u00e0 Barcelone propose les traitements les plus innovants et les plus efficaces pour \u00e9liminer la couperose et la rosac\u00e9e. Demandez nous!\" \/>\n<meta name=\"robots\" content=\"index, follow, max-snippet:-1, max-image-preview:large, max-video-preview:-1\" \/>\n<link rel=\"canonical\" href=\"https:\/\/www.lopezgil.com\/fr\/dermatologie-esthetique-barcelona\/couperose-rosacee\/\" \/>\n<meta property=\"og:locale\" content=\"fr_FR\" \/>\n<meta property=\"og:type\" content=\"article\" \/>\n<meta property=\"og:title\" content=\"Couperose et rosac\u00e9e | Dr. Lopez Gil\" \/>\n<meta property=\"og:description\" content=\"Notre clinique d&#039;esth\u00e9tique d\u00e9martologique \u00e0 Barcelone propose les traitements les plus innovants et les plus efficaces pour \u00e9liminer la couperose et la rosac\u00e9e. Demandez nous!\" \/>\n<meta property=\"og:url\" content=\"https:\/\/www.lopezgil.com\/fr\/dermatologie-esthetique-barcelona\/couperose-rosacee\/\" \/>\n<meta property=\"og:site_name\" content=\"Dr. Lopez Gil\" \/>\n<meta property=\"article:modified_time\" content=\"2019-12-06T17:09:45+00:00\" \/>\n<meta name=\"twitter:card\" content=\"summary_large_image\" \/>\n<meta name=\"twitter:label1\" content=\"Est. reading time\" \/>\n\t<meta name=\"twitter:data1\" content=\"2 minutes\" \/>\n<script type=\"application\/ld+json\" class=\"yoast-schema-graph\">{\"@context\":\"https:\/\/schema.org\",\"@graph\":[{\"@type\":\"WebPage\",\"@id\":\"https:\/\/www.lopezgil.com\/fr\/dermatologie-esthetique-barcelona\/couperose-rosacee\/\",\"url\":\"https:\/\/www.lopezgil.com\/fr\/dermatologie-esthetique-barcelona\/couperose-rosacee\/\",\"name\":\"Couperose et rosac\u00e9e | Dr. Lopez Gil\",\"isPartOf\":{\"@id\":\"https:\/\/www.lopezgil.com\/#website\"},\"datePublished\":\"2016-06-16T09:54:59+00:00\",\"dateModified\":\"2019-12-06T17:09:45+00:00\",\"description\":\"Notre clinique d'esth\u00e9tique d\u00e9martologique \u00e0 Barcelone propose les traitements les plus innovants et les plus efficaces pour \u00e9liminer la couperose et la rosac\u00e9e. Demandez nous!\",\"breadcrumb\":{\"@id\":\"https:\/\/www.lopezgil.com\/fr\/dermatologie-esthetique-barcelona\/couperose-rosacee\/#breadcrumb\"},\"inLanguage\":\"fr-FR\",\"potentialAction\":[{\"@type\":\"ReadAction\",\"target\":[\"https:\/\/www.lopezgil.com\/fr\/dermatologie-esthetique-barcelona\/couperose-rosacee\/\"]}]},{\"@type\":\"BreadcrumbList\",\"@id\":\"https:\/\/www.lopezgil.com\/fr\/dermatologie-esthetique-barcelona\/couperose-rosacee\/#breadcrumb\",\"itemListElement\":[{\"@type\":\"ListItem\",\"position\":1,\"name\":\"Portada\",\"item\":\"https:\/\/www.lopezgil.com\/fr\/\"},{\"@type\":\"ListItem\",\"position\":2,\"name\":\"Dermatologie esth\u00e9tique\",\"item\":\"https:\/\/www.lopezgil.com\/fr\/dermatologie-esthetique-barcelona\/\"},{\"@type\":\"ListItem\",\"position\":3,\"name\":\"Couperose et rosac\u00e9e\"}]},{\"@type\":\"WebSite\",\"@id\":\"https:\/\/www.lopezgil.com\/#website\",\"url\":\"https:\/\/www.lopezgil.com\/\",\"name\":\"Dr. Lopez Gil\",\"description\":\"Dermat\u00f3logo Barcelona\",\"potentialAction\":[{\"@type\":\"SearchAction\",\"target\":{\"@type\":\"EntryPoint\",\"urlTemplate\":\"https:\/\/www.lopezgil.com\/?s={search_term_string}\"},\"query-input\":\"required name=search_term_string\"}],\"inLanguage\":\"fr-FR\"}]}<\/script>\n<!-- \/ Yoast SEO plugin. -->","yoast_head_json":{"title":"Couperose et rosac\u00e9e | Dr. Lopez Gil","description":"Notre clinique d'esth\u00e9tique d\u00e9martologique \u00e0 Barcelone propose les traitements les plus innovants et les plus efficaces pour \u00e9liminer la couperose et la rosac\u00e9e. Demandez nous!","robots":{"index":"index","follow":"follow","max-snippet":"max-snippet:-1","max-image-preview":"max-image-preview:large","max-video-preview":"max-video-preview:-1"},"canonical":"https:\/\/www.lopezgil.com\/fr\/dermatologie-esthetique-barcelona\/couperose-rosacee\/","og_locale":"fr_FR","og_type":"article","og_title":"Couperose et rosac\u00e9e | Dr. Lopez Gil","og_description":"Notre clinique d'esth\u00e9tique d\u00e9martologique \u00e0 Barcelone propose les traitements les plus innovants et les plus efficaces pour \u00e9liminer la couperose et la rosac\u00e9e. Demandez nous!","og_url":"https:\/\/www.lopezgil.com\/fr\/dermatologie-esthetique-barcelona\/couperose-rosacee\/","og_site_name":"Dr. Lopez Gil","article_modified_time":"2019-12-06T17:09:45+00:00","twitter_card":"summary_large_image","twitter_misc":{"Est. reading time":"2 minutes"},"schema":{"@context":"https:\/\/schema.org","@graph":[{"@type":"WebPage","@id":"https:\/\/www.lopezgil.com\/fr\/dermatologie-esthetique-barcelona\/couperose-rosacee\/","url":"https:\/\/www.lopezgil.com\/fr\/dermatologie-esthetique-barcelona\/couperose-rosacee\/","name":"Couperose et rosac\u00e9e | Dr. Lopez Gil","isPartOf":{"@id":"https:\/\/www.lopezgil.com\/#website"},"datePublished":"2016-06-16T09:54:59+00:00","dateModified":"2019-12-06T17:09:45+00:00","description":"Notre clinique d'esth\u00e9tique d\u00e9martologique \u00e0 Barcelone propose les traitements les plus innovants et les plus efficaces pour \u00e9liminer la couperose et la rosac\u00e9e. Demandez nous!","breadcrumb":{"@id":"https:\/\/www.lopezgil.com\/fr\/dermatologie-esthetique-barcelona\/couperose-rosacee\/#breadcrumb"},"inLanguage":"fr-FR","potentialAction":[{"@type":"ReadAction","target":["https:\/\/www.lopezgil.com\/fr\/dermatologie-esthetique-barcelona\/couperose-rosacee\/"]}]},{"@type":"BreadcrumbList","@id":"https:\/\/www.lopezgil.com\/fr\/dermatologie-esthetique-barcelona\/couperose-rosacee\/#breadcrumb","itemListElement":[{"@type":"ListItem","position":1,"name":"Portada","item":"https:\/\/www.lopezgil.com\/fr\/"},{"@type":"ListItem","position":2,"name":"Dermatologie esth\u00e9tique","item":"https:\/\/www.lopezgil.com\/fr\/dermatologie-esthetique-barcelona\/"},{"@type":"ListItem","position":3,"name":"Couperose et rosac\u00e9e"}]},{"@type":"WebSite","@id":"https:\/\/www.lopezgil.com\/#website","url":"https:\/\/www.lopezgil.com\/","name":"Dr. Lopez Gil","description":"Dermat\u00f3logo Barcelona","potentialAction":[{"@type":"SearchAction","target":{"@type":"EntryPoint","urlTemplate":"https:\/\/www.lopezgil.com\/?s={search_term_string}"},"query-input":"required name=search_term_string"}],"inLanguage":"fr-FR"}]}},"_links":{"self":[{"href":"https:\/\/www.lopezgil.com\/fr\/wp-json\/wp\/v2\/pages\/3306","targetHints":{"allow":["GET"]}}],"collection":[{"href":"https:\/\/www.lopezgil.com\/fr\/wp-json\/wp\/v2\/pages"}],"about":[{"href":"https:\/\/www.lopezgil.com\/fr\/wp-json\/wp\/v2\/types\/page"}],"author":[{"embeddable":true,"href":"https:\/\/www.lopezgil.com\/fr\/wp-json\/wp\/v2\/users\/5"}],"replies":[{"embeddable":true,"href":"https:\/\/www.lopezgil.com\/fr\/wp-json\/wp\/v2\/comments?post=3306"}],"version-history":[{"count":3,"href":"https:\/\/www.lopezgil.com\/fr\/wp-json\/wp\/v2\/pages\/3306\/revisions"}],"predecessor-version":[{"id":4905,"href":"https:\/\/www.lopezgil.com\/fr\/wp-json\/wp\/v2\/pages\/3306\/revisions\/4905"}],"up":[{"embeddable":true,"href":"https:\/\/www.lopezgil.com\/fr\/wp-json\/wp\/v2\/pages\/3258"}],"wp:attachment":[{"href":"https:\/\/www.lopezgil.com\/fr\/wp-json\/wp\/v2\/media?parent=3306"}],"curies":[{"name":"wp","href":"https:\/\/api.w.org\/{rel}","templated":true}]}}