{"id":3295,"date":"2016-06-16T10:19:35","date_gmt":"2016-06-16T10:19:35","guid":{"rendered":"https:\/\/www.lopezgil.com\/chute-de-cheveux\/psoriasis-scalp\/"},"modified":"2019-08-07T20:14:54","modified_gmt":"2019-08-07T20:14:54","slug":"psoriasis-du-cuir-chevelu","status":"publish","type":"page","link":"https:\/\/www.lopezgil.com\/fr\/chute-de-cheveux\/psoriasis-du-cuir-chevelu\/","title":{"rendered":"Psoriasis du cuir chevelu"},"content":{"rendered":"<div id=\"fb-root\"><\/div>\n<p style=\"text-align: justify;\">[vc_row][vc_column][vc_row_inner][vc_column_inner]<script type=\"text\/javascript\">jQuery(function() { _initLayerSlider( '#layerslider_82_2392v4ztop9p', {sliderVersion: '', responsiveUnder: 0, layersContainer: 0, hideUnder: 0, hideOver: 100000, pauseOnHover: 1, skin: 'v5', sliderFadeInDuration: 350, useSrcset: true, skinsPath: 'https:\/\/www.lopezgil.com\/wp-content\/plugins\/LayerSlider\/assets\/static\/layerslider\/skins\/', type: 'responsive', showCircleTimer: false, performanceMode: true}); });<\/script><div id=\"layerslider_82_2392v4ztop9p\" class=\"ls-wp-container fitvidsignore\" style=\"width:600px;height:200px;margin:0 auto;margin-bottom: 0px;\"><div class=\"ls-slide\" data-ls=\"duration:4000;\"><img loading=\"lazy\" decoding=\"async\" width=\"600\" height=\"200\" src=\"https:\/\/www.lopezgil.com\/wp-content\/uploads\/drlopezgil-dermatologia-barcelona-600x200-psoriasis-cuero-cabelludo-caiguda-cabell.jpg\" class=\"ls-bg\" alt=\"drlopezgil-dermatologia-barcelona-600x200-psoriasis-cuero-cabelludo-caiguda-cabell\" srcset=\"https:\/\/www.lopezgil.com\/wp-content\/uploads\/drlopezgil-dermatologia-barcelona-600x200-psoriasis-cuero-cabelludo-caiguda-cabell.jpg 600w, https:\/\/www.lopezgil.com\/wp-content\/uploads\/drlopezgil-dermatologia-barcelona-600x200-psoriasis-cuero-cabelludo-caiguda-cabell-300x100.jpg 300w\" sizes=\"auto, (max-width: 600px) 100vw, 600px\" \/><\/div><\/div>[\/vc_column_inner][\/vc_row_inner][\/vc_column][\/vc_row][vc_row][vc_column width=&#8221;3\/4&#8243; css=&#8221;.vc_custom_1473066092346{margin-top: 0px !important;}&#8221;][vc_column_text css=&#8221;.vc_custom_1473066053815{margin-top: 0px !important;}&#8221;]\n<h2 style=\"text-align: justify;\"><span style=\"color: #75c9d3;\"><strong>Qu&#8217;est que c&#8217;est psoriasis du cuir chevelu?<\/strong><\/span><\/h2>\n<p style=\"text-align: justify;\">Le psoriasis du cuir chevelu est un type de psoriasis qui se manifeste dans le cuir chevelu avec desquamation et l&#8217;enflure. Il est une maladie chronique qui se d\u00e9veloppe habituellement entre p\u00e9riodes actives et p\u00e9riodes de stabilit\u00e9. Parfois, il est la premi\u00e8re forme de psoriasis qui d\u00e9veloppe l&#8217;individu.<\/p>\n<p style=\"text-align: justify;\">Pour plus d\u2019informations: cliquez <a href=\"https:\/\/www.lopezgil.com\/fr\/dermatologie-clinique\/psoriasis\/\">ici<\/a><\/p>\n<h2 style=\"text-align: justify;\"><span style=\"color: #75c9d3;\"><strong>Qui est concern\u00e9?<\/strong><\/span><\/h2>\n<p style=\"text-align: justify;\">Le psoriasis du cuir chevelu est l&#8217;une des typologies des plus fr\u00e9quents de la maladie apparaissant dans plus de la moiti\u00e9 des personnes souffrant un autre type de psoriasis, mais il peut \u00e9galement se produire dans l&#8217;isolement.<\/p>\n<h2 style=\"text-align: justify;\"><span style=\"color: #75c9d3;\"><strong>Symptomatologie<\/strong><\/span><\/h2>\n<p style=\"text-align: justify;\">Il est une affection cutan\u00e9e chronique qui, malgr\u00e9 ne pas \u00eatre une pathologie grave, elle a une implication importante dans la qualit\u00e9 de vie de la personne.<\/p>\n<p style=\"text-align: justify;\">Elle est caract\u00e9ris\u00e9e par l&#8217;apparition discontinue d&#8217;une desquamation s\u00e8che et attach\u00e9e au cuir chevelu sur des plaques de peau rouge\u00e2tres. Elle peut provoquer des d\u00e9mangeaisons et de cuisant.<\/p>\n<h2 style=\"text-align: justify;\"><span style=\"color: #75c9d3;\"><strong>Causes<\/strong><\/span><\/h2>\n<p style=\"text-align: justify;\">Comme dans d&#8217;autres types de psoriasis, l&#8217;origine sp\u00e9cifique de la maladie est inconnue. Bien que les \u00e9tudes donnent \u00e0 penser que leur d\u00e9veloppement est due \u00e0 une r\u00e9ponse immunitaire anormale provoqu\u00e9e par une activation inappropri\u00e9e des lymphocytes T.<\/p>\n<p style=\"text-align: justify;\">On sait aussi qui est une maladie connexe avec de facteurs g\u00e9n\u00e9tiques, h\u00e9r\u00e9ditaires, infectieux, biochimiques ou psychologiques.<\/p>\n<h2 style=\"text-align: justify;\"><span style=\"color: #75c9d3;\"><strong>Traitement <\/strong><\/span><span style=\"color: #75c9d3;\"><strong>psoriasis du cuir chevelu \u00e0 Barcelone<\/strong><\/span><\/h2>\n<p style=\"text-align: justify;\">Il recommande souvent l&#8217;utilisation de pr\u00e9parations topiques contenant des corticost\u00e9ro\u00efdes ou des d\u00e9riv\u00e9s de la vitamine D pour contr\u00f4ler le psoriasis du cuir chevelu.<\/p>\n<p style=\"text-align: justify;\">Dans le cas d&#8217;avoir d&#8217;autres typologies d&#8217;une fa\u00e7on chronique, il est particuli\u00e8rement utile traiter le psoriasis avec la phototh\u00e9rapie, ce qui implique l&#8217;application de rayonnements ultraviolets de type A et\/ou B.<\/p>\n<h2 style=\"text-align: justify;\"><\/h2>\n","protected":false},"excerpt":{"rendered":"<p>[vc_row][vc_column][vc_row_inner][vc_column_inner][\/vc_column_inner][\/vc_row_inner][\/vc_column][\/vc_row][vc_row][vc_column width=&#8221;3\/4&#8243; css=&#8221;.vc_custom_1473066092346{margin-top: 0px !important;}&#8221;][vc_column_text css=&#8221;.vc_custom_1473066053815{margin-top: 0px !important;}&#8221;] Qu&#8217;est que c&#8217;est psoriasis du cuir chevelu? Le psoriasis du cuir chevelu est un type de psoriasis qui se manifeste dans le cuir chevelu avec desquamation et l&#8217;enflure. Il est une maladie chronique qui se d\u00e9veloppe habituellement entre p\u00e9riodes actives et p\u00e9riodes de stabilit\u00e9. Parfois, il est [&hellip;]<\/p>\n","protected":false},"author":5,"featured_media":0,"parent":1696,"menu_order":0,"comment_status":"closed","ping_status":"closed","template":"soulmedic\/tpl-feature.php","meta":{"footnotes":""},"class_list":["post-3295","page","type-page","status-publish","hentry"],"yoast_head":"<!-- This site is optimized with the Yoast SEO plugin v19.12 - https:\/\/yoast.com\/wordpress\/plugins\/seo\/ -->\n<title>Psoriasis du cuir chevelu | Dr. Lopez Gil<\/title>\n<meta name=\"description\" content=\"Le psoriasis sur le cuir chevelu avec peeling. Dermatologue sp\u00e9cialiste du traitement du psoriasis du cuir chevelu \u00e0 Barcelone, clinique de Teknon.\" \/>\n<meta name=\"robots\" content=\"index, follow, max-snippet:-1, max-image-preview:large, max-video-preview:-1\" \/>\n<link rel=\"canonical\" href=\"https:\/\/www.lopezgil.com\/fr\/chute-de-cheveux\/psoriasis-du-cuir-chevelu\/\" \/>\n<meta property=\"og:locale\" content=\"fr_FR\" \/>\n<meta property=\"og:type\" content=\"article\" \/>\n<meta property=\"og:title\" content=\"Psoriasis du cuir chevelu | Dr. Lopez Gil\" \/>\n<meta property=\"og:description\" content=\"Le psoriasis sur le cuir chevelu avec peeling. Dermatologue sp\u00e9cialiste du traitement du psoriasis du cuir chevelu \u00e0 Barcelone, clinique de Teknon.\" \/>\n<meta property=\"og:url\" content=\"https:\/\/www.lopezgil.com\/fr\/chute-de-cheveux\/psoriasis-du-cuir-chevelu\/\" \/>\n<meta property=\"og:site_name\" content=\"Dr. Lopez Gil\" \/>\n<meta property=\"article:modified_time\" content=\"2019-08-07T20:14:54+00:00\" \/>\n<meta name=\"twitter:card\" content=\"summary_large_image\" \/>\n<meta name=\"twitter:label1\" content=\"Est. reading time\" \/>\n\t<meta name=\"twitter:data1\" content=\"2 minutes\" \/>\n<script type=\"application\/ld+json\" class=\"yoast-schema-graph\">{\"@context\":\"https:\/\/schema.org\",\"@graph\":[{\"@type\":\"WebPage\",\"@id\":\"https:\/\/www.lopezgil.com\/fr\/chute-de-cheveux\/psoriasis-du-cuir-chevelu\/\",\"url\":\"https:\/\/www.lopezgil.com\/fr\/chute-de-cheveux\/psoriasis-du-cuir-chevelu\/\",\"name\":\"Psoriasis du cuir chevelu | Dr. Lopez Gil\",\"isPartOf\":{\"@id\":\"https:\/\/www.lopezgil.com\/ca\/#website\"},\"datePublished\":\"2016-06-16T10:19:35+00:00\",\"dateModified\":\"2019-08-07T20:14:54+00:00\",\"description\":\"Le psoriasis sur le cuir chevelu avec peeling. Dermatologue sp\u00e9cialiste du traitement du psoriasis du cuir chevelu \u00e0 Barcelone, clinique de Teknon.\",\"breadcrumb\":{\"@id\":\"https:\/\/www.lopezgil.com\/fr\/chute-de-cheveux\/psoriasis-du-cuir-chevelu\/#breadcrumb\"},\"inLanguage\":\"fr-FR\",\"potentialAction\":[{\"@type\":\"ReadAction\",\"target\":[\"https:\/\/www.lopezgil.com\/fr\/chute-de-cheveux\/psoriasis-du-cuir-chevelu\/\"]}]},{\"@type\":\"BreadcrumbList\",\"@id\":\"https:\/\/www.lopezgil.com\/fr\/chute-de-cheveux\/psoriasis-du-cuir-chevelu\/#breadcrumb\",\"itemListElement\":[{\"@type\":\"ListItem\",\"position\":1,\"name\":\"Portada\",\"item\":\"https:\/\/www.lopezgil.com\/fr\/\"},{\"@type\":\"ListItem\",\"position\":2,\"name\":\"Chute de cheveux\",\"item\":\"https:\/\/www.lopezgil.com\/fr\/chute-de-cheveux\/\"},{\"@type\":\"ListItem\",\"position\":3,\"name\":\"Psoriasis du cuir chevelu\"}]},{\"@type\":\"WebSite\",\"@id\":\"https:\/\/www.lopezgil.com\/ca\/#website\",\"url\":\"https:\/\/www.lopezgil.com\/ca\/\",\"name\":\"Dr. Lopez Gil\",\"description\":\"Dermat\u00f3logo Barcelona\",\"potentialAction\":[{\"@type\":\"SearchAction\",\"target\":{\"@type\":\"EntryPoint\",\"urlTemplate\":\"https:\/\/www.lopezgil.com\/ca\/?s={search_term_string}\"},\"query-input\":\"required name=search_term_string\"}],\"inLanguage\":\"fr-FR\"}]}<\/script>\n<!-- \/ Yoast SEO plugin. -->","yoast_head_json":{"title":"Psoriasis du cuir chevelu | Dr. Lopez Gil","description":"Le psoriasis sur le cuir chevelu avec peeling. Dermatologue sp\u00e9cialiste du traitement du psoriasis du cuir chevelu \u00e0 Barcelone, clinique de Teknon.","robots":{"index":"index","follow":"follow","max-snippet":"max-snippet:-1","max-image-preview":"max-image-preview:large","max-video-preview":"max-video-preview:-1"},"canonical":"https:\/\/www.lopezgil.com\/fr\/chute-de-cheveux\/psoriasis-du-cuir-chevelu\/","og_locale":"fr_FR","og_type":"article","og_title":"Psoriasis du cuir chevelu | Dr. Lopez Gil","og_description":"Le psoriasis sur le cuir chevelu avec peeling. Dermatologue sp\u00e9cialiste du traitement du psoriasis du cuir chevelu \u00e0 Barcelone, clinique de Teknon.","og_url":"https:\/\/www.lopezgil.com\/fr\/chute-de-cheveux\/psoriasis-du-cuir-chevelu\/","og_site_name":"Dr. Lopez Gil","article_modified_time":"2019-08-07T20:14:54+00:00","twitter_card":"summary_large_image","twitter_misc":{"Est. reading time":"2 minutes"},"schema":{"@context":"https:\/\/schema.org","@graph":[{"@type":"WebPage","@id":"https:\/\/www.lopezgil.com\/fr\/chute-de-cheveux\/psoriasis-du-cuir-chevelu\/","url":"https:\/\/www.lopezgil.com\/fr\/chute-de-cheveux\/psoriasis-du-cuir-chevelu\/","name":"Psoriasis du cuir chevelu | Dr. Lopez Gil","isPartOf":{"@id":"https:\/\/www.lopezgil.com\/ca\/#website"},"datePublished":"2016-06-16T10:19:35+00:00","dateModified":"2019-08-07T20:14:54+00:00","description":"Le psoriasis sur le cuir chevelu avec peeling. Dermatologue sp\u00e9cialiste du traitement du psoriasis du cuir chevelu \u00e0 Barcelone, clinique de Teknon.","breadcrumb":{"@id":"https:\/\/www.lopezgil.com\/fr\/chute-de-cheveux\/psoriasis-du-cuir-chevelu\/#breadcrumb"},"inLanguage":"fr-FR","potentialAction":[{"@type":"ReadAction","target":["https:\/\/www.lopezgil.com\/fr\/chute-de-cheveux\/psoriasis-du-cuir-chevelu\/"]}]},{"@type":"BreadcrumbList","@id":"https:\/\/www.lopezgil.com\/fr\/chute-de-cheveux\/psoriasis-du-cuir-chevelu\/#breadcrumb","itemListElement":[{"@type":"ListItem","position":1,"name":"Portada","item":"https:\/\/www.lopezgil.com\/fr\/"},{"@type":"ListItem","position":2,"name":"Chute de cheveux","item":"https:\/\/www.lopezgil.com\/fr\/chute-de-cheveux\/"},{"@type":"ListItem","position":3,"name":"Psoriasis du cuir chevelu"}]},{"@type":"WebSite","@id":"https:\/\/www.lopezgil.com\/ca\/#website","url":"https:\/\/www.lopezgil.com\/ca\/","name":"Dr. Lopez Gil","description":"Dermat\u00f3logo Barcelona","potentialAction":[{"@type":"SearchAction","target":{"@type":"EntryPoint","urlTemplate":"https:\/\/www.lopezgil.com\/ca\/?s={search_term_string}"},"query-input":"required name=search_term_string"}],"inLanguage":"fr-FR"}]}},"_links":{"self":[{"href":"https:\/\/www.lopezgil.com\/fr\/wp-json\/wp\/v2\/pages\/3295","targetHints":{"allow":["GET"]}}],"collection":[{"href":"https:\/\/www.lopezgil.com\/fr\/wp-json\/wp\/v2\/pages"}],"about":[{"href":"https:\/\/www.lopezgil.com\/fr\/wp-json\/wp\/v2\/types\/page"}],"author":[{"embeddable":true,"href":"https:\/\/www.lopezgil.com\/fr\/wp-json\/wp\/v2\/users\/5"}],"replies":[{"embeddable":true,"href":"https:\/\/www.lopezgil.com\/fr\/wp-json\/wp\/v2\/comments?post=3295"}],"version-history":[{"count":3,"href":"https:\/\/www.lopezgil.com\/fr\/wp-json\/wp\/v2\/pages\/3295\/revisions"}],"predecessor-version":[{"id":4537,"href":"https:\/\/www.lopezgil.com\/fr\/wp-json\/wp\/v2\/pages\/3295\/revisions\/4537"}],"up":[{"embeddable":true,"href":"https:\/\/www.lopezgil.com\/fr\/wp-json\/wp\/v2\/pages\/1696"}],"wp:attachment":[{"href":"https:\/\/www.lopezgil.com\/fr\/wp-json\/wp\/v2\/media?parent=3295"}],"curies":[{"name":"wp","href":"https:\/\/api.w.org\/{rel}","templated":true}]}}