{"id":3284,"date":"2016-06-10T11:27:12","date_gmt":"2016-06-10T11:27:12","guid":{"rendered":"https:\/\/www.lopezgil.com\/dermatologie-clinique\/dermatitis-seborreica\/"},"modified":"2019-12-05T22:25:27","modified_gmt":"2019-12-05T22:25:27","slug":"dermatite-seborrheique","status":"publish","type":"page","link":"https:\/\/www.lopezgil.com\/fr\/dermatologie-clinique\/dermatite-seborrheique\/","title":{"rendered":"Dermatite s\u00e9borrh\u00e9ique"},"content":{"rendered":"<div id=\"fb-root\"><\/div>\n<p style=\"text-align: justify;\">[vc_row][vc_column][vc_row_inner][vc_column_inner]<script type=\"text\/javascript\">jQuery(function() { _initLayerSlider( '#layerslider_11_2a7m040pwfum', {sliderVersion: '', responsiveUnder: 0, layersContainer: 0, hideUnder: 0, hideOver: 100000, pauseOnHover: 1, skin: 'v5', sliderFadeInDuration: 350, useSrcset: true, skinsPath: 'https:\/\/www.lopezgil.com\/wp-content\/plugins\/LayerSlider\/assets\/static\/layerslider\/skins\/', type: 'responsive', showCircleTimer: false, performanceMode: true}); });<\/script><div id=\"layerslider_11_2a7m040pwfum\" class=\"ls-wp-container fitvidsignore\" style=\"width:600px;height:200px;margin:0 auto;margin-bottom: 0px;\"><div class=\"ls-slide\" data-ls=\"duration:4000;\"><img loading=\"lazy\" decoding=\"async\" width=\"600\" height=\"200\" src=\"https:\/\/www.lopezgil.com\/wp-content\/uploads\/drlopezgil_dermatologia_barcelona_600x200_dermatitis_seborreica_caspa_cabell.jpg\" class=\"ls-bg\" alt=\"dr-lopez-gil-dermatologo-barcelona-dermatitis-seborreica-caspa-pelo-cabello-tratamiento-600x200\" srcset=\"https:\/\/www.lopezgil.com\/wp-content\/uploads\/drlopezgil_dermatologia_barcelona_600x200_dermatitis_seborreica_caspa_cabell.jpg 600w, https:\/\/www.lopezgil.com\/wp-content\/uploads\/drlopezgil_dermatologia_barcelona_600x200_dermatitis_seborreica_caspa_cabell-300x100.jpg 300w\" sizes=\"auto, (max-width: 600px) 100vw, 600px\" \/><\/div><\/div>[\/vc_column_inner][\/vc_row_inner][\/vc_column][\/vc_row][vc_row][vc_column width=&#8221;3\/4&#8243; css=&#8221;.vc_custom_1473066092346{margin-top: 0px !important;}&#8221;][vc_column_text css=&#8221;.vc_custom_1473066053815{margin-top: 0px !important;}&#8221;]\n<h2 style=\"text-align: justify;\"><span style=\"color: #75c9d3;\"><strong>Qu&#8217;est que c&#8217;est dermatite s\u00e9borrh\u00e9ique?<\/strong><\/span><\/h2>\n<p style=\"text-align: justify;\">La dermatite s\u00e9borrh\u00e9ique ou l&#8217;ecz\u00e9ma s\u00e9borrh\u00e9ique est un trouble de la peau de faible gravit\u00e9, pas contagieuse et tr\u00e8s r\u00e9pandu dans la population. Il est une inflammation chronique qui provoque des flocons, blancs ou jaunes, avec un aspect huileux et qui causent des d\u00e9mangeaisons et peuvent se produire avec ou sans peau rougie. Elle survient dans les zones les plus graisses du corps, telle que la zone autour du nez, le front, les sourcils, les cils, les paupi\u00e8res, les l\u00e8vres, derri\u00e8re les oreilles et\/ou dans la poitrine. Une forme sp\u00e9ciale, particuli\u00e8rement fr\u00e9quente est la dermatite s\u00e9borrh\u00e9ique du cuir chevelu, populairement connu comme les pellicules.<\/p>\n<p style=\"text-align: justify;\">La dermatite s\u00e9borrh\u00e9ique n&#8217;est pas un \u00e9tat grave mais peut \u00eatre tr\u00e8s mal \u00e0 l&#8217;aise en raison de la d\u00e9mangeaison ou de blessures qui apparaissent dans les zones visibles du corps. Elle dispose de deux pics d&#8217;incidence: au cours de la premi\u00e8re ann\u00e9e de vie et apr\u00e8s la pubert\u00e9.<\/p>\n<p style=\"text-align: justify;\">La dermatite s\u00e9borrh\u00e9ique chez les nourrissons, connue sous le nom chapeau de berceau, est une maladie inoffensive et temporaire qui appara\u00eet g\u00e9n\u00e9ralement au cours des premi\u00e8res semaines de vie jusqu&#8217;\u00e0 trois ans.<\/p>\n<h2 style=\"text-align: justify;\"><span style=\"color: #75c9d3;\"><strong>Qui est concern\u00e9?<\/strong><\/span><\/h2>\n<p style=\"text-align: justify;\">La dermatite s\u00e9borrh\u00e9ique est une affection tr\u00e8s fr\u00e9quente qui touche 20% de la population, en particulier les hommes.<\/p>\n<h2 style=\"text-align: justify;\"><span style=\"color: #75c9d3;\"><strong>Causes<\/strong><\/span><\/h2>\n<p style=\"text-align: justify;\">Nous ne connaissons pas la cause exacte de la dermatite s\u00e9borrh\u00e9ique. On croit qu&#8217;elle est due \u00e0 une combinaison de diff\u00e9rents facteurs:<\/p>\n<ul style=\"text-align: justify;\">\n<li>Surproduction de mati\u00e8re grasse dans la peau<\/li>\n<li>Irritation caus\u00e9e par le champignon Malassezia<\/li>\n<li>Facteurs g\u00e9n\u00e9tiques<\/li>\n<li>Conditions neurologiques (Parkinson, traumatisme cr\u00e2nien, accident vasculaire c\u00e9r\u00e9bral)<\/li>\n<li>Virus de l&#8217;immunod\u00e9ficience humaine (VIH)<\/li>\n<li>Taux d&#8217;hormones<\/li>\n<li>D&#8217;autres facteurs tels que: le stress, la fatigue, les conditions m\u00e9t\u00e9orologiques extr\u00eames, des shampooings inadapt\u00e9s, lotions contenant de l&#8217;alcool ou de l&#8217;ob\u00e9sit\u00e9.<\/li>\n<\/ul>\n<h2 style=\"text-align: justify;\"><span style=\"color: #75c9d3;\"><strong>Symtomatologie<\/strong><\/span><\/h2>\n<p style=\"text-align: justify;\">Les sympt\u00f4mes les plus caract\u00e9ristiques de la dermatite s\u00e9borrh\u00e9ique sont:<\/p>\n<ul style=\"text-align: justify;\">\n<li>\u00c9chelles cutan\u00e9es blanches ou jaun\u00e2tres, ce qu&#8217;il est connu sous le nom de &#8220;pellicules&#8221;<\/li>\n<li>L\u00e9sions cutan\u00e9es<\/li>\n<li>Cro\u00fbtes<\/li>\n<li>Rougeur l\u00e9g\u00e8re<\/li>\n<li>Peau huileuse<\/li>\n<li>Prurits<\/li>\n<li>\u00c9ryth\u00e8me l\u00e9ger<\/li>\n<li>Perte de cheveux (rare)<\/li>\n<\/ul>\n<h2 style=\"text-align: justify;\"><span style=\"color: #75c9d3;\"><strong>Traitement dermatite s\u00e9borrh\u00e9ique<\/strong><\/span><\/h2>\n<p style=\"text-align: justify;\">Le traitement habituel est simple, mais le plus important pour pr\u00e9server la peau sans blessure est d&#8217;effectuer un entretien au moins une fois par semaine.<\/p>\n<p style=\"text-align: justify;\">Nous avons trouv\u00e9 diff\u00e9rentes options th\u00e9rapeutiques:<\/p>\n<ul style=\"text-align: justify;\">\n<li><em>Antifongiques<\/em> pour r\u00e9guler la flore cutan\u00e9e<\/li>\n<li><em>Anti-inflammatoires<\/em> (cortico\u00efdes, inhibiteurs de la calcineurine)<\/li>\n<li><em>k\u00e9ratolytiques <\/em>(acide salicylique, l&#8217;ur\u00e9e)<\/li>\n<li><em>R\u00e9ducteurs <\/em>(coaltar saponin\u00e9)<\/li>\n<\/ul>\n<p style=\"text-align: justify;\">Ce dernier groupe de traitements, les r\u00e9ducteurs, sont particuli\u00e8rement utiles pour la dermatite s\u00e9borrh\u00e9ique du cuir chevelu, comme ils existent en tant que shampooing, et appliqu\u00e9s deux ou trois fois par semaine, peuvent \u00e9liminer les pellicules dans la plupart des cas.<\/p>\n<p style=\"text-align: justify;\">Tr\u00e8s souvent, un traitement de choc plus intense est n\u00e9cessaire pour une p\u00e9riode de temps de deux ou trois semaines, puis un entretien d&#8217;une dur\u00e9e ind\u00e9termin\u00e9e, appliqu\u00e9e occasionnellement pendant la semaine. Bien que le traitement soit simple, la dermatite s\u00e9borrh\u00e9ique habituellement cause des probl\u00e8mes esth\u00e9tiques au patient qui la souffre, \u00e9tant donn\u00e9 qu&#8217;elle appara\u00eet dans les zones visibles comme le visage. Pour cette raison, il est utile de v\u00e9rifier avec votre dermatologue pour trouver le traitement le plus simple et efficace dans son cas, pour faire dispara\u00eetre la rougeur et la desquamation.<\/p>\n","protected":false},"excerpt":{"rendered":"<p>[vc_row][vc_column][vc_row_inner][vc_column_inner][\/vc_column_inner][\/vc_row_inner][\/vc_column][\/vc_row][vc_row][vc_column width=&#8221;3\/4&#8243; css=&#8221;.vc_custom_1473066092346{margin-top: 0px !important;}&#8221;][vc_column_text css=&#8221;.vc_custom_1473066053815{margin-top: 0px !important;}&#8221;] Qu&#8217;est que c&#8217;est dermatite s\u00e9borrh\u00e9ique? La dermatite s\u00e9borrh\u00e9ique ou l&#8217;ecz\u00e9ma s\u00e9borrh\u00e9ique est un trouble de la peau de faible gravit\u00e9, pas contagieuse et tr\u00e8s r\u00e9pandu dans la population. Il est une inflammation chronique qui provoque des flocons, blancs ou jaunes, avec un aspect huileux et qui causent [&hellip;]<\/p>\n","protected":false},"author":5,"featured_media":0,"parent":1429,"menu_order":4,"comment_status":"closed","ping_status":"closed","template":"soulmedic\/tpl-feature.php","meta":{"footnotes":""},"class_list":["post-3284","page","type-page","status-publish","hentry"],"yoast_head":"<!-- This site is optimized with the Yoast SEO plugin v19.12 - https:\/\/yoast.com\/wordpress\/plugins\/seo\/ -->\n<title>Dermatite s\u00e9borrh\u00e9ique | Dr. Lopez Gil<\/title>\n<meta name=\"description\" content=\"Dermatite s\u00e9borrh\u00e9ique ou ecz\u00e9ma s\u00e9borrh\u00e9ique, causes et traitements personnalis\u00e9s \u00e0 la clinique dermatologique du Dr L\u00f3pez Gil, Teknon, Barcelone.\" \/>\n<meta name=\"robots\" content=\"index, follow, max-snippet:-1, max-image-preview:large, max-video-preview:-1\" \/>\n<link rel=\"canonical\" href=\"https:\/\/www.lopezgil.com\/fr\/dermatologie-clinique\/dermatite-seborrheique\/\" \/>\n<meta property=\"og:locale\" content=\"fr_FR\" \/>\n<meta property=\"og:type\" content=\"article\" \/>\n<meta property=\"og:title\" content=\"Dermatite s\u00e9borrh\u00e9ique | Dr. Lopez Gil\" \/>\n<meta property=\"og:description\" content=\"Dermatite s\u00e9borrh\u00e9ique ou ecz\u00e9ma s\u00e9borrh\u00e9ique, causes et traitements personnalis\u00e9s \u00e0 la clinique dermatologique du Dr L\u00f3pez Gil, Teknon, Barcelone.\" \/>\n<meta property=\"og:url\" content=\"https:\/\/www.lopezgil.com\/fr\/dermatologie-clinique\/dermatite-seborrheique\/\" \/>\n<meta property=\"og:site_name\" content=\"Dr. Lopez Gil\" \/>\n<meta property=\"article:modified_time\" content=\"2019-12-05T22:25:27+00:00\" \/>\n<meta name=\"twitter:card\" content=\"summary_large_image\" \/>\n<meta name=\"twitter:label1\" content=\"Est. reading time\" \/>\n\t<meta name=\"twitter:data1\" content=\"3 minutes\" \/>\n<script type=\"application\/ld+json\" class=\"yoast-schema-graph\">{\"@context\":\"https:\/\/schema.org\",\"@graph\":[{\"@type\":\"WebPage\",\"@id\":\"https:\/\/www.lopezgil.com\/fr\/dermatologie-clinique\/dermatite-seborrheique\/\",\"url\":\"https:\/\/www.lopezgil.com\/fr\/dermatologie-clinique\/dermatite-seborrheique\/\",\"name\":\"Dermatite s\u00e9borrh\u00e9ique | Dr. Lopez Gil\",\"isPartOf\":{\"@id\":\"https:\/\/www.lopezgil.com\/#website\"},\"datePublished\":\"2016-06-10T11:27:12+00:00\",\"dateModified\":\"2019-12-05T22:25:27+00:00\",\"description\":\"Dermatite s\u00e9borrh\u00e9ique ou ecz\u00e9ma s\u00e9borrh\u00e9ique, causes et traitements personnalis\u00e9s \u00e0 la clinique dermatologique du Dr L\u00f3pez Gil, Teknon, Barcelone.\",\"breadcrumb\":{\"@id\":\"https:\/\/www.lopezgil.com\/fr\/dermatologie-clinique\/dermatite-seborrheique\/#breadcrumb\"},\"inLanguage\":\"fr-FR\",\"potentialAction\":[{\"@type\":\"ReadAction\",\"target\":[\"https:\/\/www.lopezgil.com\/fr\/dermatologie-clinique\/dermatite-seborrheique\/\"]}]},{\"@type\":\"BreadcrumbList\",\"@id\":\"https:\/\/www.lopezgil.com\/fr\/dermatologie-clinique\/dermatite-seborrheique\/#breadcrumb\",\"itemListElement\":[{\"@type\":\"ListItem\",\"position\":1,\"name\":\"Portada\",\"item\":\"https:\/\/www.lopezgil.com\/fr\/\"},{\"@type\":\"ListItem\",\"position\":2,\"name\":\"Dermatologie clinique\",\"item\":\"https:\/\/www.lopezgil.com\/fr\/dermatologie-clinique\/\"},{\"@type\":\"ListItem\",\"position\":3,\"name\":\"Dermatite s\u00e9borrh\u00e9ique\"}]},{\"@type\":\"WebSite\",\"@id\":\"https:\/\/www.lopezgil.com\/#website\",\"url\":\"https:\/\/www.lopezgil.com\/\",\"name\":\"Dr. Lopez Gil\",\"description\":\"Dermat\u00f3logo Barcelona\",\"potentialAction\":[{\"@type\":\"SearchAction\",\"target\":{\"@type\":\"EntryPoint\",\"urlTemplate\":\"https:\/\/www.lopezgil.com\/?s={search_term_string}\"},\"query-input\":\"required name=search_term_string\"}],\"inLanguage\":\"fr-FR\"}]}<\/script>\n<!-- \/ Yoast SEO plugin. -->","yoast_head_json":{"title":"Dermatite s\u00e9borrh\u00e9ique | Dr. Lopez Gil","description":"Dermatite s\u00e9borrh\u00e9ique ou ecz\u00e9ma s\u00e9borrh\u00e9ique, causes et traitements personnalis\u00e9s \u00e0 la clinique dermatologique du Dr L\u00f3pez Gil, Teknon, Barcelone.","robots":{"index":"index","follow":"follow","max-snippet":"max-snippet:-1","max-image-preview":"max-image-preview:large","max-video-preview":"max-video-preview:-1"},"canonical":"https:\/\/www.lopezgil.com\/fr\/dermatologie-clinique\/dermatite-seborrheique\/","og_locale":"fr_FR","og_type":"article","og_title":"Dermatite s\u00e9borrh\u00e9ique | Dr. Lopez Gil","og_description":"Dermatite s\u00e9borrh\u00e9ique ou ecz\u00e9ma s\u00e9borrh\u00e9ique, causes et traitements personnalis\u00e9s \u00e0 la clinique dermatologique du Dr L\u00f3pez Gil, Teknon, Barcelone.","og_url":"https:\/\/www.lopezgil.com\/fr\/dermatologie-clinique\/dermatite-seborrheique\/","og_site_name":"Dr. Lopez Gil","article_modified_time":"2019-12-05T22:25:27+00:00","twitter_card":"summary_large_image","twitter_misc":{"Est. reading time":"3 minutes"},"schema":{"@context":"https:\/\/schema.org","@graph":[{"@type":"WebPage","@id":"https:\/\/www.lopezgil.com\/fr\/dermatologie-clinique\/dermatite-seborrheique\/","url":"https:\/\/www.lopezgil.com\/fr\/dermatologie-clinique\/dermatite-seborrheique\/","name":"Dermatite s\u00e9borrh\u00e9ique | Dr. Lopez Gil","isPartOf":{"@id":"https:\/\/www.lopezgil.com\/#website"},"datePublished":"2016-06-10T11:27:12+00:00","dateModified":"2019-12-05T22:25:27+00:00","description":"Dermatite s\u00e9borrh\u00e9ique ou ecz\u00e9ma s\u00e9borrh\u00e9ique, causes et traitements personnalis\u00e9s \u00e0 la clinique dermatologique du Dr L\u00f3pez Gil, Teknon, Barcelone.","breadcrumb":{"@id":"https:\/\/www.lopezgil.com\/fr\/dermatologie-clinique\/dermatite-seborrheique\/#breadcrumb"},"inLanguage":"fr-FR","potentialAction":[{"@type":"ReadAction","target":["https:\/\/www.lopezgil.com\/fr\/dermatologie-clinique\/dermatite-seborrheique\/"]}]},{"@type":"BreadcrumbList","@id":"https:\/\/www.lopezgil.com\/fr\/dermatologie-clinique\/dermatite-seborrheique\/#breadcrumb","itemListElement":[{"@type":"ListItem","position":1,"name":"Portada","item":"https:\/\/www.lopezgil.com\/fr\/"},{"@type":"ListItem","position":2,"name":"Dermatologie clinique","item":"https:\/\/www.lopezgil.com\/fr\/dermatologie-clinique\/"},{"@type":"ListItem","position":3,"name":"Dermatite s\u00e9borrh\u00e9ique"}]},{"@type":"WebSite","@id":"https:\/\/www.lopezgil.com\/#website","url":"https:\/\/www.lopezgil.com\/","name":"Dr. Lopez Gil","description":"Dermat\u00f3logo Barcelona","potentialAction":[{"@type":"SearchAction","target":{"@type":"EntryPoint","urlTemplate":"https:\/\/www.lopezgil.com\/?s={search_term_string}"},"query-input":"required name=search_term_string"}],"inLanguage":"fr-FR"}]}},"_links":{"self":[{"href":"https:\/\/www.lopezgil.com\/fr\/wp-json\/wp\/v2\/pages\/3284","targetHints":{"allow":["GET"]}}],"collection":[{"href":"https:\/\/www.lopezgil.com\/fr\/wp-json\/wp\/v2\/pages"}],"about":[{"href":"https:\/\/www.lopezgil.com\/fr\/wp-json\/wp\/v2\/types\/page"}],"author":[{"embeddable":true,"href":"https:\/\/www.lopezgil.com\/fr\/wp-json\/wp\/v2\/users\/5"}],"replies":[{"embeddable":true,"href":"https:\/\/www.lopezgil.com\/fr\/wp-json\/wp\/v2\/comments?post=3284"}],"version-history":[{"count":4,"href":"https:\/\/www.lopezgil.com\/fr\/wp-json\/wp\/v2\/pages\/3284\/revisions"}],"predecessor-version":[{"id":4786,"href":"https:\/\/www.lopezgil.com\/fr\/wp-json\/wp\/v2\/pages\/3284\/revisions\/4786"}],"up":[{"embeddable":true,"href":"https:\/\/www.lopezgil.com\/fr\/wp-json\/wp\/v2\/pages\/1429"}],"wp:attachment":[{"href":"https:\/\/www.lopezgil.com\/fr\/wp-json\/wp\/v2\/media?parent=3284"}],"curies":[{"name":"wp","href":"https:\/\/api.w.org\/{rel}","templated":true}]}}