{"id":3282,"date":"2016-06-10T11:31:36","date_gmt":"2016-06-10T11:31:36","guid":{"rendered":"https:\/\/www.lopezgil.com\/dermatologie-clinique\/eccemas-erupcion-cutanea\/"},"modified":"2019-12-05T23:39:24","modified_gmt":"2019-12-05T23:39:24","slug":"eczema","status":"publish","type":"page","link":"https:\/\/www.lopezgil.com\/fr\/dermatologie-clinique\/eczema\/","title":{"rendered":"Eczema"},"content":{"rendered":"<div id=\"fb-root\"><\/div>\n<p style=\"text-align: justify;\">[vc_row][vc_column][vc_row_inner][vc_column_inner]<script type=\"text\/javascript\">jQuery(function() { _initLayerSlider( '#layerslider_15_vmdrxsscjxfv', {sliderVersion: '', responsiveUnder: 0, layersContainer: 0, hideUnder: 0, hideOver: 100000, pauseOnHover: 1, skin: 'v5', sliderFadeInDuration: 350, useSrcset: true, skinsPath: 'https:\/\/www.lopezgil.com\/wp-content\/plugins\/LayerSlider\/assets\/static\/layerslider\/skins\/', type: 'responsive', showCircleTimer: false, performanceMode: true}); });<\/script><div id=\"layerslider_15_vmdrxsscjxfv\" class=\"ls-wp-container fitvidsignore\" style=\"width:600px;height:200px;margin:0 auto;margin-bottom: 0px;\"><div class=\"ls-slide\" data-ls=\"duration:4000;\"><img loading=\"lazy\" decoding=\"async\" width=\"600\" height=\"200\" src=\"https:\/\/www.lopezgil.com\/wp-content\/uploads\/drlopezgil_dermatologia_barcelona_600x200_eccemas_erupciones.jpg\" class=\"ls-bg\" alt=\"drlopezgil_dermatologia_barcelona_600x200_eccemas_erupciones\" srcset=\"https:\/\/www.lopezgil.com\/wp-content\/uploads\/drlopezgil_dermatologia_barcelona_600x200_eccemas_erupciones.jpg 600w, https:\/\/www.lopezgil.com\/wp-content\/uploads\/drlopezgil_dermatologia_barcelona_600x200_eccemas_erupciones-300x100.jpg 300w\" sizes=\"auto, (max-width: 600px) 100vw, 600px\" \/><\/div><\/div>[\/vc_column_inner][\/vc_row_inner][\/vc_column][\/vc_row][vc_row][vc_column width=&#8221;3\/4&#8243; css=&#8221;.vc_custom_1473066092346{margin-top: 0px !important;}&#8221;][vc_column_text css=&#8221;.vc_custom_1473066053815{margin-top: 0px !important;}&#8221;]\n<h2 style=\"text-align: justify;\"><span style=\"color: #75c9d3;\"><strong>Qu&#8217;est que c&#8217;est eczema?<\/strong><\/span><\/h2>\n<p style=\"text-align: justify;\">Les ecz\u00e9mes sont un groupe de maladies de la peau o\u00f9 il y a une inflammation qui pr\u00e9sente diverses blessures. Ils sont caract\u00e9ris\u00e9s pour commen\u00e7ant par un rougissement de la zone touch\u00e9e, provoquant des d\u00e9mangeaisons intenses et la desquamation. Ils peuvent facilement \u00eatre \u00e9tendus \u00e0 d&#8217;autres zones du corps et \u00e9voluent dans un processus aigus ou chroniques et r\u00e9currents, avec des manifestations inattendues de la maladie, en particulier, l&#8217;ecz\u00e9ma qui a une origine g\u00e9n\u00e9tique.<\/p>\n<h2 style=\"text-align: justify;\"><span style=\"color: #75c9d3;\"><strong>Symptomatologie<\/strong><\/span><\/h2>\n<p style=\"text-align: justify;\">Les l\u00e9sions produites par l&#8217;ecz\u00e9ma sont caract\u00e9ris\u00e9es par la combinaison de la rougeur (\u00e9ryth\u00e8me), des l\u00e9sions avec de volume (papules) et parfois par l&#8217;apparition des v\u00e9sicules ou squames.<\/p>\n<p style=\"text-align: justify;\">L\u2019ecz\u00e9ma \u00e9volue selon le temps qu&#8217;il fait qu&#8217;il est apparu:<\/p>\n<ul style=\"text-align: justify;\">\n<li><em>L\u00e9sion aigu\u00eb<\/em>: la peau est tr\u00e8s rouge, chaude et avec des v\u00e9sicules remplies de liquide transparent, qui peuvent parfois exploser provoquant la formation d&#8217;une cro\u00fbte de surface.<\/li>\n<li><em>L\u00e9sion chronique<\/em>: la peau, dans ce cas, il est de plus en plus s\u00e8che, \u00e9paisse et avec une production d&#8217;\u00e9cailles.<\/li>\n<\/ul>\n<h2 style=\"text-align: justify;\"><span style=\"color: #75c9d3;\"><strong>Causes<\/strong><\/span><\/h2>\n<p style=\"text-align: justify;\">Il y a plusieurs facteurs qui peuvent causer l&#8217;ecz\u00e9ma:<\/p>\n<ul style=\"text-align: justify;\">\n<li>Allergie<\/li>\n<li>Substances irritants<\/li>\n<li>Facteur g\u00e9n\u00e9tique<\/li>\n<li>Coexistence avec d&#8217;autres maladies<\/li>\n<\/ul>\n<h2 style=\"text-align: justify;\"><span style=\"color: #75c9d3;\"><strong>Types<\/strong><\/span><\/h2>\n<p style=\"text-align: justify;\">Il y a trois types d&#8217;ecz\u00e9ma selon les sympt\u00f4mes pr\u00e9sent\u00e9s:<\/p>\n<ul style=\"text-align: justify;\">\n<li><u>Ecz\u00e9ma atopique:<\/u><\/li>\n<\/ul>\n<p style=\"text-align: justify;\">Il pr\u00e9sente des l\u00e9sions rouges et des d\u00e9mangeaisons intenses, provoquant une desquamation de la zone. L\u2019ecz\u00e8ma atopique est associ\u00e9 \u00e0 des maladies allergiques (asthme, urticaire, rhinite allergique et la s\u00e9cheresse de la peau).\u00a0<strong>Pour plus d\u2019informations: cliquez\u00a0<a href=\"https:\/\/www.lopezgil.com\/fr\/dermatologie-clinique\/dermatite-atopique\/\">ici<\/a>\u00a0<\/strong><\/p>\n<ul style=\"text-align: justify;\">\n<li><u>Ecz\u00e9ma s\u00e9borrh\u00e9ique<\/u><strong>: <\/strong><\/li>\n<\/ul>\n<p style=\"text-align: justify;\">Pr\u00e9sente des \u00e9chelles de couleur blanch\u00e2tre ou jaun\u00e2tre sur une zone rouge\u00e2tre. C\u2019est fr\u00e9quent chez les enfants au cours des premiers mois de la vie sur le cuir chevelu (cro\u00fbtes de lait) et dans la zone de la couche. En ce qui concerne les adultes, l&#8217;eczema se produit g\u00e9n\u00e9ralement sur le visage, les oreilles et le cuir chevelu, mais peut affecter d&#8217;autres zones du corps.\u00a0<strong>Pour plus d\u2019informations: cliquez\u00a0<a href=\"https:\/\/www.lopezgil.com\/fr\/dermatologie-clinique\/dermatite-seborrheique\/\">ici<\/a>\u00a0<\/strong><\/p>\n<ul style=\"text-align: justify;\">\n<li><u>\u00c8cz\u00e9ma de contact <\/u><strong>:<\/strong><\/li>\n<\/ul>\n<p style=\"text-align: justify;\">Ce type d&#8217;ecz\u00e9ma est g\u00e9n\u00e9ralement due \u00e0 une r\u00e9action allergique \u00e0 un produit de contact. Il est recommand\u00e9 d&#8217;effectuer des tests cutan\u00e9s pour d\u00e9tecter la substance qui provoque cette<\/p>\n<h2 style=\"text-align: justify;\"><span style=\"color: #75c9d3;\"><strong>Traitement de l&#8217;eczema<\/strong><\/span><\/h2>\n<p style=\"text-align: justify;\">Nous parlons de diff\u00e9rents traitements:<\/p>\n<ul>\n<li style=\"text-align: justify;\"><em>M<\/em>esures g\u00e9n\u00e9rales:<\/li>\n<li style=\"text-align: justify;\">\u00c9vitez lavages excessives<\/li>\n<li style=\"text-align: justify;\">Utilisez un savon sans d\u00e9tergent<\/li>\n<li style=\"text-align: justify;\">Hydrater tous les jours la peau<\/li>\n<li style=\"text-align: justify;\">\u00c9viter tout contact avec des produits irritants et avec des produits \u00e0 ceux qui vous avez une allergie.<\/li>\n<li style=\"text-align: justify;\"><em>Traitements topiques:<\/em> avec des corticost\u00e9ro\u00efdes topiques pour une p\u00e9riode limit\u00e9e ou avec des immunomodulateurs topiques (pim\u00e9crolimus et tacrolimus).<\/li>\n<li style=\"text-align: justify;\"><em>Phototh\u00e9rapie:<\/em> dans les cas o\u00f9 le patient n&#8217;a pas r\u00e9pondu aux traitements ant\u00e9rieurs et\/ou dans les cas chroniques il est conseill\u00e9 l&#8217;utilisation de la phototh\u00e9rapie qui a un effet anti-inflammatoire sur la peau. Il consiste \u00e0 appliquer rayonnements ultraviolets de type A et\/ou B UVA\/UVB dans une cabine m\u00e9dicale.<\/li>\n<\/ul>\n","protected":false},"excerpt":{"rendered":"<p>[vc_row][vc_column][vc_row_inner][vc_column_inner][\/vc_column_inner][\/vc_row_inner][\/vc_column][\/vc_row][vc_row][vc_column width=&#8221;3\/4&#8243; css=&#8221;.vc_custom_1473066092346{margin-top: 0px !important;}&#8221;][vc_column_text css=&#8221;.vc_custom_1473066053815{margin-top: 0px !important;}&#8221;] Qu&#8217;est que c&#8217;est eczema? Les ecz\u00e9mes sont un groupe de maladies de la peau o\u00f9 il y a une inflammation qui pr\u00e9sente diverses blessures. Ils sont caract\u00e9ris\u00e9s pour commen\u00e7ant par un rougissement de la zone touch\u00e9e, provoquant des d\u00e9mangeaisons intenses et la desquamation. Ils peuvent facilement \u00eatre [&hellip;]<\/p>\n","protected":false},"author":5,"featured_media":0,"parent":1429,"menu_order":5,"comment_status":"closed","ping_status":"closed","template":"soulmedic\/tpl-feature.php","meta":{"footnotes":""},"class_list":["post-3282","page","type-page","status-publish","hentry"],"yoast_head":"<!-- This site is optimized with the Yoast SEO plugin v19.12 - https:\/\/yoast.com\/wordpress\/plugins\/seo\/ -->\n<title>Eczema | Dr. Lopez Gil | Clinica Teknon Barcelona<\/title>\n<meta name=\"description\" content=\"Causes, types: ecz\u00e9ma atopique, s\u00e9borrh\u00e9ique et de contact. Dans notre clinique dermatologique, nous appliquons des traitements personnalis\u00e9s.\" \/>\n<meta name=\"robots\" content=\"index, follow, max-snippet:-1, max-image-preview:large, max-video-preview:-1\" \/>\n<link rel=\"canonical\" href=\"https:\/\/www.lopezgil.com\/fr\/dermatologie-clinique\/eczema\/\" \/>\n<meta property=\"og:locale\" content=\"fr_FR\" \/>\n<meta property=\"og:type\" content=\"article\" \/>\n<meta property=\"og:title\" content=\"Eczema | Dr. Lopez Gil | Clinica Teknon Barcelona\" \/>\n<meta property=\"og:description\" content=\"Causes, types: ecz\u00e9ma atopique, s\u00e9borrh\u00e9ique et de contact. Dans notre clinique dermatologique, nous appliquons des traitements personnalis\u00e9s.\" \/>\n<meta property=\"og:url\" content=\"https:\/\/www.lopezgil.com\/fr\/dermatologie-clinique\/eczema\/\" \/>\n<meta property=\"og:site_name\" content=\"Dr. Lopez Gil\" \/>\n<meta property=\"article:modified_time\" content=\"2019-12-05T23:39:24+00:00\" \/>\n<meta name=\"twitter:card\" content=\"summary_large_image\" \/>\n<meta name=\"twitter:label1\" content=\"Est. reading time\" \/>\n\t<meta name=\"twitter:data1\" content=\"3 minutes\" \/>\n<script type=\"application\/ld+json\" class=\"yoast-schema-graph\">{\"@context\":\"https:\/\/schema.org\",\"@graph\":[{\"@type\":\"WebPage\",\"@id\":\"https:\/\/www.lopezgil.com\/fr\/dermatologie-clinique\/eczema\/\",\"url\":\"https:\/\/www.lopezgil.com\/fr\/dermatologie-clinique\/eczema\/\",\"name\":\"Eczema | Dr. Lopez Gil | Clinica Teknon Barcelona\",\"isPartOf\":{\"@id\":\"https:\/\/www.lopezgil.com\/#website\"},\"datePublished\":\"2016-06-10T11:31:36+00:00\",\"dateModified\":\"2019-12-05T23:39:24+00:00\",\"description\":\"Causes, types: ecz\u00e9ma atopique, s\u00e9borrh\u00e9ique et de contact. Dans notre clinique dermatologique, nous appliquons des traitements personnalis\u00e9s.\",\"breadcrumb\":{\"@id\":\"https:\/\/www.lopezgil.com\/fr\/dermatologie-clinique\/eczema\/#breadcrumb\"},\"inLanguage\":\"fr-FR\",\"potentialAction\":[{\"@type\":\"ReadAction\",\"target\":[\"https:\/\/www.lopezgil.com\/fr\/dermatologie-clinique\/eczema\/\"]}]},{\"@type\":\"BreadcrumbList\",\"@id\":\"https:\/\/www.lopezgil.com\/fr\/dermatologie-clinique\/eczema\/#breadcrumb\",\"itemListElement\":[{\"@type\":\"ListItem\",\"position\":1,\"name\":\"Portada\",\"item\":\"https:\/\/www.lopezgil.com\/fr\/\"},{\"@type\":\"ListItem\",\"position\":2,\"name\":\"Dermatologie clinique\",\"item\":\"https:\/\/www.lopezgil.com\/fr\/dermatologie-clinique\/\"},{\"@type\":\"ListItem\",\"position\":3,\"name\":\"Eczema\"}]},{\"@type\":\"WebSite\",\"@id\":\"https:\/\/www.lopezgil.com\/#website\",\"url\":\"https:\/\/www.lopezgil.com\/\",\"name\":\"Dr. Lopez Gil\",\"description\":\"Dermat\u00f3logo Barcelona\",\"potentialAction\":[{\"@type\":\"SearchAction\",\"target\":{\"@type\":\"EntryPoint\",\"urlTemplate\":\"https:\/\/www.lopezgil.com\/?s={search_term_string}\"},\"query-input\":\"required name=search_term_string\"}],\"inLanguage\":\"fr-FR\"}]}<\/script>\n<!-- \/ Yoast SEO plugin. -->","yoast_head_json":{"title":"Eczema | Dr. Lopez Gil | Clinica Teknon Barcelona","description":"Causes, types: ecz\u00e9ma atopique, s\u00e9borrh\u00e9ique et de contact. Dans notre clinique dermatologique, nous appliquons des traitements personnalis\u00e9s.","robots":{"index":"index","follow":"follow","max-snippet":"max-snippet:-1","max-image-preview":"max-image-preview:large","max-video-preview":"max-video-preview:-1"},"canonical":"https:\/\/www.lopezgil.com\/fr\/dermatologie-clinique\/eczema\/","og_locale":"fr_FR","og_type":"article","og_title":"Eczema | Dr. Lopez Gil | Clinica Teknon Barcelona","og_description":"Causes, types: ecz\u00e9ma atopique, s\u00e9borrh\u00e9ique et de contact. Dans notre clinique dermatologique, nous appliquons des traitements personnalis\u00e9s.","og_url":"https:\/\/www.lopezgil.com\/fr\/dermatologie-clinique\/eczema\/","og_site_name":"Dr. Lopez Gil","article_modified_time":"2019-12-05T23:39:24+00:00","twitter_card":"summary_large_image","twitter_misc":{"Est. reading time":"3 minutes"},"schema":{"@context":"https:\/\/schema.org","@graph":[{"@type":"WebPage","@id":"https:\/\/www.lopezgil.com\/fr\/dermatologie-clinique\/eczema\/","url":"https:\/\/www.lopezgil.com\/fr\/dermatologie-clinique\/eczema\/","name":"Eczema | Dr. Lopez Gil | Clinica Teknon Barcelona","isPartOf":{"@id":"https:\/\/www.lopezgil.com\/#website"},"datePublished":"2016-06-10T11:31:36+00:00","dateModified":"2019-12-05T23:39:24+00:00","description":"Causes, types: ecz\u00e9ma atopique, s\u00e9borrh\u00e9ique et de contact. Dans notre clinique dermatologique, nous appliquons des traitements personnalis\u00e9s.","breadcrumb":{"@id":"https:\/\/www.lopezgil.com\/fr\/dermatologie-clinique\/eczema\/#breadcrumb"},"inLanguage":"fr-FR","potentialAction":[{"@type":"ReadAction","target":["https:\/\/www.lopezgil.com\/fr\/dermatologie-clinique\/eczema\/"]}]},{"@type":"BreadcrumbList","@id":"https:\/\/www.lopezgil.com\/fr\/dermatologie-clinique\/eczema\/#breadcrumb","itemListElement":[{"@type":"ListItem","position":1,"name":"Portada","item":"https:\/\/www.lopezgil.com\/fr\/"},{"@type":"ListItem","position":2,"name":"Dermatologie clinique","item":"https:\/\/www.lopezgil.com\/fr\/dermatologie-clinique\/"},{"@type":"ListItem","position":3,"name":"Eczema"}]},{"@type":"WebSite","@id":"https:\/\/www.lopezgil.com\/#website","url":"https:\/\/www.lopezgil.com\/","name":"Dr. Lopez Gil","description":"Dermat\u00f3logo Barcelona","potentialAction":[{"@type":"SearchAction","target":{"@type":"EntryPoint","urlTemplate":"https:\/\/www.lopezgil.com\/?s={search_term_string}"},"query-input":"required name=search_term_string"}],"inLanguage":"fr-FR"}]}},"_links":{"self":[{"href":"https:\/\/www.lopezgil.com\/fr\/wp-json\/wp\/v2\/pages\/3282","targetHints":{"allow":["GET"]}}],"collection":[{"href":"https:\/\/www.lopezgil.com\/fr\/wp-json\/wp\/v2\/pages"}],"about":[{"href":"https:\/\/www.lopezgil.com\/fr\/wp-json\/wp\/v2\/types\/page"}],"author":[{"embeddable":true,"href":"https:\/\/www.lopezgil.com\/fr\/wp-json\/wp\/v2\/users\/5"}],"replies":[{"embeddable":true,"href":"https:\/\/www.lopezgil.com\/fr\/wp-json\/wp\/v2\/comments?post=3282"}],"version-history":[{"count":3,"href":"https:\/\/www.lopezgil.com\/fr\/wp-json\/wp\/v2\/pages\/3282\/revisions"}],"predecessor-version":[{"id":4813,"href":"https:\/\/www.lopezgil.com\/fr\/wp-json\/wp\/v2\/pages\/3282\/revisions\/4813"}],"up":[{"embeddable":true,"href":"https:\/\/www.lopezgil.com\/fr\/wp-json\/wp\/v2\/pages\/1429"}],"wp:attachment":[{"href":"https:\/\/www.lopezgil.com\/fr\/wp-json\/wp\/v2\/media?parent=3282"}],"curies":[{"name":"wp","href":"https:\/\/api.w.org\/{rel}","templated":true}]}}