{"id":3277,"date":"2016-06-10T11:29:14","date_gmt":"2016-06-10T11:29:14","guid":{"rendered":"https:\/\/www.lopezgil.com\/dermatologie-clinique\/enfermedades-transmision-sexual\/"},"modified":"2019-12-06T17:13:39","modified_gmt":"2019-12-06T17:13:39","slug":"maladies-sexuellement-transmissibles","status":"publish","type":"page","link":"https:\/\/www.lopezgil.com\/fr\/dermatologie-clinique\/maladies-sexuellement-transmissibles\/","title":{"rendered":"Le virus du papillomavirus humain (VPH)"},"content":{"rendered":"<div id=\"fb-root\"><\/div>\n<p style=\"text-align: justify;\">[vc_row][vc_column][vc_row_inner][vc_column_inner]<script type=\"text\/javascript\">jQuery(function() { _initLayerSlider( '#layerslider_22_1hn2ncz85n4q0', {sliderVersion: '', responsiveUnder: 0, layersContainer: 0, hideUnder: 0, hideOver: 100000, pauseOnHover: 1, skin: 'v5', sliderFadeInDuration: 350, useSrcset: true, skinsPath: 'https:\/\/www.lopezgil.com\/wp-content\/plugins\/LayerSlider\/assets\/static\/layerslider\/skins\/', type: 'responsive', showCircleTimer: false, performanceMode: true}); });<\/script><div id=\"layerslider_22_1hn2ncz85n4q0\" class=\"ls-wp-container fitvidsignore\" style=\"width:600px;height:200px;margin:0 auto;margin-bottom: 0px;\"><div class=\"ls-slide\" data-ls=\"duration:4000;\"><img loading=\"lazy\" decoding=\"async\" width=\"600\" height=\"200\" src=\"https:\/\/www.lopezgil.com\/wp-content\/uploads\/drlopezgil_dermatologia_barcelona_600x200_enfermedades_transmision_sexual_ets.jpg\" class=\"ls-bg\" alt=\"drlopezgil_dermatologia_barcelona_600x200_enfermedades_transmision_sexual_ets\" srcset=\"https:\/\/www.lopezgil.com\/wp-content\/uploads\/drlopezgil_dermatologia_barcelona_600x200_enfermedades_transmision_sexual_ets.jpg 600w, https:\/\/www.lopezgil.com\/wp-content\/uploads\/drlopezgil_dermatologia_barcelona_600x200_enfermedades_transmision_sexual_ets-300x100.jpg 300w\" sizes=\"auto, (max-width: 600px) 100vw, 600px\" \/><\/div><\/div>[\/vc_column_inner][\/vc_row_inner][\/vc_column][\/vc_row][vc_row][vc_column width=&#8221;3\/4&#8243; css=&#8221;.vc_custom_1473066092346{margin-top: 0px !important;}&#8221;][vc_column_text css=&#8221;.vc_custom_1473066053815{margin-top: 0px !important;}&#8221;]\n<h2 style=\"text-align: justify;\"><span style=\"color: #75c9d3;\"><strong>Le virus du papillomavirus humain, q<\/strong><\/span><span style=\"color: #75c9d3;\"><strong>u&#8217;est que c&#8217;est?<\/strong><\/span><\/h2>\n<p style=\"text-align: justify;\">Le papillomavirus humain (HPV) est un regroupement de plus de 150 types de virus qui se manifestent principalement avec des l\u00e9sions b\u00e9nignes telles que des verrues ou des condylomes. Cependant, il y a certains avec une capacit\u00e9 sp\u00e9ciale pour infecter la r\u00e9gion g\u00e9nitale, ils sont les responsables de causer le cancer de l&#8217;ut\u00e9rus, du vagin, de la vulve ou du p\u00e9nis.<\/p>\n<h2 style=\"text-align: justify;\"><span style=\"color: #75c9d3;\"><strong>Qui est concern\u00e9?<\/strong><\/span><\/h2>\n<p style=\"text-align: justify;\">Le VPH est si commun que presque tous les hommes sexuellement actifs et les femmes l&#8217;ont ou l&#8217;ont eu \u00e0 un moment donn\u00e9 dans leur vie et la plupart d&#8217;eux ne savent pas ni sauront que ils l&#8217;ont acquis.<\/p>\n<p style=\"text-align: justify;\">Les personnes consid\u00e9r\u00e9es \u00e0 haut risque sont:<\/p>\n<ul style=\"text-align: justify;\">\n<li>Les gens qui ont un comportement sexuel \u00e0 haut risque par l&#8217;absence de toute m\u00e9thode de pr\u00e9vention.<\/li>\n<li>Jeunes femmes de moins de 25 ans et femmes de 40-45 ans<\/li>\n<li>Fumeurs<\/li>\n<li>Les femmes ayant un nombre \u00e9lev\u00e9 de grossesses<\/li>\n<li>Malnutrition<\/li>\n<li>Syst\u00e8me immunitaire d\u00e9prim\u00e9<\/li>\n<\/ul>\n<h2 style=\"text-align: justify;\"><span style=\"color: #75c9d3;\"><strong>Symptomatologie du virus du papillomavirus humain<\/strong><\/span><\/h2>\n<p style=\"text-align: justify;\">La plupart des infections \u00e0 HPV ne provoquent aucun sympt\u00f4me et disparaissent par elles-m\u00eames. \u00c7a oui, celles qui ne disparaissent pas, peuvent d\u00e9velopper des verrues ou d&#8217;un cancer, en fonction du type de VPH qui est acquis.<\/p>\n<p style=\"text-align: justify;\">Il est important de savoir que les verrues ou le cancer peuvent prendre des ann\u00e9es \u00e0 appara\u00eetre apr\u00e8s qu&#8217;une personne a \u00e9t\u00e9 infect\u00e9e.<\/p>\n<p style=\"text-align: justify;\">Avoir \u00e9t\u00e9 infect\u00e9 par un type particulier de HPV dans le pass\u00e9, il ne garantit pas que vous ne pouvez pas retourner \u00e0 souffrir d&#8217;une infection ult\u00e9rieure par le m\u00eame type.<\/p>\n<h2 style=\"text-align: justify;\"><span style=\"color: #75c9d3;\"><strong>Causes<\/strong><\/span><\/h2>\n<p style=\"text-align: justify;\">Le virus du papillomavirus humain (HPV) est une des maladies sexuellement transmissibles les plus courantes. Elle est transmise par le maintien de relations sexuelles orales, vaginales ou anales avec une personne infect\u00e9e parce qu&#8217;il y a un contact entre les membranes muqueuses. Il peut \u00eatre transmis m\u00eame lorsque la personne infect\u00e9e ne pr\u00e9sente aucun sympt\u00f4me.<\/p>\n<h2 style=\"text-align: justify;\"><span style=\"color: #75c9d3;\"><strong>Types<\/strong><\/span><\/h2>\n<p style=\"text-align: justify;\">Nous pouvons le classer en fonction de sa virulence:<\/p>\n<ul style=\"text-align: justify;\">\n<li><em>Pas de risque:<\/em> elles n&#8217;ont pas d&#8217;effets nocifs du tout.<\/li>\n<li><em>Faible risque:<\/em> elles peuvent causer des verrues g\u00e9nitales, anales, buccales ou de la gorge.<\/li>\n<li><em>Risque \u00e9lev\u00e9:<\/em> peuvent provoquer des modifications cellulaires qui peuvent induire des cancers du col de l&#8217;ut\u00e9rus, de la vulve, du vagin ou de l&#8217;anus. Chez les hommes, ils peuvent provoquer cancer anale et du p\u00e9nis.<\/li>\n<\/ul>\n<h2 style=\"text-align: justify;\"><span style=\"color: #75c9d3;\"><strong>Traitement de le virus du papillomavirus humain<\/strong><\/span><\/h2>\n<p style=\"text-align: justify;\">La plupart des infections par le papillomavirus humain disparaissent par elles-m\u00eames entre 8- 13 mois de l&#8217;infestation. Cependant, il y a certaines infections qui ne disparaissent pas et restent avec dormance dans l&#8217;organisme pendant des ann\u00e9es sans \u00eatre d\u00e9tect\u00e9es. Il est pour cette raison qu&#8217;il est souvent tr\u00e8s difficile de d\u00e9terminer la source de l&#8217;infection.<\/p>\n<p style=\"text-align: justify;\">M\u00eame si actuellement il n&#8217;y a pas de traitement m\u00e9dical antiviral sp\u00e9cifique, les verrues g\u00e9nitales sont g\u00e9n\u00e9ralement trait\u00e9es avec des applications topiques, cryoth\u00e9rapie ou avec un traitement au laser.<\/p>\n<p style=\"text-align: justify;\">Il est recommand\u00e9 de faire un frottis de grattage cervical (Pap), ainsi que des tests sp\u00e9cifiques r\u00e9guli\u00e8rement pour la pr\u00e9vention et la d\u00e9tection pr\u00e9coce d&#8217;un possible cancer du col ut\u00e9rin, surtout chez les personnes jug\u00e9es \u00e0 risque \u00e9lev\u00e9.<\/p>\n<p>&nbsp;<\/p>\n","protected":false},"excerpt":{"rendered":"<p>[vc_row][vc_column][vc_row_inner][vc_column_inner][\/vc_column_inner][\/vc_row_inner][\/vc_column][\/vc_row][vc_row][vc_column width=&#8221;3\/4&#8243; css=&#8221;.vc_custom_1473066092346{margin-top: 0px !important;}&#8221;][vc_column_text css=&#8221;.vc_custom_1473066053815{margin-top: 0px !important;}&#8221;] Le virus du papillomavirus humain, qu&#8217;est que c&#8217;est? Le papillomavirus humain (HPV) est un regroupement de plus de 150 types de virus qui se manifestent principalement avec des l\u00e9sions b\u00e9nignes telles que des verrues ou des condylomes. Cependant, il y a certains avec une capacit\u00e9 sp\u00e9ciale pour [&hellip;]<\/p>\n","protected":false},"author":5,"featured_media":0,"parent":1429,"menu_order":6,"comment_status":"closed","ping_status":"closed","template":"soulmedic\/tpl-feature.php","meta":{"footnotes":""},"class_list":["post-3277","page","type-page","status-publish","hentry"],"yoast_head":"<!-- This site is optimized with the Yoast SEO plugin v19.12 - https:\/\/yoast.com\/wordpress\/plugins\/seo\/ -->\n<title>Le virus du papillomavirus humain (VPH) | Dr. Lopez Gil<\/title>\n<meta name=\"description\" content=\"Le papillomavirus humain int\u00e8gre un groupe de plus de 150 types de virus qui se manifestent principalement par des l\u00e9sions b\u00e9nignes telles que les verrues\" \/>\n<meta name=\"robots\" content=\"index, follow, max-snippet:-1, max-image-preview:large, max-video-preview:-1\" \/>\n<link rel=\"canonical\" href=\"https:\/\/www.lopezgil.com\/fr\/dermatologie-clinique\/maladies-sexuellement-transmissibles\/\" \/>\n<meta property=\"og:locale\" content=\"fr_FR\" \/>\n<meta property=\"og:type\" content=\"article\" \/>\n<meta property=\"og:title\" content=\"Le virus du papillomavirus humain (VPH) | Dr. Lopez Gil\" \/>\n<meta property=\"og:description\" content=\"Le papillomavirus humain int\u00e8gre un groupe de plus de 150 types de virus qui se manifestent principalement par des l\u00e9sions b\u00e9nignes telles que les verrues\" \/>\n<meta property=\"og:url\" content=\"https:\/\/www.lopezgil.com\/fr\/dermatologie-clinique\/maladies-sexuellement-transmissibles\/\" \/>\n<meta property=\"og:site_name\" content=\"Dr. Lopez Gil\" \/>\n<meta property=\"article:modified_time\" content=\"2019-12-06T17:13:39+00:00\" \/>\n<meta name=\"twitter:card\" content=\"summary_large_image\" \/>\n<meta name=\"twitter:label1\" content=\"Est. reading time\" \/>\n\t<meta name=\"twitter:data1\" content=\"3 minutes\" \/>\n<script type=\"application\/ld+json\" class=\"yoast-schema-graph\">{\"@context\":\"https:\/\/schema.org\",\"@graph\":[{\"@type\":\"WebPage\",\"@id\":\"https:\/\/www.lopezgil.com\/fr\/dermatologie-clinique\/maladies-sexuellement-transmissibles\/\",\"url\":\"https:\/\/www.lopezgil.com\/fr\/dermatologie-clinique\/maladies-sexuellement-transmissibles\/\",\"name\":\"Le virus du papillomavirus humain (VPH) | Dr. Lopez Gil\",\"isPartOf\":{\"@id\":\"https:\/\/www.lopezgil.com\/#website\"},\"datePublished\":\"2016-06-10T11:29:14+00:00\",\"dateModified\":\"2019-12-06T17:13:39+00:00\",\"description\":\"Le papillomavirus humain int\u00e8gre un groupe de plus de 150 types de virus qui se manifestent principalement par des l\u00e9sions b\u00e9nignes telles que les verrues\",\"breadcrumb\":{\"@id\":\"https:\/\/www.lopezgil.com\/fr\/dermatologie-clinique\/maladies-sexuellement-transmissibles\/#breadcrumb\"},\"inLanguage\":\"fr-FR\",\"potentialAction\":[{\"@type\":\"ReadAction\",\"target\":[\"https:\/\/www.lopezgil.com\/fr\/dermatologie-clinique\/maladies-sexuellement-transmissibles\/\"]}]},{\"@type\":\"BreadcrumbList\",\"@id\":\"https:\/\/www.lopezgil.com\/fr\/dermatologie-clinique\/maladies-sexuellement-transmissibles\/#breadcrumb\",\"itemListElement\":[{\"@type\":\"ListItem\",\"position\":1,\"name\":\"Portada\",\"item\":\"https:\/\/www.lopezgil.com\/fr\/\"},{\"@type\":\"ListItem\",\"position\":2,\"name\":\"Dermatologie clinique\",\"item\":\"https:\/\/www.lopezgil.com\/fr\/dermatologie-clinique\/\"},{\"@type\":\"ListItem\",\"position\":3,\"name\":\"Le virus du papillomavirus humain (VPH)\"}]},{\"@type\":\"WebSite\",\"@id\":\"https:\/\/www.lopezgil.com\/#website\",\"url\":\"https:\/\/www.lopezgil.com\/\",\"name\":\"Dr. Lopez Gil\",\"description\":\"Dermat\u00f3logo Barcelona\",\"potentialAction\":[{\"@type\":\"SearchAction\",\"target\":{\"@type\":\"EntryPoint\",\"urlTemplate\":\"https:\/\/www.lopezgil.com\/?s={search_term_string}\"},\"query-input\":\"required name=search_term_string\"}],\"inLanguage\":\"fr-FR\"}]}<\/script>\n<!-- \/ Yoast SEO plugin. -->","yoast_head_json":{"title":"Le virus du papillomavirus humain (VPH) | Dr. Lopez Gil","description":"Le papillomavirus humain int\u00e8gre un groupe de plus de 150 types de virus qui se manifestent principalement par des l\u00e9sions b\u00e9nignes telles que les verrues","robots":{"index":"index","follow":"follow","max-snippet":"max-snippet:-1","max-image-preview":"max-image-preview:large","max-video-preview":"max-video-preview:-1"},"canonical":"https:\/\/www.lopezgil.com\/fr\/dermatologie-clinique\/maladies-sexuellement-transmissibles\/","og_locale":"fr_FR","og_type":"article","og_title":"Le virus du papillomavirus humain (VPH) | Dr. Lopez Gil","og_description":"Le papillomavirus humain int\u00e8gre un groupe de plus de 150 types de virus qui se manifestent principalement par des l\u00e9sions b\u00e9nignes telles que les verrues","og_url":"https:\/\/www.lopezgil.com\/fr\/dermatologie-clinique\/maladies-sexuellement-transmissibles\/","og_site_name":"Dr. Lopez Gil","article_modified_time":"2019-12-06T17:13:39+00:00","twitter_card":"summary_large_image","twitter_misc":{"Est. reading time":"3 minutes"},"schema":{"@context":"https:\/\/schema.org","@graph":[{"@type":"WebPage","@id":"https:\/\/www.lopezgil.com\/fr\/dermatologie-clinique\/maladies-sexuellement-transmissibles\/","url":"https:\/\/www.lopezgil.com\/fr\/dermatologie-clinique\/maladies-sexuellement-transmissibles\/","name":"Le virus du papillomavirus humain (VPH) | Dr. Lopez Gil","isPartOf":{"@id":"https:\/\/www.lopezgil.com\/#website"},"datePublished":"2016-06-10T11:29:14+00:00","dateModified":"2019-12-06T17:13:39+00:00","description":"Le papillomavirus humain int\u00e8gre un groupe de plus de 150 types de virus qui se manifestent principalement par des l\u00e9sions b\u00e9nignes telles que les verrues","breadcrumb":{"@id":"https:\/\/www.lopezgil.com\/fr\/dermatologie-clinique\/maladies-sexuellement-transmissibles\/#breadcrumb"},"inLanguage":"fr-FR","potentialAction":[{"@type":"ReadAction","target":["https:\/\/www.lopezgil.com\/fr\/dermatologie-clinique\/maladies-sexuellement-transmissibles\/"]}]},{"@type":"BreadcrumbList","@id":"https:\/\/www.lopezgil.com\/fr\/dermatologie-clinique\/maladies-sexuellement-transmissibles\/#breadcrumb","itemListElement":[{"@type":"ListItem","position":1,"name":"Portada","item":"https:\/\/www.lopezgil.com\/fr\/"},{"@type":"ListItem","position":2,"name":"Dermatologie clinique","item":"https:\/\/www.lopezgil.com\/fr\/dermatologie-clinique\/"},{"@type":"ListItem","position":3,"name":"Le virus du papillomavirus humain (VPH)"}]},{"@type":"WebSite","@id":"https:\/\/www.lopezgil.com\/#website","url":"https:\/\/www.lopezgil.com\/","name":"Dr. Lopez Gil","description":"Dermat\u00f3logo Barcelona","potentialAction":[{"@type":"SearchAction","target":{"@type":"EntryPoint","urlTemplate":"https:\/\/www.lopezgil.com\/?s={search_term_string}"},"query-input":"required name=search_term_string"}],"inLanguage":"fr-FR"}]}},"_links":{"self":[{"href":"https:\/\/www.lopezgil.com\/fr\/wp-json\/wp\/v2\/pages\/3277","targetHints":{"allow":["GET"]}}],"collection":[{"href":"https:\/\/www.lopezgil.com\/fr\/wp-json\/wp\/v2\/pages"}],"about":[{"href":"https:\/\/www.lopezgil.com\/fr\/wp-json\/wp\/v2\/types\/page"}],"author":[{"embeddable":true,"href":"https:\/\/www.lopezgil.com\/fr\/wp-json\/wp\/v2\/users\/5"}],"replies":[{"embeddable":true,"href":"https:\/\/www.lopezgil.com\/fr\/wp-json\/wp\/v2\/comments?post=3277"}],"version-history":[{"count":4,"href":"https:\/\/www.lopezgil.com\/fr\/wp-json\/wp\/v2\/pages\/3277\/revisions"}],"predecessor-version":[{"id":4909,"href":"https:\/\/www.lopezgil.com\/fr\/wp-json\/wp\/v2\/pages\/3277\/revisions\/4909"}],"up":[{"embeddable":true,"href":"https:\/\/www.lopezgil.com\/fr\/wp-json\/wp\/v2\/pages\/1429"}],"wp:attachment":[{"href":"https:\/\/www.lopezgil.com\/fr\/wp-json\/wp\/v2\/media?parent=3277"}],"curies":[{"name":"wp","href":"https:\/\/api.w.org\/{rel}","templated":true}]}}