{"id":3213,"date":"2016-06-16T09:50:44","date_gmt":"2016-06-16T09:50:44","guid":{"rendered":"https:\/\/www.lopezgil.com\/cancer-de-piel-barcelona\/tratamiento-cancer-sin-cirugia\/"},"modified":"2019-12-09T13:26:54","modified_gmt":"2019-12-09T13:26:54","slug":"traitement-du-cancer-de-la-peau-sans-chirurgie","status":"publish","type":"page","link":"https:\/\/www.lopezgil.com\/fr\/dermatologie-oncologique-barcelona\/traitement-du-cancer-de-la-peau-sans-chirurgie\/","title":{"rendered":"Traitement du cancer de la peau sans chirurgie"},"content":{"rendered":"<div id=\"fb-root\"><\/div>\n[vc_row][vc_column][vc_row_inner][vc_column_inner]<script type=\"text\/javascript\">jQuery(function() { _initLayerSlider( '#layerslider_52_ro53roloek3x', {sliderVersion: '', responsiveUnder: 0, layersContainer: 0, hideUnder: 0, hideOver: 100000, pauseOnHover: 1, skin: 'v5', sliderFadeInDuration: 350, useSrcset: true, skinsPath: 'https:\/\/www.lopezgil.com\/wp-content\/plugins\/LayerSlider\/assets\/static\/layerslider\/skins\/', type: 'responsive', showCircleTimer: false, performanceMode: true}); });<\/script><div id=\"layerslider_52_ro53roloek3x\" class=\"ls-wp-container fitvidsignore\" style=\"width:600px;height:200px;margin:0 auto;margin-bottom: 0px;\"><div class=\"ls-slide\" data-ls=\"duration:4000;\"><img loading=\"lazy\" decoding=\"async\" width=\"600\" height=\"200\" src=\"https:\/\/www.lopezgil.com\/wp-content\/uploads\/drlopezgil_dermatologia_barcelona_600x200_terapia_fotodinamica_tractament_cancer_pell_sense_cirurgia.jpg\" class=\"ls-bg\" alt=\"drlopezgil_dermatologia_barcelona_600x200_terapia_fotodinamica_tractament_cancer_pell_sense_cirurgia\" srcset=\"https:\/\/www.lopezgil.com\/wp-content\/uploads\/drlopezgil_dermatologia_barcelona_600x200_terapia_fotodinamica_tractament_cancer_pell_sense_cirurgia.jpg 600w, https:\/\/www.lopezgil.com\/wp-content\/uploads\/drlopezgil_dermatologia_barcelona_600x200_terapia_fotodinamica_tractament_cancer_pell_sense_cirurgia-300x100.jpg 300w\" sizes=\"auto, (max-width: 600px) 100vw, 600px\" \/><\/div><\/div>[\/vc_column_inner][\/vc_row_inner][\/vc_column][\/vc_row][vc_row][vc_column css=&#8221;.vc_custom_1473066092346{margin-top: 0px !important;}&#8221;][vc_column_text css=&#8221;.vc_custom_1575897935114{margin-top: 0px !important;}&#8221;]\n<h2 style=\"text-align: justify;\"><\/h2>\n<h2 style=\"text-align: left;\"><span style=\"color: #75c9d3;\"><strong>Traitement du cancer de la peau sans chirurgie: Therapie photodynamique<\/strong><\/span><\/h2>\n<p style=\"text-align: justify;\">La Th\u00e9rapie photodynamique est une technique qui est r\u00e9alis\u00e9e en consultation externe dans les locaux de la clinique et permet de traiter les l\u00e9sions pr\u00e9canc\u00e9reuses (k\u00e9ratoses actiniques) et le Carcinome basocellulaire superficiel sans chirurgie ou anesth\u00e9sie.<\/p>\n<p style=\"text-align: justify;\">La proc\u00e9dure implique la pr\u00e9paration de la zone de traitement avec un raclage et l&#8217;application ult\u00e9rieure du m\u00e9dicament topique le laissant agir pendant trois heures. Pendant ce temps, le principe actif p\u00e9n\u00e8tre s\u00e9lectivement dans les cellules tumorales en faisant que la tumeur devienne sensible \u00e0 la lumi\u00e8re rouge.<\/p>\n<p style=\"text-align: justify;\">Par la suite, le traitement est effectu\u00e9 avec une lampe photodynamique. Lorsque les cellules malignes sont illumin\u00e9es par la lumi\u00e8re de la th\u00e9rapie photodynamique, comme elles sont sensibles \u00e0 la lumi\u00e8re, elles sont d\u00e9truites.<\/p>\n<p style=\"text-align: justify;\">Le grand avantage de cette technique est qu&#8217;elle peut \u00e9liminer la l\u00e9sion pr\u00e9 maligne en respectant toujours les cellules saines et sans chirurgie. Normalement, deux s\u00e9ances sont n\u00e9cessaires.<\/p>\n[\/vc_column_text][\/vc_column][\/vc_row][vc_row][vc_column width=&#8221;1\/2&#8243;][vc_video link=&#8221;https:\/\/youtu.be\/OaXNzG4ARlI&#8221;][\/vc_column][vc_column width=&#8221;1\/2&#8243;][vc_video link=&#8221;https:\/\/youtu.be\/nkYeJv_txGI&#8221;][\/vc_column][\/vc_row][vc_row][vc_column width=&#8221;1\/2&#8243;][vc_video link=&#8221;https:\/\/youtu.be\/jZrc5Itssms&#8221;][\/vc_column][vc_column width=&#8221;1\/2&#8243;][\/vc_column][\/vc_row]\n","protected":false},"excerpt":{"rendered":"<p>[vc_row][vc_column][vc_row_inner][vc_column_inner][\/vc_column_inner][\/vc_row_inner][\/vc_column][\/vc_row][vc_row][vc_column css=&#8221;.vc_custom_1473066092346{margin-top: 0px !important;}&#8221;][vc_column_text css=&#8221;.vc_custom_1575897935114{margin-top: 0px !important;}&#8221;] Traitement du cancer de la peau sans chirurgie: Therapie photodynamique La Th\u00e9rapie photodynamique est une technique qui est r\u00e9alis\u00e9e en consultation externe dans les locaux de la clinique et permet de traiter les l\u00e9sions pr\u00e9canc\u00e9reuses (k\u00e9ratoses actiniques) et le Carcinome basocellulaire superficiel sans chirurgie ou anesth\u00e9sie. La proc\u00e9dure [&hellip;]<\/p>\n","protected":false},"author":5,"featured_media":0,"parent":1590,"menu_order":0,"comment_status":"closed","ping_status":"closed","template":"soulmedic\/tpl-feature.php","meta":{"footnotes":""},"class_list":["post-3213","page","type-page","status-publish","hentry"],"yoast_head":"<!-- This site is optimized with the Yoast SEO plugin v19.12 - https:\/\/yoast.com\/wordpress\/plugins\/seo\/ -->\n<title>Traitement du cancer de la peau sans chirurgie | Dr. Lopez Gil Clinique<\/title>\n<meta name=\"description\" content=\"Clinique dermatologique sp\u00e9cialis\u00e9e dans le traitement du cancer sans chirurgie, avec la technologie la plus avanc\u00e9e. Clinique Teknon, Barcelone.\" \/>\n<meta name=\"robots\" content=\"index, follow, max-snippet:-1, max-image-preview:large, max-video-preview:-1\" \/>\n<link rel=\"canonical\" href=\"https:\/\/www.lopezgil.com\/fr\/dermatologie-oncologique-barcelona\/traitement-du-cancer-de-la-peau-sans-chirurgie\/\" \/>\n<meta property=\"og:locale\" content=\"fr_FR\" \/>\n<meta property=\"og:type\" content=\"article\" \/>\n<meta property=\"og:title\" content=\"Traitement du cancer de la peau sans chirurgie | Dr. Lopez Gil Clinique\" \/>\n<meta property=\"og:description\" content=\"Clinique dermatologique sp\u00e9cialis\u00e9e dans le traitement du cancer sans chirurgie, avec la technologie la plus avanc\u00e9e. Clinique Teknon, Barcelone.\" \/>\n<meta property=\"og:url\" content=\"https:\/\/www.lopezgil.com\/fr\/dermatologie-oncologique-barcelona\/traitement-du-cancer-de-la-peau-sans-chirurgie\/\" \/>\n<meta property=\"og:site_name\" content=\"Dr. Lopez Gil\" \/>\n<meta property=\"article:modified_time\" content=\"2019-12-09T13:26:54+00:00\" \/>\n<meta name=\"twitter:card\" content=\"summary_large_image\" \/>\n<meta name=\"twitter:label1\" content=\"Est. reading time\" \/>\n\t<meta name=\"twitter:data1\" content=\"1 minute\" \/>\n<script type=\"application\/ld+json\" class=\"yoast-schema-graph\">{\"@context\":\"https:\/\/schema.org\",\"@graph\":[{\"@type\":\"WebPage\",\"@id\":\"https:\/\/www.lopezgil.com\/fr\/dermatologie-oncologique-barcelona\/traitement-du-cancer-de-la-peau-sans-chirurgie\/\",\"url\":\"https:\/\/www.lopezgil.com\/fr\/dermatologie-oncologique-barcelona\/traitement-du-cancer-de-la-peau-sans-chirurgie\/\",\"name\":\"Traitement du cancer de la peau sans chirurgie | Dr. Lopez Gil Clinique\",\"isPartOf\":{\"@id\":\"https:\/\/www.lopezgil.com\/#website\"},\"datePublished\":\"2016-06-16T09:50:44+00:00\",\"dateModified\":\"2019-12-09T13:26:54+00:00\",\"description\":\"Clinique dermatologique sp\u00e9cialis\u00e9e dans le traitement du cancer sans chirurgie, avec la technologie la plus avanc\u00e9e. Clinique Teknon, Barcelone.\",\"breadcrumb\":{\"@id\":\"https:\/\/www.lopezgil.com\/fr\/dermatologie-oncologique-barcelona\/traitement-du-cancer-de-la-peau-sans-chirurgie\/#breadcrumb\"},\"inLanguage\":\"fr-FR\",\"potentialAction\":[{\"@type\":\"ReadAction\",\"target\":[\"https:\/\/www.lopezgil.com\/fr\/dermatologie-oncologique-barcelona\/traitement-du-cancer-de-la-peau-sans-chirurgie\/\"]}]},{\"@type\":\"BreadcrumbList\",\"@id\":\"https:\/\/www.lopezgil.com\/fr\/dermatologie-oncologique-barcelona\/traitement-du-cancer-de-la-peau-sans-chirurgie\/#breadcrumb\",\"itemListElement\":[{\"@type\":\"ListItem\",\"position\":1,\"name\":\"Portada\",\"item\":\"https:\/\/www.lopezgil.com\/fr\/\"},{\"@type\":\"ListItem\",\"position\":2,\"name\":\"Dermatologie oncologique\",\"item\":\"https:\/\/www.lopezgil.com\/fr\/dermatologie-oncologique-barcelona\/\"},{\"@type\":\"ListItem\",\"position\":3,\"name\":\"Traitement du cancer de la peau sans chirurgie\"}]},{\"@type\":\"WebSite\",\"@id\":\"https:\/\/www.lopezgil.com\/#website\",\"url\":\"https:\/\/www.lopezgil.com\/\",\"name\":\"Dr. Lopez Gil\",\"description\":\"Dermat\u00f3logo Barcelona\",\"potentialAction\":[{\"@type\":\"SearchAction\",\"target\":{\"@type\":\"EntryPoint\",\"urlTemplate\":\"https:\/\/www.lopezgil.com\/?s={search_term_string}\"},\"query-input\":\"required name=search_term_string\"}],\"inLanguage\":\"fr-FR\"}]}<\/script>\n<!-- \/ Yoast SEO plugin. -->","yoast_head_json":{"title":"Traitement du cancer de la peau sans chirurgie | Dr. Lopez Gil Clinique","description":"Clinique dermatologique sp\u00e9cialis\u00e9e dans le traitement du cancer sans chirurgie, avec la technologie la plus avanc\u00e9e. Clinique Teknon, Barcelone.","robots":{"index":"index","follow":"follow","max-snippet":"max-snippet:-1","max-image-preview":"max-image-preview:large","max-video-preview":"max-video-preview:-1"},"canonical":"https:\/\/www.lopezgil.com\/fr\/dermatologie-oncologique-barcelona\/traitement-du-cancer-de-la-peau-sans-chirurgie\/","og_locale":"fr_FR","og_type":"article","og_title":"Traitement du cancer de la peau sans chirurgie | Dr. Lopez Gil Clinique","og_description":"Clinique dermatologique sp\u00e9cialis\u00e9e dans le traitement du cancer sans chirurgie, avec la technologie la plus avanc\u00e9e. Clinique Teknon, Barcelone.","og_url":"https:\/\/www.lopezgil.com\/fr\/dermatologie-oncologique-barcelona\/traitement-du-cancer-de-la-peau-sans-chirurgie\/","og_site_name":"Dr. Lopez Gil","article_modified_time":"2019-12-09T13:26:54+00:00","twitter_card":"summary_large_image","twitter_misc":{"Est. reading time":"1 minute"},"schema":{"@context":"https:\/\/schema.org","@graph":[{"@type":"WebPage","@id":"https:\/\/www.lopezgil.com\/fr\/dermatologie-oncologique-barcelona\/traitement-du-cancer-de-la-peau-sans-chirurgie\/","url":"https:\/\/www.lopezgil.com\/fr\/dermatologie-oncologique-barcelona\/traitement-du-cancer-de-la-peau-sans-chirurgie\/","name":"Traitement du cancer de la peau sans chirurgie | Dr. Lopez Gil Clinique","isPartOf":{"@id":"https:\/\/www.lopezgil.com\/#website"},"datePublished":"2016-06-16T09:50:44+00:00","dateModified":"2019-12-09T13:26:54+00:00","description":"Clinique dermatologique sp\u00e9cialis\u00e9e dans le traitement du cancer sans chirurgie, avec la technologie la plus avanc\u00e9e. Clinique Teknon, Barcelone.","breadcrumb":{"@id":"https:\/\/www.lopezgil.com\/fr\/dermatologie-oncologique-barcelona\/traitement-du-cancer-de-la-peau-sans-chirurgie\/#breadcrumb"},"inLanguage":"fr-FR","potentialAction":[{"@type":"ReadAction","target":["https:\/\/www.lopezgil.com\/fr\/dermatologie-oncologique-barcelona\/traitement-du-cancer-de-la-peau-sans-chirurgie\/"]}]},{"@type":"BreadcrumbList","@id":"https:\/\/www.lopezgil.com\/fr\/dermatologie-oncologique-barcelona\/traitement-du-cancer-de-la-peau-sans-chirurgie\/#breadcrumb","itemListElement":[{"@type":"ListItem","position":1,"name":"Portada","item":"https:\/\/www.lopezgil.com\/fr\/"},{"@type":"ListItem","position":2,"name":"Dermatologie oncologique","item":"https:\/\/www.lopezgil.com\/fr\/dermatologie-oncologique-barcelona\/"},{"@type":"ListItem","position":3,"name":"Traitement du cancer de la peau sans chirurgie"}]},{"@type":"WebSite","@id":"https:\/\/www.lopezgil.com\/#website","url":"https:\/\/www.lopezgil.com\/","name":"Dr. Lopez Gil","description":"Dermat\u00f3logo Barcelona","potentialAction":[{"@type":"SearchAction","target":{"@type":"EntryPoint","urlTemplate":"https:\/\/www.lopezgil.com\/?s={search_term_string}"},"query-input":"required name=search_term_string"}],"inLanguage":"fr-FR"}]}},"_links":{"self":[{"href":"https:\/\/www.lopezgil.com\/fr\/wp-json\/wp\/v2\/pages\/3213","targetHints":{"allow":["GET"]}}],"collection":[{"href":"https:\/\/www.lopezgil.com\/fr\/wp-json\/wp\/v2\/pages"}],"about":[{"href":"https:\/\/www.lopezgil.com\/fr\/wp-json\/wp\/v2\/types\/page"}],"author":[{"embeddable":true,"href":"https:\/\/www.lopezgil.com\/fr\/wp-json\/wp\/v2\/users\/5"}],"replies":[{"embeddable":true,"href":"https:\/\/www.lopezgil.com\/fr\/wp-json\/wp\/v2\/comments?post=3213"}],"version-history":[{"count":3,"href":"https:\/\/www.lopezgil.com\/fr\/wp-json\/wp\/v2\/pages\/3213\/revisions"}],"predecessor-version":[{"id":4943,"href":"https:\/\/www.lopezgil.com\/fr\/wp-json\/wp\/v2\/pages\/3213\/revisions\/4943"}],"up":[{"embeddable":true,"href":"https:\/\/www.lopezgil.com\/fr\/wp-json\/wp\/v2\/pages\/1590"}],"wp:attachment":[{"href":"https:\/\/www.lopezgil.com\/fr\/wp-json\/wp\/v2\/media?parent=3213"}],"curies":[{"name":"wp","href":"https:\/\/api.w.org\/{rel}","templated":true}]}}