{"id":3210,"date":"2017-03-03T12:55:10","date_gmt":"2017-03-03T12:55:10","guid":{"rendered":"https:\/\/www.lopezgil.com\/cancer-de-piel-barcelona\/skin-cancer-treatment\/"},"modified":"2019-12-08T21:50:44","modified_gmt":"2019-12-08T21:50:44","slug":"traitement-du-cancer","status":"publish","type":"page","link":"https:\/\/www.lopezgil.com\/fr\/dermatologie-oncologique-barcelona\/traitement-du-cancer\/","title":{"rendered":"Traitement du cancer"},"content":{"rendered":"<div id=\"fb-root\"><\/div>\n[vc_row][vc_column][vc_column_text]\n<p style=\"text-align: justify;\">[\/vc_column_text][\/vc_column][\/vc_row][vc_row][vc_column][vc_row_inner][vc_column_inner]<script type=\"text\/javascript\">jQuery(function() { _initLayerSlider( '#layerslider_56_1vnex4ifqmg72', {sliderVersion: '', responsiveUnder: 0, layersContainer: 0, hideUnder: 0, hideOver: 100000, pauseOnHover: 1, skin: 'v5', sliderFadeInDuration: 350, useSrcset: true, skinsPath: 'https:\/\/www.lopezgil.com\/wp-content\/plugins\/LayerSlider\/assets\/static\/layerslider\/skins\/', type: 'responsive', showCircleTimer: false, performanceMode: true}); });<\/script><div id=\"layerslider_56_1vnex4ifqmg72\" class=\"ls-wp-container fitvidsignore\" style=\"width:600px;height:200px;margin:0 auto;margin-bottom: 0px;\"><div class=\"ls-slide\" data-ls=\"duration:4000;\"><img loading=\"lazy\" decoding=\"async\" width=\"600\" height=\"200\" src=\"https:\/\/www.lopezgil.com\/wp-content\/uploads\/drlopezgil_dermatologia_barcelona_600x200_tractament_cancer_pell_novetats-1.jpg\" class=\"ls-bg\" alt=\"\" srcset=\"https:\/\/www.lopezgil.com\/wp-content\/uploads\/drlopezgil_dermatologia_barcelona_600x200_tractament_cancer_pell_novetats-1.jpg 600w, https:\/\/www.lopezgil.com\/wp-content\/uploads\/drlopezgil_dermatologia_barcelona_600x200_tractament_cancer_pell_novetats-1-300x100.jpg 300w\" sizes=\"auto, (max-width: 600px) 100vw, 600px\" \/><\/div><\/div>[\/vc_column_inner][\/vc_row_inner][\/vc_column][\/vc_row][vc_row][vc_column css=&#8221;.vc_custom_1473066092346{margin-top: 0px !important;}&#8221;][vc_column_text css=&#8221;.vc_custom_1511467984274{margin-top: 0px !important;}&#8221;]\n<h2 style=\"text-align: justify;\"><\/h2>\n<h2 style=\"text-align: justify;\"><span style=\"color: #75c9d3;\"><strong>Cancer de la peau sans melanoma<\/strong><\/span><\/h2>\n<p style=\"text-align: justify;\">Avant un cancer de la peau non m\u00e9lanique, on peut utiliser diff\u00e9rentes techniques pour le supprimer en fonction de l&#8217;emplacement et le type de blessure.<\/p>\n<ul style=\"text-align: justify;\">\n<li><em>Chirurgie: <\/em>la chirurgie conventionnelle est la technique la plus commune pour traiter le carcinome basocellulaire et spinocellulaire.<\/li>\n<li><em>Chirurgie de Mohs ou micrographique:<\/em> Il est utilis\u00e9 lorsque la tumeur est situ\u00e9e dans les zones sensibles (comme le nez, les yeux, la bouche). Il consiste \u00e0 couper la tumeur o\u00f9 il est et sans fermer la plaie, les bords sont analys\u00e9s pour voir si la tumeur est encore ou il a \u00e9t\u00e9 compl\u00e8tement enlev\u00e9. Il est un processus qui n\u00e9cessite, en plus d&#8217;un chirurgien qui effectue l&#8217;intervention, un m\u00e9decin pour confirmer la disparition compl\u00e8te ou non de la tumeur. Si dans les bords de la chirurgie encore il y a tumeur, le chirurgien coupe une autre fois et on r\u00e9-analyse, jusqu&#8217;\u00e0 ce qu&#8217;il atteigne d&#8217;enlever compl\u00e8tement la l\u00e9sion maligne. \u00c0 ce stade, nous proc\u00e9dons \u00e0 fermer la plaie par le chirurgien avec un maximum de garanties de gu\u00e9rison. Cette proc\u00e9dure est r\u00e9alis\u00e9e sous anesth\u00e9sie locale et peut prendre entre deux \u00e0 trois heures en fonction de la blessure.<\/li>\n<li><em>Th\u00e9rapie photodynamique: <\/em>il est une technique effectu\u00e9e sur une base ambulatoire dans les installations de la clinique et qui permet traiter des l\u00e9sions pr\u00e9canc\u00e9reuses (k\u00e9ratose actinique) et le carcinome basocellulaire superficiel sans chirurgie. La proc\u00e9dure implique l&#8217;application d&#8217;un m\u00e9dicament topique dans la zone de traitement et le laisser pendant 3 heures. Pendant ce temps, l&#8217;ingr\u00e9dient actif p\u00e9n\u00e8tre s\u00e9lectivement dans les cellules tumorales en faisant que la tumeur devienne sensible \u00e0 la lumi\u00e8re rouge. Par cons\u00e9quent, lorsque ces cellules sont \u00e9clair\u00e9es par la lumi\u00e8re de la th\u00e9rapie photodynamique on atteint les \u00e9liminer compl\u00e8tement tout en respectant les cellules saines et sans avoir besoin d&#8217;une chirurgie.<\/li>\n<\/ul>\n<p style=\"text-align: justify;\"><strong>Pour plus d\u2019informations: cliquez\u00a0<a href=\"https:\/\/www.lopezgil.com\/fr\/cancer-de-piel-barcelona\/traitement-du-cancer-de-la-peau-sans-chirurgie\/\">ici<\/a>\u00a0<\/strong><\/p>\n[\/vc_column_text][\/vc_column][\/vc_row][vc_row][vc_column width=&#8221;1\/2&#8243;][vc_video link=&#8221;https:\/\/youtu.be\/OaXNzG4ARlI&#8221;][\/vc_column][vc_column width=&#8221;1\/2&#8243;][vc_video link=&#8221;https:\/\/youtu.be\/nkYeJv_txGI&#8221;][\/vc_column][\/vc_row][vc_row][vc_column][vc_column_text]\n<h2 style=\"text-align: justify;\"><span style=\"color: #75c9d3;\"><strong>Cancer de la peau melanome<\/strong><\/span><\/h2>\n<p style=\"text-align: justify;\">La <u>chirurgie conventionnelle<\/u> est le seul traitement de choix. La biopsie effectu\u00e9e pr\u00e9c\u00e9demment fournit des informations sur la profondeur de la l\u00e9sion, ce qui permet au chirurgien de savoir si l&#8217;intervention doit \u00eatre plus ou moins profonde.<\/p>\n<p style=\"text-align: justify;\">Si la tumeur est tr\u00e8s profonde, sera n\u00e9cessaire de savoir si les ganglions lymphatiques avoisinants ont \u00e9t\u00e9 envahis ou non par le m\u00e9lanome; pour cela, doit \u00eatre r\u00e9alis\u00e9 une \u00e9tude Glandi Sentinelle. Si les glanglions ont \u00e9t\u00e9 touch\u00e9s, une \u00e9tude g\u00e9n\u00e9tique du m\u00e9lanome sera effectu\u00e9e pour d\u00e9terminer si oui ou non le patient n\u00e9cessite un traitement avec des anticorps monoclonaux (vemurafenib).<\/p>\n<p style=\"text-align: justify;\">Si le m\u00e9lanome a envahi au-del\u00e0 des ganglions lymphatiques (poumon, foie, cerveau) ensuite doivent \u00eatre utilis\u00e9s traitements immunologiques (ipilimumab, lambrolizumab).<\/p>\n<p style=\"text-align: justify;\">\u00c0 l&#8217;heure actuelle, on parle des <u>vaccins<\/u> pour le m\u00e9lanome comme une nouvelle perspective. Il est un traitement qui est dans le stade exp\u00e9rimental mais tr\u00e8s prometteur, car il permettra de prolonger la vie des patients qui sont \u00e0 un stade avanc\u00e9 de la maladie, avec une invasion lymphatique et\/ou visc\u00e9rale.<\/p>\n[\/vc_column_text][\/vc_column][\/vc_row][vc_row][vc_column][vc_single_image image=&#8221;1471&#8243; img_size=&#8221;full&#8221; alignment=&#8221;center&#8221;][\/vc_column][\/vc_row][vc_row][vc_column][vc_column_text]\n[\/vc_column_text][\/vc_column][\/vc_row]\n","protected":false},"excerpt":{"rendered":"<p>[vc_row][vc_column][vc_column_text] [\/vc_column_text][\/vc_column][\/vc_row][vc_row][vc_column][vc_row_inner][vc_column_inner][\/vc_column_inner][\/vc_row_inner][\/vc_column][\/vc_row][vc_row][vc_column css=&#8221;.vc_custom_1473066092346{margin-top: 0px !important;}&#8221;][vc_column_text css=&#8221;.vc_custom_1511467984274{margin-top: 0px !important;}&#8221;] Cancer de la peau sans melanoma Avant un cancer de la peau non m\u00e9lanique, on peut utiliser diff\u00e9rentes techniques pour le supprimer en fonction de l&#8217;emplacement et le type de blessure. Chirurgie: la chirurgie conventionnelle est la technique la plus commune pour traiter le carcinome basocellulaire et [&hellip;]<\/p>\n","protected":false},"author":5,"featured_media":0,"parent":1590,"menu_order":0,"comment_status":"closed","ping_status":"closed","template":"soulmedic\/tpl-feature.php","meta":{"footnotes":""},"class_list":["post-3210","page","type-page","status-publish","hentry"],"yoast_head":"<!-- This site is optimized with the Yoast SEO plugin v19.12 - https:\/\/yoast.com\/wordpress\/plugins\/seo\/ -->\n<title>Traitement du cancer | Dr. Lopez Gil | Clinique Teknon, Barcelone.<\/title>\n<meta name=\"description\" content=\"Clinique dermatologique sp\u00e9cialis\u00e9e dans le traitement du cancer de la peau non m\u00e9lanome, avec la technologie la plus avanc\u00e9e. Clinique Teknon, Barcelone.\" \/>\n<meta name=\"robots\" content=\"index, follow, max-snippet:-1, max-image-preview:large, max-video-preview:-1\" \/>\n<link rel=\"canonical\" href=\"https:\/\/www.lopezgil.com\/fr\/dermatologie-oncologique-barcelona\/traitement-du-cancer\/\" \/>\n<meta property=\"og:locale\" content=\"fr_FR\" \/>\n<meta property=\"og:type\" content=\"article\" \/>\n<meta property=\"og:title\" content=\"Traitement du cancer | Dr. Lopez Gil | Clinique Teknon, Barcelone.\" \/>\n<meta property=\"og:description\" content=\"Clinique dermatologique sp\u00e9cialis\u00e9e dans le traitement du cancer de la peau non m\u00e9lanome, avec la technologie la plus avanc\u00e9e. Clinique Teknon, Barcelone.\" \/>\n<meta property=\"og:url\" content=\"https:\/\/www.lopezgil.com\/fr\/dermatologie-oncologique-barcelona\/traitement-du-cancer\/\" \/>\n<meta property=\"og:site_name\" content=\"Dr. Lopez Gil\" \/>\n<meta property=\"article:modified_time\" content=\"2019-12-08T21:50:44+00:00\" \/>\n<meta name=\"twitter:card\" content=\"summary_large_image\" \/>\n<meta name=\"twitter:label1\" content=\"Est. reading time\" \/>\n\t<meta name=\"twitter:data1\" content=\"3 minutes\" \/>\n<script type=\"application\/ld+json\" class=\"yoast-schema-graph\">{\"@context\":\"https:\/\/schema.org\",\"@graph\":[{\"@type\":\"WebPage\",\"@id\":\"https:\/\/www.lopezgil.com\/fr\/dermatologie-oncologique-barcelona\/traitement-du-cancer\/\",\"url\":\"https:\/\/www.lopezgil.com\/fr\/dermatologie-oncologique-barcelona\/traitement-du-cancer\/\",\"name\":\"Traitement du cancer | Dr. Lopez Gil | Clinique Teknon, Barcelone.\",\"isPartOf\":{\"@id\":\"https:\/\/www.lopezgil.com\/ca\/#website\"},\"datePublished\":\"2017-03-03T12:55:10+00:00\",\"dateModified\":\"2019-12-08T21:50:44+00:00\",\"description\":\"Clinique dermatologique sp\u00e9cialis\u00e9e dans le traitement du cancer de la peau non m\u00e9lanome, avec la technologie la plus avanc\u00e9e. Clinique Teknon, Barcelone.\",\"breadcrumb\":{\"@id\":\"https:\/\/www.lopezgil.com\/fr\/dermatologie-oncologique-barcelona\/traitement-du-cancer\/#breadcrumb\"},\"inLanguage\":\"fr-FR\",\"potentialAction\":[{\"@type\":\"ReadAction\",\"target\":[\"https:\/\/www.lopezgil.com\/fr\/dermatologie-oncologique-barcelona\/traitement-du-cancer\/\"]}]},{\"@type\":\"BreadcrumbList\",\"@id\":\"https:\/\/www.lopezgil.com\/fr\/dermatologie-oncologique-barcelona\/traitement-du-cancer\/#breadcrumb\",\"itemListElement\":[{\"@type\":\"ListItem\",\"position\":1,\"name\":\"Portada\",\"item\":\"https:\/\/www.lopezgil.com\/fr\/\"},{\"@type\":\"ListItem\",\"position\":2,\"name\":\"Dermatologie oncologique\",\"item\":\"https:\/\/www.lopezgil.com\/fr\/dermatologie-oncologique-barcelona\/\"},{\"@type\":\"ListItem\",\"position\":3,\"name\":\"Traitement du cancer\"}]},{\"@type\":\"WebSite\",\"@id\":\"https:\/\/www.lopezgil.com\/ca\/#website\",\"url\":\"https:\/\/www.lopezgil.com\/ca\/\",\"name\":\"Dr. Lopez Gil\",\"description\":\"Dermat\u00f3logo Barcelona\",\"potentialAction\":[{\"@type\":\"SearchAction\",\"target\":{\"@type\":\"EntryPoint\",\"urlTemplate\":\"https:\/\/www.lopezgil.com\/ca\/?s={search_term_string}\"},\"query-input\":\"required name=search_term_string\"}],\"inLanguage\":\"fr-FR\"}]}<\/script>\n<!-- \/ Yoast SEO plugin. -->","yoast_head_json":{"title":"Traitement du cancer | Dr. Lopez Gil | Clinique Teknon, Barcelone.","description":"Clinique dermatologique sp\u00e9cialis\u00e9e dans le traitement du cancer de la peau non m\u00e9lanome, avec la technologie la plus avanc\u00e9e. Clinique Teknon, Barcelone.","robots":{"index":"index","follow":"follow","max-snippet":"max-snippet:-1","max-image-preview":"max-image-preview:large","max-video-preview":"max-video-preview:-1"},"canonical":"https:\/\/www.lopezgil.com\/fr\/dermatologie-oncologique-barcelona\/traitement-du-cancer\/","og_locale":"fr_FR","og_type":"article","og_title":"Traitement du cancer | Dr. Lopez Gil | Clinique Teknon, Barcelone.","og_description":"Clinique dermatologique sp\u00e9cialis\u00e9e dans le traitement du cancer de la peau non m\u00e9lanome, avec la technologie la plus avanc\u00e9e. Clinique Teknon, Barcelone.","og_url":"https:\/\/www.lopezgil.com\/fr\/dermatologie-oncologique-barcelona\/traitement-du-cancer\/","og_site_name":"Dr. Lopez Gil","article_modified_time":"2019-12-08T21:50:44+00:00","twitter_card":"summary_large_image","twitter_misc":{"Est. reading time":"3 minutes"},"schema":{"@context":"https:\/\/schema.org","@graph":[{"@type":"WebPage","@id":"https:\/\/www.lopezgil.com\/fr\/dermatologie-oncologique-barcelona\/traitement-du-cancer\/","url":"https:\/\/www.lopezgil.com\/fr\/dermatologie-oncologique-barcelona\/traitement-du-cancer\/","name":"Traitement du cancer | Dr. Lopez Gil | Clinique Teknon, Barcelone.","isPartOf":{"@id":"https:\/\/www.lopezgil.com\/ca\/#website"},"datePublished":"2017-03-03T12:55:10+00:00","dateModified":"2019-12-08T21:50:44+00:00","description":"Clinique dermatologique sp\u00e9cialis\u00e9e dans le traitement du cancer de la peau non m\u00e9lanome, avec la technologie la plus avanc\u00e9e. Clinique Teknon, Barcelone.","breadcrumb":{"@id":"https:\/\/www.lopezgil.com\/fr\/dermatologie-oncologique-barcelona\/traitement-du-cancer\/#breadcrumb"},"inLanguage":"fr-FR","potentialAction":[{"@type":"ReadAction","target":["https:\/\/www.lopezgil.com\/fr\/dermatologie-oncologique-barcelona\/traitement-du-cancer\/"]}]},{"@type":"BreadcrumbList","@id":"https:\/\/www.lopezgil.com\/fr\/dermatologie-oncologique-barcelona\/traitement-du-cancer\/#breadcrumb","itemListElement":[{"@type":"ListItem","position":1,"name":"Portada","item":"https:\/\/www.lopezgil.com\/fr\/"},{"@type":"ListItem","position":2,"name":"Dermatologie oncologique","item":"https:\/\/www.lopezgil.com\/fr\/dermatologie-oncologique-barcelona\/"},{"@type":"ListItem","position":3,"name":"Traitement du cancer"}]},{"@type":"WebSite","@id":"https:\/\/www.lopezgil.com\/ca\/#website","url":"https:\/\/www.lopezgil.com\/ca\/","name":"Dr. Lopez Gil","description":"Dermat\u00f3logo Barcelona","potentialAction":[{"@type":"SearchAction","target":{"@type":"EntryPoint","urlTemplate":"https:\/\/www.lopezgil.com\/ca\/?s={search_term_string}"},"query-input":"required name=search_term_string"}],"inLanguage":"fr-FR"}]}},"_links":{"self":[{"href":"https:\/\/www.lopezgil.com\/fr\/wp-json\/wp\/v2\/pages\/3210","targetHints":{"allow":["GET"]}}],"collection":[{"href":"https:\/\/www.lopezgil.com\/fr\/wp-json\/wp\/v2\/pages"}],"about":[{"href":"https:\/\/www.lopezgil.com\/fr\/wp-json\/wp\/v2\/types\/page"}],"author":[{"embeddable":true,"href":"https:\/\/www.lopezgil.com\/fr\/wp-json\/wp\/v2\/users\/5"}],"replies":[{"embeddable":true,"href":"https:\/\/www.lopezgil.com\/fr\/wp-json\/wp\/v2\/comments?post=3210"}],"version-history":[{"count":3,"href":"https:\/\/www.lopezgil.com\/fr\/wp-json\/wp\/v2\/pages\/3210\/revisions"}],"predecessor-version":[{"id":3216,"href":"https:\/\/www.lopezgil.com\/fr\/wp-json\/wp\/v2\/pages\/3210\/revisions\/3216"}],"up":[{"embeddable":true,"href":"https:\/\/www.lopezgil.com\/fr\/wp-json\/wp\/v2\/pages\/1590"}],"wp:attachment":[{"href":"https:\/\/www.lopezgil.com\/fr\/wp-json\/wp\/v2\/media?parent=3210"}],"curies":[{"name":"wp","href":"https:\/\/api.w.org\/{rel}","templated":true}]}}