{"id":1696,"date":"2017-04-10T16:56:21","date_gmt":"2017-04-10T16:56:21","guid":{"rendered":"http:\/\/lopezgil.com\/enconstruccion\/?page_id=1696"},"modified":"2017-11-24T10:14:01","modified_gmt":"2017-11-24T10:14:01","slug":"chute-de-cheveux","status":"publish","type":"page","link":"https:\/\/www.lopezgil.com\/fr\/chute-de-cheveux\/","title":{"rendered":"Chute de cheveux"},"content":{"rendered":"<div id=\"fb-root\"><\/div>\n[vc_row][vc_column][vc_row_inner][vc_column_inner]<script type=\"text\/javascript\">jQuery(function() { _initLayerSlider( '#layerslider_7_1votk9ine5wah', {sliderVersion: '', responsiveUnder: 0, layersContainer: 0, hideUnder: 0, hideOver: 100000, pauseOnHover: 1, skin: 'v5', sliderFadeInDuration: 350, useSrcset: true, skinsPath: 'https:\/\/www.lopezgil.com\/wp-content\/plugins\/LayerSlider\/assets\/static\/layerslider\/skins\/', type: 'responsive', showCircleTimer: false, performanceMode: true}); });<\/script><div id=\"layerslider_7_1votk9ine5wah\" class=\"ls-wp-container fitvidsignore\" style=\"width:600px;height:180px;margin:0 auto;margin-bottom: 20px;\"><div class=\"ls-slide\" data-ls=\"duration:4000;\"><img loading=\"lazy\" decoding=\"async\" width=\"600\" height=\"197\" src=\"https:\/\/www.lopezgil.com\/wp-content\/uploads\/4-1.jpg\" class=\"ls-bg\" alt=\"\" srcset=\"https:\/\/www.lopezgil.com\/wp-content\/uploads\/4-1.jpg 600w, https:\/\/www.lopezgil.com\/wp-content\/uploads\/4-1-300x99.jpg 300w\" sizes=\"auto, (max-width: 600px) 100vw, 600px\" \/><p style=\"width:;height:;padding-top:;padding-right:;padding-bottom:;padding-left:;border-top:;border-right:;border-bottom:;border-left:;font-family:;font-size:;line-height:;color:;background:;border-radius:;top:0px;left:0px;\" class=\"ls-l ls-text-layer\" data-ls=\"offsetxin:80;offsetxout:-80;durationout:400;parallaxlevel:0;\"><\/p><\/div><\/div>[\/vc_column_inner][\/vc_row_inner][\/vc_column][\/vc_row][vc_row][vc_column width=&#8221;3\/4&#8243; css=&#8221;.vc_custom_1473066092346{margin-top: 0px !important;}&#8221;][vc_column_text css=&#8221;.vc_custom_1511518783815{margin-top: 0px !important;}&#8221;]\n<blockquote>\n<h4><span style=\"color: #5790bb;\">&#8220;De plus en plus, les hommes et les femmes viennent chez nous pour traiter et pr\u00e9venir la perte de cheveux. Il est tr\u00e8s important de faire un bon diagnostic pour savoir quel traitement est le plus appropri\u00e9 dans chaque cas.&#8221;<\/span><\/h4>\n<\/blockquote>\n<p>&nbsp;<\/p>\n<h2><span style=\"color: #75c9d3;\">Chute de cheveux<\/span><\/h2>\n[\/vc_column_text][vc_column_text][\/vc_column_text][\/vc_column][vc_column width=&#8221;1\/4&#8243;][vc_column_text css=&#8221;.vc_custom_1511518739997{margin-top: -1px !important;margin-bottom: -5px !important;}&#8221;]<div class='dt-sc-colored-box space' ><h5>Nous allons vous aider<\/h5><a href='http:\/\/lopezgil.com\/contact\/?lang=en' target='_blank'  class='dt-sc-button   small ' >Contactez-nous!<\/a><\/div>[\/vc_column_text][\/vc_column][\/vc_row][vc_row][vc_column][vc_separator color=&#8221;turquoise&#8221; border_width=&#8221;2&#8243; css=&#8221;.vc_custom_1473072257408{margin-top: 25px !important;}&#8221;][vc_row_inner][\/vc_row_inner][vc_column_inner][\/vc_column_inner][vc_column_text css=&#8221;.vc_custom_1472644650588{margin-bottom: -15px !important;}&#8221;][\/vc_column_text][\/vc_column][\/vc_row][vc_row css=&#8221;.vc_custom_1473067233961{margin-top: 31px !important;}&#8221;][vc_column width=&#8221;1\/3&#8243;][vc_btn title=&#8221;Alopecie feminine&#8221; style=&#8221;outline&#8221; color=&#8221;info&#8221; align=&#8221;center&#8221; css_animation=&#8221;top-to-bottom&#8221; css=&#8221;.vc_custom_1511474512797{margin-top: 0px !important;border-radius: 5px !important;}&#8221; button_block=&#8221;true&#8221; link=&#8221;url:http%3A%2F%2Fwww.lopezgil.com%2Ffr%2Fchute-de-cheveux%2Falopecie-feminine-diffuse%2F||&#8221;][vc_btn title=&#8221;Alopecie post-partum \/ physiologique&#8221; style=&#8221;outline&#8221; color=&#8221;info&#8221; align=&#8221;center&#8221; css_animation=&#8221;top-to-bottom&#8221; css=&#8221;.vc_custom_1511474912916{border-radius: 5px !important;}&#8221; button_block=&#8221;true&#8221; link=&#8221;url:http%3A%2F%2Fwww.lopezgil.com%2Ffr%2Fchute-de-cheveux%2Falopecie-post-partumphysiologique%2F||&#8221;][\/vc_column][vc_column width=&#8221;1\/3&#8243;][vc_btn title=&#8221;Alopecie androgenetique \/ hereditaire&#8221; style=&#8221;outline&#8221; color=&#8221;info&#8221; align=&#8221;center&#8221; css=&#8221;.vc_custom_1511474900261{padding-right: 5px !important;padding-left: 5px !important;border-radius: 5px !important;}&#8221; button_block=&#8221;true&#8221; link=&#8221;url:http%3A%2F%2Fwww.lopezgil.com%2Ffr%2Fchute-de-cheveux%2Falopecie-androgenetique-hereditaire%2F||&#8221;][vc_btn title=&#8221;Psoriasi cuir cabellut&#8221; style=&#8221;outline&#8221; color=&#8221;info&#8221; align=&#8221;center&#8221; css_animation=&#8221;top-to-bottom&#8221; css=&#8221;.vc_custom_1511518351152{padding-right: 5px !important;padding-left: 5px !important;border-radius: 5px !important;}&#8221; button_block=&#8221;true&#8221; link=&#8221;url:http%3A%2F%2Fwww.lopezgil.com%2Ffr%2Fchute-de-cheveux%2Fpsoriasis-du-cuir-chevelu%2F||&#8221;][\/vc_column][vc_column width=&#8221;1\/3&#8243;][vc_btn title=&#8221;Alop\u00e9cie areata &#8221; style=&#8221;outline&#8221; color=&#8221;info&#8221; align=&#8221;center&#8221; css_animation=&#8221;top-to-bottom&#8221; css=&#8221;.vc_custom_1511516859381{margin-top: 0px !important;}&#8221; button_block=&#8221;true&#8221; link=&#8221;url:http%3A%2F%2Fwww.lopezgil.com%2Ffr%2Fchute-de-cheveux%2Falopecie-areata%2F||&#8221;][vc_btn title=&#8221;Ecz\u00e9ma s\u00e9borrh\u00e9ique \u2013 pellicules&#8221; style=&#8221;outline&#8221; color=&#8221;info&#8221; align=&#8221;center&#8221; css_animation=&#8221;top-to-bottom&#8221; css=&#8221;.vc_custom_1511518617579{border-radius: 5px !important;}&#8221; button_block=&#8221;true&#8221; link=&#8221;url:http%3A%2F%2Fwww.lopezgil.com%2Ffr%2Fchute-de-cheveux%2Feczema-seborrheique-pellicules%2F||&#8221;][\/vc_column][\/vc_row][vc_row][vc_column][vc_column_text]\n[\/vc_column_text][\/vc_column][\/vc_row]\n","protected":false},"excerpt":{"rendered":"<p>[vc_row][vc_column][vc_row_inner][vc_column_inner][\/vc_column_inner][\/vc_row_inner][\/vc_column][\/vc_row][vc_row][vc_column width=&#8221;3\/4&#8243; css=&#8221;.vc_custom_1473066092346{margin-top: 0px !important;}&#8221;][vc_column_text css=&#8221;.vc_custom_1511518783815{margin-top: 0px !important;}&#8221;] &#8220;De plus en plus, les hommes et les femmes viennent chez nous pour traiter et pr\u00e9venir la perte de cheveux. Il est tr\u00e8s important de faire un bon diagnostic pour savoir quel traitement est le plus appropri\u00e9 dans chaque cas.&#8221; &nbsp; Chute de cheveux [\/vc_column_text][vc_column_text][\/vc_column_text][\/vc_column][vc_column width=&#8221;1\/4&#8243;][vc_column_text css=&#8221;.vc_custom_1511518739997{margin-top: [&hellip;]<\/p>\n","protected":false},"author":5,"featured_media":0,"parent":0,"menu_order":0,"comment_status":"closed","ping_status":"closed","template":"","meta":{"footnotes":""},"class_list":["post-1696","page","type-page","status-publish","hentry"],"yoast_head":"<!-- This site is optimized with the Yoast SEO plugin v19.12 - https:\/\/yoast.com\/wordpress\/plugins\/seo\/ -->\n<title>Chute de cheveux | Dr. Lopez Gil<\/title>\n<meta name=\"robots\" content=\"index, follow, max-snippet:-1, max-image-preview:large, max-video-preview:-1\" \/>\n<link rel=\"canonical\" href=\"https:\/\/www.lopezgil.com\/fr\/chute-de-cheveux\/\" \/>\n<meta property=\"og:locale\" content=\"fr_FR\" \/>\n<meta property=\"og:type\" content=\"article\" \/>\n<meta property=\"og:title\" content=\"Chute de cheveux | Dr. Lopez Gil\" \/>\n<meta property=\"og:description\" content=\"[vc_row][vc_column][vc_row_inner][vc_column_inner][\/vc_column_inner][\/vc_row_inner][\/vc_column][\/vc_row][vc_row][vc_column width=&#8221;3\/4&#8243; css=&#8221;.vc_custom_1473066092346{margin-top: 0px !important;}&#8221;][vc_column_text css=&#8221;.vc_custom_1511518783815{margin-top: 0px !important;}&#8221;] &#8220;De plus en plus, les hommes et les femmes viennent chez nous pour traiter et pr\u00e9venir la perte de cheveux. Il est tr\u00e8s important de faire un bon diagnostic pour savoir quel traitement est le plus appropri\u00e9 dans chaque cas.&#8221; &nbsp; Chute de cheveux [\/vc_column_text][vc_column_text][\/vc_column_text][\/vc_column][vc_column width=&#8221;1\/4&#8243;][vc_column_text css=&#8221;.vc_custom_1511518739997{margin-top: [&hellip;]\" \/>\n<meta property=\"og:url\" content=\"https:\/\/www.lopezgil.com\/fr\/chute-de-cheveux\/\" \/>\n<meta property=\"og:site_name\" content=\"Dr. Lopez Gil\" \/>\n<meta property=\"article:modified_time\" content=\"2017-11-24T10:14:01+00:00\" \/>\n<meta name=\"twitter:card\" content=\"summary_large_image\" \/>\n<meta name=\"twitter:label1\" content=\"Est. reading time\" \/>\n\t<meta name=\"twitter:data1\" content=\"2 minutes\" \/>\n<script type=\"application\/ld+json\" class=\"yoast-schema-graph\">{\"@context\":\"https:\/\/schema.org\",\"@graph\":[{\"@type\":\"WebPage\",\"@id\":\"https:\/\/www.lopezgil.com\/fr\/chute-de-cheveux\/\",\"url\":\"https:\/\/www.lopezgil.com\/fr\/chute-de-cheveux\/\",\"name\":\"Chute de cheveux | Dr. Lopez Gil\",\"isPartOf\":{\"@id\":\"https:\/\/www.lopezgil.com\/ca\/#website\"},\"datePublished\":\"2017-04-10T16:56:21+00:00\",\"dateModified\":\"2017-11-24T10:14:01+00:00\",\"breadcrumb\":{\"@id\":\"https:\/\/www.lopezgil.com\/fr\/chute-de-cheveux\/#breadcrumb\"},\"inLanguage\":\"fr-FR\",\"potentialAction\":[{\"@type\":\"ReadAction\",\"target\":[\"https:\/\/www.lopezgil.com\/fr\/chute-de-cheveux\/\"]}]},{\"@type\":\"BreadcrumbList\",\"@id\":\"https:\/\/www.lopezgil.com\/fr\/chute-de-cheveux\/#breadcrumb\",\"itemListElement\":[{\"@type\":\"ListItem\",\"position\":1,\"name\":\"Portada\",\"item\":\"https:\/\/www.lopezgil.com\/fr\/\"},{\"@type\":\"ListItem\",\"position\":2,\"name\":\"Chute de cheveux\"}]},{\"@type\":\"WebSite\",\"@id\":\"https:\/\/www.lopezgil.com\/ca\/#website\",\"url\":\"https:\/\/www.lopezgil.com\/ca\/\",\"name\":\"Dr. Lopez Gil\",\"description\":\"Dermat\u00f3logo Barcelona\",\"potentialAction\":[{\"@type\":\"SearchAction\",\"target\":{\"@type\":\"EntryPoint\",\"urlTemplate\":\"https:\/\/www.lopezgil.com\/ca\/?s={search_term_string}\"},\"query-input\":\"required name=search_term_string\"}],\"inLanguage\":\"fr-FR\"}]}<\/script>\n<!-- \/ Yoast SEO plugin. -->","yoast_head_json":{"title":"Chute de cheveux | Dr. Lopez Gil","robots":{"index":"index","follow":"follow","max-snippet":"max-snippet:-1","max-image-preview":"max-image-preview:large","max-video-preview":"max-video-preview:-1"},"canonical":"https:\/\/www.lopezgil.com\/fr\/chute-de-cheveux\/","og_locale":"fr_FR","og_type":"article","og_title":"Chute de cheveux | Dr. Lopez Gil","og_description":"[vc_row][vc_column][vc_row_inner][vc_column_inner][\/vc_column_inner][\/vc_row_inner][\/vc_column][\/vc_row][vc_row][vc_column width=&#8221;3\/4&#8243; css=&#8221;.vc_custom_1473066092346{margin-top: 0px !important;}&#8221;][vc_column_text css=&#8221;.vc_custom_1511518783815{margin-top: 0px !important;}&#8221;] &#8220;De plus en plus, les hommes et les femmes viennent chez nous pour traiter et pr\u00e9venir la perte de cheveux. Il est tr\u00e8s important de faire un bon diagnostic pour savoir quel traitement est le plus appropri\u00e9 dans chaque cas.&#8221; &nbsp; Chute de cheveux [\/vc_column_text][vc_column_text][\/vc_column_text][\/vc_column][vc_column width=&#8221;1\/4&#8243;][vc_column_text css=&#8221;.vc_custom_1511518739997{margin-top: [&hellip;]","og_url":"https:\/\/www.lopezgil.com\/fr\/chute-de-cheveux\/","og_site_name":"Dr. Lopez Gil","article_modified_time":"2017-11-24T10:14:01+00:00","twitter_card":"summary_large_image","twitter_misc":{"Est. reading time":"2 minutes"},"schema":{"@context":"https:\/\/schema.org","@graph":[{"@type":"WebPage","@id":"https:\/\/www.lopezgil.com\/fr\/chute-de-cheveux\/","url":"https:\/\/www.lopezgil.com\/fr\/chute-de-cheveux\/","name":"Chute de cheveux | Dr. Lopez Gil","isPartOf":{"@id":"https:\/\/www.lopezgil.com\/ca\/#website"},"datePublished":"2017-04-10T16:56:21+00:00","dateModified":"2017-11-24T10:14:01+00:00","breadcrumb":{"@id":"https:\/\/www.lopezgil.com\/fr\/chute-de-cheveux\/#breadcrumb"},"inLanguage":"fr-FR","potentialAction":[{"@type":"ReadAction","target":["https:\/\/www.lopezgil.com\/fr\/chute-de-cheveux\/"]}]},{"@type":"BreadcrumbList","@id":"https:\/\/www.lopezgil.com\/fr\/chute-de-cheveux\/#breadcrumb","itemListElement":[{"@type":"ListItem","position":1,"name":"Portada","item":"https:\/\/www.lopezgil.com\/fr\/"},{"@type":"ListItem","position":2,"name":"Chute de cheveux"}]},{"@type":"WebSite","@id":"https:\/\/www.lopezgil.com\/ca\/#website","url":"https:\/\/www.lopezgil.com\/ca\/","name":"Dr. Lopez Gil","description":"Dermat\u00f3logo Barcelona","potentialAction":[{"@type":"SearchAction","target":{"@type":"EntryPoint","urlTemplate":"https:\/\/www.lopezgil.com\/ca\/?s={search_term_string}"},"query-input":"required name=search_term_string"}],"inLanguage":"fr-FR"}]}},"_links":{"self":[{"href":"https:\/\/www.lopezgil.com\/fr\/wp-json\/wp\/v2\/pages\/1696","targetHints":{"allow":["GET"]}}],"collection":[{"href":"https:\/\/www.lopezgil.com\/fr\/wp-json\/wp\/v2\/pages"}],"about":[{"href":"https:\/\/www.lopezgil.com\/fr\/wp-json\/wp\/v2\/types\/page"}],"author":[{"embeddable":true,"href":"https:\/\/www.lopezgil.com\/fr\/wp-json\/wp\/v2\/users\/5"}],"replies":[{"embeddable":true,"href":"https:\/\/www.lopezgil.com\/fr\/wp-json\/wp\/v2\/comments?post=1696"}],"version-history":[{"count":13,"href":"https:\/\/www.lopezgil.com\/fr\/wp-json\/wp\/v2\/pages\/1696\/revisions"}],"predecessor-version":[{"id":3305,"href":"https:\/\/www.lopezgil.com\/fr\/wp-json\/wp\/v2\/pages\/1696\/revisions\/3305"}],"wp:attachment":[{"href":"https:\/\/www.lopezgil.com\/fr\/wp-json\/wp\/v2\/media?parent=1696"}],"curies":[{"name":"wp","href":"https:\/\/api.w.org\/{rel}","templated":true}]}}