{"id":1693,"date":"2017-04-10T16:53:45","date_gmt":"2017-04-10T16:53:45","guid":{"rendered":"http:\/\/lopezgil.com\/enconstruccion\/?page_id=1693"},"modified":"2019-06-11T10:18:47","modified_gmt":"2019-06-11T10:18:47","slug":"alopecie-areata","status":"publish","type":"page","link":"https:\/\/www.lopezgil.com\/fr\/chute-de-cheveux\/alopecie-areata\/","title":{"rendered":"Alop\u00e9cie areata"},"content":{"rendered":"<div id=\"fb-root\"><\/div>\n<p style=\"text-align: justify;\">[vc_row][vc_column][vc_row_inner][vc_column_inner]<script type=\"text\/javascript\">jQuery(function() { _initLayerSlider( '#layerslider_51_1b934sewo07wz', {sliderVersion: '', responsiveUnder: 0, layersContainer: 0, hideUnder: 0, hideOver: 100000, pauseOnHover: 1, skin: 'v5', sliderFadeInDuration: 350, useSrcset: true, skinsPath: 'https:\/\/www.lopezgil.com\/wp-content\/plugins\/LayerSlider\/assets\/static\/layerslider\/skins\/', type: 'responsive', showCircleTimer: false, performanceMode: true}); });<\/script><div id=\"layerslider_51_1b934sewo07wz\" class=\"ls-wp-container fitvidsignore\" style=\"width:600px;height:200px;margin:0 auto;margin-bottom: 0px;\"><div class=\"ls-slide\" data-ls=\"duration:4000;\"><img loading=\"lazy\" decoding=\"async\" width=\"600\" height=\"200\" src=\"https:\/\/www.lopezgil.com\/wp-content\/uploads\/drlopezgil_dermatologia_barcelona_600x200_alopecia_areata.jpg\" class=\"ls-bg\" alt=\"drlopezgil_dermatologia_barcelona_600x200_alopecia_areata\" srcset=\"https:\/\/www.lopezgil.com\/wp-content\/uploads\/drlopezgil_dermatologia_barcelona_600x200_alopecia_areata.jpg 600w, https:\/\/www.lopezgil.com\/wp-content\/uploads\/drlopezgil_dermatologia_barcelona_600x200_alopecia_areata-300x100.jpg 300w\" sizes=\"auto, (max-width: 600px) 100vw, 600px\" \/><\/div><\/div>[\/vc_column_inner][\/vc_row_inner][\/vc_column][\/vc_row][vc_row][vc_column width=&#8221;3\/4&#8243; css=&#8221;.vc_custom_1473066092346{margin-top: 0px !important;}&#8221;][vc_column_text css=&#8221;.vc_custom_1473066053815{margin-top: 0px !important;}&#8221;]\n<h2 style=\"text-align: justify;\"><span style=\"color: #75c9d3;\">Qu&#8217;est que c&#8217;est alop\u00e9cie areata?<\/span><\/h2>\n<p style=\"text-align: justify;\">L&#8217;alop\u00e9cie areata est une maladie qui implique une perte de cheveux dans une zone localis\u00e9e du corps, habituellement dans zones rondes et de petite surface. Souvent, elle se distingue des autres types de perte de cheveux par la vitesse de sa performance. Son \u00e9volution est tr\u00e8s impr\u00e9visible et tr\u00e8s variable.<\/p>\n<h2 style=\"text-align: justify;\"><span style=\"color: #75c9d3;\">Qui est concern\u00e9?<\/span><\/h2>\n<p style=\"text-align: justify;\">Elle est une maladie commune qui affecte tant les femmes que les hommes et peut survenir \u00e0 tout moment de la vie.<\/p>\n<p style=\"text-align: justify;\">Elle est \u00e9troitement li\u00e9e aux personnes ayant une histoire personnelle ou familiale de l&#8217;hypothyro\u00efdie, une maladie de la glande thyro\u00efde qui le fait fonctionner plus lentement et est g\u00e9n\u00e9ralement d&#8217;origine auto-immune.<\/p>\n<p style=\"text-align: justify;\">Une curiosit\u00e9 de l&#8217;alop\u00e9cie areata est qu&#8217;elle appara\u00eet habituellement chez les enfants et\/ou les jeunes avec un niveau \u00e9lev\u00e9 d&#8217;auto-demande. Ils sont g\u00e9n\u00e9ralement dou\u00e9s ou avec un QI tr\u00e8s \u00e9lev\u00e9.<\/p>\n<h2 style=\"text-align: justify;\"><span style=\"color: #75c9d3;\">Types<\/span><\/h2>\n<p style=\"text-align: justify;\">Il existe diff\u00e9rents types d&#8217;alop\u00e9cie areata:<\/p>\n<ul style=\"text-align: justify;\">\n<li><em>Alop\u00e9cie areata en plaque unique<\/em>: ce type d&#8217;alop\u00e9cie est g\u00e9n\u00e9ralement pr\u00e9sent\u00e9 dans un espace unique et de petite taille. Celle est la pr\u00e9sentation la plus courante.<\/li>\n<li><em>Alop\u00e9cie areata total: <\/em>elle affecte l&#8217;ensemble du cuir chevelu. La perte de tous les cheveux se manifeste habituellement aux 6 mois d&#8217;avoir commenc\u00e9 les sympt\u00f4mes.<\/li>\n<li>Alop\u00e9cie areata universalis: elle touche tous les poils du corps (les aisselles, le pubis, les sourcils et les cils).<\/li>\n<\/ul>\n<h2 style=\"text-align: justify;\"><span style=\"color: #75c9d3;\">Symptomatologie<\/span><\/h2>\n<p style=\"text-align: justify;\">La perte de cheveux est souvent le seul sympt\u00f4me. La zone affect\u00e9e de la peau a un aspect normale, il n&#8217;y a pas de gonflement, rougeur, desquamation ou toute autre anomalie.<\/p>\n<h2 style=\"text-align: justify;\"><span style=\"color: #75c9d3;\">Causes<\/span><\/h2>\n<p style=\"text-align: justify;\">Il est une maladie consid\u00e9r\u00e9e d&#8217;origine multifactorielle, car il y a diff\u00e9rentes raisons qui peuvent influer sur son apparition:<\/p>\n<ul style=\"text-align: justify;\">\n<li><em>Facteurs g\u00e9n\u00e9tiques<\/em>: ant\u00e9c\u00e9dents familiaux d&#8217;alop\u00e9cie (20% des cas).<\/li>\n<li><em>Maladie auto-immune<\/em>: il est une attaque de notre propre syst\u00e8me immunitaire au follicule pileux. Il se une accumulation de cellules autour le follicule pileux qui paralyse le d\u00e9veloppement des cheveux et provoque sa chute subs\u00e9quente. La raison par laquelle elle se d\u00e9clenche est inconnue, mais en g\u00e9n\u00e9ral est li\u00e9e \u00e0 des moments de stress ou de troubles \u00e9motionnels.<\/li>\n<li><em>Maladie associ\u00e9e<\/em>: l&#8217;asthme, la rhinite allergique, la dermatite atopique, la maladie de la thyro\u00efde, le diab\u00e8te, le vitiligo, &#8230;<\/li>\n<\/ul>\n<h2 style=\"text-align: justify;\"><span style=\"color: #75c9d3;\">Traitement alop\u00e9cie areata<\/span><\/h2>\n<p style=\"text-align: justify;\">Si la perte de cheveux n&#8217;est pas tr\u00e8s r\u00e9pandue, souvent les cheveux repoussent en quelques mois sans traitement. Cependant nous recommandons de la traiter rapidement, car, malheureusement, l&#8217;alop\u00e9cie va plus vite que les m\u00e9dicaments eux-m\u00eames.<\/p>\n<p style=\"text-align: justify;\">Le traitement de choc de l&#8217;alop\u00e9cie areata est r\u00e9alis\u00e9 avec des corticost\u00e9ro\u00efdes, que ce soit sous la forme de lotions pour appliquer, sous forme de cr\u00e8mes, injections ou parfois aussi par voie orale. Tout d\u00e9pendra de l&#8217;\u00e9tendue et de la force avec laquelle elle est pr\u00e9sent\u00e9e.<\/p>\n<p style=\"text-align: justify;\">La r\u00e9ponse au traitement est tr\u00e8s variable. La plupart des patients ne r\u00e9pondent pas de mani\u00e8re satisfaisante \u00e0 un traitement \u00e0 la cortisone, surtout si ceux-ci sont mis en place tr\u00e8s rapidement au d\u00e9but de l&#8217;alop\u00e9cie. Dans les cas chroniques o\u00f9 la personne pr\u00e9sente de vastes zones de calvitie dans lesquelles ont \u00e9chou\u00e9 toutes les th\u00e9rapies standard, l&#8217;un des traitements les plus favorables et avec moins de risques pour la sant\u00e9 de la personne est le PUVAter\u00e0pia consistant en recevoir des rayons ultraviolets A en combinaison avec un m\u00e9dicament qui stimule l&#8217;effet du rayonnement.<\/p>\n<h2 style=\"text-align: justify;\"><span style=\"color: #75c9d3;\">Cons\u00e9quences<\/span><\/h2>\n<p style=\"text-align: justify;\">Dans les cas d&#8217;alop\u00e9cie areata universelle ou compl\u00e8te, dans certains cas, peut causer des probl\u00e8mes psychologiques et d&#8217;estime de soi, surtout lorsque la personne est tr\u00e8s jeune.<\/p>\n","protected":false},"excerpt":{"rendered":"<p>[vc_row][vc_column][vc_row_inner][vc_column_inner][\/vc_column_inner][\/vc_row_inner][\/vc_column][\/vc_row][vc_row][vc_column width=&#8221;3\/4&#8243; css=&#8221;.vc_custom_1473066092346{margin-top: 0px !important;}&#8221;][vc_column_text css=&#8221;.vc_custom_1473066053815{margin-top: 0px !important;}&#8221;] Qu&#8217;est que c&#8217;est alop\u00e9cie areata? L&#8217;alop\u00e9cie areata est une maladie qui implique une perte de cheveux dans une zone localis\u00e9e du corps, habituellement dans zones rondes et de petite surface. Souvent, elle se distingue des autres types de perte de cheveux par la vitesse de sa performance. [&hellip;]<\/p>\n","protected":false},"author":5,"featured_media":0,"parent":1696,"menu_order":0,"comment_status":"closed","ping_status":"closed","template":"soulmedic\/tpl-feature.php","meta":{"footnotes":""},"class_list":["post-1693","page","type-page","status-publish","hentry"],"yoast_head":"<!-- This site is optimized with the Yoast SEO plugin v19.12 - https:\/\/yoast.com\/wordpress\/plugins\/seo\/ -->\n<title>Alop\u00e9cie areata | Dr. Lopez Gil<\/title>\n<meta name=\"description\" content=\"Alopecia areata, les traitements les plus efficaces de notre \u00e9quipe de dermatologues sp\u00e9cialis\u00e9s dans la perte de cheveux. Clinique de Barcelone, Teknon.\" \/>\n<meta name=\"robots\" content=\"index, follow, max-snippet:-1, max-image-preview:large, max-video-preview:-1\" \/>\n<link rel=\"canonical\" href=\"https:\/\/www.lopezgil.com\/fr\/chute-de-cheveux\/alopecie-areata\/\" \/>\n<meta property=\"og:locale\" content=\"fr_FR\" \/>\n<meta property=\"og:type\" content=\"article\" \/>\n<meta property=\"og:title\" content=\"Alop\u00e9cie areata | Dr. Lopez Gil\" \/>\n<meta property=\"og:description\" content=\"Alopecia areata, les traitements les plus efficaces de notre \u00e9quipe de dermatologues sp\u00e9cialis\u00e9s dans la perte de cheveux. Clinique de Barcelone, Teknon.\" \/>\n<meta property=\"og:url\" content=\"https:\/\/www.lopezgil.com\/fr\/chute-de-cheveux\/alopecie-areata\/\" \/>\n<meta property=\"og:site_name\" content=\"Dr. Lopez Gil\" \/>\n<meta property=\"article:modified_time\" content=\"2019-06-11T10:18:47+00:00\" \/>\n<meta name=\"twitter:card\" content=\"summary_large_image\" \/>\n<meta name=\"twitter:label1\" content=\"Est. reading time\" \/>\n\t<meta name=\"twitter:data1\" content=\"3 minutes\" \/>\n<script type=\"application\/ld+json\" class=\"yoast-schema-graph\">{\"@context\":\"https:\/\/schema.org\",\"@graph\":[{\"@type\":\"WebPage\",\"@id\":\"https:\/\/www.lopezgil.com\/fr\/chute-de-cheveux\/alopecie-areata\/\",\"url\":\"https:\/\/www.lopezgil.com\/fr\/chute-de-cheveux\/alopecie-areata\/\",\"name\":\"Alop\u00e9cie areata | Dr. Lopez Gil\",\"isPartOf\":{\"@id\":\"https:\/\/www.lopezgil.com\/ca\/#website\"},\"datePublished\":\"2017-04-10T16:53:45+00:00\",\"dateModified\":\"2019-06-11T10:18:47+00:00\",\"description\":\"Alopecia areata, les traitements les plus efficaces de notre \u00e9quipe de dermatologues sp\u00e9cialis\u00e9s dans la perte de cheveux. Clinique de Barcelone, Teknon.\",\"breadcrumb\":{\"@id\":\"https:\/\/www.lopezgil.com\/fr\/chute-de-cheveux\/alopecie-areata\/#breadcrumb\"},\"inLanguage\":\"fr-FR\",\"potentialAction\":[{\"@type\":\"ReadAction\",\"target\":[\"https:\/\/www.lopezgil.com\/fr\/chute-de-cheveux\/alopecie-areata\/\"]}]},{\"@type\":\"BreadcrumbList\",\"@id\":\"https:\/\/www.lopezgil.com\/fr\/chute-de-cheveux\/alopecie-areata\/#breadcrumb\",\"itemListElement\":[{\"@type\":\"ListItem\",\"position\":1,\"name\":\"Portada\",\"item\":\"https:\/\/www.lopezgil.com\/fr\/\"},{\"@type\":\"ListItem\",\"position\":2,\"name\":\"Chute de cheveux\",\"item\":\"https:\/\/www.lopezgil.com\/fr\/chute-de-cheveux\/\"},{\"@type\":\"ListItem\",\"position\":3,\"name\":\"Alop\u00e9cie areata\"}]},{\"@type\":\"WebSite\",\"@id\":\"https:\/\/www.lopezgil.com\/ca\/#website\",\"url\":\"https:\/\/www.lopezgil.com\/ca\/\",\"name\":\"Dr. Lopez Gil\",\"description\":\"Dermat\u00f3logo Barcelona\",\"potentialAction\":[{\"@type\":\"SearchAction\",\"target\":{\"@type\":\"EntryPoint\",\"urlTemplate\":\"https:\/\/www.lopezgil.com\/ca\/?s={search_term_string}\"},\"query-input\":\"required name=search_term_string\"}],\"inLanguage\":\"fr-FR\"}]}<\/script>\n<!-- \/ Yoast SEO plugin. -->","yoast_head_json":{"title":"Alop\u00e9cie areata | Dr. Lopez Gil","description":"Alopecia areata, les traitements les plus efficaces de notre \u00e9quipe de dermatologues sp\u00e9cialis\u00e9s dans la perte de cheveux. Clinique de Barcelone, Teknon.","robots":{"index":"index","follow":"follow","max-snippet":"max-snippet:-1","max-image-preview":"max-image-preview:large","max-video-preview":"max-video-preview:-1"},"canonical":"https:\/\/www.lopezgil.com\/fr\/chute-de-cheveux\/alopecie-areata\/","og_locale":"fr_FR","og_type":"article","og_title":"Alop\u00e9cie areata | Dr. Lopez Gil","og_description":"Alopecia areata, les traitements les plus efficaces de notre \u00e9quipe de dermatologues sp\u00e9cialis\u00e9s dans la perte de cheveux. Clinique de Barcelone, Teknon.","og_url":"https:\/\/www.lopezgil.com\/fr\/chute-de-cheveux\/alopecie-areata\/","og_site_name":"Dr. Lopez Gil","article_modified_time":"2019-06-11T10:18:47+00:00","twitter_card":"summary_large_image","twitter_misc":{"Est. reading time":"3 minutes"},"schema":{"@context":"https:\/\/schema.org","@graph":[{"@type":"WebPage","@id":"https:\/\/www.lopezgil.com\/fr\/chute-de-cheveux\/alopecie-areata\/","url":"https:\/\/www.lopezgil.com\/fr\/chute-de-cheveux\/alopecie-areata\/","name":"Alop\u00e9cie areata | Dr. Lopez Gil","isPartOf":{"@id":"https:\/\/www.lopezgil.com\/ca\/#website"},"datePublished":"2017-04-10T16:53:45+00:00","dateModified":"2019-06-11T10:18:47+00:00","description":"Alopecia areata, les traitements les plus efficaces de notre \u00e9quipe de dermatologues sp\u00e9cialis\u00e9s dans la perte de cheveux. Clinique de Barcelone, Teknon.","breadcrumb":{"@id":"https:\/\/www.lopezgil.com\/fr\/chute-de-cheveux\/alopecie-areata\/#breadcrumb"},"inLanguage":"fr-FR","potentialAction":[{"@type":"ReadAction","target":["https:\/\/www.lopezgil.com\/fr\/chute-de-cheveux\/alopecie-areata\/"]}]},{"@type":"BreadcrumbList","@id":"https:\/\/www.lopezgil.com\/fr\/chute-de-cheveux\/alopecie-areata\/#breadcrumb","itemListElement":[{"@type":"ListItem","position":1,"name":"Portada","item":"https:\/\/www.lopezgil.com\/fr\/"},{"@type":"ListItem","position":2,"name":"Chute de cheveux","item":"https:\/\/www.lopezgil.com\/fr\/chute-de-cheveux\/"},{"@type":"ListItem","position":3,"name":"Alop\u00e9cie areata"}]},{"@type":"WebSite","@id":"https:\/\/www.lopezgil.com\/ca\/#website","url":"https:\/\/www.lopezgil.com\/ca\/","name":"Dr. Lopez Gil","description":"Dermat\u00f3logo Barcelona","potentialAction":[{"@type":"SearchAction","target":{"@type":"EntryPoint","urlTemplate":"https:\/\/www.lopezgil.com\/ca\/?s={search_term_string}"},"query-input":"required name=search_term_string"}],"inLanguage":"fr-FR"}]}},"_links":{"self":[{"href":"https:\/\/www.lopezgil.com\/fr\/wp-json\/wp\/v2\/pages\/1693","targetHints":{"allow":["GET"]}}],"collection":[{"href":"https:\/\/www.lopezgil.com\/fr\/wp-json\/wp\/v2\/pages"}],"about":[{"href":"https:\/\/www.lopezgil.com\/fr\/wp-json\/wp\/v2\/types\/page"}],"author":[{"embeddable":true,"href":"https:\/\/www.lopezgil.com\/fr\/wp-json\/wp\/v2\/users\/5"}],"replies":[{"embeddable":true,"href":"https:\/\/www.lopezgil.com\/fr\/wp-json\/wp\/v2\/comments?post=1693"}],"version-history":[{"count":3,"href":"https:\/\/www.lopezgil.com\/fr\/wp-json\/wp\/v2\/pages\/1693\/revisions"}],"predecessor-version":[{"id":4366,"href":"https:\/\/www.lopezgil.com\/fr\/wp-json\/wp\/v2\/pages\/1693\/revisions\/4366"}],"up":[{"embeddable":true,"href":"https:\/\/www.lopezgil.com\/fr\/wp-json\/wp\/v2\/pages\/1696"}],"wp:attachment":[{"href":"https:\/\/www.lopezgil.com\/fr\/wp-json\/wp\/v2\/media?parent=1693"}],"curies":[{"name":"wp","href":"https:\/\/api.w.org\/{rel}","templated":true}]}}