{"id":1687,"date":"2017-04-10T16:32:46","date_gmt":"2017-04-10T16:32:46","guid":{"rendered":"http:\/\/lopezgil.com\/enconstruccion\/?page_id=1687"},"modified":"2019-12-06T01:44:11","modified_gmt":"2019-12-06T01:44:11","slug":"xanthelasmes","status":"publish","type":"page","link":"https:\/\/www.lopezgil.com\/fr\/dermatologie-clinique\/xanthelasmes\/","title":{"rendered":"Xanthelasmes"},"content":{"rendered":"<div id=\"fb-root\"><\/div>\n<p style=\"text-align: justify;\">[vc_row][vc_column][vc_row_inner][vc_column_inner]<script type=\"text\/javascript\">jQuery(function() { _initLayerSlider( '#layerslider_24_1rcufjk0v5zjd', {sliderVersion: '', responsiveUnder: 0, layersContainer: 0, hideUnder: 0, hideOver: 100000, pauseOnHover: 1, skin: 'v5', sliderFadeInDuration: 350, useSrcset: true, skinsPath: 'https:\/\/www.lopezgil.com\/wp-content\/plugins\/LayerSlider\/assets\/static\/layerslider\/skins\/', type: 'responsive', showCircleTimer: false, performanceMode: true}); });<\/script><div id=\"layerslider_24_1rcufjk0v5zjd\" class=\"ls-wp-container fitvidsignore\" style=\"width:600px;height:200px;margin:0 auto;margin-bottom: 0px;\"><div class=\"ls-slide\" data-ls=\"duration:4000;\"><img loading=\"lazy\" decoding=\"async\" width=\"600\" height=\"200\" src=\"https:\/\/www.lopezgil.com\/wp-content\/uploads\/drlopezgil_dermatologia_barcelona_600x200_xantelasmas.jpg\" class=\"ls-bg\" alt=\"drlopezgil_dermatologia_barcelona_600x200_xantelasmas\" srcset=\"https:\/\/www.lopezgil.com\/wp-content\/uploads\/drlopezgil_dermatologia_barcelona_600x200_xantelasmas.jpg 600w, https:\/\/www.lopezgil.com\/wp-content\/uploads\/drlopezgil_dermatologia_barcelona_600x200_xantelasmas-300x100.jpg 300w\" sizes=\"auto, (max-width: 600px) 100vw, 600px\" \/><\/div><\/div>[\/vc_column_inner][\/vc_row_inner][\/vc_column][\/vc_row][vc_row][vc_column width=&#8221;3\/4&#8243; css=&#8221;.vc_custom_1473066092346{margin-top: 0px !important;}&#8221;][vc_column_text css=&#8221;.vc_custom_1473066053815{margin-top: 0px !important;}&#8221;]\n<h2 style=\"text-align: justify;\"><span style=\"color: #75c9d3;\"><strong>Que sont les xanthelasmes?<\/strong><\/span><\/h2>\n<p style=\"text-align: justify;\">Le xantlelasma est une petite tumeur b\u00e9nigne qui est plac\u00e9 autour de la paupi\u00e8re sup\u00e9rieure et\/ou inf\u00e9rieure. Il peut \u00e9galement \u00eatre trouv\u00e9 dans d&#8217;autres r\u00e9gions du corps, alors ils s&#8217;appellent xanthomes. Ils ne posent pas de probl\u00e8me de sant\u00e9, mais un d\u00e9faut esth\u00e9tique.<\/p>\n<h2 style=\"text-align: justify;\"><span style=\"color: #75c9d3;\"><strong>Qui est concern\u00e9?<\/strong><\/span><\/h2>\n<p style=\"text-align: justify;\">L&#8217;incidence est de 1% dans la population g\u00e9n\u00e9rale. Ils sont plus fr\u00e9quente chez les femmes que chez les hommes et m\u00eame s\u2019ils peuvent appara\u00eetre \u00e0 partir de l&#8217;adolescence sont plus fr\u00e9quentes entre les 40-50 ans.<\/p>\n<h2 style=\"text-align: justify;\"><span style=\"color: #75c9d3;\"><strong>Symptomatologie<\/strong><\/span><\/h2>\n<p style=\"text-align: justify;\">Ils apparaissent comme papules bien d\u00e9finies et jaun\u00e2tres autour des paupi\u00e8res. Ils sont des accumulations cutan\u00e9es de cholest\u00e9rol qui apparaissent habituellement sym\u00e9triquement, mais parfois peuvent appara\u00eetre d&#8217;une seule fa\u00e7on. Ils sont asymptomatiques.<\/p>\n<h2 style=\"text-align: justify;\"><span style=\"color: #75c9d3;\"><strong>Causes du <\/strong><\/span><span style=\"color: #75c9d3;\"><strong>xanthelasmes<\/strong><\/span><\/h2>\n<p style=\"text-align: justify;\">Bien qu&#8217;ils soient une accumulation de cholest\u00e9rol, on ne conna\u00eet pas la raison exacte pour laquelle ils apparaissent, car seulement 50% des patients ont souvent hyperlipid\u00e9mie (exc\u00e8s de graisses dans le sang). Un autre facteur \u00e0 consid\u00e9rer est h\u00e9r\u00e9ditaire.<\/p>\n<h2 style=\"text-align: justify;\"><strong style=\"color: #75c9d3;\">Traitement du <\/strong><span style=\"color: #75c9d3;\"><strong>xanthelasmes \u00e0 Barcelone<\/strong><\/span><\/h2>\n<p style=\"text-align: justify;\">Ne pr\u00e9sentent aucun risque pour la sant\u00e9 de la peau, mais si ils sont associ\u00e9s \u00e0 l&#8217;hypercholest\u00e9rol\u00e9mie, indiquent un risque cardiovasculaire plus \u00e9lev\u00e9. Pour cette raison, il est indispensable d&#8217;ordonner un profil lipidique pour \u00e9tudier la quantit\u00e9 de graisse circulant dans le sang.<\/p>\n<p style=\"text-align: justify;\">Il y a trois m\u00e9thodes de base pour l&#8217;\u00e9limination:<\/p>\n<ul>\n<li style=\"text-align: justify;\"><em>Chirurgie (r\u00e9section et fermeture avec suture)<\/em>: cette technique, \u00e0 moins que le xanthelasma soit d&#8217;une taille consid\u00e9rable, n&#8217;est g\u00e9n\u00e9ralement pas pratiqu\u00e9e, car elle est la plus traumatisante et laisse une cicatrice.<\/li>\n<li style=\"text-align: justify;\"><em>Peeling \u00e0 l&#8217;acide trichlorac\u00e9tique:<\/em> on obtient la destruction des couches de surface pour atteindre le derme o\u00f9 se trouve le r\u00e9servoir est le cholest\u00e9rol. Il est une technique efficace et \u00e9conomique, mais n\u00e9cessite de nombreuses s\u00e9ances (entre 9 et 10) et \u00e9tant un liquide peut affecter la r\u00e9gion environnante.<\/li>\n<li style=\"text-align: justify;\"><em>Laser CO<sub>2:<\/sub><\/em> \u00e9vapore le d\u00e9p\u00f4t de graisse de la peau sans la n\u00e9cessit\u00e9 de fermer la plaie avec des points et donc aucun risque de cicatrices. Le gros avantage est qu&#8217;il aura besoin de tr\u00e8s peu de s\u00e9ances pour une \u00e9limination compl\u00e8te des xanthelasmes et est la m\u00e9thode qui pr\u00e9sente moins de risque de rechute.<\/li>\n<\/ul>\n","protected":false},"excerpt":{"rendered":"<p>[vc_row][vc_column][vc_row_inner][vc_column_inner][\/vc_column_inner][\/vc_row_inner][\/vc_column][\/vc_row][vc_row][vc_column width=&#8221;3\/4&#8243; css=&#8221;.vc_custom_1473066092346{margin-top: 0px !important;}&#8221;][vc_column_text css=&#8221;.vc_custom_1473066053815{margin-top: 0px !important;}&#8221;] Que sont les xanthelasmes? Le xantlelasma est une petite tumeur b\u00e9nigne qui est plac\u00e9 autour de la paupi\u00e8re sup\u00e9rieure et\/ou inf\u00e9rieure. Il peut \u00e9galement \u00eatre trouv\u00e9 dans d&#8217;autres r\u00e9gions du corps, alors ils s&#8217;appellent xanthomes. Ils ne posent pas de probl\u00e8me de sant\u00e9, mais un d\u00e9faut esth\u00e9tique. [&hellip;]<\/p>\n","protected":false},"author":5,"featured_media":0,"parent":1429,"menu_order":17,"comment_status":"closed","ping_status":"closed","template":"soulmedic\/tpl-feature.php","meta":{"footnotes":""},"class_list":["post-1687","page","type-page","status-publish","hentry"],"yoast_head":"<!-- This site is optimized with the Yoast SEO plugin v19.12 - https:\/\/yoast.com\/wordpress\/plugins\/seo\/ -->\n<title>Xanthelasmes | Dr. Lopez Gil | Cl\u00ednica Teknon Barcelona<\/title>\n<meta name=\"description\" content=\"Le xanth\u00e9lasma est une petite tumeur b\u00e9nigne situ\u00e9e autour de la paupi\u00e8re. Conna\u00eetre les causes, les types et les traitements. Demandez nous!\" \/>\n<meta name=\"robots\" content=\"index, follow, max-snippet:-1, max-image-preview:large, max-video-preview:-1\" \/>\n<link rel=\"canonical\" href=\"https:\/\/www.lopezgil.com\/fr\/dermatologie-clinique\/xanthelasmes\/\" \/>\n<meta property=\"og:locale\" content=\"fr_FR\" \/>\n<meta property=\"og:type\" content=\"article\" \/>\n<meta property=\"og:title\" content=\"Xanthelasmes | Dr. Lopez Gil | Cl\u00ednica Teknon Barcelona\" \/>\n<meta property=\"og:description\" content=\"Le xanth\u00e9lasma est une petite tumeur b\u00e9nigne situ\u00e9e autour de la paupi\u00e8re. Conna\u00eetre les causes, les types et les traitements. Demandez nous!\" \/>\n<meta property=\"og:url\" content=\"https:\/\/www.lopezgil.com\/fr\/dermatologie-clinique\/xanthelasmes\/\" \/>\n<meta property=\"og:site_name\" content=\"Dr. Lopez Gil\" \/>\n<meta property=\"article:modified_time\" content=\"2019-12-06T01:44:11+00:00\" \/>\n<meta name=\"twitter:card\" content=\"summary_large_image\" \/>\n<meta name=\"twitter:label1\" content=\"Est. reading time\" \/>\n\t<meta name=\"twitter:data1\" content=\"2 minutes\" \/>\n<script type=\"application\/ld+json\" class=\"yoast-schema-graph\">{\"@context\":\"https:\/\/schema.org\",\"@graph\":[{\"@type\":\"WebPage\",\"@id\":\"https:\/\/www.lopezgil.com\/fr\/dermatologie-clinique\/xanthelasmes\/\",\"url\":\"https:\/\/www.lopezgil.com\/fr\/dermatologie-clinique\/xanthelasmes\/\",\"name\":\"Xanthelasmes | Dr. Lopez Gil | Cl\u00ednica Teknon Barcelona\",\"isPartOf\":{\"@id\":\"https:\/\/www.lopezgil.com\/ca\/#website\"},\"datePublished\":\"2017-04-10T16:32:46+00:00\",\"dateModified\":\"2019-12-06T01:44:11+00:00\",\"description\":\"Le xanth\u00e9lasma est une petite tumeur b\u00e9nigne situ\u00e9e autour de la paupi\u00e8re. Conna\u00eetre les causes, les types et les traitements. Demandez nous!\",\"breadcrumb\":{\"@id\":\"https:\/\/www.lopezgil.com\/fr\/dermatologie-clinique\/xanthelasmes\/#breadcrumb\"},\"inLanguage\":\"fr-FR\",\"potentialAction\":[{\"@type\":\"ReadAction\",\"target\":[\"https:\/\/www.lopezgil.com\/fr\/dermatologie-clinique\/xanthelasmes\/\"]}]},{\"@type\":\"BreadcrumbList\",\"@id\":\"https:\/\/www.lopezgil.com\/fr\/dermatologie-clinique\/xanthelasmes\/#breadcrumb\",\"itemListElement\":[{\"@type\":\"ListItem\",\"position\":1,\"name\":\"Portada\",\"item\":\"https:\/\/www.lopezgil.com\/fr\/\"},{\"@type\":\"ListItem\",\"position\":2,\"name\":\"Dermatologie clinique\",\"item\":\"https:\/\/www.lopezgil.com\/fr\/dermatologie-clinique\/\"},{\"@type\":\"ListItem\",\"position\":3,\"name\":\"Xanthelasmes\"}]},{\"@type\":\"WebSite\",\"@id\":\"https:\/\/www.lopezgil.com\/ca\/#website\",\"url\":\"https:\/\/www.lopezgil.com\/ca\/\",\"name\":\"Dr. Lopez Gil\",\"description\":\"Dermat\u00f3logo Barcelona\",\"potentialAction\":[{\"@type\":\"SearchAction\",\"target\":{\"@type\":\"EntryPoint\",\"urlTemplate\":\"https:\/\/www.lopezgil.com\/ca\/?s={search_term_string}\"},\"query-input\":\"required name=search_term_string\"}],\"inLanguage\":\"fr-FR\"}]}<\/script>\n<!-- \/ Yoast SEO plugin. -->","yoast_head_json":{"title":"Xanthelasmes | Dr. Lopez Gil | Cl\u00ednica Teknon Barcelona","description":"Le xanth\u00e9lasma est une petite tumeur b\u00e9nigne situ\u00e9e autour de la paupi\u00e8re. Conna\u00eetre les causes, les types et les traitements. Demandez nous!","robots":{"index":"index","follow":"follow","max-snippet":"max-snippet:-1","max-image-preview":"max-image-preview:large","max-video-preview":"max-video-preview:-1"},"canonical":"https:\/\/www.lopezgil.com\/fr\/dermatologie-clinique\/xanthelasmes\/","og_locale":"fr_FR","og_type":"article","og_title":"Xanthelasmes | Dr. Lopez Gil | Cl\u00ednica Teknon Barcelona","og_description":"Le xanth\u00e9lasma est une petite tumeur b\u00e9nigne situ\u00e9e autour de la paupi\u00e8re. Conna\u00eetre les causes, les types et les traitements. Demandez nous!","og_url":"https:\/\/www.lopezgil.com\/fr\/dermatologie-clinique\/xanthelasmes\/","og_site_name":"Dr. Lopez Gil","article_modified_time":"2019-12-06T01:44:11+00:00","twitter_card":"summary_large_image","twitter_misc":{"Est. reading time":"2 minutes"},"schema":{"@context":"https:\/\/schema.org","@graph":[{"@type":"WebPage","@id":"https:\/\/www.lopezgil.com\/fr\/dermatologie-clinique\/xanthelasmes\/","url":"https:\/\/www.lopezgil.com\/fr\/dermatologie-clinique\/xanthelasmes\/","name":"Xanthelasmes | Dr. Lopez Gil | Cl\u00ednica Teknon Barcelona","isPartOf":{"@id":"https:\/\/www.lopezgil.com\/ca\/#website"},"datePublished":"2017-04-10T16:32:46+00:00","dateModified":"2019-12-06T01:44:11+00:00","description":"Le xanth\u00e9lasma est une petite tumeur b\u00e9nigne situ\u00e9e autour de la paupi\u00e8re. Conna\u00eetre les causes, les types et les traitements. Demandez nous!","breadcrumb":{"@id":"https:\/\/www.lopezgil.com\/fr\/dermatologie-clinique\/xanthelasmes\/#breadcrumb"},"inLanguage":"fr-FR","potentialAction":[{"@type":"ReadAction","target":["https:\/\/www.lopezgil.com\/fr\/dermatologie-clinique\/xanthelasmes\/"]}]},{"@type":"BreadcrumbList","@id":"https:\/\/www.lopezgil.com\/fr\/dermatologie-clinique\/xanthelasmes\/#breadcrumb","itemListElement":[{"@type":"ListItem","position":1,"name":"Portada","item":"https:\/\/www.lopezgil.com\/fr\/"},{"@type":"ListItem","position":2,"name":"Dermatologie clinique","item":"https:\/\/www.lopezgil.com\/fr\/dermatologie-clinique\/"},{"@type":"ListItem","position":3,"name":"Xanthelasmes"}]},{"@type":"WebSite","@id":"https:\/\/www.lopezgil.com\/ca\/#website","url":"https:\/\/www.lopezgil.com\/ca\/","name":"Dr. Lopez Gil","description":"Dermat\u00f3logo Barcelona","potentialAction":[{"@type":"SearchAction","target":{"@type":"EntryPoint","urlTemplate":"https:\/\/www.lopezgil.com\/ca\/?s={search_term_string}"},"query-input":"required name=search_term_string"}],"inLanguage":"fr-FR"}]}},"_links":{"self":[{"href":"https:\/\/www.lopezgil.com\/fr\/wp-json\/wp\/v2\/pages\/1687","targetHints":{"allow":["GET"]}}],"collection":[{"href":"https:\/\/www.lopezgil.com\/fr\/wp-json\/wp\/v2\/pages"}],"about":[{"href":"https:\/\/www.lopezgil.com\/fr\/wp-json\/wp\/v2\/types\/page"}],"author":[{"embeddable":true,"href":"https:\/\/www.lopezgil.com\/fr\/wp-json\/wp\/v2\/users\/5"}],"replies":[{"embeddable":true,"href":"https:\/\/www.lopezgil.com\/fr\/wp-json\/wp\/v2\/comments?post=1687"}],"version-history":[{"count":3,"href":"https:\/\/www.lopezgil.com\/fr\/wp-json\/wp\/v2\/pages\/1687\/revisions"}],"predecessor-version":[{"id":4880,"href":"https:\/\/www.lopezgil.com\/fr\/wp-json\/wp\/v2\/pages\/1687\/revisions\/4880"}],"up":[{"embeddable":true,"href":"https:\/\/www.lopezgil.com\/fr\/wp-json\/wp\/v2\/pages\/1429"}],"wp:attachment":[{"href":"https:\/\/www.lopezgil.com\/fr\/wp-json\/wp\/v2\/media?parent=1687"}],"curies":[{"name":"wp","href":"https:\/\/api.w.org\/{rel}","templated":true}]}}