{"id":1681,"date":"2017-04-10T16:22:25","date_gmt":"2017-04-10T16:22:25","guid":{"rendered":"http:\/\/lopezgil.com\/enconstruccion\/?page_id=1681"},"modified":"2019-12-05T22:36:53","modified_gmt":"2019-12-05T22:36:53","slug":"melasma","status":"publish","type":"page","link":"https:\/\/www.lopezgil.com\/fr\/dermatologie-clinique\/melasma\/","title":{"rendered":"M\u00e9lasma"},"content":{"rendered":"<div id=\"fb-root\"><\/div>\n<p style=\"text-align: justify;\">[vc_row][vc_column][vc_row_inner][vc_column_inner]<script type=\"text\/javascript\">jQuery(function() { _initLayerSlider( '#layerslider_18_1rbeb9befig6w', {sliderVersion: '', responsiveUnder: 0, layersContainer: 0, hideUnder: 0, hideOver: 100000, pauseOnHover: 1, skin: 'v5', sliderFadeInDuration: 350, useSrcset: true, skinsPath: 'https:\/\/www.lopezgil.com\/wp-content\/plugins\/LayerSlider\/assets\/static\/layerslider\/skins\/', type: 'responsive', showCircleTimer: false, performanceMode: true}); });<\/script><div id=\"layerslider_18_1rbeb9befig6w\" class=\"ls-wp-container fitvidsignore\" style=\"width:600px;height:200px;margin:0 auto;margin-bottom: 0px;\"><div class=\"ls-slide\" data-ls=\"duration:4000;\"><img loading=\"lazy\" decoding=\"async\" width=\"600\" height=\"200\" src=\"https:\/\/www.lopezgil.com\/wp-content\/uploads\/drlopezgil_dermatologia_barcelona_600x200_melasma_mancha_hormonal_frente_labios.jpg\" class=\"ls-bg\" alt=\"drlopezgil_dermatologia_barcelona_600x200_melasma_mancha_hormonal_frente_labios\" srcset=\"https:\/\/www.lopezgil.com\/wp-content\/uploads\/drlopezgil_dermatologia_barcelona_600x200_melasma_mancha_hormonal_frente_labios.jpg 600w, https:\/\/www.lopezgil.com\/wp-content\/uploads\/drlopezgil_dermatologia_barcelona_600x200_melasma_mancha_hormonal_frente_labios-300x100.jpg 300w\" sizes=\"auto, (max-width: 600px) 100vw, 600px\" \/><\/div><\/div>[\/vc_column_inner][\/vc_row_inner][\/vc_column][\/vc_row][vc_row][vc_column width=&#8221;3\/4&#8243; css=&#8221;.vc_custom_1473066092346{margin-top: 0px !important;}&#8221;][vc_column_text css=&#8221;.vc_custom_1473066053815{margin-top: 0px !important;}&#8221;]\n<h2 style=\"text-align: justify;\"><span style=\"color: #75c9d3;\"><strong><strong>Qu&#8217;est que c&#8217;est melasma?<\/strong><\/strong><\/span><\/h2>\n<p style=\"text-align: justify;\">Le m\u00e9lasma, \u00e9galement connu sous le nom de chloasma ou masque de grossesse, est une affection tr\u00e8s fr\u00e9quente caract\u00e9ris\u00e9e par une hyperm\u00e9lanoses de la peau. Il est bas\u00e9 en l&#8217;apparition de taches (maculas) sombres g\u00e9n\u00e9ralement irr\u00e9guli\u00e8res, bilat\u00e9rales et sym\u00e9triques dans les zones expos\u00e9es au soleil comme le visage (front, moustache et joues), le cou et les avant-bras. Habituellement, ils restent pendant des ann\u00e9es et souvent augmentent la coloration pendant les mois d&#8217;\u00e9t\u00e9 en raison de l&#8217;exposition au soleil.<\/p>\n<h2 style=\"text-align: justify;\"><span style=\"color: #75c9d3;\"><strong>Qui est concern\u00e9?<\/strong><\/span><\/h2>\n<p style=\"text-align: justify;\">Principalement il affecte des femmes d&#8217;\u00e2ge moyen (90% des cas) et en particulier \u00e0 la peau fonc\u00e9e. Chez les hommes recevant un traitement d&#8217;oestrog\u00e8ne pour le cancer de la prostate, l&#8217;incidence du m\u00e9lasma est plus \u00e9lev\u00e9e, bien que pas tr\u00e8s fr\u00e9quente (10%).<\/p>\n<h2 style=\"text-align: justify;\"><span style=\"color: #75c9d3;\"><strong>Symptomatologie<\/strong><\/span><\/h2>\n<p style=\"text-align: justify;\">Le seul sympt\u00f4me du m\u00e9lasma est un changement de couleur de la peau, provoquant un effet inesth\u00e9tique et, dans des certains cas, peut provoquer prurit.<\/p>\n<h2 style=\"text-align: justify;\"><span style=\"color: #75c9d3;\"><strong>Causes<\/strong><\/span><\/h2>\n<p style=\"text-align: justify;\">L&#8217;apparition de cette blessure peut \u00eatre caus\u00e9e par des facteurs suivants:<\/p>\n<ul style=\"text-align: justify;\">\n<li>Facteur g\u00e9n\u00e9tique<\/li>\n<li>Facteurs hormonaux (grossesse, contraceptifs oraux, m\u00e9nopause)<\/li>\n<li>Surexposition au soleil<\/li>\n<li>R\u00e9action aux m\u00e9dicaments ou cosm\u00e9tiques<\/li>\n<\/ul>\n<h2 style=\"text-align: justify;\"><span style=\"color: #75c9d3;\"><strong>Types<\/strong><\/span><\/h2>\n<p style=\"text-align: justify;\">Selon ils deviennent chroniques, nous pouvons distinguer entre:<\/p>\n<ul style=\"text-align: justify;\">\n<li><em>M\u00e9lasma transitoire:<\/em> dispara\u00eet dans un an apr\u00e8s l&#8217;arr\u00eat de la stimulation hormonale (grossesse, contraception)<\/li>\n<li><em>M\u00e9lasma persistante: <\/em>est principalement caus\u00e9 par une exposition extr\u00eame au soleil. Il est caract\u00e9ris\u00e9 par ne dispara\u00eetre pas.<\/li>\n<\/ul>\n<p style=\"text-align: justify;\">Selon la profondeur, on peut distinguer:<\/p>\n<ul style=\"text-align: justify;\">\n<li><em>M\u00e9lasma \u00e9pid\u00e8rmique ou superficiel: <\/em>Il affecte la couche sup\u00e9rieure de la peau est brune et a des bords bien d\u00e9finis.<\/li>\n<li><em>M\u00e9lasma dermique ou profonde: <\/em>elle affecte le niveau le plus profond du derme et se caract\u00e9rise par avoir des taches de couleur gris-bleu.<\/li>\n<li><em>M\u00e9lasma mixte: <\/em>est une combinaison des m\u00e9lasmes discut\u00e9s ci-dessus. Il pr\u00e9sente une couleur brun gris\u00e2tre.<\/li>\n<\/ul>\n<h2 style=\"text-align: justify;\"><span style=\"color: #75c9d3;\"><strong>Traitement du melasma Barcelona<\/strong><\/span><\/h2>\n<p style=\"text-align: justify;\">Avant de prescrire un traitement, est tr\u00e8s important d&#8217;informer le patient que est efficace mais le est processus tr\u00e8s lent et il y a une possibilit\u00e9 que le m\u00e9lasma r\u00e9appara\u00eet apr\u00e8s l&#8217;\u00e9limination. Pour cette raison, il est tr\u00e8s important d&#8217;effectuer un entretien, s&#8217;il n&#8217;y a pas de contre-indications laisser l&#8217;utilisation de contraceptifs et d&#8217;utiliser un \u00e9cran solaire SPF50 comme pr\u00e9vention.<\/p>\n<p style=\"text-align: justify;\">En fonction du type de m\u00e9lasma, on fera un ou un autre traitement. \u00c0 travers d&#8217;une lampe de Wood, on d\u00e9terminera la profondeur du m\u00e9lasma et en cons\u00e9quence on appliquera le traitement.<\/p>\n<p style=\"text-align: justify;\">Les traitements peuvent \u00eatre:<\/p>\n<ul style=\"text-align: justify;\">\n<li><em>M\u00e9dicaments despigmentantes<\/em><\/li>\n<li><em>Peeling chimique<\/em><\/li>\n<li><em>Traitement au laser<\/em><\/li>\n<\/ul>\n<p style=\"text-align: justify;\">Dans le sc\u00e9nario le plus favorable, avec l&#8217;absence de contraceptifs et sans aucune pr\u00e9vision de grossesse imm\u00e9diatement, le traitement le plus efficace est bas\u00e9 sur la combinaison de laser fractionnel non ablatif (3-4 sessions\/an) avec de produits topiques despigmentantes de la peau sous forme de cr\u00e8mes ou de lotions. On devrait expliquer clairement que l&#8217;utilisation combin\u00e9e est la cl\u00e9 du succ\u00e8s dans cette condition. Si nous traitons le m\u00e9lasma seulement avec le laser, nous obtiendrons des r\u00e9sultats m\u00e9diocres. Si l&#8217;on applique seulement des cr\u00e8mes d\u00e9pigmentantes, nous obtiendrons une clarification partielle ou pas de r\u00e9sultats.<\/p>\n<p style=\"text-align: justify;\"><em><u>M\u00e9dicaments despigmentantes<\/u><\/em><\/p>\n<p style=\"text-align: justify;\">A propos des produits de d\u00e9pigmentation, l&#8217;id\u00e9al est d&#8217;utiliser Hydroquinone au 2-5% d&#8217;une fa\u00e7on discontinue, combiner \u00e9tapes de traitement avec etapes de repos. C&#8217;est le produit de blanchiment plus efficace, m\u00eame si elle ne peut pas \u00eatre appliqu\u00e9 aux femmes enceintes ou \u00e0 les femmes qui veulent devenir enceintes, et chez certaines femmes peut produire des irritations et rougeurs, qui peuvent forcer \u00e0 la laisser.<\/p>\n<p style=\"text-align: justify;\">En cas d&#8217;intol\u00e9rance \u00e0 l&#8217;hydroquinone, on peut prescrire l&#8217;Arbutine qui est un pr\u00e9curseur de l&#8217;Hydroquinone, mais il faut que vous sachiez que n&#8217;a pas la m\u00eame efficacit\u00e9.<\/p>\n<p style=\"text-align: justify;\">On utilise l\u2019Hydroquinone conjointement avec l&#8217;acide kojique qui effectue un effet b\u00e9n\u00e9fique et augmente les r\u00e9sultats de l&#8217;Hydroquinone. Ajouter l&#8217;acide R\u00e9tino\u00efque ou Acide Glycolique augmente l&#8217;effet de p\u00e9n\u00e9tration de l&#8217;hydroquinone. On peut avoir l&#8217;inconv\u00e9nient, en fonction du type de peau, d&#8217;augmenter \u00e9galement l&#8217;irritation. Si la peau tol\u00e8re ces combinaisons Hydroquinone + Acide kojique + Acide Glycolique ou Acide R\u00e9tino\u00efque, des r\u00e9sultats satisfaisants arrivent avant. Habituellement, on introduit un anti-inflammatoire cortico\u00efde ou un autre pr\u00e9vu pour minimiser l&#8217;irritation de la peau.<\/p>\n<p style=\"text-align: justify;\"><em><u>Traitement au laser<\/u><\/em><\/p>\n<p style=\"text-align: justify;\">A propos du laser, vous devriez savoir que seul le laser fractionnel non ablatif, de pr\u00e9f\u00e9rence d&#8217;erbium, est appropri\u00e9. Les autres lasers utilis\u00e9s comme les Q switched de N\u00e9odyme ou Alexandrite ou IPL, non seulement ne r\u00e9solvent pas le m\u00e9lasma mais peuvent l&#8217;aggraver.<\/p>\n","protected":false},"excerpt":{"rendered":"<p>[vc_row][vc_column][vc_row_inner][vc_column_inner][\/vc_column_inner][\/vc_row_inner][\/vc_column][\/vc_row][vc_row][vc_column width=&#8221;3\/4&#8243; css=&#8221;.vc_custom_1473066092346{margin-top: 0px !important;}&#8221;][vc_column_text css=&#8221;.vc_custom_1473066053815{margin-top: 0px !important;}&#8221;] Qu&#8217;est que c&#8217;est melasma? Le m\u00e9lasma, \u00e9galement connu sous le nom de chloasma ou masque de grossesse, est une affection tr\u00e8s fr\u00e9quente caract\u00e9ris\u00e9e par une hyperm\u00e9lanoses de la peau. Il est bas\u00e9 en l&#8217;apparition de taches (maculas) sombres g\u00e9n\u00e9ralement irr\u00e9guli\u00e8res, bilat\u00e9rales et sym\u00e9triques dans les zones expos\u00e9es [&hellip;]<\/p>\n","protected":false},"author":5,"featured_media":0,"parent":1429,"menu_order":8,"comment_status":"closed","ping_status":"closed","template":"soulmedic\/tpl-feature.php","meta":{"footnotes":""},"class_list":["post-1681","page","type-page","status-publish","hentry"],"yoast_head":"<!-- This site is optimized with the Yoast SEO plugin v19.12 - https:\/\/yoast.com\/wordpress\/plugins\/seo\/ -->\n<title>M\u00e9lasma | Dr. Lopez Gil | Barcelona<\/title>\n<meta name=\"description\" content=\"Melasma produit une hyperm\u00e9lanose de la peau conna\u00eet ses causes et types, ainsi que les meilleurs traitements dans la clinique dermatologique du Dr Lopez Gil.\" \/>\n<meta name=\"robots\" content=\"index, follow, max-snippet:-1, max-image-preview:large, max-video-preview:-1\" \/>\n<link rel=\"canonical\" href=\"https:\/\/www.lopezgil.com\/fr\/dermatologie-clinique\/melasma\/\" \/>\n<meta property=\"og:locale\" content=\"fr_FR\" \/>\n<meta property=\"og:type\" content=\"article\" \/>\n<meta property=\"og:title\" content=\"M\u00e9lasma | Dr. Lopez Gil | Barcelona\" \/>\n<meta property=\"og:description\" content=\"Melasma produit une hyperm\u00e9lanose de la peau conna\u00eet ses causes et types, ainsi que les meilleurs traitements dans la clinique dermatologique du Dr Lopez Gil.\" \/>\n<meta property=\"og:url\" content=\"https:\/\/www.lopezgil.com\/fr\/dermatologie-clinique\/melasma\/\" \/>\n<meta property=\"og:site_name\" content=\"Dr. Lopez Gil\" \/>\n<meta property=\"article:modified_time\" content=\"2019-12-05T22:36:53+00:00\" \/>\n<meta name=\"twitter:card\" content=\"summary_large_image\" \/>\n<meta name=\"twitter:label1\" content=\"Est. reading time\" \/>\n\t<meta name=\"twitter:data1\" content=\"4 minutes\" \/>\n<script type=\"application\/ld+json\" class=\"yoast-schema-graph\">{\"@context\":\"https:\/\/schema.org\",\"@graph\":[{\"@type\":\"WebPage\",\"@id\":\"https:\/\/www.lopezgil.com\/fr\/dermatologie-clinique\/melasma\/\",\"url\":\"https:\/\/www.lopezgil.com\/fr\/dermatologie-clinique\/melasma\/\",\"name\":\"M\u00e9lasma | Dr. Lopez Gil | Barcelona\",\"isPartOf\":{\"@id\":\"https:\/\/www.lopezgil.com\/ca\/#website\"},\"datePublished\":\"2017-04-10T16:22:25+00:00\",\"dateModified\":\"2019-12-05T22:36:53+00:00\",\"description\":\"Melasma produit une hyperm\u00e9lanose de la peau conna\u00eet ses causes et types, ainsi que les meilleurs traitements dans la clinique dermatologique du Dr Lopez Gil.\",\"breadcrumb\":{\"@id\":\"https:\/\/www.lopezgil.com\/fr\/dermatologie-clinique\/melasma\/#breadcrumb\"},\"inLanguage\":\"fr-FR\",\"potentialAction\":[{\"@type\":\"ReadAction\",\"target\":[\"https:\/\/www.lopezgil.com\/fr\/dermatologie-clinique\/melasma\/\"]}]},{\"@type\":\"BreadcrumbList\",\"@id\":\"https:\/\/www.lopezgil.com\/fr\/dermatologie-clinique\/melasma\/#breadcrumb\",\"itemListElement\":[{\"@type\":\"ListItem\",\"position\":1,\"name\":\"Portada\",\"item\":\"https:\/\/www.lopezgil.com\/fr\/\"},{\"@type\":\"ListItem\",\"position\":2,\"name\":\"Dermatologie clinique\",\"item\":\"https:\/\/www.lopezgil.com\/fr\/dermatologie-clinique\/\"},{\"@type\":\"ListItem\",\"position\":3,\"name\":\"M\u00e9lasma\"}]},{\"@type\":\"WebSite\",\"@id\":\"https:\/\/www.lopezgil.com\/ca\/#website\",\"url\":\"https:\/\/www.lopezgil.com\/ca\/\",\"name\":\"Dr. Lopez Gil\",\"description\":\"Dermat\u00f3logo Barcelona\",\"potentialAction\":[{\"@type\":\"SearchAction\",\"target\":{\"@type\":\"EntryPoint\",\"urlTemplate\":\"https:\/\/www.lopezgil.com\/ca\/?s={search_term_string}\"},\"query-input\":\"required name=search_term_string\"}],\"inLanguage\":\"fr-FR\"}]}<\/script>\n<!-- \/ Yoast SEO plugin. -->","yoast_head_json":{"title":"M\u00e9lasma | Dr. Lopez Gil | Barcelona","description":"Melasma produit une hyperm\u00e9lanose de la peau conna\u00eet ses causes et types, ainsi que les meilleurs traitements dans la clinique dermatologique du Dr Lopez Gil.","robots":{"index":"index","follow":"follow","max-snippet":"max-snippet:-1","max-image-preview":"max-image-preview:large","max-video-preview":"max-video-preview:-1"},"canonical":"https:\/\/www.lopezgil.com\/fr\/dermatologie-clinique\/melasma\/","og_locale":"fr_FR","og_type":"article","og_title":"M\u00e9lasma | Dr. Lopez Gil | Barcelona","og_description":"Melasma produit une hyperm\u00e9lanose de la peau conna\u00eet ses causes et types, ainsi que les meilleurs traitements dans la clinique dermatologique du Dr Lopez Gil.","og_url":"https:\/\/www.lopezgil.com\/fr\/dermatologie-clinique\/melasma\/","og_site_name":"Dr. Lopez Gil","article_modified_time":"2019-12-05T22:36:53+00:00","twitter_card":"summary_large_image","twitter_misc":{"Est. reading time":"4 minutes"},"schema":{"@context":"https:\/\/schema.org","@graph":[{"@type":"WebPage","@id":"https:\/\/www.lopezgil.com\/fr\/dermatologie-clinique\/melasma\/","url":"https:\/\/www.lopezgil.com\/fr\/dermatologie-clinique\/melasma\/","name":"M\u00e9lasma | Dr. Lopez Gil | Barcelona","isPartOf":{"@id":"https:\/\/www.lopezgil.com\/ca\/#website"},"datePublished":"2017-04-10T16:22:25+00:00","dateModified":"2019-12-05T22:36:53+00:00","description":"Melasma produit une hyperm\u00e9lanose de la peau conna\u00eet ses causes et types, ainsi que les meilleurs traitements dans la clinique dermatologique du Dr Lopez Gil.","breadcrumb":{"@id":"https:\/\/www.lopezgil.com\/fr\/dermatologie-clinique\/melasma\/#breadcrumb"},"inLanguage":"fr-FR","potentialAction":[{"@type":"ReadAction","target":["https:\/\/www.lopezgil.com\/fr\/dermatologie-clinique\/melasma\/"]}]},{"@type":"BreadcrumbList","@id":"https:\/\/www.lopezgil.com\/fr\/dermatologie-clinique\/melasma\/#breadcrumb","itemListElement":[{"@type":"ListItem","position":1,"name":"Portada","item":"https:\/\/www.lopezgil.com\/fr\/"},{"@type":"ListItem","position":2,"name":"Dermatologie clinique","item":"https:\/\/www.lopezgil.com\/fr\/dermatologie-clinique\/"},{"@type":"ListItem","position":3,"name":"M\u00e9lasma"}]},{"@type":"WebSite","@id":"https:\/\/www.lopezgil.com\/ca\/#website","url":"https:\/\/www.lopezgil.com\/ca\/","name":"Dr. Lopez Gil","description":"Dermat\u00f3logo Barcelona","potentialAction":[{"@type":"SearchAction","target":{"@type":"EntryPoint","urlTemplate":"https:\/\/www.lopezgil.com\/ca\/?s={search_term_string}"},"query-input":"required name=search_term_string"}],"inLanguage":"fr-FR"}]}},"_links":{"self":[{"href":"https:\/\/www.lopezgil.com\/fr\/wp-json\/wp\/v2\/pages\/1681","targetHints":{"allow":["GET"]}}],"collection":[{"href":"https:\/\/www.lopezgil.com\/fr\/wp-json\/wp\/v2\/pages"}],"about":[{"href":"https:\/\/www.lopezgil.com\/fr\/wp-json\/wp\/v2\/types\/page"}],"author":[{"embeddable":true,"href":"https:\/\/www.lopezgil.com\/fr\/wp-json\/wp\/v2\/users\/5"}],"replies":[{"embeddable":true,"href":"https:\/\/www.lopezgil.com\/fr\/wp-json\/wp\/v2\/comments?post=1681"}],"version-history":[{"count":3,"href":"https:\/\/www.lopezgil.com\/fr\/wp-json\/wp\/v2\/pages\/1681\/revisions"}],"predecessor-version":[{"id":4795,"href":"https:\/\/www.lopezgil.com\/fr\/wp-json\/wp\/v2\/pages\/1681\/revisions\/4795"}],"up":[{"embeddable":true,"href":"https:\/\/www.lopezgil.com\/fr\/wp-json\/wp\/v2\/pages\/1429"}],"wp:attachment":[{"href":"https:\/\/www.lopezgil.com\/fr\/wp-json\/wp\/v2\/media?parent=1681"}],"curies":[{"name":"wp","href":"https:\/\/api.w.org\/{rel}","templated":true}]}}