{"id":1625,"date":"2017-04-03T11:22:46","date_gmt":"2017-04-03T11:22:46","guid":{"rendered":"http:\/\/lopezgil.com\/enconstruccion\/?page_id=1625"},"modified":"2019-12-06T01:19:55","modified_gmt":"2019-12-06T01:19:55","slug":"ongles","status":"publish","type":"page","link":"https:\/\/www.lopezgil.com\/fr\/dermatologie-clinique\/ongles\/","title":{"rendered":"Ongles"},"content":{"rendered":"<div id=\"fb-root\"><\/div>\n<p style=\"text-align: justify;\">[vc_row][vc_column][vc_row_inner][vc_column_inner]<script type=\"text\/javascript\">jQuery(function() { _initLayerSlider( '#layerslider_16_1unwdvin605q2', {sliderVersion: '', responsiveUnder: 0, layersContainer: 0, hideUnder: 0, hideOver: 100000, pauseOnHover: 1, skin: 'v5', sliderFadeInDuration: 350, useSrcset: true, skinsPath: 'https:\/\/www.lopezgil.com\/wp-content\/plugins\/LayerSlider\/assets\/static\/layerslider\/skins\/', type: 'responsive', showCircleTimer: false, performanceMode: true}); });<\/script><div id=\"layerslider_16_1unwdvin605q2\" class=\"ls-wp-container fitvidsignore\" style=\"width:600px;height:200px;margin:0 auto;margin-bottom: 0px;\"><div class=\"ls-slide\" data-ls=\"duration:4000;\"><img loading=\"lazy\" decoding=\"async\" width=\"600\" height=\"200\" src=\"https:\/\/www.lopezgil.com\/wp-content\/uploads\/drlopezgil_dermatologia_barcelona_600x200_un\u0303as_manos_pies.jpg\" class=\"ls-bg\" alt=\"drlopezgil_dermatologia_barcelona_600x200_un\" srcset=\"https:\/\/www.lopezgil.com\/wp-content\/uploads\/drlopezgil_dermatologia_barcelona_600x200_un\u0303as_manos_pies.jpg 600w, https:\/\/www.lopezgil.com\/wp-content\/uploads\/drlopezgil_dermatologia_barcelona_600x200_un\u0303as_manos_pies-300x100.jpg 300w\" sizes=\"auto, (max-width: 600px) 100vw, 600px\" \/><\/div><\/div>[\/vc_column_inner][\/vc_row_inner][\/vc_column][\/vc_row][vc_row][vc_column width=&#8221;3\/4&#8243; css=&#8221;.vc_custom_1473066092346{margin-top: 0px !important;}&#8221;][vc_column_text css=&#8221;.vc_custom_1473066053815{margin-top: 0px !important;}&#8221;]\n<h2 style=\"text-align: justify;\"><span style=\"color: #75c9d3;\"><strong>Qu&#8217;est que c&#8217;est?<\/strong><\/span><\/h2>\n<p style=\"text-align: justify;\">Les ongles de la main et du pied sont faites d&#8217;une prot\u00e9ine appel\u00e9e k\u00e9ratine et ont pour fonction de prot\u00e9ger les tissus des doigts. Comme le reste du corps, ils peuvent aussi souffrir de diff\u00e9rentes maladies que, malgr\u00e9 ne pas \u00eatre graves et \u00eatre facilement trait\u00e9es, doivent \u00eatre consid\u00e9r\u00e9es, car elles peuvent \u00eatre un indicateur de la sant\u00e9 globale.<\/p>\n<h2 style=\"text-align: justify;\"><strong style=\"color: #75c9d3;\">Qui est concern\u00e9?<\/strong><\/h2>\n<p style=\"text-align: justify;\">Les infections des ongles touchent \u00e0 la fois les hommes et les femmes et peuvent survenir \u00e0 tout \u00e2ge.<\/p>\n<h2 style=\"text-align: justify;\"><span style=\"color: #75c9d3;\"><strong>Cause<\/strong><\/span><\/h2>\n<p style=\"text-align: justify;\">Les causes des troubles des ongles peuvent \u00eatre multiples, mais surtout les principales sources sont les suivantes:<\/p>\n<ul style=\"text-align: justify;\">\n<li>H\u00e9ritable<\/li>\n<li>Stress<\/li>\n<li>Mauvaise alimentation<\/li>\n<li>Pollution<\/li>\n<li>Accumulation de toxines et de produits chimiques<\/li>\n<\/ul>\n<h2 style=\"text-align: justify;\"><span style=\"color: #75c9d3;\"><strong>Maladies les plus communes<\/strong><\/span><\/h2>\n<p style=\"text-align: justify;\"><em><u>MYCOSE<\/u><\/em><\/p>\n<p style=\"text-align: justify;\">La mycose est une infection provoqu\u00e9e par une reproduction non contr\u00f4l\u00e9e d&#8217;une infection par des champignons microscopiques. Est caract\u00e9ris\u00e9e par l&#8217;\u00e9l\u00e9vation d&#8217;une partie de l&#8217;ongle par l&#8217;accumulation d&#8217;une s\u00e9cr\u00e9tion de couleur gris semi-visqueuse, l&#8217;apparition de petites taches blanches sur la surface et l&#8217;\u00e9paississement du doigt infect\u00e9. Le traitement d\u00e9pend du type de champignon \u00e0 l&#8217;origine de l&#8217;infection.<\/p>\n<p style=\"text-align: justify;\"><em><u>ONGLE INCARNE OU CLOUEE<\/u><\/em><\/p>\n<p style=\"text-align: justify;\">C&#8217;est une condition commune, en particulier chez les jeunes, en raison de la croissance anormale des extr\u00e9mit\u00e9s de l&#8217;ongle, souvent celle du gros orteil. Cette pousse \u00e0 l&#8217;int\u00e9rieur du ressort p\u00e9riungu\u00e9ale causant des blessures, la douleur, l&#8217;inflammation et m\u00eame une infection sinon est prise \u00e0 temps.<\/p>\n<p style=\"text-align: justify;\">Habituellement, elle se produit par utiliser une mauvaise chaussure, par une mauvaise coupe, par une transpiration excessive du pied ou par d\u00e9viations ou malformations des doigts.<\/p>\n<p style=\"text-align: justify;\">Le traitement qui est recommand\u00e9 pour qu&#8217;il soit le d\u00e9finitif et que la plaie ne se r\u00e9p\u00e8te pas, il est une petite op\u00e9ration pour enlever la partie de l&#8217;ongle qui est clou\u00e9e, \u00e9viter les chaussures avec pointe et couper les ongles en leur donnant une forme carr\u00e9e.<\/p>\n<p style=\"text-align: justify;\"><em><u>ONGLE STRIEE<\/u><\/em><\/p>\n<p style=\"text-align: justify;\">Il est une malformation de la surface de l&#8217;ongle qui donne une texture particulier et indolore.<\/p>\n<p style=\"text-align: justify;\">Les stries peuvent \u00eatre:<\/p>\n<ul style=\"text-align: justify;\">\n<li><em>Stries longitudinales:<\/em> sont les plus courantes et se produisent souvent avec l&#8217;\u00e2ge, \u00e0 partir de 60 ans pour les probl\u00e8mes h\u00e9r\u00e9ditaires. Il n&#8217;y a pas de traitement sp\u00e9cifique.<\/li>\n<\/ul>\n<ul style=\"text-align: justify;\">\n<li><em>Stries transversales o \u201cLignes de Beau<\/em>\u201d: il est une alt\u00e9ration de la croissance des ongles qui peut \u00eatre due \u00e0 une mauvaise nutrition, une maladie f\u00e9brile, \u00e0 la suite de certains m\u00e9dicaments ou \u00eatre un signe d&#8217;une maladie grave. Dans ce cas, il est conseill\u00e9 de visiter rapidement le dermatologue pour d\u00e9terminer la cause et de le traiter le plus rapidement possible.<\/li>\n<\/ul>\n<p style=\"text-align: justify;\"><em><u>ONGLES FRAGILES<\/u><\/em><\/p>\n<p style=\"text-align: justify;\">Dans ce cas, les ongles se cassent facilement \u00e0 la suite d&#8217;une mauvaise alimentation, des probl\u00e8mes de mauvaise circulation ou de rhumatisme. Dans les personnes \u00e2g\u00e9es peuvent \u00e9galement appara\u00eetre par avoir les mains constamment en contact avec l&#8217;eau. Il existe diff\u00e9rents traitements pour renforcer les ongles.<\/p>\n<p style=\"text-align: justify;\"><em><u>ONGLE JAUNE<\/u><\/em><\/p>\n<p style=\"text-align: justify;\">Il est tr\u00e8s fr\u00e9quent chez les fumeurs en raison de la nicotine ou chez les femmes qui portent souvent les ongles peints avec vernis de faible qualit\u00e9 ou sans appliquer une base pour prot\u00e9ger l&#8217;ongle.<\/p>\n<p style=\"text-align: justify;\">Ils peuvent \u00e9galement refl\u00e9ter des maladies de type h\u00e9patique, et les infections fongiques ou bact\u00e9ries ou r\u00e9sulter du psoriasis est donc tr\u00e8s important de consulter un sp\u00e9cialiste.<\/p>\n<p style=\"text-align: justify;\"><em><u>ANONYCHIE<\/u><\/em><\/p>\n<p style=\"text-align: justify;\">Il se caract\u00e9rise par l&#8217;absence partielle ou totale de l&#8217;ongle. Cette en fonction de l&#8217;origine peut \u00eatre permanente ou temporaire.<\/p>\n<h2 style=\"text-align: justify;\"><strong style=\"color: #75c9d3;\">Traitement<\/strong><\/h2>\n<p style=\"text-align: justify;\">Selon l&#8217;implication de l&#8217;ongle on prescrit l&#8217;un ou l&#8217;autre traitement. Toutefois, pour minimiser ces maladies est recommand\u00e9:<\/p>\n<ul>\n<li style=\"text-align: justify;\">Garder les ongles propres, secs et bien taill\u00e9s.<\/li>\n<li style=\"text-align: justify;\">Ne pas couper la cuticule pour pr\u00e9venir d\u2019infections.<\/li>\n<li style=\"text-align: justify;\">Prot\u00e9gez vos mains avec des gants pour effectuer des t\u00e2ches avec de l&#8217;eau ou des produits chimiques.<\/li>\n<li style=\"text-align: justify;\">Utiliser 100% des chaussettes de coton et d&#8217;\u00e9viter l&#8217;humidit\u00e9.<\/li>\n<li style=\"text-align: justify;\">Porter des chaussures confortables et sans pointe<\/li>\n<\/ul>\n","protected":false},"excerpt":{"rendered":"<p>[vc_row][vc_column][vc_row_inner][vc_column_inner][\/vc_column_inner][\/vc_row_inner][\/vc_column][\/vc_row][vc_row][vc_column width=&#8221;3\/4&#8243; css=&#8221;.vc_custom_1473066092346{margin-top: 0px !important;}&#8221;][vc_column_text css=&#8221;.vc_custom_1473066053815{margin-top: 0px !important;}&#8221;] Qu&#8217;est que c&#8217;est? Les ongles de la main et du pied sont faites d&#8217;une prot\u00e9ine appel\u00e9e k\u00e9ratine et ont pour fonction de prot\u00e9ger les tissus des doigts. Comme le reste du corps, ils peuvent aussi souffrir de diff\u00e9rentes maladies que, malgr\u00e9 ne pas \u00eatre graves et \u00eatre [&hellip;]<\/p>\n","protected":false},"author":5,"featured_media":0,"parent":1429,"menu_order":14,"comment_status":"closed","ping_status":"closed","template":"soulmedic\/tpl-feature.php","meta":{"footnotes":""},"class_list":["post-1625","page","type-page","status-publish","hentry"],"yoast_head":"<!-- This site is optimized with the Yoast SEO plugin v19.12 - https:\/\/yoast.com\/wordpress\/plugins\/seo\/ -->\n<title>Ongles | Dr. Lopez Gil<\/title>\n<meta name=\"description\" content=\"Les ongles de la main et du pied sont faites d&#039;une prot\u00e9ine appel\u00e9e k\u00e9ratine et ont pour fonction de prot\u00e9ger les tissus des doigts.\" \/>\n<meta name=\"robots\" content=\"index, follow, max-snippet:-1, max-image-preview:large, max-video-preview:-1\" \/>\n<link rel=\"canonical\" href=\"https:\/\/www.lopezgil.com\/fr\/dermatologie-clinique\/ongles\/\" \/>\n<meta property=\"og:locale\" content=\"fr_FR\" \/>\n<meta property=\"og:type\" content=\"article\" \/>\n<meta property=\"og:title\" content=\"Ongles | Dr. Lopez Gil\" \/>\n<meta property=\"og:description\" content=\"Les ongles de la main et du pied sont faites d&#039;une prot\u00e9ine appel\u00e9e k\u00e9ratine et ont pour fonction de prot\u00e9ger les tissus des doigts.\" \/>\n<meta property=\"og:url\" content=\"https:\/\/www.lopezgil.com\/fr\/dermatologie-clinique\/ongles\/\" \/>\n<meta property=\"og:site_name\" content=\"Dr. Lopez Gil\" \/>\n<meta property=\"article:modified_time\" content=\"2019-12-06T01:19:55+00:00\" \/>\n<meta name=\"twitter:card\" content=\"summary_large_image\" \/>\n<meta name=\"twitter:label1\" content=\"Est. reading time\" \/>\n\t<meta name=\"twitter:data1\" content=\"4 minutes\" \/>\n<script type=\"application\/ld+json\" class=\"yoast-schema-graph\">{\"@context\":\"https:\/\/schema.org\",\"@graph\":[{\"@type\":\"WebPage\",\"@id\":\"https:\/\/www.lopezgil.com\/fr\/dermatologie-clinique\/ongles\/\",\"url\":\"https:\/\/www.lopezgil.com\/fr\/dermatologie-clinique\/ongles\/\",\"name\":\"Ongles | Dr. Lopez Gil\",\"isPartOf\":{\"@id\":\"https:\/\/www.lopezgil.com\/ca\/#website\"},\"datePublished\":\"2017-04-03T11:22:46+00:00\",\"dateModified\":\"2019-12-06T01:19:55+00:00\",\"description\":\"Les ongles de la main et du pied sont faites d'une prot\u00e9ine appel\u00e9e k\u00e9ratine et ont pour fonction de prot\u00e9ger les tissus des doigts.\",\"breadcrumb\":{\"@id\":\"https:\/\/www.lopezgil.com\/fr\/dermatologie-clinique\/ongles\/#breadcrumb\"},\"inLanguage\":\"fr-FR\",\"potentialAction\":[{\"@type\":\"ReadAction\",\"target\":[\"https:\/\/www.lopezgil.com\/fr\/dermatologie-clinique\/ongles\/\"]}]},{\"@type\":\"BreadcrumbList\",\"@id\":\"https:\/\/www.lopezgil.com\/fr\/dermatologie-clinique\/ongles\/#breadcrumb\",\"itemListElement\":[{\"@type\":\"ListItem\",\"position\":1,\"name\":\"Portada\",\"item\":\"https:\/\/www.lopezgil.com\/fr\/\"},{\"@type\":\"ListItem\",\"position\":2,\"name\":\"Dermatologie clinique\",\"item\":\"https:\/\/www.lopezgil.com\/fr\/dermatologie-clinique\/\"},{\"@type\":\"ListItem\",\"position\":3,\"name\":\"Ongles\"}]},{\"@type\":\"WebSite\",\"@id\":\"https:\/\/www.lopezgil.com\/ca\/#website\",\"url\":\"https:\/\/www.lopezgil.com\/ca\/\",\"name\":\"Dr. Lopez Gil\",\"description\":\"Dermat\u00f3logo Barcelona\",\"potentialAction\":[{\"@type\":\"SearchAction\",\"target\":{\"@type\":\"EntryPoint\",\"urlTemplate\":\"https:\/\/www.lopezgil.com\/ca\/?s={search_term_string}\"},\"query-input\":\"required name=search_term_string\"}],\"inLanguage\":\"fr-FR\"}]}<\/script>\n<!-- \/ Yoast SEO plugin. -->","yoast_head_json":{"title":"Ongles | Dr. Lopez Gil","description":"Les ongles de la main et du pied sont faites d'une prot\u00e9ine appel\u00e9e k\u00e9ratine et ont pour fonction de prot\u00e9ger les tissus des doigts.","robots":{"index":"index","follow":"follow","max-snippet":"max-snippet:-1","max-image-preview":"max-image-preview:large","max-video-preview":"max-video-preview:-1"},"canonical":"https:\/\/www.lopezgil.com\/fr\/dermatologie-clinique\/ongles\/","og_locale":"fr_FR","og_type":"article","og_title":"Ongles | Dr. Lopez Gil","og_description":"Les ongles de la main et du pied sont faites d'une prot\u00e9ine appel\u00e9e k\u00e9ratine et ont pour fonction de prot\u00e9ger les tissus des doigts.","og_url":"https:\/\/www.lopezgil.com\/fr\/dermatologie-clinique\/ongles\/","og_site_name":"Dr. Lopez Gil","article_modified_time":"2019-12-06T01:19:55+00:00","twitter_card":"summary_large_image","twitter_misc":{"Est. reading time":"4 minutes"},"schema":{"@context":"https:\/\/schema.org","@graph":[{"@type":"WebPage","@id":"https:\/\/www.lopezgil.com\/fr\/dermatologie-clinique\/ongles\/","url":"https:\/\/www.lopezgil.com\/fr\/dermatologie-clinique\/ongles\/","name":"Ongles | Dr. Lopez Gil","isPartOf":{"@id":"https:\/\/www.lopezgil.com\/ca\/#website"},"datePublished":"2017-04-03T11:22:46+00:00","dateModified":"2019-12-06T01:19:55+00:00","description":"Les ongles de la main et du pied sont faites d'une prot\u00e9ine appel\u00e9e k\u00e9ratine et ont pour fonction de prot\u00e9ger les tissus des doigts.","breadcrumb":{"@id":"https:\/\/www.lopezgil.com\/fr\/dermatologie-clinique\/ongles\/#breadcrumb"},"inLanguage":"fr-FR","potentialAction":[{"@type":"ReadAction","target":["https:\/\/www.lopezgil.com\/fr\/dermatologie-clinique\/ongles\/"]}]},{"@type":"BreadcrumbList","@id":"https:\/\/www.lopezgil.com\/fr\/dermatologie-clinique\/ongles\/#breadcrumb","itemListElement":[{"@type":"ListItem","position":1,"name":"Portada","item":"https:\/\/www.lopezgil.com\/fr\/"},{"@type":"ListItem","position":2,"name":"Dermatologie clinique","item":"https:\/\/www.lopezgil.com\/fr\/dermatologie-clinique\/"},{"@type":"ListItem","position":3,"name":"Ongles"}]},{"@type":"WebSite","@id":"https:\/\/www.lopezgil.com\/ca\/#website","url":"https:\/\/www.lopezgil.com\/ca\/","name":"Dr. Lopez Gil","description":"Dermat\u00f3logo Barcelona","potentialAction":[{"@type":"SearchAction","target":{"@type":"EntryPoint","urlTemplate":"https:\/\/www.lopezgil.com\/ca\/?s={search_term_string}"},"query-input":"required name=search_term_string"}],"inLanguage":"fr-FR"}]}},"_links":{"self":[{"href":"https:\/\/www.lopezgil.com\/fr\/wp-json\/wp\/v2\/pages\/1625","targetHints":{"allow":["GET"]}}],"collection":[{"href":"https:\/\/www.lopezgil.com\/fr\/wp-json\/wp\/v2\/pages"}],"about":[{"href":"https:\/\/www.lopezgil.com\/fr\/wp-json\/wp\/v2\/types\/page"}],"author":[{"embeddable":true,"href":"https:\/\/www.lopezgil.com\/fr\/wp-json\/wp\/v2\/users\/5"}],"replies":[{"embeddable":true,"href":"https:\/\/www.lopezgil.com\/fr\/wp-json\/wp\/v2\/comments?post=1625"}],"version-history":[{"count":1,"href":"https:\/\/www.lopezgil.com\/fr\/wp-json\/wp\/v2\/pages\/1625\/revisions"}],"predecessor-version":[{"id":1626,"href":"https:\/\/www.lopezgil.com\/fr\/wp-json\/wp\/v2\/pages\/1625\/revisions\/1626"}],"up":[{"embeddable":true,"href":"https:\/\/www.lopezgil.com\/fr\/wp-json\/wp\/v2\/pages\/1429"}],"wp:attachment":[{"href":"https:\/\/www.lopezgil.com\/fr\/wp-json\/wp\/v2\/media?parent=1625"}],"curies":[{"name":"wp","href":"https:\/\/api.w.org\/{rel}","templated":true}]}}