{"id":1620,"date":"2017-04-03T11:07:26","date_gmt":"2017-04-03T11:07:26","guid":{"rendered":"http:\/\/lopezgil.com\/enconstruccion\/?page_id=1620"},"modified":"2019-12-08T20:54:39","modified_gmt":"2019-12-08T20:54:39","slug":"poux","status":"publish","type":"page","link":"https:\/\/www.lopezgil.com\/fr\/dermatologie-clinique\/poux\/","title":{"rendered":"Poux"},"content":{"rendered":"<div id=\"fb-root\"><\/div>\n<p style=\"text-align: justify;\">[vc_row][vc_column][vc_row_inner][vc_column_inner]<script type=\"text\/javascript\">jQuery(function() { _initLayerSlider( '#layerslider_17_1lnmhxylglmcy', {sliderVersion: '', responsiveUnder: 0, layersContainer: 0, hideUnder: 0, hideOver: 100000, pauseOnHover: 1, skin: 'v5', sliderFadeInDuration: 350, useSrcset: true, skinsPath: 'https:\/\/www.lopezgil.com\/wp-content\/plugins\/LayerSlider\/assets\/static\/layerslider\/skins\/', type: 'responsive', showCircleTimer: false, performanceMode: true}); });<\/script><div id=\"layerslider_17_1lnmhxylglmcy\" class=\"ls-wp-container fitvidsignore\" style=\"width:600px;height:200px;margin:0 auto;margin-bottom: 0px;\"><div class=\"ls-slide\" data-ls=\"duration:4000;\"><img loading=\"lazy\" decoding=\"async\" width=\"600\" height=\"200\" src=\"https:\/\/www.lopezgil.com\/wp-content\/uploads\/drlopezgil_dermatologia_barcelona_600x200_piojos_liendres_nin\u0303os.jpg\" class=\"ls-bg\" alt=\"drlopezgil_dermatologia_barcelona_600x200_piojos_liendres_nin\" srcset=\"https:\/\/www.lopezgil.com\/wp-content\/uploads\/drlopezgil_dermatologia_barcelona_600x200_piojos_liendres_nin\u0303os.jpg 600w, https:\/\/www.lopezgil.com\/wp-content\/uploads\/drlopezgil_dermatologia_barcelona_600x200_piojos_liendres_nin\u0303os-300x100.jpg 300w\" sizes=\"auto, (max-width: 600px) 100vw, 600px\" \/><\/div><\/div>[\/vc_column_inner][\/vc_row_inner][\/vc_column][\/vc_row][vc_row][vc_column width=&#8221;3\/4&#8243; css=&#8221;.vc_custom_1473066092346{margin-top: 0px !important;}&#8221;][vc_column_text css=&#8221;.vc_custom_1473066053815{margin-top: 0px !important;}&#8221;]\n<h2 style=\"text-align: justify;\"><span style=\"color: #75c9d3;\"><strong>Qu\u2019est que c\u2019est?<\/strong><\/span><\/h2>\n<p style=\"text-align: justify;\">La P\u00e9diculose, populairement connue comme poux de t\u00eate est une infestation contagieuse produite par de petits insectes parasites qui peuplent les zones du corps avec peau ou v\u00eatements. Ils sont plats, apt\u00e8res et se nourrissent de sang humain. Ils sont tr\u00e8s contagieux et parfois tr\u00e8s difficiles \u00e0 enlever. Ne transmettrent pas aucune maladie.<\/p>\n<p style=\"text-align: justify;\">Leur cycle de vie prend environ 30 jours dans la t\u00eate, d&#8217;autre part ne survivent pas plus de 24\/48 heures sans un h\u00f4te humain. Les phases sont:<\/p>\n<ul style=\"text-align: justify;\">\n<li><em>Lentes<\/em><em>:<\/em> sont des oeufs de poux. Sont de forme ovale, jaune-blanc et sont coll\u00e9es sur le cuir chevelu \u00e0 proximit\u00e9 de la racine \u00e0 l&#8217;aide d&#8217;une substance collante s\u00e9cr\u00e9t\u00e9e par les femelles. Ils ont besoin de chaleur et une certaine distance de la racine pour pouvoir survivre. Il faut environ 7-9 jours pour devenir des nymphes. Ils sont confondus avec des pellicules, avec la diff\u00e9rence que les lentes ne sont pas facilement enlev\u00e9es.<\/li>\n<li><em>Nymphes<\/em><em>:<\/em> poux immatures. Ils ont une apparence tr\u00e8s similaire \u00e0 celle d&#8217;un pou adulte, mais sont plus petits et leurs organes de reproduction ne sont pas encore matures. Ils se nourrissent de sang humain et prend environ 9-12 jours pour devenir des poux adultes. Habituellement, ils ne sont pas le foyer d&#8217;infection, car ils ne vont pas en t\u00eate \u00e0 t\u00eate.<\/li>\n<li><em>Poux adultes:<\/em> survivent 30 jours dans le cuir chevelu. Les parasites sont gris et avec 6 jambes. Ils ne sautent pas ou nagent. Les femelles sont plus grandes que les m\u00e2les et sont capables de g\u00e9n\u00e9rer plus de 200 \u0153ufs tout au long de sa vie. Ils se nourrissent de sang 5 fois par jour.<\/li>\n<\/ul>\n<h2 style=\"text-align: justify;\"><span style=\"color: #75c9d3;\"><strong>Types<\/strong><\/span><\/h2>\n<p style=\"text-align: justify;\">Il existe plusieurs types de poux. Les \u00eatres humains peuvent s&#8217;infester par trois types:<\/p>\n<ul style=\"text-align: justify;\">\n<li>Poux de t\u00eate (<em>Pediculus humanus capitis<\/em>)<\/li>\n<li>Poux de corps ou des v\u00eatements. (Pediculus humanus corporis)<\/li>\n<li>Poux du pubis ou morpions. (<em>Phthirus pubis<\/em>)<\/li>\n<\/ul>\n<h2 style=\"text-align: justify;\"><span style=\"color: #75c9d3;\"><strong>Qui est concern\u00e9?<\/strong><\/span><\/h2>\n<p style=\"text-align: justify;\">Tout le monde peut \u00eatre infect\u00e9, parce qu&#8217;il est tr\u00e8s facile \u00e0 propager par contact direct.<\/p>\n<p style=\"text-align: justify;\">Les infestations sont courantes dans:<\/p>\n<ul style=\"text-align: justify;\">\n<li><em>Pediculus humanus capitis<\/em>: surtout chez les enfants d&#8217;\u00e2ge scolaire.<\/li>\n<li>Pediculus humanus corporis: il est plus fr\u00e9quent chez les indigents.<\/li>\n<li><em>Phthirus pubis<\/em>: en g\u00e9n\u00e9ral il se produit chez les personnes sexuellement actives.<\/li>\n<\/ul>\n<h2 style=\"text-align: justify;\"><span style=\"color: #75c9d3;\"><strong>Cause<\/strong><\/span><\/h2>\n<p style=\"text-align: justify;\">Les poux ne peuvent pas voler ou sauter. La maladie se transmet par contact direct avec des personnes infect\u00e9es ou avec l&#8217;un de leurs objets personnels (peigne, brosse, v\u00eatements, oreiller). Cela n&#8217;a rien \u00e0 voir avec l&#8217;hygi\u00e8ne.<\/p>\n<h2 style=\"text-align: justify;\"><span style=\"color: #75c9d3;\"><strong>Symptomatologie<\/strong><\/span><\/h2>\n<p style=\"text-align: justify;\">Les sympt\u00f4mes caract\u00e9ristiques sont:<\/p>\n<ul style=\"text-align: justify;\">\n<li><em><u>D\u00e9mangeaisons:<\/u><\/em> il est le sympt\u00f4me le plus commun v\u00e9cu par une personne infect\u00e9e. Il peut prendre deux \u00e0 trois semaines ou plus de la propagation jusqu&#8217;\u00e0 ce que la personne commence \u00e0 remarquer des sympt\u00f4mes. Le prurit est d\u00fb \u00e0 une r\u00e9action allergique de notre syst\u00e8me immunitaire \u00e0 la salive des poux. Lorsque le pou mord pour se nourrir \u00e0 travers le cuir chevelu, il injecte une toxine qui est irritant et anticoagulant.<\/li>\n<li><em><u>Eczema:<\/u><\/em> le fait de se gratter provoque un rougissement de la r\u00e9gion et, dans certains cas, le d\u00e9veloppement des \u00e9ruptions cutan\u00e9es.<\/li>\n<\/ul>\n<h2 style=\"text-align: justify;\"><span style=\"color: #75c9d3;\"><strong>Traitement<\/strong><\/span><\/h2>\n<p style=\"text-align: justify;\">Lorsque les poux sont identifi\u00e9s on doit agir imm\u00e9diatement pour emp\u00eacher leur prolif\u00e9ration avec des lotions et conditionneurs anti-poux contenant de la perm\u00e9thrine et avec l&#8217;examen p\u00e9riodique et manuel pour assurer que ne reste pas aucun pou ou lente.<\/p>\n<p style=\"text-align: justify;\">Il est recommand\u00e9 de poursuivre le traitement pendant 7-10 jours pour assurer compl\u00e8tement qu&#8217;il n&#8217;y a pas d&#8217;\u0153uf ou de tout adulte vivant.<\/p>\n<p>&nbsp;<\/p>\n","protected":false},"excerpt":{"rendered":"<p>[vc_row][vc_column][vc_row_inner][vc_column_inner][\/vc_column_inner][\/vc_row_inner][\/vc_column][\/vc_row][vc_row][vc_column width=&#8221;3\/4&#8243; css=&#8221;.vc_custom_1473066092346{margin-top: 0px !important;}&#8221;][vc_column_text css=&#8221;.vc_custom_1473066053815{margin-top: 0px !important;}&#8221;] Qu\u2019est que c\u2019est? La P\u00e9diculose, populairement connue comme poux de t\u00eate est une infestation contagieuse produite par de petits insectes parasites qui peuplent les zones du corps avec peau ou v\u00eatements. Ils sont plats, apt\u00e8res et se nourrissent de sang humain. Ils sont tr\u00e8s contagieux et parfois [&hellip;]<\/p>\n","protected":false},"author":5,"featured_media":0,"parent":1429,"menu_order":19,"comment_status":"closed","ping_status":"closed","template":"soulmedic\/tpl-feature.php","meta":{"footnotes":""},"class_list":["post-1620","page","type-page","status-publish","hentry"],"yoast_head":"<!-- This site is optimized with the Yoast SEO plugin v19.12 - https:\/\/yoast.com\/wordpress\/plugins\/seo\/ -->\n<title>Poux | Dr. Lopez Gil | Clinique dermatologique de Teknon, Barcelone<\/title>\n<meta name=\"description\" content=\"Centre m\u00e9dical sp\u00e9cialis\u00e9 dans le traitement des poux et des lentes. Traitement totalement efficace pour \u00e9liminer les poux. Demandez-nous.\" \/>\n<meta name=\"robots\" content=\"index, follow, max-snippet:-1, max-image-preview:large, max-video-preview:-1\" \/>\n<link rel=\"canonical\" href=\"https:\/\/www.lopezgil.com\/fr\/dermatologie-clinique\/poux\/\" \/>\n<meta property=\"og:locale\" content=\"fr_FR\" \/>\n<meta property=\"og:type\" content=\"article\" \/>\n<meta property=\"og:title\" content=\"Poux | Dr. Lopez Gil | Clinique dermatologique de Teknon, Barcelone\" \/>\n<meta property=\"og:description\" content=\"Centre m\u00e9dical sp\u00e9cialis\u00e9 dans le traitement des poux et des lentes. Traitement totalement efficace pour \u00e9liminer les poux. Demandez-nous.\" \/>\n<meta property=\"og:url\" content=\"https:\/\/www.lopezgil.com\/fr\/dermatologie-clinique\/poux\/\" \/>\n<meta property=\"og:site_name\" content=\"Dr. Lopez Gil\" \/>\n<meta property=\"article:modified_time\" content=\"2019-12-08T20:54:39+00:00\" \/>\n<meta name=\"twitter:card\" content=\"summary_large_image\" \/>\n<meta name=\"twitter:label1\" content=\"Est. reading time\" \/>\n\t<meta name=\"twitter:data1\" content=\"3 minutes\" \/>\n<script type=\"application\/ld+json\" class=\"yoast-schema-graph\">{\"@context\":\"https:\/\/schema.org\",\"@graph\":[{\"@type\":\"WebPage\",\"@id\":\"https:\/\/www.lopezgil.com\/fr\/dermatologie-clinique\/poux\/\",\"url\":\"https:\/\/www.lopezgil.com\/fr\/dermatologie-clinique\/poux\/\",\"name\":\"Poux | Dr. Lopez Gil | Clinique dermatologique de Teknon, Barcelone\",\"isPartOf\":{\"@id\":\"https:\/\/www.lopezgil.com\/#website\"},\"datePublished\":\"2017-04-03T11:07:26+00:00\",\"dateModified\":\"2019-12-08T20:54:39+00:00\",\"description\":\"Centre m\u00e9dical sp\u00e9cialis\u00e9 dans le traitement des poux et des lentes. Traitement totalement efficace pour \u00e9liminer les poux. Demandez-nous.\",\"breadcrumb\":{\"@id\":\"https:\/\/www.lopezgil.com\/fr\/dermatologie-clinique\/poux\/#breadcrumb\"},\"inLanguage\":\"fr-FR\",\"potentialAction\":[{\"@type\":\"ReadAction\",\"target\":[\"https:\/\/www.lopezgil.com\/fr\/dermatologie-clinique\/poux\/\"]}]},{\"@type\":\"BreadcrumbList\",\"@id\":\"https:\/\/www.lopezgil.com\/fr\/dermatologie-clinique\/poux\/#breadcrumb\",\"itemListElement\":[{\"@type\":\"ListItem\",\"position\":1,\"name\":\"Portada\",\"item\":\"https:\/\/www.lopezgil.com\/fr\/\"},{\"@type\":\"ListItem\",\"position\":2,\"name\":\"Dermatologie clinique\",\"item\":\"https:\/\/www.lopezgil.com\/fr\/dermatologie-clinique\/\"},{\"@type\":\"ListItem\",\"position\":3,\"name\":\"Poux\"}]},{\"@type\":\"WebSite\",\"@id\":\"https:\/\/www.lopezgil.com\/#website\",\"url\":\"https:\/\/www.lopezgil.com\/\",\"name\":\"Dr. Lopez Gil\",\"description\":\"Dermat\u00f3logo Barcelona\",\"potentialAction\":[{\"@type\":\"SearchAction\",\"target\":{\"@type\":\"EntryPoint\",\"urlTemplate\":\"https:\/\/www.lopezgil.com\/?s={search_term_string}\"},\"query-input\":\"required name=search_term_string\"}],\"inLanguage\":\"fr-FR\"}]}<\/script>\n<!-- \/ Yoast SEO plugin. -->","yoast_head_json":{"title":"Poux | Dr. Lopez Gil | Clinique dermatologique de Teknon, Barcelone","description":"Centre m\u00e9dical sp\u00e9cialis\u00e9 dans le traitement des poux et des lentes. Traitement totalement efficace pour \u00e9liminer les poux. Demandez-nous.","robots":{"index":"index","follow":"follow","max-snippet":"max-snippet:-1","max-image-preview":"max-image-preview:large","max-video-preview":"max-video-preview:-1"},"canonical":"https:\/\/www.lopezgil.com\/fr\/dermatologie-clinique\/poux\/","og_locale":"fr_FR","og_type":"article","og_title":"Poux | Dr. Lopez Gil | Clinique dermatologique de Teknon, Barcelone","og_description":"Centre m\u00e9dical sp\u00e9cialis\u00e9 dans le traitement des poux et des lentes. Traitement totalement efficace pour \u00e9liminer les poux. Demandez-nous.","og_url":"https:\/\/www.lopezgil.com\/fr\/dermatologie-clinique\/poux\/","og_site_name":"Dr. Lopez Gil","article_modified_time":"2019-12-08T20:54:39+00:00","twitter_card":"summary_large_image","twitter_misc":{"Est. reading time":"3 minutes"},"schema":{"@context":"https:\/\/schema.org","@graph":[{"@type":"WebPage","@id":"https:\/\/www.lopezgil.com\/fr\/dermatologie-clinique\/poux\/","url":"https:\/\/www.lopezgil.com\/fr\/dermatologie-clinique\/poux\/","name":"Poux | Dr. Lopez Gil | Clinique dermatologique de Teknon, Barcelone","isPartOf":{"@id":"https:\/\/www.lopezgil.com\/#website"},"datePublished":"2017-04-03T11:07:26+00:00","dateModified":"2019-12-08T20:54:39+00:00","description":"Centre m\u00e9dical sp\u00e9cialis\u00e9 dans le traitement des poux et des lentes. Traitement totalement efficace pour \u00e9liminer les poux. Demandez-nous.","breadcrumb":{"@id":"https:\/\/www.lopezgil.com\/fr\/dermatologie-clinique\/poux\/#breadcrumb"},"inLanguage":"fr-FR","potentialAction":[{"@type":"ReadAction","target":["https:\/\/www.lopezgil.com\/fr\/dermatologie-clinique\/poux\/"]}]},{"@type":"BreadcrumbList","@id":"https:\/\/www.lopezgil.com\/fr\/dermatologie-clinique\/poux\/#breadcrumb","itemListElement":[{"@type":"ListItem","position":1,"name":"Portada","item":"https:\/\/www.lopezgil.com\/fr\/"},{"@type":"ListItem","position":2,"name":"Dermatologie clinique","item":"https:\/\/www.lopezgil.com\/fr\/dermatologie-clinique\/"},{"@type":"ListItem","position":3,"name":"Poux"}]},{"@type":"WebSite","@id":"https:\/\/www.lopezgil.com\/#website","url":"https:\/\/www.lopezgil.com\/","name":"Dr. Lopez Gil","description":"Dermat\u00f3logo Barcelona","potentialAction":[{"@type":"SearchAction","target":{"@type":"EntryPoint","urlTemplate":"https:\/\/www.lopezgil.com\/?s={search_term_string}"},"query-input":"required name=search_term_string"}],"inLanguage":"fr-FR"}]}},"_links":{"self":[{"href":"https:\/\/www.lopezgil.com\/fr\/wp-json\/wp\/v2\/pages\/1620","targetHints":{"allow":["GET"]}}],"collection":[{"href":"https:\/\/www.lopezgil.com\/fr\/wp-json\/wp\/v2\/pages"}],"about":[{"href":"https:\/\/www.lopezgil.com\/fr\/wp-json\/wp\/v2\/types\/page"}],"author":[{"embeddable":true,"href":"https:\/\/www.lopezgil.com\/fr\/wp-json\/wp\/v2\/users\/5"}],"replies":[{"embeddable":true,"href":"https:\/\/www.lopezgil.com\/fr\/wp-json\/wp\/v2\/comments?post=1620"}],"version-history":[{"count":1,"href":"https:\/\/www.lopezgil.com\/fr\/wp-json\/wp\/v2\/pages\/1620\/revisions"}],"predecessor-version":[{"id":1621,"href":"https:\/\/www.lopezgil.com\/fr\/wp-json\/wp\/v2\/pages\/1620\/revisions\/1621"}],"up":[{"embeddable":true,"href":"https:\/\/www.lopezgil.com\/fr\/wp-json\/wp\/v2\/pages\/1429"}],"wp:attachment":[{"href":"https:\/\/www.lopezgil.com\/fr\/wp-json\/wp\/v2\/media?parent=1620"}],"curies":[{"name":"wp","href":"https:\/\/api.w.org\/{rel}","templated":true}]}}