{"id":1604,"date":"2017-03-29T14:28:12","date_gmt":"2017-03-29T14:28:12","guid":{"rendered":"http:\/\/lopezgil.com\/enconstruccion\/?page_id=1604"},"modified":"2019-12-06T00:40:14","modified_gmt":"2019-12-06T00:40:14","slug":"grains-de-beaute-naevus","status":"publish","type":"page","link":"https:\/\/www.lopezgil.com\/fr\/dermatologie-clinique\/grains-de-beaute-naevus\/","title":{"rendered":"Grains de beaut\u00e9 &#8211; naevus"},"content":{"rendered":"<div id=\"fb-root\"><\/div>\n<p style=\"text-align: justify;\">[vc_row][vc_column][vc_row_inner][vc_column_inner]<script type=\"text\/javascript\">jQuery(function() { _initLayerSlider( '#layerslider_19_pcxc19x23mt1', {sliderVersion: '', responsiveUnder: 0, layersContainer: 0, hideUnder: 0, hideOver: 100000, pauseOnHover: 1, skin: 'v5', sliderFadeInDuration: 350, useSrcset: true, skinsPath: 'https:\/\/www.lopezgil.com\/wp-content\/plugins\/LayerSlider\/assets\/static\/layerslider\/skins\/', type: 'responsive', showCircleTimer: false, performanceMode: true}); });<\/script><div id=\"layerslider_19_pcxc19x23mt1\" class=\"ls-wp-container fitvidsignore\" style=\"width:600px;height:200px;margin:0 auto;margin-bottom: 0px;\"><div class=\"ls-slide\" data-ls=\"duration:4000;\"><img loading=\"lazy\" decoding=\"async\" width=\"600\" height=\"200\" src=\"https:\/\/www.lopezgil.com\/wp-content\/uploads\/drlopezgil_dermatologia_barcelona_600x200_lunares_pecas.jpg\" class=\"ls-bg\" alt=\"drlopezgil_dermatologia_barcelona_600x200_lunares_pecas\" srcset=\"https:\/\/www.lopezgil.com\/wp-content\/uploads\/drlopezgil_dermatologia_barcelona_600x200_lunares_pecas.jpg 600w, https:\/\/www.lopezgil.com\/wp-content\/uploads\/drlopezgil_dermatologia_barcelona_600x200_lunares_pecas-300x100.jpg 300w\" sizes=\"auto, (max-width: 600px) 100vw, 600px\" \/><\/div><\/div>[\/vc_column_inner][\/vc_row_inner][\/vc_column][\/vc_row][vc_row][vc_column width=&#8221;3\/4&#8243; css=&#8221;.vc_custom_1473066092346{margin-top: 0px !important;}&#8221;][vc_column_text css=&#8221;.vc_custom_1473066053815{margin-top: 0px !important;}&#8221;]\n<h2 style=\"text-align: justify;\"><span style=\"color: #75c9d3;\"><strong>Qu\u2019est que c\u2019est?<\/strong><\/span><\/h2>\n<p style=\"text-align: justify;\">Les taches de rousseur, naevus m\u00e9lanocytaires ou naevus pigment\u00e9s, sont de petites taches b\u00e9nignes qui apparaissent sur la peau et obscurcissent avec l&#8217;exposition au soleil ou pendant la grossesse. Ils sont constitu\u00e9s de cellules pigment\u00e9es (m\u00e9lanocytes), qui sont dispos\u00e9es comme les pav\u00e9s de la surface de la peau.<\/p>\n<p style=\"text-align: justify;\">Ils peuvent \u00eatre des l\u00e9sions plates (taches de rousseur) ou sur\u00e9lev\u00e9es (populairement mal nomm\u00e9e verrues). Ils peuvent avoir une couleur variant du rose au brun fonc\u00e9, noir ou bleu\u00e2tre et peuvent ou non avoir des cheveux.<\/p>\n<p style=\"text-align: justify;\">Ces m\u00e9lanocytes sont sujets \u00e0 changement tout au long de la vie, soit par l&#8217;exposition au soleil ou spontan\u00e9ment. Certains de ces changements (dysplasie) peuvent augmenter le risque de d\u00e9g\u00e9n\u00e9rescence dans les cellules malignes et devenir un m\u00e9lanome. Pour cette raison, il est essentiel de prendre soin des naevus et \u00eatre au courant des changements qui peuvent subir ou s&#8217;il y a de nouveaux.<\/p>\n<p style=\"text-align: justify;\">Ils sont de pr\u00e9f\u00e9rence dans le visage, mais peuvent se produire n&#8217;importe o\u00f9 sur le corps qui soit expos\u00e9 \u00e0 la lumi\u00e8re du soleil comme les \u00e9paules, les bras, le dos et la poitrine.<\/p>\n<h2 style=\"text-align: justify;\"><span style=\"color: #75c9d3;\"><strong>Qui est concern\u00e9?<\/strong><\/span><\/h2>\n<p style=\"text-align: justify;\">Tous les humains ont des taches de rousseur, au moins une. Elles peuvent \u00eatre pr\u00e9sents dans les nouveau-n\u00e9s (1%), mais commencent g\u00e9n\u00e9ralement leur \u00e9mergence de 6-12 mois et augmentent progressivement en nombre et taille jusqu&#8217;\u00e0 25 ans. \u00c0 l&#8217;\u00e2ge adulte, autour de 50-60 ans, ils ont tendance \u00e0 perdre progressivement la pigmentation et peuvent m\u00eame dispara\u00eetre. Ils sont plus fr\u00e9quents chez les personnes avec les cheveux et la peau claire, blondes ou rousses et qui ont \u00e9t\u00e9 expos\u00e9es au soleil activement ou passivement.<\/p>\n<h2 style=\"text-align: justify;\"><span style=\"color: #75c9d3;\"><strong>Symptomatologie<\/strong><\/span><\/h2>\n<p style=\"text-align: justify;\">Les naevus pigment\u00e9s sont asymptomatiques. Les signes visuels qui devraient alerter sont la coloration noire, la croissance rapide ou son irr\u00e9gularit\u00e9 en la forme ou le couleur. Toutefois, ces signes apparaissent habituellement \u00e0 une p\u00e9riode relativement tardive de la tumeur. Id\u00e9alement, il devrait d\u00e9tecter les changements naissants pour \u00e9viter les risques futurs en rendant une pr\u00e9vention pr\u00e9coce.<\/p>\n<h2 style=\"text-align: justify;\"><span style=\"color: #75c9d3;\"><strong>Causes<\/strong><\/span><\/h2>\n<p style=\"text-align: justify;\">Les naevus pigment\u00e9s apparaissent g\u00e9n\u00e9ralement par des facteurs g\u00e9n\u00e9tiques et\/ou des facteurs environnementaux tels que l&#8217;exposition au rayonnement solaire.<\/p>\n<p style=\"text-align: justify;\">Il est tr\u00e8s important de surveiller les naevus pour d\u00e9tecter tout changement possible dans la taille, la forme, la couleur ou des changements inflammatoires comme ils peuvent \u00eatre des signes de suspicion de malignit\u00e9.<\/p>\n<h2 style=\"text-align: justify;\"><span style=\"color: #75c9d3;\"><strong>Types du grains de beaut\u00e9<\/strong><\/span><\/h2>\n<p style=\"text-align: justify;\">On peut distinguer:<\/p>\n<ul style=\"text-align: justify;\">\n<li><em>Naevus m\u00e9lanocytaire cong\u00e9nital: <\/em>sont ceux qui sont d\u00e9j\u00e0 au moment de la naissance (1% des nouveau-n\u00e9s). Ils peuvent \u00eatre de quelques millim\u00e8tres ou m\u00eame en venir \u00e0 occuper une grande partie de la surface du corps. Ils sont associ\u00e9s \u00e0 un risque accru de d\u00e9velopper un m\u00e9lanome malin, en particulier les plus grands (&gt; 20 cm ou couvrir une zone enti\u00e8re du corps comme un bras).<\/li>\n<\/ul>\n<ul>\n<li style=\"text-align: justify;\"><em>Naevus m\u00e9lanocytaires acquis: <\/em>ils sont ceux qui apparaissent pendant l&#8217;enfance ou au cours de toute la vie. Ils sont les plus communs et apparaissent g\u00e9n\u00e9ralement sur les zones expos\u00e9es au soleil.<\/li>\n<\/ul>\n<h2 style=\"text-align: justify;\"><span style=\"color: #75c9d3;\"><strong>Pr\u00e9vention<\/strong><\/span><\/h2>\n<p style=\"text-align: justify;\">Bien que la grande majorit\u00e9 des taches de rousseur sont b\u00e9nignes et dans la vie ne se transforment pas en un cancer de la peau, il est n\u00e9cessaire de v\u00e9rifier p\u00e9riodiquement avec le dermatologue, car ils peuvent subir des modifications. Une grande partie des cancers de la peau se produisent habituellement dans des zones apparemment en bonne sant\u00e9 de la peau sans blessures ou avec des taches de rousseur pr\u00e9c\u00e9dentes.<\/p>\n<p style=\"text-align: justify;\">Cependant, certains m\u00e9lanomes (cancer de la peau tr\u00e8s agressif et particuli\u00e8rement fr\u00e9quent chez les jeunes) peuvent provenir d&#8217;une ancienne t\u00e2che de rousseur. L&#8217;outil qui permet la d\u00e9tection pr\u00e9coce des \u00e9ventuels changements microscopiques dans la structure du naevus et obtenir un diagnostic tr\u00e8s pr\u00e9coce du cancer de la peau est le dermoscopie num\u00e9rique. Avec le scanner des taches de rousseur numeris\u00e9 360\u00ba (Fotofinder bodystudio), on r\u00e9alise une cartographie num\u00e9rique de toutes les l\u00e9sions pigment\u00e9es du patient. Cette \u00e9tude permet d\u00e9tecter des signes visibles de risque de d\u00e9g\u00e9n\u00e9rescence \u00e0 cancer de chacun des naevus et permet une surveillance tr\u00e8s pr\u00e9cise et fiable de l&#8217;\u00e9volution des grains de beaut\u00e9 dans chacun des examens p\u00e9riodiques.<\/p>\n<p><strong>Pour plus d&#8217;informations, cliquez <a href=\"http:\/\/lopezgil.com\/index.php\/oncologie-dermatologie\/diagnostic-precoce-du-cancer-de-la-peau\/?lang=fr\">ici<\/a>\u00a0<\/strong><\/p>\n<h2 style=\"text-align: justify;\"><span style=\"color: #75c9d3;\"><strong>Traitement du grains de beaut\u00e9 \u00e0 Barcelone<\/strong><\/span><\/h2>\n<p style=\"text-align: justify;\">Nous utiliserons une m\u00e9thode ou une autre selon le type de blessure, le lieu et le but du traitement. Les traitements possibles sont:<\/p>\n<ul>\n<li style=\"text-align: justify;\">Extirpation<\/li>\n<li style=\"text-align: justify;\">Laser de CO2<\/li>\n<\/ul>\n","protected":false},"excerpt":{"rendered":"<p>[vc_row][vc_column][vc_row_inner][vc_column_inner][\/vc_column_inner][\/vc_row_inner][\/vc_column][\/vc_row][vc_row][vc_column width=&#8221;3\/4&#8243; css=&#8221;.vc_custom_1473066092346{margin-top: 0px !important;}&#8221;][vc_column_text css=&#8221;.vc_custom_1473066053815{margin-top: 0px !important;}&#8221;] Qu\u2019est que c\u2019est? Les taches de rousseur, naevus m\u00e9lanocytaires ou naevus pigment\u00e9s, sont de petites taches b\u00e9nignes qui apparaissent sur la peau et obscurcissent avec l&#8217;exposition au soleil ou pendant la grossesse. Ils sont constitu\u00e9s de cellules pigment\u00e9es (m\u00e9lanocytes), qui sont dispos\u00e9es comme les pav\u00e9s de la [&hellip;]<\/p>\n","protected":false},"author":5,"featured_media":0,"parent":1429,"menu_order":6,"comment_status":"closed","ping_status":"closed","template":"soulmedic\/tpl-feature.php","meta":{"footnotes":""},"class_list":["post-1604","page","type-page","status-publish","hentry"],"yoast_head":"<!-- This site is optimized with the Yoast SEO plugin v19.12 - https:\/\/yoast.com\/wordpress\/plugins\/seo\/ -->\n<title>Grains de beaut\u00e9 - naevus | Dr. Lopez Gil | Cl\u00ednica Teknon Barcelona<\/title>\n<meta name=\"description\" content=\"Les grains de beaut\u00e9, les taches de rousseur sont de petites taches b\u00e9nignes qui apparaissent sur la peau. Causes, types, pr\u00e9vention et traitement\" \/>\n<meta name=\"robots\" content=\"index, follow, max-snippet:-1, max-image-preview:large, max-video-preview:-1\" \/>\n<link rel=\"canonical\" href=\"https:\/\/www.lopezgil.com\/fr\/dermatologie-clinique\/grains-de-beaute-naevus\/\" \/>\n<meta property=\"og:locale\" content=\"fr_FR\" \/>\n<meta property=\"og:type\" content=\"article\" \/>\n<meta property=\"og:title\" content=\"Grains de beaut\u00e9 - naevus | Dr. Lopez Gil | Cl\u00ednica Teknon Barcelona\" \/>\n<meta property=\"og:description\" content=\"Les grains de beaut\u00e9, les taches de rousseur sont de petites taches b\u00e9nignes qui apparaissent sur la peau. Causes, types, pr\u00e9vention et traitement\" \/>\n<meta property=\"og:url\" content=\"https:\/\/www.lopezgil.com\/fr\/dermatologie-clinique\/grains-de-beaute-naevus\/\" \/>\n<meta property=\"og:site_name\" content=\"Dr. Lopez Gil\" \/>\n<meta property=\"article:modified_time\" content=\"2019-12-06T00:40:14+00:00\" \/>\n<meta name=\"twitter:card\" content=\"summary_large_image\" \/>\n<meta name=\"twitter:label1\" content=\"Est. reading time\" \/>\n\t<meta name=\"twitter:data1\" content=\"4 minutes\" \/>\n<script type=\"application\/ld+json\" class=\"yoast-schema-graph\">{\"@context\":\"https:\/\/schema.org\",\"@graph\":[{\"@type\":\"WebPage\",\"@id\":\"https:\/\/www.lopezgil.com\/fr\/dermatologie-clinique\/grains-de-beaute-naevus\/\",\"url\":\"https:\/\/www.lopezgil.com\/fr\/dermatologie-clinique\/grains-de-beaute-naevus\/\",\"name\":\"Grains de beaut\u00e9 - naevus | Dr. Lopez Gil | Cl\u00ednica Teknon Barcelona\",\"isPartOf\":{\"@id\":\"https:\/\/www.lopezgil.com\/ca\/#website\"},\"datePublished\":\"2017-03-29T14:28:12+00:00\",\"dateModified\":\"2019-12-06T00:40:14+00:00\",\"description\":\"Les grains de beaut\u00e9, les taches de rousseur sont de petites taches b\u00e9nignes qui apparaissent sur la peau. Causes, types, pr\u00e9vention et traitement\",\"breadcrumb\":{\"@id\":\"https:\/\/www.lopezgil.com\/fr\/dermatologie-clinique\/grains-de-beaute-naevus\/#breadcrumb\"},\"inLanguage\":\"fr-FR\",\"potentialAction\":[{\"@type\":\"ReadAction\",\"target\":[\"https:\/\/www.lopezgil.com\/fr\/dermatologie-clinique\/grains-de-beaute-naevus\/\"]}]},{\"@type\":\"BreadcrumbList\",\"@id\":\"https:\/\/www.lopezgil.com\/fr\/dermatologie-clinique\/grains-de-beaute-naevus\/#breadcrumb\",\"itemListElement\":[{\"@type\":\"ListItem\",\"position\":1,\"name\":\"Portada\",\"item\":\"https:\/\/www.lopezgil.com\/fr\/\"},{\"@type\":\"ListItem\",\"position\":2,\"name\":\"Dermatologie clinique\",\"item\":\"https:\/\/www.lopezgil.com\/fr\/dermatologie-clinique\/\"},{\"@type\":\"ListItem\",\"position\":3,\"name\":\"Grains de beaut\u00e9 &#8211; naevus\"}]},{\"@type\":\"WebSite\",\"@id\":\"https:\/\/www.lopezgil.com\/ca\/#website\",\"url\":\"https:\/\/www.lopezgil.com\/ca\/\",\"name\":\"Dr. Lopez Gil\",\"description\":\"Dermat\u00f3logo Barcelona\",\"potentialAction\":[{\"@type\":\"SearchAction\",\"target\":{\"@type\":\"EntryPoint\",\"urlTemplate\":\"https:\/\/www.lopezgil.com\/ca\/?s={search_term_string}\"},\"query-input\":\"required name=search_term_string\"}],\"inLanguage\":\"fr-FR\"}]}<\/script>\n<!-- \/ Yoast SEO plugin. -->","yoast_head_json":{"title":"Grains de beaut\u00e9 - naevus | Dr. Lopez Gil | Cl\u00ednica Teknon Barcelona","description":"Les grains de beaut\u00e9, les taches de rousseur sont de petites taches b\u00e9nignes qui apparaissent sur la peau. Causes, types, pr\u00e9vention et traitement","robots":{"index":"index","follow":"follow","max-snippet":"max-snippet:-1","max-image-preview":"max-image-preview:large","max-video-preview":"max-video-preview:-1"},"canonical":"https:\/\/www.lopezgil.com\/fr\/dermatologie-clinique\/grains-de-beaute-naevus\/","og_locale":"fr_FR","og_type":"article","og_title":"Grains de beaut\u00e9 - naevus | Dr. Lopez Gil | Cl\u00ednica Teknon Barcelona","og_description":"Les grains de beaut\u00e9, les taches de rousseur sont de petites taches b\u00e9nignes qui apparaissent sur la peau. Causes, types, pr\u00e9vention et traitement","og_url":"https:\/\/www.lopezgil.com\/fr\/dermatologie-clinique\/grains-de-beaute-naevus\/","og_site_name":"Dr. Lopez Gil","article_modified_time":"2019-12-06T00:40:14+00:00","twitter_card":"summary_large_image","twitter_misc":{"Est. reading time":"4 minutes"},"schema":{"@context":"https:\/\/schema.org","@graph":[{"@type":"WebPage","@id":"https:\/\/www.lopezgil.com\/fr\/dermatologie-clinique\/grains-de-beaute-naevus\/","url":"https:\/\/www.lopezgil.com\/fr\/dermatologie-clinique\/grains-de-beaute-naevus\/","name":"Grains de beaut\u00e9 - naevus | Dr. Lopez Gil | Cl\u00ednica Teknon Barcelona","isPartOf":{"@id":"https:\/\/www.lopezgil.com\/ca\/#website"},"datePublished":"2017-03-29T14:28:12+00:00","dateModified":"2019-12-06T00:40:14+00:00","description":"Les grains de beaut\u00e9, les taches de rousseur sont de petites taches b\u00e9nignes qui apparaissent sur la peau. Causes, types, pr\u00e9vention et traitement","breadcrumb":{"@id":"https:\/\/www.lopezgil.com\/fr\/dermatologie-clinique\/grains-de-beaute-naevus\/#breadcrumb"},"inLanguage":"fr-FR","potentialAction":[{"@type":"ReadAction","target":["https:\/\/www.lopezgil.com\/fr\/dermatologie-clinique\/grains-de-beaute-naevus\/"]}]},{"@type":"BreadcrumbList","@id":"https:\/\/www.lopezgil.com\/fr\/dermatologie-clinique\/grains-de-beaute-naevus\/#breadcrumb","itemListElement":[{"@type":"ListItem","position":1,"name":"Portada","item":"https:\/\/www.lopezgil.com\/fr\/"},{"@type":"ListItem","position":2,"name":"Dermatologie clinique","item":"https:\/\/www.lopezgil.com\/fr\/dermatologie-clinique\/"},{"@type":"ListItem","position":3,"name":"Grains de beaut\u00e9 &#8211; naevus"}]},{"@type":"WebSite","@id":"https:\/\/www.lopezgil.com\/ca\/#website","url":"https:\/\/www.lopezgil.com\/ca\/","name":"Dr. Lopez Gil","description":"Dermat\u00f3logo Barcelona","potentialAction":[{"@type":"SearchAction","target":{"@type":"EntryPoint","urlTemplate":"https:\/\/www.lopezgil.com\/ca\/?s={search_term_string}"},"query-input":"required name=search_term_string"}],"inLanguage":"fr-FR"}]}},"_links":{"self":[{"href":"https:\/\/www.lopezgil.com\/fr\/wp-json\/wp\/v2\/pages\/1604","targetHints":{"allow":["GET"]}}],"collection":[{"href":"https:\/\/www.lopezgil.com\/fr\/wp-json\/wp\/v2\/pages"}],"about":[{"href":"https:\/\/www.lopezgil.com\/fr\/wp-json\/wp\/v2\/types\/page"}],"author":[{"embeddable":true,"href":"https:\/\/www.lopezgil.com\/fr\/wp-json\/wp\/v2\/users\/5"}],"replies":[{"embeddable":true,"href":"https:\/\/www.lopezgil.com\/fr\/wp-json\/wp\/v2\/comments?post=1604"}],"version-history":[{"count":6,"href":"https:\/\/www.lopezgil.com\/fr\/wp-json\/wp\/v2\/pages\/1604\/revisions"}],"predecessor-version":[{"id":4847,"href":"https:\/\/www.lopezgil.com\/fr\/wp-json\/wp\/v2\/pages\/1604\/revisions\/4847"}],"up":[{"embeddable":true,"href":"https:\/\/www.lopezgil.com\/fr\/wp-json\/wp\/v2\/pages\/1429"}],"wp:attachment":[{"href":"https:\/\/www.lopezgil.com\/fr\/wp-json\/wp\/v2\/media?parent=1604"}],"curies":[{"name":"wp","href":"https:\/\/api.w.org\/{rel}","templated":true}]}}