{"id":1588,"date":"2017-03-29T14:11:13","date_gmt":"2017-03-29T14:11:13","guid":{"rendered":"http:\/\/lopezgil.com\/enconstruccion\/?page_id=1588"},"modified":"2019-12-09T13:54:23","modified_gmt":"2019-12-09T13:54:23","slug":"diagnostic-precoce-du-cancer-de-la-peau","status":"publish","type":"page","link":"https:\/\/www.lopezgil.com\/fr\/dermatologie-oncologique-barcelona\/diagnostic-precoce-du-cancer-de-la-peau\/","title":{"rendered":"Diagnostic precoce du cancer de la peau"},"content":{"rendered":"<div id=\"fb-root\"><\/div>\n[vc_row][vc_column][vc_column_text]\n[\/vc_column_text][\/vc_column][\/vc_row][vc_row][vc_column][vc_row_inner][vc_column_inner]<script type=\"text\/javascript\">jQuery(function() { _initLayerSlider( '#layerslider_54_s51js8p91b15', {sliderVersion: '', responsiveUnder: 0, layersContainer: 0, hideUnder: 0, hideOver: 100000, pauseOnHover: 1, skin: 'v5', sliderFadeInDuration: 350, useSrcset: true, skinsPath: 'https:\/\/www.lopezgil.com\/wp-content\/plugins\/LayerSlider\/assets\/static\/layerslider\/skins\/', type: 'responsive', showCircleTimer: false, performanceMode: true}); });<\/script><div id=\"layerslider_54_s51js8p91b15\" class=\"ls-wp-container fitvidsignore\" style=\"width:600px;height:200px;margin:0 auto;margin-bottom: 0px;\"><div class=\"ls-slide\" data-ls=\"duration:4000;\"><img loading=\"lazy\" decoding=\"async\" width=\"600\" height=\"200\" src=\"https:\/\/www.lopezgil.com\/wp-content\/uploads\/drlopezgil_dermatologia_barcelona_600x200_diagnostic_cancer_pell_fotofinder_micro-1.jpg\" class=\"ls-bg\" alt=\"diagnostico-cancer-piel-pell-fotofinder-micro\" srcset=\"https:\/\/www.lopezgil.com\/wp-content\/uploads\/drlopezgil_dermatologia_barcelona_600x200_diagnostic_cancer_pell_fotofinder_micro-1.jpg 600w, https:\/\/www.lopezgil.com\/wp-content\/uploads\/drlopezgil_dermatologia_barcelona_600x200_diagnostic_cancer_pell_fotofinder_micro-1-300x100.jpg 300w\" sizes=\"auto, (max-width: 600px) 100vw, 600px\" \/><\/div><\/div>[\/vc_column_inner][\/vc_row_inner][\/vc_column][\/vc_row][vc_row][vc_column css=&#8221;.vc_custom_1473066092346{margin-top: 0px !important;}&#8221;][vc_column_text css=&#8221;.vc_custom_1473066053815{margin-top: 0px !important;}&#8221;]\n<p>&nbsp;<\/p>\n<p style=\"text-align: justify;\">Soup\u00e7onnant avoir n&#8217;importe quelle blessure avec des changements dans la forme, la couleur, la texture et\/ou la taille, et persistant au fil du temps est important de consulter un dermatologue pour \u00e9valuer la blessure et faire un diagnostic le plus t\u00f4t possible. Le cancer de la peau est gu\u00e9rissable s&#8217;il est d\u00e9tect\u00e9 t\u00f4t. Les principaux facteurs de risque sont l&#8217;exposition excessive au soleil et la pr\u00e9disposition g\u00e9n\u00e9tique. Aujourd&#8217;hui, gr\u00e2ce \u00e0 la technologie m\u00e9dicale de pointe, les dermatologues peuvent \u00e9valuer l&#8217;\u00e9volution des taches entre examen et un autre avec un maximum de pr\u00e9cision, de fiabilit\u00e9 et de s\u00e9curit\u00e9, en particulier chez les patients ayant un grand nombre de naevus.<\/p>\n[\/vc_column_text][\/vc_column][\/vc_row][vc_row][vc_column][vc_column_text]\n<h2><span style=\"color: #75c9d3;\"><strong>Technique utilis\u00e9e: dermoscopie num\u00e9rique<\/strong><\/span><\/h2>\n<p style=\"text-align: justify;\">Dans les proc\u00e9dures de diagnostic de cancer de la peau, le dernier d\u00e9v\u00e9loppement le plus important est la dermoscopie num\u00e9rique qui est bas\u00e9e sur la vision augment\u00e9e des taches de rousseur et des taches de la personne \u00e0 l&#8217;aide d&#8217;une cam\u00e9ra \u00e0 haute r\u00e9solution. A partir de ces images agrandies, nous pouvons diagnostiquer avec toute la fiabilit\u00e9 et la s\u00e9curit\u00e9 si il est un naevus suspect ou b\u00e9nigne et d\u00e9terminer si une biopsie est n\u00e9cessaire ou non.<\/p>\n[\/vc_column_text][\/vc_column][\/vc_row][vc_row][vc_column][vc_single_image image=&#8221;1510&#8243; img_size=&#8221;large&#8221; alignment=&#8221;center&#8221; title=&#8221;Le Dr. L\u00f3pez Gil en effectuant une dermoscopie num\u00e9rique&#8221;][\/vc_column][\/vc_row][vc_row][vc_column][vc_column_text]\n<p style=\"text-align: justify;\">Une fois effectu\u00e9 la dermoscopie num\u00e9rique, toutes les images faites dans l&#8217;histoire du patient sont stock\u00e9es sous forme num\u00e9ris\u00e9e. Ce document photographique nous permet de comparer avec le maximum de fiabilit\u00e9 des r\u00e9sultats obtenus dans les diff\u00e9rentes r\u00e9visions et de d\u00e9tecter \u00e0 temps toute modification minimale possible que \u00e0 premi\u00e8re vue n&#8217;aurait pas \u00e9t\u00e9 possible.<\/p>\n[\/vc_column_text][\/vc_column][\/vc_row][vc_row][vc_column][vc_single_image image=&#8221;1511&#8243; img_size=&#8221;large&#8221; alignment=&#8221;center&#8221; title=&#8221;D\u00e9tection de changement naevus par dermoscopie num\u00e9rique&#8221;][\/vc_column][\/vc_row][vc_row][vc_column][vc_single_image image=&#8221;1513&#8243; img_size=&#8221;large&#8221; alignment=&#8221;center&#8221; title=&#8221;Vue naevus \u201cull un\u201d&#8221;][\/vc_column][\/vc_row][vc_row][vc_column][vc_single_image image=&#8221;1519&#8243; img_size=&#8221;large&#8221; alignment=&#8221;center&#8221; title=&#8221;Vue naevus avec dermoscopie num\u00e9rique&#8221;][\/vc_column][\/vc_row]\n","protected":false},"excerpt":{"rendered":"<p>[vc_row][vc_column][vc_column_text] [\/vc_column_text][\/vc_column][\/vc_row][vc_row][vc_column][vc_row_inner][vc_column_inner][\/vc_column_inner][\/vc_row_inner][\/vc_column][\/vc_row][vc_row][vc_column css=&#8221;.vc_custom_1473066092346{margin-top: 0px !important;}&#8221;][vc_column_text css=&#8221;.vc_custom_1473066053815{margin-top: 0px !important;}&#8221;] &nbsp; Soup\u00e7onnant avoir n&#8217;importe quelle blessure avec des changements dans la forme, la couleur, la texture et\/ou la taille, et persistant au fil du temps est important de consulter un dermatologue pour \u00e9valuer la blessure et faire un diagnostic le plus t\u00f4t possible. Le cancer de la [&hellip;]<\/p>\n","protected":false},"author":5,"featured_media":0,"parent":1590,"menu_order":0,"comment_status":"closed","ping_status":"closed","template":"soulmedic\/tpl-feature.php","meta":{"footnotes":""},"class_list":["post-1588","page","type-page","status-publish","hentry"],"yoast_head":"<!-- This site is optimized with the Yoast SEO plugin v19.12 - https:\/\/yoast.com\/wordpress\/plugins\/seo\/ -->\n<title>Diagnostic precoce du cancer de la peau|Dr. Lopez Gil| Clinique Teknon<\/title>\n<meta name=\"description\" content=\"La technique la plus avanc\u00e9e: la dermoscopie num\u00e9rique.Photoregistration des taches de rousseur et des taches \u00e0 travers une photo de cartographie corporelle\" \/>\n<meta name=\"robots\" content=\"index, follow, max-snippet:-1, max-image-preview:large, max-video-preview:-1\" \/>\n<link rel=\"canonical\" href=\"https:\/\/www.lopezgil.com\/fr\/dermatologie-oncologique-barcelona\/diagnostic-precoce-du-cancer-de-la-peau\/\" \/>\n<meta property=\"og:locale\" content=\"fr_FR\" \/>\n<meta property=\"og:type\" content=\"article\" \/>\n<meta property=\"og:title\" content=\"Diagnostic precoce du cancer de la peau|Dr. Lopez Gil| Clinique Teknon\" \/>\n<meta property=\"og:description\" content=\"La technique la plus avanc\u00e9e: la dermoscopie num\u00e9rique.Photoregistration des taches de rousseur et des taches \u00e0 travers une photo de cartographie corporelle\" \/>\n<meta property=\"og:url\" content=\"https:\/\/www.lopezgil.com\/fr\/dermatologie-oncologique-barcelona\/diagnostic-precoce-du-cancer-de-la-peau\/\" \/>\n<meta property=\"og:site_name\" content=\"Dr. Lopez Gil\" \/>\n<meta property=\"article:modified_time\" content=\"2019-12-09T13:54:23+00:00\" \/>\n<meta name=\"twitter:card\" content=\"summary_large_image\" \/>\n<meta name=\"twitter:label1\" content=\"Est. reading time\" \/>\n\t<meta name=\"twitter:data1\" content=\"2 minutes\" \/>\n<script type=\"application\/ld+json\" class=\"yoast-schema-graph\">{\"@context\":\"https:\/\/schema.org\",\"@graph\":[{\"@type\":\"WebPage\",\"@id\":\"https:\/\/www.lopezgil.com\/fr\/dermatologie-oncologique-barcelona\/diagnostic-precoce-du-cancer-de-la-peau\/\",\"url\":\"https:\/\/www.lopezgil.com\/fr\/dermatologie-oncologique-barcelona\/diagnostic-precoce-du-cancer-de-la-peau\/\",\"name\":\"Diagnostic precoce du cancer de la peau|Dr. Lopez Gil| Clinique Teknon\",\"isPartOf\":{\"@id\":\"https:\/\/www.lopezgil.com\/ca\/#website\"},\"datePublished\":\"2017-03-29T14:11:13+00:00\",\"dateModified\":\"2019-12-09T13:54:23+00:00\",\"description\":\"La technique la plus avanc\u00e9e: la dermoscopie num\u00e9rique.Photoregistration des taches de rousseur et des taches \u00e0 travers une photo de cartographie corporelle\",\"breadcrumb\":{\"@id\":\"https:\/\/www.lopezgil.com\/fr\/dermatologie-oncologique-barcelona\/diagnostic-precoce-du-cancer-de-la-peau\/#breadcrumb\"},\"inLanguage\":\"fr-FR\",\"potentialAction\":[{\"@type\":\"ReadAction\",\"target\":[\"https:\/\/www.lopezgil.com\/fr\/dermatologie-oncologique-barcelona\/diagnostic-precoce-du-cancer-de-la-peau\/\"]}]},{\"@type\":\"BreadcrumbList\",\"@id\":\"https:\/\/www.lopezgil.com\/fr\/dermatologie-oncologique-barcelona\/diagnostic-precoce-du-cancer-de-la-peau\/#breadcrumb\",\"itemListElement\":[{\"@type\":\"ListItem\",\"position\":1,\"name\":\"Portada\",\"item\":\"https:\/\/www.lopezgil.com\/fr\/\"},{\"@type\":\"ListItem\",\"position\":2,\"name\":\"Dermatologie oncologique\",\"item\":\"https:\/\/www.lopezgil.com\/fr\/dermatologie-oncologique-barcelona\/\"},{\"@type\":\"ListItem\",\"position\":3,\"name\":\"Diagnostic precoce du cancer de la peau\"}]},{\"@type\":\"WebSite\",\"@id\":\"https:\/\/www.lopezgil.com\/ca\/#website\",\"url\":\"https:\/\/www.lopezgil.com\/ca\/\",\"name\":\"Dr. Lopez Gil\",\"description\":\"Dermat\u00f3logo Barcelona\",\"potentialAction\":[{\"@type\":\"SearchAction\",\"target\":{\"@type\":\"EntryPoint\",\"urlTemplate\":\"https:\/\/www.lopezgil.com\/ca\/?s={search_term_string}\"},\"query-input\":\"required name=search_term_string\"}],\"inLanguage\":\"fr-FR\"}]}<\/script>\n<!-- \/ Yoast SEO plugin. -->","yoast_head_json":{"title":"Diagnostic precoce du cancer de la peau|Dr. Lopez Gil| Clinique Teknon","description":"La technique la plus avanc\u00e9e: la dermoscopie num\u00e9rique.Photoregistration des taches de rousseur et des taches \u00e0 travers une photo de cartographie corporelle","robots":{"index":"index","follow":"follow","max-snippet":"max-snippet:-1","max-image-preview":"max-image-preview:large","max-video-preview":"max-video-preview:-1"},"canonical":"https:\/\/www.lopezgil.com\/fr\/dermatologie-oncologique-barcelona\/diagnostic-precoce-du-cancer-de-la-peau\/","og_locale":"fr_FR","og_type":"article","og_title":"Diagnostic precoce du cancer de la peau|Dr. Lopez Gil| Clinique Teknon","og_description":"La technique la plus avanc\u00e9e: la dermoscopie num\u00e9rique.Photoregistration des taches de rousseur et des taches \u00e0 travers une photo de cartographie corporelle","og_url":"https:\/\/www.lopezgil.com\/fr\/dermatologie-oncologique-barcelona\/diagnostic-precoce-du-cancer-de-la-peau\/","og_site_name":"Dr. Lopez Gil","article_modified_time":"2019-12-09T13:54:23+00:00","twitter_card":"summary_large_image","twitter_misc":{"Est. reading time":"2 minutes"},"schema":{"@context":"https:\/\/schema.org","@graph":[{"@type":"WebPage","@id":"https:\/\/www.lopezgil.com\/fr\/dermatologie-oncologique-barcelona\/diagnostic-precoce-du-cancer-de-la-peau\/","url":"https:\/\/www.lopezgil.com\/fr\/dermatologie-oncologique-barcelona\/diagnostic-precoce-du-cancer-de-la-peau\/","name":"Diagnostic precoce du cancer de la peau|Dr. Lopez Gil| Clinique Teknon","isPartOf":{"@id":"https:\/\/www.lopezgil.com\/ca\/#website"},"datePublished":"2017-03-29T14:11:13+00:00","dateModified":"2019-12-09T13:54:23+00:00","description":"La technique la plus avanc\u00e9e: la dermoscopie num\u00e9rique.Photoregistration des taches de rousseur et des taches \u00e0 travers une photo de cartographie corporelle","breadcrumb":{"@id":"https:\/\/www.lopezgil.com\/fr\/dermatologie-oncologique-barcelona\/diagnostic-precoce-du-cancer-de-la-peau\/#breadcrumb"},"inLanguage":"fr-FR","potentialAction":[{"@type":"ReadAction","target":["https:\/\/www.lopezgil.com\/fr\/dermatologie-oncologique-barcelona\/diagnostic-precoce-du-cancer-de-la-peau\/"]}]},{"@type":"BreadcrumbList","@id":"https:\/\/www.lopezgil.com\/fr\/dermatologie-oncologique-barcelona\/diagnostic-precoce-du-cancer-de-la-peau\/#breadcrumb","itemListElement":[{"@type":"ListItem","position":1,"name":"Portada","item":"https:\/\/www.lopezgil.com\/fr\/"},{"@type":"ListItem","position":2,"name":"Dermatologie oncologique","item":"https:\/\/www.lopezgil.com\/fr\/dermatologie-oncologique-barcelona\/"},{"@type":"ListItem","position":3,"name":"Diagnostic precoce du cancer de la peau"}]},{"@type":"WebSite","@id":"https:\/\/www.lopezgil.com\/ca\/#website","url":"https:\/\/www.lopezgil.com\/ca\/","name":"Dr. Lopez Gil","description":"Dermat\u00f3logo Barcelona","potentialAction":[{"@type":"SearchAction","target":{"@type":"EntryPoint","urlTemplate":"https:\/\/www.lopezgil.com\/ca\/?s={search_term_string}"},"query-input":"required name=search_term_string"}],"inLanguage":"fr-FR"}]}},"_links":{"self":[{"href":"https:\/\/www.lopezgil.com\/fr\/wp-json\/wp\/v2\/pages\/1588","targetHints":{"allow":["GET"]}}],"collection":[{"href":"https:\/\/www.lopezgil.com\/fr\/wp-json\/wp\/v2\/pages"}],"about":[{"href":"https:\/\/www.lopezgil.com\/fr\/wp-json\/wp\/v2\/types\/page"}],"author":[{"embeddable":true,"href":"https:\/\/www.lopezgil.com\/fr\/wp-json\/wp\/v2\/users\/5"}],"replies":[{"embeddable":true,"href":"https:\/\/www.lopezgil.com\/fr\/wp-json\/wp\/v2\/comments?post=1588"}],"version-history":[{"count":6,"href":"https:\/\/www.lopezgil.com\/fr\/wp-json\/wp\/v2\/pages\/1588\/revisions"}],"predecessor-version":[{"id":3208,"href":"https:\/\/www.lopezgil.com\/fr\/wp-json\/wp\/v2\/pages\/1588\/revisions\/3208"}],"up":[{"embeddable":true,"href":"https:\/\/www.lopezgil.com\/fr\/wp-json\/wp\/v2\/pages\/1590"}],"wp:attachment":[{"href":"https:\/\/www.lopezgil.com\/fr\/wp-json\/wp\/v2\/media?parent=1588"}],"curies":[{"name":"wp","href":"https:\/\/api.w.org\/{rel}","templated":true}]}}