{"id":1579,"date":"2017-03-22T17:08:28","date_gmt":"2017-03-22T17:08:28","guid":{"rendered":"http:\/\/lopezgil.com\/enconstruccion\/?page_id=1579"},"modified":"2019-06-11T10:52:38","modified_gmt":"2019-06-11T10:52:38","slug":"alopecie-androgenetique-hereditaire","status":"publish","type":"page","link":"https:\/\/www.lopezgil.com\/fr\/chute-de-cheveux\/alopecie-androgenetique-hereditaire\/","title":{"rendered":"L&#8217;alop\u00e9cie androg\u00e9n\u00e9tique ou h\u00e9r\u00e9ditaire"},"content":{"rendered":"<div id=\"fb-root\"><\/div>\n<p style=\"text-align: justify;\">[vc_row][vc_column][vc_row_inner][vc_column_inner]<script type=\"text\/javascript\">jQuery(function() { _initLayerSlider( '#layerslider_48_17i8g9ochlsd1', {sliderVersion: '', responsiveUnder: 0, layersContainer: 0, hideUnder: 0, hideOver: 100000, pauseOnHover: 1, skin: 'v5', sliderFadeInDuration: 350, useSrcset: true, skinsPath: 'https:\/\/www.lopezgil.com\/wp-content\/plugins\/LayerSlider\/assets\/static\/layerslider\/skins\/', type: 'responsive', showCircleTimer: false, performanceMode: true}); });<\/script><div id=\"layerslider_48_17i8g9ochlsd1\" class=\"ls-wp-container fitvidsignore\" style=\"width:600px;height:200px;margin:0 auto;margin-bottom: 0px;\"><div class=\"ls-slide\" data-ls=\"duration:4000;\"><img loading=\"lazy\" decoding=\"async\" width=\"600\" height=\"200\" src=\"https:\/\/www.lopezgil.com\/wp-content\/uploads\/drlopezgil_dermatologia_barcelona_600x200_alopecia_hereditaria.jpg\" class=\"ls-bg\" alt=\"drlopezgil_dermatologia_barcelona_600x200_alopecia_hereditaria\" srcset=\"https:\/\/www.lopezgil.com\/wp-content\/uploads\/drlopezgil_dermatologia_barcelona_600x200_alopecia_hereditaria.jpg 600w, https:\/\/www.lopezgil.com\/wp-content\/uploads\/drlopezgil_dermatologia_barcelona_600x200_alopecia_hereditaria-300x100.jpg 300w\" sizes=\"auto, (max-width: 600px) 100vw, 600px\" \/><\/div><\/div>[\/vc_column_inner][\/vc_row_inner][\/vc_column][\/vc_row][vc_row][vc_column width=&#8221;3\/4&#8243; css=&#8221;.vc_custom_1473066092346{margin-top: 0px !important;}&#8221;][vc_column_text css=&#8221;.vc_custom_1473066053815{margin-top: 0px !important;}&#8221;]\n<h2 style=\"text-align: justify;\"><span style=\"color: #75c9d3;\">Qu&#8217;est que c&#8217;est l&#8217;alop\u00e9cie androg\u00e9n\u00e9tique ou h\u00e9r\u00e9ditaire?<\/span><\/h2>\n<p style=\"text-align: justify;\"><strong>L&#8217;alop\u00e9cie androg\u00e9n\u00e9tique ou h\u00e9r\u00e9ditaire<\/strong> est la perte de cheveux due \u00e0 des facteurs g\u00e9n\u00e9tiques qui provoquent que les follicules du cuir chevelu r\u00e9agissent de fa\u00e7on anormale \u00e0 l&#8217;action de la testost\u00e9rone, ayant lieu un proc\u00e9d\u00e9 de miniaturisation des follicules. Elle est le type le plus commun de perte de cheveux chez les hommes. Habituellement, il appara\u00eet \u00e0 partir des 17-18 ann\u00e9es tant chez les hommes que les femmes.<\/p>\n<h2 style=\"text-align: justify;\"><span style=\"color: #75c9d3;\">Qui est concern\u00e9?<\/span><\/h2>\n<p style=\"text-align: justify;\"><strong>L&#8217;alop\u00e9cie androg\u00e9n\u00e9tique ou h\u00e9r\u00e9ditaire<\/strong> comprend \u00e0 la fois les hommes et les femmes, mais la plupart du temps touche davantage les hommes que les femmes d\u00fb \u00e0 la protection fournie par les hormones f\u00e9minines. Elle affecte d&#8217;une fa\u00e7on plus ou moins importante \u00e0 7 sur 10 hommes de plus de 21 ans et \u00e0 4 sur 10 femmes apr\u00e8s la m\u00e9nopause.<\/p>\n<h2 style=\"text-align: justify;\"><span style=\"color: #75c9d3;\">Types<\/span><\/h2>\n<p style=\"text-align: justify;\">Nouss pouvons distinguer entre:<\/p>\n<ul style=\"text-align: justify;\">\n<li><em>Alop\u00e9cie androg\u00e9n\u00e9tique m\u00e2le<\/em>: elle est caract\u00e9ris\u00e9e par la chute progressive des cheveux qui commence g\u00e9n\u00e9ralement au niveau des tempes et de la couronne.<\/li>\n<li><em>Alop\u00e9cie androg\u00e9n\u00e9tique femelle<\/em>: elle ne se manifeste pas sous la forme d&#8217;une chute, mais la perte de la densit\u00e9 et l&#8217;apparence des areas claires, en particulier au sommet de la t\u00eate et la plupart du temps apr\u00e8s l&#8217;arriv\u00e9e de l&#8217;\u00e2ge fertile.<\/li>\n<\/ul>\n<h2 style=\"text-align: justify;\"><span style=\"color: #75c9d3;\">Symptomatologie<\/span><\/h2>\n<p style=\"text-align: justify;\">Chez les hommes, le premier sympt\u00f4me qui est d\u00e9tect\u00e9 est l&#8217;apparence des connues comme &#8220;entr\u00e9es&#8221;. Cette perte peut \u00eatre maintenue pendant des ann\u00e9es ou avancer en forme de M par la face avant du cuir chevelu, ou elle peut aussi commencer dans la couronne, en particulier apr\u00e8s 40 ans. Pour classer et d\u00e9terminer l&#8217;intensit\u00e9 de ce type d&#8217;alop\u00e9cie chez les hommes, on utilise l&#8217;\u00e9chelle de <em>Hamilton Norwood.<\/em><\/p>\n<img loading=\"lazy\" decoding=\"async\" class=\"aligncenter wp-image-1732 size-full\" src=\"http:\/\/lopezgil.com\/wp-content\/uploads\/alopecia_androgenetica_masculina_escala_ludwig_evolucio_cabell_caiguda_dermatologia_dermatologo_drlopezgil_dermandtek_teknon_barcelona_andorra.jpg\" alt=\"alopecia-androgenetica-masculina-evolucion-caida-pelo-cabell-caiguda-dermatologia-dermatologo-drlopezgil_dermandtek-teknon-barcelona\" width=\"600\" height=\"200\" srcset=\"https:\/\/www.lopezgil.com\/wp-content\/uploads\/alopecia_androgenetica_masculina_escala_ludwig_evolucio_cabell_caiguda_dermatologia_dermatologo_drlopezgil_dermandtek_teknon_barcelona_andorra.jpg 600w, https:\/\/www.lopezgil.com\/wp-content\/uploads\/alopecia_androgenetica_masculina_escala_ludwig_evolucio_cabell_caiguda_dermatologia_dermatologo_drlopezgil_dermandtek_teknon_barcelona_andorra-300x100.jpg 300w\" sizes=\"auto, (max-width: 600px) 100vw, 600px\" \/>\n<p style=\"text-align: justify;\">Dans <u>l&#8217;alop\u00e9cie androg\u00e9n\u00e9tique f\u00e9minine<\/u> n&#8217;est pas d\u00e9tect\u00e9e une perte de cheveux, mais une perte de densit\u00e9 et l&#8217;apparence des zones clairsem\u00e9es en particulier dans le haut de la t\u00eate. Il n&#8217;est pas souvent la calvitie f\u00e9minine totale, puisque dans ce cas, les follicules pileux continuent \u00e0 pousser les cheveux, bien que en moins quantit\u00e9 et plus mince. Dans ce cas, on utilise l&#8217;\u00e9chelle de Ludwig pour d\u00e9terminer \u00e0 quel stade est la patiente et quel est le traitement le plus appropri\u00e9.<\/p>\n<p style=\"text-align: justify;\"><img loading=\"lazy\" decoding=\"async\" class=\"aligncenter wp-image-1731 size-full\" src=\"http:\/\/lopezgil.com\/wp-content\/uploads\/alopecia_androgenetica_femenina_escala_ludwig_evolucio_cabell_caiguda_dermatologia_dermatologo_drlopezgil_dermandtek_teknon_barcelona_andorra.jpg\" alt=\"alopecia-femenina-androgenetica-dermatologo-tratamiento-barcelona\" width=\"600\" height=\"200\" srcset=\"https:\/\/www.lopezgil.com\/wp-content\/uploads\/alopecia_androgenetica_femenina_escala_ludwig_evolucio_cabell_caiguda_dermatologia_dermatologo_drlopezgil_dermandtek_teknon_barcelona_andorra.jpg 600w, https:\/\/www.lopezgil.com\/wp-content\/uploads\/alopecia_androgenetica_femenina_escala_ludwig_evolucio_cabell_caiguda_dermatologia_dermatologo_drlopezgil_dermandtek_teknon_barcelona_andorra-300x100.jpg 300w\" sizes=\"auto, (max-width: 600px) 100vw, 600px\" \/><\/p>\n<h2 style=\"text-align: justify;\"><span style=\"color: #75c9d3;\">Causes<\/span><\/h2>\n<p style=\"text-align: justify;\">Tant les hommes que les femmes partagent les causes alop\u00e9cie h\u00e9r\u00e9ditaire:<\/p>\n<ul style=\"text-align: justify;\">\n<li><em>Facteurs g\u00e9n\u00e9tiques<\/em>: en particulier chez les hommes<\/li>\n<li><em>Hormones<\/em>:\n<ul>\n<li><em>Hommes: <\/em>L&#8217;enzyme 5a-r\u00e9ductase transforme la testost\u00e9rone en dihidrotesterona qui est la cause de la diminution du nombre de follicules pileux. Ce qui provoque que les cheveux soient chaque fois plus fins, jusqu&#8217;\u00e0 sa disparition.<\/li>\n<li><em>Femmes: <\/em>la perte de la densit\u00e9 des cheveux dans la r\u00e9gion est caus\u00e9e par la d\u00e9gradation des follicules pileux, en particulier apr\u00e8s le d\u00e9but de la m\u00e9nopause en raison d&#8217;une plus grande pr\u00e9sence de certaines hormones m\u00e2les, comme la testost\u00e9rone, l&#8217;androst\u00e9rone et dihidrotesterona.<\/li>\n<\/ul>\n<\/li>\n<li><em>Vieillissement<\/em>: l&#8217;\u00e2ge, influe \u00e9galement sur la croissance et la sant\u00e9 des cheveux, en particulier les follicules pileux.<\/li>\n<\/ul>\n<h2 style=\"text-align: justify;\"><span style=\"color: #75c9d3;\">Traitement <\/span><span style=\"color: #75c9d3;\">l&#8217;alop\u00e9cie androg\u00e9n\u00e9tique ou h\u00e9r\u00e9ditaire<\/span><\/h2>\n<p style=\"text-align: justify;\">Depuis de nombreuses ann\u00e9es, il existe des <a href=\"https:\/\/www.lopezgil.com\/fr\/traitements\/traitements-capillaires-barcelona\/transplantation-des-cheveux-barcelona\/\">traitements standards pour l&#8217;alop\u00e9cie<\/a>.<\/p>\n<ul style=\"text-align: justify;\">\n<li><u>Minoxidil<\/u>: est une substance vasodilatatrice utilis\u00e9e dans le traitement de l&#8217;hypertension et comme par hasard, on a observ\u00e9 que produit comme effet secondaire une augmentation de cheveux chez les chauves. Il est tr\u00e8s souvent utilis\u00e9 seul ou en combinaison avec d&#8217;autres ingr\u00e9dients actifs pour les cheveux.<\/li>\n<li><u>Finasteride<\/u>: il est un m\u00e9dicament utilis\u00e9 pour le traitement de l&#8217;hypertrophie prostatique et ayant un r\u00e9sultat tr\u00e8s satisfaisante pour arr\u00eater l&#8217;alop\u00e9cie androg\u00e9n\u00e9tique. Les jeunes hommes qui prennent le m\u00e9dicament dans les premi\u00e8res ann\u00e9es de la perte de cheveux \u00e9vitent de devenir chauves comme ses pr\u00e9d\u00e9cesseurs.<\/li>\n<li><u>PRP:<\/u> l&#8217;une des nouvelles th\u00e9rapies pour induire l&#8217;apparition de nouveaux cheveux est l&#8217;administration locale par injection de facteurs de croissance tissulaire provenant des plaquettes. Il est un proc\u00e9d\u00e9 simple qui consiste \u00e0 pr\u00e9lever du sang chez l&#8217;individu. Une fois extraite, elle est centrifug\u00e9e pour obtenir le s\u00e9rum contenant des substances tr\u00e8s actives pour la croissance de la masse de cheveux.<\/li>\n<li><u>Implant de cheveux<\/u>: il consiste \u00e0 l&#8217;extraction des racines ou des follicules de caract\u00e9ristiques perp\u00e9tuels tels que ceux de l&#8217;arri\u00e8re du cou des personnes. Ces follicules soigneusement retir\u00e9s sont plac\u00e9s dans les zones sans cheveux en fournissant un volume accru de la masse capillaire.<\/li>\n<\/ul>\n<h2 style=\"text-align: justify;\"><span style=\"color: #75c9d3;\">Cons\u00e9quences<\/span><\/h2>\n<p style=\"text-align: justify;\">Dans certains cas, elle peut causer des probl\u00e8mes psychologiques et d&#8217;estime de soi, en particulier chez les femmes.<\/p>\n","protected":false},"excerpt":{"rendered":"<p>[vc_row][vc_column][vc_row_inner][vc_column_inner][\/vc_column_inner][\/vc_row_inner][\/vc_column][\/vc_row][vc_row][vc_column width=&#8221;3\/4&#8243; css=&#8221;.vc_custom_1473066092346{margin-top: 0px !important;}&#8221;][vc_column_text css=&#8221;.vc_custom_1473066053815{margin-top: 0px !important;}&#8221;] Qu&#8217;est que c&#8217;est l&#8217;alop\u00e9cie androg\u00e9n\u00e9tique ou h\u00e9r\u00e9ditaire? L&#8217;alop\u00e9cie androg\u00e9n\u00e9tique ou h\u00e9r\u00e9ditaire est la perte de cheveux due \u00e0 des facteurs g\u00e9n\u00e9tiques qui provoquent que les follicules du cuir chevelu r\u00e9agissent de fa\u00e7on anormale \u00e0 l&#8217;action de la testost\u00e9rone, ayant lieu un proc\u00e9d\u00e9 de miniaturisation des follicules. Elle [&hellip;]<\/p>\n","protected":false},"author":5,"featured_media":0,"parent":1696,"menu_order":0,"comment_status":"closed","ping_status":"closed","template":"soulmedic\/tpl-feature.php","meta":{"footnotes":""},"class_list":["post-1579","page","type-page","status-publish","hentry"],"yoast_head":"<!-- This site is optimized with the Yoast SEO plugin v19.12 - https:\/\/yoast.com\/wordpress\/plugins\/seo\/ -->\n<title>L&#039;alop\u00e9cie androg\u00e9n\u00e9tique ou h\u00e9r\u00e9ditaire | Dr. Lopez Gil<\/title>\n<meta name=\"description\" content=\"Traitements efficaces pour arr\u00eater l&#039;alop\u00e9cie androg\u00e9n\u00e9tique ou h\u00e9r\u00e9ditaire. Dermatologue expert dans le traitement de la perte de cheveux, Barcelone,Teknon\" \/>\n<meta name=\"robots\" content=\"index, follow, max-snippet:-1, max-image-preview:large, max-video-preview:-1\" \/>\n<link rel=\"canonical\" href=\"https:\/\/www.lopezgil.com\/fr\/chute-de-cheveux\/alopecie-androgenetique-hereditaire\/\" \/>\n<meta property=\"og:locale\" content=\"fr_FR\" \/>\n<meta property=\"og:type\" content=\"article\" \/>\n<meta property=\"og:title\" content=\"L&#039;alop\u00e9cie androg\u00e9n\u00e9tique ou h\u00e9r\u00e9ditaire | Dr. Lopez Gil\" \/>\n<meta property=\"og:description\" content=\"Traitements efficaces pour arr\u00eater l&#039;alop\u00e9cie androg\u00e9n\u00e9tique ou h\u00e9r\u00e9ditaire. Dermatologue expert dans le traitement de la perte de cheveux, Barcelone,Teknon\" \/>\n<meta property=\"og:url\" content=\"https:\/\/www.lopezgil.com\/fr\/chute-de-cheveux\/alopecie-androgenetique-hereditaire\/\" \/>\n<meta property=\"og:site_name\" content=\"Dr. Lopez Gil\" \/>\n<meta property=\"article:modified_time\" content=\"2019-06-11T10:52:38+00:00\" \/>\n<meta property=\"og:image\" content=\"http:\/\/lopezgil.com\/wp-content\/uploads\/alopecia_androgenetica_masculina_escala_ludwig_evolucio_cabell_caiguda_dermatologia_dermatologo_drlopezgil_dermandtek_teknon_barcelona_andorra.jpg\" \/>\n<meta name=\"twitter:card\" content=\"summary_large_image\" \/>\n<meta name=\"twitter:label1\" content=\"Est. reading time\" \/>\n\t<meta name=\"twitter:data1\" content=\"4 minutes\" \/>\n<script type=\"application\/ld+json\" class=\"yoast-schema-graph\">{\"@context\":\"https:\/\/schema.org\",\"@graph\":[{\"@type\":\"WebPage\",\"@id\":\"https:\/\/www.lopezgil.com\/fr\/chute-de-cheveux\/alopecie-androgenetique-hereditaire\/\",\"url\":\"https:\/\/www.lopezgil.com\/fr\/chute-de-cheveux\/alopecie-androgenetique-hereditaire\/\",\"name\":\"L'alop\u00e9cie androg\u00e9n\u00e9tique ou h\u00e9r\u00e9ditaire | Dr. Lopez Gil\",\"isPartOf\":{\"@id\":\"https:\/\/www.lopezgil.com\/ca\/#website\"},\"datePublished\":\"2017-03-22T17:08:28+00:00\",\"dateModified\":\"2019-06-11T10:52:38+00:00\",\"description\":\"Traitements efficaces pour arr\u00eater l'alop\u00e9cie androg\u00e9n\u00e9tique ou h\u00e9r\u00e9ditaire. Dermatologue expert dans le traitement de la perte de cheveux, Barcelone,Teknon\",\"breadcrumb\":{\"@id\":\"https:\/\/www.lopezgil.com\/fr\/chute-de-cheveux\/alopecie-androgenetique-hereditaire\/#breadcrumb\"},\"inLanguage\":\"fr-FR\",\"potentialAction\":[{\"@type\":\"ReadAction\",\"target\":[\"https:\/\/www.lopezgil.com\/fr\/chute-de-cheveux\/alopecie-androgenetique-hereditaire\/\"]}]},{\"@type\":\"BreadcrumbList\",\"@id\":\"https:\/\/www.lopezgil.com\/fr\/chute-de-cheveux\/alopecie-androgenetique-hereditaire\/#breadcrumb\",\"itemListElement\":[{\"@type\":\"ListItem\",\"position\":1,\"name\":\"Portada\",\"item\":\"https:\/\/www.lopezgil.com\/fr\/\"},{\"@type\":\"ListItem\",\"position\":2,\"name\":\"Chute de cheveux\",\"item\":\"https:\/\/www.lopezgil.com\/fr\/chute-de-cheveux\/\"},{\"@type\":\"ListItem\",\"position\":3,\"name\":\"L&#8217;alop\u00e9cie androg\u00e9n\u00e9tique ou h\u00e9r\u00e9ditaire\"}]},{\"@type\":\"WebSite\",\"@id\":\"https:\/\/www.lopezgil.com\/ca\/#website\",\"url\":\"https:\/\/www.lopezgil.com\/ca\/\",\"name\":\"Dr. Lopez Gil\",\"description\":\"Dermat\u00f3logo Barcelona\",\"potentialAction\":[{\"@type\":\"SearchAction\",\"target\":{\"@type\":\"EntryPoint\",\"urlTemplate\":\"https:\/\/www.lopezgil.com\/ca\/?s={search_term_string}\"},\"query-input\":\"required name=search_term_string\"}],\"inLanguage\":\"fr-FR\"}]}<\/script>\n<!-- \/ Yoast SEO plugin. -->","yoast_head_json":{"title":"L'alop\u00e9cie androg\u00e9n\u00e9tique ou h\u00e9r\u00e9ditaire | Dr. Lopez Gil","description":"Traitements efficaces pour arr\u00eater l'alop\u00e9cie androg\u00e9n\u00e9tique ou h\u00e9r\u00e9ditaire. Dermatologue expert dans le traitement de la perte de cheveux, Barcelone,Teknon","robots":{"index":"index","follow":"follow","max-snippet":"max-snippet:-1","max-image-preview":"max-image-preview:large","max-video-preview":"max-video-preview:-1"},"canonical":"https:\/\/www.lopezgil.com\/fr\/chute-de-cheveux\/alopecie-androgenetique-hereditaire\/","og_locale":"fr_FR","og_type":"article","og_title":"L'alop\u00e9cie androg\u00e9n\u00e9tique ou h\u00e9r\u00e9ditaire | Dr. Lopez Gil","og_description":"Traitements efficaces pour arr\u00eater l'alop\u00e9cie androg\u00e9n\u00e9tique ou h\u00e9r\u00e9ditaire. Dermatologue expert dans le traitement de la perte de cheveux, Barcelone,Teknon","og_url":"https:\/\/www.lopezgil.com\/fr\/chute-de-cheveux\/alopecie-androgenetique-hereditaire\/","og_site_name":"Dr. Lopez Gil","article_modified_time":"2019-06-11T10:52:38+00:00","og_image":[{"url":"http:\/\/lopezgil.com\/wp-content\/uploads\/alopecia_androgenetica_masculina_escala_ludwig_evolucio_cabell_caiguda_dermatologia_dermatologo_drlopezgil_dermandtek_teknon_barcelona_andorra.jpg"}],"twitter_card":"summary_large_image","twitter_misc":{"Est. reading time":"4 minutes"},"schema":{"@context":"https:\/\/schema.org","@graph":[{"@type":"WebPage","@id":"https:\/\/www.lopezgil.com\/fr\/chute-de-cheveux\/alopecie-androgenetique-hereditaire\/","url":"https:\/\/www.lopezgil.com\/fr\/chute-de-cheveux\/alopecie-androgenetique-hereditaire\/","name":"L'alop\u00e9cie androg\u00e9n\u00e9tique ou h\u00e9r\u00e9ditaire | Dr. Lopez Gil","isPartOf":{"@id":"https:\/\/www.lopezgil.com\/ca\/#website"},"datePublished":"2017-03-22T17:08:28+00:00","dateModified":"2019-06-11T10:52:38+00:00","description":"Traitements efficaces pour arr\u00eater l'alop\u00e9cie androg\u00e9n\u00e9tique ou h\u00e9r\u00e9ditaire. Dermatologue expert dans le traitement de la perte de cheveux, Barcelone,Teknon","breadcrumb":{"@id":"https:\/\/www.lopezgil.com\/fr\/chute-de-cheveux\/alopecie-androgenetique-hereditaire\/#breadcrumb"},"inLanguage":"fr-FR","potentialAction":[{"@type":"ReadAction","target":["https:\/\/www.lopezgil.com\/fr\/chute-de-cheveux\/alopecie-androgenetique-hereditaire\/"]}]},{"@type":"BreadcrumbList","@id":"https:\/\/www.lopezgil.com\/fr\/chute-de-cheveux\/alopecie-androgenetique-hereditaire\/#breadcrumb","itemListElement":[{"@type":"ListItem","position":1,"name":"Portada","item":"https:\/\/www.lopezgil.com\/fr\/"},{"@type":"ListItem","position":2,"name":"Chute de cheveux","item":"https:\/\/www.lopezgil.com\/fr\/chute-de-cheveux\/"},{"@type":"ListItem","position":3,"name":"L&#8217;alop\u00e9cie androg\u00e9n\u00e9tique ou h\u00e9r\u00e9ditaire"}]},{"@type":"WebSite","@id":"https:\/\/www.lopezgil.com\/ca\/#website","url":"https:\/\/www.lopezgil.com\/ca\/","name":"Dr. Lopez Gil","description":"Dermat\u00f3logo Barcelona","potentialAction":[{"@type":"SearchAction","target":{"@type":"EntryPoint","urlTemplate":"https:\/\/www.lopezgil.com\/ca\/?s={search_term_string}"},"query-input":"required name=search_term_string"}],"inLanguage":"fr-FR"}]}},"_links":{"self":[{"href":"https:\/\/www.lopezgil.com\/fr\/wp-json\/wp\/v2\/pages\/1579","targetHints":{"allow":["GET"]}}],"collection":[{"href":"https:\/\/www.lopezgil.com\/fr\/wp-json\/wp\/v2\/pages"}],"about":[{"href":"https:\/\/www.lopezgil.com\/fr\/wp-json\/wp\/v2\/types\/page"}],"author":[{"embeddable":true,"href":"https:\/\/www.lopezgil.com\/fr\/wp-json\/wp\/v2\/users\/5"}],"replies":[{"embeddable":true,"href":"https:\/\/www.lopezgil.com\/fr\/wp-json\/wp\/v2\/comments?post=1579"}],"version-history":[{"count":9,"href":"https:\/\/www.lopezgil.com\/fr\/wp-json\/wp\/v2\/pages\/1579\/revisions"}],"predecessor-version":[{"id":4378,"href":"https:\/\/www.lopezgil.com\/fr\/wp-json\/wp\/v2\/pages\/1579\/revisions\/4378"}],"up":[{"embeddable":true,"href":"https:\/\/www.lopezgil.com\/fr\/wp-json\/wp\/v2\/pages\/1696"}],"wp:attachment":[{"href":"https:\/\/www.lopezgil.com\/fr\/wp-json\/wp\/v2\/media?parent=1579"}],"curies":[{"name":"wp","href":"https:\/\/api.w.org\/{rel}","templated":true}]}}