{"id":1564,"date":"2017-03-20T07:00:28","date_gmt":"2017-03-20T07:00:28","guid":{"rendered":"http:\/\/lopezgil.com\/enconstruccion\/?page_id=1564"},"modified":"2019-12-05T22:17:21","modified_gmt":"2019-12-05T22:17:21","slug":"psoriasis","status":"publish","type":"page","link":"https:\/\/www.lopezgil.com\/fr\/dermatologie-clinique\/psoriasis\/","title":{"rendered":"Psoriasis"},"content":{"rendered":"<div id=\"fb-root\"><\/div>\n<p style=\"text-align: justify;\">[vc_row][vc_column][vc_row_inner][vc_column_inner]<script type=\"text\/javascript\">jQuery(function() { _initLayerSlider( '#layerslider_13_84apthzsf686', {sliderVersion: '', responsiveUnder: 0, layersContainer: 0, hideUnder: 0, hideOver: 100000, pauseOnHover: 1, skin: 'v5', sliderFadeInDuration: 350, useSrcset: true, skinsPath: 'https:\/\/www.lopezgil.com\/wp-content\/plugins\/LayerSlider\/assets\/static\/layerslider\/skins\/', type: 'responsive', showCircleTimer: false, performanceMode: true}); });<\/script><div id=\"layerslider_13_84apthzsf686\" class=\"ls-wp-container fitvidsignore\" style=\"width:600px;height:200px;margin:0 auto;margin-bottom: 0px;\"><div class=\"ls-slide\" data-ls=\"duration:4000;\"><img loading=\"lazy\" decoding=\"async\" width=\"600\" height=\"200\" src=\"https:\/\/www.lopezgil.com\/wp-content\/uploads\/drlopezgil_dermatologia_barcelona_600x200_psoriasis.jpg\" class=\"ls-bg\" alt=\"drlopezgil_dermatologia_barcelona_600x200_psoriasis\" srcset=\"https:\/\/www.lopezgil.com\/wp-content\/uploads\/drlopezgil_dermatologia_barcelona_600x200_psoriasis.jpg 600w, https:\/\/www.lopezgil.com\/wp-content\/uploads\/drlopezgil_dermatologia_barcelona_600x200_psoriasis-300x100.jpg 300w\" sizes=\"auto, (max-width: 600px) 100vw, 600px\" \/><\/div><\/div>[\/vc_column_inner][\/vc_row_inner][\/vc_column][\/vc_row][vc_row][vc_column width=&#8221;3\/4&#8243; css=&#8221;.vc_custom_1473066092346{margin-top: 0px !important;}&#8221;][vc_column_text css=&#8221;.vc_custom_1473066053815{margin-top: 0px !important;}&#8221;]\n<h2 style=\"text-align: justify;\"><span style=\"color: #75c9d3;\">Quel est le psoriasis?<\/span><\/h2>\n<p style=\"text-align: justify;\">Le psoriasis est une maladie inflammatoire chronique de la peau qui provoque la desquamation et l&#8217;inflammation. Il est tr\u00e8s variable entre les patients et \u00e9volue g\u00e9n\u00e9ralement entre p\u00e9riodes de stabilit\u00e9 et d&#8217;autres p\u00e9riodes de rechutes dans toute la vie. Chaque personne poss\u00e8de un type sp\u00e9cifique et unique du psoriasis, que ce soit pour l&#8217;emplacement et le type de l\u00e9sion ou par l&#8217;interaction entre la maladie et la personne, car le degr\u00e9 d&#8217;impact que la maladie a sur chaque personne est diff\u00e9rent.<\/p>\n<h2 style=\"text-align: justify;\"><span style=\"color: #75c9d3;\"><strong>Qui le psoriasis affecte-t-il?<\/strong><\/span><\/h2>\n<p style=\"text-align: justify;\">Le psoriasis est certainement la maladie de la peau le plus fr\u00e9quent et populaire avec une pr\u00e9valence de 2-3% de la population. Il est plus fr\u00e9quent entre 15 et 35 ans, soit vers 50-60 ans, mais peut affecter tout \u00e2ge. Empi\u00e8te \u00e9galement aux hommes que les femmes.<\/p>\n<h2 style=\"text-align: justify;\"><span style=\"color: #75c9d3;\"><strong>Symptomatologie<\/strong><\/span><\/h2>\n<p style=\"text-align: justify;\">Il est une maladie chronique de la peau qui en d\u00e9pit de ne pas \u00eatre une pathologie grave, il a un r\u00f4le tr\u00e8s important dans la qualit\u00e9 de vie de la personne concern\u00e9e. Il peut appara\u00eetre lentement ou soudainement, aussi bien que dispara\u00eetre pendant un certain temps et revenir \u00e0 appara\u00eetre. La plupart du temps, il se caract\u00e9rise par l&#8217;apparition de plaques eritematoescatoses et hiperquerat\u00f2siques (avec des rougeurs et des cro\u00fbtes) de diff\u00e9rentes formes et tailles en fonction du patient. Elles apparaissent g\u00e9n\u00e9ralement sur les coudes, les genoux et le cuir chevelu. Bien que le psoriasis affecte habituellement seulement la peau, il y a une certaine<\/p>\n<p style=\"text-align: justify;\">D&#8217;autres sympt\u00f4mes moins fr\u00e9quents que les plaques sont:<\/p>\n<ul style=\"text-align: justify;\">\n<li>Douleur<\/li>\n<li>L\u00e9sions g\u00e9nitales chez les hommes<\/li>\n<li>L\u00e9sions des ongles<\/li>\n<li>Pellicules<\/li>\n<\/ul>\n<h2 style=\"text-align: justify;\"><span style=\"color: #75c9d3;\"><strong>Cause<\/strong><\/span><\/h2>\n<p style=\"text-align: justify;\">Bien que l&#8217;origine sp\u00e9cifique de la maladie soit inconnue, s&#8217;il est \u00e9vident que les processus inflammatoires sont dus \u00e0 une r\u00e9ponse immunitaire anormale caus\u00e9e par une activation inappropri\u00e9e des lymphocytes T. Cette activation provoque \u00e9galement que le processus de renouvellement cellulaire se produit trop rapidement.<\/p>\n<p style=\"text-align: justify;\">Normalement, le processus de renouvellement cellulaire prend environ un mois, alors que chez les personnes atteintes de psoriasis, ce processus prend environ quatre jours. Cela provoque de nouvelles cellules augmentent trop vite et s&#8217;accumulent sur la surface, provoquant l&#8217;apparition de plaques.<\/p>\n<p style=\"text-align: justify;\"><strong><img loading=\"lazy\" decoding=\"async\" class=\"aligncenter wp-image-1262 size-medium\" src=\"http:\/\/lopezgil.com\/wp-content\/uploads\/psoriasis-dr-lopez-gil-dermatologo-barcelona-300x218.png\" alt=\"psoriasis-dr-lopez-gil-dermatologo-barcelona\" width=\"300\" height=\"218\" srcset=\"https:\/\/www.lopezgil.com\/wp-content\/uploads\/psoriasis-dr-lopez-gil-dermatologo-barcelona-300x218.png 300w, https:\/\/www.lopezgil.com\/wp-content\/uploads\/psoriasis-dr-lopez-gil-dermatologo-barcelona.png 859w\" sizes=\"auto, (max-width: 300px) 100vw, 300px\" \/>\u00a0<\/strong><\/p>\n<p style=\"text-align: justify;\">Il est \u00e9galement connu que c&#8217;est une maladie g\u00e9n\u00e9tique et h\u00e9r\u00e9ditaire. Cela ne signifie pas que la pr\u00e9sence de psoriasis chez une personne justifie que ses descendants la souffriront \u00e9galement. On peut h\u00e9riter l&#8217;alt\u00e9ration g\u00e9n\u00e9tique, mais ne d\u00e9velopper pas la maladie, parce qu&#8217;aussi interviennent facteurs exog\u00e8nes dans leur apparence.<\/p>\n<p style=\"text-align: justify;\">Les facteurs exog\u00e8nes qui peuvent aggraver la peau des personnes atteintes de psoriasis sont:<\/p>\n<ul style=\"text-align: justify;\">\n<li>Infections chroniques<\/li>\n<li>Stress<\/li>\n<li>Climat sec<\/li>\n<li>Ob\u00e9sit\u00e9<\/li>\n<li>Consommation d&#8217;alcool<\/li>\n<li>Certains m\u00e9dicaments<\/li>\n<li>Changements hormonaux<\/li>\n<\/ul>\n<h2 style=\"text-align: justify;\"><span style=\"color: #75c9d3;\"><strong>Types<\/strong><\/span><strong>\u00a0 \u00a0 \u00a0 \u00a0\u00a0<\/strong><\/h2>\n<p style=\"text-align: justify;\">Nous pouvons trouver diff\u00e9rentes classifications selon la gravit\u00e9, la forme et la structure des \u00e9chelles.<\/p>\n<p style=\"text-align: justify;\"><u>En fonction de la gravit\u00e9:<\/u><\/p>\n<ul style=\"text-align: justify;\">\n<li><em>Psoriasis l\u00e9ger: <\/em>les plaques sont g\u00e9n\u00e9ralement isol\u00e9es et couvrent 2% ou moins de tout le corps. Le traitement qui est souvent utilis\u00e9 est de voie topique.<\/li>\n<li><em>Psoriasis mod\u00e9r\u00e9e:<\/em> il couvre entre le 2-10% du corps et on utilise des traitements topiques et la phototh\u00e9rapie.<\/li>\n<li><em>Psoriasis s\u00e9rieuse:<\/em> cette maladie couvre plus de 10% et est habituellement trait\u00e9e avec des m\u00e9dicaments par voie orale et phototh\u00e9rapie.<\/li>\n<\/ul>\n<p style=\"text-align: justify;\"><u>Selon la forme et le sch\u00e9ma des squames:<\/u><\/p>\n<ul style=\"text-align: justify;\">\n<li><em>Psoriasis en plaques o vulgaris: <\/em>il est la forme la plus courante (80% des cas). Les \u00e9chelles sont form\u00e9es par les cellules mortes qui se d\u00e9coulent de la plaque. D&#8217;autres sympt\u00f4mes qui peuvent se produire sont la douleur, les d\u00e9mangeaisons et des fissures dans la peau.<\/li>\n<\/ul>\n<ul style=\"text-align: justify;\">\n<li><em>Psoriasis guttata ou en gouttes: <\/em>g\u00e9n\u00e9ralement, il appara\u00eet pendant l&#8217;enfance et se manifeste par l&#8217;apparition de petites gouttes rouges sur le tronc et les membres et parfois sur le cuir chevelu.<\/li>\n<\/ul>\n<ul style=\"text-align: justify;\">\n<li><em>Psoriasis invers\u00e9 (dans les plis): il est caract\u00e9ris\u00e9 par ne pr\u00e9senter pas des \u00e9chelles, mais, au contraire, pr\u00e9sente de la rougeur et du gonflement de la peau. Les personnes ob\u00e8ses sont plus susceptibles de le souffrir comme il est particuli\u00e8rement susceptible de se produire \u00e0 la suite de la friction et de la sueur.<\/em> Il appara\u00eet habituellement dans les aisselles, l\u2019aine, sous les seins et dans les plis des organes g\u00e9nitaux et les fesses.<\/li>\n<\/ul>\n<ul style=\"text-align: justify;\">\n<li><em>Psoriasis \u00e9rythrodermique: Il est caract\u00e9ris\u00e9 par un rougissement de la peau tr\u00e8s forte et agressive qui affecte g\u00e9n\u00e9ralement la majeure partie du corps.<\/em> Il est une maladie inflammatoire et rare.<\/li>\n<\/ul>\n<ul style=\"text-align: justify;\">\n<li><em>Psoriasis pustuleuse g\u00e9n\u00e9ralis\u00e9e ou de Von Zumbusch:<\/em> <em>tr\u00e8s rare et se manifeste par l&#8217;apparition de zones rouges dans les grandes zones qui provoquent des douleurs et des pustules. <\/em>Lorsque ces pustules se dess\u00e8chent, de nouveau se reproduisent d&#8217;une fa\u00e7on cyclique.<\/li>\n<\/ul>\n<ul style=\"text-align: justify;\">\n<li><em>Psoriasis pustuleuse localis\u00e9e:<\/em> les pustules seulement apparaissent sur les mains et les pieds.<\/li>\n<\/ul>\n<ul style=\"text-align: justify;\">\n<li><em>Acropustulose:<\/em> les l\u00e9sions sont situ\u00e9es dans les bouts des doigts et parfois dans les pieds. Ils peuvent devenir tr\u00e8s douloureux.<\/li>\n<\/ul>\n<h2 style=\"text-align: justify;\"><span style=\"color: #75c9d3;\"><strong>Traitement du <\/strong><\/span><span style=\"color: #75c9d3;\"><strong>psoriasis<\/strong><\/span><\/h2>\n<p style=\"text-align: justify;\">Bien que toujours \u00e9t\u00e9 consid\u00e9r\u00e9 comme une maladie exclusivement de la peau, il est maintenant connu que les ph\u00e9nom\u00e8nes inflammatoires qui conduisent \u00e0 l&#8217;apparition de plaques psoriasiques facilitent la pr\u00e9sence d&#8217;autres maladies syst\u00e9miques (comorbidit\u00e9s).<\/p>\n<p style=\"text-align: justify;\">Il est pour cette raison, qu&#8217;il est tr\u00e8s important le diagnostic pr\u00e9coce du psoriasis et la surveillance de routine d&#8217;autres maladies qui coexistent chez le patient. La pr\u00e9sence de cette comorbidit\u00e9 d\u00e9termine souvent le traitement \u00e0 \u00eatre prescrit pour traiter le psoriasis et le pronostic global du patient.<\/p>\n<p style=\"text-align: justify;\">Souvent, on recommande l&#8217;utilisation de pr\u00e9parations topiques et dans le cas de psoriasis s\u00e9v\u00e8re sont souvent coadministr\u00e9s des m\u00e9dicaments oraux. Pourtant, Il convient de noter qu&#8217;il est fr\u00e9quent que le psoriasis affecte une grande partie du corps ou avoir un cours chronique, ce qui d\u00e9courage l&#8217;utilisation de ces m\u00e9dicaments pour leurs effets n\u00e9fastes. Pour cette raison, est particuli\u00e8rement utile le traiter par phototh\u00e9rapie, ce qui implique l&#8217;application du type de rayonnement ultraviolet A et\/ou B.<\/p>\n<h2 style=\"text-align: justify;\"><span style=\"color: #75c9d3;\"><strong>Arthrite psoriasique<\/strong><\/span><\/h2>\n<p style=\"text-align: justify;\">Il affecte 10 \u00e0 30% des patients atteints de psoriasis. Elle est caract\u00e9ris\u00e9e par une inflammation chronique des articulations, avec une rougeur, de la douleur et du gonflement. Il peut appara\u00eetre \u00e0 tout moment mais appara\u00eet g\u00e9n\u00e9ralement entre 30 et 50 ans.<\/p>\n<p style=\"text-align: justify;\">Principalement, il affecte les doigts et les orteils, les poignets, la colonne lombaire, le sacrum et les genoux. Il est tr\u00e8s important d&#8217;attraper cette maladie pr\u00e9coce pour pr\u00e9venir les complications.<\/p>\n","protected":false},"excerpt":{"rendered":"<p>[vc_row][vc_column][vc_row_inner][vc_column_inner][\/vc_column_inner][\/vc_row_inner][\/vc_column][\/vc_row][vc_row][vc_column width=&#8221;3\/4&#8243; css=&#8221;.vc_custom_1473066092346{margin-top: 0px !important;}&#8221;][vc_column_text css=&#8221;.vc_custom_1473066053815{margin-top: 0px !important;}&#8221;] Quel est le psoriasis? Le psoriasis est une maladie inflammatoire chronique de la peau qui provoque la desquamation et l&#8217;inflammation. Il est tr\u00e8s variable entre les patients et \u00e9volue g\u00e9n\u00e9ralement entre p\u00e9riodes de stabilit\u00e9 et d&#8217;autres p\u00e9riodes de rechutes dans toute la vie. Chaque personne poss\u00e8de un [&hellip;]<\/p>\n","protected":false},"author":5,"featured_media":0,"parent":1429,"menu_order":3,"comment_status":"closed","ping_status":"closed","template":"soulmedic\/tpl-feature.php","meta":{"footnotes":""},"class_list":["post-1564","page","type-page","status-publish","hentry"],"yoast_head":"<!-- This site is optimized with the Yoast SEO plugin v19.12 - https:\/\/yoast.com\/wordpress\/plugins\/seo\/ -->\n<title>Psoriasis | Dr. Lopez Gil<\/title>\n<meta name=\"description\" content=\"Le psoriasis est une maladie cutan\u00e9e inflammatoire chronique qui provoque une desquamation et une inflammation. Nos dermatologues appliquent le meilleur traitement.\" \/>\n<meta name=\"robots\" content=\"index, follow, max-snippet:-1, max-image-preview:large, max-video-preview:-1\" \/>\n<link rel=\"canonical\" href=\"https:\/\/www.lopezgil.com\/fr\/dermatologie-clinique\/psoriasis\/\" \/>\n<meta property=\"og:locale\" content=\"fr_FR\" \/>\n<meta property=\"og:type\" content=\"article\" \/>\n<meta property=\"og:title\" content=\"Psoriasis | Dr. Lopez Gil\" \/>\n<meta property=\"og:description\" content=\"Le psoriasis est une maladie cutan\u00e9e inflammatoire chronique qui provoque une desquamation et une inflammation. Nos dermatologues appliquent le meilleur traitement.\" \/>\n<meta property=\"og:url\" content=\"https:\/\/www.lopezgil.com\/fr\/dermatologie-clinique\/psoriasis\/\" \/>\n<meta property=\"og:site_name\" content=\"Dr. Lopez Gil\" \/>\n<meta property=\"article:modified_time\" content=\"2019-12-05T22:17:21+00:00\" \/>\n<meta property=\"og:image\" content=\"http:\/\/lopezgil.com\/wp-content\/uploads\/psoriasis-dr-lopez-gil-dermatologo-barcelona-300x218.png\" \/>\n<meta name=\"twitter:card\" content=\"summary_large_image\" \/>\n<meta name=\"twitter:label1\" content=\"Est. reading time\" \/>\n\t<meta name=\"twitter:data1\" content=\"6 minutes\" \/>\n<script type=\"application\/ld+json\" class=\"yoast-schema-graph\">{\"@context\":\"https:\/\/schema.org\",\"@graph\":[{\"@type\":\"WebPage\",\"@id\":\"https:\/\/www.lopezgil.com\/fr\/dermatologie-clinique\/psoriasis\/\",\"url\":\"https:\/\/www.lopezgil.com\/fr\/dermatologie-clinique\/psoriasis\/\",\"name\":\"Psoriasis | Dr. Lopez Gil\",\"isPartOf\":{\"@id\":\"https:\/\/www.lopezgil.com\/ca\/#website\"},\"datePublished\":\"2017-03-20T07:00:28+00:00\",\"dateModified\":\"2019-12-05T22:17:21+00:00\",\"description\":\"Le psoriasis est une maladie cutan\u00e9e inflammatoire chronique qui provoque une desquamation et une inflammation. Nos dermatologues appliquent le meilleur traitement.\",\"breadcrumb\":{\"@id\":\"https:\/\/www.lopezgil.com\/fr\/dermatologie-clinique\/psoriasis\/#breadcrumb\"},\"inLanguage\":\"fr-FR\",\"potentialAction\":[{\"@type\":\"ReadAction\",\"target\":[\"https:\/\/www.lopezgil.com\/fr\/dermatologie-clinique\/psoriasis\/\"]}]},{\"@type\":\"BreadcrumbList\",\"@id\":\"https:\/\/www.lopezgil.com\/fr\/dermatologie-clinique\/psoriasis\/#breadcrumb\",\"itemListElement\":[{\"@type\":\"ListItem\",\"position\":1,\"name\":\"Portada\",\"item\":\"https:\/\/www.lopezgil.com\/fr\/\"},{\"@type\":\"ListItem\",\"position\":2,\"name\":\"Dermatologie clinique\",\"item\":\"https:\/\/www.lopezgil.com\/fr\/dermatologie-clinique\/\"},{\"@type\":\"ListItem\",\"position\":3,\"name\":\"Psoriasis\"}]},{\"@type\":\"WebSite\",\"@id\":\"https:\/\/www.lopezgil.com\/ca\/#website\",\"url\":\"https:\/\/www.lopezgil.com\/ca\/\",\"name\":\"Dr. Lopez Gil\",\"description\":\"Dermat\u00f3logo Barcelona\",\"potentialAction\":[{\"@type\":\"SearchAction\",\"target\":{\"@type\":\"EntryPoint\",\"urlTemplate\":\"https:\/\/www.lopezgil.com\/ca\/?s={search_term_string}\"},\"query-input\":\"required name=search_term_string\"}],\"inLanguage\":\"fr-FR\"}]}<\/script>\n<!-- \/ Yoast SEO plugin. -->","yoast_head_json":{"title":"Psoriasis | Dr. Lopez Gil","description":"Le psoriasis est une maladie cutan\u00e9e inflammatoire chronique qui provoque une desquamation et une inflammation. Nos dermatologues appliquent le meilleur traitement.","robots":{"index":"index","follow":"follow","max-snippet":"max-snippet:-1","max-image-preview":"max-image-preview:large","max-video-preview":"max-video-preview:-1"},"canonical":"https:\/\/www.lopezgil.com\/fr\/dermatologie-clinique\/psoriasis\/","og_locale":"fr_FR","og_type":"article","og_title":"Psoriasis | Dr. Lopez Gil","og_description":"Le psoriasis est une maladie cutan\u00e9e inflammatoire chronique qui provoque une desquamation et une inflammation. Nos dermatologues appliquent le meilleur traitement.","og_url":"https:\/\/www.lopezgil.com\/fr\/dermatologie-clinique\/psoriasis\/","og_site_name":"Dr. Lopez Gil","article_modified_time":"2019-12-05T22:17:21+00:00","og_image":[{"url":"http:\/\/lopezgil.com\/wp-content\/uploads\/psoriasis-dr-lopez-gil-dermatologo-barcelona-300x218.png"}],"twitter_card":"summary_large_image","twitter_misc":{"Est. reading time":"6 minutes"},"schema":{"@context":"https:\/\/schema.org","@graph":[{"@type":"WebPage","@id":"https:\/\/www.lopezgil.com\/fr\/dermatologie-clinique\/psoriasis\/","url":"https:\/\/www.lopezgil.com\/fr\/dermatologie-clinique\/psoriasis\/","name":"Psoriasis | Dr. Lopez Gil","isPartOf":{"@id":"https:\/\/www.lopezgil.com\/ca\/#website"},"datePublished":"2017-03-20T07:00:28+00:00","dateModified":"2019-12-05T22:17:21+00:00","description":"Le psoriasis est une maladie cutan\u00e9e inflammatoire chronique qui provoque une desquamation et une inflammation. Nos dermatologues appliquent le meilleur traitement.","breadcrumb":{"@id":"https:\/\/www.lopezgil.com\/fr\/dermatologie-clinique\/psoriasis\/#breadcrumb"},"inLanguage":"fr-FR","potentialAction":[{"@type":"ReadAction","target":["https:\/\/www.lopezgil.com\/fr\/dermatologie-clinique\/psoriasis\/"]}]},{"@type":"BreadcrumbList","@id":"https:\/\/www.lopezgil.com\/fr\/dermatologie-clinique\/psoriasis\/#breadcrumb","itemListElement":[{"@type":"ListItem","position":1,"name":"Portada","item":"https:\/\/www.lopezgil.com\/fr\/"},{"@type":"ListItem","position":2,"name":"Dermatologie clinique","item":"https:\/\/www.lopezgil.com\/fr\/dermatologie-clinique\/"},{"@type":"ListItem","position":3,"name":"Psoriasis"}]},{"@type":"WebSite","@id":"https:\/\/www.lopezgil.com\/ca\/#website","url":"https:\/\/www.lopezgil.com\/ca\/","name":"Dr. Lopez Gil","description":"Dermat\u00f3logo Barcelona","potentialAction":[{"@type":"SearchAction","target":{"@type":"EntryPoint","urlTemplate":"https:\/\/www.lopezgil.com\/ca\/?s={search_term_string}"},"query-input":"required name=search_term_string"}],"inLanguage":"fr-FR"}]}},"_links":{"self":[{"href":"https:\/\/www.lopezgil.com\/fr\/wp-json\/wp\/v2\/pages\/1564","targetHints":{"allow":["GET"]}}],"collection":[{"href":"https:\/\/www.lopezgil.com\/fr\/wp-json\/wp\/v2\/pages"}],"about":[{"href":"https:\/\/www.lopezgil.com\/fr\/wp-json\/wp\/v2\/types\/page"}],"author":[{"embeddable":true,"href":"https:\/\/www.lopezgil.com\/fr\/wp-json\/wp\/v2\/users\/5"}],"replies":[{"embeddable":true,"href":"https:\/\/www.lopezgil.com\/fr\/wp-json\/wp\/v2\/comments?post=1564"}],"version-history":[{"count":3,"href":"https:\/\/www.lopezgil.com\/fr\/wp-json\/wp\/v2\/pages\/1564\/revisions"}],"predecessor-version":[{"id":4780,"href":"https:\/\/www.lopezgil.com\/fr\/wp-json\/wp\/v2\/pages\/1564\/revisions\/4780"}],"up":[{"embeddable":true,"href":"https:\/\/www.lopezgil.com\/fr\/wp-json\/wp\/v2\/pages\/1429"}],"wp:attachment":[{"href":"https:\/\/www.lopezgil.com\/fr\/wp-json\/wp\/v2\/media?parent=1564"}],"curies":[{"name":"wp","href":"https:\/\/api.w.org\/{rel}","templated":true}]}}