{"id":1436,"date":"2016-12-14T20:02:01","date_gmt":"2016-12-14T20:02:01","guid":{"rendered":"http:\/\/lopezgil.com\/enconstruccion\/index.php\/dermatologie-clinique\/mycose-cutanee-champignons-2\/"},"modified":"2019-12-06T00:59:44","modified_gmt":"2019-12-06T00:59:44","slug":"mycose-cutanee-champignons","status":"publish","type":"page","link":"https:\/\/www.lopezgil.com\/fr\/dermatologie-clinique\/mycose-cutanee-champignons\/","title":{"rendered":"Mycose cutan\u00e9e \u2013 champignons"},"content":{"rendered":"<div id=\"fb-root\"><\/div>\n<p style=\"text-align: justify;\">[vc_row][vc_column width=&#8221;4\/4&#8243;][layerslider_vc id=&#8221;37&#8243;][vc_row_inner][vc_column_inner][vc_column_text]\n<p style=\"text-align: justify;\">[\/vc_column_text][vc_column_text]\n<h2 style=\"text-align: justify;\"><span style=\"color: #75c9d3;\"><strong><strong>Que sont les\u00a0<\/strong><\/strong><\/span><span style=\"color: #75c9d3;\"><strong>champignons<\/strong><\/span><span style=\"color: #75c9d3;\"><strong><strong>?<\/strong><\/strong><br \/>\n<\/span><\/h2>\n<p style=\"text-align: justify;\">La mycose cutan\u00e9e est une infection caus\u00e9e par des champignons qui vivent sur la partie la plus superficielle de la peau, les ongles et \/ ou les cheveux. Les zones du corps les plus touch\u00e9es par cet organisme sont les zones les plus humides telles que les zones intimes, le cuir chevelu, les orteils, les aisselles ou les ongles, mais peuvent affecter toute partie du corps.<\/p>\n<h2 style=\"text-align: justify;\"><span style=\"color: #75c9d3;\"><strong>Qui est concern\u00e9?<\/strong><\/span><\/h2>\n<p style=\"text-align: justify;\">Elle peut affecter \u00e0 la fois aux adultes et aux enfants.<\/p>\n<h2 style=\"text-align: justify;\"><span style=\"color: #75c9d3;\"><strong>Symptomatologie<\/strong><\/span><\/h2>\n<p style=\"text-align: justify;\">Les sympt\u00f4mes les plus communs dans ces cas sont des taches blanches ou rouges, de l&#8217;\u00e9caillage et les d\u00e9mangeaisons doux.<\/p>\n<h2 style=\"text-align: justify;\"><span style=\"color: #75c9d3;\"><strong>Causes<\/strong><\/span><\/h2>\n<p style=\"text-align: justify;\">L&#8217;humidit\u00e9 et les temp\u00e9ratures \u00e9lev\u00e9es favorisent la prolif\u00e9ration des champignons. The source of contamination may come from another human, from an animal vector or from contact with the earth.<\/p>\n<h2 style=\"text-align: justify;\"><span style=\"color: #75c9d3;\"><strong>Types du champignons<\/strong><\/span><\/h2>\n<p style=\"text-align: justify;\">Selon le champignon responsable de la mycose de la peau, il y a des diff\u00e9rents types d&#8217;infection:<\/p>\n<ul style=\"text-align: justify;\">\n<li><em>Candidose: ce type d&#8217;infection est caus\u00e9 par le champignon Candida et affecte la peau, les ongles et les muqueuses.<\/em> La chaleur, l&#8217;humidit\u00e9 ou le syst\u00e8me immunitaire d\u00e9prim\u00e9 sont les facteurs qui la font appara\u00eetre. Dans la plupart des cas, il est le champignon responsable de l&#8217;\u00e9ryth\u00e8me fessier. On doit accorder une attention particuli\u00e8re pendant la grossesse, chez les personnes ob\u00e8ses, diab\u00e9tiques ou chez les personnes \u00e2g\u00e9es.<\/li>\n<\/ul>\n<ul style=\"text-align: justify;\">\n<li><em>Dermatophytes (teigne):<\/em> Elle est l&#8217;une des infections caus\u00e9e par champignons des plus ennuyeux, d\u00e9sagr\u00e9able et contagieuse. Les parties du corps qui sont les plus touch\u00e9s sont: les pieds (pied d&#8217;athl\u00e8te), le tronc, les ongles, le visage, le cuir chevelu et la r\u00e9gion g\u00e9nitale. La teigne est transmise par contact direct et est tr\u00e8s r\u00e9sistante. Des chaussures ferm\u00e9es, une mauvaise hygi\u00e8ne ou des blessures dans la peau sont les possibles facteurs qui d\u00e9clenchent cette infection. Elle se caract\u00e9rise par avoir les connues comme macules, taches qui causent une d\u00e9pigmentation de la peau.<\/li>\n<\/ul>\n<ul style=\"text-align: justify;\">\n<li><em>Pityriasis versicolor:<\/em> est une infection chronique, le plus souvent asymptomatique caus\u00e9e par le champignon appel\u00e9 Malasezzia. Elle affecte principalement pendant la pubert\u00e9. Cliniquement, la pityriasis versicolor se manifeste comme macules (taches) arrondies de couleur blanc, brun\u00e2tre et \/ ou rose. Elle n&#8217;est pas contagieuse ou g\u00eanante, bien que certains patients ont des d\u00e9mangeaisons.<\/li>\n<\/ul>\n<h2 style=\"text-align: justify;\"><span style=\"color: #75c9d3;\"><strong>Traitement du champignons \u00e0 Barcelone<\/strong><\/span><\/h2>\n<p style=\"text-align: justify;\">Dans ces cas, on utilise des antifongiques. Le m\u00e9dicament variera en fonction de la zone concern\u00e9e et le type d&#8217;infection.<\/p>\n<p style=\"text-align: justify;\">\n","protected":false},"excerpt":{"rendered":"<p>[vc_row][vc_column width=&#8221;4\/4&#8243;][layerslider_vc id=&#8221;37&#8243;][vc_row_inner][vc_column_inner][vc_column_text] [\/vc_column_text][vc_column_text] Que sont les\u00a0champignons? La mycose cutan\u00e9e est une infection caus\u00e9e par des champignons qui vivent sur la partie la plus superficielle de la peau, les ongles et \/ ou les cheveux. Les zones du corps les plus touch\u00e9es par cet organisme sont les zones les plus humides telles que les zones [&hellip;]<\/p>\n","protected":false},"author":5,"featured_media":0,"parent":1429,"menu_order":8,"comment_status":"closed","ping_status":"closed","template":"","meta":{"footnotes":""},"class_list":["post-1436","page","type-page","status-publish","hentry"],"yoast_head":"<!-- This site is optimized with the Yoast SEO plugin v19.12 - https:\/\/yoast.com\/wordpress\/plugins\/seo\/ -->\n<title>Mycose cutan\u00e9e \u2013 champignons | Dr. Lopez Gil Cl\u00ednica Teknon Barcelona<\/title>\n<meta name=\"description\" content=\"Sont des infections caus\u00e9es par des champignons qui vivent sur la partie la plus superficielle de la peau, des ongles et des cheveux\" \/>\n<meta name=\"robots\" content=\"index, follow, max-snippet:-1, max-image-preview:large, max-video-preview:-1\" \/>\n<link rel=\"canonical\" href=\"https:\/\/www.lopezgil.com\/fr\/dermatologie-clinique\/mycose-cutanee-champignons\/\" \/>\n<meta property=\"og:locale\" content=\"fr_FR\" \/>\n<meta property=\"og:type\" content=\"article\" \/>\n<meta property=\"og:title\" content=\"Mycose cutan\u00e9e \u2013 champignons | Dr. Lopez Gil Cl\u00ednica Teknon Barcelona\" \/>\n<meta property=\"og:description\" content=\"Sont des infections caus\u00e9es par des champignons qui vivent sur la partie la plus superficielle de la peau, des ongles et des cheveux\" \/>\n<meta property=\"og:url\" content=\"https:\/\/www.lopezgil.com\/fr\/dermatologie-clinique\/mycose-cutanee-champignons\/\" \/>\n<meta property=\"og:site_name\" content=\"Dr. Lopez Gil\" \/>\n<meta property=\"article:modified_time\" content=\"2019-12-06T00:59:44+00:00\" \/>\n<meta name=\"twitter:card\" content=\"summary_large_image\" \/>\n<meta name=\"twitter:label1\" content=\"Est. reading time\" \/>\n\t<meta name=\"twitter:data1\" content=\"2 minutes\" \/>\n<script type=\"application\/ld+json\" class=\"yoast-schema-graph\">{\"@context\":\"https:\/\/schema.org\",\"@graph\":[{\"@type\":\"WebPage\",\"@id\":\"https:\/\/www.lopezgil.com\/fr\/dermatologie-clinique\/mycose-cutanee-champignons\/\",\"url\":\"https:\/\/www.lopezgil.com\/fr\/dermatologie-clinique\/mycose-cutanee-champignons\/\",\"name\":\"Mycose cutan\u00e9e \u2013 champignons | Dr. Lopez Gil Cl\u00ednica Teknon Barcelona\",\"isPartOf\":{\"@id\":\"https:\/\/www.lopezgil.com\/ca\/#website\"},\"datePublished\":\"2016-12-14T20:02:01+00:00\",\"dateModified\":\"2019-12-06T00:59:44+00:00\",\"description\":\"Sont des infections caus\u00e9es par des champignons qui vivent sur la partie la plus superficielle de la peau, des ongles et des cheveux\",\"breadcrumb\":{\"@id\":\"https:\/\/www.lopezgil.com\/fr\/dermatologie-clinique\/mycose-cutanee-champignons\/#breadcrumb\"},\"inLanguage\":\"fr-FR\",\"potentialAction\":[{\"@type\":\"ReadAction\",\"target\":[\"https:\/\/www.lopezgil.com\/fr\/dermatologie-clinique\/mycose-cutanee-champignons\/\"]}]},{\"@type\":\"BreadcrumbList\",\"@id\":\"https:\/\/www.lopezgil.com\/fr\/dermatologie-clinique\/mycose-cutanee-champignons\/#breadcrumb\",\"itemListElement\":[{\"@type\":\"ListItem\",\"position\":1,\"name\":\"Portada\",\"item\":\"https:\/\/www.lopezgil.com\/fr\/\"},{\"@type\":\"ListItem\",\"position\":2,\"name\":\"Dermatologie clinique\",\"item\":\"https:\/\/www.lopezgil.com\/fr\/dermatologie-clinique\/\"},{\"@type\":\"ListItem\",\"position\":3,\"name\":\"Mycose cutan\u00e9e \u2013 champignons\"}]},{\"@type\":\"WebSite\",\"@id\":\"https:\/\/www.lopezgil.com\/ca\/#website\",\"url\":\"https:\/\/www.lopezgil.com\/ca\/\",\"name\":\"Dr. Lopez Gil\",\"description\":\"Dermat\u00f3logo Barcelona\",\"potentialAction\":[{\"@type\":\"SearchAction\",\"target\":{\"@type\":\"EntryPoint\",\"urlTemplate\":\"https:\/\/www.lopezgil.com\/ca\/?s={search_term_string}\"},\"query-input\":\"required name=search_term_string\"}],\"inLanguage\":\"fr-FR\"}]}<\/script>\n<!-- \/ Yoast SEO plugin. -->","yoast_head_json":{"title":"Mycose cutan\u00e9e \u2013 champignons | Dr. Lopez Gil Cl\u00ednica Teknon Barcelona","description":"Sont des infections caus\u00e9es par des champignons qui vivent sur la partie la plus superficielle de la peau, des ongles et des cheveux","robots":{"index":"index","follow":"follow","max-snippet":"max-snippet:-1","max-image-preview":"max-image-preview:large","max-video-preview":"max-video-preview:-1"},"canonical":"https:\/\/www.lopezgil.com\/fr\/dermatologie-clinique\/mycose-cutanee-champignons\/","og_locale":"fr_FR","og_type":"article","og_title":"Mycose cutan\u00e9e \u2013 champignons | Dr. Lopez Gil Cl\u00ednica Teknon Barcelona","og_description":"Sont des infections caus\u00e9es par des champignons qui vivent sur la partie la plus superficielle de la peau, des ongles et des cheveux","og_url":"https:\/\/www.lopezgil.com\/fr\/dermatologie-clinique\/mycose-cutanee-champignons\/","og_site_name":"Dr. Lopez Gil","article_modified_time":"2019-12-06T00:59:44+00:00","twitter_card":"summary_large_image","twitter_misc":{"Est. reading time":"2 minutes"},"schema":{"@context":"https:\/\/schema.org","@graph":[{"@type":"WebPage","@id":"https:\/\/www.lopezgil.com\/fr\/dermatologie-clinique\/mycose-cutanee-champignons\/","url":"https:\/\/www.lopezgil.com\/fr\/dermatologie-clinique\/mycose-cutanee-champignons\/","name":"Mycose cutan\u00e9e \u2013 champignons | Dr. Lopez Gil Cl\u00ednica Teknon Barcelona","isPartOf":{"@id":"https:\/\/www.lopezgil.com\/ca\/#website"},"datePublished":"2016-12-14T20:02:01+00:00","dateModified":"2019-12-06T00:59:44+00:00","description":"Sont des infections caus\u00e9es par des champignons qui vivent sur la partie la plus superficielle de la peau, des ongles et des cheveux","breadcrumb":{"@id":"https:\/\/www.lopezgil.com\/fr\/dermatologie-clinique\/mycose-cutanee-champignons\/#breadcrumb"},"inLanguage":"fr-FR","potentialAction":[{"@type":"ReadAction","target":["https:\/\/www.lopezgil.com\/fr\/dermatologie-clinique\/mycose-cutanee-champignons\/"]}]},{"@type":"BreadcrumbList","@id":"https:\/\/www.lopezgil.com\/fr\/dermatologie-clinique\/mycose-cutanee-champignons\/#breadcrumb","itemListElement":[{"@type":"ListItem","position":1,"name":"Portada","item":"https:\/\/www.lopezgil.com\/fr\/"},{"@type":"ListItem","position":2,"name":"Dermatologie clinique","item":"https:\/\/www.lopezgil.com\/fr\/dermatologie-clinique\/"},{"@type":"ListItem","position":3,"name":"Mycose cutan\u00e9e \u2013 champignons"}]},{"@type":"WebSite","@id":"https:\/\/www.lopezgil.com\/ca\/#website","url":"https:\/\/www.lopezgil.com\/ca\/","name":"Dr. Lopez Gil","description":"Dermat\u00f3logo Barcelona","potentialAction":[{"@type":"SearchAction","target":{"@type":"EntryPoint","urlTemplate":"https:\/\/www.lopezgil.com\/ca\/?s={search_term_string}"},"query-input":"required name=search_term_string"}],"inLanguage":"fr-FR"}]}},"_links":{"self":[{"href":"https:\/\/www.lopezgil.com\/fr\/wp-json\/wp\/v2\/pages\/1436","targetHints":{"allow":["GET"]}}],"collection":[{"href":"https:\/\/www.lopezgil.com\/fr\/wp-json\/wp\/v2\/pages"}],"about":[{"href":"https:\/\/www.lopezgil.com\/fr\/wp-json\/wp\/v2\/types\/page"}],"author":[{"embeddable":true,"href":"https:\/\/www.lopezgil.com\/fr\/wp-json\/wp\/v2\/users\/5"}],"replies":[{"embeddable":true,"href":"https:\/\/www.lopezgil.com\/fr\/wp-json\/wp\/v2\/comments?post=1436"}],"version-history":[{"count":3,"href":"https:\/\/www.lopezgil.com\/fr\/wp-json\/wp\/v2\/pages\/1436\/revisions"}],"predecessor-version":[{"id":4855,"href":"https:\/\/www.lopezgil.com\/fr\/wp-json\/wp\/v2\/pages\/1436\/revisions\/4855"}],"up":[{"embeddable":true,"href":"https:\/\/www.lopezgil.com\/fr\/wp-json\/wp\/v2\/pages\/1429"}],"wp:attachment":[{"href":"https:\/\/www.lopezgil.com\/fr\/wp-json\/wp\/v2\/media?parent=1436"}],"curies":[{"name":"wp","href":"https:\/\/api.w.org\/{rel}","templated":true}]}}