{"id":1429,"date":"2017-02-01T15:39:26","date_gmt":"2017-02-01T15:39:26","guid":{"rendered":"http:\/\/lopezgil.com\/enconstruccion\/?page_id=1429"},"modified":"2023-03-28T10:07:10","modified_gmt":"2023-03-28T10:07:10","slug":"dermatologie-clinique","status":"publish","type":"page","link":"https:\/\/www.lopezgil.com\/fr\/dermatologie-clinique\/","title":{"rendered":"Dermatologie clinique"},"content":{"rendered":"<div id=\"fb-root\"><\/div>\n[vc_row][vc_column][vc_row_inner][vc_column_inner][layerslider_vc id=&#8221;45&#8243;][\/vc_column_inner][\/vc_row_inner][\/vc_column][\/vc_row][vc_row][vc_column width=&#8221;3\/4&#8243; css=&#8221;.vc_custom_1473066092346{margin-top: 0px !important;}&#8221;][vc_column_text css=&#8221;.vc_custom_1511470252914{margin-top: 0px !important;}&#8221;]\n<blockquote>\n<h4><span style=\"color: #5790bb;\">&#8220;La dermatologie clinique est la base des soins de notre centre. Nous sommes une \u00e9quipe de professionnels ayant les derni\u00e8res technologies appliqu\u00e9es dans le domaine de la dermatologie clinique pour les adultes et les enfants afin de pouvoir prendre soin de la mani\u00e8re la plus rapide et plus efficace n&#8217;importe quelle anomalie ou la maladie de la peau.&#8221;<\/span><\/h4>\n<\/blockquote>\n[\/vc_column_text][\/vc_column][vc_column width=&#8221;1\/4&#8243;][vc_column_text css=&#8221;.vc_custom_1511470882638{margin-top: -7px !important;margin-bottom: -20px !important;}&#8221;]<div class='dt-sc-colored-box space' ><h5>NOUS ALLONS VOUS AIDER<\/h5><a href='https:\/\/www.lopezgil.com\/FR\/contact\/' target='_blank'  class='dt-sc-button   small ' >CONTACTEZ-NOUS!<\/a><\/div>[\/vc_column_text][\/vc_column][\/vc_row][vc_row][vc_column][vc_separator color=&#8221;turquoise&#8221; border_width=&#8221;2&#8243; css=&#8221;.vc_custom_1473072257408{margin-top: 25px !important;}&#8221;][vc_row_inner][vc_column_inner][vc_column_text css=&#8221;.vc_custom_1511470927236{margin-bottom: -25px !important;}&#8221;]\n<h2><span style=\"color: #75c9d3;\">Traitements en dermatologie clinique<\/span><\/h2>\n[\/vc_column_text][\/vc_column_inner][\/vc_row_inner][\/vc_column][\/vc_row][vc_row css=&#8221;.vc_custom_1473067233961{margin-top: 31px !important;}&#8221;][vc_column width=&#8221;1\/3&#8243;][vc_btn title=&#8221;Acn\u00e9&#8221; style=&#8221;outline&#8221; color=&#8221;info&#8221; align=&#8221;center&#8221; css_animation=&#8221;top-to-bottom&#8221; button_block=&#8221;true&#8221; css=&#8221;.vc_custom_1511471331017{margin-top: 0px !important;border-radius: 5px !important;}&#8221; link=&#8221;url:http%3A%2F%2Fwww.lopezgil.com%2Ffr%2Fdermatologie-clinique%2Facne%2F||&#8221;][vc_btn title=&#8221;Couperose&#8221; style=&#8221;outline&#8221; color=&#8221;info&#8221; align=&#8221;center&#8221; css_animation=&#8221;top-to-bottom&#8221; button_block=&#8221;true&#8221; css=&#8221;.vc_custom_1511471358088{margin-top: 0px !important;}&#8221; link=&#8221;url:http%3A%2F%2Fwww.lopezgil.com%2Ffr%2Fdermatologie-clinique%2Fcouperose%2F||&#8221;][vc_btn title=&#8221;Eczema&#8221; style=&#8221;outline&#8221; color=&#8221;info&#8221; align=&#8221;center&#8221; css_animation=&#8221;top-to-bottom&#8221; button_block=&#8221;true&#8221; css=&#8221;.vc_custom_1511473607145{border-radius: 5px !important;}&#8221; link=&#8221;url:http%3A%2F%2Fwww.lopezgil.com%2Ffr%2Fdermatologie-clinique%2Feczema%2F||&#8221;][vc_btn title=&#8221;Lentigines&#8221; style=&#8221;outline&#8221; color=&#8221;info&#8221; align=&#8221;center&#8221; css_animation=&#8221;top-to-bottom&#8221; button_block=&#8221;true&#8221; css=&#8221;.vc_custom_1511471480544{border-radius: 5px !important;}&#8221; link=&#8221;url:http%3A%2F%2Fwww.lopezgil.com%2Ffr%2Fdermatologie-clinique%2Flentigines%2F||&#8221;][vc_btn title=&#8221;Miliums&#8221; style=&#8221;outline&#8221; color=&#8221;info&#8221; align=&#8221;center&#8221; css_animation=&#8221;top-to-bottom&#8221; button_block=&#8221;true&#8221; css=&#8221;.vc_custom_1511471532203{padding-right: 5px !important;padding-left: 5px !important;border-radius: 5px !important;}&#8221; link=&#8221;url:http%3A%2F%2Fwww.lopezgil.com%2Ffr%2Fdermatologie-clinique%2Fmiliums%2F||&#8221;][vc_btn title=&#8221;Ongles&#8221; style=&#8221;outline&#8221; color=&#8221;info&#8221; align=&#8221;center&#8221; css_animation=&#8221;top-to-bottom&#8221; button_block=&#8221;true&#8221; css=&#8221;.vc_custom_1511471608129{border-radius: 5px !important;}&#8221; link=&#8221;url:http%3A%2F%2Fwww.lopezgil.com%2Ffr%2Fdermatologie-clinique%2Fongles%2F||&#8221;][vc_btn title=&#8221;Verrues&#8221; style=&#8221;outline&#8221; color=&#8221;info&#8221; align=&#8221;center&#8221; css_animation=&#8221;top-to-bottom&#8221; button_block=&#8221;true&#8221; css=&#8221;.vc_custom_1511471695568{border-radius: 5px !important;}&#8221; link=&#8221;url:http%3A%2F%2Fwww.lopezgil.com%2Ffr%2Fdermatologie-clinique%2Fverrues%2F||&#8221;][\/vc_column][vc_column width=&#8221;1\/3&#8243;][vc_btn title=&#8221;Acrochordons&#8221; style=&#8221;outline&#8221; color=&#8221;info&#8221; align=&#8221;center&#8221; css_animation=&#8221;top-to-bottom&#8221; button_block=&#8221;true&#8221; css=&#8221;.vc_custom_1511471322881{padding-right: 5px !important;padding-left: 5px !important;border-radius: 5px !important;}&#8221; link=&#8221;url:http%3A%2F%2Fwww.lopezgil.com%2Ffr%2Fdermatologie-clinique%2Facrochordons%2F||&#8221;][vc_btn title=&#8221;Dermatite atopique&#8221; style=&#8221;outline&#8221; color=&#8221;info&#8221; align=&#8221;center&#8221; css_animation=&#8221;top-to-bottom&#8221; button_block=&#8221;true&#8221; css=&#8221;.vc_custom_1511471387121{padding-right: 5px !important;padding-left: 5px !important;border-radius: 5px !important;}&#8221; link=&#8221;url:http%3A%2F%2Fwww.lopezgil.com%2Ffr%2Fdermatologie-clinique%2Fdermatite-atopique%2F||&#8221;][vc_btn title=&#8221;Grains de beaut\u00e9&#8221; style=&#8221;outline&#8221; color=&#8221;info&#8221; align=&#8221;center&#8221; css_animation=&#8221;top-to-bottom&#8221; button_block=&#8221;true&#8221; css=&#8221;.vc_custom_1511473636887{border-radius: 5px !important;}&#8221; link=&#8221;url:http%3A%2F%2Fwww.lopezgil.com%2Ffr%2Fdermatologie-clinique%2Fgrains-de-beaute-naevus%2F||&#8221;][vc_btn title=&#8221;Maladies sexuellement transmissibles&#8221; style=&#8221;outline&#8221; color=&#8221;info&#8221; align=&#8221;center&#8221; css_animation=&#8221;top-to-bottom&#8221; button_block=&#8221;true&#8221; css=&#8221;.vc_custom_1511472552673{border-radius: 5px !important;}&#8221; link=&#8221;url:http%3A%2F%2Fwww.lopezgil.com%2Ffr%2Fdermatologie-clinique%2Fmaladies-sexuellement-transmissibles%2F||&#8221;][vc_btn title=&#8221;Mollusques&#8221; style=&#8221;outline&#8221; color=&#8221;info&#8221; align=&#8221;center&#8221; css_animation=&#8221;top-to-bottom&#8221; button_block=&#8221;true&#8221; css=&#8221;.vc_custom_1511471557316{border-radius: 5px !important;}&#8221; link=&#8221;url:http%3A%2F%2Fwww.lopezgil.com%2Ffr%2Fdermatologie-clinique%2Fmollusques%2F||&#8221;][vc_btn title=&#8221;Psoriasis&#8221; style=&#8221;outline&#8221; color=&#8221;info&#8221; align=&#8221;center&#8221; css_animation=&#8221;top-to-bottom&#8221; button_block=&#8221;true&#8221; css=&#8221;.vc_custom_1511471662541{padding-right: 5px !important;padding-left: 5px !important;border-radius: 5px !important;}&#8221; link=&#8221;url:http%3A%2F%2Fwww.lopezgil.com%2Ffr%2Fdermatologie-clinique%2Fpsoriasis%2F||&#8221;][\/vc_column][vc_column width=&#8221;1\/3&#8243;][vc_btn title=&#8221;Br\u00fblures&#8221; style=&#8221;outline&#8221; color=&#8221;info&#8221; align=&#8221;center&#8221; css_animation=&#8221;top-to-bottom&#8221; button_block=&#8221;true&#8221; css=&#8221;.vc_custom_1511471314118{border-radius: 5px !important;}&#8221; link=&#8221;url:http%3A%2F%2Fwww.lopezgil.com%2Ffr%2Fdermatologie-clinique%2Fbrulures%2F||&#8221;][vc_btn title=&#8221;Dermatite s\u00e9borrh\u00e9ique&#8221; style=&#8221;outline&#8221; color=&#8221;info&#8221; align=&#8221;center&#8221; css_animation=&#8221;top-to-bottom&#8221; button_block=&#8221;true&#8221; css=&#8221;.vc_custom_1511473576885{padding-right: 5px !important;padding-left: 5px !important;border-radius: 5px !important;}&#8221; link=&#8221;url:http%3A%2F%2Fwww.lopezgil.com%2Ffr%2Fdermatologie-clinique%2Fdermatite-seborrheique%2F||&#8221;][vc_btn title=&#8221;Hyperhidrose&#8221; style=&#8221;outline&#8221; color=&#8221;info&#8221; align=&#8221;center&#8221; css_animation=&#8221;top-to-bottom&#8221; button_block=&#8221;true&#8221; css=&#8221;.vc_custom_1511472612113{padding-right: 5px !important;padding-left: 5px !important;border-radius: 5px !important;}&#8221; link=&#8221;url:http%3A%2F%2Fwww.lopezgil.com%2Ffr%2Fdermatologie-clinique%2Fhyperhidrose-ou-hyperperspiration%2F||&#8221;][vc_btn title=&#8221;M\u00e9lasma&#8221; style=&#8221;outline&#8221; color=&#8221;info&#8221; align=&#8221;center&#8221; css_animation=&#8221;top-to-bottom&#8221; button_block=&#8221;true&#8221; css=&#8221;.vc_custom_1511471508277{border-radius: 5px !important;}&#8221; link=&#8221;url:http%3A%2F%2Fwww.lopezgil.com%2Ffr%2Fdermatologie-clinique%2Fmelasma%2F||&#8221;][vc_btn title=&#8221;Mycose cutan\u00e9e \u2013 champignons&#8221; style=&#8221;outline&#8221; color=&#8221;info&#8221; align=&#8221;center&#8221; css_animation=&#8221;top-to-bottom&#8221; button_block=&#8221;true&#8221; css=&#8221;.vc_custom_1511471583037{border-radius: 5px !important;}&#8221; link=&#8221;url:http%3A%2F%2Fwww.lopezgil.com%2Ffr%2Fdermatologie-clinique%2Fmycose-cutanee-champignons%2F||&#8221;][vc_btn title=&#8221;Xanthelasmes&#8221; style=&#8221;outline&#8221; color=&#8221;info&#8221; align=&#8221;center&#8221; css_animation=&#8221;top-to-bottom&#8221; button_block=&#8221;true&#8221; css=&#8221;.vc_custom_1511471721478{border-radius: 5px !important;}&#8221; link=&#8221;url:http%3A%2F%2Fwww.lopezgil.com%2Ffr%2Fdermatologie-clinique%2Fxanthelasmes%2F||&#8221;][\/vc_column][\/vc_row]\n","protected":false},"excerpt":{"rendered":"<p>[vc_row][vc_column][vc_row_inner][vc_column_inner][layerslider_vc id=&#8221;45&#8243;][\/vc_column_inner][\/vc_row_inner][\/vc_column][\/vc_row][vc_row][vc_column width=&#8221;3\/4&#8243; css=&#8221;.vc_custom_1473066092346{margin-top: 0px !important;}&#8221;][vc_column_text css=&#8221;.vc_custom_1511470252914{margin-top: 0px !important;}&#8221;] &#8220;La dermatologie clinique est la base des soins de notre centre. Nous sommes une \u00e9quipe de professionnels ayant les derni\u00e8res technologies appliqu\u00e9es dans le domaine de la dermatologie clinique pour les adultes et les enfants afin de pouvoir prendre soin de la mani\u00e8re la plus rapide [&hellip;]<\/p>\n","protected":false},"author":5,"featured_media":0,"parent":0,"menu_order":0,"comment_status":"closed","ping_status":"closed","template":"","meta":{"footnotes":""},"class_list":["post-1429","page","type-page","status-publish","hentry"],"yoast_head":"<!-- This site is optimized with the Yoast SEO plugin v19.12 - https:\/\/yoast.com\/wordpress\/plugins\/seo\/ -->\n<title>Dermatologie clinique | Dr. Lopez Gil<\/title>\n<meta name=\"robots\" content=\"index, follow, max-snippet:-1, max-image-preview:large, max-video-preview:-1\" \/>\n<link rel=\"canonical\" href=\"https:\/\/www.lopezgil.com\/fr\/dermatologie-clinique\/\" \/>\n<meta property=\"og:locale\" content=\"fr_FR\" \/>\n<meta property=\"og:type\" content=\"article\" \/>\n<meta property=\"og:title\" content=\"Dermatologie clinique | Dr. Lopez Gil\" \/>\n<meta property=\"og:description\" content=\"[vc_row][vc_column][vc_row_inner][vc_column_inner][layerslider_vc id=&#8221;45&#8243;][\/vc_column_inner][\/vc_row_inner][\/vc_column][\/vc_row][vc_row][vc_column width=&#8221;3\/4&#8243; css=&#8221;.vc_custom_1473066092346{margin-top: 0px !important;}&#8221;][vc_column_text css=&#8221;.vc_custom_1511470252914{margin-top: 0px !important;}&#8221;] &#8220;La dermatologie clinique est la base des soins de notre centre. Nous sommes une \u00e9quipe de professionnels ayant les derni\u00e8res technologies appliqu\u00e9es dans le domaine de la dermatologie clinique pour les adultes et les enfants afin de pouvoir prendre soin de la mani\u00e8re la plus rapide [&hellip;]\" \/>\n<meta property=\"og:url\" content=\"https:\/\/www.lopezgil.com\/fr\/dermatologie-clinique\/\" \/>\n<meta property=\"og:site_name\" content=\"Dr. Lopez Gil\" \/>\n<meta property=\"article:modified_time\" content=\"2023-03-28T10:07:10+00:00\" \/>\n<meta name=\"twitter:card\" content=\"summary_large_image\" \/>\n<meta name=\"twitter:label1\" content=\"Est. reading time\" \/>\n\t<meta name=\"twitter:data1\" content=\"2 minutes\" \/>\n<script type=\"application\/ld+json\" class=\"yoast-schema-graph\">{\"@context\":\"https:\/\/schema.org\",\"@graph\":[{\"@type\":\"WebPage\",\"@id\":\"https:\/\/www.lopezgil.com\/fr\/dermatologie-clinique\/\",\"url\":\"https:\/\/www.lopezgil.com\/fr\/dermatologie-clinique\/\",\"name\":\"Dermatologie clinique | Dr. Lopez Gil\",\"isPartOf\":{\"@id\":\"https:\/\/www.lopezgil.com\/ca\/#website\"},\"datePublished\":\"2017-02-01T15:39:26+00:00\",\"dateModified\":\"2023-03-28T10:07:10+00:00\",\"breadcrumb\":{\"@id\":\"https:\/\/www.lopezgil.com\/fr\/dermatologie-clinique\/#breadcrumb\"},\"inLanguage\":\"fr-FR\",\"potentialAction\":[{\"@type\":\"ReadAction\",\"target\":[\"https:\/\/www.lopezgil.com\/fr\/dermatologie-clinique\/\"]}]},{\"@type\":\"BreadcrumbList\",\"@id\":\"https:\/\/www.lopezgil.com\/fr\/dermatologie-clinique\/#breadcrumb\",\"itemListElement\":[{\"@type\":\"ListItem\",\"position\":1,\"name\":\"Portada\",\"item\":\"https:\/\/www.lopezgil.com\/fr\/\"},{\"@type\":\"ListItem\",\"position\":2,\"name\":\"Dermatologie clinique\"}]},{\"@type\":\"WebSite\",\"@id\":\"https:\/\/www.lopezgil.com\/ca\/#website\",\"url\":\"https:\/\/www.lopezgil.com\/ca\/\",\"name\":\"Dr. Lopez Gil\",\"description\":\"Dermat\u00f3logo Barcelona\",\"potentialAction\":[{\"@type\":\"SearchAction\",\"target\":{\"@type\":\"EntryPoint\",\"urlTemplate\":\"https:\/\/www.lopezgil.com\/ca\/?s={search_term_string}\"},\"query-input\":\"required name=search_term_string\"}],\"inLanguage\":\"fr-FR\"}]}<\/script>\n<!-- \/ Yoast SEO plugin. -->","yoast_head_json":{"title":"Dermatologie clinique | Dr. Lopez Gil","robots":{"index":"index","follow":"follow","max-snippet":"max-snippet:-1","max-image-preview":"max-image-preview:large","max-video-preview":"max-video-preview:-1"},"canonical":"https:\/\/www.lopezgil.com\/fr\/dermatologie-clinique\/","og_locale":"fr_FR","og_type":"article","og_title":"Dermatologie clinique | Dr. Lopez Gil","og_description":"[vc_row][vc_column][vc_row_inner][vc_column_inner][layerslider_vc id=&#8221;45&#8243;][\/vc_column_inner][\/vc_row_inner][\/vc_column][\/vc_row][vc_row][vc_column width=&#8221;3\/4&#8243; css=&#8221;.vc_custom_1473066092346{margin-top: 0px !important;}&#8221;][vc_column_text css=&#8221;.vc_custom_1511470252914{margin-top: 0px !important;}&#8221;] &#8220;La dermatologie clinique est la base des soins de notre centre. Nous sommes une \u00e9quipe de professionnels ayant les derni\u00e8res technologies appliqu\u00e9es dans le domaine de la dermatologie clinique pour les adultes et les enfants afin de pouvoir prendre soin de la mani\u00e8re la plus rapide [&hellip;]","og_url":"https:\/\/www.lopezgil.com\/fr\/dermatologie-clinique\/","og_site_name":"Dr. Lopez Gil","article_modified_time":"2023-03-28T10:07:10+00:00","twitter_card":"summary_large_image","twitter_misc":{"Est. reading time":"2 minutes"},"schema":{"@context":"https:\/\/schema.org","@graph":[{"@type":"WebPage","@id":"https:\/\/www.lopezgil.com\/fr\/dermatologie-clinique\/","url":"https:\/\/www.lopezgil.com\/fr\/dermatologie-clinique\/","name":"Dermatologie clinique | Dr. Lopez Gil","isPartOf":{"@id":"https:\/\/www.lopezgil.com\/ca\/#website"},"datePublished":"2017-02-01T15:39:26+00:00","dateModified":"2023-03-28T10:07:10+00:00","breadcrumb":{"@id":"https:\/\/www.lopezgil.com\/fr\/dermatologie-clinique\/#breadcrumb"},"inLanguage":"fr-FR","potentialAction":[{"@type":"ReadAction","target":["https:\/\/www.lopezgil.com\/fr\/dermatologie-clinique\/"]}]},{"@type":"BreadcrumbList","@id":"https:\/\/www.lopezgil.com\/fr\/dermatologie-clinique\/#breadcrumb","itemListElement":[{"@type":"ListItem","position":1,"name":"Portada","item":"https:\/\/www.lopezgil.com\/fr\/"},{"@type":"ListItem","position":2,"name":"Dermatologie clinique"}]},{"@type":"WebSite","@id":"https:\/\/www.lopezgil.com\/ca\/#website","url":"https:\/\/www.lopezgil.com\/ca\/","name":"Dr. Lopez Gil","description":"Dermat\u00f3logo Barcelona","potentialAction":[{"@type":"SearchAction","target":{"@type":"EntryPoint","urlTemplate":"https:\/\/www.lopezgil.com\/ca\/?s={search_term_string}"},"query-input":"required name=search_term_string"}],"inLanguage":"fr-FR"}]}},"_links":{"self":[{"href":"https:\/\/www.lopezgil.com\/fr\/wp-json\/wp\/v2\/pages\/1429","targetHints":{"allow":["GET"]}}],"collection":[{"href":"https:\/\/www.lopezgil.com\/fr\/wp-json\/wp\/v2\/pages"}],"about":[{"href":"https:\/\/www.lopezgil.com\/fr\/wp-json\/wp\/v2\/types\/page"}],"author":[{"embeddable":true,"href":"https:\/\/www.lopezgil.com\/fr\/wp-json\/wp\/v2\/users\/5"}],"replies":[{"embeddable":true,"href":"https:\/\/www.lopezgil.com\/fr\/wp-json\/wp\/v2\/comments?post=1429"}],"version-history":[{"count":15,"href":"https:\/\/www.lopezgil.com\/fr\/wp-json\/wp\/v2\/pages\/1429\/revisions"}],"predecessor-version":[{"id":5439,"href":"https:\/\/www.lopezgil.com\/fr\/wp-json\/wp\/v2\/pages\/1429\/revisions\/5439"}],"wp:attachment":[{"href":"https:\/\/www.lopezgil.com\/fr\/wp-json\/wp\/v2\/media?parent=1429"}],"curies":[{"name":"wp","href":"https:\/\/api.w.org\/{rel}","templated":true}]}}