{"id":1427,"date":"2017-02-01T15:37:19","date_gmt":"2017-02-01T15:37:19","guid":{"rendered":"http:\/\/lopezgil.com\/enconstruccion\/?page_id=1427"},"modified":"2019-12-06T01:58:50","modified_gmt":"2019-12-06T01:58:50","slug":"brulures","status":"publish","type":"page","link":"https:\/\/www.lopezgil.com\/fr\/dermatologie-clinique\/brulures\/","title":{"rendered":"Br\u00fblures"},"content":{"rendered":"<div id=\"fb-root\"><\/div>\n<p style=\"text-align: justify;\">[vc_row][vc_column][vc_row_inner][vc_column_inner]<script type=\"text\/javascript\">jQuery(function() { _initLayerSlider( '#layerslider_30_w3i9u2ud8vcu', {sliderVersion: '', responsiveUnder: 0, layersContainer: 0, hideUnder: 0, hideOver: 100000, pauseOnHover: 1, skin: 'v5', sliderFadeInDuration: 350, useSrcset: true, skinsPath: 'https:\/\/www.lopezgil.com\/wp-content\/plugins\/LayerSlider\/assets\/static\/layerslider\/skins\/', type: 'responsive', showCircleTimer: false, performanceMode: true}); });<\/script><div id=\"layerslider_30_w3i9u2ud8vcu\" class=\"ls-wp-container fitvidsignore\" style=\"width:600px;height:200px;margin:0 auto;margin-bottom: 0px;\"><div class=\"ls-slide\" data-ls=\"duration:4000;\"><img loading=\"lazy\" decoding=\"async\" width=\"600\" height=\"200\" src=\"https:\/\/www.lopezgil.com\/wp-content\/uploads\/drlopezgil_dermatologia_barcelona_600x200_quemadura.jpg\" class=\"ls-bg\" alt=\"drlopezgil_dermatologia_barcelona_600x200_quemadura\" srcset=\"https:\/\/www.lopezgil.com\/wp-content\/uploads\/drlopezgil_dermatologia_barcelona_600x200_quemadura.jpg 600w, https:\/\/www.lopezgil.com\/wp-content\/uploads\/drlopezgil_dermatologia_barcelona_600x200_quemadura-300x100.jpg 300w\" sizes=\"auto, (max-width: 600px) 100vw, 600px\" \/><\/div><\/div>[\/vc_column_inner][\/vc_row_inner][\/vc_column][\/vc_row][vc_row][vc_column width=&#8221;3\/4&#8243; css=&#8221;.vc_custom_1473066092346{margin-top: 0px !important;}&#8221;][vc_column_text css=&#8221;.vc_custom_1473066053815{margin-top: 0px !important;}&#8221;]\n<h2 style=\"text-align: justify;\"><span style=\"color: #75c9d3;\"><strong>Que sont les br\u00fblures?<\/strong><\/span><\/h2>\n<p style=\"text-align: justify;\">Une br\u00fblure est un type de l\u00e9sion de la peau caus\u00e9e par divers facteurs externes tels que la chaleur, l&#8217;\u00e9lectricit\u00e9, la lumi\u00e8re du soleil ou d&#8217;un rayonnement.<\/p>\n<h2 style=\"text-align: justify;\"><span style=\"color: #75c9d3;\"><strong>Types du br\u00fblures<\/strong><\/span><\/h2>\n<p style=\"text-align: justify;\">En fonction de la profondeur de la br\u00fblure nous pouvons diff\u00e9rencier entre:<\/p>\n<ul style=\"text-align: justify;\">\n<li><em><u>Br\u00fblures au premier degr\u00e9:<\/u><\/em> affectent la couche superficielle de la peau, l&#8217;\u00e9piderme.<\/li>\n<li><em><u>Br\u00fblures au deuxi\u00e8me degr\u00e9:<\/u><\/em> impliquent la couche externe et la couche sous-jacente de la peau, \u00e0 savoir elles d\u00e9truisent la couche \u00e9pidermique et atteindre le derme.<\/li>\n<li><em><u>Br\u00fblures au troisi\u00e8me degr\u00e9<\/u><\/em>: d\u00e9truisent les couches profondes de la peau et des tissus qui sont en dessous d&#8217;elles.<\/li>\n<\/ul>\n<p style=\"text-align: justify;\"><img loading=\"lazy\" decoding=\"async\" class=\"aligncenter size-medium wp-image-1274\" src=\"http:\/\/lopezgil.com\/wp-content\/uploads\/quemaduras-dermatologo-barcelona-dr-lopez-gil-300x218.png\" alt=\"quemaduras-dermatologo-barcelona-dr-lopez-gil\" width=\"300\" height=\"218\" srcset=\"https:\/\/www.lopezgil.com\/wp-content\/uploads\/quemaduras-dermatologo-barcelona-dr-lopez-gil-300x218.png 300w, https:\/\/www.lopezgil.com\/wp-content\/uploads\/quemaduras-dermatologo-barcelona-dr-lopez-gil.png 626w\" sizes=\"auto, (max-width: 300px) 100vw, 300px\" \/><\/p>\n<p style=\"text-align: justify;\">Selon la zone de surface du corps affect\u00e9e, nous pouvons distinguer entre:<\/p>\n<ul style=\"text-align: justify;\">\n<li><em><u>Br\u00fblure mineure<\/u><\/em>: ne d\u00e9passe pas 10% de la superficie total.<\/li>\n<li><em><u>Br\u00fblure moder\u00e9e<\/u><\/em>: la surface est comprise entre 10% et 20% de la surface totale du corps.<\/li>\n<li><em><u>Br\u00fblure grave<\/u><\/em>: d\u00e9passe 20%.<\/li>\n<\/ul>\n<p style=\"text-align: justify;\">Un moyen rapide pour calculer la surface du corps br\u00fbl\u00e9 chez les adultes est la connue comme R\u00e8gle 9, consistant en conna\u00eetre les proportions correspondant \u00e0 chacune des parties du corps.<\/p>\n<h2 style=\"text-align: justify;\"><span style=\"color: #75c9d3;\"><strong>Qui est concern\u00e9?<\/strong><\/span><\/h2>\n<p style=\"text-align: justify;\">Tout le monde peut se br\u00fbler. Il faut faire attention avec les enfants et les personnes \u00e2g\u00e9es parce qu&#8217;ils ont la peau plus mince et les complications peuvent \u00eatre pires.<\/p>\n<h2 style=\"text-align: justify;\"><span style=\"color: #75c9d3;\"><strong>Causes<\/strong><\/span><\/h2>\n<p style=\"text-align: justify;\">Il y a diff\u00e9rents facteurs directs ou indirects qui peuvent causer une br\u00fblure sur la peau:<\/p>\n<ul style=\"text-align: justify;\">\n<li>Soleil<\/li>\n<li>Liquides ou surfaces chaudes<\/li>\n<li>Objets ou \u00e9l\u00e9ments extr\u00eamement froids ou \u00e9l\u00e9ments<\/li>\n<li>P\u00e9tards<\/li>\n<li>Feu<\/li>\n<li>Contact \u00e9lectrique<\/li>\n<li>Produits chimiques<\/li>\n<\/ul>\n<h2 style=\"text-align: justify;\"><span style=\"color: #75c9d3;\"><strong>Symptomatologie<\/strong><\/span><\/h2>\n<p style=\"text-align: justify;\">Les br\u00fblures peuvent cause<\/p>\n<p style=\"text-align: justify;\"><em><u>Premier Degr\u00e9: <\/u><\/em><\/p>\n<ul style=\"text-align: justify;\">\n<li>Chaleur<\/li>\n<li>Douleur<\/li>\n<li>Inflammation<\/li>\n<li>Rougeur<\/li>\n<\/ul>\n<p style=\"text-align: justify;\"><em><u>Second Degr\u00e9:<\/u><\/em><\/p>\n<ul style=\"text-align: justify;\">\n<li>Beaucoup de douleur<\/li>\n<li>Rougeur<\/li>\n<li>Inflammation<\/li>\n<li>Cloques<\/li>\n<li>Ils peuvent affecter les glandes sudoripares et les follicules pileux.<\/li>\n<\/ul>\n<p style=\"text-align: justify;\"><em><u>Troisi\u00e8me Degr\u00e9:<\/u><\/em><\/p>\n<ul style=\"text-align: justify;\">\n<li>Peau blanch\u00e2tre, sombr\u00e9e ou carbonis\u00e9e<\/li>\n<li>Inflammation massive<\/li>\n<li>Indolore: les terminaisons nerveuses sont affect\u00e9es<\/li>\n<li>Peau engourdie<\/li>\n<\/ul>\n<h2 style=\"text-align: justify;\"><span style=\"color: #75c9d3;\">Traitement des Br\u00fblures<\/span><\/h2>\n<p style=\"text-align: justify;\">La premi\u00e8re r\u00e9action \u00e0 consid\u00e9rer est d&#8217;\u00e9liminer rapidement la source de la br\u00fblure et enlever soigneusement les v\u00eatements qui ne sont pas coll\u00e9s \u00e0 la peau pour pr\u00e9venir que la blessure se propage dans la taille et\/ou la profondeur.<\/p>\n<p style=\"text-align: justify;\">Les objectifs du traitement sont:<\/p>\n<ul style=\"text-align: justify;\">\n<li>R\u00e9duire la douleur<\/li>\n<li>R\u00e9duire la contamination et pr\u00e9venir une possible infection<\/li>\n<li>Atteindre la gu\u00e9rison rapide et un minimum de cicatrices<\/li>\n<\/ul>\n<p style=\"text-align: justify;\">Les \u00e9tapes \u00e0 suivre devant une l\u00e9g\u00e8re br\u00fblure sont:<\/p>\n<ol style=\"text-align: justify;\">\n<li>Refroidir la zone avec une solution saline ou de l&#8217;eau<\/li>\n<li>Nettoyer la zone touch\u00e9e<\/li>\n<li>Ne crevez pas les ampoules \u00e9tant donn\u00e9 qu\u2019au retenir l&#8217;humidit\u00e9 de la surface de la plaie, la gu\u00e9rison est acc\u00e9l\u00e9r\u00e9e et le risque d&#8217;infection est diminu\u00e9e.<\/li>\n<li>Appliquer une cr\u00e8me antiseptiquehydrosoluble ou un pansement hydrocollo\u00efde<\/li>\n<li>Couvrez la br\u00fblure pour \u00e9viter la contamination<\/li>\n<li>Gardez une trace de la plaie par un sp\u00e9cialiste<\/li>\n<\/ol>\n<p style=\"text-align: justify;\">Dans le cas de br\u00fblures au deuxi\u00e8me degr\u00e9 et troisi\u00e8me degr\u00e9, il est n\u00e9cessaire d&#8217;\u00eatre trait\u00e9 par un sp\u00e9cialiste et il peut \u00eatre n\u00e9cessaire d&#8217;effectuer un d\u00e9bridement et une greffe de peau ou d&#8217;autres traitements alternatifs et, m\u00eame, dans certains cas, des amputations.<\/p>\n<h2 style=\"text-align: justify;\"><span style=\"color: #75c9d3;\"><strong>Cicatrices de br\u00fblures<\/strong><\/span><\/h2>\n<p style=\"text-align: justify;\">Les br\u00fblures de deuxi\u00e8me et troisi\u00e8me degr\u00e9 laissent g\u00e9n\u00e9ralement des cicatrices puisque, en plus d&#8217;affecter la peau, affecte les follicules pileux et des glandes. La plupart de ces cicatrices ont tendance \u00e0 se d\u00e9velopper en ch\u00e9lo\u00efdes ou cicatrices hypertrophiques.<\/p>\n<p style=\"text-align: justify;\">Selon l&#8217;\u00e9volution de la br\u00fblure, la couleur, la longueur et les sympt\u00f4mes on choisira l&#8217;un ou l&#8217;autre traitement. Il est recommand\u00e9 de commencer par la cryoth\u00e9rapie et l&#8217;infiltration de cortico\u00efdes et de continuer avec une combinaison de lasers pour obtenir des am\u00e9liorations esth\u00e9tiques et fonctionnelles.<\/p>\n<ul style=\"text-align: justify;\">\n<li><em><u>Cryoth\u00e9rapie:<\/u><\/em> avec l&#8217;application d&#8217;azote liquide, un effet anti-inflammatoire est atteint et l&#8217;\u00e9paisseur des cicatrices est r\u00e9duite.<\/li>\n<li><em><u>Injections de corticost\u00e9ro\u00efdes:<\/u><\/em> on obtient une am\u00e9lioration de l&#8217;\u00e9lasticit\u00e9 de la cicatrice, r\u00e9duire son volume et am\u00e9liorer le prurit.<\/li>\n<li><em><u>Lasers:<\/u><\/em> d\u00e8s le sixi\u00e8me mois d&#8217;avoir la cicatrice, est recommand\u00e9e de commencer avec la combinaison de diff\u00e9rents lasers pour obtenir d&#8217;excellents r\u00e9sultats.<\/li>\n<li>Il est conseill\u00e9:\n<ul>\n<li><em>Laser vasculaire: <\/em>Il s&#8217;appliqu\u00e9 pour r\u00e9duire la coloration rouge &#8211; violac\u00e9e, que acqui\u00e8rent les cicatrices.<\/li>\n<li><em>Laser fractionn\u00e9: <\/em>Lisse et aplatit la surface.<\/li>\n<li><em>Laser pigmentation:<\/em> <em>am\u00e9liorer la pigmentation de la cicatrice. <\/em><\/li>\n<\/ul>\n<\/li>\n<\/ul>\n<p>&nbsp;<\/p>\n","protected":false},"excerpt":{"rendered":"<p>[vc_row][vc_column][vc_row_inner][vc_column_inner][\/vc_column_inner][\/vc_row_inner][\/vc_column][\/vc_row][vc_row][vc_column width=&#8221;3\/4&#8243; css=&#8221;.vc_custom_1473066092346{margin-top: 0px !important;}&#8221;][vc_column_text css=&#8221;.vc_custom_1473066053815{margin-top: 0px !important;}&#8221;] Que sont les br\u00fblures? Une br\u00fblure est un type de l\u00e9sion de la peau caus\u00e9e par divers facteurs externes tels que la chaleur, l&#8217;\u00e9lectricit\u00e9, la lumi\u00e8re du soleil ou d&#8217;un rayonnement. Types du br\u00fblures En fonction de la profondeur de la br\u00fblure nous pouvons diff\u00e9rencier entre: Br\u00fblures [&hellip;]<\/p>\n","protected":false},"author":5,"featured_media":0,"parent":1429,"menu_order":18,"comment_status":"closed","ping_status":"closed","template":"soulmedic\/tpl-feature.php","meta":{"footnotes":""},"class_list":["post-1427","page","type-page","status-publish","hentry"],"yoast_head":"<!-- This site is optimized with the Yoast SEO plugin v19.12 - https:\/\/yoast.com\/wordpress\/plugins\/seo\/ -->\n<title>Br\u00fblures | Dr. Lopez Gil<\/title>\n<meta name=\"description\" content=\"Il s&#039;agit d&#039;une l\u00e9sion cutan\u00e9e caus\u00e9e par la chaleur, l&#039;\u00e9lectricit\u00e9, le soleil ou les radiations. D\u00e9couvrez les types et traitements les plus avanc\u00e9s que nous appliquons. Demandez nous!\" \/>\n<meta name=\"robots\" content=\"index, follow, max-snippet:-1, max-image-preview:large, max-video-preview:-1\" \/>\n<link rel=\"canonical\" href=\"https:\/\/www.lopezgil.com\/fr\/dermatologie-clinique\/brulures\/\" \/>\n<meta property=\"og:locale\" content=\"fr_FR\" \/>\n<meta property=\"og:type\" content=\"article\" \/>\n<meta property=\"og:title\" content=\"Br\u00fblures | Dr. Lopez Gil\" \/>\n<meta property=\"og:description\" content=\"Il s&#039;agit d&#039;une l\u00e9sion cutan\u00e9e caus\u00e9e par la chaleur, l&#039;\u00e9lectricit\u00e9, le soleil ou les radiations. D\u00e9couvrez les types et traitements les plus avanc\u00e9s que nous appliquons. Demandez nous!\" \/>\n<meta property=\"og:url\" content=\"https:\/\/www.lopezgil.com\/fr\/dermatologie-clinique\/brulures\/\" \/>\n<meta property=\"og:site_name\" content=\"Dr. Lopez Gil\" \/>\n<meta property=\"article:modified_time\" content=\"2019-12-06T01:58:50+00:00\" \/>\n<meta property=\"og:image\" content=\"http:\/\/lopezgil.com\/wp-content\/uploads\/quemaduras-dermatologo-barcelona-dr-lopez-gil-300x218.png\" \/>\n<meta name=\"twitter:card\" content=\"summary_large_image\" \/>\n<meta name=\"twitter:label1\" content=\"Est. reading time\" \/>\n\t<meta name=\"twitter:data1\" content=\"4 minutes\" \/>\n<script type=\"application\/ld+json\" class=\"yoast-schema-graph\">{\"@context\":\"https:\/\/schema.org\",\"@graph\":[{\"@type\":\"WebPage\",\"@id\":\"https:\/\/www.lopezgil.com\/fr\/dermatologie-clinique\/brulures\/\",\"url\":\"https:\/\/www.lopezgil.com\/fr\/dermatologie-clinique\/brulures\/\",\"name\":\"Br\u00fblures | Dr. Lopez Gil\",\"isPartOf\":{\"@id\":\"https:\/\/www.lopezgil.com\/ca\/#website\"},\"datePublished\":\"2017-02-01T15:37:19+00:00\",\"dateModified\":\"2019-12-06T01:58:50+00:00\",\"description\":\"Il s'agit d'une l\u00e9sion cutan\u00e9e caus\u00e9e par la chaleur, l'\u00e9lectricit\u00e9, le soleil ou les radiations. D\u00e9couvrez les types et traitements les plus avanc\u00e9s que nous appliquons. Demandez nous!\",\"breadcrumb\":{\"@id\":\"https:\/\/www.lopezgil.com\/fr\/dermatologie-clinique\/brulures\/#breadcrumb\"},\"inLanguage\":\"fr-FR\",\"potentialAction\":[{\"@type\":\"ReadAction\",\"target\":[\"https:\/\/www.lopezgil.com\/fr\/dermatologie-clinique\/brulures\/\"]}]},{\"@type\":\"BreadcrumbList\",\"@id\":\"https:\/\/www.lopezgil.com\/fr\/dermatologie-clinique\/brulures\/#breadcrumb\",\"itemListElement\":[{\"@type\":\"ListItem\",\"position\":1,\"name\":\"Portada\",\"item\":\"https:\/\/www.lopezgil.com\/fr\/\"},{\"@type\":\"ListItem\",\"position\":2,\"name\":\"Dermatologie clinique\",\"item\":\"https:\/\/www.lopezgil.com\/fr\/dermatologie-clinique\/\"},{\"@type\":\"ListItem\",\"position\":3,\"name\":\"Br\u00fblures\"}]},{\"@type\":\"WebSite\",\"@id\":\"https:\/\/www.lopezgil.com\/ca\/#website\",\"url\":\"https:\/\/www.lopezgil.com\/ca\/\",\"name\":\"Dr. Lopez Gil\",\"description\":\"Dermat\u00f3logo Barcelona\",\"potentialAction\":[{\"@type\":\"SearchAction\",\"target\":{\"@type\":\"EntryPoint\",\"urlTemplate\":\"https:\/\/www.lopezgil.com\/ca\/?s={search_term_string}\"},\"query-input\":\"required name=search_term_string\"}],\"inLanguage\":\"fr-FR\"}]}<\/script>\n<!-- \/ Yoast SEO plugin. -->","yoast_head_json":{"title":"Br\u00fblures | Dr. Lopez Gil","description":"Il s'agit d'une l\u00e9sion cutan\u00e9e caus\u00e9e par la chaleur, l'\u00e9lectricit\u00e9, le soleil ou les radiations. D\u00e9couvrez les types et traitements les plus avanc\u00e9s que nous appliquons. Demandez nous!","robots":{"index":"index","follow":"follow","max-snippet":"max-snippet:-1","max-image-preview":"max-image-preview:large","max-video-preview":"max-video-preview:-1"},"canonical":"https:\/\/www.lopezgil.com\/fr\/dermatologie-clinique\/brulures\/","og_locale":"fr_FR","og_type":"article","og_title":"Br\u00fblures | Dr. Lopez Gil","og_description":"Il s'agit d'une l\u00e9sion cutan\u00e9e caus\u00e9e par la chaleur, l'\u00e9lectricit\u00e9, le soleil ou les radiations. D\u00e9couvrez les types et traitements les plus avanc\u00e9s que nous appliquons. Demandez nous!","og_url":"https:\/\/www.lopezgil.com\/fr\/dermatologie-clinique\/brulures\/","og_site_name":"Dr. Lopez Gil","article_modified_time":"2019-12-06T01:58:50+00:00","og_image":[{"url":"http:\/\/lopezgil.com\/wp-content\/uploads\/quemaduras-dermatologo-barcelona-dr-lopez-gil-300x218.png"}],"twitter_card":"summary_large_image","twitter_misc":{"Est. reading time":"4 minutes"},"schema":{"@context":"https:\/\/schema.org","@graph":[{"@type":"WebPage","@id":"https:\/\/www.lopezgil.com\/fr\/dermatologie-clinique\/brulures\/","url":"https:\/\/www.lopezgil.com\/fr\/dermatologie-clinique\/brulures\/","name":"Br\u00fblures | Dr. Lopez Gil","isPartOf":{"@id":"https:\/\/www.lopezgil.com\/ca\/#website"},"datePublished":"2017-02-01T15:37:19+00:00","dateModified":"2019-12-06T01:58:50+00:00","description":"Il s'agit d'une l\u00e9sion cutan\u00e9e caus\u00e9e par la chaleur, l'\u00e9lectricit\u00e9, le soleil ou les radiations. D\u00e9couvrez les types et traitements les plus avanc\u00e9s que nous appliquons. Demandez nous!","breadcrumb":{"@id":"https:\/\/www.lopezgil.com\/fr\/dermatologie-clinique\/brulures\/#breadcrumb"},"inLanguage":"fr-FR","potentialAction":[{"@type":"ReadAction","target":["https:\/\/www.lopezgil.com\/fr\/dermatologie-clinique\/brulures\/"]}]},{"@type":"BreadcrumbList","@id":"https:\/\/www.lopezgil.com\/fr\/dermatologie-clinique\/brulures\/#breadcrumb","itemListElement":[{"@type":"ListItem","position":1,"name":"Portada","item":"https:\/\/www.lopezgil.com\/fr\/"},{"@type":"ListItem","position":2,"name":"Dermatologie clinique","item":"https:\/\/www.lopezgil.com\/fr\/dermatologie-clinique\/"},{"@type":"ListItem","position":3,"name":"Br\u00fblures"}]},{"@type":"WebSite","@id":"https:\/\/www.lopezgil.com\/ca\/#website","url":"https:\/\/www.lopezgil.com\/ca\/","name":"Dr. Lopez Gil","description":"Dermat\u00f3logo Barcelona","potentialAction":[{"@type":"SearchAction","target":{"@type":"EntryPoint","urlTemplate":"https:\/\/www.lopezgil.com\/ca\/?s={search_term_string}"},"query-input":"required name=search_term_string"}],"inLanguage":"fr-FR"}]}},"_links":{"self":[{"href":"https:\/\/www.lopezgil.com\/fr\/wp-json\/wp\/v2\/pages\/1427","targetHints":{"allow":["GET"]}}],"collection":[{"href":"https:\/\/www.lopezgil.com\/fr\/wp-json\/wp\/v2\/pages"}],"about":[{"href":"https:\/\/www.lopezgil.com\/fr\/wp-json\/wp\/v2\/types\/page"}],"author":[{"embeddable":true,"href":"https:\/\/www.lopezgil.com\/fr\/wp-json\/wp\/v2\/users\/5"}],"replies":[{"embeddable":true,"href":"https:\/\/www.lopezgil.com\/fr\/wp-json\/wp\/v2\/comments?post=1427"}],"version-history":[{"count":3,"href":"https:\/\/www.lopezgil.com\/fr\/wp-json\/wp\/v2\/pages\/1427\/revisions"}],"predecessor-version":[{"id":4891,"href":"https:\/\/www.lopezgil.com\/fr\/wp-json\/wp\/v2\/pages\/1427\/revisions\/4891"}],"up":[{"embeddable":true,"href":"https:\/\/www.lopezgil.com\/fr\/wp-json\/wp\/v2\/pages\/1429"}],"wp:attachment":[{"href":"https:\/\/www.lopezgil.com\/fr\/wp-json\/wp\/v2\/media?parent=1427"}],"curies":[{"name":"wp","href":"https:\/\/api.w.org\/{rel}","templated":true}]}}