{"id":3052,"date":"2016-07-18T10:20:45","date_gmt":"2016-07-18T10:20:45","guid":{"rendered":"http:\/\/lopezgil.com\/enconstruccion\/fotorrejuvenecimiento-barcelona\/"},"modified":"2019-12-09T14:56:36","modified_gmt":"2019-12-09T14:56:36","slug":"facial-rejuvenation-barcelona","status":"publish","type":"page","link":"https:\/\/www.lopezgil.com\/en\/treatments\/facial-rejuvenation-or-antiaging-barcelona\/facial-rejuvenation-barcelona\/","title":{"rendered":"Facial rejuvenation"},"content":{"rendered":"<div id=\"fb-root\"><\/div>\n<p style=\"text-align: justify;\">[vc_row][vc_column][vc_row_inner][vc_column_inner]<script type=\"text\/javascript\">jQuery(function() { _initLayerSlider( '#layerslider_92_1dh925wp265cf', {sliderVersion: '', responsiveUnder: 0, layersContainer: 0, hideUnder: 0, hideOver: 100000, pauseOnHover: 1, skin: 'v5', sliderFadeInDuration: 350, useSrcset: true, skinsPath: 'https:\/\/www.lopezgil.com\/wp-content\/plugins\/LayerSlider\/assets\/static\/layerslider\/skins\/', type: 'responsive', showCircleTimer: false, performanceMode: true}); });<\/script><div id=\"layerslider_92_1dh925wp265cf\" class=\"ls-wp-container fitvidsignore\" style=\"width:600px;height:200px;margin:0 auto;margin-bottom: 0px;\"><div class=\"ls-slide\" data-ls=\"duration:4000;\"><img loading=\"lazy\" decoding=\"async\" width=\"600\" height=\"200\" src=\"https:\/\/www.lopezgil.com\/wp-content\/uploads\/drlopezgil-dermatologia-barcelona-600x200-fotorrejuvenecimiento-resurfacing-rejuvenecimiento-tratamientos-estetica.jpg\" class=\"ls-bg\" alt=\"dr-lopez-gil-dermatologia-barcelona-600x200-fotorrejuvenecimiento-resurfacing-rejuvenecimiento-tratamientos-estetica-clinica\" srcset=\"https:\/\/www.lopezgil.com\/wp-content\/uploads\/drlopezgil-dermatologia-barcelona-600x200-fotorrejuvenecimiento-resurfacing-rejuvenecimiento-tratamientos-estetica.jpg 600w, https:\/\/www.lopezgil.com\/wp-content\/uploads\/drlopezgil-dermatologia-barcelona-600x200-fotorrejuvenecimiento-resurfacing-rejuvenecimiento-tratamientos-estetica-300x100.jpg 300w\" sizes=\"auto, (max-width: 600px) 100vw, 600px\" \/><\/div><\/div>[\/vc_column_inner][\/vc_row_inner][\/vc_column][\/vc_row][vc_row][vc_column width=&#8221;3\/4&#8243; css=&#8221;.vc_custom_1473066092346{margin-top: 0px !important;}&#8221;][vc_column_text css=&#8221;.vc_custom_1473066053815{margin-top: 0px !important;}&#8221;]\n<p style=\"text-align: justify;\">The ideal facial rejuvenation treatment to remove sun spots or lentigines, fine lines of expression, wrinkles and scars is the resurfacing with CO2 Fractionated ablative Laser or Fractionated non-ablative Erbium laser.<\/p>\n<h2 style=\"text-align: justify;\"><span style=\"color: #75c9d3;\"><strong>Treatment<\/strong><\/span><\/h2>\n<p style=\"text-align: justify;\"><u>Resurfacing con l\u00e1ser CO<\/u><u>2<\/u><\/p>\n<p style=\"text-align: justify;\"><u>CO2 laser resurfacing<\/u><\/p>\n<p style=\"text-align: justify;\">It consists of performing a deep laser peeling to completely regenerate the treated skin and thus, with a single technique, eliminate all signs of aging. Es por este motivo, que es un tratamiento est\u00e9tico muy efectivo y completo que normalmente con una \u00fanica sesi\u00f3n es suficiente. The effects are perceived a week after having the treatment, although they improve until the six months.<\/p>\n<p class=\"p1\" style=\"text-align: justify;\"><span class=\"s1\">More information <a href=\"https:\/\/www.lopezgil.com\/en\/aesthetic-dermatology-barcelona\/facial-rejuvenation-and-resurfacing\/\">here<\/a>\u00a0<\/span><\/p>\n<p style=\"text-align: justify;\"><u>Facial Rejuvenation with Fractionated Erbium Laser<\/u><\/p>\n<p style=\"text-align: justify;\">It involves promoting the stimulation of collagen formation through the application of heat to the dermis.<\/p>\n<p style=\"text-align: justify;\">It&#8217;s a fast, safe and with no visible effects that minimizes wrinkles and pigmentation, as well as pores.<\/p>\n<p class=\"p1\" style=\"text-align: justify;\"><span class=\"s1\">More information <a href=\"https:\/\/www.lopezgil.com\/en\/aesthetic-dermatology-barcelona\/facial-rejuvenation-and-resurfacing\/\">here<\/a><\/span><\/p>\n","protected":false},"excerpt":{"rendered":"<p>[vc_row][vc_column][vc_row_inner][vc_column_inner][\/vc_column_inner][\/vc_row_inner][\/vc_column][\/vc_row][vc_row][vc_column width=&#8221;3\/4&#8243; css=&#8221;.vc_custom_1473066092346{margin-top: 0px !important;}&#8221;][vc_column_text css=&#8221;.vc_custom_1473066053815{margin-top: 0px !important;}&#8221;] The ideal facial rejuvenation treatment to remove sun spots or lentigines, fine lines of expression, wrinkles and scars is the resurfacing with CO2 Fractionated ablative Laser or Fractionated non-ablative Erbium laser. Treatment Resurfacing con l\u00e1ser CO2 CO2 laser resurfacing It consists of performing a deep laser peeling [&hellip;]<\/p>\n","protected":false},"author":5,"featured_media":0,"parent":3063,"menu_order":0,"comment_status":"closed","ping_status":"closed","template":"soulmedic\/tpl-feature.php","meta":{"footnotes":""},"class_list":["post-3052","page","type-page","status-publish","hentry"],"yoast_head":"<!-- This site is optimized with the Yoast SEO plugin v19.12 - https:\/\/yoast.com\/wordpress\/plugins\/seo\/ -->\n<title>Facial rejuvenation | Dr. Lopez Gil | Teknon Barcelona Anti-aging Clinic<\/title>\n<meta name=\"description\" content=\"Results from the first session. Your facial photorejuvenation clinic in Barcelona, \u200b\u200bwith Erbio Fractional laser. It reduces wrinkles. Contact us!\" \/>\n<meta name=\"robots\" content=\"index, follow, max-snippet:-1, max-image-preview:large, max-video-preview:-1\" \/>\n<link rel=\"canonical\" href=\"https:\/\/www.lopezgil.com\/en\/treatments\/facial-rejuvenation-or-antiaging-barcelona\/facial-rejuvenation-barcelona\/\" \/>\n<meta property=\"og:locale\" content=\"en_US\" \/>\n<meta property=\"og:type\" content=\"article\" \/>\n<meta property=\"og:title\" content=\"Facial rejuvenation | Dr. Lopez Gil | Teknon Barcelona Anti-aging Clinic\" \/>\n<meta property=\"og:description\" content=\"Results from the first session. Your facial photorejuvenation clinic in Barcelona, \u200b\u200bwith Erbio Fractional laser. It reduces wrinkles. Contact us!\" \/>\n<meta property=\"og:url\" content=\"https:\/\/www.lopezgil.com\/en\/treatments\/facial-rejuvenation-or-antiaging-barcelona\/facial-rejuvenation-barcelona\/\" \/>\n<meta property=\"og:site_name\" content=\"Dr. Lopez Gil\" \/>\n<meta property=\"article:modified_time\" content=\"2019-12-09T14:56:36+00:00\" \/>\n<meta name=\"twitter:card\" content=\"summary_large_image\" \/>\n<meta name=\"twitter:label1\" content=\"Est. reading time\" \/>\n\t<meta name=\"twitter:data1\" content=\"1 minute\" \/>\n<script type=\"application\/ld+json\" class=\"yoast-schema-graph\">{\"@context\":\"https:\/\/schema.org\",\"@graph\":[{\"@type\":\"WebPage\",\"@id\":\"https:\/\/www.lopezgil.com\/en\/treatments\/facial-rejuvenation-or-antiaging-barcelona\/facial-rejuvenation-barcelona\/\",\"url\":\"https:\/\/www.lopezgil.com\/en\/treatments\/facial-rejuvenation-or-antiaging-barcelona\/facial-rejuvenation-barcelona\/\",\"name\":\"Facial rejuvenation | Dr. Lopez Gil | Teknon Barcelona Anti-aging Clinic\",\"isPartOf\":{\"@id\":\"https:\/\/www.lopezgil.com\/ca\/#website\"},\"datePublished\":\"2016-07-18T10:20:45+00:00\",\"dateModified\":\"2019-12-09T14:56:36+00:00\",\"description\":\"Results from the first session. Your facial photorejuvenation clinic in Barcelona, \u200b\u200bwith Erbio Fractional laser. It reduces wrinkles. Contact us!\",\"breadcrumb\":{\"@id\":\"https:\/\/www.lopezgil.com\/en\/treatments\/facial-rejuvenation-or-antiaging-barcelona\/facial-rejuvenation-barcelona\/#breadcrumb\"},\"inLanguage\":\"en-US\",\"potentialAction\":[{\"@type\":\"ReadAction\",\"target\":[\"https:\/\/www.lopezgil.com\/en\/treatments\/facial-rejuvenation-or-antiaging-barcelona\/facial-rejuvenation-barcelona\/\"]}]},{\"@type\":\"BreadcrumbList\",\"@id\":\"https:\/\/www.lopezgil.com\/en\/treatments\/facial-rejuvenation-or-antiaging-barcelona\/facial-rejuvenation-barcelona\/#breadcrumb\",\"itemListElement\":[{\"@type\":\"ListItem\",\"position\":1,\"name\":\"Portada\",\"item\":\"https:\/\/www.lopezgil.com\/en\/\"},{\"@type\":\"ListItem\",\"position\":2,\"name\":\"Treatments\",\"item\":\"https:\/\/www.lopezgil.com\/en\/treatments\/\"},{\"@type\":\"ListItem\",\"position\":3,\"name\":\"Facial rejuvenation or antiaging\",\"item\":\"https:\/\/www.lopezgil.com\/en\/treatments\/facial-rejuvenation-or-antiaging-barcelona\/\"},{\"@type\":\"ListItem\",\"position\":4,\"name\":\"Facial rejuvenation\"}]},{\"@type\":\"WebSite\",\"@id\":\"https:\/\/www.lopezgil.com\/ca\/#website\",\"url\":\"https:\/\/www.lopezgil.com\/ca\/\",\"name\":\"Dr. Lopez Gil\",\"description\":\"Dermat\u00f3logo Barcelona\",\"potentialAction\":[{\"@type\":\"SearchAction\",\"target\":{\"@type\":\"EntryPoint\",\"urlTemplate\":\"https:\/\/www.lopezgil.com\/ca\/?s={search_term_string}\"},\"query-input\":\"required name=search_term_string\"}],\"inLanguage\":\"en-US\"}]}<\/script>\n<!-- \/ Yoast SEO plugin. -->","yoast_head_json":{"title":"Facial rejuvenation | Dr. Lopez Gil | Teknon Barcelona Anti-aging Clinic","description":"Results from the first session. Your facial photorejuvenation clinic in Barcelona, \u200b\u200bwith Erbio Fractional laser. It reduces wrinkles. Contact us!","robots":{"index":"index","follow":"follow","max-snippet":"max-snippet:-1","max-image-preview":"max-image-preview:large","max-video-preview":"max-video-preview:-1"},"canonical":"https:\/\/www.lopezgil.com\/en\/treatments\/facial-rejuvenation-or-antiaging-barcelona\/facial-rejuvenation-barcelona\/","og_locale":"en_US","og_type":"article","og_title":"Facial rejuvenation | Dr. Lopez Gil | Teknon Barcelona Anti-aging Clinic","og_description":"Results from the first session. Your facial photorejuvenation clinic in Barcelona, \u200b\u200bwith Erbio Fractional laser. It reduces wrinkles. Contact us!","og_url":"https:\/\/www.lopezgil.com\/en\/treatments\/facial-rejuvenation-or-antiaging-barcelona\/facial-rejuvenation-barcelona\/","og_site_name":"Dr. Lopez Gil","article_modified_time":"2019-12-09T14:56:36+00:00","twitter_card":"summary_large_image","twitter_misc":{"Est. reading time":"1 minute"},"schema":{"@context":"https:\/\/schema.org","@graph":[{"@type":"WebPage","@id":"https:\/\/www.lopezgil.com\/en\/treatments\/facial-rejuvenation-or-antiaging-barcelona\/facial-rejuvenation-barcelona\/","url":"https:\/\/www.lopezgil.com\/en\/treatments\/facial-rejuvenation-or-antiaging-barcelona\/facial-rejuvenation-barcelona\/","name":"Facial rejuvenation | Dr. Lopez Gil | Teknon Barcelona Anti-aging Clinic","isPartOf":{"@id":"https:\/\/www.lopezgil.com\/ca\/#website"},"datePublished":"2016-07-18T10:20:45+00:00","dateModified":"2019-12-09T14:56:36+00:00","description":"Results from the first session. Your facial photorejuvenation clinic in Barcelona, \u200b\u200bwith Erbio Fractional laser. It reduces wrinkles. Contact us!","breadcrumb":{"@id":"https:\/\/www.lopezgil.com\/en\/treatments\/facial-rejuvenation-or-antiaging-barcelona\/facial-rejuvenation-barcelona\/#breadcrumb"},"inLanguage":"en-US","potentialAction":[{"@type":"ReadAction","target":["https:\/\/www.lopezgil.com\/en\/treatments\/facial-rejuvenation-or-antiaging-barcelona\/facial-rejuvenation-barcelona\/"]}]},{"@type":"BreadcrumbList","@id":"https:\/\/www.lopezgil.com\/en\/treatments\/facial-rejuvenation-or-antiaging-barcelona\/facial-rejuvenation-barcelona\/#breadcrumb","itemListElement":[{"@type":"ListItem","position":1,"name":"Portada","item":"https:\/\/www.lopezgil.com\/en\/"},{"@type":"ListItem","position":2,"name":"Treatments","item":"https:\/\/www.lopezgil.com\/en\/treatments\/"},{"@type":"ListItem","position":3,"name":"Facial rejuvenation or antiaging","item":"https:\/\/www.lopezgil.com\/en\/treatments\/facial-rejuvenation-or-antiaging-barcelona\/"},{"@type":"ListItem","position":4,"name":"Facial rejuvenation"}]},{"@type":"WebSite","@id":"https:\/\/www.lopezgil.com\/ca\/#website","url":"https:\/\/www.lopezgil.com\/ca\/","name":"Dr. Lopez Gil","description":"Dermat\u00f3logo Barcelona","potentialAction":[{"@type":"SearchAction","target":{"@type":"EntryPoint","urlTemplate":"https:\/\/www.lopezgil.com\/ca\/?s={search_term_string}"},"query-input":"required name=search_term_string"}],"inLanguage":"en-US"}]}},"_links":{"self":[{"href":"https:\/\/www.lopezgil.com\/en\/wp-json\/wp\/v2\/pages\/3052","targetHints":{"allow":["GET"]}}],"collection":[{"href":"https:\/\/www.lopezgil.com\/en\/wp-json\/wp\/v2\/pages"}],"about":[{"href":"https:\/\/www.lopezgil.com\/en\/wp-json\/wp\/v2\/types\/page"}],"author":[{"embeddable":true,"href":"https:\/\/www.lopezgil.com\/en\/wp-json\/wp\/v2\/users\/5"}],"replies":[{"embeddable":true,"href":"https:\/\/www.lopezgil.com\/en\/wp-json\/wp\/v2\/comments?post=3052"}],"version-history":[{"count":3,"href":"https:\/\/www.lopezgil.com\/en\/wp-json\/wp\/v2\/pages\/3052\/revisions"}],"predecessor-version":[{"id":3153,"href":"https:\/\/www.lopezgil.com\/en\/wp-json\/wp\/v2\/pages\/3052\/revisions\/3153"}],"up":[{"embeddable":true,"href":"https:\/\/www.lopezgil.com\/en\/wp-json\/wp\/v2\/pages\/3063"}],"wp:attachment":[{"href":"https:\/\/www.lopezgil.com\/en\/wp-json\/wp\/v2\/media?parent=3052"}],"curies":[{"name":"wp","href":"https:\/\/api.w.org\/{rel}","templated":true}]}}