{"id":3036,"date":"2017-09-15T21:00:51","date_gmt":"2017-09-15T21:00:51","guid":{"rendered":"http:\/\/lopezgil.com\/enconstruccion\/treatments\/capillary-treatments\/plasma-rico-en-plaquetas-para-alopecia\/"},"modified":"2019-12-10T16:14:37","modified_gmt":"2019-12-10T16:14:37","slug":"plasma-rich-on-platelets-for-alopecia","status":"publish","type":"page","link":"https:\/\/www.lopezgil.com\/en\/treatments\/capillary-treatments\/plasma-rich-on-platelets-for-alopecia\/","title":{"rendered":"Plasma rich on platelets for alopecia"},"content":{"rendered":"<div id=\"fb-root\"><\/div>\n<p style=\"text-align: justify;\">[vc_row][vc_column][vc_row_inner][vc_column_inner]<script type=\"text\/javascript\">jQuery(function() { _initLayerSlider( '#layerslider_81_117lsgwwxvrzr', {sliderVersion: '', responsiveUnder: 0, layersContainer: 0, hideUnder: 0, hideOver: 100000, pauseOnHover: 1, skin: 'v5', sliderFadeInDuration: 350, useSrcset: true, skinsPath: 'https:\/\/www.lopezgil.com\/wp-content\/plugins\/LayerSlider\/assets\/static\/layerslider\/skins\/', type: 'responsive', showCircleTimer: false, performanceMode: true}); });<\/script><div id=\"layerslider_81_117lsgwwxvrzr\" class=\"ls-wp-container fitvidsignore\" style=\"width:600px;height:200px;margin:0 auto;margin-bottom: 0px;\"><div class=\"ls-slide\" data-ls=\"duration:4000;\"><img loading=\"lazy\" decoding=\"async\" width=\"600\" height=\"200\" src=\"https:\/\/www.lopezgil.com\/wp-content\/uploads\/drlopezgil-dermatologia-barcelona-600x200-prp-tratamiento-capilar.jpg\" class=\"ls-bg\" alt=\"drlopezgil-dermatologia-barcelona-600x200-prp-tratamiento-capilar\" srcset=\"https:\/\/www.lopezgil.com\/wp-content\/uploads\/drlopezgil-dermatologia-barcelona-600x200-prp-tratamiento-capilar.jpg 600w, https:\/\/www.lopezgil.com\/wp-content\/uploads\/drlopezgil-dermatologia-barcelona-600x200-prp-tratamiento-capilar-300x100.jpg 300w\" sizes=\"auto, (max-width: 600px) 100vw, 600px\" \/><\/div><\/div>[\/vc_column_inner][\/vc_row_inner][\/vc_column][\/vc_row][vc_row][vc_column width=&#8221;3\/4&#8243; css=&#8221;.vc_custom_1473066092346{margin-top: 0px !important;}&#8221;][vc_column_text css=&#8221;.vc_custom_1473066053815{margin-top: 0px !important;}&#8221;]\n<p style=\"text-align: justify;\">Today, baldness worries and affects many people, especially androgenic alopecia that is the one that occurs for hereditary reasons. A l&#8217;heure actuelle, la th\u00e9rapie plasma plasmatique plaquettaire attire l&#8217;attention de nombreux praticiens et patients pour son efficacit\u00e9, sa simplicit\u00e9 et sa s\u00e9curit\u00e9 pour pr\u00e9venir la perte de cheveux et l&#8217;alop\u00e9cie.<\/p>\n<h2 style=\"text-align: justify;\"><span style=\"color: #75c9d3;\"><strong>Treatment<\/strong><\/span><\/h2>\n<p style=\"text-align: justify;\">Platelet rich plasma consists of extracting blood from the patient and separating the platelet rich plasma from the rest through a centrifugation process and its subsequent combination with an activator compound. Then, through microinjections the plasma is injected into those sparsely populated areas of the scalp painlessly.<\/p>\n<p style=\"text-align: justify;\">This treatment is mainly used to stop and reverse the thinning of the hair follicles, which are causing hair loss, as well as to stimulate the restoration and vascularization of them after a hair transplant in the receiving area.<\/p>\n<p style=\"text-align: justify;\">The best candidates to enjoy this type of treatment to avoid hair loss are:<\/p>\n<ul style=\"text-align: justify;\">\n<li>Patients with little amount of hair.<\/li>\n<li>Patients with androgenetic alopecia.<\/li>\n<li>Women with male pattern alopecia.<\/li>\n<\/ul>\n<p style=\"text-align: justify;\">The fact that platelet growth factors are obtained from the patient&#8217;s own blood is a great benefit as it eliminates the associated risks such as possible allergies, hypersensitivity or other reactions.<\/p>\n<p style=\"text-align: justify;\">There are also many people who prefer this type of treatment because of its natural qualities since no chemicals are used, so it is a totally safe process.<\/p>\n<p style=\"text-align: justify;\">The results of the treatment can be variable according to the origin of the hair loss and are progressive, obtaining evident changes after the first 3-4 sessions. It usually takes 4 to 8 sessions to get the best results.<\/p>\n","protected":false},"excerpt":{"rendered":"<p>[vc_row][vc_column][vc_row_inner][vc_column_inner][\/vc_column_inner][\/vc_row_inner][\/vc_column][\/vc_row][vc_row][vc_column width=&#8221;3\/4&#8243; css=&#8221;.vc_custom_1473066092346{margin-top: 0px !important;}&#8221;][vc_column_text css=&#8221;.vc_custom_1473066053815{margin-top: 0px !important;}&#8221;] Today, baldness worries and affects many people, especially androgenic alopecia that is the one that occurs for hereditary reasons. A l&#8217;heure actuelle, la th\u00e9rapie plasma plasmatique plaquettaire attire l&#8217;attention de nombreux praticiens et patients pour son efficacit\u00e9, sa simplicit\u00e9 et sa s\u00e9curit\u00e9 pour pr\u00e9venir la perte de [&hellip;]<\/p>\n","protected":false},"author":5,"featured_media":0,"parent":3028,"menu_order":0,"comment_status":"closed","ping_status":"closed","template":"soulmedic\/tpl-feature.php","meta":{"footnotes":""},"class_list":["post-3036","page","type-page","status-publish","hentry"],"yoast_head":"<!-- This site is optimized with the Yoast SEO plugin v19.12 - https:\/\/yoast.com\/wordpress\/plugins\/seo\/ -->\n<title>Plasma rich on platelets for alopecia | Dr. Lopez Gil |Clinic Alopecia Teknon<\/title>\n<meta name=\"description\" content=\"Treatment to stop alopecia with platelet rich plasma for alopecia in Barcelona. The most advanced technology in the treatment of baldness and alopecia.\" \/>\n<meta name=\"robots\" content=\"index, follow, max-snippet:-1, max-image-preview:large, max-video-preview:-1\" \/>\n<link rel=\"canonical\" href=\"https:\/\/www.lopezgil.com\/en\/treatments\/capillary-treatments\/plasma-rich-on-platelets-for-alopecia\/\" \/>\n<meta property=\"og:locale\" content=\"en_US\" \/>\n<meta property=\"og:type\" content=\"article\" \/>\n<meta property=\"og:title\" content=\"Plasma rich on platelets for alopecia | Dr. Lopez Gil |Clinic Alopecia Teknon\" \/>\n<meta property=\"og:description\" content=\"Treatment to stop alopecia with platelet rich plasma for alopecia in Barcelona. The most advanced technology in the treatment of baldness and alopecia.\" \/>\n<meta property=\"og:url\" content=\"https:\/\/www.lopezgil.com\/en\/treatments\/capillary-treatments\/plasma-rich-on-platelets-for-alopecia\/\" \/>\n<meta property=\"og:site_name\" content=\"Dr. Lopez Gil\" \/>\n<meta property=\"article:modified_time\" content=\"2019-12-10T16:14:37+00:00\" \/>\n<meta name=\"twitter:card\" content=\"summary_large_image\" \/>\n<meta name=\"twitter:label1\" content=\"Est. reading time\" \/>\n\t<meta name=\"twitter:data1\" content=\"2 minutes\" \/>\n<script type=\"application\/ld+json\" class=\"yoast-schema-graph\">{\"@context\":\"https:\/\/schema.org\",\"@graph\":[{\"@type\":\"WebPage\",\"@id\":\"https:\/\/www.lopezgil.com\/en\/treatments\/capillary-treatments\/plasma-rich-on-platelets-for-alopecia\/\",\"url\":\"https:\/\/www.lopezgil.com\/en\/treatments\/capillary-treatments\/plasma-rich-on-platelets-for-alopecia\/\",\"name\":\"Plasma rich on platelets for alopecia | Dr. Lopez Gil |Clinic Alopecia Teknon\",\"isPartOf\":{\"@id\":\"https:\/\/www.lopezgil.com\/ca\/#website\"},\"datePublished\":\"2017-09-15T21:00:51+00:00\",\"dateModified\":\"2019-12-10T16:14:37+00:00\",\"description\":\"Treatment to stop alopecia with platelet rich plasma for alopecia in Barcelona. The most advanced technology in the treatment of baldness and alopecia.\",\"breadcrumb\":{\"@id\":\"https:\/\/www.lopezgil.com\/en\/treatments\/capillary-treatments\/plasma-rich-on-platelets-for-alopecia\/#breadcrumb\"},\"inLanguage\":\"en-US\",\"potentialAction\":[{\"@type\":\"ReadAction\",\"target\":[\"https:\/\/www.lopezgil.com\/en\/treatments\/capillary-treatments\/plasma-rich-on-platelets-for-alopecia\/\"]}]},{\"@type\":\"BreadcrumbList\",\"@id\":\"https:\/\/www.lopezgil.com\/en\/treatments\/capillary-treatments\/plasma-rich-on-platelets-for-alopecia\/#breadcrumb\",\"itemListElement\":[{\"@type\":\"ListItem\",\"position\":1,\"name\":\"Portada\",\"item\":\"https:\/\/www.lopezgil.com\/en\/\"},{\"@type\":\"ListItem\",\"position\":2,\"name\":\"Treatments\",\"item\":\"https:\/\/www.lopezgil.com\/en\/treatments\/\"},{\"@type\":\"ListItem\",\"position\":3,\"name\":\"Capillary treatments\",\"item\":\"https:\/\/www.lopezgil.com\/en\/treatments\/capillary-treatments\/\"},{\"@type\":\"ListItem\",\"position\":4,\"name\":\"Plasma rich on platelets for alopecia\"}]},{\"@type\":\"WebSite\",\"@id\":\"https:\/\/www.lopezgil.com\/ca\/#website\",\"url\":\"https:\/\/www.lopezgil.com\/ca\/\",\"name\":\"Dr. Lopez Gil\",\"description\":\"Dermat\u00f3logo Barcelona\",\"potentialAction\":[{\"@type\":\"SearchAction\",\"target\":{\"@type\":\"EntryPoint\",\"urlTemplate\":\"https:\/\/www.lopezgil.com\/ca\/?s={search_term_string}\"},\"query-input\":\"required name=search_term_string\"}],\"inLanguage\":\"en-US\"}]}<\/script>\n<!-- \/ Yoast SEO plugin. -->","yoast_head_json":{"title":"Plasma rich on platelets for alopecia | Dr. Lopez Gil |Clinic Alopecia Teknon","description":"Treatment to stop alopecia with platelet rich plasma for alopecia in Barcelona. The most advanced technology in the treatment of baldness and alopecia.","robots":{"index":"index","follow":"follow","max-snippet":"max-snippet:-1","max-image-preview":"max-image-preview:large","max-video-preview":"max-video-preview:-1"},"canonical":"https:\/\/www.lopezgil.com\/en\/treatments\/capillary-treatments\/plasma-rich-on-platelets-for-alopecia\/","og_locale":"en_US","og_type":"article","og_title":"Plasma rich on platelets for alopecia | Dr. Lopez Gil |Clinic Alopecia Teknon","og_description":"Treatment to stop alopecia with platelet rich plasma for alopecia in Barcelona. The most advanced technology in the treatment of baldness and alopecia.","og_url":"https:\/\/www.lopezgil.com\/en\/treatments\/capillary-treatments\/plasma-rich-on-platelets-for-alopecia\/","og_site_name":"Dr. Lopez Gil","article_modified_time":"2019-12-10T16:14:37+00:00","twitter_card":"summary_large_image","twitter_misc":{"Est. reading time":"2 minutes"},"schema":{"@context":"https:\/\/schema.org","@graph":[{"@type":"WebPage","@id":"https:\/\/www.lopezgil.com\/en\/treatments\/capillary-treatments\/plasma-rich-on-platelets-for-alopecia\/","url":"https:\/\/www.lopezgil.com\/en\/treatments\/capillary-treatments\/plasma-rich-on-platelets-for-alopecia\/","name":"Plasma rich on platelets for alopecia | Dr. Lopez Gil |Clinic Alopecia Teknon","isPartOf":{"@id":"https:\/\/www.lopezgil.com\/ca\/#website"},"datePublished":"2017-09-15T21:00:51+00:00","dateModified":"2019-12-10T16:14:37+00:00","description":"Treatment to stop alopecia with platelet rich plasma for alopecia in Barcelona. The most advanced technology in the treatment of baldness and alopecia.","breadcrumb":{"@id":"https:\/\/www.lopezgil.com\/en\/treatments\/capillary-treatments\/plasma-rich-on-platelets-for-alopecia\/#breadcrumb"},"inLanguage":"en-US","potentialAction":[{"@type":"ReadAction","target":["https:\/\/www.lopezgil.com\/en\/treatments\/capillary-treatments\/plasma-rich-on-platelets-for-alopecia\/"]}]},{"@type":"BreadcrumbList","@id":"https:\/\/www.lopezgil.com\/en\/treatments\/capillary-treatments\/plasma-rich-on-platelets-for-alopecia\/#breadcrumb","itemListElement":[{"@type":"ListItem","position":1,"name":"Portada","item":"https:\/\/www.lopezgil.com\/en\/"},{"@type":"ListItem","position":2,"name":"Treatments","item":"https:\/\/www.lopezgil.com\/en\/treatments\/"},{"@type":"ListItem","position":3,"name":"Capillary treatments","item":"https:\/\/www.lopezgil.com\/en\/treatments\/capillary-treatments\/"},{"@type":"ListItem","position":4,"name":"Plasma rich on platelets for alopecia"}]},{"@type":"WebSite","@id":"https:\/\/www.lopezgil.com\/ca\/#website","url":"https:\/\/www.lopezgil.com\/ca\/","name":"Dr. Lopez Gil","description":"Dermat\u00f3logo Barcelona","potentialAction":[{"@type":"SearchAction","target":{"@type":"EntryPoint","urlTemplate":"https:\/\/www.lopezgil.com\/ca\/?s={search_term_string}"},"query-input":"required name=search_term_string"}],"inLanguage":"en-US"}]}},"_links":{"self":[{"href":"https:\/\/www.lopezgil.com\/en\/wp-json\/wp\/v2\/pages\/3036","targetHints":{"allow":["GET"]}}],"collection":[{"href":"https:\/\/www.lopezgil.com\/en\/wp-json\/wp\/v2\/pages"}],"about":[{"href":"https:\/\/www.lopezgil.com\/en\/wp-json\/wp\/v2\/types\/page"}],"author":[{"embeddable":true,"href":"https:\/\/www.lopezgil.com\/en\/wp-json\/wp\/v2\/users\/5"}],"replies":[{"embeddable":true,"href":"https:\/\/www.lopezgil.com\/en\/wp-json\/wp\/v2\/comments?post=3036"}],"version-history":[{"count":1,"href":"https:\/\/www.lopezgil.com\/en\/wp-json\/wp\/v2\/pages\/3036\/revisions"}],"predecessor-version":[{"id":3037,"href":"https:\/\/www.lopezgil.com\/en\/wp-json\/wp\/v2\/pages\/3036\/revisions\/3037"}],"up":[{"embeddable":true,"href":"https:\/\/www.lopezgil.com\/en\/wp-json\/wp\/v2\/pages\/3028"}],"wp:attachment":[{"href":"https:\/\/www.lopezgil.com\/en\/wp-json\/wp\/v2\/media?parent=3036"}],"curies":[{"name":"wp","href":"https:\/\/api.w.org\/{rel}","templated":true}]}}