{"id":3030,"date":"2016-07-18T10:31:33","date_gmt":"2016-07-18T10:31:33","guid":{"rendered":"http:\/\/lopezgil.com\/enconstruccion\/treatments\/capillary-treatments\/infiltraciones-capilares-barcelona\/"},"modified":"2019-12-10T15:48:29","modified_gmt":"2019-12-10T15:48:29","slug":"capillary-infiltration-barcelona","status":"publish","type":"page","link":"https:\/\/www.lopezgil.com\/en\/treatments\/capillary-treatments\/capillary-infiltration-barcelona\/","title":{"rendered":"Capillary infiltration"},"content":{"rendered":"<div id=\"fb-root\"><\/div>\n<p style=\"text-align: justify;\">[vc_row][vc_column][vc_row_inner][vc_column_inner]<script type=\"text\/javascript\">jQuery(function() { _initLayerSlider( '#layerslider_79_fphckp7e6rwx', {sliderVersion: '', responsiveUnder: 0, layersContainer: 0, hideUnder: 0, hideOver: 100000, pauseOnHover: 1, skin: 'v5', sliderFadeInDuration: 350, useSrcset: true, skinsPath: 'https:\/\/www.lopezgil.com\/wp-content\/plugins\/LayerSlider\/assets\/static\/layerslider\/skins\/', type: 'responsive', showCircleTimer: false, performanceMode: true}); });<\/script><div id=\"layerslider_79_fphckp7e6rwx\" class=\"ls-wp-container fitvidsignore\" style=\"width:600px;height:200px;margin:0 auto;margin-bottom: 0px;\"><div class=\"ls-slide\" data-ls=\"duration:4000;\"><img loading=\"lazy\" decoding=\"async\" width=\"600\" height=\"200\" src=\"https:\/\/www.lopezgil.com\/wp-content\/uploads\/drlopezgil-dermatologia-barcelona-600x200-infiltraciones-capilares-tratamiento-capilar.jpg\" class=\"ls-bg\" alt=\"drlopezgil-dermatologia-barcelona-600x200-infiltraciones-capilares-tratamiento-capilar\" srcset=\"https:\/\/www.lopezgil.com\/wp-content\/uploads\/drlopezgil-dermatologia-barcelona-600x200-infiltraciones-capilares-tratamiento-capilar.jpg 600w, https:\/\/www.lopezgil.com\/wp-content\/uploads\/drlopezgil-dermatologia-barcelona-600x200-infiltraciones-capilares-tratamiento-capilar-300x100.jpg 300w\" sizes=\"auto, (max-width: 600px) 100vw, 600px\" \/><\/div><\/div>[\/vc_column_inner][\/vc_row_inner][\/vc_column][\/vc_row][vc_row][vc_column width=&#8221;3\/4&#8243; css=&#8221;.vc_custom_1473066092346{margin-top: 0px !important;}&#8221;][vc_column_text css=&#8221;.vc_custom_1473066053815{margin-top: 0px !important;}&#8221;]\n<p style=\"text-align: justify;\">Las infiltraciones capilares se caracterizan por ser uno de los tratamientos m\u00e1s eficaces para frenar la ca\u00edda de cabello y promover la aparici\u00f3n de pelo nuevo en las \u00e1reas m\u00e1s pobres tanto en hombres como en mujeres.<\/p>\n<h2 style=\"text-align: justify;\"><span style=\"color: #75c9d3;\"><strong>Capillary infiltration treatment in Barcelona<\/strong><\/span><\/h2>\n<p style=\"text-align: justify;\">The infiltrations consist of applying a combination of active products of difficult absorption as the vitamins, amino acids and certain minerals directly in the follicle through a pneumatic system. In this way it is possible to revitalize the follicles and increase the thickness and volume of the hair.<\/p>\n<p style=\"text-align: justify;\">The great advantage of this treatment is that it doesn&#8217;t produce pain since in the infiltrated combination there is incorporated anesthesia and produces no side effects.<\/p>\n<p style=\"text-align: justify;\">The sessions must be held monthly or quarterly as the case may be. Usually are needed 7 to 12 sessions over the course of 1-2 years, always complementing with pharmaceutical treatments.<\/p>\n","protected":false},"excerpt":{"rendered":"<p>[vc_row][vc_column][vc_row_inner][vc_column_inner][\/vc_column_inner][\/vc_row_inner][\/vc_column][\/vc_row][vc_row][vc_column width=&#8221;3\/4&#8243; css=&#8221;.vc_custom_1473066092346{margin-top: 0px !important;}&#8221;][vc_column_text css=&#8221;.vc_custom_1473066053815{margin-top: 0px !important;}&#8221;] Las infiltraciones capilares se caracterizan por ser uno de los tratamientos m\u00e1s eficaces para frenar la ca\u00edda de cabello y promover la aparici\u00f3n de pelo nuevo en las \u00e1reas m\u00e1s pobres tanto en hombres como en mujeres. Capillary infiltration treatment in Barcelona The infiltrations consist of applying [&hellip;]<\/p>\n","protected":false},"author":5,"featured_media":0,"parent":3028,"menu_order":0,"comment_status":"closed","ping_status":"closed","template":"soulmedic\/tpl-feature.php","meta":{"footnotes":""},"class_list":["post-3030","page","type-page","status-publish","hentry"],"yoast_head":"<!-- This site is optimized with the Yoast SEO plugin v19.12 - https:\/\/yoast.com\/wordpress\/plugins\/seo\/ -->\n<title>Capillary infiltration | Dr. Lopez Gil | Alopecia Clinic Teknon Barcelona<\/title>\n<meta name=\"description\" content=\"Treatment with capillary infiltrations in Barcelona. Clinic specialist in alopecia. The most advanced technology in the treatment and brake of baldness.\" \/>\n<meta name=\"robots\" content=\"index, follow, max-snippet:-1, max-image-preview:large, max-video-preview:-1\" \/>\n<link rel=\"canonical\" href=\"https:\/\/www.lopezgil.com\/en\/treatments\/capillary-treatments\/capillary-infiltration-barcelona\/\" \/>\n<meta property=\"og:locale\" content=\"en_US\" \/>\n<meta property=\"og:type\" content=\"article\" \/>\n<meta property=\"og:title\" content=\"Capillary infiltration | Dr. Lopez Gil | Alopecia Clinic Teknon Barcelona\" \/>\n<meta property=\"og:description\" content=\"Treatment with capillary infiltrations in Barcelona. Clinic specialist in alopecia. The most advanced technology in the treatment and brake of baldness.\" \/>\n<meta property=\"og:url\" content=\"https:\/\/www.lopezgil.com\/en\/treatments\/capillary-treatments\/capillary-infiltration-barcelona\/\" \/>\n<meta property=\"og:site_name\" content=\"Dr. Lopez Gil\" \/>\n<meta property=\"article:modified_time\" content=\"2019-12-10T15:48:29+00:00\" \/>\n<meta name=\"twitter:card\" content=\"summary_large_image\" \/>\n<meta name=\"twitter:label1\" content=\"Est. reading time\" \/>\n\t<meta name=\"twitter:data1\" content=\"1 minute\" \/>\n<script type=\"application\/ld+json\" class=\"yoast-schema-graph\">{\"@context\":\"https:\/\/schema.org\",\"@graph\":[{\"@type\":\"WebPage\",\"@id\":\"https:\/\/www.lopezgil.com\/en\/treatments\/capillary-treatments\/capillary-infiltration-barcelona\/\",\"url\":\"https:\/\/www.lopezgil.com\/en\/treatments\/capillary-treatments\/capillary-infiltration-barcelona\/\",\"name\":\"Capillary infiltration | Dr. Lopez Gil | Alopecia Clinic Teknon Barcelona\",\"isPartOf\":{\"@id\":\"https:\/\/www.lopezgil.com\/ca\/#website\"},\"datePublished\":\"2016-07-18T10:31:33+00:00\",\"dateModified\":\"2019-12-10T15:48:29+00:00\",\"description\":\"Treatment with capillary infiltrations in Barcelona. Clinic specialist in alopecia. The most advanced technology in the treatment and brake of baldness.\",\"breadcrumb\":{\"@id\":\"https:\/\/www.lopezgil.com\/en\/treatments\/capillary-treatments\/capillary-infiltration-barcelona\/#breadcrumb\"},\"inLanguage\":\"en-US\",\"potentialAction\":[{\"@type\":\"ReadAction\",\"target\":[\"https:\/\/www.lopezgil.com\/en\/treatments\/capillary-treatments\/capillary-infiltration-barcelona\/\"]}]},{\"@type\":\"BreadcrumbList\",\"@id\":\"https:\/\/www.lopezgil.com\/en\/treatments\/capillary-treatments\/capillary-infiltration-barcelona\/#breadcrumb\",\"itemListElement\":[{\"@type\":\"ListItem\",\"position\":1,\"name\":\"Portada\",\"item\":\"https:\/\/www.lopezgil.com\/en\/\"},{\"@type\":\"ListItem\",\"position\":2,\"name\":\"Treatments\",\"item\":\"https:\/\/www.lopezgil.com\/en\/treatments\/\"},{\"@type\":\"ListItem\",\"position\":3,\"name\":\"Capillary treatments\",\"item\":\"https:\/\/www.lopezgil.com\/en\/treatments\/capillary-treatments\/\"},{\"@type\":\"ListItem\",\"position\":4,\"name\":\"Capillary infiltration\"}]},{\"@type\":\"WebSite\",\"@id\":\"https:\/\/www.lopezgil.com\/ca\/#website\",\"url\":\"https:\/\/www.lopezgil.com\/ca\/\",\"name\":\"Dr. Lopez Gil\",\"description\":\"Dermat\u00f3logo Barcelona\",\"potentialAction\":[{\"@type\":\"SearchAction\",\"target\":{\"@type\":\"EntryPoint\",\"urlTemplate\":\"https:\/\/www.lopezgil.com\/ca\/?s={search_term_string}\"},\"query-input\":\"required name=search_term_string\"}],\"inLanguage\":\"en-US\"}]}<\/script>\n<!-- \/ Yoast SEO plugin. -->","yoast_head_json":{"title":"Capillary infiltration | Dr. Lopez Gil | Alopecia Clinic Teknon Barcelona","description":"Treatment with capillary infiltrations in Barcelona. Clinic specialist in alopecia. The most advanced technology in the treatment and brake of baldness.","robots":{"index":"index","follow":"follow","max-snippet":"max-snippet:-1","max-image-preview":"max-image-preview:large","max-video-preview":"max-video-preview:-1"},"canonical":"https:\/\/www.lopezgil.com\/en\/treatments\/capillary-treatments\/capillary-infiltration-barcelona\/","og_locale":"en_US","og_type":"article","og_title":"Capillary infiltration | Dr. Lopez Gil | Alopecia Clinic Teknon Barcelona","og_description":"Treatment with capillary infiltrations in Barcelona. Clinic specialist in alopecia. The most advanced technology in the treatment and brake of baldness.","og_url":"https:\/\/www.lopezgil.com\/en\/treatments\/capillary-treatments\/capillary-infiltration-barcelona\/","og_site_name":"Dr. Lopez Gil","article_modified_time":"2019-12-10T15:48:29+00:00","twitter_card":"summary_large_image","twitter_misc":{"Est. reading time":"1 minute"},"schema":{"@context":"https:\/\/schema.org","@graph":[{"@type":"WebPage","@id":"https:\/\/www.lopezgil.com\/en\/treatments\/capillary-treatments\/capillary-infiltration-barcelona\/","url":"https:\/\/www.lopezgil.com\/en\/treatments\/capillary-treatments\/capillary-infiltration-barcelona\/","name":"Capillary infiltration | Dr. Lopez Gil | Alopecia Clinic Teknon Barcelona","isPartOf":{"@id":"https:\/\/www.lopezgil.com\/ca\/#website"},"datePublished":"2016-07-18T10:31:33+00:00","dateModified":"2019-12-10T15:48:29+00:00","description":"Treatment with capillary infiltrations in Barcelona. Clinic specialist in alopecia. The most advanced technology in the treatment and brake of baldness.","breadcrumb":{"@id":"https:\/\/www.lopezgil.com\/en\/treatments\/capillary-treatments\/capillary-infiltration-barcelona\/#breadcrumb"},"inLanguage":"en-US","potentialAction":[{"@type":"ReadAction","target":["https:\/\/www.lopezgil.com\/en\/treatments\/capillary-treatments\/capillary-infiltration-barcelona\/"]}]},{"@type":"BreadcrumbList","@id":"https:\/\/www.lopezgil.com\/en\/treatments\/capillary-treatments\/capillary-infiltration-barcelona\/#breadcrumb","itemListElement":[{"@type":"ListItem","position":1,"name":"Portada","item":"https:\/\/www.lopezgil.com\/en\/"},{"@type":"ListItem","position":2,"name":"Treatments","item":"https:\/\/www.lopezgil.com\/en\/treatments\/"},{"@type":"ListItem","position":3,"name":"Capillary treatments","item":"https:\/\/www.lopezgil.com\/en\/treatments\/capillary-treatments\/"},{"@type":"ListItem","position":4,"name":"Capillary infiltration"}]},{"@type":"WebSite","@id":"https:\/\/www.lopezgil.com\/ca\/#website","url":"https:\/\/www.lopezgil.com\/ca\/","name":"Dr. Lopez Gil","description":"Dermat\u00f3logo Barcelona","potentialAction":[{"@type":"SearchAction","target":{"@type":"EntryPoint","urlTemplate":"https:\/\/www.lopezgil.com\/ca\/?s={search_term_string}"},"query-input":"required name=search_term_string"}],"inLanguage":"en-US"}]}},"_links":{"self":[{"href":"https:\/\/www.lopezgil.com\/en\/wp-json\/wp\/v2\/pages\/3030","targetHints":{"allow":["GET"]}}],"collection":[{"href":"https:\/\/www.lopezgil.com\/en\/wp-json\/wp\/v2\/pages"}],"about":[{"href":"https:\/\/www.lopezgil.com\/en\/wp-json\/wp\/v2\/types\/page"}],"author":[{"embeddable":true,"href":"https:\/\/www.lopezgil.com\/en\/wp-json\/wp\/v2\/users\/5"}],"replies":[{"embeddable":true,"href":"https:\/\/www.lopezgil.com\/en\/wp-json\/wp\/v2\/comments?post=3030"}],"version-history":[{"count":2,"href":"https:\/\/www.lopezgil.com\/en\/wp-json\/wp\/v2\/pages\/3030\/revisions"}],"predecessor-version":[{"id":5017,"href":"https:\/\/www.lopezgil.com\/en\/wp-json\/wp\/v2\/pages\/3030\/revisions\/5017"}],"up":[{"embeddable":true,"href":"https:\/\/www.lopezgil.com\/en\/wp-json\/wp\/v2\/pages\/3028"}],"wp:attachment":[{"href":"https:\/\/www.lopezgil.com\/en\/wp-json\/wp\/v2\/media?parent=3030"}],"curies":[{"name":"wp","href":"https:\/\/api.w.org\/{rel}","templated":true}]}}