{"id":2959,"date":"2016-06-16T09:55:32","date_gmt":"2016-06-16T09:55:32","guid":{"rendered":"http:\/\/lopezgil.com\/enconstruccion\/dermatologia-estetica-barcelona\/codigo-de-barras\/"},"modified":"2019-12-05T23:23:50","modified_gmt":"2019-12-05T23:23:50","slug":"upper-lip-wrinkles","status":"publish","type":"page","link":"https:\/\/www.lopezgil.com\/en\/aesthetic-dermatology-barcelona\/upper-lip-wrinkles\/","title":{"rendered":"Upper lip wrinkles"},"content":{"rendered":"<div id=\"fb-root\"><\/div>\n<p style=\"text-align: justify;\">[vc_row][vc_column][vc_row_inner][vc_column_inner]<script type=\"text\/javascript\">jQuery(function() { _initLayerSlider( '#layerslider_85_1q34fdpk3wwhq', {sliderVersion: '', responsiveUnder: 0, layersContainer: 0, hideUnder: 0, hideOver: 100000, pauseOnHover: 1, skin: 'v5', sliderFadeInDuration: 350, useSrcset: true, skinsPath: 'https:\/\/www.lopezgil.com\/wp-content\/plugins\/LayerSlider\/assets\/static\/layerslider\/skins\/', type: 'responsive', showCircleTimer: false, performanceMode: true}); });<\/script><div id=\"layerslider_85_1q34fdpk3wwhq\" class=\"ls-wp-container fitvidsignore\" style=\"width:600px;height:200px;margin:0 auto;margin-bottom: 0px;\"><div class=\"ls-slide\" data-ls=\"duration:4000;\"><img loading=\"lazy\" decoding=\"async\" width=\"600\" height=\"200\" src=\"https:\/\/www.lopezgil.com\/wp-content\/uploads\/drlopezgil-dermatologia-barcelona-600x200-codigo-barras-dermatologia-estetica.jpg\" class=\"ls-bg\" alt=\"dr-lopez-gil-dermatologia-barcelona-600x200-codigo-barras-dermatologia-estetica-arrugas-clinica\" srcset=\"https:\/\/www.lopezgil.com\/wp-content\/uploads\/drlopezgil-dermatologia-barcelona-600x200-codigo-barras-dermatologia-estetica.jpg 600w, https:\/\/www.lopezgil.com\/wp-content\/uploads\/drlopezgil-dermatologia-barcelona-600x200-codigo-barras-dermatologia-estetica-300x100.jpg 300w\" sizes=\"auto, (max-width: 600px) 100vw, 600px\" \/><\/div><\/div>[\/vc_column_inner][\/vc_row_inner][\/vc_column][\/vc_row][vc_row][vc_column width=&#8221;3\/4&#8243; css=&#8221;.vc_custom_1473066092346{margin-top: 0px !important;}&#8221;][vc_column_text css=&#8221;.vc_custom_1473066053815{margin-top: 0px !important;}&#8221;]\n<h2 style=\"text-align: justify;\"><span style=\"color: #75c9d3;\"><strong>To what?<\/strong><\/span><\/h2>\n<p style=\"text-align: justify;\">The appearance of vertical wrinkles on the upper lip is a frequent query in aesthetic dermatology, especially in women from the age of 40. The upper lip wrinkles usually appears in people very expressive or who smoke or have had during this habit.<\/p>\n<h2 style=\"text-align: justify;\"><span style=\"color: #75c9d3;\"><strong>What does upper lip wrinkles consist of?<\/strong><\/span><\/h2>\n<p style=\"text-align: justify;\">For the treatment of the upper lip wrinkles, infiltrations of hyaluronic acid are made at the base of the wrinkle to fill the volume lost over the years. Normally, in a single session is enough to greatly improve the area and make disappear vertical wrinkles that both bother many patients.<\/p>\n<p style=\"text-align: justify;\">However, sometimes the wrinkles are very deep, and it\u2019s then recommended to perform three or four sessions of non-ablative fractionated laser to further blur the remaining wrinkles and achieve a better result.<\/p>\n<h2 style=\"text-align: justify;\"><span style=\"color: #75c9d3;\"><strong>It is painful?<\/strong><\/span><\/h2>\n<p style=\"text-align: justify;\">Al aplicar anestesia, el\/la paciente no siente ninguna molestia ni dolor. Los labios, durante los 2-3 d\u00edas siguientes despu\u00e9s de la primera inyecci\u00f3n de \u00e1cido hialur\u00f3nico, se hinchan, por lo que se recomienda realizar el tratamiento previo a unos d\u00edas festivos o antes del fin de semana.<\/p>\n<h2 style=\"text-align: justify;\"><span style=\"color: #75c9d3;\"><strong>How many sessions are needed?<\/strong><\/span><\/h2>\n<p style=\"text-align: justify;\">In general, a single session is necessary to obtain good results.<\/p>\n<p style=\"text-align: justify;\">The duration of the effect is between 8 and 15 months, although it depends on the depth of the wrinkles and the person&#8217;s natural gesticulation.<\/p>\n<h2 style=\"text-align: justify;\"><span style=\"color: #75c9d3;\"><strong>P<\/strong><\/span><span style=\"color: #75c9d3;\"><strong>re-treatment tips<\/strong><\/span><\/h2>\n<ul style=\"text-align: justify;\">\n<li>Avoid aspirin and anti-inflammatories the previous 10 days. It&#8217;s advisable to take anti-herpes medication in people predisposed to have it.<\/li>\n<\/ul>\n<h2 style=\"text-align: justify;\"><span style=\"color: #75c9d3;\"><strong>Post-treatment tips<\/strong><\/span><\/h2>\n<ul>\n<li style=\"text-align: justify;\">Use cold compresses 2-3 times a day for the first few days.<\/li>\n<li style=\"text-align: justify;\">Hydrate the area well<\/li>\n<\/ul>\n","protected":false},"excerpt":{"rendered":"<p>[vc_row][vc_column][vc_row_inner][vc_column_inner][\/vc_column_inner][\/vc_row_inner][\/vc_column][\/vc_row][vc_row][vc_column width=&#8221;3\/4&#8243; css=&#8221;.vc_custom_1473066092346{margin-top: 0px !important;}&#8221;][vc_column_text css=&#8221;.vc_custom_1473066053815{margin-top: 0px !important;}&#8221;] To what? The appearance of vertical wrinkles on the upper lip is a frequent query in aesthetic dermatology, especially in women from the age of 40. The upper lip wrinkles usually appears in people very expressive or who smoke or have had during this habit. What does [&hellip;]<\/p>\n","protected":false},"author":5,"featured_media":0,"parent":2919,"menu_order":0,"comment_status":"closed","ping_status":"closed","template":"soulmedic\/tpl-feature.php","meta":{"footnotes":""},"class_list":["post-2959","page","type-page","status-publish","hentry"],"yoast_head":"<!-- This site is optimized with the Yoast SEO plugin v19.12 - https:\/\/yoast.com\/wordpress\/plugins\/seo\/ -->\n<title>Upper lip wrinkles | Dr. Lopez Gil | Tekon Clinic Barcelona<\/title>\n<meta name=\"description\" content=\"From the 40s, vertical wrinkles usually appear on the upper lip, which is known as the barcode. Meet the best treatments.\" \/>\n<meta name=\"robots\" content=\"index, follow, max-snippet:-1, max-image-preview:large, max-video-preview:-1\" \/>\n<link rel=\"canonical\" href=\"https:\/\/www.lopezgil.com\/en\/aesthetic-dermatology-barcelona\/upper-lip-wrinkles\/\" \/>\n<meta property=\"og:locale\" content=\"en_US\" \/>\n<meta property=\"og:type\" content=\"article\" \/>\n<meta property=\"og:title\" content=\"Upper lip wrinkles | Dr. Lopez Gil | Tekon Clinic Barcelona\" \/>\n<meta property=\"og:description\" content=\"From the 40s, vertical wrinkles usually appear on the upper lip, which is known as the barcode. Meet the best treatments.\" \/>\n<meta property=\"og:url\" content=\"https:\/\/www.lopezgil.com\/en\/aesthetic-dermatology-barcelona\/upper-lip-wrinkles\/\" \/>\n<meta property=\"og:site_name\" content=\"Dr. Lopez Gil\" \/>\n<meta property=\"article:modified_time\" content=\"2019-12-05T23:23:50+00:00\" \/>\n<meta name=\"twitter:card\" content=\"summary_large_image\" \/>\n<meta name=\"twitter:label1\" content=\"Est. reading time\" \/>\n\t<meta name=\"twitter:data1\" content=\"2 minutes\" \/>\n<script type=\"application\/ld+json\" class=\"yoast-schema-graph\">{\"@context\":\"https:\/\/schema.org\",\"@graph\":[{\"@type\":\"WebPage\",\"@id\":\"https:\/\/www.lopezgil.com\/en\/aesthetic-dermatology-barcelona\/upper-lip-wrinkles\/\",\"url\":\"https:\/\/www.lopezgil.com\/en\/aesthetic-dermatology-barcelona\/upper-lip-wrinkles\/\",\"name\":\"Upper lip wrinkles | Dr. Lopez Gil | Tekon Clinic Barcelona\",\"isPartOf\":{\"@id\":\"https:\/\/www.lopezgil.com\/ca\/#website\"},\"datePublished\":\"2016-06-16T09:55:32+00:00\",\"dateModified\":\"2019-12-05T23:23:50+00:00\",\"description\":\"From the 40s, vertical wrinkles usually appear on the upper lip, which is known as the barcode. Meet the best treatments.\",\"breadcrumb\":{\"@id\":\"https:\/\/www.lopezgil.com\/en\/aesthetic-dermatology-barcelona\/upper-lip-wrinkles\/#breadcrumb\"},\"inLanguage\":\"en-US\",\"potentialAction\":[{\"@type\":\"ReadAction\",\"target\":[\"https:\/\/www.lopezgil.com\/en\/aesthetic-dermatology-barcelona\/upper-lip-wrinkles\/\"]}]},{\"@type\":\"BreadcrumbList\",\"@id\":\"https:\/\/www.lopezgil.com\/en\/aesthetic-dermatology-barcelona\/upper-lip-wrinkles\/#breadcrumb\",\"itemListElement\":[{\"@type\":\"ListItem\",\"position\":1,\"name\":\"Portada\",\"item\":\"https:\/\/www.lopezgil.com\/en\/\"},{\"@type\":\"ListItem\",\"position\":2,\"name\":\"Aesthetic dermatology\",\"item\":\"https:\/\/www.lopezgil.com\/en\/aesthetic-dermatology-barcelona\/\"},{\"@type\":\"ListItem\",\"position\":3,\"name\":\"Upper lip wrinkles\"}]},{\"@type\":\"WebSite\",\"@id\":\"https:\/\/www.lopezgil.com\/ca\/#website\",\"url\":\"https:\/\/www.lopezgil.com\/ca\/\",\"name\":\"Dr. Lopez Gil\",\"description\":\"Dermat\u00f3logo Barcelona\",\"potentialAction\":[{\"@type\":\"SearchAction\",\"target\":{\"@type\":\"EntryPoint\",\"urlTemplate\":\"https:\/\/www.lopezgil.com\/ca\/?s={search_term_string}\"},\"query-input\":\"required name=search_term_string\"}],\"inLanguage\":\"en-US\"}]}<\/script>\n<!-- \/ Yoast SEO plugin. -->","yoast_head_json":{"title":"Upper lip wrinkles | Dr. Lopez Gil | Tekon Clinic Barcelona","description":"From the 40s, vertical wrinkles usually appear on the upper lip, which is known as the barcode. Meet the best treatments.","robots":{"index":"index","follow":"follow","max-snippet":"max-snippet:-1","max-image-preview":"max-image-preview:large","max-video-preview":"max-video-preview:-1"},"canonical":"https:\/\/www.lopezgil.com\/en\/aesthetic-dermatology-barcelona\/upper-lip-wrinkles\/","og_locale":"en_US","og_type":"article","og_title":"Upper lip wrinkles | Dr. Lopez Gil | Tekon Clinic Barcelona","og_description":"From the 40s, vertical wrinkles usually appear on the upper lip, which is known as the barcode. Meet the best treatments.","og_url":"https:\/\/www.lopezgil.com\/en\/aesthetic-dermatology-barcelona\/upper-lip-wrinkles\/","og_site_name":"Dr. Lopez Gil","article_modified_time":"2019-12-05T23:23:50+00:00","twitter_card":"summary_large_image","twitter_misc":{"Est. reading time":"2 minutes"},"schema":{"@context":"https:\/\/schema.org","@graph":[{"@type":"WebPage","@id":"https:\/\/www.lopezgil.com\/en\/aesthetic-dermatology-barcelona\/upper-lip-wrinkles\/","url":"https:\/\/www.lopezgil.com\/en\/aesthetic-dermatology-barcelona\/upper-lip-wrinkles\/","name":"Upper lip wrinkles | Dr. Lopez Gil | Tekon Clinic Barcelona","isPartOf":{"@id":"https:\/\/www.lopezgil.com\/ca\/#website"},"datePublished":"2016-06-16T09:55:32+00:00","dateModified":"2019-12-05T23:23:50+00:00","description":"From the 40s, vertical wrinkles usually appear on the upper lip, which is known as the barcode. Meet the best treatments.","breadcrumb":{"@id":"https:\/\/www.lopezgil.com\/en\/aesthetic-dermatology-barcelona\/upper-lip-wrinkles\/#breadcrumb"},"inLanguage":"en-US","potentialAction":[{"@type":"ReadAction","target":["https:\/\/www.lopezgil.com\/en\/aesthetic-dermatology-barcelona\/upper-lip-wrinkles\/"]}]},{"@type":"BreadcrumbList","@id":"https:\/\/www.lopezgil.com\/en\/aesthetic-dermatology-barcelona\/upper-lip-wrinkles\/#breadcrumb","itemListElement":[{"@type":"ListItem","position":1,"name":"Portada","item":"https:\/\/www.lopezgil.com\/en\/"},{"@type":"ListItem","position":2,"name":"Aesthetic dermatology","item":"https:\/\/www.lopezgil.com\/en\/aesthetic-dermatology-barcelona\/"},{"@type":"ListItem","position":3,"name":"Upper lip wrinkles"}]},{"@type":"WebSite","@id":"https:\/\/www.lopezgil.com\/ca\/#website","url":"https:\/\/www.lopezgil.com\/ca\/","name":"Dr. Lopez Gil","description":"Dermat\u00f3logo Barcelona","potentialAction":[{"@type":"SearchAction","target":{"@type":"EntryPoint","urlTemplate":"https:\/\/www.lopezgil.com\/ca\/?s={search_term_string}"},"query-input":"required name=search_term_string"}],"inLanguage":"en-US"}]}},"_links":{"self":[{"href":"https:\/\/www.lopezgil.com\/en\/wp-json\/wp\/v2\/pages\/2959","targetHints":{"allow":["GET"]}}],"collection":[{"href":"https:\/\/www.lopezgil.com\/en\/wp-json\/wp\/v2\/pages"}],"about":[{"href":"https:\/\/www.lopezgil.com\/en\/wp-json\/wp\/v2\/types\/page"}],"author":[{"embeddable":true,"href":"https:\/\/www.lopezgil.com\/en\/wp-json\/wp\/v2\/users\/5"}],"replies":[{"embeddable":true,"href":"https:\/\/www.lopezgil.com\/en\/wp-json\/wp\/v2\/comments?post=2959"}],"version-history":[{"count":3,"href":"https:\/\/www.lopezgil.com\/en\/wp-json\/wp\/v2\/pages\/2959\/revisions"}],"predecessor-version":[{"id":4809,"href":"https:\/\/www.lopezgil.com\/en\/wp-json\/wp\/v2\/pages\/2959\/revisions\/4809"}],"up":[{"embeddable":true,"href":"https:\/\/www.lopezgil.com\/en\/wp-json\/wp\/v2\/pages\/2919"}],"wp:attachment":[{"href":"https:\/\/www.lopezgil.com\/en\/wp-json\/wp\/v2\/media?parent=2959"}],"curies":[{"name":"wp","href":"https:\/\/api.w.org\/{rel}","templated":true}]}}