{"id":2927,"date":"2016-06-16T09:53:47","date_gmt":"2016-06-16T09:53:47","guid":{"rendered":"http:\/\/lopezgil.com\/enconstruccion\/dermatologia-estetica-barcelona\/eleminar-bolsas-ojos-ojeras\/"},"modified":"2019-12-06T16:55:31","modified_gmt":"2019-12-06T16:55:31","slug":"eye-bags-and-dark-circles","status":"publish","type":"page","link":"https:\/\/www.lopezgil.com\/en\/aesthetic-dermatology-barcelona\/eye-bags-and-dark-circles\/","title":{"rendered":"Eye bags and dark circles"},"content":{"rendered":"<div id=\"fb-root\"><\/div>\n<p style=\"text-align: justify;\">[vc_row][vc_column][vc_row_inner][vc_column_inner]<script type=\"text\/javascript\">jQuery(function() { _initLayerSlider( '#layerslider_64_190zakzmlxjnk', {sliderVersion: '', responsiveUnder: 0, layersContainer: 0, hideUnder: 0, hideOver: 100000, pauseOnHover: 1, skin: 'v5', sliderFadeInDuration: 350, useSrcset: true, skinsPath: 'https:\/\/www.lopezgil.com\/wp-content\/plugins\/LayerSlider\/assets\/static\/layerslider\/skins\/', type: 'responsive', showCircleTimer: false, performanceMode: true}); });<\/script><div id=\"layerslider_64_190zakzmlxjnk\" class=\"ls-wp-container fitvidsignore\" style=\"width:600px;height:200px;margin:0 auto;margin-bottom: 0px;\"><div class=\"ls-slide\" data-ls=\"duration:4000;\"><img loading=\"lazy\" decoding=\"async\" width=\"600\" height=\"200\" src=\"https:\/\/www.lopezgil.com\/wp-content\/uploads\/drlopezgil_dermatologia_barcelona_600x200_bolsas_ojeras-2.jpg\" class=\"ls-bg\" alt=\"tratamiento-bolsas-ojeras-dermatologo-cirujano-barcelona\" srcset=\"https:\/\/www.lopezgil.com\/wp-content\/uploads\/drlopezgil_dermatologia_barcelona_600x200_bolsas_ojeras-2.jpg 600w, https:\/\/www.lopezgil.com\/wp-content\/uploads\/drlopezgil_dermatologia_barcelona_600x200_bolsas_ojeras-2-300x100.jpg 300w\" sizes=\"auto, (max-width: 600px) 100vw, 600px\" \/><\/div><\/div>[\/vc_column_inner][\/vc_row_inner][\/vc_column][\/vc_row][vc_row][vc_column width=&#8221;3\/4&#8243; css=&#8221;.vc_custom_1473066092346{margin-top: 0px !important;}&#8221;][vc_column_text css=&#8221;.vc_custom_1473066053815{margin-top: 0px !important;}&#8221;]\n<h2 style=\"text-align: justify;\"><span style=\"color: #75c9d3;\"><strong>What is eye bags and dark circles?<\/strong><\/span><\/h2>\n<p style=\"text-align: justify;\">Eye bags and dark circles are the darkening of the skin or purple spot that is created around or under the eyes. They provide an appearance of tired and\/or sick face and usually attribute to the person years of more.<\/p>\n<p style=\"text-align: justify;\">Dark circles may or may not be accompanied by excess liquid and\/or fat under the skin, known the eye bags.<\/p>\n<h2 style=\"text-align: justify;\"><span style=\"color: #75c9d3;\"><strong>Who does it affect?<\/strong><\/span><\/h2>\n<p style=\"text-align: justify;\">The younger people do not have or do not usually present &#8220;bags&#8221;, that is to say they usually show flat or slightly sunken dark circles. On the other hand, people between the ages of 50 and 60 usually have eye bags.<\/p>\n<h2 style=\"text-align: justify;\"><span style=\"color: #75c9d3;\"><strong>Eye bags and dark circles c<\/strong><\/span><span style=\"color: #75c9d3;\"><strong>auses<\/strong><\/span><\/h2>\n<p style=\"text-align: justify;\">They can have their origin in several causes. Usually, the most common reason is that there is accumulated tiredness that worsens the lymphatic and\/or vascular drainage of the area and causes darkening due to lack of blood supply.<\/p>\n<p style=\"text-align: justify;\">Eye bags can be caused by:<\/p>\n<ul style=\"text-align: justify;\">\n<li>Fluid retention<\/li>\n<li>Inadequate feeding<\/li>\n<li>Lack of hydration<\/li>\n<li>Hereditary factors<\/li>\n<\/ul>\n<h2 style=\"text-align: justify;\"><span style=\"color: #75c9d3;\"><strong>Eye bags and dark circles t<\/strong><\/span><span style=\"color: #75c9d3;\"><strong>reatment<\/strong><\/span><\/h2>\n<p style=\"text-align: justify;\">It&#8217;s not strictly necessary to treat dark circles as they don\u2019t have a medical importance except when they appear in very young people as they are quite related to respiratory allergic type problems.<\/p>\n<p style=\"text-align: justify;\">Most of the patients want to eliminate these imperfections because they contribute an aspect of fatigue and years of more.<\/p>\n<p style=\"text-align: justify;\"><u>What does it consist of?<\/u><\/p>\n<p style=\"text-align: justify;\">The best treatment to treat dark circles is to improve the area by making small infiltrations of hyaluronic acid just below the lower eyelid to produce a lifting and stretching of the skin, favoring the vascularization of the area. The filling effect manages to give volume, giving to the skin more hydration and consequently a better appearance.<\/p>\n<p style=\"text-align: justify;\">All cosmetic treatments such as anti-scabies, serums and creams improve the texture and surface of the skin but do not change the general aspects of the area.<\/p>\n<p style=\"text-align: justify;\"><u>It&#8217;s painful?<\/u><\/p>\n<p style=\"text-align: justify;\">It&#8217;s a painless treatment. The product itself carries lidocaine, a local anesthetic that decreases the sensation of pain when injecting the product.<\/p>\n<p style=\"text-align: justify;\"><u>How many sessions are needed?<\/u><\/p>\n<p style=\"text-align: justify;\">As a general rule, with a single session the desired results can be obtained, however, each case should be analyzed to plan a possible revision or retouch.<\/p>\n<p style=\"text-align: justify;\"><u>When are the results visible?<\/u><\/p>\n<p style=\"text-align: justify;\">In the event that the patient doesn&#8217;t produce a hematoma, the results are visible practically 2-3 days after the treatment, once the natural inflammation has decreased as a result of the injection.<\/p>\n<p style=\"text-align: justify;\"><u>How long does the treatment last?<\/u><\/p>\n<p style=\"text-align: justify;\">There are several factors that must be taken into account to determine the estimate of the duration of treatment, such as previous status, skin type and care of the area. Usually, it lasts between a year and a year and a half.<\/p>\n<p style=\"text-align: justify;\"><u>What types of defects can we deal with with hyaluronic acid?<\/u><\/p>\n<ul style=\"text-align: justify;\">\n<li>Dark circles under the eyes.<\/li>\n<li>Violet marks around the eyes.<\/li>\n<li>Correction of facial asymmetries (facial oval) and nasal nystectomy.<\/li>\n<\/ul>\n<p style=\"text-align: justify;\"><u>What types of defects can we NOT treat with hyaluronic acid?<\/u><\/p>\n<ul style=\"text-align: justify;\">\n<li>Grease bags under the eyes.<\/li>\n<li>Obscured dark circles as a consequence of a genetic component (present a dark brown or black color).<\/li>\n<li>Flaccidity of upper and\/or lower eyelids: in these cases the filling of hyaluronic acid doesn&#8217;t solve the flaccidity, and usually requires a surgical-plastic intervention.<\/li>\n<\/ul>\n<p style=\"text-align: justify;\">It should be noted that in the case of that dark circles are accompanied by a bag, the solution with hyaluronic acid isn&#8217;t feasible and it&#8217;s generally recommended to perform a surgical procedure with a specialist.<\/p>\n<h2 style=\"text-align: justify;\"><span style=\"color: #75c9d3;\"><strong>Pre-treatment advice<\/strong><\/span><\/h2>\n<ul style=\"text-align: justify;\">\n<li>Evitar la exposici\u00f3n solar prolongada durante los 7 d\u00edas previos al tratamiento.<\/li>\n<li>No estar bronceado\/a.<\/li>\n<li>No tener heridas o cicatrices recientes.<\/li>\n<li>No tomar antiinflamatorios 7 d\u00edas antes.<\/li>\n<li>Si la persona tiene una predisposici\u00f3n gen\u00e9tica a crear hematomas, se recomienda usar crema de \u00e1rnica la semana de antes.<\/li>\n<li>No tener herpes.<\/li>\n<\/ul>\n<h2 style=\"text-align: justify;\"><span style=\"color: #75c9d3;\"><strong>Post-treatment advice<\/strong><\/span><\/h2>\n<ul>\n<li style=\"text-align: justify;\">In case of bruises, use natural creams such as arnica.<\/li>\n<li style=\"text-align: justify;\">Avoid prolonged sun exposure for 7 days afterwards.<\/li>\n<li style=\"text-align: justify;\">Avoid saunas and\/or similar<\/li>\n<li style=\"text-align: justify;\">Avoid massaging the area vigorously.<\/li>\n<li style=\"text-align: justify;\">Use sunscreen.<\/li>\n<li style=\"text-align: justify;\">Don&#8217;t perform sessions of UVA rays.<\/li>\n<li style=\"text-align: justify;\">Avoid treatments that erode the skin or scaly it.<\/li>\n<\/ul>\n","protected":false},"excerpt":{"rendered":"<p>[vc_row][vc_column][vc_row_inner][vc_column_inner][\/vc_column_inner][\/vc_row_inner][\/vc_column][\/vc_row][vc_row][vc_column width=&#8221;3\/4&#8243; css=&#8221;.vc_custom_1473066092346{margin-top: 0px !important;}&#8221;][vc_column_text css=&#8221;.vc_custom_1473066053815{margin-top: 0px !important;}&#8221;] What is eye bags and dark circles? Eye bags and dark circles are the darkening of the skin or purple spot that is created around or under the eyes. They provide an appearance of tired and\/or sick face and usually attribute to the person years of more. [&hellip;]<\/p>\n","protected":false},"author":5,"featured_media":0,"parent":2919,"menu_order":0,"comment_status":"closed","ping_status":"closed","template":"soulmedic\/tpl-feature.php","meta":{"footnotes":""},"class_list":["post-2927","page","type-page","status-publish","hentry"],"yoast_head":"<!-- This site is optimized with the Yoast SEO plugin v19.12 - https:\/\/yoast.com\/wordpress\/plugins\/seo\/ -->\n<title>Eye bags and dark circles | Dr. Lopez Gil | Cl\u00ednica Teknon Barcelona<\/title>\n<meta name=\"description\" content=\"All you have to know to eliminate bags and dark circles. Its causes and the best treatments applied by our team of medical specialists\" \/>\n<meta name=\"robots\" content=\"index, follow, max-snippet:-1, max-image-preview:large, max-video-preview:-1\" \/>\n<link rel=\"canonical\" href=\"https:\/\/www.lopezgil.com\/en\/aesthetic-dermatology-barcelona\/eye-bags-and-dark-circles\/\" \/>\n<meta property=\"og:locale\" content=\"en_US\" \/>\n<meta property=\"og:type\" content=\"article\" \/>\n<meta property=\"og:title\" content=\"Eye bags and dark circles | Dr. Lopez Gil | Cl\u00ednica Teknon Barcelona\" \/>\n<meta property=\"og:description\" content=\"All you have to know to eliminate bags and dark circles. Its causes and the best treatments applied by our team of medical specialists\" \/>\n<meta property=\"og:url\" content=\"https:\/\/www.lopezgil.com\/en\/aesthetic-dermatology-barcelona\/eye-bags-and-dark-circles\/\" \/>\n<meta property=\"og:site_name\" content=\"Dr. Lopez Gil\" \/>\n<meta property=\"article:modified_time\" content=\"2019-12-06T16:55:31+00:00\" \/>\n<meta name=\"twitter:card\" content=\"summary_large_image\" \/>\n<meta name=\"twitter:label1\" content=\"Est. reading time\" \/>\n\t<meta name=\"twitter:data1\" content=\"4 minutes\" \/>\n<script type=\"application\/ld+json\" class=\"yoast-schema-graph\">{\"@context\":\"https:\/\/schema.org\",\"@graph\":[{\"@type\":\"WebPage\",\"@id\":\"https:\/\/www.lopezgil.com\/en\/aesthetic-dermatology-barcelona\/eye-bags-and-dark-circles\/\",\"url\":\"https:\/\/www.lopezgil.com\/en\/aesthetic-dermatology-barcelona\/eye-bags-and-dark-circles\/\",\"name\":\"Eye bags and dark circles | Dr. Lopez Gil | Cl\u00ednica Teknon Barcelona\",\"isPartOf\":{\"@id\":\"https:\/\/www.lopezgil.com\/#website\"},\"datePublished\":\"2016-06-16T09:53:47+00:00\",\"dateModified\":\"2019-12-06T16:55:31+00:00\",\"description\":\"All you have to know to eliminate bags and dark circles. Its causes and the best treatments applied by our team of medical specialists\",\"breadcrumb\":{\"@id\":\"https:\/\/www.lopezgil.com\/en\/aesthetic-dermatology-barcelona\/eye-bags-and-dark-circles\/#breadcrumb\"},\"inLanguage\":\"en-US\",\"potentialAction\":[{\"@type\":\"ReadAction\",\"target\":[\"https:\/\/www.lopezgil.com\/en\/aesthetic-dermatology-barcelona\/eye-bags-and-dark-circles\/\"]}]},{\"@type\":\"BreadcrumbList\",\"@id\":\"https:\/\/www.lopezgil.com\/en\/aesthetic-dermatology-barcelona\/eye-bags-and-dark-circles\/#breadcrumb\",\"itemListElement\":[{\"@type\":\"ListItem\",\"position\":1,\"name\":\"Portada\",\"item\":\"https:\/\/www.lopezgil.com\/en\/\"},{\"@type\":\"ListItem\",\"position\":2,\"name\":\"Aesthetic dermatology\",\"item\":\"https:\/\/www.lopezgil.com\/en\/aesthetic-dermatology-barcelona\/\"},{\"@type\":\"ListItem\",\"position\":3,\"name\":\"Eye bags and dark circles\"}]},{\"@type\":\"WebSite\",\"@id\":\"https:\/\/www.lopezgil.com\/#website\",\"url\":\"https:\/\/www.lopezgil.com\/\",\"name\":\"Dr. Lopez Gil\",\"description\":\"Dermat\u00f3logo Barcelona\",\"potentialAction\":[{\"@type\":\"SearchAction\",\"target\":{\"@type\":\"EntryPoint\",\"urlTemplate\":\"https:\/\/www.lopezgil.com\/?s={search_term_string}\"},\"query-input\":\"required name=search_term_string\"}],\"inLanguage\":\"en-US\"}]}<\/script>\n<!-- \/ Yoast SEO plugin. -->","yoast_head_json":{"title":"Eye bags and dark circles | Dr. Lopez Gil | Cl\u00ednica Teknon Barcelona","description":"All you have to know to eliminate bags and dark circles. Its causes and the best treatments applied by our team of medical specialists","robots":{"index":"index","follow":"follow","max-snippet":"max-snippet:-1","max-image-preview":"max-image-preview:large","max-video-preview":"max-video-preview:-1"},"canonical":"https:\/\/www.lopezgil.com\/en\/aesthetic-dermatology-barcelona\/eye-bags-and-dark-circles\/","og_locale":"en_US","og_type":"article","og_title":"Eye bags and dark circles | Dr. Lopez Gil | Cl\u00ednica Teknon Barcelona","og_description":"All you have to know to eliminate bags and dark circles. Its causes and the best treatments applied by our team of medical specialists","og_url":"https:\/\/www.lopezgil.com\/en\/aesthetic-dermatology-barcelona\/eye-bags-and-dark-circles\/","og_site_name":"Dr. Lopez Gil","article_modified_time":"2019-12-06T16:55:31+00:00","twitter_card":"summary_large_image","twitter_misc":{"Est. reading time":"4 minutes"},"schema":{"@context":"https:\/\/schema.org","@graph":[{"@type":"WebPage","@id":"https:\/\/www.lopezgil.com\/en\/aesthetic-dermatology-barcelona\/eye-bags-and-dark-circles\/","url":"https:\/\/www.lopezgil.com\/en\/aesthetic-dermatology-barcelona\/eye-bags-and-dark-circles\/","name":"Eye bags and dark circles | Dr. Lopez Gil | Cl\u00ednica Teknon Barcelona","isPartOf":{"@id":"https:\/\/www.lopezgil.com\/#website"},"datePublished":"2016-06-16T09:53:47+00:00","dateModified":"2019-12-06T16:55:31+00:00","description":"All you have to know to eliminate bags and dark circles. Its causes and the best treatments applied by our team of medical specialists","breadcrumb":{"@id":"https:\/\/www.lopezgil.com\/en\/aesthetic-dermatology-barcelona\/eye-bags-and-dark-circles\/#breadcrumb"},"inLanguage":"en-US","potentialAction":[{"@type":"ReadAction","target":["https:\/\/www.lopezgil.com\/en\/aesthetic-dermatology-barcelona\/eye-bags-and-dark-circles\/"]}]},{"@type":"BreadcrumbList","@id":"https:\/\/www.lopezgil.com\/en\/aesthetic-dermatology-barcelona\/eye-bags-and-dark-circles\/#breadcrumb","itemListElement":[{"@type":"ListItem","position":1,"name":"Portada","item":"https:\/\/www.lopezgil.com\/en\/"},{"@type":"ListItem","position":2,"name":"Aesthetic dermatology","item":"https:\/\/www.lopezgil.com\/en\/aesthetic-dermatology-barcelona\/"},{"@type":"ListItem","position":3,"name":"Eye bags and dark circles"}]},{"@type":"WebSite","@id":"https:\/\/www.lopezgil.com\/#website","url":"https:\/\/www.lopezgil.com\/","name":"Dr. Lopez Gil","description":"Dermat\u00f3logo Barcelona","potentialAction":[{"@type":"SearchAction","target":{"@type":"EntryPoint","urlTemplate":"https:\/\/www.lopezgil.com\/?s={search_term_string}"},"query-input":"required name=search_term_string"}],"inLanguage":"en-US"}]}},"_links":{"self":[{"href":"https:\/\/www.lopezgil.com\/en\/wp-json\/wp\/v2\/pages\/2927","targetHints":{"allow":["GET"]}}],"collection":[{"href":"https:\/\/www.lopezgil.com\/en\/wp-json\/wp\/v2\/pages"}],"about":[{"href":"https:\/\/www.lopezgil.com\/en\/wp-json\/wp\/v2\/types\/page"}],"author":[{"embeddable":true,"href":"https:\/\/www.lopezgil.com\/en\/wp-json\/wp\/v2\/users\/5"}],"replies":[{"embeddable":true,"href":"https:\/\/www.lopezgil.com\/en\/wp-json\/wp\/v2\/comments?post=2927"}],"version-history":[{"count":3,"href":"https:\/\/www.lopezgil.com\/en\/wp-json\/wp\/v2\/pages\/2927\/revisions"}],"predecessor-version":[{"id":4897,"href":"https:\/\/www.lopezgil.com\/en\/wp-json\/wp\/v2\/pages\/2927\/revisions\/4897"}],"up":[{"embeddable":true,"href":"https:\/\/www.lopezgil.com\/en\/wp-json\/wp\/v2\/pages\/2919"}],"wp:attachment":[{"href":"https:\/\/www.lopezgil.com\/en\/wp-json\/wp\/v2\/media?parent=2927"}],"curies":[{"name":"wp","href":"https:\/\/api.w.org\/{rel}","templated":true}]}}